{"id":77318,"date":"2026-04-29T00:38:16","date_gmt":"2026-04-28T21:38:16","guid":{"rendered":"https:\/\/www.malinashop.lt\/shop\/laq-veido-kremas-2in1-big-bull-stipraus-vyro-kasdienybe\/"},"modified":"2026-05-02T21:35:46","modified_gmt":"2026-05-02T18:35:46","slug":"laq-veido-kremas-2in1-big-bull-stipraus-vyro-kasdienybe","status":"publish","type":"product","link":"https:\/\/www.malinashop.lt\/en\/shop\/laq-veido-kremas-2in1-big-bull-stipraus-vyro-kasdienybe\/","title":{"rendered":"Laq Veido kremas 2in1 BIG BULL \u2013 Stipraus vyro kasdienyb\u0117"},"content":{"rendered":"<p><em>EN: BIG BULL | PL: KAWA\u0141 BYKA<\/em><\/p>\n<p>Byk nebijo r\u016bpintis savimi. Laq veido kremas 2in1 BIG BULL \u2013 tikros galios formul\u0117 su a\u0161traus vyri\u0161ko aromato natomis. Ramina po skutimosi, dr\u0117kina vis\u0105 dien\u0105, regeneruoja od\u0105.<\/p>\n<p><strong>Aromato natos:<\/strong><\/p>\n<ul>\n<li>Vir\u0161utin\u0117s: juodasis pipiras, kedras, pimentas, bergamotas<\/li>\n<li>\u0160irdies: levanda, gvazdik\u0117liai, pa\u010diul\u0117, verbena<\/li>\n<li>Bazin\u0117s: kedras, gvajakas, smilkalai, tonkos pupel\u0117, ambra<\/li>\n<\/ul>\n<p><strong>Aktyvios sudedamosios dalys:<\/strong><\/p>\n<ul>\n<li>\u2714 Pantenolis \u2013 ramina po skutimosi<\/li>\n<li>\u2714 Augaliniai kvie\u010di\u0173, kukur\u016bz\u0173, sojos baltymai \u2013 regeneruoja od\u0105<\/li>\n<li>\u2714 Fermentuotas ridik\u0117lio ekstraktas \u2013 saugo odos barjer\u0105<\/li>\n<li>\u2714 Augaliniai ekstraktai \u2013 antioksidantai<\/li>\n<\/ul>\n<p>Vegani\u0161kas. Dermatologi\u0161kai testuotas. 150ml.<\/p>\n<p><strong>Sud\u0117tis (INCI):<\/strong> Aqua, Isopropyl Myristate, Ricinus Communis Seed Oil, Polyglyceryl-6 Stearate, Citrullus Lanatus Seed Oil, Isoamyl Laurate, Panthenol, Glyceryl Stearate, Cetearyl Alcohol, Eleutherococcus Senticosus Root Extract, Galium Aparine Extract, Equisetum Arvense Leaf Extract, Arctium Lappa Root Extract, Hydrolyzed Corn Protein, Hydrolyzed Wheat Protein, Hydrolyzed Soy Protein, Enteromorpha Compressa Extract, Silybum Marianum Fruit Extract, Ocimum Sanctum Leaf Extract, Leuconostoc\/Radish Root Ferment Filtrate, Tocopherol, Helianthus Annuus Seed Oil, Sodium Gluconate, Xanthan Gum, Hydrolyzed Caesalpinia Spinosa Gum, Caesalpinia Spinosa Gum, Propanediol, Glycerin, Polyglyceryl-6 Behenate, Citric Acid, Phenoxyethanol, Ethylhexylglycerin, Sodium Benzoate, Potassium Sorbate, Parfum, Beta-Caryophyllene, Coumarin, Eugenia Caryophyllus Oil, Eugenol, Geraniol, Hexamethylindanopyran, Hexyl Cinnamal, Isoeugenyl Acetate, Limonene, Linalool, Linalyl Acetate, Pinene, Pogostemon Cablin Oil, Tetramethyl Acetyloctahydronaphthalenes, Vanillin<\/p>\n","protected":false},"excerpt":{"rendered":"<p>Nat\u016bralus vegani\u0161kas veido kremas 2in1 po skutimosi. Dr\u0117kina, regeneruoja od\u0105. Juodojo pipiro, kedro, ambros aromatas. Augaliniai baltymai. 150ml.<\/p>\n","protected":false},"featured_media":77317,"template":"","meta":[],"product_brand":[],"product_cat":[1687],"product_tag":[],"class_list":{"0":"post-77318","1":"product","2":"type-product","3":"status-publish","4":"has-post-thumbnail","6":"product_cat-vyrams","8":"first","9":"instock","10":"taxable","11":"shipping-taxable","12":"product-type-simple"},"yoast_head":"<!-- This site is optimized with the Yoast SEO plugin v27.5 - https:\/\/yoast.com\/product\/yoast-seo-wordpress\/ -->\n<title>Laq Veido kremas 2in1 BIG BULL \u2013 Stipraus vyro kasdienyb\u0117 - MalinaShop.lt J\u016bs\u0173 sveikatai ir gro\u017eiui.<\/title>\n<meta name=\"description\" content=\"Nat\u016bralus vegani\u0161kas veido kremas 2in1 po skutimosi. Dr\u0117kina, regeneruoja od\u0105. Juodojo pipiro, kedro, ambros aromatas. Augaliniai baltymai. 150ml.\" \/>\n<meta name=\"robots\" content=\"index, follow, max-snippet:-1, max-image-preview:large, max-video-preview:-1\" \/>\n<link rel=\"canonical\" href=\"https:\/\/www.malinashop.lt\/en\/shop\/laq-veido-kremas-2in1-big-bull-stipraus-vyro-kasdienybe\/\" \/>\n<meta property=\"og:locale\" content=\"en_GB\" \/>\n<meta property=\"og:type\" content=\"article\" \/>\n<meta property=\"og:title\" content=\"Laq Veido kremas 2in1 BIG BULL \u2013 Stipraus vyro kasdienyb\u0117 - MalinaShop.lt J\u016bs\u0173 sveikatai ir gro\u017eiui.\" \/>\n<meta property=\"og:description\" content=\"Nat\u016bralus vegani\u0161kas veido kremas 2in1 po skutimosi. Dr\u0117kina, regeneruoja od\u0105. Juodojo pipiro, kedro, ambros aromatas. Augaliniai baltymai. 150ml.\" \/>\n<meta property=\"og:url\" content=\"https:\/\/www.malinashop.lt\/en\/shop\/laq-veido-kremas-2in1-big-bull-stipraus-vyro-kasdienybe\/\" \/>\n<meta property=\"og:site_name\" content=\"MalinaShop.lt J\u016bs\u0173 sveikatai ir gro\u017eiui.\" \/>\n<meta property=\"article:modified_time\" content=\"2026-05-02T18:35:46+00:00\" \/>\n<meta property=\"og:image\" content=\"https:\/\/www.malinashop.lt\/wp-content\/uploads\/2026\/04\/LaQ_Krem_150m-Byk-wycentrowany-726x726-1.jpg\" \/>\n\t<meta property=\"og:image:width\" content=\"726\" \/>\n\t<meta property=\"og:image:height\" content=\"726\" \/>\n\t<meta property=\"og:image:type\" content=\"image\/jpeg\" \/>\n<meta name=\"twitter:card\" content=\"summary_large_image\" \/>\n<script type=\"application\/ld+json\" class=\"yoast-schema-graph\">{\"@context\":\"https:\\\/\\\/schema.org\",\"@graph\":[{\"@type\":\"WebPage\",\"@id\":\"https:\\\/\\\/www.malinashop.lt\\\/shop\\\/laq-veido-kremas-2in1-big-bull-stipraus-vyro-kasdienybe\\\/\",\"url\":\"https:\\\/\\\/www.malinashop.lt\\\/shop\\\/laq-veido-kremas-2in1-big-bull-stipraus-vyro-kasdienybe\\\/\",\"name\":\"Laq Veido kremas 2in1 BIG BULL \u2013 Stipraus vyro kasdienyb\u0117 - MalinaShop.lt J\u016bs\u0173 sveikatai ir gro\u017eiui.\",\"isPartOf\":{\"@id\":\"https:\\\/\\\/www.malinashop.lt\\\/#website\"},\"primaryImageOfPage\":{\"@id\":\"https:\\\/\\\/www.malinashop.lt\\\/shop\\\/laq-veido-kremas-2in1-big-bull-stipraus-vyro-kasdienybe\\\/#primaryimage\"},\"image\":{\"@id\":\"https:\\\/\\\/www.malinashop.lt\\\/shop\\\/laq-veido-kremas-2in1-big-bull-stipraus-vyro-kasdienybe\\\/#primaryimage\"},\"thumbnailUrl\":\"https:\\\/\\\/www.malinashop.lt\\\/wp-content\\\/uploads\\\/2026\\\/04\\\/LaQ_Krem_150m-Byk-wycentrowany-726x726-1.jpg\",\"datePublished\":\"2026-04-28T21:38:16+00:00\",\"dateModified\":\"2026-05-02T18:35:46+00:00\",\"description\":\"Nat\u016bralus vegani\u0161kas veido kremas 2in1 po skutimosi. Dr\u0117kina, regeneruoja od\u0105. Juodojo pipiro, kedro, ambros aromatas. Augaliniai baltymai. 150ml.\",\"breadcrumb\":{\"@id\":\"https:\\\/\\\/www.malinashop.lt\\\/shop\\\/laq-veido-kremas-2in1-big-bull-stipraus-vyro-kasdienybe\\\/#breadcrumb\"},\"inLanguage\":\"en-GB\",\"potentialAction\":[{\"@type\":\"ReadAction\",\"target\":[\"https:\\\/\\\/www.malinashop.lt\\\/shop\\\/laq-veido-kremas-2in1-big-bull-stipraus-vyro-kasdienybe\\\/\"]}]},{\"@type\":\"ImageObject\",\"inLanguage\":\"en-GB\",\"@id\":\"https:\\\/\\\/www.malinashop.lt\\\/shop\\\/laq-veido-kremas-2in1-big-bull-stipraus-vyro-kasdienybe\\\/#primaryimage\",\"url\":\"https:\\\/\\\/www.malinashop.lt\\\/wp-content\\\/uploads\\\/2026\\\/04\\\/LaQ_Krem_150m-Byk-wycentrowany-726x726-1.jpg\",\"contentUrl\":\"https:\\\/\\\/www.malinashop.lt\\\/wp-content\\\/uploads\\\/2026\\\/04\\\/LaQ_Krem_150m-Byk-wycentrowany-726x726-1.jpg\",\"width\":726,\"height\":726},{\"@type\":\"BreadcrumbList\",\"@id\":\"https:\\\/\\\/www.malinashop.lt\\\/shop\\\/laq-veido-kremas-2in1-big-bull-stipraus-vyro-kasdienybe\\\/#breadcrumb\",\"itemListElement\":[{\"@type\":\"ListItem\",\"position\":1,\"name\":\"Pagrindinis\",\"item\":\"https:\\\/\\\/www.malinashop.lt\\\/\"},{\"@type\":\"ListItem\",\"position\":2,\"name\":\"Parduotuv\u0117\",\"item\":\"https:\\\/\\\/www.malinashop.lt\\\/en\\\/parduotuve\\\/\"},{\"@type\":\"ListItem\",\"position\":3,\"name\":\"Laq Veido kremas 2in1 BIG BULL \u2013 Stipraus vyro kasdienyb\u0117\"}]},{\"@type\":\"WebSite\",\"@id\":\"https:\\\/\\\/www.malinashop.lt\\\/#website\",\"url\":\"https:\\\/\\\/www.malinashop.lt\\\/\",\"name\":\"COM Group Ecommerce\",\"description\":\"MalinaShop.lt - Gro\u017eio ir sveikatos produktai i\u0161 patikim\u0173 preki\u0173 \u017eenkl\u0173. Atraskite auk\u0161tos kokyb\u0117s kosmetik\u0105 u\u017e puiki\u0105 kain\u0105.\",\"publisher\":{\"@id\":\"https:\\\/\\\/www.malinashop.lt\\\/#organization\"},\"potentialAction\":[{\"@type\":\"SearchAction\",\"target\":{\"@type\":\"EntryPoint\",\"urlTemplate\":\"https:\\\/\\\/www.malinashop.lt\\\/?s={search_term_string}\"},\"query-input\":{\"@type\":\"PropertyValueSpecification\",\"valueRequired\":true,\"valueName\":\"search_term_string\"}}],\"inLanguage\":\"en-GB\"},{\"@type\":\"Organization\",\"@id\":\"https:\\\/\\\/www.malinashop.lt\\\/#organization\",\"name\":\"COM Group Ecommerce\",\"url\":\"https:\\\/\\\/www.malinashop.lt\\\/\",\"logo\":{\"@type\":\"ImageObject\",\"inLanguage\":\"en-GB\",\"@id\":\"https:\\\/\\\/www.malinashop.lt\\\/#\\\/schema\\\/logo\\\/image\\\/\",\"url\":\"https:\\\/\\\/www.malinashop.lt\\\/wp-content\\\/uploads\\\/2024\\\/08\\\/462559670_3787732518133670_9795632669273463_n-e1731525914575.png\",\"contentUrl\":\"https:\\\/\\\/www.malinashop.lt\\\/wp-content\\\/uploads\\\/2024\\\/08\\\/462559670_3787732518133670_9795632669273463_n-e1731525914575.png\",\"width\":180,\"height\":60,\"caption\":\"COM Group Ecommerce\"},\"image\":{\"@id\":\"https:\\\/\\\/www.malinashop.lt\\\/#\\\/schema\\\/logo\\\/image\\\/\"}}]}<\/script>\n<!-- \/ Yoast SEO plugin. -->","yoast_head_json":{"title":"Laq Veido kremas 2in1 BIG BULL \u2013 Stipraus vyro kasdienyb\u0117 - MalinaShop.lt J\u016bs\u0173 sveikatai ir gro\u017eiui.","description":"Nat\u016bralus vegani\u0161kas veido kremas 2in1 po skutimosi. Dr\u0117kina, regeneruoja od\u0105. Juodojo pipiro, kedro, ambros aromatas. Augaliniai baltymai. 150ml.","robots":{"index":"index","follow":"follow","max-snippet":"max-snippet:-1","max-image-preview":"max-image-preview:large","max-video-preview":"max-video-preview:-1"},"canonical":"https:\/\/www.malinashop.lt\/en\/shop\/laq-veido-kremas-2in1-big-bull-stipraus-vyro-kasdienybe\/","og_locale":"en_GB","og_type":"article","og_title":"Laq Veido kremas 2in1 BIG BULL \u2013 Stipraus vyro kasdienyb\u0117 - MalinaShop.lt J\u016bs\u0173 sveikatai ir gro\u017eiui.","og_description":"Nat\u016bralus vegani\u0161kas veido kremas 2in1 po skutimosi. Dr\u0117kina, regeneruoja od\u0105. Juodojo pipiro, kedro, ambros aromatas. Augaliniai baltymai. 150ml.","og_url":"https:\/\/www.malinashop.lt\/en\/shop\/laq-veido-kremas-2in1-big-bull-stipraus-vyro-kasdienybe\/","og_site_name":"MalinaShop.lt J\u016bs\u0173 sveikatai ir gro\u017eiui.","article_modified_time":"2026-05-02T18:35:46+00:00","og_image":[{"width":726,"height":726,"url":"https:\/\/www.malinashop.lt\/wp-content\/uploads\/2026\/04\/LaQ_Krem_150m-Byk-wycentrowany-726x726-1.jpg","type":"image\/jpeg"}],"twitter_card":"summary_large_image","schema":{"@context":"https:\/\/schema.org","@graph":[{"@type":"WebPage","@id":"https:\/\/www.malinashop.lt\/shop\/laq-veido-kremas-2in1-big-bull-stipraus-vyro-kasdienybe\/","url":"https:\/\/www.malinashop.lt\/shop\/laq-veido-kremas-2in1-big-bull-stipraus-vyro-kasdienybe\/","name":"Laq Veido kremas 2in1 BIG BULL \u2013 Stipraus vyro kasdienyb\u0117 - MalinaShop.lt J\u016bs\u0173 sveikatai ir gro\u017eiui.","isPartOf":{"@id":"https:\/\/www.malinashop.lt\/#website"},"primaryImageOfPage":{"@id":"https:\/\/www.malinashop.lt\/shop\/laq-veido-kremas-2in1-big-bull-stipraus-vyro-kasdienybe\/#primaryimage"},"image":{"@id":"https:\/\/www.malinashop.lt\/shop\/laq-veido-kremas-2in1-big-bull-stipraus-vyro-kasdienybe\/#primaryimage"},"thumbnailUrl":"https:\/\/www.malinashop.lt\/wp-content\/uploads\/2026\/04\/LaQ_Krem_150m-Byk-wycentrowany-726x726-1.jpg","datePublished":"2026-04-28T21:38:16+00:00","dateModified":"2026-05-02T18:35:46+00:00","description":"Nat\u016bralus vegani\u0161kas veido kremas 2in1 po skutimosi. Dr\u0117kina, regeneruoja od\u0105. Juodojo pipiro, kedro, ambros aromatas. Augaliniai baltymai. 150ml.","breadcrumb":{"@id":"https:\/\/www.malinashop.lt\/shop\/laq-veido-kremas-2in1-big-bull-stipraus-vyro-kasdienybe\/#breadcrumb"},"inLanguage":"en-GB","potentialAction":[{"@type":"ReadAction","target":["https:\/\/www.malinashop.lt\/shop\/laq-veido-kremas-2in1-big-bull-stipraus-vyro-kasdienybe\/"]}]},{"@type":"ImageObject","inLanguage":"en-GB","@id":"https:\/\/www.malinashop.lt\/shop\/laq-veido-kremas-2in1-big-bull-stipraus-vyro-kasdienybe\/#primaryimage","url":"https:\/\/www.malinashop.lt\/wp-content\/uploads\/2026\/04\/LaQ_Krem_150m-Byk-wycentrowany-726x726-1.jpg","contentUrl":"https:\/\/www.malinashop.lt\/wp-content\/uploads\/2026\/04\/LaQ_Krem_150m-Byk-wycentrowany-726x726-1.jpg","width":726,"height":726},{"@type":"BreadcrumbList","@id":"https:\/\/www.malinashop.lt\/shop\/laq-veido-kremas-2in1-big-bull-stipraus-vyro-kasdienybe\/#breadcrumb","itemListElement":[{"@type":"ListItem","position":1,"name":"Pagrindinis","item":"https:\/\/www.malinashop.lt\/"},{"@type":"ListItem","position":2,"name":"Parduotuv\u0117","item":"https:\/\/www.malinashop.lt\/en\/parduotuve\/"},{"@type":"ListItem","position":3,"name":"Laq Veido kremas 2in1 BIG BULL \u2013 Stipraus vyro kasdienyb\u0117"}]},{"@type":"WebSite","@id":"https:\/\/www.malinashop.lt\/#website","url":"https:\/\/www.malinashop.lt\/","name":"COM Group Ecommerce","description":"MalinaShop.lt - Gro\u017eio ir sveikatos produktai i\u0161 patikim\u0173 preki\u0173 \u017eenkl\u0173. Atraskite auk\u0161tos kokyb\u0117s kosmetik\u0105 u\u017e puiki\u0105 kain\u0105.","publisher":{"@id":"https:\/\/www.malinashop.lt\/#organization"},"potentialAction":[{"@type":"SearchAction","target":{"@type":"EntryPoint","urlTemplate":"https:\/\/www.malinashop.lt\/?s={search_term_string}"},"query-input":{"@type":"PropertyValueSpecification","valueRequired":true,"valueName":"search_term_string"}}],"inLanguage":"en-GB"},{"@type":"Organization","@id":"https:\/\/www.malinashop.lt\/#organization","name":"COM Group Ecommerce","url":"https:\/\/www.malinashop.lt\/","logo":{"@type":"ImageObject","inLanguage":"en-GB","@id":"https:\/\/www.malinashop.lt\/#\/schema\/logo\/image\/","url":"https:\/\/www.malinashop.lt\/wp-content\/uploads\/2024\/08\/462559670_3787732518133670_9795632669273463_n-e1731525914575.png","contentUrl":"https:\/\/www.malinashop.lt\/wp-content\/uploads\/2024\/08\/462559670_3787732518133670_9795632669273463_n-e1731525914575.png","width":180,"height":60,"caption":"COM Group Ecommerce"},"image":{"@id":"https:\/\/www.malinashop.lt\/#\/schema\/logo\/image\/"}}]}},"jetpack_sharing_enabled":true,"_links":{"self":[{"href":"https:\/\/www.malinashop.lt\/en\/wp-json\/wp\/v2\/product\/77318","targetHints":{"allow":["GET"]}}],"collection":[{"href":"https:\/\/www.malinashop.lt\/en\/wp-json\/wp\/v2\/product"}],"about":[{"href":"https:\/\/www.malinashop.lt\/en\/wp-json\/wp\/v2\/types\/product"}],"version-history":[{"count":1,"href":"https:\/\/www.malinashop.lt\/en\/wp-json\/wp\/v2\/product\/77318\/revisions"}],"predecessor-version":[{"id":77945,"href":"https:\/\/www.malinashop.lt\/en\/wp-json\/wp\/v2\/product\/77318\/revisions\/77945"}],"wp:featuredmedia":[{"embeddable":true,"href":"https:\/\/www.malinashop.lt\/en\/wp-json\/wp\/v2\/media\/77317"}],"wp:attachment":[{"href":"https:\/\/www.malinashop.lt\/en\/wp-json\/wp\/v2\/media?parent=77318"}],"wp:term":[{"taxonomy":"product_brand","embeddable":true,"href":"https:\/\/www.malinashop.lt\/en\/wp-json\/wp\/v2\/product_brand?post=77318"},{"taxonomy":"product_cat","embeddable":true,"href":"https:\/\/www.malinashop.lt\/en\/wp-json\/wp\/v2\/product_cat?post=77318"},{"taxonomy":"product_tag","embeddable":true,"href":"https:\/\/www.malinashop.lt\/en\/wp-json\/wp\/v2\/product_tag?post=77318"}],"curies":[{"name":"wp","href":"https:\/\/api.w.org\/{rel}","templated":true}]}}