{"id":76530,"date":"2026-02-07T22:54:50","date_gmt":"2026-02-07T19:54:50","guid":{"rendered":"https:\/\/malinashop.lt\/shop\/beauty-of-joseon-apsauginis-kremas-nuo-saules-relief-sun-aqua-fresh-spf50\/"},"modified":"2026-04-08T11:51:56","modified_gmt":"2026-04-08T08:51:56","slug":"beauty-of-joseon-apsauginis-kremas-nuo-saules-relief-sun-aqua-fresh-spf50","status":"publish","type":"product","link":"https:\/\/www.malinashop.lt\/en\/shop\/beauty-of-joseon-apsauginis-kremas-nuo-saules-relief-sun-aqua-fresh-spf50\/","title":{"rendered":"Beauty of Joseon apsauginis kremas nuo saul\u0117s Relief Sun Aqua-Fresh SPF50"},"content":{"rendered":"<h4 data-path-to-node=\"2\"><b data-path-to-node=\"2\" data-index-in-node=\"0\">Beauty of Joseon Relief Sun: Aqua-fresh SPF50+ PA++++ (50 ml)<\/b><\/h4>\n<p data-path-to-node=\"3\"><b data-path-to-node=\"3\" data-index-in-node=\"0\">Beauty of Joseon Relief Sun Aqua-fresh<\/b> \u2013 tai lengvesn\u0117, vandens pagrindo versija kultiniam prek\u0117s \u017eenklo apsauginiam kremui. \u0160is SPF sukurtas specialiai tiems, kurie ie\u0161ko itin lengvos tekst\u016bros, neapkraunan\u010dios odos, ta\u010diau u\u017etikrinan\u010dios maksimali\u0105 apsaug\u0105 nuo UVA ir UVB spinduli\u0173.<\/p>\n<p data-path-to-node=\"4\"><b data-path-to-node=\"4\" data-index-in-node=\"0\">Pagrindin\u0117s veikliosios med\u017eiagos:<\/b><\/p>\n<ul data-path-to-node=\"5\">\n<li>\n<p data-path-to-node=\"5,0,0\"><b data-path-to-node=\"5,0,0\" data-index-in-node=\"0\">Ry\u017ei\u0173 s\u0117kl\u0173 vanduo:<\/b> giliai dr\u0117kina ir ramina od\u0105, suteikdamas jai sveik\u0105, tolyg\u0173 atspalv\u012f ir \u0161velnum\u0105.<\/p>\n<\/li>\n<li>\n<p data-path-to-node=\"5,1,0\"><b data-path-to-node=\"5,1,0\" data-index-in-node=\"0\">Pantenolis (Vitaminas B5):<\/b> pasi\u017eymi stipriu raminamuoju poveikiu, padeda atkurti odos dr\u0117gm\u0117s balans\u0105 ir stiprina apsaugin\u012f barjer\u0105.<\/p>\n<\/li>\n<li>\n<p data-path-to-node=\"5,2,0\"><b data-path-to-node=\"5,2,0\" data-index-in-node=\"0\">Modern\u016bs cheminiai filtrai:<\/b> u\u017etikrina auk\u0161t\u0105 SPF50+ PA++++ apsaug\u0105, i\u0161likdami visi\u0161kai nepastebimi ant odos.<\/p>\n<\/li>\n<\/ul>\n<p data-path-to-node=\"6\"><b data-path-to-node=\"6\" data-index-in-node=\"0\">Kod\u0117l verta rinktis \u201eAqua-fresh\u201c versij\u0105?<\/b> \u0160io kremo konsistencija primena lengv\u0105 dr\u0117kinam\u0105j\u012f losjon\u0105, kuris akimirksniu susigeria ir nepalieka jokio lipnumo ar balto sluoksnio. Tai idealus pasirinkimas kar\u0161toms vasaros dienoms arba kaip dr\u0117kinantis pagrindas po makia\u017eu. Oda po naudojimo jau\u010diasi gaivi, neapsunkinta ir nat\u016braliai spindinti.<\/p>\n<p data-path-to-node=\"7\"><b data-path-to-node=\"7\" data-index-in-node=\"0\">Naudojimas:<\/b> Kaip paskutin\u012f rytin\u0117s rutinos \u017eingsn\u012f, tolygiai paskirstykite reikiam\u0105 kiek\u012f kremo ant veido, kaklo ir dekolte zonos. Naudokite likus 15\u201320 minu\u010di\u0173 iki i\u0161\u0117jimo \u012f lauk\u0105.<\/p>\n<hr data-path-to-node=\"8\" \/>\n<p data-path-to-node=\"9\"><b data-path-to-node=\"9\" data-index-in-node=\"0\">Talpa:<\/b> 50 ml <b data-path-to-node=\"9\" data-index-in-node=\"13\">Odos tipas:<\/b> Idealiai tinka mi\u0161riai ir riebiai odai, taip pat visiems, m\u0117gstantiems lengvas tekst\u016bras.<\/p>\n<h3>Sud\u0117tis<\/h3>\n<div class=\"product-details__block\">\n<div id=\"panel-2\" tabindex=\"0\" role=\"tabpanel\" aria-labelledby=\"tab-2\">\n<div class=\"rte\">\n<p><span class=\"metafield-multi_line_text_field\">Water, Oryza Sativa (Rice) Seed Water, Dibutyl Adipate, Butyloctyl Salicylate, Ethylhexyl Triazone, Drometrizole Trisiloxane, Polyglyceryl-3 Distearate, Terephthalylidene Dicamphor Sulfonic Acid, Diethylamino Hydroxybenzoyl Hexyl Benzoate, Polymethylsilsesquioxane, Tromethamine, 1,2-Hexanediol, Panthenol, Pentylene Glycol, Glyceryl Stearate, Silica, Caprylyl Methicone, Bis-Ethylhexyloxyphenol Methoxyphenyl Triazine, Propanediol, Potassium Cetyl Phosphate, Poly C10-30 Alkyl Acrylate, Methylpropanediol, Carbomer, Acrylates\/C10-30 Alkyl Acrylate Crosspolymer, Ethylhexylglycerin, Xanthan Gum, Glycerin, Polyether-1, Avena Sativa (Oat) Kernel Extract, Cynara Scolymus (Artichoke) Leaf Extract, Polyquaternium-51, Camellia Sinensis Leaf Water, Hydrogenated Lecithin, Beta-Glucan, Biosaccharide Gum-1, Inositol, Tocopherol, Ferulic Acid, Oryza Sativa (Rice) Bran Oil, Citric Acid, Ceramide NP, Phytosphingosine, Sodium Hyaluronate, Rice Amino Acids, Rice sh-Oligopeptide-1<\/span><\/p>\n<\/div>\n<\/div>\n<\/div>\n","protected":false},"excerpt":{"rendered":"<p>Beauty of Joseon lengvas losjono konsistencijos apsauginis kremas nuo saul\u0117s SPF50 PA++++ su ry\u017ei\u0173 s\u0117kl\u0173 vandeniu ir pantenoliu. Netinka jautriai odai. 50ml.<\/p>\n","protected":false},"featured_media":76529,"template":"","meta":[],"product_brand":[1360],"product_cat":[772,731,728],"product_tag":[],"class_list":{"0":"post-76530","1":"product","2":"type-product","3":"status-publish","4":"has-post-thumbnail","6":"product_brand-beauty-of-joseon","7":"product_cat-apsauga-nuo-saules","8":"product_cat-kunui","9":"product_cat-veidui","11":"first","12":"outofstock","13":"taxable","14":"shipping-taxable","15":"purchasable","16":"product-type-simple"},"yoast_head":"<!-- This site is optimized with the Yoast SEO plugin v27.4 - https:\/\/yoast.com\/product\/yoast-seo-wordpress\/ -->\n<title>Beauty of Joseon apsauginis kremas nuo saul\u0117s Relief Sun Aqua-Fresh SPF50 - MalinaShop.lt J\u016bs\u0173 sveikatai ir gro\u017eiui.<\/title>\n<meta name=\"description\" content=\"Beauty of Joseon Relief Sun Aqua-Fresh SPF50 \u2013 lengvas losjono tipo saul\u0117s kremas. Be balt\u0173 liku\u010di\u0173. Mi\u0161riai odai. 50ml.\" \/>\n<meta name=\"robots\" content=\"index, follow, max-snippet:-1, max-image-preview:large, max-video-preview:-1\" \/>\n<link rel=\"canonical\" href=\"https:\/\/www.malinashop.lt\/en\/shop\/beauty-of-joseon-apsauginis-kremas-nuo-saules-relief-sun-aqua-fresh-spf50\/\" \/>\n<meta property=\"og:locale\" content=\"en_GB\" \/>\n<meta property=\"og:type\" content=\"article\" \/>\n<meta property=\"og:title\" content=\"Beauty of Joseon apsauginis kremas nuo saul\u0117s Relief Sun Aqua-Fresh SPF50 - MalinaShop.lt J\u016bs\u0173 sveikatai ir gro\u017eiui.\" \/>\n<meta property=\"og:description\" content=\"Beauty of Joseon Relief Sun Aqua-Fresh SPF50 \u2013 lengvas losjono tipo saul\u0117s kremas. Be balt\u0173 liku\u010di\u0173. Mi\u0161riai odai. 50ml.\" \/>\n<meta property=\"og:url\" content=\"https:\/\/www.malinashop.lt\/en\/shop\/beauty-of-joseon-apsauginis-kremas-nuo-saules-relief-sun-aqua-fresh-spf50\/\" \/>\n<meta property=\"og:site_name\" content=\"MalinaShop.lt J\u016bs\u0173 sveikatai ir gro\u017eiui.\" \/>\n<meta property=\"article:modified_time\" content=\"2026-04-08T08:51:56+00:00\" \/>\n<meta property=\"og:image\" content=\"https:\/\/www.malinashop.lt\/wp-content\/uploads\/2026\/04\/BeautyofJoseonReliefSunAqua-FreshSPF50.png\" \/>\n\t<meta property=\"og:image:width\" content=\"1100\" \/>\n\t<meta property=\"og:image:height\" content=\"1100\" \/>\n\t<meta property=\"og:image:type\" content=\"image\/png\" \/>\n<meta name=\"twitter:card\" content=\"summary_large_image\" \/>\n<script type=\"application\/ld+json\" class=\"yoast-schema-graph\">{\"@context\":\"https:\\\/\\\/schema.org\",\"@graph\":[{\"@type\":\"WebPage\",\"@id\":\"https:\\\/\\\/www.malinashop.lt\\\/lt_lt\\\/shop\\\/beauty-of-joseon-apsauginis-kremas-nuo-saules-relief-sun-aqua-fresh-spf50\\\/\",\"url\":\"https:\\\/\\\/www.malinashop.lt\\\/lt_lt\\\/shop\\\/beauty-of-joseon-apsauginis-kremas-nuo-saules-relief-sun-aqua-fresh-spf50\\\/\",\"name\":\"Beauty of Joseon apsauginis kremas nuo saul\u0117s Relief Sun Aqua-Fresh SPF50 - MalinaShop.lt J\u016bs\u0173 sveikatai ir gro\u017eiui.\",\"isPartOf\":{\"@id\":\"https:\\\/\\\/www.malinashop.lt\\\/en\\\/#website\"},\"primaryImageOfPage\":{\"@id\":\"https:\\\/\\\/www.malinashop.lt\\\/lt_lt\\\/shop\\\/beauty-of-joseon-apsauginis-kremas-nuo-saules-relief-sun-aqua-fresh-spf50\\\/#primaryimage\"},\"image\":{\"@id\":\"https:\\\/\\\/www.malinashop.lt\\\/lt_lt\\\/shop\\\/beauty-of-joseon-apsauginis-kremas-nuo-saules-relief-sun-aqua-fresh-spf50\\\/#primaryimage\"},\"thumbnailUrl\":\"https:\\\/\\\/www.malinashop.lt\\\/wp-content\\\/uploads\\\/2026\\\/04\\\/BeautyofJoseonReliefSunAqua-FreshSPF50.png\",\"datePublished\":\"2026-02-07T19:54:50+00:00\",\"dateModified\":\"2026-04-08T08:51:56+00:00\",\"description\":\"Beauty of Joseon Relief Sun Aqua-Fresh SPF50 \u2013 lengvas losjono tipo saul\u0117s kremas. Be balt\u0173 liku\u010di\u0173. Mi\u0161riai odai. 50ml.\",\"breadcrumb\":{\"@id\":\"https:\\\/\\\/www.malinashop.lt\\\/lt_lt\\\/shop\\\/beauty-of-joseon-apsauginis-kremas-nuo-saules-relief-sun-aqua-fresh-spf50\\\/#breadcrumb\"},\"inLanguage\":\"en-GB\",\"potentialAction\":[{\"@type\":\"ReadAction\",\"target\":[\"https:\\\/\\\/www.malinashop.lt\\\/lt_lt\\\/shop\\\/beauty-of-joseon-apsauginis-kremas-nuo-saules-relief-sun-aqua-fresh-spf50\\\/\"]}]},{\"@type\":\"ImageObject\",\"inLanguage\":\"en-GB\",\"@id\":\"https:\\\/\\\/www.malinashop.lt\\\/lt_lt\\\/shop\\\/beauty-of-joseon-apsauginis-kremas-nuo-saules-relief-sun-aqua-fresh-spf50\\\/#primaryimage\",\"url\":\"https:\\\/\\\/www.malinashop.lt\\\/wp-content\\\/uploads\\\/2026\\\/04\\\/BeautyofJoseonReliefSunAqua-FreshSPF50.png\",\"contentUrl\":\"https:\\\/\\\/www.malinashop.lt\\\/wp-content\\\/uploads\\\/2026\\\/04\\\/BeautyofJoseonReliefSunAqua-FreshSPF50.png\",\"width\":1100,\"height\":1100},{\"@type\":\"BreadcrumbList\",\"@id\":\"https:\\\/\\\/www.malinashop.lt\\\/lt_lt\\\/shop\\\/beauty-of-joseon-apsauginis-kremas-nuo-saules-relief-sun-aqua-fresh-spf50\\\/#breadcrumb\",\"itemListElement\":[{\"@type\":\"ListItem\",\"position\":1,\"name\":\"Home\",\"item\":\"https:\\\/\\\/www.malinashop.lt\\\/en\\\/\"},{\"@type\":\"ListItem\",\"position\":2,\"name\":\"Parduotuv\u0117\",\"item\":\"https:\\\/\\\/www.malinashop.lt\\\/en\\\/parduotuve\\\/\"},{\"@type\":\"ListItem\",\"position\":3,\"name\":\"Beauty of Joseon apsauginis kremas nuo saul\u0117s Relief Sun Aqua-Fresh SPF50\"}]},{\"@type\":\"WebSite\",\"@id\":\"https:\\\/\\\/www.malinashop.lt\\\/en\\\/#website\",\"url\":\"https:\\\/\\\/www.malinashop.lt\\\/en\\\/\",\"name\":\"COM Group Ecommerce\",\"description\":\"MalinaShop.lt - Gro\u017eio ir sveikatos produktai i\u0161 patikim\u0173 preki\u0173 \u017eenkl\u0173. Atraskite auk\u0161tos kokyb\u0117s kosmetik\u0105 u\u017e puiki\u0105 kain\u0105.\",\"publisher\":{\"@id\":\"https:\\\/\\\/www.malinashop.lt\\\/en\\\/#organization\"},\"potentialAction\":[{\"@type\":\"SearchAction\",\"target\":{\"@type\":\"EntryPoint\",\"urlTemplate\":\"https:\\\/\\\/www.malinashop.lt\\\/en\\\/?s={search_term_string}\"},\"query-input\":{\"@type\":\"PropertyValueSpecification\",\"valueRequired\":true,\"valueName\":\"search_term_string\"}}],\"inLanguage\":\"en-GB\"},{\"@type\":\"Organization\",\"@id\":\"https:\\\/\\\/www.malinashop.lt\\\/en\\\/#organization\",\"name\":\"COM Group Ecommerce\",\"url\":\"https:\\\/\\\/www.malinashop.lt\\\/en\\\/\",\"logo\":{\"@type\":\"ImageObject\",\"inLanguage\":\"en-GB\",\"@id\":\"https:\\\/\\\/www.malinashop.lt\\\/en\\\/#\\\/schema\\\/logo\\\/image\\\/\",\"url\":\"https:\\\/\\\/www.malinashop.lt\\\/wp-content\\\/uploads\\\/2024\\\/08\\\/462559670_3787732518133670_9795632669273463_n-e1731525914575.png\",\"contentUrl\":\"https:\\\/\\\/www.malinashop.lt\\\/wp-content\\\/uploads\\\/2024\\\/08\\\/462559670_3787732518133670_9795632669273463_n-e1731525914575.png\",\"width\":180,\"height\":60,\"caption\":\"COM Group Ecommerce\"},\"image\":{\"@id\":\"https:\\\/\\\/www.malinashop.lt\\\/en\\\/#\\\/schema\\\/logo\\\/image\\\/\"}}]}<\/script>\n<!-- \/ Yoast SEO plugin. -->","yoast_head_json":{"title":"Beauty of Joseon apsauginis kremas nuo saul\u0117s Relief Sun Aqua-Fresh SPF50 - MalinaShop.lt J\u016bs\u0173 sveikatai ir gro\u017eiui.","description":"Beauty of Joseon Relief Sun Aqua-Fresh SPF50 \u2013 lengvas losjono tipo saul\u0117s kremas. Be balt\u0173 liku\u010di\u0173. Mi\u0161riai odai. 50ml.","robots":{"index":"index","follow":"follow","max-snippet":"max-snippet:-1","max-image-preview":"max-image-preview:large","max-video-preview":"max-video-preview:-1"},"canonical":"https:\/\/www.malinashop.lt\/en\/shop\/beauty-of-joseon-apsauginis-kremas-nuo-saules-relief-sun-aqua-fresh-spf50\/","og_locale":"en_GB","og_type":"article","og_title":"Beauty of Joseon apsauginis kremas nuo saul\u0117s Relief Sun Aqua-Fresh SPF50 - MalinaShop.lt J\u016bs\u0173 sveikatai ir gro\u017eiui.","og_description":"Beauty of Joseon Relief Sun Aqua-Fresh SPF50 \u2013 lengvas losjono tipo saul\u0117s kremas. Be balt\u0173 liku\u010di\u0173. Mi\u0161riai odai. 50ml.","og_url":"https:\/\/www.malinashop.lt\/en\/shop\/beauty-of-joseon-apsauginis-kremas-nuo-saules-relief-sun-aqua-fresh-spf50\/","og_site_name":"MalinaShop.lt J\u016bs\u0173 sveikatai ir gro\u017eiui.","article_modified_time":"2026-04-08T08:51:56+00:00","og_image":[{"width":1100,"height":1100,"url":"https:\/\/www.malinashop.lt\/wp-content\/uploads\/2026\/04\/BeautyofJoseonReliefSunAqua-FreshSPF50.png","type":"image\/png"}],"twitter_card":"summary_large_image","schema":{"@context":"https:\/\/schema.org","@graph":[{"@type":"WebPage","@id":"https:\/\/www.malinashop.lt\/lt_lt\/shop\/beauty-of-joseon-apsauginis-kremas-nuo-saules-relief-sun-aqua-fresh-spf50\/","url":"https:\/\/www.malinashop.lt\/lt_lt\/shop\/beauty-of-joseon-apsauginis-kremas-nuo-saules-relief-sun-aqua-fresh-spf50\/","name":"Beauty of Joseon apsauginis kremas nuo saul\u0117s Relief Sun Aqua-Fresh SPF50 - MalinaShop.lt J\u016bs\u0173 sveikatai ir gro\u017eiui.","isPartOf":{"@id":"https:\/\/www.malinashop.lt\/en\/#website"},"primaryImageOfPage":{"@id":"https:\/\/www.malinashop.lt\/lt_lt\/shop\/beauty-of-joseon-apsauginis-kremas-nuo-saules-relief-sun-aqua-fresh-spf50\/#primaryimage"},"image":{"@id":"https:\/\/www.malinashop.lt\/lt_lt\/shop\/beauty-of-joseon-apsauginis-kremas-nuo-saules-relief-sun-aqua-fresh-spf50\/#primaryimage"},"thumbnailUrl":"https:\/\/www.malinashop.lt\/wp-content\/uploads\/2026\/04\/BeautyofJoseonReliefSunAqua-FreshSPF50.png","datePublished":"2026-02-07T19:54:50+00:00","dateModified":"2026-04-08T08:51:56+00:00","description":"Beauty of Joseon Relief Sun Aqua-Fresh SPF50 \u2013 lengvas losjono tipo saul\u0117s kremas. Be balt\u0173 liku\u010di\u0173. Mi\u0161riai odai. 50ml.","breadcrumb":{"@id":"https:\/\/www.malinashop.lt\/lt_lt\/shop\/beauty-of-joseon-apsauginis-kremas-nuo-saules-relief-sun-aqua-fresh-spf50\/#breadcrumb"},"inLanguage":"en-GB","potentialAction":[{"@type":"ReadAction","target":["https:\/\/www.malinashop.lt\/lt_lt\/shop\/beauty-of-joseon-apsauginis-kremas-nuo-saules-relief-sun-aqua-fresh-spf50\/"]}]},{"@type":"ImageObject","inLanguage":"en-GB","@id":"https:\/\/www.malinashop.lt\/lt_lt\/shop\/beauty-of-joseon-apsauginis-kremas-nuo-saules-relief-sun-aqua-fresh-spf50\/#primaryimage","url":"https:\/\/www.malinashop.lt\/wp-content\/uploads\/2026\/04\/BeautyofJoseonReliefSunAqua-FreshSPF50.png","contentUrl":"https:\/\/www.malinashop.lt\/wp-content\/uploads\/2026\/04\/BeautyofJoseonReliefSunAqua-FreshSPF50.png","width":1100,"height":1100},{"@type":"BreadcrumbList","@id":"https:\/\/www.malinashop.lt\/lt_lt\/shop\/beauty-of-joseon-apsauginis-kremas-nuo-saules-relief-sun-aqua-fresh-spf50\/#breadcrumb","itemListElement":[{"@type":"ListItem","position":1,"name":"Home","item":"https:\/\/www.malinashop.lt\/en\/"},{"@type":"ListItem","position":2,"name":"Parduotuv\u0117","item":"https:\/\/www.malinashop.lt\/en\/parduotuve\/"},{"@type":"ListItem","position":3,"name":"Beauty of Joseon apsauginis kremas nuo saul\u0117s Relief Sun Aqua-Fresh SPF50"}]},{"@type":"WebSite","@id":"https:\/\/www.malinashop.lt\/en\/#website","url":"https:\/\/www.malinashop.lt\/en\/","name":"COM Group Ecommerce","description":"MalinaShop.lt - Gro\u017eio ir sveikatos produktai i\u0161 patikim\u0173 preki\u0173 \u017eenkl\u0173. Atraskite auk\u0161tos kokyb\u0117s kosmetik\u0105 u\u017e puiki\u0105 kain\u0105.","publisher":{"@id":"https:\/\/www.malinashop.lt\/en\/#organization"},"potentialAction":[{"@type":"SearchAction","target":{"@type":"EntryPoint","urlTemplate":"https:\/\/www.malinashop.lt\/en\/?s={search_term_string}"},"query-input":{"@type":"PropertyValueSpecification","valueRequired":true,"valueName":"search_term_string"}}],"inLanguage":"en-GB"},{"@type":"Organization","@id":"https:\/\/www.malinashop.lt\/en\/#organization","name":"COM Group Ecommerce","url":"https:\/\/www.malinashop.lt\/en\/","logo":{"@type":"ImageObject","inLanguage":"en-GB","@id":"https:\/\/www.malinashop.lt\/en\/#\/schema\/logo\/image\/","url":"https:\/\/www.malinashop.lt\/wp-content\/uploads\/2024\/08\/462559670_3787732518133670_9795632669273463_n-e1731525914575.png","contentUrl":"https:\/\/www.malinashop.lt\/wp-content\/uploads\/2024\/08\/462559670_3787732518133670_9795632669273463_n-e1731525914575.png","width":180,"height":60,"caption":"COM Group Ecommerce"},"image":{"@id":"https:\/\/www.malinashop.lt\/en\/#\/schema\/logo\/image\/"}}]}},"jetpack_sharing_enabled":true,"_links":{"self":[{"href":"https:\/\/www.malinashop.lt\/en\/wp-json\/wp\/v2\/product\/76530","targetHints":{"allow":["GET"]}}],"collection":[{"href":"https:\/\/www.malinashop.lt\/en\/wp-json\/wp\/v2\/product"}],"about":[{"href":"https:\/\/www.malinashop.lt\/en\/wp-json\/wp\/v2\/types\/product"}],"version-history":[{"count":3,"href":"https:\/\/www.malinashop.lt\/en\/wp-json\/wp\/v2\/product\/76530\/revisions"}],"predecessor-version":[{"id":76636,"href":"https:\/\/www.malinashop.lt\/en\/wp-json\/wp\/v2\/product\/76530\/revisions\/76636"}],"wp:featuredmedia":[{"embeddable":true,"href":"https:\/\/www.malinashop.lt\/en\/wp-json\/wp\/v2\/media\/76529"}],"wp:attachment":[{"href":"https:\/\/www.malinashop.lt\/en\/wp-json\/wp\/v2\/media?parent=76530"}],"wp:term":[{"taxonomy":"product_brand","embeddable":true,"href":"https:\/\/www.malinashop.lt\/en\/wp-json\/wp\/v2\/product_brand?post=76530"},{"taxonomy":"product_cat","embeddable":true,"href":"https:\/\/www.malinashop.lt\/en\/wp-json\/wp\/v2\/product_cat?post=76530"},{"taxonomy":"product_tag","embeddable":true,"href":"https:\/\/www.malinashop.lt\/en\/wp-json\/wp\/v2\/product_tag?post=76530"}],"curies":[{"name":"wp","href":"https:\/\/api.w.org\/{rel}","templated":true}]}}