{"id":76522,"date":"2026-02-07T22:54:44","date_gmt":"2026-02-07T19:54:44","guid":{"rendered":"https:\/\/malinashop.lt\/shop\/beauty-of-joseon-paakiu-serumas-revive-eye-serum-ginseng-retinal\/"},"modified":"2026-04-07T23:45:07","modified_gmt":"2026-04-07T20:45:07","slug":"beauty-of-joseon-paakiu-serumas-revive-eye-serum-ginseng-retinal","status":"publish","type":"product","link":"https:\/\/www.malinashop.lt\/en\/shop\/beauty-of-joseon-paakiu-serumas-revive-eye-serum-ginseng-retinal\/","title":{"rendered":"Beauty of Joseon paaki\u0173 serumas Revive Eye Serum Ginseng + Retinal"},"content":{"rendered":"<h4 data-path-to-node=\"2\"><b data-path-to-node=\"2\" data-index-in-node=\"0\">Beauty of Joseon Revive Eye Serum: Ginseng + Retinal (10 ml \/ 30 ml)<\/b><\/h4>\n<p data-path-to-node=\"3\"><b data-path-to-node=\"3\" data-index-in-node=\"0\">Beauty of Joseon Revive Eye Serum<\/b> \u2013 tai veiksmingas, bet \u0161velnus stangrinamasis serumas, sukurtas jautriai odai aplink akis puosel\u0117ti. \u0160i priemon\u0117 sujungia laiko patikrint\u0105 \u017een\u0161enio gali\u0105 ir modern\u0173 retinal\u012f, kad pad\u0117t\u0173 kovoti su smulkiomis rauk\u0161lel\u0117mis, prarastu elastingumu ir nuovargio \u017eym\u0117mis.<\/p>\n<p data-path-to-node=\"4\"><b data-path-to-node=\"4\" data-index-in-node=\"0\">Pagrindin\u0117s veikliosios med\u017eiagos:<\/b><\/p>\n<ul data-path-to-node=\"5\">\n<li>\n<p data-path-to-node=\"5,0,0\"><b data-path-to-node=\"5,0,0\" data-index-in-node=\"0\">\u017den\u0161enio \u0161akn\u0173 ekstraktas (10 %):<\/b> galingas antioksidantas, kuris saugo od\u0105 nuo laisv\u0173j\u0173 radikal\u0173, l\u0117tina rauk\u0161li\u0173 susidarym\u0105 ir skatina nat\u016bralius odos atsinaujinimo procesus.<\/p>\n<\/li>\n<li>\n<p data-path-to-node=\"5,1,0\"><b data-path-to-node=\"5,1,0\" data-index-in-node=\"0\">Retinalis (2 % liposominis kompleksas):<\/b> viena efektyviausi\u0173 vitamino A form\u0173, kuri veikia grei\u010diau nei retinolis, ta\u010diau yra ma\u017eiau dirginanti. Jis pastebimai stangrina od\u0105, lygina jos tekst\u016br\u0105 ir ma\u017eina rauk\u0161leli\u0173 gyl\u012f.<\/p>\n<\/li>\n<li>\n<p data-path-to-node=\"5,2,0\"><b data-path-to-node=\"5,2,0\" data-index-in-node=\"0\">Niacinamidas:<\/b> \u0161viesina paaki\u0173 zon\u0105, suteikia jai skaistumo ir kartu su makadamij\u0173 aliejumi u\u017etikrina, kad jautri oda i\u0161likt\u0173 sudr\u0117kinta bei apsaugota nuo i\u0161saus\u0117jimo.<\/p>\n<\/li>\n<\/ul>\n<p data-path-to-node=\"6\"><b data-path-to-node=\"6\" data-index-in-node=\"0\">Kod\u0117l verta rinktis \u0161\u012f serum\u0105?<\/b> D\u0117l specialios liposomin\u0117s technologijos retinalis \u012f od\u0105 i\u0161siskiria palaipsniui, tod\u0117l priemon\u0117 tinka net ir jautresnei odai. Serumas pasi\u017eymi malonia, \u0161ilkine tekst\u016bra, kuri lengvai pasiskirsto ir nepalieka sunkumo poj\u016b\u010dio. Tai ideali priemon\u0117 norint sugr\u0105\u017einti paaki\u0173 zonai jaunatvi\u0161k\u0105 stangrum\u0105 ir gyvybingum\u0105.<\/p>\n<p data-path-to-node=\"7\"><b data-path-to-node=\"7\" data-index-in-node=\"0\">Naudojimas:<\/b> Nedidel\u012f kiek\u012f serumo \u0161velniais tap\u0161nojimo judesiais paskirstykite ant paaki\u0173 zonos vakaro rutinos metu. Jei j\u016bs\u0173 oda jautri, prad\u0117kite naudoti 2\u20133 kartus per savait\u0119, palaipsniui didindami da\u017enum\u0105. Naudojant \u0161i\u0105 priemon\u0119, dienos metu b\u016btina naudoti SPF apsaug\u0105.<\/p>\n<hr data-path-to-node=\"8\" \/>\n<p data-path-to-node=\"9\"><b data-path-to-node=\"9\" data-index-in-node=\"0\">Talpa:<\/b> 10 ml (be d\u0117\u017eut\u0117s) arba 30 ml <b data-path-to-node=\"9\" data-index-in-node=\"37\">Odos tipas:<\/b> Visiems odos tipams, ypa\u010d rekomenduojama brand\u017eiai ir elastingum\u0105 praradusiai paaki\u0173 odai.<\/p>\n<h3>Sud\u0117tis<\/h3>\n<div class=\"product-details__block\">\n<div id=\"panel-2\" tabindex=\"0\" role=\"tabpanel\" aria-labelledby=\"tab-2\">\n<div class=\"rte\">\n<p><span class=\"metafield-multi_line_text_field\">Aqua, Panax Ginseng Root Extract, Glycerin, Dipropylene Glycol, Caprylic\/Capric Triglyceride, 1,2-Hexanediol, Butylene Glycol Dicaprylate\/Dicaprate, Niacinamide, Pentaerythrityl Tetraethylhexanoate, Cetearyl Alcohol, Cetearyl Olivate, Sorbitan Olivate, Butylene Glycol, Hydrogenated Lecithin, Carbomer, Glyceryl Stearate, Tromethamine, Macadamia Ternifolia Seed Oil, Ethylhexylglycerin, Adenosine, Cholesterol, Dextrin, Polyglyceryl-10 Oleate, Theobroma Cacao Extract, Disodium EDTA, Brassica Campestris Sterols, Phytosteryl\/Behenyl\/Octyldodecyl Lauroyl Glutamate, Retinal, Silica, Aluminum\/Magnesium Hydroxide Stearate, Sodium Hyaluronate, Tocopherol, Ceramide NP, Potassium Cetyl Phosphate, Pentaerythrityl Tetra-di-t-butyl Hydroxyhydrocinnamate, Palmitoyl Tripeptide-5<\/span><\/p>\n<\/div>\n<\/div>\n<\/div>\n","protected":false},"excerpt":{"rendered":"<p>Beauty of Joseon paaki\u0173 serumas su 2% retinalu ir 10% \u017een\u0161enio \u0161akn\u0173 ekstraktu. Ma\u017eina rauk\u0161les, tamsius ratus, stangrina paaki\u0173 od\u0105. Jautriai odai aplink akis. 30ml.<\/p>\n","protected":false},"featured_media":76447,"template":"","meta":[],"product_brand":[1360],"product_cat":[549,728],"product_tag":[],"class_list":{"0":"post-76522","1":"product","2":"type-product","3":"status-publish","4":"has-post-thumbnail","6":"product_brand-beauty-of-joseon","7":"product_cat-paakiu-prieziuros-priemones","8":"product_cat-veidui","10":"first","11":"outofstock","12":"taxable","13":"shipping-taxable","14":"purchasable","15":"product-type-simple"},"yoast_head":"<!-- This site is optimized with the Yoast SEO plugin v27.4 - https:\/\/yoast.com\/product\/yoast-seo-wordpress\/ -->\n<title>Beauty of Joseon paaki\u0173 serumas Revive Eye Serum Ginseng + Retinal - MalinaShop.lt J\u016bs\u0173 sveikatai ir gro\u017eiui.<\/title>\n<meta name=\"description\" content=\"Beauty of Joseon paaki\u0173 serumas su 2% retinalu ir 10% \u017een\u0161enio \u0161akn\u0173 ekstraktu. Ma\u017eina rauk\u0161les, tamsius ratus, stangrina paaki\u0173 od\u0105.\" \/>\n<meta name=\"robots\" content=\"index, follow, max-snippet:-1, max-image-preview:large, max-video-preview:-1\" \/>\n<link rel=\"canonical\" href=\"https:\/\/www.malinashop.lt\/en\/shop\/beauty-of-joseon-paakiu-serumas-revive-eye-serum-ginseng-retinal\/\" \/>\n<meta property=\"og:locale\" content=\"en_GB\" \/>\n<meta property=\"og:type\" content=\"article\" \/>\n<meta property=\"og:title\" content=\"Beauty of Joseon paaki\u0173 serumas Revive Eye Serum Ginseng + Retinal - MalinaShop.lt J\u016bs\u0173 sveikatai ir gro\u017eiui.\" \/>\n<meta property=\"og:description\" content=\"Beauty of Joseon paaki\u0173 serumas su 2% retinalu ir 10% \u017een\u0161enio \u0161akn\u0173 ekstraktu. Ma\u017eina rauk\u0161les, tamsius ratus, stangrina paaki\u0173 od\u0105.\" \/>\n<meta property=\"og:url\" content=\"https:\/\/www.malinashop.lt\/en\/shop\/beauty-of-joseon-paakiu-serumas-revive-eye-serum-ginseng-retinal\/\" \/>\n<meta property=\"og:site_name\" content=\"MalinaShop.lt J\u016bs\u0173 sveikatai ir gro\u017eiui.\" \/>\n<meta property=\"article:modified_time\" content=\"2026-04-07T20:45:07+00:00\" \/>\n<meta property=\"og:image\" content=\"https:\/\/www.malinashop.lt\/wp-content\/uploads\/2026\/04\/Beauty-of-Joseon-Revive-Eye-Serum-Ginseng-Retinol-paakiu-serumas.png\" \/>\n\t<meta property=\"og:image:width\" content=\"1100\" \/>\n\t<meta property=\"og:image:height\" content=\"1100\" \/>\n\t<meta property=\"og:image:type\" content=\"image\/png\" \/>\n<meta name=\"twitter:card\" content=\"summary_large_image\" \/>\n<script type=\"application\/ld+json\" class=\"yoast-schema-graph\">{\"@context\":\"https:\\\/\\\/schema.org\",\"@graph\":[{\"@type\":\"WebPage\",\"@id\":\"https:\\\/\\\/www.malinashop.lt\\\/en\\\/shop\\\/beauty-of-joseon-paakiu-serumas-revive-eye-serum-ginseng-retinal\\\/\",\"url\":\"https:\\\/\\\/www.malinashop.lt\\\/en\\\/shop\\\/beauty-of-joseon-paakiu-serumas-revive-eye-serum-ginseng-retinal\\\/\",\"name\":\"Beauty of Joseon paaki\u0173 serumas Revive Eye Serum Ginseng + Retinal - MalinaShop.lt J\u016bs\u0173 sveikatai ir gro\u017eiui.\",\"isPartOf\":{\"@id\":\"https:\\\/\\\/www.malinashop.lt\\\/en\\\/#website\"},\"primaryImageOfPage\":{\"@id\":\"https:\\\/\\\/www.malinashop.lt\\\/en\\\/shop\\\/beauty-of-joseon-paakiu-serumas-revive-eye-serum-ginseng-retinal\\\/#primaryimage\"},\"image\":{\"@id\":\"https:\\\/\\\/www.malinashop.lt\\\/en\\\/shop\\\/beauty-of-joseon-paakiu-serumas-revive-eye-serum-ginseng-retinal\\\/#primaryimage\"},\"thumbnailUrl\":\"https:\\\/\\\/www.malinashop.lt\\\/wp-content\\\/uploads\\\/2026\\\/04\\\/Beauty-of-Joseon-Revive-Eye-Serum-Ginseng-Retinol-paakiu-serumas.png\",\"datePublished\":\"2026-02-07T19:54:44+00:00\",\"dateModified\":\"2026-04-07T20:45:07+00:00\",\"description\":\"Beauty of Joseon paaki\u0173 serumas su 2% retinalu ir 10% \u017een\u0161enio \u0161akn\u0173 ekstraktu. Ma\u017eina rauk\u0161les, tamsius ratus, stangrina paaki\u0173 od\u0105.\",\"breadcrumb\":{\"@id\":\"https:\\\/\\\/www.malinashop.lt\\\/en\\\/shop\\\/beauty-of-joseon-paakiu-serumas-revive-eye-serum-ginseng-retinal\\\/#breadcrumb\"},\"inLanguage\":\"en-GB\",\"potentialAction\":[{\"@type\":\"ReadAction\",\"target\":[\"https:\\\/\\\/www.malinashop.lt\\\/en\\\/shop\\\/beauty-of-joseon-paakiu-serumas-revive-eye-serum-ginseng-retinal\\\/\"]}]},{\"@type\":\"ImageObject\",\"inLanguage\":\"en-GB\",\"@id\":\"https:\\\/\\\/www.malinashop.lt\\\/en\\\/shop\\\/beauty-of-joseon-paakiu-serumas-revive-eye-serum-ginseng-retinal\\\/#primaryimage\",\"url\":\"https:\\\/\\\/www.malinashop.lt\\\/wp-content\\\/uploads\\\/2026\\\/04\\\/Beauty-of-Joseon-Revive-Eye-Serum-Ginseng-Retinol-paakiu-serumas.png\",\"contentUrl\":\"https:\\\/\\\/www.malinashop.lt\\\/wp-content\\\/uploads\\\/2026\\\/04\\\/Beauty-of-Joseon-Revive-Eye-Serum-Ginseng-Retinol-paakiu-serumas.png\",\"width\":1100,\"height\":1100},{\"@type\":\"BreadcrumbList\",\"@id\":\"https:\\\/\\\/www.malinashop.lt\\\/en\\\/shop\\\/beauty-of-joseon-paakiu-serumas-revive-eye-serum-ginseng-retinal\\\/#breadcrumb\",\"itemListElement\":[{\"@type\":\"ListItem\",\"position\":1,\"name\":\"Home\",\"item\":\"https:\\\/\\\/www.malinashop.lt\\\/en\\\/\"},{\"@type\":\"ListItem\",\"position\":2,\"name\":\"Parduotuv\u0117\",\"item\":\"https:\\\/\\\/www.malinashop.lt\\\/en\\\/parduotuve\\\/\"},{\"@type\":\"ListItem\",\"position\":3,\"name\":\"Beauty of Joseon paaki\u0173 serumas Revive Eye Serum Ginseng + Retinal\"}]},{\"@type\":\"WebSite\",\"@id\":\"https:\\\/\\\/www.malinashop.lt\\\/en\\\/#website\",\"url\":\"https:\\\/\\\/www.malinashop.lt\\\/en\\\/\",\"name\":\"COM Group Ecommerce\",\"description\":\"MalinaShop.lt - Gro\u017eio ir sveikatos produktai i\u0161 patikim\u0173 preki\u0173 \u017eenkl\u0173. Atraskite auk\u0161tos kokyb\u0117s kosmetik\u0105 u\u017e puiki\u0105 kain\u0105.\",\"publisher\":{\"@id\":\"https:\\\/\\\/www.malinashop.lt\\\/en\\\/#organization\"},\"potentialAction\":[{\"@type\":\"SearchAction\",\"target\":{\"@type\":\"EntryPoint\",\"urlTemplate\":\"https:\\\/\\\/www.malinashop.lt\\\/en\\\/?s={search_term_string}\"},\"query-input\":{\"@type\":\"PropertyValueSpecification\",\"valueRequired\":true,\"valueName\":\"search_term_string\"}}],\"inLanguage\":\"en-GB\"},{\"@type\":\"Organization\",\"@id\":\"https:\\\/\\\/www.malinashop.lt\\\/en\\\/#organization\",\"name\":\"COM Group Ecommerce\",\"url\":\"https:\\\/\\\/www.malinashop.lt\\\/en\\\/\",\"logo\":{\"@type\":\"ImageObject\",\"inLanguage\":\"en-GB\",\"@id\":\"https:\\\/\\\/www.malinashop.lt\\\/en\\\/#\\\/schema\\\/logo\\\/image\\\/\",\"url\":\"https:\\\/\\\/www.malinashop.lt\\\/wp-content\\\/uploads\\\/2024\\\/08\\\/462559670_3787732518133670_9795632669273463_n-e1731525914575.png\",\"contentUrl\":\"https:\\\/\\\/www.malinashop.lt\\\/wp-content\\\/uploads\\\/2024\\\/08\\\/462559670_3787732518133670_9795632669273463_n-e1731525914575.png\",\"width\":180,\"height\":60,\"caption\":\"COM Group Ecommerce\"},\"image\":{\"@id\":\"https:\\\/\\\/www.malinashop.lt\\\/en\\\/#\\\/schema\\\/logo\\\/image\\\/\"}}]}<\/script>\n<!-- \/ Yoast SEO plugin. -->","yoast_head_json":{"title":"Beauty of Joseon paaki\u0173 serumas Revive Eye Serum Ginseng + Retinal - MalinaShop.lt J\u016bs\u0173 sveikatai ir gro\u017eiui.","description":"Beauty of Joseon paaki\u0173 serumas su 2% retinalu ir 10% \u017een\u0161enio \u0161akn\u0173 ekstraktu. Ma\u017eina rauk\u0161les, tamsius ratus, stangrina paaki\u0173 od\u0105.","robots":{"index":"index","follow":"follow","max-snippet":"max-snippet:-1","max-image-preview":"max-image-preview:large","max-video-preview":"max-video-preview:-1"},"canonical":"https:\/\/www.malinashop.lt\/en\/shop\/beauty-of-joseon-paakiu-serumas-revive-eye-serum-ginseng-retinal\/","og_locale":"en_GB","og_type":"article","og_title":"Beauty of Joseon paaki\u0173 serumas Revive Eye Serum Ginseng + Retinal - MalinaShop.lt J\u016bs\u0173 sveikatai ir gro\u017eiui.","og_description":"Beauty of Joseon paaki\u0173 serumas su 2% retinalu ir 10% \u017een\u0161enio \u0161akn\u0173 ekstraktu. Ma\u017eina rauk\u0161les, tamsius ratus, stangrina paaki\u0173 od\u0105.","og_url":"https:\/\/www.malinashop.lt\/en\/shop\/beauty-of-joseon-paakiu-serumas-revive-eye-serum-ginseng-retinal\/","og_site_name":"MalinaShop.lt J\u016bs\u0173 sveikatai ir gro\u017eiui.","article_modified_time":"2026-04-07T20:45:07+00:00","og_image":[{"width":1100,"height":1100,"url":"https:\/\/www.malinashop.lt\/wp-content\/uploads\/2026\/04\/Beauty-of-Joseon-Revive-Eye-Serum-Ginseng-Retinol-paakiu-serumas.png","type":"image\/png"}],"twitter_card":"summary_large_image","schema":{"@context":"https:\/\/schema.org","@graph":[{"@type":"WebPage","@id":"https:\/\/www.malinashop.lt\/en\/shop\/beauty-of-joseon-paakiu-serumas-revive-eye-serum-ginseng-retinal\/","url":"https:\/\/www.malinashop.lt\/en\/shop\/beauty-of-joseon-paakiu-serumas-revive-eye-serum-ginseng-retinal\/","name":"Beauty of Joseon paaki\u0173 serumas Revive Eye Serum Ginseng + Retinal - MalinaShop.lt J\u016bs\u0173 sveikatai ir gro\u017eiui.","isPartOf":{"@id":"https:\/\/www.malinashop.lt\/en\/#website"},"primaryImageOfPage":{"@id":"https:\/\/www.malinashop.lt\/en\/shop\/beauty-of-joseon-paakiu-serumas-revive-eye-serum-ginseng-retinal\/#primaryimage"},"image":{"@id":"https:\/\/www.malinashop.lt\/en\/shop\/beauty-of-joseon-paakiu-serumas-revive-eye-serum-ginseng-retinal\/#primaryimage"},"thumbnailUrl":"https:\/\/www.malinashop.lt\/wp-content\/uploads\/2026\/04\/Beauty-of-Joseon-Revive-Eye-Serum-Ginseng-Retinol-paakiu-serumas.png","datePublished":"2026-02-07T19:54:44+00:00","dateModified":"2026-04-07T20:45:07+00:00","description":"Beauty of Joseon paaki\u0173 serumas su 2% retinalu ir 10% \u017een\u0161enio \u0161akn\u0173 ekstraktu. Ma\u017eina rauk\u0161les, tamsius ratus, stangrina paaki\u0173 od\u0105.","breadcrumb":{"@id":"https:\/\/www.malinashop.lt\/en\/shop\/beauty-of-joseon-paakiu-serumas-revive-eye-serum-ginseng-retinal\/#breadcrumb"},"inLanguage":"en-GB","potentialAction":[{"@type":"ReadAction","target":["https:\/\/www.malinashop.lt\/en\/shop\/beauty-of-joseon-paakiu-serumas-revive-eye-serum-ginseng-retinal\/"]}]},{"@type":"ImageObject","inLanguage":"en-GB","@id":"https:\/\/www.malinashop.lt\/en\/shop\/beauty-of-joseon-paakiu-serumas-revive-eye-serum-ginseng-retinal\/#primaryimage","url":"https:\/\/www.malinashop.lt\/wp-content\/uploads\/2026\/04\/Beauty-of-Joseon-Revive-Eye-Serum-Ginseng-Retinol-paakiu-serumas.png","contentUrl":"https:\/\/www.malinashop.lt\/wp-content\/uploads\/2026\/04\/Beauty-of-Joseon-Revive-Eye-Serum-Ginseng-Retinol-paakiu-serumas.png","width":1100,"height":1100},{"@type":"BreadcrumbList","@id":"https:\/\/www.malinashop.lt\/en\/shop\/beauty-of-joseon-paakiu-serumas-revive-eye-serum-ginseng-retinal\/#breadcrumb","itemListElement":[{"@type":"ListItem","position":1,"name":"Home","item":"https:\/\/www.malinashop.lt\/en\/"},{"@type":"ListItem","position":2,"name":"Parduotuv\u0117","item":"https:\/\/www.malinashop.lt\/en\/parduotuve\/"},{"@type":"ListItem","position":3,"name":"Beauty of Joseon paaki\u0173 serumas Revive Eye Serum Ginseng + Retinal"}]},{"@type":"WebSite","@id":"https:\/\/www.malinashop.lt\/en\/#website","url":"https:\/\/www.malinashop.lt\/en\/","name":"COM Group Ecommerce","description":"MalinaShop.lt - Gro\u017eio ir sveikatos produktai i\u0161 patikim\u0173 preki\u0173 \u017eenkl\u0173. Atraskite auk\u0161tos kokyb\u0117s kosmetik\u0105 u\u017e puiki\u0105 kain\u0105.","publisher":{"@id":"https:\/\/www.malinashop.lt\/en\/#organization"},"potentialAction":[{"@type":"SearchAction","target":{"@type":"EntryPoint","urlTemplate":"https:\/\/www.malinashop.lt\/en\/?s={search_term_string}"},"query-input":{"@type":"PropertyValueSpecification","valueRequired":true,"valueName":"search_term_string"}}],"inLanguage":"en-GB"},{"@type":"Organization","@id":"https:\/\/www.malinashop.lt\/en\/#organization","name":"COM Group Ecommerce","url":"https:\/\/www.malinashop.lt\/en\/","logo":{"@type":"ImageObject","inLanguage":"en-GB","@id":"https:\/\/www.malinashop.lt\/en\/#\/schema\/logo\/image\/","url":"https:\/\/www.malinashop.lt\/wp-content\/uploads\/2024\/08\/462559670_3787732518133670_9795632669273463_n-e1731525914575.png","contentUrl":"https:\/\/www.malinashop.lt\/wp-content\/uploads\/2024\/08\/462559670_3787732518133670_9795632669273463_n-e1731525914575.png","width":180,"height":60,"caption":"COM Group Ecommerce"},"image":{"@id":"https:\/\/www.malinashop.lt\/en\/#\/schema\/logo\/image\/"}}]}},"jetpack_sharing_enabled":true,"_links":{"self":[{"href":"https:\/\/www.malinashop.lt\/en\/wp-json\/wp\/v2\/product\/76522","targetHints":{"allow":["GET"]}}],"collection":[{"href":"https:\/\/www.malinashop.lt\/en\/wp-json\/wp\/v2\/product"}],"about":[{"href":"https:\/\/www.malinashop.lt\/en\/wp-json\/wp\/v2\/types\/product"}],"version-history":[{"count":3,"href":"https:\/\/www.malinashop.lt\/en\/wp-json\/wp\/v2\/product\/76522\/revisions"}],"predecessor-version":[{"id":76590,"href":"https:\/\/www.malinashop.lt\/en\/wp-json\/wp\/v2\/product\/76522\/revisions\/76590"}],"wp:featuredmedia":[{"embeddable":true,"href":"https:\/\/www.malinashop.lt\/en\/wp-json\/wp\/v2\/media\/76447"}],"wp:attachment":[{"href":"https:\/\/www.malinashop.lt\/en\/wp-json\/wp\/v2\/media?parent=76522"}],"wp:term":[{"taxonomy":"product_brand","embeddable":true,"href":"https:\/\/www.malinashop.lt\/en\/wp-json\/wp\/v2\/product_brand?post=76522"},{"taxonomy":"product_cat","embeddable":true,"href":"https:\/\/www.malinashop.lt\/en\/wp-json\/wp\/v2\/product_cat?post=76522"},{"taxonomy":"product_tag","embeddable":true,"href":"https:\/\/www.malinashop.lt\/en\/wp-json\/wp\/v2\/product_tag?post=76522"}],"curies":[{"name":"wp","href":"https:\/\/api.w.org\/{rel}","templated":true}]}}