{"id":76515,"date":"2026-04-07T22:54:41","date_gmt":"2026-04-07T19:54:41","guid":{"rendered":"https:\/\/malinashop.lt\/shop\/beauty-of-joseon-serumu-atradimu-rinkinys-hanbang-serum-discovery-kit\/"},"modified":"2026-04-07T23:13:10","modified_gmt":"2026-04-07T20:13:10","slug":"beauty-of-joseon-serumu-atradimu-rinkinys-hanbang-serum-discovery-kit","status":"publish","type":"product","link":"https:\/\/www.malinashop.lt\/en\/shop\/beauty-of-joseon-serumu-atradimu-rinkinys-hanbang-serum-discovery-kit\/","title":{"rendered":"Beauty of Joseon serum\u0173 atradim\u0173 rinkinys Hanbang Serum Discovery Kit"},"content":{"rendered":"<h4 data-path-to-node=\"2\"><b data-path-to-node=\"2\" data-index-in-node=\"0\">Beauty of Joseon Hanbang Serum Discovery Kit (4 x 10 ml)<\/b><\/h4>\n<p data-path-to-node=\"3\"><b data-path-to-node=\"3\" data-index-in-node=\"0\">Beauty of Joseon Serum Discovery Kit<\/b> \u2013 tai ideali galimyb\u0117 susipa\u017einti su visais keturiais kultiniais prek\u0117s \u017eenklo serumais viename rinkinyje. \u0160is atradim\u0173 rinkinys sukurtas tam, kad gal\u0117tum\u0117te i\u0161bandyti skirtingas formules ir atrasti, kuri j\u0173 geriausiai atitinka j\u016bs\u0173 odos poreikius.<\/p>\n<p data-path-to-node=\"4\"><b data-path-to-node=\"4\" data-index-in-node=\"0\">Kas sudaro rinkin\u012f?<\/b><\/p>\n<ul data-path-to-node=\"5\">\n<li>\n<p data-path-to-node=\"5,0,0\"><b data-path-to-node=\"5,0,0\" data-index-in-node=\"0\">Calming Serum (Green Tea + Panthenol):<\/b> tikras i\u0161sigelb\u0117jimas jautriai ir sudirgusiai odai. \u017dalioji arbata ir pantenolis efektyviai ramina bei giliai dr\u0117kina.<\/p>\n<\/li>\n<li>\n<p data-path-to-node=\"5,1,0\"><b data-path-to-node=\"5,1,0\" data-index-in-node=\"0\">Glow Serum (Propolis + Niacinamide):<\/b> skirtas kovai su b\u0117rimais ir u\u017edegimais. Propolis suteikia nat\u016bralaus \u0161vyt\u0117jimo, o niacinamidas reguliuoja sebum\u0105.<\/p>\n<\/li>\n<li>\n<p data-path-to-node=\"5,2,0\"><b data-path-to-node=\"5,2,0\" data-index-in-node=\"0\">Glow Deep Serum (Rice + Alpha-Arbutin):<\/b> veiksmingai kovoja su pigmentacija ir netolygiu odos tonu. Ry\u017ei\u0173 vanduo ir alfa-arbutinas suteikia veidui skaidrumo bei skaistumo.<\/p>\n<\/li>\n<li>\n<p data-path-to-node=\"5,3,0\"><b data-path-to-node=\"5,3,0\" data-index-in-node=\"0\">Revive Serum (Ginseng + Snail Mucin):<\/b> regeneruojantis serumas, kovojantis su sen\u0117jimo po\u017eymiais ir smulkiomis rauk\u0161lel\u0117mis. \u017den\u0161enis ir sraigi\u0173 mucinas padeda atkurti odos elastingum\u0105.<\/p>\n<\/li>\n<\/ul>\n<p data-path-to-node=\"6\"><b data-path-to-node=\"6\" data-index-in-node=\"0\">Kod\u0117l verta rinktis \u0161\u012f rinkin\u012f?<\/b> Tai puikus sprendimas kelion\u0117ms arba ie\u0161kantiems dovanos odos prie\u017ei\u016bros entuziastams. Kiekvienas serumas sukurtas remiantis tradicine Hanbang medicina, derinant j\u0105 su moderniais ingredientais, tod\u0117l galite b\u016bti tikri d\u0117l j\u0173 veiksmingumo ir \u0161velnumo odai.<\/p>\n<p data-path-to-node=\"7\"><b data-path-to-node=\"7\" data-index-in-node=\"0\">Naudojimas:<\/b> Po tonizavimo tepkite 2\u20133 la\u0161us pasirinkto serumo ant veido odos ir \u0161velniai patap\u0161nokite, kol \u012fsigers. Serumus galima derinti pagal odos b\u016bkl\u0119 ryte ir vakare.<\/p>\n<p data-path-to-node=\"8\"><b data-path-to-node=\"8\" data-index-in-node=\"0\">Talpa:<\/b> 4 x 10 ml <b data-path-to-node=\"8\" data-index-in-node=\"17\">Odos tipas:<\/b> Visiems odos tipams \u2013 nuo jautrios iki brand\u017eios ar problemin\u0117s.<\/p>\n<h3>Sud\u0117tis<\/h3>\n<div class=\"product-details__block\">\n<div id=\"panel-2\" tabindex=\"0\" role=\"tabpanel\" aria-labelledby=\"tab-2\">\n<div class=\"rte\">\n<p><span class=\"metafield-multi_line_text_field\">Beauty of Joseon Calming Serum Green tea + Phanthenol Serum: Aqua, Panthenol, Glycerin, Butylene Glycol, 1,2-Hexanediol, Methylpropanediol, Camellia Sinensis Leaf Water, Acrylates\/C10-30 Alkyl Acrylate Crosspolymer, Tromethamine, Betaine, Ethylhexylglycerin, Allantoin, Dipotassium Glycyrrhizate, Artemisia Capillaris Extract, Glyceryl Acrylate\/Acrylic Acid Copolymer, Melia Azadirachta Leaf Extract, Polyquaternium-51, Malt Extract, Melia Azadirachta Flower Extract, Coptis Japonica Root Extract, Sodium Hyaluronate<\/p>\n<p>Beauty of Joseon Revive Serum Ginseng + Snail Mucin Serum: Panax Ginseng Root Water, Water, Butylene Glycol, Snail Secretion Filtrate, Dipropylene Glycol, 1,2-Hexanediol, Glycerin, Niacinamide, Propanediol, Trehalose Carbomer, Tromethamine, Xanthan Gum,Centella Asiatica Extract, Ganoderma Lucidum(Mushroom) Extract, Panax Ginseng Root Extract, Malt Extract, Sodium Polyacrylate, Adenosine, Glyceryl Acrylate\/Acrylic Acid Copolymer, Disodium Edta, Phellinus Linteus Extract, Sodium Hyaluronate, Hydrolyzed Hyaluronic Acid, Forsythia Suspensa Fruit Extract, Lonicera Japonica(Honeysuckle)Flower Extract, Scutellaria Baicalensis Root Extract, Sodium Acetylated Hyaluronate<\/p>\n<p>Beauty of Joseon Propolis Glow Serum: Propolis Extract, Dipropylene Glycol, Glycerin, Butylene Glycol, Aqua, Niacinamide, 1,2-Hexanediol, Betaine Salicylate, Sodium Polyacryloyldimethyl Taurate, Tromethamine, Polyglyceryl-10 Laurate, Xanthan Gum, Caprylyl Glycol, Carbomer, Ethylhexylglycerin, Melia Azadirachta Flower Extract, Melaleuca Alternifolia Extract, Melia Azadirachta Leaf Extract, Sodium Hyaluronate, Curcuma Longa Root Extract, Ocimum Sanctum Leaf Extract, Dextrin, Theobroma Cacao Seed Extract, Centella Asiatica Extract, Corallina Officinalis Extract, Lotus Corniculatus Seed Extract, Pentylene Glycol, Octanediol, Calophyllum Inophyllum Seed Oil, Tocopherol<\/p>\n<p>Beauty of Joseon Glow Deep Serum Rice + Alpha Arbutin Serum: Oryza Sativa (Rice) Bran Water, Aqua, Glycerin, Butylene Glycol, 1,2-Hexanediol, Dipropylene Glycol, Alpha-Arbutin, Niacinamide, Methyl Gluceth-20, Panthenol, Polyglycerin-3, Trehalose, Glyceryl Glucoside, Hydrolyzed Jojoba Esters, Hydroxyethyl Acrylate\/Sodium Acryloyldimethyl Taurate Copolymer, Ethylhexylglycerin, Hydroxyethylcellulose, Xanthan Gum, Arginine, Acrylates\/C10-30 Alkyl Acrylate Crosspolymer, Arginine, Disodium EDTA, Coptis Japonica Root Extract, Sorbitan Isostearate, Glucose, Coix Lacryma-Jobi Ma-Yuen Seed Extract, Glycine Soja (Soybean) Seed Extract, Hordeum Distichon (Barley) Extract, Oryza Sativa (Rice) Extract, Sesamum Indicum (Sesame) Seed Extract, Triticum Vulgare (Wheat) Seed Extract, Vigna Radiata Seed Extract, Zea Mays (Corn) Kernel Extract<\/span><\/p>\n<\/div>\n<\/div>\n<\/div>\n<div class=\"product-details__block panel\"><\/div>\n","protected":false},"excerpt":{"rendered":"<p>Beauty of Joseon serum\u0173 rinkinys \u2013 4 kor\u0117jieti\u0161ki serumai po 10ml. Sud\u0117tyje: Calming (\u017ealioji arbata), Glow (propolis), Glow Deep (ry\u017eiai + alpha-arbutinas), Revive (\u017een\u0161enis + sraigi\u0173 mucinas).<\/p>\n","protected":false},"featured_media":76413,"template":"","meta":[],"product_brand":[1360],"product_cat":[550,728],"product_tag":[],"class_list":{"0":"post-76515","1":"product","2":"type-product","3":"status-publish","4":"has-post-thumbnail","6":"product_brand-beauty-of-joseon","7":"product_cat-veido-serumai","8":"product_cat-veidui","10":"first","11":"instock","12":"taxable","13":"shipping-taxable","14":"purchasable","15":"product-type-simple"},"yoast_head":"<!-- This site is optimized with the Yoast SEO plugin v27.4 - https:\/\/yoast.com\/product\/yoast-seo-wordpress\/ -->\n<title>Beauty of Joseon serum\u0173 atradim\u0173 rinkinys Hanbang Serum Discovery Kit - MalinaShop.lt J\u016bs\u0173 sveikatai ir gro\u017eiui.<\/title>\n<meta name=\"description\" content=\"Beauty of Joseon Serum Discovery Kit \u2013 tai ideali galimyb\u0117 susipa\u017einti su visais keturiais kultiniais prek\u0117s \u017eenklo serumais viename rinkinyje.\" \/>\n<meta name=\"robots\" content=\"index, follow, max-snippet:-1, max-image-preview:large, max-video-preview:-1\" \/>\n<link rel=\"canonical\" href=\"https:\/\/www.malinashop.lt\/en\/shop\/beauty-of-joseon-serumu-atradimu-rinkinys-hanbang-serum-discovery-kit\/\" \/>\n<meta property=\"og:locale\" content=\"en_GB\" \/>\n<meta property=\"og:type\" content=\"article\" \/>\n<meta property=\"og:title\" content=\"Beauty of Joseon serum\u0173 atradim\u0173 rinkinys Hanbang Serum Discovery Kit - MalinaShop.lt J\u016bs\u0173 sveikatai ir gro\u017eiui.\" \/>\n<meta property=\"og:description\" content=\"Beauty of Joseon Serum Discovery Kit \u2013 tai ideali galimyb\u0117 susipa\u017einti su visais keturiais kultiniais prek\u0117s \u017eenklo serumais viename rinkinyje.\" \/>\n<meta property=\"og:url\" content=\"https:\/\/www.malinashop.lt\/en\/shop\/beauty-of-joseon-serumu-atradimu-rinkinys-hanbang-serum-discovery-kit\/\" \/>\n<meta property=\"og:site_name\" content=\"MalinaShop.lt J\u016bs\u0173 sveikatai ir gro\u017eiui.\" \/>\n<meta property=\"article:modified_time\" content=\"2026-04-07T20:13:10+00:00\" \/>\n<meta property=\"og:image\" content=\"https:\/\/www.malinashop.lt\/wp-content\/uploads\/2026\/04\/BeautyofJoseonHanbangSerumDiscoveryKitserumuatradimurinkinys.png\" \/>\n\t<meta property=\"og:image:width\" content=\"1100\" \/>\n\t<meta property=\"og:image:height\" content=\"1100\" \/>\n\t<meta property=\"og:image:type\" content=\"image\/png\" \/>\n<meta name=\"twitter:card\" content=\"summary_large_image\" \/>\n<script type=\"application\/ld+json\" class=\"yoast-schema-graph\">{\"@context\":\"https:\\\/\\\/schema.org\",\"@graph\":[{\"@type\":\"WebPage\",\"@id\":\"https:\\\/\\\/www.malinashop.lt\\\/lt_lt\\\/shop\\\/beauty-of-joseon-serumu-atradimu-rinkinys-hanbang-serum-discovery-kit\\\/\",\"url\":\"https:\\\/\\\/www.malinashop.lt\\\/lt_lt\\\/shop\\\/beauty-of-joseon-serumu-atradimu-rinkinys-hanbang-serum-discovery-kit\\\/\",\"name\":\"Beauty of Joseon serum\u0173 atradim\u0173 rinkinys Hanbang Serum Discovery Kit - MalinaShop.lt J\u016bs\u0173 sveikatai ir gro\u017eiui.\",\"isPartOf\":{\"@id\":\"https:\\\/\\\/www.malinashop.lt\\\/en\\\/#website\"},\"primaryImageOfPage\":{\"@id\":\"https:\\\/\\\/www.malinashop.lt\\\/lt_lt\\\/shop\\\/beauty-of-joseon-serumu-atradimu-rinkinys-hanbang-serum-discovery-kit\\\/#primaryimage\"},\"image\":{\"@id\":\"https:\\\/\\\/www.malinashop.lt\\\/lt_lt\\\/shop\\\/beauty-of-joseon-serumu-atradimu-rinkinys-hanbang-serum-discovery-kit\\\/#primaryimage\"},\"thumbnailUrl\":\"https:\\\/\\\/www.malinashop.lt\\\/wp-content\\\/uploads\\\/2026\\\/04\\\/BeautyofJoseonHanbangSerumDiscoveryKitserumuatradimurinkinys.png\",\"datePublished\":\"2026-04-07T19:54:41+00:00\",\"dateModified\":\"2026-04-07T20:13:10+00:00\",\"description\":\"Beauty of Joseon Serum Discovery Kit \u2013 tai ideali galimyb\u0117 susipa\u017einti su visais keturiais kultiniais prek\u0117s \u017eenklo serumais viename rinkinyje.\",\"breadcrumb\":{\"@id\":\"https:\\\/\\\/www.malinashop.lt\\\/lt_lt\\\/shop\\\/beauty-of-joseon-serumu-atradimu-rinkinys-hanbang-serum-discovery-kit\\\/#breadcrumb\"},\"inLanguage\":\"en-GB\",\"potentialAction\":[{\"@type\":\"ReadAction\",\"target\":[\"https:\\\/\\\/www.malinashop.lt\\\/lt_lt\\\/shop\\\/beauty-of-joseon-serumu-atradimu-rinkinys-hanbang-serum-discovery-kit\\\/\"]}]},{\"@type\":\"ImageObject\",\"inLanguage\":\"en-GB\",\"@id\":\"https:\\\/\\\/www.malinashop.lt\\\/lt_lt\\\/shop\\\/beauty-of-joseon-serumu-atradimu-rinkinys-hanbang-serum-discovery-kit\\\/#primaryimage\",\"url\":\"https:\\\/\\\/www.malinashop.lt\\\/wp-content\\\/uploads\\\/2026\\\/04\\\/BeautyofJoseonHanbangSerumDiscoveryKitserumuatradimurinkinys.png\",\"contentUrl\":\"https:\\\/\\\/www.malinashop.lt\\\/wp-content\\\/uploads\\\/2026\\\/04\\\/BeautyofJoseonHanbangSerumDiscoveryKitserumuatradimurinkinys.png\",\"width\":1100,\"height\":1100},{\"@type\":\"BreadcrumbList\",\"@id\":\"https:\\\/\\\/www.malinashop.lt\\\/lt_lt\\\/shop\\\/beauty-of-joseon-serumu-atradimu-rinkinys-hanbang-serum-discovery-kit\\\/#breadcrumb\",\"itemListElement\":[{\"@type\":\"ListItem\",\"position\":1,\"name\":\"Home\",\"item\":\"https:\\\/\\\/www.malinashop.lt\\\/en\\\/\"},{\"@type\":\"ListItem\",\"position\":2,\"name\":\"Parduotuv\u0117\",\"item\":\"https:\\\/\\\/www.malinashop.lt\\\/en\\\/parduotuve\\\/\"},{\"@type\":\"ListItem\",\"position\":3,\"name\":\"Beauty of Joseon serum\u0173 atradim\u0173 rinkinys Hanbang Serum Discovery Kit\"}]},{\"@type\":\"WebSite\",\"@id\":\"https:\\\/\\\/www.malinashop.lt\\\/en\\\/#website\",\"url\":\"https:\\\/\\\/www.malinashop.lt\\\/en\\\/\",\"name\":\"COM Group Ecommerce\",\"description\":\"MalinaShop.lt - Gro\u017eio ir sveikatos produktai i\u0161 patikim\u0173 preki\u0173 \u017eenkl\u0173. Atraskite auk\u0161tos kokyb\u0117s kosmetik\u0105 u\u017e puiki\u0105 kain\u0105.\",\"publisher\":{\"@id\":\"https:\\\/\\\/www.malinashop.lt\\\/en\\\/#organization\"},\"potentialAction\":[{\"@type\":\"SearchAction\",\"target\":{\"@type\":\"EntryPoint\",\"urlTemplate\":\"https:\\\/\\\/www.malinashop.lt\\\/en\\\/?s={search_term_string}\"},\"query-input\":{\"@type\":\"PropertyValueSpecification\",\"valueRequired\":true,\"valueName\":\"search_term_string\"}}],\"inLanguage\":\"en-GB\"},{\"@type\":\"Organization\",\"@id\":\"https:\\\/\\\/www.malinashop.lt\\\/en\\\/#organization\",\"name\":\"COM Group Ecommerce\",\"url\":\"https:\\\/\\\/www.malinashop.lt\\\/en\\\/\",\"logo\":{\"@type\":\"ImageObject\",\"inLanguage\":\"en-GB\",\"@id\":\"https:\\\/\\\/www.malinashop.lt\\\/en\\\/#\\\/schema\\\/logo\\\/image\\\/\",\"url\":\"https:\\\/\\\/www.malinashop.lt\\\/wp-content\\\/uploads\\\/2024\\\/08\\\/462559670_3787732518133670_9795632669273463_n-e1731525914575.png\",\"contentUrl\":\"https:\\\/\\\/www.malinashop.lt\\\/wp-content\\\/uploads\\\/2024\\\/08\\\/462559670_3787732518133670_9795632669273463_n-e1731525914575.png\",\"width\":180,\"height\":60,\"caption\":\"COM Group Ecommerce\"},\"image\":{\"@id\":\"https:\\\/\\\/www.malinashop.lt\\\/en\\\/#\\\/schema\\\/logo\\\/image\\\/\"}}]}<\/script>\n<!-- \/ Yoast SEO plugin. -->","yoast_head_json":{"title":"Beauty of Joseon serum\u0173 atradim\u0173 rinkinys Hanbang Serum Discovery Kit - MalinaShop.lt J\u016bs\u0173 sveikatai ir gro\u017eiui.","description":"Beauty of Joseon Serum Discovery Kit \u2013 tai ideali galimyb\u0117 susipa\u017einti su visais keturiais kultiniais prek\u0117s \u017eenklo serumais viename rinkinyje.","robots":{"index":"index","follow":"follow","max-snippet":"max-snippet:-1","max-image-preview":"max-image-preview:large","max-video-preview":"max-video-preview:-1"},"canonical":"https:\/\/www.malinashop.lt\/en\/shop\/beauty-of-joseon-serumu-atradimu-rinkinys-hanbang-serum-discovery-kit\/","og_locale":"en_GB","og_type":"article","og_title":"Beauty of Joseon serum\u0173 atradim\u0173 rinkinys Hanbang Serum Discovery Kit - MalinaShop.lt J\u016bs\u0173 sveikatai ir gro\u017eiui.","og_description":"Beauty of Joseon Serum Discovery Kit \u2013 tai ideali galimyb\u0117 susipa\u017einti su visais keturiais kultiniais prek\u0117s \u017eenklo serumais viename rinkinyje.","og_url":"https:\/\/www.malinashop.lt\/en\/shop\/beauty-of-joseon-serumu-atradimu-rinkinys-hanbang-serum-discovery-kit\/","og_site_name":"MalinaShop.lt J\u016bs\u0173 sveikatai ir gro\u017eiui.","article_modified_time":"2026-04-07T20:13:10+00:00","og_image":[{"width":1100,"height":1100,"url":"https:\/\/www.malinashop.lt\/wp-content\/uploads\/2026\/04\/BeautyofJoseonHanbangSerumDiscoveryKitserumuatradimurinkinys.png","type":"image\/png"}],"twitter_card":"summary_large_image","schema":{"@context":"https:\/\/schema.org","@graph":[{"@type":"WebPage","@id":"https:\/\/www.malinashop.lt\/lt_lt\/shop\/beauty-of-joseon-serumu-atradimu-rinkinys-hanbang-serum-discovery-kit\/","url":"https:\/\/www.malinashop.lt\/lt_lt\/shop\/beauty-of-joseon-serumu-atradimu-rinkinys-hanbang-serum-discovery-kit\/","name":"Beauty of Joseon serum\u0173 atradim\u0173 rinkinys Hanbang Serum Discovery Kit - MalinaShop.lt J\u016bs\u0173 sveikatai ir gro\u017eiui.","isPartOf":{"@id":"https:\/\/www.malinashop.lt\/en\/#website"},"primaryImageOfPage":{"@id":"https:\/\/www.malinashop.lt\/lt_lt\/shop\/beauty-of-joseon-serumu-atradimu-rinkinys-hanbang-serum-discovery-kit\/#primaryimage"},"image":{"@id":"https:\/\/www.malinashop.lt\/lt_lt\/shop\/beauty-of-joseon-serumu-atradimu-rinkinys-hanbang-serum-discovery-kit\/#primaryimage"},"thumbnailUrl":"https:\/\/www.malinashop.lt\/wp-content\/uploads\/2026\/04\/BeautyofJoseonHanbangSerumDiscoveryKitserumuatradimurinkinys.png","datePublished":"2026-04-07T19:54:41+00:00","dateModified":"2026-04-07T20:13:10+00:00","description":"Beauty of Joseon Serum Discovery Kit \u2013 tai ideali galimyb\u0117 susipa\u017einti su visais keturiais kultiniais prek\u0117s \u017eenklo serumais viename rinkinyje.","breadcrumb":{"@id":"https:\/\/www.malinashop.lt\/lt_lt\/shop\/beauty-of-joseon-serumu-atradimu-rinkinys-hanbang-serum-discovery-kit\/#breadcrumb"},"inLanguage":"en-GB","potentialAction":[{"@type":"ReadAction","target":["https:\/\/www.malinashop.lt\/lt_lt\/shop\/beauty-of-joseon-serumu-atradimu-rinkinys-hanbang-serum-discovery-kit\/"]}]},{"@type":"ImageObject","inLanguage":"en-GB","@id":"https:\/\/www.malinashop.lt\/lt_lt\/shop\/beauty-of-joseon-serumu-atradimu-rinkinys-hanbang-serum-discovery-kit\/#primaryimage","url":"https:\/\/www.malinashop.lt\/wp-content\/uploads\/2026\/04\/BeautyofJoseonHanbangSerumDiscoveryKitserumuatradimurinkinys.png","contentUrl":"https:\/\/www.malinashop.lt\/wp-content\/uploads\/2026\/04\/BeautyofJoseonHanbangSerumDiscoveryKitserumuatradimurinkinys.png","width":1100,"height":1100},{"@type":"BreadcrumbList","@id":"https:\/\/www.malinashop.lt\/lt_lt\/shop\/beauty-of-joseon-serumu-atradimu-rinkinys-hanbang-serum-discovery-kit\/#breadcrumb","itemListElement":[{"@type":"ListItem","position":1,"name":"Home","item":"https:\/\/www.malinashop.lt\/en\/"},{"@type":"ListItem","position":2,"name":"Parduotuv\u0117","item":"https:\/\/www.malinashop.lt\/en\/parduotuve\/"},{"@type":"ListItem","position":3,"name":"Beauty of Joseon serum\u0173 atradim\u0173 rinkinys Hanbang Serum Discovery Kit"}]},{"@type":"WebSite","@id":"https:\/\/www.malinashop.lt\/en\/#website","url":"https:\/\/www.malinashop.lt\/en\/","name":"COM Group Ecommerce","description":"MalinaShop.lt - Gro\u017eio ir sveikatos produktai i\u0161 patikim\u0173 preki\u0173 \u017eenkl\u0173. Atraskite auk\u0161tos kokyb\u0117s kosmetik\u0105 u\u017e puiki\u0105 kain\u0105.","publisher":{"@id":"https:\/\/www.malinashop.lt\/en\/#organization"},"potentialAction":[{"@type":"SearchAction","target":{"@type":"EntryPoint","urlTemplate":"https:\/\/www.malinashop.lt\/en\/?s={search_term_string}"},"query-input":{"@type":"PropertyValueSpecification","valueRequired":true,"valueName":"search_term_string"}}],"inLanguage":"en-GB"},{"@type":"Organization","@id":"https:\/\/www.malinashop.lt\/en\/#organization","name":"COM Group Ecommerce","url":"https:\/\/www.malinashop.lt\/en\/","logo":{"@type":"ImageObject","inLanguage":"en-GB","@id":"https:\/\/www.malinashop.lt\/en\/#\/schema\/logo\/image\/","url":"https:\/\/www.malinashop.lt\/wp-content\/uploads\/2024\/08\/462559670_3787732518133670_9795632669273463_n-e1731525914575.png","contentUrl":"https:\/\/www.malinashop.lt\/wp-content\/uploads\/2024\/08\/462559670_3787732518133670_9795632669273463_n-e1731525914575.png","width":180,"height":60,"caption":"COM Group Ecommerce"},"image":{"@id":"https:\/\/www.malinashop.lt\/en\/#\/schema\/logo\/image\/"}}]}},"jetpack_sharing_enabled":true,"_links":{"self":[{"href":"https:\/\/www.malinashop.lt\/en\/wp-json\/wp\/v2\/product\/76515","targetHints":{"allow":["GET"]}}],"collection":[{"href":"https:\/\/www.malinashop.lt\/en\/wp-json\/wp\/v2\/product"}],"about":[{"href":"https:\/\/www.malinashop.lt\/en\/wp-json\/wp\/v2\/types\/product"}],"version-history":[{"count":3,"href":"https:\/\/www.malinashop.lt\/en\/wp-json\/wp\/v2\/product\/76515\/revisions"}],"predecessor-version":[{"id":76567,"href":"https:\/\/www.malinashop.lt\/en\/wp-json\/wp\/v2\/product\/76515\/revisions\/76567"}],"wp:featuredmedia":[{"embeddable":true,"href":"https:\/\/www.malinashop.lt\/en\/wp-json\/wp\/v2\/media\/76413"}],"wp:attachment":[{"href":"https:\/\/www.malinashop.lt\/en\/wp-json\/wp\/v2\/media?parent=76515"}],"wp:term":[{"taxonomy":"product_brand","embeddable":true,"href":"https:\/\/www.malinashop.lt\/en\/wp-json\/wp\/v2\/product_brand?post=76515"},{"taxonomy":"product_cat","embeddable":true,"href":"https:\/\/www.malinashop.lt\/en\/wp-json\/wp\/v2\/product_cat?post=76515"},{"taxonomy":"product_tag","embeddable":true,"href":"https:\/\/www.malinashop.lt\/en\/wp-json\/wp\/v2\/product_tag?post=76515"}],"curies":[{"name":"wp","href":"https:\/\/api.w.org\/{rel}","templated":true}]}}