{"id":76119,"date":"2026-03-04T21:20:44","date_gmt":"2026-03-04T18:20:44","guid":{"rendered":"https:\/\/malinashop.lt\/?post_type=product&#038;p=76119"},"modified":"2026-04-07T22:17:56","modified_gmt":"2026-04-07T19:17:56","slug":"anua-veido-prausiklis-heartleaf-quercetinol-pore-deep-cleansing-foam","status":"publish","type":"product","link":"https:\/\/www.malinashop.lt\/en\/shop\/anua-veido-prausiklis-heartleaf-quercetinol-pore-deep-cleansing-foam\/","title":{"rendered":"Anua veido prausiklis Heartleaf Quercetinol Pore Deep Cleansing Foam"},"content":{"rendered":"<p data-start=\"339\" data-end=\"604\">ANUA Heartleaf Quercetinol Pore Deep Cleansing Foam \u2013 tai giliai valantis veido prausiklis, sukurtas efektyviai pa\u0161alinti ne\u0161varumus, riebal\u0173 pertekli\u0173 ir negyvas odos l\u0105steles. Formul\u0117 su houttuynia cordata milteliais padeda i\u0161valyti poras ir pagerinti odos b\u016bkl\u0119.<\/p>\n<p data-start=\"606\" data-end=\"878\">Salicilo r\u016bg\u0161tis (BHA) \u0161velniai eksfolijuoja od\u0105, padeda ma\u017einti u\u017esikim\u0161usias poras ir kovoti su b\u0117rimais, o glicerinas u\u017etikrina odos dr\u0117kinim\u0105 ir apsaugo nuo i\u0161saus\u0117jimo. Papildomai sud\u0117tyje esantis kvercetinas ir augaliniai ekstraktai ramina od\u0105 bei ma\u017eina sudirgimus.<\/p>\n<p data-start=\"880\" data-end=\"1028\">Put\u0173 tekst\u016bra \u0161velniai valo od\u0105, nepa\u017eeisdama jos apsauginio barjero. Reguliariai naudojant oda tampa \u0161varesn\u0117, lygesn\u0117 ir ma\u017eiau linkusi \u012f spuogus.<\/p>\n<p data-start=\"1030\" data-end=\"1087\">Rekomenduojama mi\u0161riai, riebiai ir \u012f akn\u0119 linkusiai odai.<\/p>\n<hr data-start=\"1089\" data-end=\"1092\" \/>\n<h4 data-section-id=\"1stuw1d\" data-start=\"1094\" data-end=\"1115\"><span role=\"text\"><strong data-start=\"1098\" data-end=\"1113\">Naudojimas:<\/strong><\/span><\/h4>\n<p data-start=\"1116\" data-end=\"1222\">Nedidel\u012f kiek\u012f paskirstykite ant dr\u0117gnos veido odos, \u0161velniai \u012fmasa\u017euokite ir nuskalaukite \u0161iltu vandeniu.<\/p>\n<hr data-start=\"1224\" data-end=\"1227\" \/>\n<h5 data-section-id=\"kd1lm3\" data-start=\"1229\" data-end=\"1254\"><span role=\"text\"><strong data-start=\"1233\" data-end=\"1252\">Sud\u0117tis (INCI):<\/strong><\/span><\/h5>\n<p data-start=\"1255\" data-end=\"2079\">Aqua (Water), Glycerin, Sodium Cocoyl Glycinate, Sodium Lauroyl Glutamate, Coco-Glucoside, Sodium Cocoamphoacetate, Hectorite, Sodium Chloride, 1,2-Hexanediol, Polyquaternium-67, Salicylic Acid, Glyceryl Stearate SE, Potassium Benzoate, Houttuynia Cordata Extract, Houttuynia Cordata Powder, Parfum (Fragrance), Ethylhexylglycerin, Disodium EDTA, Butylene Glycol, Dextrin, Gardenia Florida Fruit Extract, Lecithin, Quercetin, Pueraria Lobata Root Extract, Ulmus Davidiana Root Extract, Oenothera Biennis (Evening Primrose) Flower Extract, Pinus Palustris Leaf Extract, Capryloyl Salicylic Acid, Tocopherol, Sodium Hyaluronate, Hydroxypropyltrimonium Hyaluronate, Hydrolyzed Hyaluronic Acid, Sodium Acetylated Hyaluronate, Hyaluronic Acid, Sodium Hyaluronate Crosspolymer, Hydrolyzed Sodium Hyaluronate, Potassium Hyaluronate<\/p>\n","protected":false},"excerpt":{"rendered":"<p data-start=\"197\" data-end=\"311\">Prausiklis su heartleaf ekstraktu ir BHA r\u016bg\u0161timi giliai valo poras, ma\u017eina riebalus ir padeda kovoti su b\u0117rimais.<\/p>\n","protected":false},"featured_media":76120,"template":"","meta":[],"product_brand":[1677],"product_cat":[537,728],"product_tag":[],"class_list":{"0":"post-76119","1":"product","2":"type-product","3":"status-publish","4":"has-post-thumbnail","6":"product_brand-anua","7":"product_cat-veido-valymo-priemones","8":"product_cat-veidui","10":"first","11":"outofstock","12":"taxable","13":"shipping-taxable","14":"purchasable","15":"product-type-simple"},"yoast_head":"<!-- This site is optimized with the Yoast SEO plugin v27.5 - https:\/\/yoast.com\/product\/yoast-seo-wordpress\/ -->\n<title>Anua veido prausiklis Heartleaf Quercetinol Pore Deep Cleansing Foam - MalinaShop.lt J\u016bs\u0173 sveikatai ir gro\u017eiui.<\/title>\n<meta name=\"description\" content=\"ANUA prausiklis su heartleaf ir salicilo r\u016bg\u0161timi giliai valo poras, ma\u017eina riebalus, padeda kovoti su spuogais ir dr\u0117kina od\u0105, 150 ml.\" \/>\n<meta name=\"robots\" content=\"index, follow, max-snippet:-1, max-image-preview:large, max-video-preview:-1\" \/>\n<link rel=\"canonical\" href=\"https:\/\/www.malinashop.lt\/en\/shop\/anua-veido-prausiklis-heartleaf-quercetinol-pore-deep-cleansing-foam\/\" \/>\n<meta property=\"og:locale\" content=\"en_GB\" \/>\n<meta property=\"og:type\" content=\"article\" \/>\n<meta property=\"og:title\" content=\"Anua veido prausiklis Heartleaf Quercetinol Pore Deep Cleansing Foam - MalinaShop.lt J\u016bs\u0173 sveikatai ir gro\u017eiui.\" \/>\n<meta property=\"og:description\" content=\"ANUA prausiklis su heartleaf ir salicilo r\u016bg\u0161timi giliai valo poras, ma\u017eina riebalus, padeda kovoti su spuogais ir dr\u0117kina od\u0105, 150 ml.\" \/>\n<meta property=\"og:url\" content=\"https:\/\/www.malinashop.lt\/en\/shop\/anua-veido-prausiklis-heartleaf-quercetinol-pore-deep-cleansing-foam\/\" \/>\n<meta property=\"og:site_name\" content=\"MalinaShop.lt J\u016bs\u0173 sveikatai ir gro\u017eiui.\" \/>\n<meta property=\"article:modified_time\" content=\"2026-04-07T19:17:56+00:00\" \/>\n<meta property=\"og:image\" content=\"https:\/\/www.malinashop.lt\/wp-content\/uploads\/2026\/04\/Anua-veido-prausiklis-Heartleaf-Quercetinol-Pore-Deep-Cleansing-Foam.webp\" \/>\n\t<meta property=\"og:image:width\" content=\"1100\" \/>\n\t<meta property=\"og:image:height\" content=\"1100\" \/>\n\t<meta property=\"og:image:type\" content=\"image\/webp\" \/>\n<meta name=\"twitter:card\" content=\"summary_large_image\" \/>\n<script type=\"application\/ld+json\" class=\"yoast-schema-graph\">{\"@context\":\"https:\\\/\\\/schema.org\",\"@graph\":[{\"@type\":\"WebPage\",\"@id\":\"https:\\\/\\\/www.malinashop.lt\\\/lt_lt\\\/shop\\\/anua-veido-prausiklis-heartleaf-quercetinol-pore-deep-cleansing-foam\\\/\",\"url\":\"https:\\\/\\\/www.malinashop.lt\\\/lt_lt\\\/shop\\\/anua-veido-prausiklis-heartleaf-quercetinol-pore-deep-cleansing-foam\\\/\",\"name\":\"Anua veido prausiklis Heartleaf Quercetinol Pore Deep Cleansing Foam - MalinaShop.lt J\u016bs\u0173 sveikatai ir gro\u017eiui.\",\"isPartOf\":{\"@id\":\"https:\\\/\\\/www.malinashop.lt\\\/#website\"},\"primaryImageOfPage\":{\"@id\":\"https:\\\/\\\/www.malinashop.lt\\\/lt_lt\\\/shop\\\/anua-veido-prausiklis-heartleaf-quercetinol-pore-deep-cleansing-foam\\\/#primaryimage\"},\"image\":{\"@id\":\"https:\\\/\\\/www.malinashop.lt\\\/lt_lt\\\/shop\\\/anua-veido-prausiklis-heartleaf-quercetinol-pore-deep-cleansing-foam\\\/#primaryimage\"},\"thumbnailUrl\":\"https:\\\/\\\/www.malinashop.lt\\\/wp-content\\\/uploads\\\/2026\\\/04\\\/Anua-veido-prausiklis-Heartleaf-Quercetinol-Pore-Deep-Cleansing-Foam.webp\",\"datePublished\":\"2026-03-04T18:20:44+00:00\",\"dateModified\":\"2026-04-07T19:17:56+00:00\",\"description\":\"ANUA prausiklis su heartleaf ir salicilo r\u016bg\u0161timi giliai valo poras, ma\u017eina riebalus, padeda kovoti su spuogais ir dr\u0117kina od\u0105, 150 ml.\",\"breadcrumb\":{\"@id\":\"https:\\\/\\\/www.malinashop.lt\\\/lt_lt\\\/shop\\\/anua-veido-prausiklis-heartleaf-quercetinol-pore-deep-cleansing-foam\\\/#breadcrumb\"},\"inLanguage\":\"en-GB\",\"potentialAction\":[{\"@type\":\"ReadAction\",\"target\":[\"https:\\\/\\\/www.malinashop.lt\\\/lt_lt\\\/shop\\\/anua-veido-prausiklis-heartleaf-quercetinol-pore-deep-cleansing-foam\\\/\"]}]},{\"@type\":\"ImageObject\",\"inLanguage\":\"en-GB\",\"@id\":\"https:\\\/\\\/www.malinashop.lt\\\/lt_lt\\\/shop\\\/anua-veido-prausiklis-heartleaf-quercetinol-pore-deep-cleansing-foam\\\/#primaryimage\",\"url\":\"https:\\\/\\\/www.malinashop.lt\\\/wp-content\\\/uploads\\\/2026\\\/04\\\/Anua-veido-prausiklis-Heartleaf-Quercetinol-Pore-Deep-Cleansing-Foam.webp\",\"contentUrl\":\"https:\\\/\\\/www.malinashop.lt\\\/wp-content\\\/uploads\\\/2026\\\/04\\\/Anua-veido-prausiklis-Heartleaf-Quercetinol-Pore-Deep-Cleansing-Foam.webp\",\"width\":1100,\"height\":1100},{\"@type\":\"BreadcrumbList\",\"@id\":\"https:\\\/\\\/www.malinashop.lt\\\/lt_lt\\\/shop\\\/anua-veido-prausiklis-heartleaf-quercetinol-pore-deep-cleansing-foam\\\/#breadcrumb\",\"itemListElement\":[{\"@type\":\"ListItem\",\"position\":1,\"name\":\"Pagrindinis\",\"item\":\"https:\\\/\\\/www.malinashop.lt\\\/\"},{\"@type\":\"ListItem\",\"position\":2,\"name\":\"Parduotuv\u0117\",\"item\":\"https:\\\/\\\/www.malinashop.lt\\\/en\\\/parduotuve\\\/\"},{\"@type\":\"ListItem\",\"position\":3,\"name\":\"Anua veido prausiklis Heartleaf Quercetinol Pore Deep Cleansing Foam\"}]},{\"@type\":\"WebSite\",\"@id\":\"https:\\\/\\\/www.malinashop.lt\\\/#website\",\"url\":\"https:\\\/\\\/www.malinashop.lt\\\/\",\"name\":\"COM Group Ecommerce\",\"description\":\"MalinaShop.lt - Gro\u017eio ir sveikatos produktai i\u0161 patikim\u0173 preki\u0173 \u017eenkl\u0173. Atraskite auk\u0161tos kokyb\u0117s kosmetik\u0105 u\u017e puiki\u0105 kain\u0105.\",\"publisher\":{\"@id\":\"https:\\\/\\\/www.malinashop.lt\\\/#organization\"},\"potentialAction\":[{\"@type\":\"SearchAction\",\"target\":{\"@type\":\"EntryPoint\",\"urlTemplate\":\"https:\\\/\\\/www.malinashop.lt\\\/?s={search_term_string}\"},\"query-input\":{\"@type\":\"PropertyValueSpecification\",\"valueRequired\":true,\"valueName\":\"search_term_string\"}}],\"inLanguage\":\"en-GB\"},{\"@type\":\"Organization\",\"@id\":\"https:\\\/\\\/www.malinashop.lt\\\/#organization\",\"name\":\"COM Group Ecommerce\",\"url\":\"https:\\\/\\\/www.malinashop.lt\\\/\",\"logo\":{\"@type\":\"ImageObject\",\"inLanguage\":\"en-GB\",\"@id\":\"https:\\\/\\\/www.malinashop.lt\\\/#\\\/schema\\\/logo\\\/image\\\/\",\"url\":\"https:\\\/\\\/www.malinashop.lt\\\/wp-content\\\/uploads\\\/2024\\\/08\\\/462559670_3787732518133670_9795632669273463_n-e1731525914575.png\",\"contentUrl\":\"https:\\\/\\\/www.malinashop.lt\\\/wp-content\\\/uploads\\\/2024\\\/08\\\/462559670_3787732518133670_9795632669273463_n-e1731525914575.png\",\"width\":180,\"height\":60,\"caption\":\"COM Group Ecommerce\"},\"image\":{\"@id\":\"https:\\\/\\\/www.malinashop.lt\\\/#\\\/schema\\\/logo\\\/image\\\/\"}}]}<\/script>\n<!-- \/ Yoast SEO plugin. -->","yoast_head_json":{"title":"Anua veido prausiklis Heartleaf Quercetinol Pore Deep Cleansing Foam - MalinaShop.lt J\u016bs\u0173 sveikatai ir gro\u017eiui.","description":"ANUA prausiklis su heartleaf ir salicilo r\u016bg\u0161timi giliai valo poras, ma\u017eina riebalus, padeda kovoti su spuogais ir dr\u0117kina od\u0105, 150 ml.","robots":{"index":"index","follow":"follow","max-snippet":"max-snippet:-1","max-image-preview":"max-image-preview:large","max-video-preview":"max-video-preview:-1"},"canonical":"https:\/\/www.malinashop.lt\/en\/shop\/anua-veido-prausiklis-heartleaf-quercetinol-pore-deep-cleansing-foam\/","og_locale":"en_GB","og_type":"article","og_title":"Anua veido prausiklis Heartleaf Quercetinol Pore Deep Cleansing Foam - MalinaShop.lt J\u016bs\u0173 sveikatai ir gro\u017eiui.","og_description":"ANUA prausiklis su heartleaf ir salicilo r\u016bg\u0161timi giliai valo poras, ma\u017eina riebalus, padeda kovoti su spuogais ir dr\u0117kina od\u0105, 150 ml.","og_url":"https:\/\/www.malinashop.lt\/en\/shop\/anua-veido-prausiklis-heartleaf-quercetinol-pore-deep-cleansing-foam\/","og_site_name":"MalinaShop.lt J\u016bs\u0173 sveikatai ir gro\u017eiui.","article_modified_time":"2026-04-07T19:17:56+00:00","og_image":[{"width":1100,"height":1100,"url":"https:\/\/www.malinashop.lt\/wp-content\/uploads\/2026\/04\/Anua-veido-prausiklis-Heartleaf-Quercetinol-Pore-Deep-Cleansing-Foam.webp","type":"image\/webp"}],"twitter_card":"summary_large_image","schema":{"@context":"https:\/\/schema.org","@graph":[{"@type":"WebPage","@id":"https:\/\/www.malinashop.lt\/lt_lt\/shop\/anua-veido-prausiklis-heartleaf-quercetinol-pore-deep-cleansing-foam\/","url":"https:\/\/www.malinashop.lt\/lt_lt\/shop\/anua-veido-prausiklis-heartleaf-quercetinol-pore-deep-cleansing-foam\/","name":"Anua veido prausiklis Heartleaf Quercetinol Pore Deep Cleansing Foam - MalinaShop.lt J\u016bs\u0173 sveikatai ir gro\u017eiui.","isPartOf":{"@id":"https:\/\/www.malinashop.lt\/#website"},"primaryImageOfPage":{"@id":"https:\/\/www.malinashop.lt\/lt_lt\/shop\/anua-veido-prausiklis-heartleaf-quercetinol-pore-deep-cleansing-foam\/#primaryimage"},"image":{"@id":"https:\/\/www.malinashop.lt\/lt_lt\/shop\/anua-veido-prausiklis-heartleaf-quercetinol-pore-deep-cleansing-foam\/#primaryimage"},"thumbnailUrl":"https:\/\/www.malinashop.lt\/wp-content\/uploads\/2026\/04\/Anua-veido-prausiklis-Heartleaf-Quercetinol-Pore-Deep-Cleansing-Foam.webp","datePublished":"2026-03-04T18:20:44+00:00","dateModified":"2026-04-07T19:17:56+00:00","description":"ANUA prausiklis su heartleaf ir salicilo r\u016bg\u0161timi giliai valo poras, ma\u017eina riebalus, padeda kovoti su spuogais ir dr\u0117kina od\u0105, 150 ml.","breadcrumb":{"@id":"https:\/\/www.malinashop.lt\/lt_lt\/shop\/anua-veido-prausiklis-heartleaf-quercetinol-pore-deep-cleansing-foam\/#breadcrumb"},"inLanguage":"en-GB","potentialAction":[{"@type":"ReadAction","target":["https:\/\/www.malinashop.lt\/lt_lt\/shop\/anua-veido-prausiklis-heartleaf-quercetinol-pore-deep-cleansing-foam\/"]}]},{"@type":"ImageObject","inLanguage":"en-GB","@id":"https:\/\/www.malinashop.lt\/lt_lt\/shop\/anua-veido-prausiklis-heartleaf-quercetinol-pore-deep-cleansing-foam\/#primaryimage","url":"https:\/\/www.malinashop.lt\/wp-content\/uploads\/2026\/04\/Anua-veido-prausiklis-Heartleaf-Quercetinol-Pore-Deep-Cleansing-Foam.webp","contentUrl":"https:\/\/www.malinashop.lt\/wp-content\/uploads\/2026\/04\/Anua-veido-prausiklis-Heartleaf-Quercetinol-Pore-Deep-Cleansing-Foam.webp","width":1100,"height":1100},{"@type":"BreadcrumbList","@id":"https:\/\/www.malinashop.lt\/lt_lt\/shop\/anua-veido-prausiklis-heartleaf-quercetinol-pore-deep-cleansing-foam\/#breadcrumb","itemListElement":[{"@type":"ListItem","position":1,"name":"Pagrindinis","item":"https:\/\/www.malinashop.lt\/"},{"@type":"ListItem","position":2,"name":"Parduotuv\u0117","item":"https:\/\/www.malinashop.lt\/en\/parduotuve\/"},{"@type":"ListItem","position":3,"name":"Anua veido prausiklis Heartleaf Quercetinol Pore Deep Cleansing Foam"}]},{"@type":"WebSite","@id":"https:\/\/www.malinashop.lt\/#website","url":"https:\/\/www.malinashop.lt\/","name":"COM Group Ecommerce","description":"MalinaShop.lt - Gro\u017eio ir sveikatos produktai i\u0161 patikim\u0173 preki\u0173 \u017eenkl\u0173. Atraskite auk\u0161tos kokyb\u0117s kosmetik\u0105 u\u017e puiki\u0105 kain\u0105.","publisher":{"@id":"https:\/\/www.malinashop.lt\/#organization"},"potentialAction":[{"@type":"SearchAction","target":{"@type":"EntryPoint","urlTemplate":"https:\/\/www.malinashop.lt\/?s={search_term_string}"},"query-input":{"@type":"PropertyValueSpecification","valueRequired":true,"valueName":"search_term_string"}}],"inLanguage":"en-GB"},{"@type":"Organization","@id":"https:\/\/www.malinashop.lt\/#organization","name":"COM Group Ecommerce","url":"https:\/\/www.malinashop.lt\/","logo":{"@type":"ImageObject","inLanguage":"en-GB","@id":"https:\/\/www.malinashop.lt\/#\/schema\/logo\/image\/","url":"https:\/\/www.malinashop.lt\/wp-content\/uploads\/2024\/08\/462559670_3787732518133670_9795632669273463_n-e1731525914575.png","contentUrl":"https:\/\/www.malinashop.lt\/wp-content\/uploads\/2024\/08\/462559670_3787732518133670_9795632669273463_n-e1731525914575.png","width":180,"height":60,"caption":"COM Group Ecommerce"},"image":{"@id":"https:\/\/www.malinashop.lt\/#\/schema\/logo\/image\/"}}]}},"jetpack_sharing_enabled":true,"_links":{"self":[{"href":"https:\/\/www.malinashop.lt\/en\/wp-json\/wp\/v2\/product\/76119","targetHints":{"allow":["GET"]}}],"collection":[{"href":"https:\/\/www.malinashop.lt\/en\/wp-json\/wp\/v2\/product"}],"about":[{"href":"https:\/\/www.malinashop.lt\/en\/wp-json\/wp\/v2\/types\/product"}],"version-history":[{"count":1,"href":"https:\/\/www.malinashop.lt\/en\/wp-json\/wp\/v2\/product\/76119\/revisions"}],"predecessor-version":[{"id":76121,"href":"https:\/\/www.malinashop.lt\/en\/wp-json\/wp\/v2\/product\/76119\/revisions\/76121"}],"wp:featuredmedia":[{"embeddable":true,"href":"https:\/\/www.malinashop.lt\/en\/wp-json\/wp\/v2\/media\/76120"}],"wp:attachment":[{"href":"https:\/\/www.malinashop.lt\/en\/wp-json\/wp\/v2\/media?parent=76119"}],"wp:term":[{"taxonomy":"product_brand","embeddable":true,"href":"https:\/\/www.malinashop.lt\/en\/wp-json\/wp\/v2\/product_brand?post=76119"},{"taxonomy":"product_cat","embeddable":true,"href":"https:\/\/www.malinashop.lt\/en\/wp-json\/wp\/v2\/product_cat?post=76119"},{"taxonomy":"product_tag","embeddable":true,"href":"https:\/\/www.malinashop.lt\/en\/wp-json\/wp\/v2\/product_tag?post=76119"}],"curies":[{"name":"wp","href":"https:\/\/api.w.org\/{rel}","templated":true}]}}