{"id":76113,"date":"2026-04-04T21:18:29","date_gmt":"2026-04-04T18:18:29","guid":{"rendered":"https:\/\/malinashop.lt\/?post_type=product&#038;p=76113"},"modified":"2026-04-07T22:17:46","modified_gmt":"2026-04-07T19:17:46","slug":"anua-veido-serumas-peach-70-niacin-serum","status":"publish","type":"product","link":"https:\/\/www.malinashop.lt\/en\/shop\/anua-veido-serumas-peach-70-niacin-serum\/","title":{"rendered":"Anua veido serumas Peach 70 Niacin Serum"},"content":{"rendered":"<p data-start=\"303\" data-end=\"527\">ANUA Peach 70 Niacin Serum \u2013 tai odos skaistinimui ir tekst\u016bros gerinimui skirtas veido serumas, praturtintas 70 % persik\u0173 vaisi\u0173 ekstraktu. \u0160i formul\u0117 padeda atgaivinti papilk\u0117jusi\u0105 od\u0105 ir suteikia jai nat\u016bralaus \u0161vyt\u0117jimo.<\/p>\n<p data-start=\"529\" data-end=\"795\">Niacinamidas (5 %) efektyviai lygina odos ton\u0105, ma\u017eina por\u0173 matomum\u0105 ir gerina bendr\u0105 odos i\u0161vaizd\u0105. Persik\u0173 jogurto kompleksas su persik\u0173 \u017eied\u0173 ekstraktu ir betaino salicilatu \u0161velniai pa\u0161alina negyvas odos l\u0105steles, padeda i\u0161valyti poras ir pagerina odos tekst\u016br\u0105.<\/p>\n<p data-start=\"797\" data-end=\"996\">Serumas papildytas vitaminu B12, keramidu ir hialurono r\u016bg\u0161ties kompleksu, kurie intensyviai dr\u0117kina, ramina ir stiprina odos apsaugin\u012f barjer\u0105. Lengva tekst\u016bra greitai \u012fsigeria ir nepalieka lipnumo.<\/p>\n<p data-start=\"998\" data-end=\"1071\">Reguliariai naudojant oda tampa lygesn\u0117, skaistesn\u0117 ir labiau sudr\u0117kinta.<\/p>\n<p data-start=\"1073\" data-end=\"1094\">Tinka vis\u0173 tip\u0173 odai.<\/p>\n<hr data-start=\"1096\" data-end=\"1099\" \/>\n<h4 data-section-id=\"1stuw1d\" data-start=\"1101\" data-end=\"1122\"><span role=\"text\"><strong data-start=\"1105\" data-end=\"1120\">Naudojimas:<\/strong><\/span><\/h4>\n<p data-start=\"1123\" data-end=\"1178\">Tepkite ant \u0161varios ir tonizuotos veido bei kaklo odos.<\/p>\n<hr data-start=\"1180\" data-end=\"1183\" \/>\n<h5 data-section-id=\"kd1lm3\" data-start=\"1185\" data-end=\"1210\"><span role=\"text\"><strong data-start=\"1189\" data-end=\"1208\">Sud\u0117tis (INCI):<\/strong><\/span><\/h5>\n<p data-start=\"1211\" data-end=\"2311\">Aqua (Water), Glycerin, Niacinamide, Butylene Glycol, Diethoxyethyl Succinate, 1,2-Hexanediol, Lactobacillus Ferment, Prunus Persica (Peach) Fruit Extract, Pentylene Glycol, Sodium Hyaluronate, Polyglyceryl-10 Laurate, Xanthan Gum, Sphingomonas Ferment Extract, Betaine Salicylate, Alpha-Arbutin, Parfum (Fragrance), Sodium Phytate, Cellulose, Caprylic\/Capric Triglyceride, Hydrogenated Lecithin, Panthenol, Polyglutamic Acid, Melia Azadirachta Flower Extract, Ocimum Sanctum Leaf Extract, Melia Azadirachta Leaf Extract, Linoleic Acid, Linolenic Acid, Carthamus Tinctorius (Safflower) Seed Oil, Polyglyceryl-10 Oleate, Salvia Hispanica Seed Oil, Sucrose Palmitate, Curcuma Longa (Turmeric) Root Extract, Cyanocobalamin, Corallina Officinalis Extract, 3-O-Ethyl Ascorbic Acid, Ceramide NP, Hydrolyzed Hyaluronic Acid, Chamaecyparis Obtusa Leaf Extract, Prunus Persica (Peach) Flower Extract, Camellia Sinensis Seed Oil, Asiaticoside, Madecassic Acid, Asiatic Acid, Yeast Ferment Extract, Centella Asiatica Extract, Artemisia Princeps Leaf Extract, Candida Bombicola\/Glucose\/Methyl Rapeseedate Ferment<\/p>\n","protected":false},"excerpt":{"rendered":"<p data-start=\"181\" data-end=\"275\">Serumas su 70% persik\u0173 ekstraktu ir niacinamidu skaistina od\u0105, lygina ton\u0105 ir gerina tekst\u016br\u0105.<\/p>\n","protected":false},"featured_media":76117,"template":"","meta":[],"product_brand":[1677],"product_cat":[550,728],"product_tag":[],"class_list":{"0":"post-76113","1":"product","2":"type-product","3":"status-publish","4":"has-post-thumbnail","6":"product_brand-anua","7":"product_cat-veido-serumai","8":"product_cat-veidui","10":"first","11":"instock","12":"taxable","13":"shipping-taxable","14":"purchasable","15":"product-type-simple"},"yoast_head":"<!-- This site is optimized with the Yoast SEO plugin v27.4 - https:\/\/yoast.com\/product\/yoast-seo-wordpress\/ -->\n<title>Anua veido serumas Peach 70 Niacin Serum - MalinaShop.lt J\u016bs\u0173 sveikatai ir gro\u017eiui.<\/title>\n<meta name=\"description\" content=\"ANUA serumas su 70% persik\u0173 ekstraktu ir niacinamidu skaistina od\u0105, lygina ton\u0105, ma\u017eina poras ir dr\u0117kina, suteikia \u0161vyt\u0117jimo, 30 ml.\" \/>\n<meta name=\"robots\" content=\"index, follow, max-snippet:-1, max-image-preview:large, max-video-preview:-1\" \/>\n<link rel=\"canonical\" href=\"https:\/\/www.malinashop.lt\/en\/shop\/anua-veido-serumas-peach-70-niacin-serum\/\" \/>\n<meta property=\"og:locale\" content=\"en_GB\" \/>\n<meta property=\"og:type\" content=\"article\" \/>\n<meta property=\"og:title\" content=\"Anua veido serumas Peach 70 Niacin Serum - MalinaShop.lt J\u016bs\u0173 sveikatai ir gro\u017eiui.\" \/>\n<meta property=\"og:description\" content=\"ANUA serumas su 70% persik\u0173 ekstraktu ir niacinamidu skaistina od\u0105, lygina ton\u0105, ma\u017eina poras ir dr\u0117kina, suteikia \u0161vyt\u0117jimo, 30 ml.\" \/>\n<meta property=\"og:url\" content=\"https:\/\/www.malinashop.lt\/en\/shop\/anua-veido-serumas-peach-70-niacin-serum\/\" \/>\n<meta property=\"og:site_name\" content=\"MalinaShop.lt J\u016bs\u0173 sveikatai ir gro\u017eiui.\" \/>\n<meta property=\"article:modified_time\" content=\"2026-04-07T19:17:46+00:00\" \/>\n<meta property=\"og:image\" content=\"https:\/\/www.malinashop.lt\/wp-content\/uploads\/2026\/04\/Anua-veido-serumas-Peach-70-Niacin-Serum.webp\" \/>\n\t<meta property=\"og:image:width\" content=\"1100\" \/>\n\t<meta property=\"og:image:height\" content=\"1100\" \/>\n\t<meta property=\"og:image:type\" content=\"image\/webp\" \/>\n<meta name=\"twitter:card\" content=\"summary_large_image\" \/>\n<script type=\"application\/ld+json\" class=\"yoast-schema-graph\">{\"@context\":\"https:\\\/\\\/schema.org\",\"@graph\":[{\"@type\":\"WebPage\",\"@id\":\"https:\\\/\\\/www.malinashop.lt\\\/lt_lt\\\/shop\\\/anua-veido-serumas-peach-70-niacin-serum\\\/\",\"url\":\"https:\\\/\\\/www.malinashop.lt\\\/lt_lt\\\/shop\\\/anua-veido-serumas-peach-70-niacin-serum\\\/\",\"name\":\"Anua veido serumas Peach 70 Niacin Serum - MalinaShop.lt J\u016bs\u0173 sveikatai ir gro\u017eiui.\",\"isPartOf\":{\"@id\":\"https:\\\/\\\/www.malinashop.lt\\\/#website\"},\"primaryImageOfPage\":{\"@id\":\"https:\\\/\\\/www.malinashop.lt\\\/lt_lt\\\/shop\\\/anua-veido-serumas-peach-70-niacin-serum\\\/#primaryimage\"},\"image\":{\"@id\":\"https:\\\/\\\/www.malinashop.lt\\\/lt_lt\\\/shop\\\/anua-veido-serumas-peach-70-niacin-serum\\\/#primaryimage\"},\"thumbnailUrl\":\"https:\\\/\\\/www.malinashop.lt\\\/wp-content\\\/uploads\\\/2026\\\/04\\\/Anua-veido-serumas-Peach-70-Niacin-Serum.webp\",\"datePublished\":\"2026-04-04T18:18:29+00:00\",\"dateModified\":\"2026-04-07T19:17:46+00:00\",\"description\":\"ANUA serumas su 70% persik\u0173 ekstraktu ir niacinamidu skaistina od\u0105, lygina ton\u0105, ma\u017eina poras ir dr\u0117kina, suteikia \u0161vyt\u0117jimo, 30 ml.\",\"breadcrumb\":{\"@id\":\"https:\\\/\\\/www.malinashop.lt\\\/lt_lt\\\/shop\\\/anua-veido-serumas-peach-70-niacin-serum\\\/#breadcrumb\"},\"inLanguage\":\"en-GB\",\"potentialAction\":[{\"@type\":\"ReadAction\",\"target\":[\"https:\\\/\\\/www.malinashop.lt\\\/lt_lt\\\/shop\\\/anua-veido-serumas-peach-70-niacin-serum\\\/\"]}]},{\"@type\":\"ImageObject\",\"inLanguage\":\"en-GB\",\"@id\":\"https:\\\/\\\/www.malinashop.lt\\\/lt_lt\\\/shop\\\/anua-veido-serumas-peach-70-niacin-serum\\\/#primaryimage\",\"url\":\"https:\\\/\\\/www.malinashop.lt\\\/wp-content\\\/uploads\\\/2026\\\/04\\\/Anua-veido-serumas-Peach-70-Niacin-Serum.webp\",\"contentUrl\":\"https:\\\/\\\/www.malinashop.lt\\\/wp-content\\\/uploads\\\/2026\\\/04\\\/Anua-veido-serumas-Peach-70-Niacin-Serum.webp\",\"width\":1100,\"height\":1100},{\"@type\":\"BreadcrumbList\",\"@id\":\"https:\\\/\\\/www.malinashop.lt\\\/lt_lt\\\/shop\\\/anua-veido-serumas-peach-70-niacin-serum\\\/#breadcrumb\",\"itemListElement\":[{\"@type\":\"ListItem\",\"position\":1,\"name\":\"Pagrindinis\",\"item\":\"https:\\\/\\\/www.malinashop.lt\\\/\"},{\"@type\":\"ListItem\",\"position\":2,\"name\":\"Parduotuv\u0117\",\"item\":\"https:\\\/\\\/www.malinashop.lt\\\/en\\\/parduotuve\\\/\"},{\"@type\":\"ListItem\",\"position\":3,\"name\":\"Anua veido serumas Peach 70 Niacin Serum\"}]},{\"@type\":\"WebSite\",\"@id\":\"https:\\\/\\\/www.malinashop.lt\\\/#website\",\"url\":\"https:\\\/\\\/www.malinashop.lt\\\/\",\"name\":\"COM Group Ecommerce\",\"description\":\"MalinaShop.lt - Gro\u017eio ir sveikatos produktai i\u0161 patikim\u0173 preki\u0173 \u017eenkl\u0173. Atraskite auk\u0161tos kokyb\u0117s kosmetik\u0105 u\u017e puiki\u0105 kain\u0105.\",\"publisher\":{\"@id\":\"https:\\\/\\\/www.malinashop.lt\\\/#organization\"},\"potentialAction\":[{\"@type\":\"SearchAction\",\"target\":{\"@type\":\"EntryPoint\",\"urlTemplate\":\"https:\\\/\\\/www.malinashop.lt\\\/?s={search_term_string}\"},\"query-input\":{\"@type\":\"PropertyValueSpecification\",\"valueRequired\":true,\"valueName\":\"search_term_string\"}}],\"inLanguage\":\"en-GB\"},{\"@type\":\"Organization\",\"@id\":\"https:\\\/\\\/www.malinashop.lt\\\/#organization\",\"name\":\"COM Group Ecommerce\",\"url\":\"https:\\\/\\\/www.malinashop.lt\\\/\",\"logo\":{\"@type\":\"ImageObject\",\"inLanguage\":\"en-GB\",\"@id\":\"https:\\\/\\\/www.malinashop.lt\\\/#\\\/schema\\\/logo\\\/image\\\/\",\"url\":\"https:\\\/\\\/www.malinashop.lt\\\/wp-content\\\/uploads\\\/2024\\\/08\\\/462559670_3787732518133670_9795632669273463_n-e1731525914575.png\",\"contentUrl\":\"https:\\\/\\\/www.malinashop.lt\\\/wp-content\\\/uploads\\\/2024\\\/08\\\/462559670_3787732518133670_9795632669273463_n-e1731525914575.png\",\"width\":180,\"height\":60,\"caption\":\"COM Group Ecommerce\"},\"image\":{\"@id\":\"https:\\\/\\\/www.malinashop.lt\\\/#\\\/schema\\\/logo\\\/image\\\/\"}}]}<\/script>\n<!-- \/ Yoast SEO plugin. -->","yoast_head_json":{"title":"Anua veido serumas Peach 70 Niacin Serum - MalinaShop.lt J\u016bs\u0173 sveikatai ir gro\u017eiui.","description":"ANUA serumas su 70% persik\u0173 ekstraktu ir niacinamidu skaistina od\u0105, lygina ton\u0105, ma\u017eina poras ir dr\u0117kina, suteikia \u0161vyt\u0117jimo, 30 ml.","robots":{"index":"index","follow":"follow","max-snippet":"max-snippet:-1","max-image-preview":"max-image-preview:large","max-video-preview":"max-video-preview:-1"},"canonical":"https:\/\/www.malinashop.lt\/en\/shop\/anua-veido-serumas-peach-70-niacin-serum\/","og_locale":"en_GB","og_type":"article","og_title":"Anua veido serumas Peach 70 Niacin Serum - MalinaShop.lt J\u016bs\u0173 sveikatai ir gro\u017eiui.","og_description":"ANUA serumas su 70% persik\u0173 ekstraktu ir niacinamidu skaistina od\u0105, lygina ton\u0105, ma\u017eina poras ir dr\u0117kina, suteikia \u0161vyt\u0117jimo, 30 ml.","og_url":"https:\/\/www.malinashop.lt\/en\/shop\/anua-veido-serumas-peach-70-niacin-serum\/","og_site_name":"MalinaShop.lt J\u016bs\u0173 sveikatai ir gro\u017eiui.","article_modified_time":"2026-04-07T19:17:46+00:00","og_image":[{"width":1100,"height":1100,"url":"https:\/\/www.malinashop.lt\/wp-content\/uploads\/2026\/04\/Anua-veido-serumas-Peach-70-Niacin-Serum.webp","type":"image\/webp"}],"twitter_card":"summary_large_image","schema":{"@context":"https:\/\/schema.org","@graph":[{"@type":"WebPage","@id":"https:\/\/www.malinashop.lt\/lt_lt\/shop\/anua-veido-serumas-peach-70-niacin-serum\/","url":"https:\/\/www.malinashop.lt\/lt_lt\/shop\/anua-veido-serumas-peach-70-niacin-serum\/","name":"Anua veido serumas Peach 70 Niacin Serum - MalinaShop.lt J\u016bs\u0173 sveikatai ir gro\u017eiui.","isPartOf":{"@id":"https:\/\/www.malinashop.lt\/#website"},"primaryImageOfPage":{"@id":"https:\/\/www.malinashop.lt\/lt_lt\/shop\/anua-veido-serumas-peach-70-niacin-serum\/#primaryimage"},"image":{"@id":"https:\/\/www.malinashop.lt\/lt_lt\/shop\/anua-veido-serumas-peach-70-niacin-serum\/#primaryimage"},"thumbnailUrl":"https:\/\/www.malinashop.lt\/wp-content\/uploads\/2026\/04\/Anua-veido-serumas-Peach-70-Niacin-Serum.webp","datePublished":"2026-04-04T18:18:29+00:00","dateModified":"2026-04-07T19:17:46+00:00","description":"ANUA serumas su 70% persik\u0173 ekstraktu ir niacinamidu skaistina od\u0105, lygina ton\u0105, ma\u017eina poras ir dr\u0117kina, suteikia \u0161vyt\u0117jimo, 30 ml.","breadcrumb":{"@id":"https:\/\/www.malinashop.lt\/lt_lt\/shop\/anua-veido-serumas-peach-70-niacin-serum\/#breadcrumb"},"inLanguage":"en-GB","potentialAction":[{"@type":"ReadAction","target":["https:\/\/www.malinashop.lt\/lt_lt\/shop\/anua-veido-serumas-peach-70-niacin-serum\/"]}]},{"@type":"ImageObject","inLanguage":"en-GB","@id":"https:\/\/www.malinashop.lt\/lt_lt\/shop\/anua-veido-serumas-peach-70-niacin-serum\/#primaryimage","url":"https:\/\/www.malinashop.lt\/wp-content\/uploads\/2026\/04\/Anua-veido-serumas-Peach-70-Niacin-Serum.webp","contentUrl":"https:\/\/www.malinashop.lt\/wp-content\/uploads\/2026\/04\/Anua-veido-serumas-Peach-70-Niacin-Serum.webp","width":1100,"height":1100},{"@type":"BreadcrumbList","@id":"https:\/\/www.malinashop.lt\/lt_lt\/shop\/anua-veido-serumas-peach-70-niacin-serum\/#breadcrumb","itemListElement":[{"@type":"ListItem","position":1,"name":"Pagrindinis","item":"https:\/\/www.malinashop.lt\/"},{"@type":"ListItem","position":2,"name":"Parduotuv\u0117","item":"https:\/\/www.malinashop.lt\/en\/parduotuve\/"},{"@type":"ListItem","position":3,"name":"Anua veido serumas Peach 70 Niacin Serum"}]},{"@type":"WebSite","@id":"https:\/\/www.malinashop.lt\/#website","url":"https:\/\/www.malinashop.lt\/","name":"COM Group Ecommerce","description":"MalinaShop.lt - Gro\u017eio ir sveikatos produktai i\u0161 patikim\u0173 preki\u0173 \u017eenkl\u0173. Atraskite auk\u0161tos kokyb\u0117s kosmetik\u0105 u\u017e puiki\u0105 kain\u0105.","publisher":{"@id":"https:\/\/www.malinashop.lt\/#organization"},"potentialAction":[{"@type":"SearchAction","target":{"@type":"EntryPoint","urlTemplate":"https:\/\/www.malinashop.lt\/?s={search_term_string}"},"query-input":{"@type":"PropertyValueSpecification","valueRequired":true,"valueName":"search_term_string"}}],"inLanguage":"en-GB"},{"@type":"Organization","@id":"https:\/\/www.malinashop.lt\/#organization","name":"COM Group Ecommerce","url":"https:\/\/www.malinashop.lt\/","logo":{"@type":"ImageObject","inLanguage":"en-GB","@id":"https:\/\/www.malinashop.lt\/#\/schema\/logo\/image\/","url":"https:\/\/www.malinashop.lt\/wp-content\/uploads\/2024\/08\/462559670_3787732518133670_9795632669273463_n-e1731525914575.png","contentUrl":"https:\/\/www.malinashop.lt\/wp-content\/uploads\/2024\/08\/462559670_3787732518133670_9795632669273463_n-e1731525914575.png","width":180,"height":60,"caption":"COM Group Ecommerce"},"image":{"@id":"https:\/\/www.malinashop.lt\/#\/schema\/logo\/image\/"}}]}},"jetpack_sharing_enabled":true,"_links":{"self":[{"href":"https:\/\/www.malinashop.lt\/en\/wp-json\/wp\/v2\/product\/76113","targetHints":{"allow":["GET"]}}],"collection":[{"href":"https:\/\/www.malinashop.lt\/en\/wp-json\/wp\/v2\/product"}],"about":[{"href":"https:\/\/www.malinashop.lt\/en\/wp-json\/wp\/v2\/types\/product"}],"version-history":[{"count":1,"href":"https:\/\/www.malinashop.lt\/en\/wp-json\/wp\/v2\/product\/76113\/revisions"}],"predecessor-version":[{"id":76118,"href":"https:\/\/www.malinashop.lt\/en\/wp-json\/wp\/v2\/product\/76113\/revisions\/76118"}],"wp:featuredmedia":[{"embeddable":true,"href":"https:\/\/www.malinashop.lt\/en\/wp-json\/wp\/v2\/media\/76117"}],"wp:attachment":[{"href":"https:\/\/www.malinashop.lt\/en\/wp-json\/wp\/v2\/media?parent=76113"}],"wp:term":[{"taxonomy":"product_brand","embeddable":true,"href":"https:\/\/www.malinashop.lt\/en\/wp-json\/wp\/v2\/product_brand?post=76113"},{"taxonomy":"product_cat","embeddable":true,"href":"https:\/\/www.malinashop.lt\/en\/wp-json\/wp\/v2\/product_cat?post=76113"},{"taxonomy":"product_tag","embeddable":true,"href":"https:\/\/www.malinashop.lt\/en\/wp-json\/wp\/v2\/product_tag?post=76113"}],"curies":[{"name":"wp","href":"https:\/\/api.w.org\/{rel}","templated":true}]}}