{"id":76107,"date":"2026-03-04T21:16:16","date_gmt":"2026-03-04T18:16:16","guid":{"rendered":"https:\/\/malinashop.lt\/?post_type=product&#038;p=76107"},"modified":"2026-04-07T22:17:56","modified_gmt":"2026-04-07T19:17:56","slug":"anua-veido-toneris-bha-2-gentle-exfoliating-toner","status":"publish","type":"product","link":"https:\/\/www.malinashop.lt\/en\/shop\/anua-veido-toneris-bha-2-gentle-exfoliating-toner\/","title":{"rendered":"Anua veido toneris BHA 2% Gentle Exfoliating Toner"},"content":{"rendered":"<p data-start=\"327\" data-end=\"607\">ANUA BHA 2% Gentle Exfoliating Toner \u2013 tai \u0161velniai eksfolijuojantis veido toneris, skirtas odos valymui, por\u0173 prie\u017ei\u016brai ir odos tekst\u016bros gerinimui. Sud\u0117tyje esanti 2 % salicilo r\u016bg\u0161tis (BHA) padeda pa\u0161alinti negyvas odos l\u0105steles, i\u0161valyti poras ir suma\u017einti riebal\u0173 pertekli\u0173.<\/p>\n<p data-start=\"609\" data-end=\"813\">Formul\u0117 papildyta 6 r\u016b\u0161i\u0173 keramidu kompleksu, kuris stiprina odos apsaugin\u012f barjer\u0105 ir padeda i\u0161laikyti dr\u0117gm\u0119. Hialurono r\u016bg\u0161ties kompleksas intensyviai dr\u0117kina, o pantenolis ramina ir ma\u017eina sudirgimus.<\/p>\n<p data-start=\"815\" data-end=\"1034\">Arbatmed\u017eio ekstraktas padeda suma\u017einti paraudimus ir veikia prie\u0161u\u017edegimi\u0161kai, tod\u0117l toneris puikiai tinka probleminei ir \u012f akn\u0119 linkusiai odai. Reguliariai naudojant oda tampa lygesn\u0117, \u0161varesn\u0117 ir labiau subalansuota.<\/p>\n<p data-start=\"1036\" data-end=\"1079\">Tinka mi\u0161riai, riebiai ir probleminei odai.<\/p>\n<hr data-start=\"1081\" data-end=\"1084\" \/>\n<h4 data-section-id=\"1stuw1d\" data-start=\"1086\" data-end=\"1107\"><span role=\"text\"><strong data-start=\"1090\" data-end=\"1105\">Naudojimas:<\/strong><\/span><\/h4>\n<p data-start=\"1108\" data-end=\"1260\">Tepkite ant \u0161varios ir sausos veido odos naudodami vatos diskel\u012f arba pir\u0161tus. Naudokite 2\u20134 kartus per savait\u0119. Dienos metu b\u016btina naudoti SPF apsaug\u0105.<\/p>\n<hr data-start=\"1262\" data-end=\"1265\" \/>\n<h5 data-section-id=\"kd1lm3\" data-start=\"1267\" data-end=\"1292\"><span role=\"text\"><strong data-start=\"1271\" data-end=\"1290\">Sud\u0117tis (INCI):<\/strong><\/span><\/h5>\n<p data-start=\"1293\" data-end=\"2625\">Aqua (Water), Dipropylene Glycol, 1,2-Hexanediol, Salicylic Acid, Pentylene Glycol, C12-14 Pareth-12, Octyldodeceth-16, Salix Alba (Willow) Bark Extract, Sodium Citrate, Butylene Glycol, Glycerin, Ethylhexylglycerin, Citric Acid, Xanthan Gum, Hydrogenated Lecithin, Disodium EDTA, Melaleuca Alternifolia (Tea Tree) Extract, Panthenol, Ficus Carica (Fig) Fruit Extract, Centella Asiatica Extract, Tocopherol, Pueraria Lobata Root Extract, Ulmus Davidiana Root Extract, Pinus Palustris Leaf Extract, Oenothera Biennis (Evening Primrose) Flower Extract, Ceramide NP, Zinc Sulfate, Triethylhexanoin, Cholesterol, Hydrogenated Polydecene, Glyceryl Stearate, Potassium C11-15 Alkyl Phosphate, Cetearyl Alcohol, Ceramide NG, Phytosphingosine, Ceramide AP, Ceramide AS, Dimethicone, Ceramide NS, Hydrolyzed Hyaluronic Acid, Dimethylsilanol Hyaluronate, Hydrolyzed Sodium Hyaluronate, Sodium Hyaluronate, Potassium Hyaluronate, Hyaluronic Acid, Sodium Hyaluronate Crosspolymer, Hydroxypropyltrimonium Hyaluronate, Sodium Hyaluronate Dimethylsilanol, Sodium Acetylated Hyaluronate, Citrulline, Ornithine, Taurine, Tryptophan, Asparagine, Glycine, Glutamic Acid, Glutamine, Leucine, Lysine, Methionine, Valine, Serine, Cysteine, Aspartic Acid, Alanine, Arginine, Isoleucine, Histidine, Proline, Phenylalanine, Tyrosine, Threonine, Ceramide EOP<\/p>\n","protected":false},"excerpt":{"rendered":"<p data-start=\"188\" data-end=\"299\">Tonikas su 2% BHA r\u016bg\u0161timi \u0161velniai \u0161vei\u010dia od\u0105, valo poras, ma\u017eina riebal\u0173 pertekli\u0173 ir stiprina odos barjer\u0105.<\/p>\n","protected":false},"featured_media":76111,"template":"","meta":[],"product_brand":[1677],"product_cat":[537,728],"product_tag":[],"class_list":{"0":"post-76107","1":"product","2":"type-product","3":"status-publish","4":"has-post-thumbnail","6":"product_brand-anua","7":"product_cat-veido-valymo-priemones","8":"product_cat-veidui","10":"first","11":"outofstock","12":"taxable","13":"shipping-taxable","14":"purchasable","15":"product-type-simple"},"yoast_head":"<!-- This site is optimized with the Yoast SEO plugin v27.4 - https:\/\/yoast.com\/product\/yoast-seo-wordpress\/ -->\n<title>Anua veido toneris BHA 2% Gentle Exfoliating Toner - MalinaShop.lt J\u016bs\u0173 sveikatai ir gro\u017eiui.<\/title>\n<meta name=\"description\" content=\"ANUA toneris su 2% BHA r\u016bg\u0161timi \u0161velniai \u0161vei\u010dia, valo poras, ma\u017eina riebalus, stiprina odos barjer\u0105 ir dr\u0117kina, 150 ml. Pirkti dabar\" \/>\n<meta name=\"robots\" content=\"index, follow, max-snippet:-1, max-image-preview:large, max-video-preview:-1\" \/>\n<link rel=\"canonical\" href=\"https:\/\/www.malinashop.lt\/en\/shop\/anua-veido-toneris-bha-2-gentle-exfoliating-toner\/\" \/>\n<meta property=\"og:locale\" content=\"en_GB\" \/>\n<meta property=\"og:type\" content=\"article\" \/>\n<meta property=\"og:title\" content=\"Anua veido toneris BHA 2% Gentle Exfoliating Toner - MalinaShop.lt J\u016bs\u0173 sveikatai ir gro\u017eiui.\" \/>\n<meta property=\"og:description\" content=\"ANUA toneris su 2% BHA r\u016bg\u0161timi \u0161velniai \u0161vei\u010dia, valo poras, ma\u017eina riebalus, stiprina odos barjer\u0105 ir dr\u0117kina, 150 ml. Pirkti dabar\" \/>\n<meta property=\"og:url\" content=\"https:\/\/www.malinashop.lt\/en\/shop\/anua-veido-toneris-bha-2-gentle-exfoliating-toner\/\" \/>\n<meta property=\"og:site_name\" content=\"MalinaShop.lt J\u016bs\u0173 sveikatai ir gro\u017eiui.\" \/>\n<meta property=\"article:modified_time\" content=\"2026-04-07T19:17:56+00:00\" \/>\n<meta property=\"og:image\" content=\"https:\/\/www.malinashop.lt\/wp-content\/uploads\/2026\/04\/Anua-veido-toneris-BHA-2-Gentle-Exfoliating-Toner.webp\" \/>\n\t<meta property=\"og:image:width\" content=\"1100\" \/>\n\t<meta property=\"og:image:height\" content=\"1100\" \/>\n\t<meta property=\"og:image:type\" content=\"image\/webp\" \/>\n<meta name=\"twitter:card\" content=\"summary_large_image\" \/>\n<script type=\"application\/ld+json\" class=\"yoast-schema-graph\">{\"@context\":\"https:\\\/\\\/schema.org\",\"@graph\":[{\"@type\":\"WebPage\",\"@id\":\"https:\\\/\\\/www.malinashop.lt\\\/en\\\/shop\\\/anua-veido-toneris-bha-2-gentle-exfoliating-toner\\\/\",\"url\":\"https:\\\/\\\/www.malinashop.lt\\\/en\\\/shop\\\/anua-veido-toneris-bha-2-gentle-exfoliating-toner\\\/\",\"name\":\"Anua veido toneris BHA 2% Gentle Exfoliating Toner - MalinaShop.lt J\u016bs\u0173 sveikatai ir gro\u017eiui.\",\"isPartOf\":{\"@id\":\"https:\\\/\\\/www.malinashop.lt\\\/#website\"},\"primaryImageOfPage\":{\"@id\":\"https:\\\/\\\/www.malinashop.lt\\\/en\\\/shop\\\/anua-veido-toneris-bha-2-gentle-exfoliating-toner\\\/#primaryimage\"},\"image\":{\"@id\":\"https:\\\/\\\/www.malinashop.lt\\\/en\\\/shop\\\/anua-veido-toneris-bha-2-gentle-exfoliating-toner\\\/#primaryimage\"},\"thumbnailUrl\":\"https:\\\/\\\/www.malinashop.lt\\\/wp-content\\\/uploads\\\/2026\\\/04\\\/Anua-veido-toneris-BHA-2-Gentle-Exfoliating-Toner.webp\",\"datePublished\":\"2026-03-04T18:16:16+00:00\",\"dateModified\":\"2026-04-07T19:17:56+00:00\",\"description\":\"ANUA toneris su 2% BHA r\u016bg\u0161timi \u0161velniai \u0161vei\u010dia, valo poras, ma\u017eina riebalus, stiprina odos barjer\u0105 ir dr\u0117kina, 150 ml. Pirkti dabar\",\"breadcrumb\":{\"@id\":\"https:\\\/\\\/www.malinashop.lt\\\/en\\\/shop\\\/anua-veido-toneris-bha-2-gentle-exfoliating-toner\\\/#breadcrumb\"},\"inLanguage\":\"en-GB\",\"potentialAction\":[{\"@type\":\"ReadAction\",\"target\":[\"https:\\\/\\\/www.malinashop.lt\\\/en\\\/shop\\\/anua-veido-toneris-bha-2-gentle-exfoliating-toner\\\/\"]}]},{\"@type\":\"ImageObject\",\"inLanguage\":\"en-GB\",\"@id\":\"https:\\\/\\\/www.malinashop.lt\\\/en\\\/shop\\\/anua-veido-toneris-bha-2-gentle-exfoliating-toner\\\/#primaryimage\",\"url\":\"https:\\\/\\\/www.malinashop.lt\\\/wp-content\\\/uploads\\\/2026\\\/04\\\/Anua-veido-toneris-BHA-2-Gentle-Exfoliating-Toner.webp\",\"contentUrl\":\"https:\\\/\\\/www.malinashop.lt\\\/wp-content\\\/uploads\\\/2026\\\/04\\\/Anua-veido-toneris-BHA-2-Gentle-Exfoliating-Toner.webp\",\"width\":1100,\"height\":1100},{\"@type\":\"BreadcrumbList\",\"@id\":\"https:\\\/\\\/www.malinashop.lt\\\/en\\\/shop\\\/anua-veido-toneris-bha-2-gentle-exfoliating-toner\\\/#breadcrumb\",\"itemListElement\":[{\"@type\":\"ListItem\",\"position\":1,\"name\":\"Pagrindinis\",\"item\":\"https:\\\/\\\/www.malinashop.lt\\\/\"},{\"@type\":\"ListItem\",\"position\":2,\"name\":\"Parduotuv\u0117\",\"item\":\"https:\\\/\\\/www.malinashop.lt\\\/en\\\/parduotuve\\\/\"},{\"@type\":\"ListItem\",\"position\":3,\"name\":\"Anua veido toneris BHA 2% Gentle Exfoliating Toner\"}]},{\"@type\":\"WebSite\",\"@id\":\"https:\\\/\\\/www.malinashop.lt\\\/#website\",\"url\":\"https:\\\/\\\/www.malinashop.lt\\\/\",\"name\":\"COM Group Ecommerce\",\"description\":\"MalinaShop.lt - Gro\u017eio ir sveikatos produktai i\u0161 patikim\u0173 preki\u0173 \u017eenkl\u0173. Atraskite auk\u0161tos kokyb\u0117s kosmetik\u0105 u\u017e puiki\u0105 kain\u0105.\",\"publisher\":{\"@id\":\"https:\\\/\\\/www.malinashop.lt\\\/#organization\"},\"potentialAction\":[{\"@type\":\"SearchAction\",\"target\":{\"@type\":\"EntryPoint\",\"urlTemplate\":\"https:\\\/\\\/www.malinashop.lt\\\/?s={search_term_string}\"},\"query-input\":{\"@type\":\"PropertyValueSpecification\",\"valueRequired\":true,\"valueName\":\"search_term_string\"}}],\"inLanguage\":\"en-GB\"},{\"@type\":\"Organization\",\"@id\":\"https:\\\/\\\/www.malinashop.lt\\\/#organization\",\"name\":\"COM Group Ecommerce\",\"url\":\"https:\\\/\\\/www.malinashop.lt\\\/\",\"logo\":{\"@type\":\"ImageObject\",\"inLanguage\":\"en-GB\",\"@id\":\"https:\\\/\\\/www.malinashop.lt\\\/#\\\/schema\\\/logo\\\/image\\\/\",\"url\":\"https:\\\/\\\/www.malinashop.lt\\\/wp-content\\\/uploads\\\/2024\\\/08\\\/462559670_3787732518133670_9795632669273463_n-e1731525914575.png\",\"contentUrl\":\"https:\\\/\\\/www.malinashop.lt\\\/wp-content\\\/uploads\\\/2024\\\/08\\\/462559670_3787732518133670_9795632669273463_n-e1731525914575.png\",\"width\":180,\"height\":60,\"caption\":\"COM Group Ecommerce\"},\"image\":{\"@id\":\"https:\\\/\\\/www.malinashop.lt\\\/#\\\/schema\\\/logo\\\/image\\\/\"}}]}<\/script>\n<!-- \/ Yoast SEO plugin. -->","yoast_head_json":{"title":"Anua veido toneris BHA 2% Gentle Exfoliating Toner - MalinaShop.lt J\u016bs\u0173 sveikatai ir gro\u017eiui.","description":"ANUA toneris su 2% BHA r\u016bg\u0161timi \u0161velniai \u0161vei\u010dia, valo poras, ma\u017eina riebalus, stiprina odos barjer\u0105 ir dr\u0117kina, 150 ml. Pirkti dabar","robots":{"index":"index","follow":"follow","max-snippet":"max-snippet:-1","max-image-preview":"max-image-preview:large","max-video-preview":"max-video-preview:-1"},"canonical":"https:\/\/www.malinashop.lt\/en\/shop\/anua-veido-toneris-bha-2-gentle-exfoliating-toner\/","og_locale":"en_GB","og_type":"article","og_title":"Anua veido toneris BHA 2% Gentle Exfoliating Toner - MalinaShop.lt J\u016bs\u0173 sveikatai ir gro\u017eiui.","og_description":"ANUA toneris su 2% BHA r\u016bg\u0161timi \u0161velniai \u0161vei\u010dia, valo poras, ma\u017eina riebalus, stiprina odos barjer\u0105 ir dr\u0117kina, 150 ml. Pirkti dabar","og_url":"https:\/\/www.malinashop.lt\/en\/shop\/anua-veido-toneris-bha-2-gentle-exfoliating-toner\/","og_site_name":"MalinaShop.lt J\u016bs\u0173 sveikatai ir gro\u017eiui.","article_modified_time":"2026-04-07T19:17:56+00:00","og_image":[{"width":1100,"height":1100,"url":"https:\/\/www.malinashop.lt\/wp-content\/uploads\/2026\/04\/Anua-veido-toneris-BHA-2-Gentle-Exfoliating-Toner.webp","type":"image\/webp"}],"twitter_card":"summary_large_image","schema":{"@context":"https:\/\/schema.org","@graph":[{"@type":"WebPage","@id":"https:\/\/www.malinashop.lt\/en\/shop\/anua-veido-toneris-bha-2-gentle-exfoliating-toner\/","url":"https:\/\/www.malinashop.lt\/en\/shop\/anua-veido-toneris-bha-2-gentle-exfoliating-toner\/","name":"Anua veido toneris BHA 2% Gentle Exfoliating Toner - MalinaShop.lt J\u016bs\u0173 sveikatai ir gro\u017eiui.","isPartOf":{"@id":"https:\/\/www.malinashop.lt\/#website"},"primaryImageOfPage":{"@id":"https:\/\/www.malinashop.lt\/en\/shop\/anua-veido-toneris-bha-2-gentle-exfoliating-toner\/#primaryimage"},"image":{"@id":"https:\/\/www.malinashop.lt\/en\/shop\/anua-veido-toneris-bha-2-gentle-exfoliating-toner\/#primaryimage"},"thumbnailUrl":"https:\/\/www.malinashop.lt\/wp-content\/uploads\/2026\/04\/Anua-veido-toneris-BHA-2-Gentle-Exfoliating-Toner.webp","datePublished":"2026-03-04T18:16:16+00:00","dateModified":"2026-04-07T19:17:56+00:00","description":"ANUA toneris su 2% BHA r\u016bg\u0161timi \u0161velniai \u0161vei\u010dia, valo poras, ma\u017eina riebalus, stiprina odos barjer\u0105 ir dr\u0117kina, 150 ml. Pirkti dabar","breadcrumb":{"@id":"https:\/\/www.malinashop.lt\/en\/shop\/anua-veido-toneris-bha-2-gentle-exfoliating-toner\/#breadcrumb"},"inLanguage":"en-GB","potentialAction":[{"@type":"ReadAction","target":["https:\/\/www.malinashop.lt\/en\/shop\/anua-veido-toneris-bha-2-gentle-exfoliating-toner\/"]}]},{"@type":"ImageObject","inLanguage":"en-GB","@id":"https:\/\/www.malinashop.lt\/en\/shop\/anua-veido-toneris-bha-2-gentle-exfoliating-toner\/#primaryimage","url":"https:\/\/www.malinashop.lt\/wp-content\/uploads\/2026\/04\/Anua-veido-toneris-BHA-2-Gentle-Exfoliating-Toner.webp","contentUrl":"https:\/\/www.malinashop.lt\/wp-content\/uploads\/2026\/04\/Anua-veido-toneris-BHA-2-Gentle-Exfoliating-Toner.webp","width":1100,"height":1100},{"@type":"BreadcrumbList","@id":"https:\/\/www.malinashop.lt\/en\/shop\/anua-veido-toneris-bha-2-gentle-exfoliating-toner\/#breadcrumb","itemListElement":[{"@type":"ListItem","position":1,"name":"Pagrindinis","item":"https:\/\/www.malinashop.lt\/"},{"@type":"ListItem","position":2,"name":"Parduotuv\u0117","item":"https:\/\/www.malinashop.lt\/en\/parduotuve\/"},{"@type":"ListItem","position":3,"name":"Anua veido toneris BHA 2% Gentle Exfoliating Toner"}]},{"@type":"WebSite","@id":"https:\/\/www.malinashop.lt\/#website","url":"https:\/\/www.malinashop.lt\/","name":"COM Group Ecommerce","description":"MalinaShop.lt - Gro\u017eio ir sveikatos produktai i\u0161 patikim\u0173 preki\u0173 \u017eenkl\u0173. Atraskite auk\u0161tos kokyb\u0117s kosmetik\u0105 u\u017e puiki\u0105 kain\u0105.","publisher":{"@id":"https:\/\/www.malinashop.lt\/#organization"},"potentialAction":[{"@type":"SearchAction","target":{"@type":"EntryPoint","urlTemplate":"https:\/\/www.malinashop.lt\/?s={search_term_string}"},"query-input":{"@type":"PropertyValueSpecification","valueRequired":true,"valueName":"search_term_string"}}],"inLanguage":"en-GB"},{"@type":"Organization","@id":"https:\/\/www.malinashop.lt\/#organization","name":"COM Group Ecommerce","url":"https:\/\/www.malinashop.lt\/","logo":{"@type":"ImageObject","inLanguage":"en-GB","@id":"https:\/\/www.malinashop.lt\/#\/schema\/logo\/image\/","url":"https:\/\/www.malinashop.lt\/wp-content\/uploads\/2024\/08\/462559670_3787732518133670_9795632669273463_n-e1731525914575.png","contentUrl":"https:\/\/www.malinashop.lt\/wp-content\/uploads\/2024\/08\/462559670_3787732518133670_9795632669273463_n-e1731525914575.png","width":180,"height":60,"caption":"COM Group Ecommerce"},"image":{"@id":"https:\/\/www.malinashop.lt\/#\/schema\/logo\/image\/"}}]}},"jetpack_sharing_enabled":true,"_links":{"self":[{"href":"https:\/\/www.malinashop.lt\/en\/wp-json\/wp\/v2\/product\/76107","targetHints":{"allow":["GET"]}}],"collection":[{"href":"https:\/\/www.malinashop.lt\/en\/wp-json\/wp\/v2\/product"}],"about":[{"href":"https:\/\/www.malinashop.lt\/en\/wp-json\/wp\/v2\/types\/product"}],"version-history":[{"count":1,"href":"https:\/\/www.malinashop.lt\/en\/wp-json\/wp\/v2\/product\/76107\/revisions"}],"predecessor-version":[{"id":76112,"href":"https:\/\/www.malinashop.lt\/en\/wp-json\/wp\/v2\/product\/76107\/revisions\/76112"}],"wp:featuredmedia":[{"embeddable":true,"href":"https:\/\/www.malinashop.lt\/en\/wp-json\/wp\/v2\/media\/76111"}],"wp:attachment":[{"href":"https:\/\/www.malinashop.lt\/en\/wp-json\/wp\/v2\/media?parent=76107"}],"wp:term":[{"taxonomy":"product_brand","embeddable":true,"href":"https:\/\/www.malinashop.lt\/en\/wp-json\/wp\/v2\/product_brand?post=76107"},{"taxonomy":"product_cat","embeddable":true,"href":"https:\/\/www.malinashop.lt\/en\/wp-json\/wp\/v2\/product_cat?post=76107"},{"taxonomy":"product_tag","embeddable":true,"href":"https:\/\/www.malinashop.lt\/en\/wp-json\/wp\/v2\/product_tag?post=76107"}],"curies":[{"name":"wp","href":"https:\/\/api.w.org\/{rel}","templated":true}]}}