{"id":76105,"date":"2026-04-04T21:14:14","date_gmt":"2026-04-04T18:14:14","guid":{"rendered":"https:\/\/malinashop.lt\/?post_type=product&#038;p=76105"},"modified":"2026-04-07T22:17:46","modified_gmt":"2026-04-07T19:17:46","slug":"anua-veido-toneris-heartleaf-77-soothing-toner-250ml","status":"publish","type":"product","link":"https:\/\/www.malinashop.lt\/en\/shop\/anua-veido-toneris-heartleaf-77-soothing-toner-250ml\/","title":{"rendered":"Anua veido toneris Heartleaf 77% Soothing Toner, 250ml"},"content":{"rendered":"<p data-start=\"296\" data-end=\"526\">ANUA Heartleaf 77% Soothing Toner \u2013 tai \u0161velnios formul\u0117s veido toneris, skirtas odos dr\u0117kinimui, raminimui ir balanso palaikymui. \u0160velniai r\u016bg\u0161tinis pH padeda atkurti nat\u016brali\u0105 odos apsaug\u0105 ir reguliuoti riebal\u0173 bei dr\u0117gm\u0117s lyg\u012f.<\/p>\n<p data-start=\"528\" data-end=\"804\">Sud\u0117tyje esantis 77 % houttuynia cordata ekstraktas pasi\u017eymi stipriomis raminamosiomis ir prie\u0161u\u017edegimin\u0117mis savyb\u0117mis, padeda ma\u017einti paraudimus ir jautrum\u0105. Papildomi augaliniai ekstraktai ir pantenolis ramina od\u0105, stiprina jos apsaugin\u012f barjer\u0105 ir suteikia komforto poj\u016bt\u012f.<\/p>\n<p data-start=\"806\" data-end=\"983\">Lengva, vandeninga tekst\u016bra greitai \u012fsigeria, nepalieka lipnumo ir puikiai paruo\u0161ia od\u0105 tolimesnei prie\u017ei\u016brai. Formul\u0117 be dirginan\u010di\u0173 ingredient\u0173, tod\u0117l tinka net jautriai odai.<\/p>\n<p data-start=\"985\" data-end=\"1060\">Reguliariai naudojant oda tampa ramesn\u0117, sudr\u0117kinta ir labiau subalansuota.<\/p>\n<hr data-start=\"1062\" data-end=\"1065\" \/>\n<h4 data-section-id=\"1stuw1d\" data-start=\"1067\" data-end=\"1088\"><span role=\"text\"><strong data-start=\"1071\" data-end=\"1086\">Naudojimas:<\/strong><\/span><\/h4>\n<p data-start=\"1089\" data-end=\"1172\">Tepkite ant \u0161varios veido odos naudodami vatos diskel\u012f arba paskirstykite pir\u0161tais.<\/p>\n<hr data-start=\"1174\" data-end=\"1177\" \/>\n<h5 data-section-id=\"kd1lm3\" data-start=\"1179\" data-end=\"1204\"><span role=\"text\"><strong data-start=\"1183\" data-end=\"1202\">Sud\u0117tis (INCI):<\/strong><\/span><\/h5>\n<p data-start=\"1205\" data-end=\"1720\">Aqua (Water), 1,2-Hexanediol, Glycerin, Betaine, Houttuynia Cordata Extract, Butylene Glycol, Isopentyldiol, Panthenol, Centella Asiatica Extract, Acrylates\/C10-30 Alkyl Acrylate Crosspolymer, Methylpropanediol, Portulaca Oleracea Extract, Disodium EDTA, Tromethamine, Chamomilla Recutita (Matricaria) Flower Extract, Vitex Agnus-Castus Extract, Arctium Lappa Root Extract, Phellinus Linteus Extract, Vitis Vinifera (Grape) Fruit Extract, Pyrus Malus (Apple) Fruit Extract, Saccharum Officinarum (Sugarcane) Extract<\/p>\n","protected":false},"excerpt":{"rendered":"<p data-start=\"178\" data-end=\"268\">Veido toneris su 77% heartleaf ekstraktu ramina, dr\u0117kina ir padeda palaikyti odos balans\u0105.<\/p>\n","protected":false},"featured_media":76100,"template":"","meta":[],"product_brand":[1677],"product_cat":[537,728],"product_tag":[],"class_list":{"0":"post-76105","1":"product","2":"type-product","3":"status-publish","4":"has-post-thumbnail","6":"product_brand-anua","7":"product_cat-veido-valymo-priemones","8":"product_cat-veidui","10":"first","11":"instock","12":"taxable","13":"shipping-taxable","14":"purchasable","15":"product-type-simple"},"yoast_head":"<!-- This site is optimized with the Yoast SEO plugin v27.4 - https:\/\/yoast.com\/product\/yoast-seo-wordpress\/ -->\n<title>Anua veido toneris Heartleaf 77% Soothing Toner, 250ml - MalinaShop.lt J\u016bs\u0173 sveikatai ir gro\u017eiui.<\/title>\n<meta name=\"description\" content=\"ANUA toneris su 77% heartleaf ekstraktu ramina, dr\u0117kina, ma\u017eina paraudimus ir padeda atkurti odos balans\u0105, suteikia komforto, 40 ml arba 250 ml.\" \/>\n<meta name=\"robots\" content=\"index, follow, max-snippet:-1, max-image-preview:large, max-video-preview:-1\" \/>\n<link rel=\"canonical\" href=\"https:\/\/www.malinashop.lt\/en\/shop\/anua-veido-toneris-heartleaf-77-soothing-toner-250ml\/\" \/>\n<meta property=\"og:locale\" content=\"en_GB\" \/>\n<meta property=\"og:type\" content=\"article\" \/>\n<meta property=\"og:title\" content=\"Anua veido toneris Heartleaf 77% Soothing Toner, 250ml - MalinaShop.lt J\u016bs\u0173 sveikatai ir gro\u017eiui.\" \/>\n<meta property=\"og:description\" content=\"ANUA toneris su 77% heartleaf ekstraktu ramina, dr\u0117kina, ma\u017eina paraudimus ir padeda atkurti odos balans\u0105, suteikia komforto, 40 ml arba 250 ml.\" \/>\n<meta property=\"og:url\" content=\"https:\/\/www.malinashop.lt\/en\/shop\/anua-veido-toneris-heartleaf-77-soothing-toner-250ml\/\" \/>\n<meta property=\"og:site_name\" content=\"MalinaShop.lt J\u016bs\u0173 sveikatai ir gro\u017eiui.\" \/>\n<meta property=\"article:modified_time\" content=\"2026-04-07T19:17:46+00:00\" \/>\n<meta property=\"og:image\" content=\"https:\/\/www.malinashop.lt\/wp-content\/uploads\/2026\/04\/Anua-veido-toneris-Heartleaf-77-Soothing-Toner1.webp\" \/>\n\t<meta property=\"og:image:width\" content=\"1100\" \/>\n\t<meta property=\"og:image:height\" content=\"1100\" \/>\n\t<meta property=\"og:image:type\" content=\"image\/webp\" \/>\n<meta name=\"twitter:card\" content=\"summary_large_image\" \/>\n<script type=\"application\/ld+json\" class=\"yoast-schema-graph\">{\"@context\":\"https:\\\/\\\/schema.org\",\"@graph\":[{\"@type\":\"WebPage\",\"@id\":\"https:\\\/\\\/www.malinashop.lt\\\/lt_lt\\\/shop\\\/anua-veido-toneris-heartleaf-77-soothing-toner-250ml\\\/\",\"url\":\"https:\\\/\\\/www.malinashop.lt\\\/lt_lt\\\/shop\\\/anua-veido-toneris-heartleaf-77-soothing-toner-250ml\\\/\",\"name\":\"Anua veido toneris Heartleaf 77% Soothing Toner, 250ml - MalinaShop.lt J\u016bs\u0173 sveikatai ir gro\u017eiui.\",\"isPartOf\":{\"@id\":\"https:\\\/\\\/www.malinashop.lt\\\/#website\"},\"primaryImageOfPage\":{\"@id\":\"https:\\\/\\\/www.malinashop.lt\\\/lt_lt\\\/shop\\\/anua-veido-toneris-heartleaf-77-soothing-toner-250ml\\\/#primaryimage\"},\"image\":{\"@id\":\"https:\\\/\\\/www.malinashop.lt\\\/lt_lt\\\/shop\\\/anua-veido-toneris-heartleaf-77-soothing-toner-250ml\\\/#primaryimage\"},\"thumbnailUrl\":\"https:\\\/\\\/www.malinashop.lt\\\/wp-content\\\/uploads\\\/2026\\\/04\\\/Anua-veido-toneris-Heartleaf-77-Soothing-Toner1.webp\",\"datePublished\":\"2026-04-04T18:14:14+00:00\",\"dateModified\":\"2026-04-07T19:17:46+00:00\",\"description\":\"ANUA toneris su 77% heartleaf ekstraktu ramina, dr\u0117kina, ma\u017eina paraudimus ir padeda atkurti odos balans\u0105, suteikia komforto, 40 ml arba 250 ml.\",\"breadcrumb\":{\"@id\":\"https:\\\/\\\/www.malinashop.lt\\\/lt_lt\\\/shop\\\/anua-veido-toneris-heartleaf-77-soothing-toner-250ml\\\/#breadcrumb\"},\"inLanguage\":\"en-GB\",\"potentialAction\":[{\"@type\":\"ReadAction\",\"target\":[\"https:\\\/\\\/www.malinashop.lt\\\/lt_lt\\\/shop\\\/anua-veido-toneris-heartleaf-77-soothing-toner-250ml\\\/\"]}]},{\"@type\":\"ImageObject\",\"inLanguage\":\"en-GB\",\"@id\":\"https:\\\/\\\/www.malinashop.lt\\\/lt_lt\\\/shop\\\/anua-veido-toneris-heartleaf-77-soothing-toner-250ml\\\/#primaryimage\",\"url\":\"https:\\\/\\\/www.malinashop.lt\\\/wp-content\\\/uploads\\\/2026\\\/04\\\/Anua-veido-toneris-Heartleaf-77-Soothing-Toner1.webp\",\"contentUrl\":\"https:\\\/\\\/www.malinashop.lt\\\/wp-content\\\/uploads\\\/2026\\\/04\\\/Anua-veido-toneris-Heartleaf-77-Soothing-Toner1.webp\",\"width\":1100,\"height\":1100},{\"@type\":\"BreadcrumbList\",\"@id\":\"https:\\\/\\\/www.malinashop.lt\\\/lt_lt\\\/shop\\\/anua-veido-toneris-heartleaf-77-soothing-toner-250ml\\\/#breadcrumb\",\"itemListElement\":[{\"@type\":\"ListItem\",\"position\":1,\"name\":\"Pagrindinis\",\"item\":\"https:\\\/\\\/www.malinashop.lt\\\/\"},{\"@type\":\"ListItem\",\"position\":2,\"name\":\"Parduotuv\u0117\",\"item\":\"https:\\\/\\\/www.malinashop.lt\\\/en\\\/parduotuve\\\/\"},{\"@type\":\"ListItem\",\"position\":3,\"name\":\"Anua veido toneris Heartleaf 77% Soothing Toner, 250ml\"}]},{\"@type\":\"WebSite\",\"@id\":\"https:\\\/\\\/www.malinashop.lt\\\/#website\",\"url\":\"https:\\\/\\\/www.malinashop.lt\\\/\",\"name\":\"COM Group Ecommerce\",\"description\":\"MalinaShop.lt - Gro\u017eio ir sveikatos produktai i\u0161 patikim\u0173 preki\u0173 \u017eenkl\u0173. Atraskite auk\u0161tos kokyb\u0117s kosmetik\u0105 u\u017e puiki\u0105 kain\u0105.\",\"publisher\":{\"@id\":\"https:\\\/\\\/www.malinashop.lt\\\/#organization\"},\"potentialAction\":[{\"@type\":\"SearchAction\",\"target\":{\"@type\":\"EntryPoint\",\"urlTemplate\":\"https:\\\/\\\/www.malinashop.lt\\\/?s={search_term_string}\"},\"query-input\":{\"@type\":\"PropertyValueSpecification\",\"valueRequired\":true,\"valueName\":\"search_term_string\"}}],\"inLanguage\":\"en-GB\"},{\"@type\":\"Organization\",\"@id\":\"https:\\\/\\\/www.malinashop.lt\\\/#organization\",\"name\":\"COM Group Ecommerce\",\"url\":\"https:\\\/\\\/www.malinashop.lt\\\/\",\"logo\":{\"@type\":\"ImageObject\",\"inLanguage\":\"en-GB\",\"@id\":\"https:\\\/\\\/www.malinashop.lt\\\/#\\\/schema\\\/logo\\\/image\\\/\",\"url\":\"https:\\\/\\\/www.malinashop.lt\\\/wp-content\\\/uploads\\\/2024\\\/08\\\/462559670_3787732518133670_9795632669273463_n-e1731525914575.png\",\"contentUrl\":\"https:\\\/\\\/www.malinashop.lt\\\/wp-content\\\/uploads\\\/2024\\\/08\\\/462559670_3787732518133670_9795632669273463_n-e1731525914575.png\",\"width\":180,\"height\":60,\"caption\":\"COM Group Ecommerce\"},\"image\":{\"@id\":\"https:\\\/\\\/www.malinashop.lt\\\/#\\\/schema\\\/logo\\\/image\\\/\"}}]}<\/script>\n<!-- \/ Yoast SEO plugin. -->","yoast_head_json":{"title":"Anua veido toneris Heartleaf 77% Soothing Toner, 250ml - MalinaShop.lt J\u016bs\u0173 sveikatai ir gro\u017eiui.","description":"ANUA toneris su 77% heartleaf ekstraktu ramina, dr\u0117kina, ma\u017eina paraudimus ir padeda atkurti odos balans\u0105, suteikia komforto, 40 ml arba 250 ml.","robots":{"index":"index","follow":"follow","max-snippet":"max-snippet:-1","max-image-preview":"max-image-preview:large","max-video-preview":"max-video-preview:-1"},"canonical":"https:\/\/www.malinashop.lt\/en\/shop\/anua-veido-toneris-heartleaf-77-soothing-toner-250ml\/","og_locale":"en_GB","og_type":"article","og_title":"Anua veido toneris Heartleaf 77% Soothing Toner, 250ml - MalinaShop.lt J\u016bs\u0173 sveikatai ir gro\u017eiui.","og_description":"ANUA toneris su 77% heartleaf ekstraktu ramina, dr\u0117kina, ma\u017eina paraudimus ir padeda atkurti odos balans\u0105, suteikia komforto, 40 ml arba 250 ml.","og_url":"https:\/\/www.malinashop.lt\/en\/shop\/anua-veido-toneris-heartleaf-77-soothing-toner-250ml\/","og_site_name":"MalinaShop.lt J\u016bs\u0173 sveikatai ir gro\u017eiui.","article_modified_time":"2026-04-07T19:17:46+00:00","og_image":[{"width":1100,"height":1100,"url":"https:\/\/www.malinashop.lt\/wp-content\/uploads\/2026\/04\/Anua-veido-toneris-Heartleaf-77-Soothing-Toner1.webp","type":"image\/webp"}],"twitter_card":"summary_large_image","schema":{"@context":"https:\/\/schema.org","@graph":[{"@type":"WebPage","@id":"https:\/\/www.malinashop.lt\/lt_lt\/shop\/anua-veido-toneris-heartleaf-77-soothing-toner-250ml\/","url":"https:\/\/www.malinashop.lt\/lt_lt\/shop\/anua-veido-toneris-heartleaf-77-soothing-toner-250ml\/","name":"Anua veido toneris Heartleaf 77% Soothing Toner, 250ml - MalinaShop.lt J\u016bs\u0173 sveikatai ir gro\u017eiui.","isPartOf":{"@id":"https:\/\/www.malinashop.lt\/#website"},"primaryImageOfPage":{"@id":"https:\/\/www.malinashop.lt\/lt_lt\/shop\/anua-veido-toneris-heartleaf-77-soothing-toner-250ml\/#primaryimage"},"image":{"@id":"https:\/\/www.malinashop.lt\/lt_lt\/shop\/anua-veido-toneris-heartleaf-77-soothing-toner-250ml\/#primaryimage"},"thumbnailUrl":"https:\/\/www.malinashop.lt\/wp-content\/uploads\/2026\/04\/Anua-veido-toneris-Heartleaf-77-Soothing-Toner1.webp","datePublished":"2026-04-04T18:14:14+00:00","dateModified":"2026-04-07T19:17:46+00:00","description":"ANUA toneris su 77% heartleaf ekstraktu ramina, dr\u0117kina, ma\u017eina paraudimus ir padeda atkurti odos balans\u0105, suteikia komforto, 40 ml arba 250 ml.","breadcrumb":{"@id":"https:\/\/www.malinashop.lt\/lt_lt\/shop\/anua-veido-toneris-heartleaf-77-soothing-toner-250ml\/#breadcrumb"},"inLanguage":"en-GB","potentialAction":[{"@type":"ReadAction","target":["https:\/\/www.malinashop.lt\/lt_lt\/shop\/anua-veido-toneris-heartleaf-77-soothing-toner-250ml\/"]}]},{"@type":"ImageObject","inLanguage":"en-GB","@id":"https:\/\/www.malinashop.lt\/lt_lt\/shop\/anua-veido-toneris-heartleaf-77-soothing-toner-250ml\/#primaryimage","url":"https:\/\/www.malinashop.lt\/wp-content\/uploads\/2026\/04\/Anua-veido-toneris-Heartleaf-77-Soothing-Toner1.webp","contentUrl":"https:\/\/www.malinashop.lt\/wp-content\/uploads\/2026\/04\/Anua-veido-toneris-Heartleaf-77-Soothing-Toner1.webp","width":1100,"height":1100},{"@type":"BreadcrumbList","@id":"https:\/\/www.malinashop.lt\/lt_lt\/shop\/anua-veido-toneris-heartleaf-77-soothing-toner-250ml\/#breadcrumb","itemListElement":[{"@type":"ListItem","position":1,"name":"Pagrindinis","item":"https:\/\/www.malinashop.lt\/"},{"@type":"ListItem","position":2,"name":"Parduotuv\u0117","item":"https:\/\/www.malinashop.lt\/en\/parduotuve\/"},{"@type":"ListItem","position":3,"name":"Anua veido toneris Heartleaf 77% Soothing Toner, 250ml"}]},{"@type":"WebSite","@id":"https:\/\/www.malinashop.lt\/#website","url":"https:\/\/www.malinashop.lt\/","name":"COM Group Ecommerce","description":"MalinaShop.lt - Gro\u017eio ir sveikatos produktai i\u0161 patikim\u0173 preki\u0173 \u017eenkl\u0173. Atraskite auk\u0161tos kokyb\u0117s kosmetik\u0105 u\u017e puiki\u0105 kain\u0105.","publisher":{"@id":"https:\/\/www.malinashop.lt\/#organization"},"potentialAction":[{"@type":"SearchAction","target":{"@type":"EntryPoint","urlTemplate":"https:\/\/www.malinashop.lt\/?s={search_term_string}"},"query-input":{"@type":"PropertyValueSpecification","valueRequired":true,"valueName":"search_term_string"}}],"inLanguage":"en-GB"},{"@type":"Organization","@id":"https:\/\/www.malinashop.lt\/#organization","name":"COM Group Ecommerce","url":"https:\/\/www.malinashop.lt\/","logo":{"@type":"ImageObject","inLanguage":"en-GB","@id":"https:\/\/www.malinashop.lt\/#\/schema\/logo\/image\/","url":"https:\/\/www.malinashop.lt\/wp-content\/uploads\/2024\/08\/462559670_3787732518133670_9795632669273463_n-e1731525914575.png","contentUrl":"https:\/\/www.malinashop.lt\/wp-content\/uploads\/2024\/08\/462559670_3787732518133670_9795632669273463_n-e1731525914575.png","width":180,"height":60,"caption":"COM Group Ecommerce"},"image":{"@id":"https:\/\/www.malinashop.lt\/#\/schema\/logo\/image\/"}}]}},"jetpack_sharing_enabled":true,"_links":{"self":[{"href":"https:\/\/www.malinashop.lt\/en\/wp-json\/wp\/v2\/product\/76105","targetHints":{"allow":["GET"]}}],"collection":[{"href":"https:\/\/www.malinashop.lt\/en\/wp-json\/wp\/v2\/product"}],"about":[{"href":"https:\/\/www.malinashop.lt\/en\/wp-json\/wp\/v2\/types\/product"}],"version-history":[{"count":1,"href":"https:\/\/www.malinashop.lt\/en\/wp-json\/wp\/v2\/product\/76105\/revisions"}],"predecessor-version":[{"id":76106,"href":"https:\/\/www.malinashop.lt\/en\/wp-json\/wp\/v2\/product\/76105\/revisions\/76106"}],"wp:featuredmedia":[{"embeddable":true,"href":"https:\/\/www.malinashop.lt\/en\/wp-json\/wp\/v2\/media\/76100"}],"wp:attachment":[{"href":"https:\/\/www.malinashop.lt\/en\/wp-json\/wp\/v2\/media?parent=76105"}],"wp:term":[{"taxonomy":"product_brand","embeddable":true,"href":"https:\/\/www.malinashop.lt\/en\/wp-json\/wp\/v2\/product_brand?post=76105"},{"taxonomy":"product_cat","embeddable":true,"href":"https:\/\/www.malinashop.lt\/en\/wp-json\/wp\/v2\/product_cat?post=76105"},{"taxonomy":"product_tag","embeddable":true,"href":"https:\/\/www.malinashop.lt\/en\/wp-json\/wp\/v2\/product_tag?post=76105"}],"curies":[{"name":"wp","href":"https:\/\/api.w.org\/{rel}","templated":true}]}}