{"id":76090,"date":"2026-04-04T21:06:46","date_gmt":"2026-04-04T18:06:46","guid":{"rendered":"https:\/\/malinashop.lt\/?post_type=product&#038;p=76090"},"modified":"2026-04-07T22:17:47","modified_gmt":"2026-04-07T19:17:47","slug":"anua-raminamieji-padeliai-heartleaf-77-clear-pad","status":"publish","type":"product","link":"https:\/\/www.malinashop.lt\/en\/shop\/anua-raminamieji-padeliai-heartleaf-77-clear-pad\/","title":{"rendered":"Anua raminamieji padeliai Heartleaf 77 Clear Pad"},"content":{"rendered":"<p data-start=\"320\" data-end=\"587\">ANUA Heartleaf 77 Clear Pad \u2013 tai raminamieji tonerio padeliai, skirti jautrios, problemin\u0117s ir sudirgusios odos prie\u017ei\u016brai. Diskeliai yra gausiai prisotinti toniku su 77 % houttuynia cordata ekstraktu, kuris pasi\u017eymi stipriu raminamuoju ir prie\u0161u\u017edegiminiu poveikiu.<\/p>\n<p data-start=\"589\" data-end=\"823\">Priemon\u0117 padeda suma\u017einti paraudimus, reguliuoti riebal\u0173 i\u0161siskyrim\u0105 ir palaikyti optimal\u0173 odos dr\u0117gm\u0117s balans\u0105. Sud\u0117tyje esantys augaliniai ekstraktai papildomai ramina od\u0105, stiprina jos apsaugin\u012f barjer\u0105 ir gerina bendr\u0105 odos b\u016bkl\u0119.<\/p>\n<p data-start=\"825\" data-end=\"1011\">Dvipus\u0117 padeli\u0173 tekst\u016bra leid\u017eia efektyviai nuvalyti od\u0105 ir tuo pa\u010diu j\u0105 \u0161velniai pri\u017ei\u016br\u0117ti \u2013 grubl\u0117ta pus\u0117 padeda pa\u0161alinti ne\u0161varumus, o lygi suteikia papildomo dr\u0117kinimo ir komforto.<\/p>\n<p data-start=\"1013\" data-end=\"1086\">Reguliariai naudojant oda tampa ramesn\u0117, \u0161varesn\u0117 ir labiau subalansuota.<\/p>\n<hr data-start=\"1088\" data-end=\"1091\" \/>\n<h4 data-section-id=\"1stuw1d\" data-start=\"1093\" data-end=\"1114\"><span role=\"text\"><strong data-start=\"1097\" data-end=\"1112\">Naudojimas:<\/strong><\/span><\/h4>\n<p data-start=\"1115\" data-end=\"1298\">Po veido prausimo naudokite padel\u012f: pirmiausia \u0161velniai nuvalykite od\u0105 grubl\u0117ta puse, tuomet pakartokite su lygi\u0105ja. Esant poreikiui, palikite ant odos kelioms minut\u0117ms kaip kompres\u0105.<\/p>\n<hr data-start=\"1300\" data-end=\"1303\" \/>\n<h5 data-section-id=\"kd1lm3\" data-start=\"1305\" data-end=\"1330\"><span role=\"text\"><strong data-start=\"1309\" data-end=\"1328\">Sud\u0117tis (INCI):<\/strong><\/span><\/h5>\n<p data-start=\"1331\" data-end=\"1848\">Houttuynia Cordata Extract (77%), Water, Gluconolactone, Propanediol, Tromethamine, Butylene Glycol, 1,2-Hexanediol, Betaine, Ammonium Acryloyldimethyltaurate\/VP Copolymer, Ulmus Davidiana Root Extract, Pueraria Lobata Root Extract, Pinus Palustris Leaf Extract, Oenothera Biennis (Evening Primrose) Flower Extract, Camellia Sinensis Leaf Extract, Coix Lacryma-Jobi Ma-yuen Seed Extract, Portulaca Oleracea Extract, Centella Asiatica Extract, Madecassoside, Asiatic Acid, Asiaticoside, Madecassic Acid, Sodium Phytate<\/p>\n","protected":false},"excerpt":{"rendered":"<p data-start=\"190\" data-end=\"292\">Tonerio padeliai su 77% heartleaf ekstraktu ramina, dr\u0117kina ir padeda reguliuoti odos riebal\u0173 balans\u0105.<\/p>\n","protected":false},"featured_media":76094,"template":"","meta":[],"product_brand":[1677],"product_cat":[1645,550,728],"product_tag":[],"class_list":{"0":"post-76090","1":"product","2":"type-product","3":"status-publish","4":"has-post-thumbnail","6":"product_brand-anua","7":"product_cat-veido-padeliai","8":"product_cat-veido-serumai","9":"product_cat-veidui","11":"first","12":"instock","13":"taxable","14":"shipping-taxable","15":"purchasable","16":"product-type-simple"},"yoast_head":"<!-- This site is optimized with the Yoast SEO plugin v27.4 - https:\/\/yoast.com\/product\/yoast-seo-wordpress\/ -->\n<title>Anua raminamieji padeliai Heartleaf 77 Clear Pad - MalinaShop.lt J\u016bs\u0173 sveikatai ir gro\u017eiui.<\/title>\n<meta name=\"description\" content=\"ANUA padeliai su 77% heartleaf ekstraktu ramina od\u0105, ma\u017eina paraudimus, reguliuoja riebalus ir dr\u0117kina, suteikia komforto jausm\u0105, 70 vnt.\" \/>\n<meta name=\"robots\" content=\"index, follow, max-snippet:-1, max-image-preview:large, max-video-preview:-1\" \/>\n<link rel=\"canonical\" href=\"https:\/\/www.malinashop.lt\/en\/shop\/anua-raminamieji-padeliai-heartleaf-77-clear-pad\/\" \/>\n<meta property=\"og:locale\" content=\"en_GB\" \/>\n<meta property=\"og:type\" content=\"article\" \/>\n<meta property=\"og:title\" content=\"Anua raminamieji padeliai Heartleaf 77 Clear Pad - MalinaShop.lt J\u016bs\u0173 sveikatai ir gro\u017eiui.\" \/>\n<meta property=\"og:description\" content=\"ANUA padeliai su 77% heartleaf ekstraktu ramina od\u0105, ma\u017eina paraudimus, reguliuoja riebalus ir dr\u0117kina, suteikia komforto jausm\u0105, 70 vnt.\" \/>\n<meta property=\"og:url\" content=\"https:\/\/www.malinashop.lt\/en\/shop\/anua-raminamieji-padeliai-heartleaf-77-clear-pad\/\" \/>\n<meta property=\"og:site_name\" content=\"MalinaShop.lt J\u016bs\u0173 sveikatai ir gro\u017eiui.\" \/>\n<meta property=\"article:modified_time\" content=\"2026-04-07T19:17:47+00:00\" \/>\n<meta property=\"og:image\" content=\"https:\/\/www.malinashop.lt\/wp-content\/uploads\/2026\/04\/Anua-raminamieji-padeliai-Heartleaf-77-Clear-Pad.webp\" \/>\n\t<meta property=\"og:image:width\" content=\"1100\" \/>\n\t<meta property=\"og:image:height\" content=\"1100\" \/>\n\t<meta property=\"og:image:type\" content=\"image\/webp\" \/>\n<meta name=\"twitter:card\" content=\"summary_large_image\" \/>\n<script type=\"application\/ld+json\" class=\"yoast-schema-graph\">{\"@context\":\"https:\\\/\\\/schema.org\",\"@graph\":[{\"@type\":\"WebPage\",\"@id\":\"https:\\\/\\\/www.malinashop.lt\\\/lt_lt\\\/shop\\\/anua-raminamieji-padeliai-heartleaf-77-clear-pad\\\/\",\"url\":\"https:\\\/\\\/www.malinashop.lt\\\/lt_lt\\\/shop\\\/anua-raminamieji-padeliai-heartleaf-77-clear-pad\\\/\",\"name\":\"Anua raminamieji padeliai Heartleaf 77 Clear Pad - MalinaShop.lt J\u016bs\u0173 sveikatai ir gro\u017eiui.\",\"isPartOf\":{\"@id\":\"https:\\\/\\\/www.malinashop.lt\\\/#website\"},\"primaryImageOfPage\":{\"@id\":\"https:\\\/\\\/www.malinashop.lt\\\/lt_lt\\\/shop\\\/anua-raminamieji-padeliai-heartleaf-77-clear-pad\\\/#primaryimage\"},\"image\":{\"@id\":\"https:\\\/\\\/www.malinashop.lt\\\/lt_lt\\\/shop\\\/anua-raminamieji-padeliai-heartleaf-77-clear-pad\\\/#primaryimage\"},\"thumbnailUrl\":\"https:\\\/\\\/www.malinashop.lt\\\/wp-content\\\/uploads\\\/2026\\\/04\\\/Anua-raminamieji-padeliai-Heartleaf-77-Clear-Pad.webp\",\"datePublished\":\"2026-04-04T18:06:46+00:00\",\"dateModified\":\"2026-04-07T19:17:47+00:00\",\"description\":\"ANUA padeliai su 77% heartleaf ekstraktu ramina od\u0105, ma\u017eina paraudimus, reguliuoja riebalus ir dr\u0117kina, suteikia komforto jausm\u0105, 70 vnt.\",\"breadcrumb\":{\"@id\":\"https:\\\/\\\/www.malinashop.lt\\\/lt_lt\\\/shop\\\/anua-raminamieji-padeliai-heartleaf-77-clear-pad\\\/#breadcrumb\"},\"inLanguage\":\"en-GB\",\"potentialAction\":[{\"@type\":\"ReadAction\",\"target\":[\"https:\\\/\\\/www.malinashop.lt\\\/lt_lt\\\/shop\\\/anua-raminamieji-padeliai-heartleaf-77-clear-pad\\\/\"]}]},{\"@type\":\"ImageObject\",\"inLanguage\":\"en-GB\",\"@id\":\"https:\\\/\\\/www.malinashop.lt\\\/lt_lt\\\/shop\\\/anua-raminamieji-padeliai-heartleaf-77-clear-pad\\\/#primaryimage\",\"url\":\"https:\\\/\\\/www.malinashop.lt\\\/wp-content\\\/uploads\\\/2026\\\/04\\\/Anua-raminamieji-padeliai-Heartleaf-77-Clear-Pad.webp\",\"contentUrl\":\"https:\\\/\\\/www.malinashop.lt\\\/wp-content\\\/uploads\\\/2026\\\/04\\\/Anua-raminamieji-padeliai-Heartleaf-77-Clear-Pad.webp\",\"width\":1100,\"height\":1100},{\"@type\":\"BreadcrumbList\",\"@id\":\"https:\\\/\\\/www.malinashop.lt\\\/lt_lt\\\/shop\\\/anua-raminamieji-padeliai-heartleaf-77-clear-pad\\\/#breadcrumb\",\"itemListElement\":[{\"@type\":\"ListItem\",\"position\":1,\"name\":\"Pagrindinis\",\"item\":\"https:\\\/\\\/www.malinashop.lt\\\/\"},{\"@type\":\"ListItem\",\"position\":2,\"name\":\"Parduotuv\u0117\",\"item\":\"https:\\\/\\\/www.malinashop.lt\\\/en\\\/parduotuve\\\/\"},{\"@type\":\"ListItem\",\"position\":3,\"name\":\"Anua raminamieji padeliai Heartleaf 77 Clear Pad\"}]},{\"@type\":\"WebSite\",\"@id\":\"https:\\\/\\\/www.malinashop.lt\\\/#website\",\"url\":\"https:\\\/\\\/www.malinashop.lt\\\/\",\"name\":\"COM Group Ecommerce\",\"description\":\"MalinaShop.lt - Gro\u017eio ir sveikatos produktai i\u0161 patikim\u0173 preki\u0173 \u017eenkl\u0173. Atraskite auk\u0161tos kokyb\u0117s kosmetik\u0105 u\u017e puiki\u0105 kain\u0105.\",\"publisher\":{\"@id\":\"https:\\\/\\\/www.malinashop.lt\\\/#organization\"},\"potentialAction\":[{\"@type\":\"SearchAction\",\"target\":{\"@type\":\"EntryPoint\",\"urlTemplate\":\"https:\\\/\\\/www.malinashop.lt\\\/?s={search_term_string}\"},\"query-input\":{\"@type\":\"PropertyValueSpecification\",\"valueRequired\":true,\"valueName\":\"search_term_string\"}}],\"inLanguage\":\"en-GB\"},{\"@type\":\"Organization\",\"@id\":\"https:\\\/\\\/www.malinashop.lt\\\/#organization\",\"name\":\"COM Group Ecommerce\",\"url\":\"https:\\\/\\\/www.malinashop.lt\\\/\",\"logo\":{\"@type\":\"ImageObject\",\"inLanguage\":\"en-GB\",\"@id\":\"https:\\\/\\\/www.malinashop.lt\\\/#\\\/schema\\\/logo\\\/image\\\/\",\"url\":\"https:\\\/\\\/www.malinashop.lt\\\/wp-content\\\/uploads\\\/2024\\\/08\\\/462559670_3787732518133670_9795632669273463_n-e1731525914575.png\",\"contentUrl\":\"https:\\\/\\\/www.malinashop.lt\\\/wp-content\\\/uploads\\\/2024\\\/08\\\/462559670_3787732518133670_9795632669273463_n-e1731525914575.png\",\"width\":180,\"height\":60,\"caption\":\"COM Group Ecommerce\"},\"image\":{\"@id\":\"https:\\\/\\\/www.malinashop.lt\\\/#\\\/schema\\\/logo\\\/image\\\/\"}}]}<\/script>\n<!-- \/ Yoast SEO plugin. -->","yoast_head_json":{"title":"Anua raminamieji padeliai Heartleaf 77 Clear Pad - MalinaShop.lt J\u016bs\u0173 sveikatai ir gro\u017eiui.","description":"ANUA padeliai su 77% heartleaf ekstraktu ramina od\u0105, ma\u017eina paraudimus, reguliuoja riebalus ir dr\u0117kina, suteikia komforto jausm\u0105, 70 vnt.","robots":{"index":"index","follow":"follow","max-snippet":"max-snippet:-1","max-image-preview":"max-image-preview:large","max-video-preview":"max-video-preview:-1"},"canonical":"https:\/\/www.malinashop.lt\/en\/shop\/anua-raminamieji-padeliai-heartleaf-77-clear-pad\/","og_locale":"en_GB","og_type":"article","og_title":"Anua raminamieji padeliai Heartleaf 77 Clear Pad - MalinaShop.lt J\u016bs\u0173 sveikatai ir gro\u017eiui.","og_description":"ANUA padeliai su 77% heartleaf ekstraktu ramina od\u0105, ma\u017eina paraudimus, reguliuoja riebalus ir dr\u0117kina, suteikia komforto jausm\u0105, 70 vnt.","og_url":"https:\/\/www.malinashop.lt\/en\/shop\/anua-raminamieji-padeliai-heartleaf-77-clear-pad\/","og_site_name":"MalinaShop.lt J\u016bs\u0173 sveikatai ir gro\u017eiui.","article_modified_time":"2026-04-07T19:17:47+00:00","og_image":[{"width":1100,"height":1100,"url":"https:\/\/www.malinashop.lt\/wp-content\/uploads\/2026\/04\/Anua-raminamieji-padeliai-Heartleaf-77-Clear-Pad.webp","type":"image\/webp"}],"twitter_card":"summary_large_image","schema":{"@context":"https:\/\/schema.org","@graph":[{"@type":"WebPage","@id":"https:\/\/www.malinashop.lt\/lt_lt\/shop\/anua-raminamieji-padeliai-heartleaf-77-clear-pad\/","url":"https:\/\/www.malinashop.lt\/lt_lt\/shop\/anua-raminamieji-padeliai-heartleaf-77-clear-pad\/","name":"Anua raminamieji padeliai Heartleaf 77 Clear Pad - MalinaShop.lt J\u016bs\u0173 sveikatai ir gro\u017eiui.","isPartOf":{"@id":"https:\/\/www.malinashop.lt\/#website"},"primaryImageOfPage":{"@id":"https:\/\/www.malinashop.lt\/lt_lt\/shop\/anua-raminamieji-padeliai-heartleaf-77-clear-pad\/#primaryimage"},"image":{"@id":"https:\/\/www.malinashop.lt\/lt_lt\/shop\/anua-raminamieji-padeliai-heartleaf-77-clear-pad\/#primaryimage"},"thumbnailUrl":"https:\/\/www.malinashop.lt\/wp-content\/uploads\/2026\/04\/Anua-raminamieji-padeliai-Heartleaf-77-Clear-Pad.webp","datePublished":"2026-04-04T18:06:46+00:00","dateModified":"2026-04-07T19:17:47+00:00","description":"ANUA padeliai su 77% heartleaf ekstraktu ramina od\u0105, ma\u017eina paraudimus, reguliuoja riebalus ir dr\u0117kina, suteikia komforto jausm\u0105, 70 vnt.","breadcrumb":{"@id":"https:\/\/www.malinashop.lt\/lt_lt\/shop\/anua-raminamieji-padeliai-heartleaf-77-clear-pad\/#breadcrumb"},"inLanguage":"en-GB","potentialAction":[{"@type":"ReadAction","target":["https:\/\/www.malinashop.lt\/lt_lt\/shop\/anua-raminamieji-padeliai-heartleaf-77-clear-pad\/"]}]},{"@type":"ImageObject","inLanguage":"en-GB","@id":"https:\/\/www.malinashop.lt\/lt_lt\/shop\/anua-raminamieji-padeliai-heartleaf-77-clear-pad\/#primaryimage","url":"https:\/\/www.malinashop.lt\/wp-content\/uploads\/2026\/04\/Anua-raminamieji-padeliai-Heartleaf-77-Clear-Pad.webp","contentUrl":"https:\/\/www.malinashop.lt\/wp-content\/uploads\/2026\/04\/Anua-raminamieji-padeliai-Heartleaf-77-Clear-Pad.webp","width":1100,"height":1100},{"@type":"BreadcrumbList","@id":"https:\/\/www.malinashop.lt\/lt_lt\/shop\/anua-raminamieji-padeliai-heartleaf-77-clear-pad\/#breadcrumb","itemListElement":[{"@type":"ListItem","position":1,"name":"Pagrindinis","item":"https:\/\/www.malinashop.lt\/"},{"@type":"ListItem","position":2,"name":"Parduotuv\u0117","item":"https:\/\/www.malinashop.lt\/en\/parduotuve\/"},{"@type":"ListItem","position":3,"name":"Anua raminamieji padeliai Heartleaf 77 Clear Pad"}]},{"@type":"WebSite","@id":"https:\/\/www.malinashop.lt\/#website","url":"https:\/\/www.malinashop.lt\/","name":"COM Group Ecommerce","description":"MalinaShop.lt - Gro\u017eio ir sveikatos produktai i\u0161 patikim\u0173 preki\u0173 \u017eenkl\u0173. Atraskite auk\u0161tos kokyb\u0117s kosmetik\u0105 u\u017e puiki\u0105 kain\u0105.","publisher":{"@id":"https:\/\/www.malinashop.lt\/#organization"},"potentialAction":[{"@type":"SearchAction","target":{"@type":"EntryPoint","urlTemplate":"https:\/\/www.malinashop.lt\/?s={search_term_string}"},"query-input":{"@type":"PropertyValueSpecification","valueRequired":true,"valueName":"search_term_string"}}],"inLanguage":"en-GB"},{"@type":"Organization","@id":"https:\/\/www.malinashop.lt\/#organization","name":"COM Group Ecommerce","url":"https:\/\/www.malinashop.lt\/","logo":{"@type":"ImageObject","inLanguage":"en-GB","@id":"https:\/\/www.malinashop.lt\/#\/schema\/logo\/image\/","url":"https:\/\/www.malinashop.lt\/wp-content\/uploads\/2024\/08\/462559670_3787732518133670_9795632669273463_n-e1731525914575.png","contentUrl":"https:\/\/www.malinashop.lt\/wp-content\/uploads\/2024\/08\/462559670_3787732518133670_9795632669273463_n-e1731525914575.png","width":180,"height":60,"caption":"COM Group Ecommerce"},"image":{"@id":"https:\/\/www.malinashop.lt\/#\/schema\/logo\/image\/"}}]}},"jetpack_sharing_enabled":true,"_links":{"self":[{"href":"https:\/\/www.malinashop.lt\/en\/wp-json\/wp\/v2\/product\/76090","targetHints":{"allow":["GET"]}}],"collection":[{"href":"https:\/\/www.malinashop.lt\/en\/wp-json\/wp\/v2\/product"}],"about":[{"href":"https:\/\/www.malinashop.lt\/en\/wp-json\/wp\/v2\/types\/product"}],"version-history":[{"count":1,"href":"https:\/\/www.malinashop.lt\/en\/wp-json\/wp\/v2\/product\/76090\/revisions"}],"predecessor-version":[{"id":76095,"href":"https:\/\/www.malinashop.lt\/en\/wp-json\/wp\/v2\/product\/76090\/revisions\/76095"}],"wp:featuredmedia":[{"embeddable":true,"href":"https:\/\/www.malinashop.lt\/en\/wp-json\/wp\/v2\/media\/76094"}],"wp:attachment":[{"href":"https:\/\/www.malinashop.lt\/en\/wp-json\/wp\/v2\/media?parent=76090"}],"wp:term":[{"taxonomy":"product_brand","embeddable":true,"href":"https:\/\/www.malinashop.lt\/en\/wp-json\/wp\/v2\/product_brand?post=76090"},{"taxonomy":"product_cat","embeddable":true,"href":"https:\/\/www.malinashop.lt\/en\/wp-json\/wp\/v2\/product_cat?post=76090"},{"taxonomy":"product_tag","embeddable":true,"href":"https:\/\/www.malinashop.lt\/en\/wp-json\/wp\/v2\/product_tag?post=76090"}],"curies":[{"name":"wp","href":"https:\/\/api.w.org\/{rel}","templated":true}]}}