{"id":76085,"date":"2026-04-04T21:03:44","date_gmt":"2026-04-04T18:03:44","guid":{"rendered":"https:\/\/malinashop.lt\/?post_type=product&#038;p=76085"},"modified":"2026-04-07T22:17:47","modified_gmt":"2026-04-07T19:17:47","slug":"anua-veido-pilingas-heartleaf-lha-moisture-peeling-gel","status":"publish","type":"product","link":"https:\/\/www.malinashop.lt\/en\/shop\/anua-veido-pilingas-heartleaf-lha-moisture-peeling-gel\/","title":{"rendered":"Anua veido pilingas Heartleaf LHA Moisture Peeling Gel"},"content":{"rendered":"<p data-start=\"318\" data-end=\"567\">ANUA Heartleaf LHA Moisture Peeling Gel \u2013 tai \u0161velnus eksfolijuojantis veido pilingas, skirtas odos valymui ir atnaujinimui be dirginimo. Sud\u0117tyje esanti LHA r\u016bg\u0161tis padeda efektyviai pa\u0161alinti negyvas odos l\u0105steles, ne\u0161varumus ir perteklin\u012f sebum\u0105.<\/p>\n<p data-start=\"569\" data-end=\"833\">Houttuynia cordata (heartleaf) ekstraktas ramina od\u0105, ma\u017eina paraudimus ir padeda apsaugoti nuo sudirgim\u0173, tod\u0117l priemon\u0117 puikiai tinka jautriai odai. Papildomi ingredientai, tokie kaip alantoinas ir hialurono r\u016bg\u0161tis, dr\u0117kina, mink\u0161tina ir suteikia odai komforto.<\/p>\n<p data-start=\"835\" data-end=\"975\">Gelio tekst\u016bra \u0161velniai veikia od\u0105, nesukeldama tempimo ar sausumo poj\u016b\u010dio. Reguliariai naudojant oda tampa lygesn\u0117, \u0161varesn\u0117 ir skaistesn\u0117.<\/p>\n<p data-start=\"977\" data-end=\"1039\">Tinka vis\u0173 tip\u0173 odai, ypa\u010d jautriai ir linkusiai \u012f sudirgimus.<\/p>\n<hr data-start=\"1041\" data-end=\"1044\" \/>\n<h4 data-section-id=\"1stuw1d\" data-start=\"1046\" data-end=\"1067\"><span role=\"text\"><strong data-start=\"1050\" data-end=\"1065\">Naudojimas:<\/strong><\/span><\/h4>\n<p data-start=\"1068\" data-end=\"1244\">Tepkite ant sausos odos sausomis rankomis. \u0160velniai masa\u017euokite, prireikus sudr\u0117kinkite rankas ir t\u0119skite masa\u017e\u0105. Nuplaukite drungnu vandeniu. Naudokite 1\u20132 kartus per savait\u0119.<\/p>\n<hr data-start=\"1246\" data-end=\"1249\" \/>\n<h5 data-section-id=\"kd1lm3\" data-start=\"1251\" data-end=\"1276\"><span role=\"text\"><strong data-start=\"1255\" data-end=\"1274\">Sud\u0117tis (INCI):<\/strong><\/span><\/h5>\n<p data-start=\"1277\" data-end=\"1802\">Water, Dipropylene Glycol, Cellulose, 1,2-Hexanediol, Houttuynia Cordata Extract (10,000ppm), Arginine, Acrylates\/C10-30 Alkyl Acrylate Crosspolymer, Propanediol, Allantoin, Carthamus Tinctorius (Safflower) Flower Extract, Dextrin, Polyglyceryl-10 Laurate, Gardenia Florida Fruit Extract, Disodium EDTA, Theobroma Cacao (Cocoa) Extract, Glycerin, Aloe Ferox Leaf Extract, Bioflavonoids, Sodium Hyaluronate, Caprylyl Glycol, Capryloyl Salicylic Acid (1,000ppb), Brassica Oleracea Italica (Broccoli) Extract, Ethylhexylglycerin<\/p>\n","protected":false},"excerpt":{"rendered":"<p data-start=\"189\" data-end=\"290\">Veido pilingas su LHA r\u016bg\u0161timi ir heartleaf ekstraktu \u0161velniai \u0161alina negyvas l\u0105steles ir ramina od\u0105.<\/p>\n","protected":false},"featured_media":76088,"template":"","meta":[],"product_brand":[1677],"product_cat":[537,728],"product_tag":[],"class_list":{"0":"post-76085","1":"product","2":"type-product","3":"status-publish","4":"has-post-thumbnail","6":"product_brand-anua","7":"product_cat-veido-valymo-priemones","8":"product_cat-veidui","10":"first","11":"instock","12":"taxable","13":"shipping-taxable","14":"purchasable","15":"product-type-simple"},"yoast_head":"<!-- This site is optimized with the Yoast SEO plugin v27.4 - https:\/\/yoast.com\/product\/yoast-seo-wordpress\/ -->\n<title>Anua veido pilingas Heartleaf LHA Moisture Peeling Gel - MalinaShop.lt J\u016bs\u0173 sveikatai ir gro\u017eiui.<\/title>\n<meta name=\"description\" content=\"ANUA pilingas su LHA r\u016bg\u0161timi ir heartleaf ekstraktu \u0161velniai valo, \u0161alina negyvas l\u0105steles, ramina od\u0105 ir suteikia jai \u0161velnumo, 120 ml.\" \/>\n<meta name=\"robots\" content=\"index, follow, max-snippet:-1, max-image-preview:large, max-video-preview:-1\" \/>\n<link rel=\"canonical\" href=\"https:\/\/www.malinashop.lt\/en\/shop\/anua-veido-pilingas-heartleaf-lha-moisture-peeling-gel\/\" \/>\n<meta property=\"og:locale\" content=\"en_GB\" \/>\n<meta property=\"og:type\" content=\"article\" \/>\n<meta property=\"og:title\" content=\"Anua veido pilingas Heartleaf LHA Moisture Peeling Gel - MalinaShop.lt J\u016bs\u0173 sveikatai ir gro\u017eiui.\" \/>\n<meta property=\"og:description\" content=\"ANUA pilingas su LHA r\u016bg\u0161timi ir heartleaf ekstraktu \u0161velniai valo, \u0161alina negyvas l\u0105steles, ramina od\u0105 ir suteikia jai \u0161velnumo, 120 ml.\" \/>\n<meta property=\"og:url\" content=\"https:\/\/www.malinashop.lt\/en\/shop\/anua-veido-pilingas-heartleaf-lha-moisture-peeling-gel\/\" \/>\n<meta property=\"og:site_name\" content=\"MalinaShop.lt J\u016bs\u0173 sveikatai ir gro\u017eiui.\" \/>\n<meta property=\"article:modified_time\" content=\"2026-04-07T19:17:47+00:00\" \/>\n<meta property=\"og:image\" content=\"https:\/\/www.malinashop.lt\/wp-content\/uploads\/2026\/04\/Anua-veido-pilingas-Heartleaf-LHA-Moisture-Peeling-Gel.webp\" \/>\n\t<meta property=\"og:image:width\" content=\"1100\" \/>\n\t<meta property=\"og:image:height\" content=\"1100\" \/>\n\t<meta property=\"og:image:type\" content=\"image\/webp\" \/>\n<meta name=\"twitter:card\" content=\"summary_large_image\" \/>\n<script type=\"application\/ld+json\" class=\"yoast-schema-graph\">{\"@context\":\"https:\\\/\\\/schema.org\",\"@graph\":[{\"@type\":\"WebPage\",\"@id\":\"https:\\\/\\\/www.malinashop.lt\\\/lt_lt\\\/shop\\\/anua-veido-pilingas-heartleaf-lha-moisture-peeling-gel\\\/\",\"url\":\"https:\\\/\\\/www.malinashop.lt\\\/lt_lt\\\/shop\\\/anua-veido-pilingas-heartleaf-lha-moisture-peeling-gel\\\/\",\"name\":\"Anua veido pilingas Heartleaf LHA Moisture Peeling Gel - MalinaShop.lt J\u016bs\u0173 sveikatai ir gro\u017eiui.\",\"isPartOf\":{\"@id\":\"https:\\\/\\\/www.malinashop.lt\\\/#website\"},\"primaryImageOfPage\":{\"@id\":\"https:\\\/\\\/www.malinashop.lt\\\/lt_lt\\\/shop\\\/anua-veido-pilingas-heartleaf-lha-moisture-peeling-gel\\\/#primaryimage\"},\"image\":{\"@id\":\"https:\\\/\\\/www.malinashop.lt\\\/lt_lt\\\/shop\\\/anua-veido-pilingas-heartleaf-lha-moisture-peeling-gel\\\/#primaryimage\"},\"thumbnailUrl\":\"https:\\\/\\\/www.malinashop.lt\\\/wp-content\\\/uploads\\\/2026\\\/04\\\/Anua-veido-pilingas-Heartleaf-LHA-Moisture-Peeling-Gel.webp\",\"datePublished\":\"2026-04-04T18:03:44+00:00\",\"dateModified\":\"2026-04-07T19:17:47+00:00\",\"description\":\"ANUA pilingas su LHA r\u016bg\u0161timi ir heartleaf ekstraktu \u0161velniai valo, \u0161alina negyvas l\u0105steles, ramina od\u0105 ir suteikia jai \u0161velnumo, 120 ml.\",\"breadcrumb\":{\"@id\":\"https:\\\/\\\/www.malinashop.lt\\\/lt_lt\\\/shop\\\/anua-veido-pilingas-heartleaf-lha-moisture-peeling-gel\\\/#breadcrumb\"},\"inLanguage\":\"en-GB\",\"potentialAction\":[{\"@type\":\"ReadAction\",\"target\":[\"https:\\\/\\\/www.malinashop.lt\\\/lt_lt\\\/shop\\\/anua-veido-pilingas-heartleaf-lha-moisture-peeling-gel\\\/\"]}]},{\"@type\":\"ImageObject\",\"inLanguage\":\"en-GB\",\"@id\":\"https:\\\/\\\/www.malinashop.lt\\\/lt_lt\\\/shop\\\/anua-veido-pilingas-heartleaf-lha-moisture-peeling-gel\\\/#primaryimage\",\"url\":\"https:\\\/\\\/www.malinashop.lt\\\/wp-content\\\/uploads\\\/2026\\\/04\\\/Anua-veido-pilingas-Heartleaf-LHA-Moisture-Peeling-Gel.webp\",\"contentUrl\":\"https:\\\/\\\/www.malinashop.lt\\\/wp-content\\\/uploads\\\/2026\\\/04\\\/Anua-veido-pilingas-Heartleaf-LHA-Moisture-Peeling-Gel.webp\",\"width\":1100,\"height\":1100},{\"@type\":\"BreadcrumbList\",\"@id\":\"https:\\\/\\\/www.malinashop.lt\\\/lt_lt\\\/shop\\\/anua-veido-pilingas-heartleaf-lha-moisture-peeling-gel\\\/#breadcrumb\",\"itemListElement\":[{\"@type\":\"ListItem\",\"position\":1,\"name\":\"Pagrindinis\",\"item\":\"https:\\\/\\\/www.malinashop.lt\\\/\"},{\"@type\":\"ListItem\",\"position\":2,\"name\":\"Parduotuv\u0117\",\"item\":\"https:\\\/\\\/www.malinashop.lt\\\/en\\\/parduotuve\\\/\"},{\"@type\":\"ListItem\",\"position\":3,\"name\":\"Anua veido pilingas Heartleaf LHA Moisture Peeling Gel\"}]},{\"@type\":\"WebSite\",\"@id\":\"https:\\\/\\\/www.malinashop.lt\\\/#website\",\"url\":\"https:\\\/\\\/www.malinashop.lt\\\/\",\"name\":\"COM Group Ecommerce\",\"description\":\"MalinaShop.lt - Gro\u017eio ir sveikatos produktai i\u0161 patikim\u0173 preki\u0173 \u017eenkl\u0173. Atraskite auk\u0161tos kokyb\u0117s kosmetik\u0105 u\u017e puiki\u0105 kain\u0105.\",\"publisher\":{\"@id\":\"https:\\\/\\\/www.malinashop.lt\\\/#organization\"},\"potentialAction\":[{\"@type\":\"SearchAction\",\"target\":{\"@type\":\"EntryPoint\",\"urlTemplate\":\"https:\\\/\\\/www.malinashop.lt\\\/?s={search_term_string}\"},\"query-input\":{\"@type\":\"PropertyValueSpecification\",\"valueRequired\":true,\"valueName\":\"search_term_string\"}}],\"inLanguage\":\"en-GB\"},{\"@type\":\"Organization\",\"@id\":\"https:\\\/\\\/www.malinashop.lt\\\/#organization\",\"name\":\"COM Group Ecommerce\",\"url\":\"https:\\\/\\\/www.malinashop.lt\\\/\",\"logo\":{\"@type\":\"ImageObject\",\"inLanguage\":\"en-GB\",\"@id\":\"https:\\\/\\\/www.malinashop.lt\\\/#\\\/schema\\\/logo\\\/image\\\/\",\"url\":\"https:\\\/\\\/www.malinashop.lt\\\/wp-content\\\/uploads\\\/2024\\\/08\\\/462559670_3787732518133670_9795632669273463_n-e1731525914575.png\",\"contentUrl\":\"https:\\\/\\\/www.malinashop.lt\\\/wp-content\\\/uploads\\\/2024\\\/08\\\/462559670_3787732518133670_9795632669273463_n-e1731525914575.png\",\"width\":180,\"height\":60,\"caption\":\"COM Group Ecommerce\"},\"image\":{\"@id\":\"https:\\\/\\\/www.malinashop.lt\\\/#\\\/schema\\\/logo\\\/image\\\/\"}}]}<\/script>\n<!-- \/ Yoast SEO plugin. -->","yoast_head_json":{"title":"Anua veido pilingas Heartleaf LHA Moisture Peeling Gel - MalinaShop.lt J\u016bs\u0173 sveikatai ir gro\u017eiui.","description":"ANUA pilingas su LHA r\u016bg\u0161timi ir heartleaf ekstraktu \u0161velniai valo, \u0161alina negyvas l\u0105steles, ramina od\u0105 ir suteikia jai \u0161velnumo, 120 ml.","robots":{"index":"index","follow":"follow","max-snippet":"max-snippet:-1","max-image-preview":"max-image-preview:large","max-video-preview":"max-video-preview:-1"},"canonical":"https:\/\/www.malinashop.lt\/en\/shop\/anua-veido-pilingas-heartleaf-lha-moisture-peeling-gel\/","og_locale":"en_GB","og_type":"article","og_title":"Anua veido pilingas Heartleaf LHA Moisture Peeling Gel - MalinaShop.lt J\u016bs\u0173 sveikatai ir gro\u017eiui.","og_description":"ANUA pilingas su LHA r\u016bg\u0161timi ir heartleaf ekstraktu \u0161velniai valo, \u0161alina negyvas l\u0105steles, ramina od\u0105 ir suteikia jai \u0161velnumo, 120 ml.","og_url":"https:\/\/www.malinashop.lt\/en\/shop\/anua-veido-pilingas-heartleaf-lha-moisture-peeling-gel\/","og_site_name":"MalinaShop.lt J\u016bs\u0173 sveikatai ir gro\u017eiui.","article_modified_time":"2026-04-07T19:17:47+00:00","og_image":[{"width":1100,"height":1100,"url":"https:\/\/www.malinashop.lt\/wp-content\/uploads\/2026\/04\/Anua-veido-pilingas-Heartleaf-LHA-Moisture-Peeling-Gel.webp","type":"image\/webp"}],"twitter_card":"summary_large_image","schema":{"@context":"https:\/\/schema.org","@graph":[{"@type":"WebPage","@id":"https:\/\/www.malinashop.lt\/lt_lt\/shop\/anua-veido-pilingas-heartleaf-lha-moisture-peeling-gel\/","url":"https:\/\/www.malinashop.lt\/lt_lt\/shop\/anua-veido-pilingas-heartleaf-lha-moisture-peeling-gel\/","name":"Anua veido pilingas Heartleaf LHA Moisture Peeling Gel - MalinaShop.lt J\u016bs\u0173 sveikatai ir gro\u017eiui.","isPartOf":{"@id":"https:\/\/www.malinashop.lt\/#website"},"primaryImageOfPage":{"@id":"https:\/\/www.malinashop.lt\/lt_lt\/shop\/anua-veido-pilingas-heartleaf-lha-moisture-peeling-gel\/#primaryimage"},"image":{"@id":"https:\/\/www.malinashop.lt\/lt_lt\/shop\/anua-veido-pilingas-heartleaf-lha-moisture-peeling-gel\/#primaryimage"},"thumbnailUrl":"https:\/\/www.malinashop.lt\/wp-content\/uploads\/2026\/04\/Anua-veido-pilingas-Heartleaf-LHA-Moisture-Peeling-Gel.webp","datePublished":"2026-04-04T18:03:44+00:00","dateModified":"2026-04-07T19:17:47+00:00","description":"ANUA pilingas su LHA r\u016bg\u0161timi ir heartleaf ekstraktu \u0161velniai valo, \u0161alina negyvas l\u0105steles, ramina od\u0105 ir suteikia jai \u0161velnumo, 120 ml.","breadcrumb":{"@id":"https:\/\/www.malinashop.lt\/lt_lt\/shop\/anua-veido-pilingas-heartleaf-lha-moisture-peeling-gel\/#breadcrumb"},"inLanguage":"en-GB","potentialAction":[{"@type":"ReadAction","target":["https:\/\/www.malinashop.lt\/lt_lt\/shop\/anua-veido-pilingas-heartleaf-lha-moisture-peeling-gel\/"]}]},{"@type":"ImageObject","inLanguage":"en-GB","@id":"https:\/\/www.malinashop.lt\/lt_lt\/shop\/anua-veido-pilingas-heartleaf-lha-moisture-peeling-gel\/#primaryimage","url":"https:\/\/www.malinashop.lt\/wp-content\/uploads\/2026\/04\/Anua-veido-pilingas-Heartleaf-LHA-Moisture-Peeling-Gel.webp","contentUrl":"https:\/\/www.malinashop.lt\/wp-content\/uploads\/2026\/04\/Anua-veido-pilingas-Heartleaf-LHA-Moisture-Peeling-Gel.webp","width":1100,"height":1100},{"@type":"BreadcrumbList","@id":"https:\/\/www.malinashop.lt\/lt_lt\/shop\/anua-veido-pilingas-heartleaf-lha-moisture-peeling-gel\/#breadcrumb","itemListElement":[{"@type":"ListItem","position":1,"name":"Pagrindinis","item":"https:\/\/www.malinashop.lt\/"},{"@type":"ListItem","position":2,"name":"Parduotuv\u0117","item":"https:\/\/www.malinashop.lt\/en\/parduotuve\/"},{"@type":"ListItem","position":3,"name":"Anua veido pilingas Heartleaf LHA Moisture Peeling Gel"}]},{"@type":"WebSite","@id":"https:\/\/www.malinashop.lt\/#website","url":"https:\/\/www.malinashop.lt\/","name":"COM Group Ecommerce","description":"MalinaShop.lt - Gro\u017eio ir sveikatos produktai i\u0161 patikim\u0173 preki\u0173 \u017eenkl\u0173. Atraskite auk\u0161tos kokyb\u0117s kosmetik\u0105 u\u017e puiki\u0105 kain\u0105.","publisher":{"@id":"https:\/\/www.malinashop.lt\/#organization"},"potentialAction":[{"@type":"SearchAction","target":{"@type":"EntryPoint","urlTemplate":"https:\/\/www.malinashop.lt\/?s={search_term_string}"},"query-input":{"@type":"PropertyValueSpecification","valueRequired":true,"valueName":"search_term_string"}}],"inLanguage":"en-GB"},{"@type":"Organization","@id":"https:\/\/www.malinashop.lt\/#organization","name":"COM Group Ecommerce","url":"https:\/\/www.malinashop.lt\/","logo":{"@type":"ImageObject","inLanguage":"en-GB","@id":"https:\/\/www.malinashop.lt\/#\/schema\/logo\/image\/","url":"https:\/\/www.malinashop.lt\/wp-content\/uploads\/2024\/08\/462559670_3787732518133670_9795632669273463_n-e1731525914575.png","contentUrl":"https:\/\/www.malinashop.lt\/wp-content\/uploads\/2024\/08\/462559670_3787732518133670_9795632669273463_n-e1731525914575.png","width":180,"height":60,"caption":"COM Group Ecommerce"},"image":{"@id":"https:\/\/www.malinashop.lt\/#\/schema\/logo\/image\/"}}]}},"jetpack_sharing_enabled":true,"_links":{"self":[{"href":"https:\/\/www.malinashop.lt\/en\/wp-json\/wp\/v2\/product\/76085","targetHints":{"allow":["GET"]}}],"collection":[{"href":"https:\/\/www.malinashop.lt\/en\/wp-json\/wp\/v2\/product"}],"about":[{"href":"https:\/\/www.malinashop.lt\/en\/wp-json\/wp\/v2\/types\/product"}],"version-history":[{"count":1,"href":"https:\/\/www.malinashop.lt\/en\/wp-json\/wp\/v2\/product\/76085\/revisions"}],"predecessor-version":[{"id":76089,"href":"https:\/\/www.malinashop.lt\/en\/wp-json\/wp\/v2\/product\/76085\/revisions\/76089"}],"wp:featuredmedia":[{"embeddable":true,"href":"https:\/\/www.malinashop.lt\/en\/wp-json\/wp\/v2\/media\/76088"}],"wp:attachment":[{"href":"https:\/\/www.malinashop.lt\/en\/wp-json\/wp\/v2\/media?parent=76085"}],"wp:term":[{"taxonomy":"product_brand","embeddable":true,"href":"https:\/\/www.malinashop.lt\/en\/wp-json\/wp\/v2\/product_brand?post=76085"},{"taxonomy":"product_cat","embeddable":true,"href":"https:\/\/www.malinashop.lt\/en\/wp-json\/wp\/v2\/product_cat?post=76085"},{"taxonomy":"product_tag","embeddable":true,"href":"https:\/\/www.malinashop.lt\/en\/wp-json\/wp\/v2\/product_tag?post=76085"}],"curies":[{"name":"wp","href":"https:\/\/api.w.org\/{rel}","templated":true}]}}