{"id":76081,"date":"2026-03-04T21:01:56","date_gmt":"2026-03-04T18:01:56","guid":{"rendered":"https:\/\/malinashop.lt\/?post_type=product&#038;p=76081"},"modified":"2026-04-07T22:17:57","modified_gmt":"2026-04-07T19:17:57","slug":"anua-veido-serumas-retinol-0-3-niacin-serum","status":"publish","type":"product","link":"https:\/\/www.malinashop.lt\/en\/shop\/anua-veido-serumas-retinol-0-3-niacin-serum\/","title":{"rendered":"Anua veido serumas Retinol 0.3% + Niacin Serum"},"content":{"rendered":"<p data-start=\"304\" data-end=\"545\">ANUA Retinol 0.3% + Niacin Serum \u2013 tai efektyvus veido serumas, skirtas kovai su odos sen\u0117jimo po\u017eymiais, netolygiu odos tonu ir i\u0161sipl\u0117tusiomis poromis. Retinolis skatina odos atsinaujinim\u0105, ma\u017eina smulkias rauk\u0161les ir gerina odos tekst\u016br\u0105.<\/p>\n<p data-start=\"547\" data-end=\"796\">Niacinamidas padeda suvienodinti odos ton\u0105, reguliuoja riebal\u0173 i\u0161siskyrim\u0105 ir suteikia skaistumo. Formul\u0117 papildyta keramidu kompleksu, kuris stiprina odos apsaugin\u012f barjer\u0105, bei 8 r\u016b\u0161i\u0173 peptidais, kurie padeda didinti odos elastingum\u0105 ir stangrum\u0105.<\/p>\n<p data-start=\"798\" data-end=\"959\">Papildomi augaliniai ekstraktai ramina od\u0105, ma\u017eina sudirgim\u0105 ir suteikia komforto poj\u016bt\u012f. Serumas pasi\u017eymi lengva tekst\u016bra, greitai \u012fsigeria ir neapsunkina odos.<\/p>\n<p data-start=\"961\" data-end=\"1035\">Reguliariai naudojant oda tampa lygesn\u0117, stangresn\u0117 ir vizualiai jaunesn\u0117.<\/p>\n<p data-start=\"1037\" data-end=\"1094\">Tinka vis\u0173 tip\u0173 odai, ypa\u010d brand\u017eiai ir probleminei odai.<\/p>\n<hr data-start=\"1096\" data-end=\"1099\" \/>\n<h4 data-section-id=\"1stuw1d\" data-start=\"1101\" data-end=\"1122\"><span role=\"text\"><strong data-start=\"1105\" data-end=\"1120\">Naudojimas:<\/strong><\/span><\/h4>\n<p data-start=\"1123\" data-end=\"1297\">Naudokite vakare ant \u0161varios, tonizuotos odos. Venkite aki\u0173 srities. Prad\u0117kite naudoti 2\u20133 kartus per savait\u0119, v\u0117liau da\u017en\u012f didinkite. Dienos metu b\u016btina naudoti SPF apsaug\u0105.<\/p>\n<hr data-start=\"1299\" data-end=\"1302\" \/>\n<h5 data-section-id=\"kd1lm3\" data-start=\"1304\" data-end=\"1329\"><span role=\"text\"><strong data-start=\"1308\" data-end=\"1327\">Sud\u0117tis (INCI):<\/strong><\/span><\/h5>\n<p data-start=\"1330\" data-end=\"3451\">Aqua (Water), Glycereth-26, Niacinamide (5%), Glycerin, 1,2-Hexanediol, Caprylic\/Capric Triglyceride, Glyceryl Citrate\/Lactate\/Linoleate\/Oleate, Tocopherol, Propanediol, Ammonium Acryloyldimethyltaurate\/VP Copolymer, Cetyl Ethylhexanoate, Pentaerythrityl Tetra-di-t-butyl Hydroxyhydrocinnamate, Polyacrylate Crosspolymer-6, Methylpropanediol, Butylene Glycol, Polysorbate 20, Coptis Japonica Root Extract, Retinol (0.11%), Ceramide NP, Pentylene Glycol, Carbomer, Tromethamine, Dipotassium Glycyrrhizate, Ethylhexylglycerin, Adenosine, Pyrus Malus (Apple) Fruit Extract, Potentilla Anserina Extract, Disodium EDTA, Hydrogenated Lecithin, Polyquaternium-51, Cynara Scolymus (Artichoke) Leaf Extract, Avena Sativa (Oat) Kernel Extract, Beta-Glucan, Castanea Crenata (Chestnut) Shell Extract, Camellia Sinensis Leaf Water, Diospyros Kaki Leaf Extract, Squalane, Panthenol, Hydrolyzed Sodium Hyaluronate, Centaurea Cyanus Flower Water, BHT, Oleic Acid, Dipropylene Glycol, BHA, Portulaca Oleracea Extract, Allantoin, Melaleuca Alternifolia (Tea Tree) Extract, Maltodextrin, Saccharide Hydrolysate, Sorbitan Laurate, Glyceryl Stearate, Butyrospermum Parkii (Shea) Butter, Sodium Hyaluronate, Octyldodecanol, Phytosterols, Ficus Carica (Fig) Fruit Extract, Centella Asiatica Extract, Madecassoside, Camellia Sinensis Leaf Extract, Arnica Montana Flower Extract, Artemisia Capillaris Flower Extract, Hydroxyethylcellulose, Cholesterol, Houttuynia Cordata Extract, Melia Azadirachta Leaf Extract, Melaleuca Alternifolia (Tea Tree) Leaf Oil, Ceramide AP, Ceramide AS, Capryloyl Salicylic Acid, Carapa Guianensis Seed Oil, Acetyl Dipeptide-1 Cetyl Ester, Lavandula Angustifolia (Lavender) Flower Extract, Centaurea Cyanus Flower Extract, Ceramide NG, Borago Officinalis Extract, Chamomilla Recutita (Matricaria) Flower\/Leaf Extract, Ceramide NS, Caprylyl Glycol, Guaiazulene, Hippophae Rhamnoides Fruit Oil, Sucrose Distearate, Acetyl Hexapeptide-8, Nonapeptide-1, Hydroxypropyl Cyclodextrin, Palmitoyl Tetrapeptide-7, Copper Tripeptide-1, Hexapeptide-9, Palmitoyl Tripeptide-1, Tripeptide-1, Palmitoyl Pentapeptide-4, Ceramide EOP<\/p>\n","protected":false},"excerpt":{"rendered":"<p data-start=\"180\" data-end=\"276\">Serumas su retinoliu ir niacinamidu ma\u017eina rauk\u0161les, lygina odos ton\u0105 ir padeda sutraukti poras.<\/p>\n","protected":false},"featured_media":76083,"template":"","meta":[],"product_brand":[1677],"product_cat":[550,728],"product_tag":[],"class_list":{"0":"post-76081","1":"product","2":"type-product","3":"status-publish","4":"has-post-thumbnail","6":"product_brand-anua","7":"product_cat-veido-serumai","8":"product_cat-veidui","10":"first","11":"outofstock","12":"taxable","13":"shipping-taxable","14":"purchasable","15":"product-type-simple"},"yoast_head":"<!-- This site is optimized with the Yoast SEO plugin v27.4 - https:\/\/yoast.com\/product\/yoast-seo-wordpress\/ -->\n<title>Anua veido serumas Retinol 0.3% + Niacin Serum - MalinaShop.lt J\u016bs\u0173 sveikatai ir gro\u017eiui.<\/title>\n<meta name=\"description\" content=\"ANUA serumas su retinoliu ir niacinamidu ma\u017eina rauk\u0161les, lygina odos ton\u0105, sutraukia poras ir stiprina odos barjer\u0105, 30 ml.\" \/>\n<meta name=\"robots\" content=\"index, follow, max-snippet:-1, max-image-preview:large, max-video-preview:-1\" \/>\n<link rel=\"canonical\" href=\"https:\/\/www.malinashop.lt\/en\/shop\/anua-veido-serumas-retinol-0-3-niacin-serum\/\" \/>\n<meta property=\"og:locale\" content=\"en_GB\" \/>\n<meta property=\"og:type\" content=\"article\" \/>\n<meta property=\"og:title\" content=\"Anua veido serumas Retinol 0.3% + Niacin Serum - MalinaShop.lt J\u016bs\u0173 sveikatai ir gro\u017eiui.\" \/>\n<meta property=\"og:description\" content=\"ANUA serumas su retinoliu ir niacinamidu ma\u017eina rauk\u0161les, lygina odos ton\u0105, sutraukia poras ir stiprina odos barjer\u0105, 30 ml.\" \/>\n<meta property=\"og:url\" content=\"https:\/\/www.malinashop.lt\/en\/shop\/anua-veido-serumas-retinol-0-3-niacin-serum\/\" \/>\n<meta property=\"og:site_name\" content=\"MalinaShop.lt J\u016bs\u0173 sveikatai ir gro\u017eiui.\" \/>\n<meta property=\"article:modified_time\" content=\"2026-04-07T19:17:57+00:00\" \/>\n<meta property=\"og:image\" content=\"https:\/\/www.malinashop.lt\/wp-content\/uploads\/2026\/04\/Anua-veido-serumas-Retinol-0.3-Niacin-Serum.webp\" \/>\n\t<meta property=\"og:image:width\" content=\"1100\" \/>\n\t<meta property=\"og:image:height\" content=\"1100\" \/>\n\t<meta property=\"og:image:type\" content=\"image\/webp\" \/>\n<meta name=\"twitter:card\" content=\"summary_large_image\" \/>\n<script type=\"application\/ld+json\" class=\"yoast-schema-graph\">{\"@context\":\"https:\\\/\\\/schema.org\",\"@graph\":[{\"@type\":\"WebPage\",\"@id\":\"https:\\\/\\\/www.malinashop.lt\\\/lt_lt\\\/shop\\\/anua-veido-serumas-retinol-0-3-niacin-serum\\\/\",\"url\":\"https:\\\/\\\/www.malinashop.lt\\\/lt_lt\\\/shop\\\/anua-veido-serumas-retinol-0-3-niacin-serum\\\/\",\"name\":\"Anua veido serumas Retinol 0.3% + Niacin Serum - MalinaShop.lt J\u016bs\u0173 sveikatai ir gro\u017eiui.\",\"isPartOf\":{\"@id\":\"https:\\\/\\\/www.malinashop.lt\\\/#website\"},\"primaryImageOfPage\":{\"@id\":\"https:\\\/\\\/www.malinashop.lt\\\/lt_lt\\\/shop\\\/anua-veido-serumas-retinol-0-3-niacin-serum\\\/#primaryimage\"},\"image\":{\"@id\":\"https:\\\/\\\/www.malinashop.lt\\\/lt_lt\\\/shop\\\/anua-veido-serumas-retinol-0-3-niacin-serum\\\/#primaryimage\"},\"thumbnailUrl\":\"https:\\\/\\\/www.malinashop.lt\\\/wp-content\\\/uploads\\\/2026\\\/04\\\/Anua-veido-serumas-Retinol-0.3-Niacin-Serum.webp\",\"datePublished\":\"2026-03-04T18:01:56+00:00\",\"dateModified\":\"2026-04-07T19:17:57+00:00\",\"description\":\"ANUA serumas su retinoliu ir niacinamidu ma\u017eina rauk\u0161les, lygina odos ton\u0105, sutraukia poras ir stiprina odos barjer\u0105, 30 ml.\",\"breadcrumb\":{\"@id\":\"https:\\\/\\\/www.malinashop.lt\\\/lt_lt\\\/shop\\\/anua-veido-serumas-retinol-0-3-niacin-serum\\\/#breadcrumb\"},\"inLanguage\":\"en-GB\",\"potentialAction\":[{\"@type\":\"ReadAction\",\"target\":[\"https:\\\/\\\/www.malinashop.lt\\\/lt_lt\\\/shop\\\/anua-veido-serumas-retinol-0-3-niacin-serum\\\/\"]}]},{\"@type\":\"ImageObject\",\"inLanguage\":\"en-GB\",\"@id\":\"https:\\\/\\\/www.malinashop.lt\\\/lt_lt\\\/shop\\\/anua-veido-serumas-retinol-0-3-niacin-serum\\\/#primaryimage\",\"url\":\"https:\\\/\\\/www.malinashop.lt\\\/wp-content\\\/uploads\\\/2026\\\/04\\\/Anua-veido-serumas-Retinol-0.3-Niacin-Serum.webp\",\"contentUrl\":\"https:\\\/\\\/www.malinashop.lt\\\/wp-content\\\/uploads\\\/2026\\\/04\\\/Anua-veido-serumas-Retinol-0.3-Niacin-Serum.webp\",\"width\":1100,\"height\":1100},{\"@type\":\"BreadcrumbList\",\"@id\":\"https:\\\/\\\/www.malinashop.lt\\\/lt_lt\\\/shop\\\/anua-veido-serumas-retinol-0-3-niacin-serum\\\/#breadcrumb\",\"itemListElement\":[{\"@type\":\"ListItem\",\"position\":1,\"name\":\"Pagrindinis\",\"item\":\"https:\\\/\\\/www.malinashop.lt\\\/\"},{\"@type\":\"ListItem\",\"position\":2,\"name\":\"Parduotuv\u0117\",\"item\":\"https:\\\/\\\/www.malinashop.lt\\\/en\\\/parduotuve\\\/\"},{\"@type\":\"ListItem\",\"position\":3,\"name\":\"Anua veido serumas Retinol 0.3% + Niacin Serum\"}]},{\"@type\":\"WebSite\",\"@id\":\"https:\\\/\\\/www.malinashop.lt\\\/#website\",\"url\":\"https:\\\/\\\/www.malinashop.lt\\\/\",\"name\":\"COM Group Ecommerce\",\"description\":\"MalinaShop.lt - Gro\u017eio ir sveikatos produktai i\u0161 patikim\u0173 preki\u0173 \u017eenkl\u0173. Atraskite auk\u0161tos kokyb\u0117s kosmetik\u0105 u\u017e puiki\u0105 kain\u0105.\",\"publisher\":{\"@id\":\"https:\\\/\\\/www.malinashop.lt\\\/#organization\"},\"potentialAction\":[{\"@type\":\"SearchAction\",\"target\":{\"@type\":\"EntryPoint\",\"urlTemplate\":\"https:\\\/\\\/www.malinashop.lt\\\/?s={search_term_string}\"},\"query-input\":{\"@type\":\"PropertyValueSpecification\",\"valueRequired\":true,\"valueName\":\"search_term_string\"}}],\"inLanguage\":\"en-GB\"},{\"@type\":\"Organization\",\"@id\":\"https:\\\/\\\/www.malinashop.lt\\\/#organization\",\"name\":\"COM Group Ecommerce\",\"url\":\"https:\\\/\\\/www.malinashop.lt\\\/\",\"logo\":{\"@type\":\"ImageObject\",\"inLanguage\":\"en-GB\",\"@id\":\"https:\\\/\\\/www.malinashop.lt\\\/#\\\/schema\\\/logo\\\/image\\\/\",\"url\":\"https:\\\/\\\/www.malinashop.lt\\\/wp-content\\\/uploads\\\/2024\\\/08\\\/462559670_3787732518133670_9795632669273463_n-e1731525914575.png\",\"contentUrl\":\"https:\\\/\\\/www.malinashop.lt\\\/wp-content\\\/uploads\\\/2024\\\/08\\\/462559670_3787732518133670_9795632669273463_n-e1731525914575.png\",\"width\":180,\"height\":60,\"caption\":\"COM Group Ecommerce\"},\"image\":{\"@id\":\"https:\\\/\\\/www.malinashop.lt\\\/#\\\/schema\\\/logo\\\/image\\\/\"}}]}<\/script>\n<!-- \/ Yoast SEO plugin. -->","yoast_head_json":{"title":"Anua veido serumas Retinol 0.3% + Niacin Serum - MalinaShop.lt J\u016bs\u0173 sveikatai ir gro\u017eiui.","description":"ANUA serumas su retinoliu ir niacinamidu ma\u017eina rauk\u0161les, lygina odos ton\u0105, sutraukia poras ir stiprina odos barjer\u0105, 30 ml.","robots":{"index":"index","follow":"follow","max-snippet":"max-snippet:-1","max-image-preview":"max-image-preview:large","max-video-preview":"max-video-preview:-1"},"canonical":"https:\/\/www.malinashop.lt\/en\/shop\/anua-veido-serumas-retinol-0-3-niacin-serum\/","og_locale":"en_GB","og_type":"article","og_title":"Anua veido serumas Retinol 0.3% + Niacin Serum - MalinaShop.lt J\u016bs\u0173 sveikatai ir gro\u017eiui.","og_description":"ANUA serumas su retinoliu ir niacinamidu ma\u017eina rauk\u0161les, lygina odos ton\u0105, sutraukia poras ir stiprina odos barjer\u0105, 30 ml.","og_url":"https:\/\/www.malinashop.lt\/en\/shop\/anua-veido-serumas-retinol-0-3-niacin-serum\/","og_site_name":"MalinaShop.lt J\u016bs\u0173 sveikatai ir gro\u017eiui.","article_modified_time":"2026-04-07T19:17:57+00:00","og_image":[{"width":1100,"height":1100,"url":"https:\/\/www.malinashop.lt\/wp-content\/uploads\/2026\/04\/Anua-veido-serumas-Retinol-0.3-Niacin-Serum.webp","type":"image\/webp"}],"twitter_card":"summary_large_image","schema":{"@context":"https:\/\/schema.org","@graph":[{"@type":"WebPage","@id":"https:\/\/www.malinashop.lt\/lt_lt\/shop\/anua-veido-serumas-retinol-0-3-niacin-serum\/","url":"https:\/\/www.malinashop.lt\/lt_lt\/shop\/anua-veido-serumas-retinol-0-3-niacin-serum\/","name":"Anua veido serumas Retinol 0.3% + Niacin Serum - MalinaShop.lt J\u016bs\u0173 sveikatai ir gro\u017eiui.","isPartOf":{"@id":"https:\/\/www.malinashop.lt\/#website"},"primaryImageOfPage":{"@id":"https:\/\/www.malinashop.lt\/lt_lt\/shop\/anua-veido-serumas-retinol-0-3-niacin-serum\/#primaryimage"},"image":{"@id":"https:\/\/www.malinashop.lt\/lt_lt\/shop\/anua-veido-serumas-retinol-0-3-niacin-serum\/#primaryimage"},"thumbnailUrl":"https:\/\/www.malinashop.lt\/wp-content\/uploads\/2026\/04\/Anua-veido-serumas-Retinol-0.3-Niacin-Serum.webp","datePublished":"2026-03-04T18:01:56+00:00","dateModified":"2026-04-07T19:17:57+00:00","description":"ANUA serumas su retinoliu ir niacinamidu ma\u017eina rauk\u0161les, lygina odos ton\u0105, sutraukia poras ir stiprina odos barjer\u0105, 30 ml.","breadcrumb":{"@id":"https:\/\/www.malinashop.lt\/lt_lt\/shop\/anua-veido-serumas-retinol-0-3-niacin-serum\/#breadcrumb"},"inLanguage":"en-GB","potentialAction":[{"@type":"ReadAction","target":["https:\/\/www.malinashop.lt\/lt_lt\/shop\/anua-veido-serumas-retinol-0-3-niacin-serum\/"]}]},{"@type":"ImageObject","inLanguage":"en-GB","@id":"https:\/\/www.malinashop.lt\/lt_lt\/shop\/anua-veido-serumas-retinol-0-3-niacin-serum\/#primaryimage","url":"https:\/\/www.malinashop.lt\/wp-content\/uploads\/2026\/04\/Anua-veido-serumas-Retinol-0.3-Niacin-Serum.webp","contentUrl":"https:\/\/www.malinashop.lt\/wp-content\/uploads\/2026\/04\/Anua-veido-serumas-Retinol-0.3-Niacin-Serum.webp","width":1100,"height":1100},{"@type":"BreadcrumbList","@id":"https:\/\/www.malinashop.lt\/lt_lt\/shop\/anua-veido-serumas-retinol-0-3-niacin-serum\/#breadcrumb","itemListElement":[{"@type":"ListItem","position":1,"name":"Pagrindinis","item":"https:\/\/www.malinashop.lt\/"},{"@type":"ListItem","position":2,"name":"Parduotuv\u0117","item":"https:\/\/www.malinashop.lt\/en\/parduotuve\/"},{"@type":"ListItem","position":3,"name":"Anua veido serumas Retinol 0.3% + Niacin Serum"}]},{"@type":"WebSite","@id":"https:\/\/www.malinashop.lt\/#website","url":"https:\/\/www.malinashop.lt\/","name":"COM Group Ecommerce","description":"MalinaShop.lt - Gro\u017eio ir sveikatos produktai i\u0161 patikim\u0173 preki\u0173 \u017eenkl\u0173. Atraskite auk\u0161tos kokyb\u0117s kosmetik\u0105 u\u017e puiki\u0105 kain\u0105.","publisher":{"@id":"https:\/\/www.malinashop.lt\/#organization"},"potentialAction":[{"@type":"SearchAction","target":{"@type":"EntryPoint","urlTemplate":"https:\/\/www.malinashop.lt\/?s={search_term_string}"},"query-input":{"@type":"PropertyValueSpecification","valueRequired":true,"valueName":"search_term_string"}}],"inLanguage":"en-GB"},{"@type":"Organization","@id":"https:\/\/www.malinashop.lt\/#organization","name":"COM Group Ecommerce","url":"https:\/\/www.malinashop.lt\/","logo":{"@type":"ImageObject","inLanguage":"en-GB","@id":"https:\/\/www.malinashop.lt\/#\/schema\/logo\/image\/","url":"https:\/\/www.malinashop.lt\/wp-content\/uploads\/2024\/08\/462559670_3787732518133670_9795632669273463_n-e1731525914575.png","contentUrl":"https:\/\/www.malinashop.lt\/wp-content\/uploads\/2024\/08\/462559670_3787732518133670_9795632669273463_n-e1731525914575.png","width":180,"height":60,"caption":"COM Group Ecommerce"},"image":{"@id":"https:\/\/www.malinashop.lt\/#\/schema\/logo\/image\/"}}]}},"jetpack_sharing_enabled":true,"_links":{"self":[{"href":"https:\/\/www.malinashop.lt\/en\/wp-json\/wp\/v2\/product\/76081","targetHints":{"allow":["GET"]}}],"collection":[{"href":"https:\/\/www.malinashop.lt\/en\/wp-json\/wp\/v2\/product"}],"about":[{"href":"https:\/\/www.malinashop.lt\/en\/wp-json\/wp\/v2\/types\/product"}],"version-history":[{"count":1,"href":"https:\/\/www.malinashop.lt\/en\/wp-json\/wp\/v2\/product\/76081\/revisions"}],"predecessor-version":[{"id":76084,"href":"https:\/\/www.malinashop.lt\/en\/wp-json\/wp\/v2\/product\/76081\/revisions\/76084"}],"wp:featuredmedia":[{"embeddable":true,"href":"https:\/\/www.malinashop.lt\/en\/wp-json\/wp\/v2\/media\/76083"}],"wp:attachment":[{"href":"https:\/\/www.malinashop.lt\/en\/wp-json\/wp\/v2\/media?parent=76081"}],"wp:term":[{"taxonomy":"product_brand","embeddable":true,"href":"https:\/\/www.malinashop.lt\/en\/wp-json\/wp\/v2\/product_brand?post=76081"},{"taxonomy":"product_cat","embeddable":true,"href":"https:\/\/www.malinashop.lt\/en\/wp-json\/wp\/v2\/product_cat?post=76081"},{"taxonomy":"product_tag","embeddable":true,"href":"https:\/\/www.malinashop.lt\/en\/wp-json\/wp\/v2\/product_tag?post=76081"}],"curies":[{"name":"wp","href":"https:\/\/api.w.org\/{rel}","templated":true}]}}