{"id":76076,"date":"2026-04-04T20:58:47","date_gmt":"2026-04-04T17:58:47","guid":{"rendered":"https:\/\/malinashop.lt\/?post_type=product&#038;p=76076"},"modified":"2026-04-07T22:17:47","modified_gmt":"2026-04-07T19:17:47","slug":"anua-veido-toneris-peach-77-niacin-essence-toner","status":"publish","type":"product","link":"https:\/\/www.malinashop.lt\/en\/shop\/anua-veido-toneris-peach-77-niacin-essence-toner\/","title":{"rendered":"Anua veido toneris Peach 77 Niacin Essence Toner"},"content":{"rendered":"<p data-start=\"317\" data-end=\"547\">ANUA Peach 77 Niacin Essence Toner \u2013 tai dr\u0117kinantis ir skaistinantis veido toneris, skirtas odos tono suvienodinimui ir \u0161vyt\u0117jimui suteikti. Formul\u0117 su persik\u0173 ekstraktu padeda atgaivinti od\u0105 ir suteikia jai nat\u016bralaus skaistumo.<\/p>\n<p data-start=\"549\" data-end=\"833\">Niacinamidas, alfa-arbutinas ir vitaminas C veikia sinergi\u0161kai \u2013 ma\u017eina pigmentacij\u0105, \u0161viesina od\u0105 ir padeda kovoti su netolygiu odos tonu. Papildomai sud\u0117tyje esantys fermentai ir \u0161veln\u016bs eksfolijuojantys komponentai padeda pa\u0161alinti negyvas odos l\u0105steles bei pagerina odos tekst\u016br\u0105.<\/p>\n<p data-start=\"835\" data-end=\"1051\">Tonikas taip pat praturtintas keramidu, pantenoliu ir hialurono r\u016bg\u0161timi, kurie dr\u0117kina, ramina ir stiprina odos apsaugin\u012f barjer\u0105. Lengva tekst\u016bra greitai \u012fsigeria ir paruo\u0161ia od\u0105 tolimesniems prie\u017ei\u016bros \u017eingsniams.<\/p>\n<p data-start=\"1053\" data-end=\"1126\">Reguliariai naudojant oda tampa lygesn\u0117, skaistesn\u0117 ir labiau sudr\u0117kinta.<\/p>\n<p data-start=\"1128\" data-end=\"1149\">Tinka vis\u0173 tip\u0173 odai.<\/p>\n<hr data-start=\"1151\" data-end=\"1154\" \/>\n<h4 data-section-id=\"1stuw1d\" data-start=\"1156\" data-end=\"1177\"><span role=\"text\"><strong data-start=\"1160\" data-end=\"1175\">Naudojimas:<\/strong><\/span><\/h4>\n<p data-start=\"1178\" data-end=\"1269\">Tepkite ant \u0161varios veido odos naudodami vatos diskel\u012f arba paskirstykite tiesiai pir\u0161tais.<\/p>\n<hr data-start=\"1271\" data-end=\"1274\" \/>\n<h5 data-section-id=\"kd1lm3\" data-start=\"1276\" data-end=\"1301\"><span role=\"text\"><strong data-start=\"1280\" data-end=\"1299\">Sud\u0117tis (INCI):<\/strong><\/span><\/h5>\n<p data-start=\"1302\" data-end=\"2491\">Aqua (Water), 2,3-Butanediol, Glycerin, Dipropylene Glycol, Niacinamide, Butylene Glycol, 1,2-Hexanediol, Prunus Persica (Peach) Fruit Extract, Lactobacillus Ferment, Methylpropanediol, Streptococcus Thermophilus Ferment, Polyglyceryl-10 Laurate, Propanediol, Squalane, Acrylates\/C10-30 Alkyl Acrylate Crosspolymer, Caprylic\/Capric Triglyceride, Diphenyl Dimethicone, Triethylhexanoin, Ethylhexylglycerin, Polyglyceryl-10 Stearate, Adenosine, Hydrogenated Lecithin, Dipotassium Glycyrrhizate, Tromethamine, Sodium Polyacrylate, Parfum (Fragrance), Panthenol, Sodium Hyaluronate Crosspolymer, Pyrus Malus (Apple) Juice, Ceramide NP, Bifida Ferment Lysate, Allantoin, Bacillus Ferment, Cyanocobalamin, Phellinus Linteus Extract, Polyglutamic Acid, Xylose, Galactomyces Ferment Filtrate, Sodium Stearoyl Glutamate, Tocopherol, Ascorbyl Glucoside, Betaine Salicylate, Alpha-Arbutin, Ascorbic Acid, Prunus Persica (Peach) Flower Extract, Sodium Hyaluronate, Xanthan Gum, Hydrolyzed Vegetable Protein, Maltodextrin, Glycine, Serine, Glutamic Acid, Aspartic Acid, Leucine, Alanine, Lysine, Arginine, Tyrosine, Phenylalanine, Proline, Threonine, Valine, Isoleucine, Histidine, Cysteine, Methionine<\/p>\n","protected":false},"excerpt":{"rendered":"<p data-start=\"188\" data-end=\"289\">Veido toneris su persik\u0173 ekstraktu, niacinamidu ir vitaminu C dr\u0117kina, skaistina ir lygina odos ton\u0105.<\/p>\n","protected":false},"featured_media":76079,"template":"","meta":[],"product_brand":[1677],"product_cat":[537,728],"product_tag":[],"class_list":{"0":"post-76076","1":"product","2":"type-product","3":"status-publish","4":"has-post-thumbnail","6":"product_brand-anua","7":"product_cat-veido-valymo-priemones","8":"product_cat-veidui","10":"first","11":"instock","12":"taxable","13":"shipping-taxable","14":"purchasable","15":"product-type-simple"},"yoast_head":"<!-- This site is optimized with the Yoast SEO plugin v27.4 - https:\/\/yoast.com\/product\/yoast-seo-wordpress\/ -->\n<title>Anua veido toneris Peach 77 Niacin Essence Toner - MalinaShop.lt J\u016bs\u0173 sveikatai ir gro\u017eiui.<\/title>\n<meta name=\"description\" content=\"ANUA toneris su persik\u0173 ekstraktu, niacinamidu ir vitaminu C dr\u0117kina, skaistina, lygina odos ton\u0105 ir suteikia \u0161vyt\u0117jimo, 250 ml.\" \/>\n<meta name=\"robots\" content=\"index, follow, max-snippet:-1, max-image-preview:large, max-video-preview:-1\" \/>\n<link rel=\"canonical\" href=\"https:\/\/www.malinashop.lt\/en\/shop\/anua-veido-toneris-peach-77-niacin-essence-toner\/\" \/>\n<meta property=\"og:locale\" content=\"en_GB\" \/>\n<meta property=\"og:type\" content=\"article\" \/>\n<meta property=\"og:title\" content=\"Anua veido toneris Peach 77 Niacin Essence Toner - MalinaShop.lt J\u016bs\u0173 sveikatai ir gro\u017eiui.\" \/>\n<meta property=\"og:description\" content=\"ANUA toneris su persik\u0173 ekstraktu, niacinamidu ir vitaminu C dr\u0117kina, skaistina, lygina odos ton\u0105 ir suteikia \u0161vyt\u0117jimo, 250 ml.\" \/>\n<meta property=\"og:url\" content=\"https:\/\/www.malinashop.lt\/en\/shop\/anua-veido-toneris-peach-77-niacin-essence-toner\/\" \/>\n<meta property=\"og:site_name\" content=\"MalinaShop.lt J\u016bs\u0173 sveikatai ir gro\u017eiui.\" \/>\n<meta property=\"article:modified_time\" content=\"2026-04-07T19:17:47+00:00\" \/>\n<meta property=\"og:image\" content=\"https:\/\/www.malinashop.lt\/wp-content\/uploads\/2026\/04\/Anua-veido-toneris-Peach-77-Niacin-Essence-Toner.webp\" \/>\n\t<meta property=\"og:image:width\" content=\"1100\" \/>\n\t<meta property=\"og:image:height\" content=\"1100\" \/>\n\t<meta property=\"og:image:type\" content=\"image\/webp\" \/>\n<meta name=\"twitter:card\" content=\"summary_large_image\" \/>\n<script type=\"application\/ld+json\" class=\"yoast-schema-graph\">{\"@context\":\"https:\\\/\\\/schema.org\",\"@graph\":[{\"@type\":\"WebPage\",\"@id\":\"https:\\\/\\\/www.malinashop.lt\\\/lt_lt\\\/shop\\\/anua-veido-toneris-peach-77-niacin-essence-toner\\\/\",\"url\":\"https:\\\/\\\/www.malinashop.lt\\\/lt_lt\\\/shop\\\/anua-veido-toneris-peach-77-niacin-essence-toner\\\/\",\"name\":\"Anua veido toneris Peach 77 Niacin Essence Toner - MalinaShop.lt J\u016bs\u0173 sveikatai ir gro\u017eiui.\",\"isPartOf\":{\"@id\":\"https:\\\/\\\/www.malinashop.lt\\\/#website\"},\"primaryImageOfPage\":{\"@id\":\"https:\\\/\\\/www.malinashop.lt\\\/lt_lt\\\/shop\\\/anua-veido-toneris-peach-77-niacin-essence-toner\\\/#primaryimage\"},\"image\":{\"@id\":\"https:\\\/\\\/www.malinashop.lt\\\/lt_lt\\\/shop\\\/anua-veido-toneris-peach-77-niacin-essence-toner\\\/#primaryimage\"},\"thumbnailUrl\":\"https:\\\/\\\/www.malinashop.lt\\\/wp-content\\\/uploads\\\/2026\\\/04\\\/Anua-veido-toneris-Peach-77-Niacin-Essence-Toner.webp\",\"datePublished\":\"2026-04-04T17:58:47+00:00\",\"dateModified\":\"2026-04-07T19:17:47+00:00\",\"description\":\"ANUA toneris su persik\u0173 ekstraktu, niacinamidu ir vitaminu C dr\u0117kina, skaistina, lygina odos ton\u0105 ir suteikia \u0161vyt\u0117jimo, 250 ml.\",\"breadcrumb\":{\"@id\":\"https:\\\/\\\/www.malinashop.lt\\\/lt_lt\\\/shop\\\/anua-veido-toneris-peach-77-niacin-essence-toner\\\/#breadcrumb\"},\"inLanguage\":\"en-GB\",\"potentialAction\":[{\"@type\":\"ReadAction\",\"target\":[\"https:\\\/\\\/www.malinashop.lt\\\/lt_lt\\\/shop\\\/anua-veido-toneris-peach-77-niacin-essence-toner\\\/\"]}]},{\"@type\":\"ImageObject\",\"inLanguage\":\"en-GB\",\"@id\":\"https:\\\/\\\/www.malinashop.lt\\\/lt_lt\\\/shop\\\/anua-veido-toneris-peach-77-niacin-essence-toner\\\/#primaryimage\",\"url\":\"https:\\\/\\\/www.malinashop.lt\\\/wp-content\\\/uploads\\\/2026\\\/04\\\/Anua-veido-toneris-Peach-77-Niacin-Essence-Toner.webp\",\"contentUrl\":\"https:\\\/\\\/www.malinashop.lt\\\/wp-content\\\/uploads\\\/2026\\\/04\\\/Anua-veido-toneris-Peach-77-Niacin-Essence-Toner.webp\",\"width\":1100,\"height\":1100},{\"@type\":\"BreadcrumbList\",\"@id\":\"https:\\\/\\\/www.malinashop.lt\\\/lt_lt\\\/shop\\\/anua-veido-toneris-peach-77-niacin-essence-toner\\\/#breadcrumb\",\"itemListElement\":[{\"@type\":\"ListItem\",\"position\":1,\"name\":\"Pagrindinis\",\"item\":\"https:\\\/\\\/www.malinashop.lt\\\/\"},{\"@type\":\"ListItem\",\"position\":2,\"name\":\"Parduotuv\u0117\",\"item\":\"https:\\\/\\\/www.malinashop.lt\\\/en\\\/parduotuve\\\/\"},{\"@type\":\"ListItem\",\"position\":3,\"name\":\"Anua veido toneris Peach 77 Niacin Essence Toner\"}]},{\"@type\":\"WebSite\",\"@id\":\"https:\\\/\\\/www.malinashop.lt\\\/#website\",\"url\":\"https:\\\/\\\/www.malinashop.lt\\\/\",\"name\":\"COM Group Ecommerce\",\"description\":\"MalinaShop.lt - Gro\u017eio ir sveikatos produktai i\u0161 patikim\u0173 preki\u0173 \u017eenkl\u0173. Atraskite auk\u0161tos kokyb\u0117s kosmetik\u0105 u\u017e puiki\u0105 kain\u0105.\",\"publisher\":{\"@id\":\"https:\\\/\\\/www.malinashop.lt\\\/#organization\"},\"potentialAction\":[{\"@type\":\"SearchAction\",\"target\":{\"@type\":\"EntryPoint\",\"urlTemplate\":\"https:\\\/\\\/www.malinashop.lt\\\/?s={search_term_string}\"},\"query-input\":{\"@type\":\"PropertyValueSpecification\",\"valueRequired\":true,\"valueName\":\"search_term_string\"}}],\"inLanguage\":\"en-GB\"},{\"@type\":\"Organization\",\"@id\":\"https:\\\/\\\/www.malinashop.lt\\\/#organization\",\"name\":\"COM Group Ecommerce\",\"url\":\"https:\\\/\\\/www.malinashop.lt\\\/\",\"logo\":{\"@type\":\"ImageObject\",\"inLanguage\":\"en-GB\",\"@id\":\"https:\\\/\\\/www.malinashop.lt\\\/#\\\/schema\\\/logo\\\/image\\\/\",\"url\":\"https:\\\/\\\/www.malinashop.lt\\\/wp-content\\\/uploads\\\/2024\\\/08\\\/462559670_3787732518133670_9795632669273463_n-e1731525914575.png\",\"contentUrl\":\"https:\\\/\\\/www.malinashop.lt\\\/wp-content\\\/uploads\\\/2024\\\/08\\\/462559670_3787732518133670_9795632669273463_n-e1731525914575.png\",\"width\":180,\"height\":60,\"caption\":\"COM Group Ecommerce\"},\"image\":{\"@id\":\"https:\\\/\\\/www.malinashop.lt\\\/#\\\/schema\\\/logo\\\/image\\\/\"}}]}<\/script>\n<!-- \/ Yoast SEO plugin. -->","yoast_head_json":{"title":"Anua veido toneris Peach 77 Niacin Essence Toner - MalinaShop.lt J\u016bs\u0173 sveikatai ir gro\u017eiui.","description":"ANUA toneris su persik\u0173 ekstraktu, niacinamidu ir vitaminu C dr\u0117kina, skaistina, lygina odos ton\u0105 ir suteikia \u0161vyt\u0117jimo, 250 ml.","robots":{"index":"index","follow":"follow","max-snippet":"max-snippet:-1","max-image-preview":"max-image-preview:large","max-video-preview":"max-video-preview:-1"},"canonical":"https:\/\/www.malinashop.lt\/en\/shop\/anua-veido-toneris-peach-77-niacin-essence-toner\/","og_locale":"en_GB","og_type":"article","og_title":"Anua veido toneris Peach 77 Niacin Essence Toner - MalinaShop.lt J\u016bs\u0173 sveikatai ir gro\u017eiui.","og_description":"ANUA toneris su persik\u0173 ekstraktu, niacinamidu ir vitaminu C dr\u0117kina, skaistina, lygina odos ton\u0105 ir suteikia \u0161vyt\u0117jimo, 250 ml.","og_url":"https:\/\/www.malinashop.lt\/en\/shop\/anua-veido-toneris-peach-77-niacin-essence-toner\/","og_site_name":"MalinaShop.lt J\u016bs\u0173 sveikatai ir gro\u017eiui.","article_modified_time":"2026-04-07T19:17:47+00:00","og_image":[{"width":1100,"height":1100,"url":"https:\/\/www.malinashop.lt\/wp-content\/uploads\/2026\/04\/Anua-veido-toneris-Peach-77-Niacin-Essence-Toner.webp","type":"image\/webp"}],"twitter_card":"summary_large_image","schema":{"@context":"https:\/\/schema.org","@graph":[{"@type":"WebPage","@id":"https:\/\/www.malinashop.lt\/lt_lt\/shop\/anua-veido-toneris-peach-77-niacin-essence-toner\/","url":"https:\/\/www.malinashop.lt\/lt_lt\/shop\/anua-veido-toneris-peach-77-niacin-essence-toner\/","name":"Anua veido toneris Peach 77 Niacin Essence Toner - MalinaShop.lt J\u016bs\u0173 sveikatai ir gro\u017eiui.","isPartOf":{"@id":"https:\/\/www.malinashop.lt\/#website"},"primaryImageOfPage":{"@id":"https:\/\/www.malinashop.lt\/lt_lt\/shop\/anua-veido-toneris-peach-77-niacin-essence-toner\/#primaryimage"},"image":{"@id":"https:\/\/www.malinashop.lt\/lt_lt\/shop\/anua-veido-toneris-peach-77-niacin-essence-toner\/#primaryimage"},"thumbnailUrl":"https:\/\/www.malinashop.lt\/wp-content\/uploads\/2026\/04\/Anua-veido-toneris-Peach-77-Niacin-Essence-Toner.webp","datePublished":"2026-04-04T17:58:47+00:00","dateModified":"2026-04-07T19:17:47+00:00","description":"ANUA toneris su persik\u0173 ekstraktu, niacinamidu ir vitaminu C dr\u0117kina, skaistina, lygina odos ton\u0105 ir suteikia \u0161vyt\u0117jimo, 250 ml.","breadcrumb":{"@id":"https:\/\/www.malinashop.lt\/lt_lt\/shop\/anua-veido-toneris-peach-77-niacin-essence-toner\/#breadcrumb"},"inLanguage":"en-GB","potentialAction":[{"@type":"ReadAction","target":["https:\/\/www.malinashop.lt\/lt_lt\/shop\/anua-veido-toneris-peach-77-niacin-essence-toner\/"]}]},{"@type":"ImageObject","inLanguage":"en-GB","@id":"https:\/\/www.malinashop.lt\/lt_lt\/shop\/anua-veido-toneris-peach-77-niacin-essence-toner\/#primaryimage","url":"https:\/\/www.malinashop.lt\/wp-content\/uploads\/2026\/04\/Anua-veido-toneris-Peach-77-Niacin-Essence-Toner.webp","contentUrl":"https:\/\/www.malinashop.lt\/wp-content\/uploads\/2026\/04\/Anua-veido-toneris-Peach-77-Niacin-Essence-Toner.webp","width":1100,"height":1100},{"@type":"BreadcrumbList","@id":"https:\/\/www.malinashop.lt\/lt_lt\/shop\/anua-veido-toneris-peach-77-niacin-essence-toner\/#breadcrumb","itemListElement":[{"@type":"ListItem","position":1,"name":"Pagrindinis","item":"https:\/\/www.malinashop.lt\/"},{"@type":"ListItem","position":2,"name":"Parduotuv\u0117","item":"https:\/\/www.malinashop.lt\/en\/parduotuve\/"},{"@type":"ListItem","position":3,"name":"Anua veido toneris Peach 77 Niacin Essence Toner"}]},{"@type":"WebSite","@id":"https:\/\/www.malinashop.lt\/#website","url":"https:\/\/www.malinashop.lt\/","name":"COM Group Ecommerce","description":"MalinaShop.lt - Gro\u017eio ir sveikatos produktai i\u0161 patikim\u0173 preki\u0173 \u017eenkl\u0173. Atraskite auk\u0161tos kokyb\u0117s kosmetik\u0105 u\u017e puiki\u0105 kain\u0105.","publisher":{"@id":"https:\/\/www.malinashop.lt\/#organization"},"potentialAction":[{"@type":"SearchAction","target":{"@type":"EntryPoint","urlTemplate":"https:\/\/www.malinashop.lt\/?s={search_term_string}"},"query-input":{"@type":"PropertyValueSpecification","valueRequired":true,"valueName":"search_term_string"}}],"inLanguage":"en-GB"},{"@type":"Organization","@id":"https:\/\/www.malinashop.lt\/#organization","name":"COM Group Ecommerce","url":"https:\/\/www.malinashop.lt\/","logo":{"@type":"ImageObject","inLanguage":"en-GB","@id":"https:\/\/www.malinashop.lt\/#\/schema\/logo\/image\/","url":"https:\/\/www.malinashop.lt\/wp-content\/uploads\/2024\/08\/462559670_3787732518133670_9795632669273463_n-e1731525914575.png","contentUrl":"https:\/\/www.malinashop.lt\/wp-content\/uploads\/2024\/08\/462559670_3787732518133670_9795632669273463_n-e1731525914575.png","width":180,"height":60,"caption":"COM Group Ecommerce"},"image":{"@id":"https:\/\/www.malinashop.lt\/#\/schema\/logo\/image\/"}}]}},"jetpack_sharing_enabled":true,"_links":{"self":[{"href":"https:\/\/www.malinashop.lt\/en\/wp-json\/wp\/v2\/product\/76076","targetHints":{"allow":["GET"]}}],"collection":[{"href":"https:\/\/www.malinashop.lt\/en\/wp-json\/wp\/v2\/product"}],"about":[{"href":"https:\/\/www.malinashop.lt\/en\/wp-json\/wp\/v2\/types\/product"}],"version-history":[{"count":1,"href":"https:\/\/www.malinashop.lt\/en\/wp-json\/wp\/v2\/product\/76076\/revisions"}],"predecessor-version":[{"id":76080,"href":"https:\/\/www.malinashop.lt\/en\/wp-json\/wp\/v2\/product\/76076\/revisions\/76080"}],"wp:featuredmedia":[{"embeddable":true,"href":"https:\/\/www.malinashop.lt\/en\/wp-json\/wp\/v2\/media\/76079"}],"wp:attachment":[{"href":"https:\/\/www.malinashop.lt\/en\/wp-json\/wp\/v2\/media?parent=76076"}],"wp:term":[{"taxonomy":"product_brand","embeddable":true,"href":"https:\/\/www.malinashop.lt\/en\/wp-json\/wp\/v2\/product_brand?post=76076"},{"taxonomy":"product_cat","embeddable":true,"href":"https:\/\/www.malinashop.lt\/en\/wp-json\/wp\/v2\/product_cat?post=76076"},{"taxonomy":"product_tag","embeddable":true,"href":"https:\/\/www.malinashop.lt\/en\/wp-json\/wp\/v2\/product_tag?post=76076"}],"curies":[{"name":"wp","href":"https:\/\/api.w.org\/{rel}","templated":true}]}}