{"id":76071,"date":"2026-03-04T20:56:20","date_gmt":"2026-03-04T17:56:20","guid":{"rendered":"https:\/\/malinashop.lt\/?post_type=product&#038;p=76071"},"modified":"2026-04-07T22:17:57","modified_gmt":"2026-04-07T19:17:57","slug":"anua-valomieji-enziminiai-milteliai-rice-enzyme-brightening-cleansing-powder","status":"publish","type":"product","link":"https:\/\/www.malinashop.lt\/en\/shop\/anua-valomieji-enziminiai-milteliai-rice-enzyme-brightening-cleansing-powder\/","title":{"rendered":"Anua valomieji enziminiai milteliai Rice Enzyme Brightening Cleansing Powder"},"content":{"rendered":"<p data-start=\"335\" data-end=\"564\">ANUA Rice Enzyme Brightening Cleansing Powder \u2013 tai daugiafunkciniai enziminiai milteliai, skirti \u0161velniam odos valymui ir skaistinimui. Sud\u0117tyje esantys ry\u017ei\u0173 komponentai padeda suteikti odai \u0161vyt\u0117jimo ir pagerinti jos tekst\u016br\u0105.<\/p>\n<p data-start=\"566\" data-end=\"837\">Papainas \u2013 nat\u016bralus fermentas \u2013 \u0161velniai pa\u0161alina negyvas odos l\u0105steles ir ne\u0161varumus, o keramidas NP stiprina odos apsaugin\u012f barjer\u0105 bei padeda i\u0161laikyti dr\u0117gm\u0119. Papildomai sud\u0117tyje esantis vitaminas C ir arbutinas prisideda prie odos skaistinimo ir tono suvienodinimo.<\/p>\n<p data-start=\"839\" data-end=\"1027\">Priemon\u0119 galima naudoti tiek kaip kasdien\u012f prausikl\u012f, tiek kaip nuplaunam\u0105j\u0105 kauk\u0119. Susilietus su vandeniu, milteliai virsta \u0161velniomis putomis, kurios efektyviai valo, bet nedirgina odos.<\/p>\n<p data-start=\"1029\" data-end=\"1103\">Reguliariai naudojant oda tampa lygesn\u0117, skaistesn\u0117 ir vizualiai \u0161varesn\u0117.<\/p>\n<p data-start=\"1105\" data-end=\"1126\">Tinka vis\u0173 tip\u0173 odai.<\/p>\n<hr data-start=\"1128\" data-end=\"1131\" \/>\n<h4 data-section-id=\"1stuw1d\" data-start=\"1133\" data-end=\"1154\"><span role=\"text\"><strong data-start=\"1137\" data-end=\"1152\">Naudojimas:<\/strong><\/span><\/h4>\n<p data-start=\"1155\" data-end=\"1416\"><strong data-start=\"1155\" data-end=\"1173\">1. Kaip kauk\u0117:<\/strong> sumai\u0161ykite miltelius su 1\u20131,5 \u0161auk\u0161to vandens iki elastingos tekst\u016bros, tepkite ant odos, masa\u017euokite 3\u20135 min. ir nuplaukite.<br data-start=\"1300\" data-end=\"1303\" \/><strong data-start=\"1303\" data-end=\"1326\">2. Kaip prausiklis:<\/strong> nedidel\u012f kiek\u012f sumai\u0161ykite su vandeniu, kol suputos, \u0161velniai \u012fmasa\u017euokite ir nuplaukite.<\/p>\n<hr data-start=\"1418\" data-end=\"1421\" \/>\n<h5 data-section-id=\"kd1lm3\" data-start=\"1423\" data-end=\"1448\"><span role=\"text\"><strong data-start=\"1427\" data-end=\"1446\">Sud\u0117tis (INCI):<\/strong><\/span><\/h5>\n<p data-start=\"1449\" data-end=\"2008\">Zea Mays (Corn) Starch, Kaolin (CI 77004), Sodium Bicarbonate, Sodium Cocoyl Isethionate, Sodium Lauroyl Glutamate, Citric Acid, Sodium Polyacrylate, Diglycerin, Allantoin, Aqua (Water), Maltodextrin, Papain, Oryza Sativa (Rice) Powder, Oryza Sativa (Rice) Lees Extract, Oryza Sativa (Rice) Bran Water, Butylene Glycol, 1,2-Hexanediol, Ceramide NP, Ascorbic Acid, Alpha-Arbutin, Glucose, Oryza Sativa (Rice) Extract, Protease, Dipropylene Glycol, Glycerin, Tartaric Acid, Lactic Acid, Oryza Sativa (Rice) Seed Protein, Hydrolyzed Rice Protein, Caprylyl Glycol<\/p>\n","protected":false},"excerpt":{"rendered":"<p data-start=\"198\" data-end=\"307\">Enziminiai milteliai su ry\u017ei\u0173 ekstraktu ir papainu \u0161velniai valo, skaistina od\u0105 ir pa\u0161alina negyvas l\u0105steles.<\/p>\n","protected":false},"featured_media":76074,"template":"","meta":[],"product_brand":[1677],"product_cat":[553,728],"product_tag":[],"class_list":{"0":"post-76071","1":"product","2":"type-product","3":"status-publish","4":"has-post-thumbnail","6":"product_brand-anua","7":"product_cat-veido-kaukes","8":"product_cat-veidui","10":"first","11":"outofstock","12":"taxable","13":"shipping-taxable","14":"purchasable","15":"product-type-simple"},"yoast_head":"<!-- This site is optimized with the Yoast SEO plugin v27.4 - https:\/\/yoast.com\/product\/yoast-seo-wordpress\/ -->\n<title>Anua valomieji enziminiai milteliai Rice Enzyme Brightening Cleansing Powder - MalinaShop.lt J\u016bs\u0173 sveikatai ir gro\u017eiui.<\/title>\n<meta name=\"description\" content=\"ANUA enziminiai milteliai su ry\u017eiais ir papainu \u0161velniai valo, skaistina od\u0105, \u0161alina negyvas l\u0105steles ir stiprina barjer\u0105, 40 g.\" \/>\n<meta name=\"robots\" content=\"index, follow, max-snippet:-1, max-image-preview:large, max-video-preview:-1\" \/>\n<link rel=\"canonical\" href=\"https:\/\/www.malinashop.lt\/en\/shop\/anua-valomieji-enziminiai-milteliai-rice-enzyme-brightening-cleansing-powder\/\" \/>\n<meta property=\"og:locale\" content=\"en_GB\" \/>\n<meta property=\"og:type\" content=\"article\" \/>\n<meta property=\"og:title\" content=\"Anua valomieji enziminiai milteliai Rice Enzyme Brightening Cleansing Powder - MalinaShop.lt J\u016bs\u0173 sveikatai ir gro\u017eiui.\" \/>\n<meta property=\"og:description\" content=\"ANUA enziminiai milteliai su ry\u017eiais ir papainu \u0161velniai valo, skaistina od\u0105, \u0161alina negyvas l\u0105steles ir stiprina barjer\u0105, 40 g.\" \/>\n<meta property=\"og:url\" content=\"https:\/\/www.malinashop.lt\/en\/shop\/anua-valomieji-enziminiai-milteliai-rice-enzyme-brightening-cleansing-powder\/\" \/>\n<meta property=\"og:site_name\" content=\"MalinaShop.lt J\u016bs\u0173 sveikatai ir gro\u017eiui.\" \/>\n<meta property=\"article:modified_time\" content=\"2026-04-07T19:17:57+00:00\" \/>\n<meta property=\"og:image\" content=\"https:\/\/www.malinashop.lt\/wp-content\/uploads\/2026\/04\/Anua-valomieji-enziminiai-milteliai-Rice-Enzyme-Brightening-Cleansing-Powder.webp\" \/>\n\t<meta property=\"og:image:width\" content=\"1100\" \/>\n\t<meta property=\"og:image:height\" content=\"1100\" \/>\n\t<meta property=\"og:image:type\" content=\"image\/webp\" \/>\n<meta name=\"twitter:card\" content=\"summary_large_image\" \/>\n<script type=\"application\/ld+json\" class=\"yoast-schema-graph\">{\"@context\":\"https:\\\/\\\/schema.org\",\"@graph\":[{\"@type\":\"WebPage\",\"@id\":\"https:\\\/\\\/www.malinashop.lt\\\/lt_lt\\\/shop\\\/anua-valomieji-enziminiai-milteliai-rice-enzyme-brightening-cleansing-powder\\\/\",\"url\":\"https:\\\/\\\/www.malinashop.lt\\\/lt_lt\\\/shop\\\/anua-valomieji-enziminiai-milteliai-rice-enzyme-brightening-cleansing-powder\\\/\",\"name\":\"Anua valomieji enziminiai milteliai Rice Enzyme Brightening Cleansing Powder - MalinaShop.lt J\u016bs\u0173 sveikatai ir gro\u017eiui.\",\"isPartOf\":{\"@id\":\"https:\\\/\\\/www.malinashop.lt\\\/#website\"},\"primaryImageOfPage\":{\"@id\":\"https:\\\/\\\/www.malinashop.lt\\\/lt_lt\\\/shop\\\/anua-valomieji-enziminiai-milteliai-rice-enzyme-brightening-cleansing-powder\\\/#primaryimage\"},\"image\":{\"@id\":\"https:\\\/\\\/www.malinashop.lt\\\/lt_lt\\\/shop\\\/anua-valomieji-enziminiai-milteliai-rice-enzyme-brightening-cleansing-powder\\\/#primaryimage\"},\"thumbnailUrl\":\"https:\\\/\\\/www.malinashop.lt\\\/wp-content\\\/uploads\\\/2026\\\/04\\\/Anua-valomieji-enziminiai-milteliai-Rice-Enzyme-Brightening-Cleansing-Powder.webp\",\"datePublished\":\"2026-03-04T17:56:20+00:00\",\"dateModified\":\"2026-04-07T19:17:57+00:00\",\"description\":\"ANUA enziminiai milteliai su ry\u017eiais ir papainu \u0161velniai valo, skaistina od\u0105, \u0161alina negyvas l\u0105steles ir stiprina barjer\u0105, 40 g.\",\"breadcrumb\":{\"@id\":\"https:\\\/\\\/www.malinashop.lt\\\/lt_lt\\\/shop\\\/anua-valomieji-enziminiai-milteliai-rice-enzyme-brightening-cleansing-powder\\\/#breadcrumb\"},\"inLanguage\":\"en-GB\",\"potentialAction\":[{\"@type\":\"ReadAction\",\"target\":[\"https:\\\/\\\/www.malinashop.lt\\\/lt_lt\\\/shop\\\/anua-valomieji-enziminiai-milteliai-rice-enzyme-brightening-cleansing-powder\\\/\"]}]},{\"@type\":\"ImageObject\",\"inLanguage\":\"en-GB\",\"@id\":\"https:\\\/\\\/www.malinashop.lt\\\/lt_lt\\\/shop\\\/anua-valomieji-enziminiai-milteliai-rice-enzyme-brightening-cleansing-powder\\\/#primaryimage\",\"url\":\"https:\\\/\\\/www.malinashop.lt\\\/wp-content\\\/uploads\\\/2026\\\/04\\\/Anua-valomieji-enziminiai-milteliai-Rice-Enzyme-Brightening-Cleansing-Powder.webp\",\"contentUrl\":\"https:\\\/\\\/www.malinashop.lt\\\/wp-content\\\/uploads\\\/2026\\\/04\\\/Anua-valomieji-enziminiai-milteliai-Rice-Enzyme-Brightening-Cleansing-Powder.webp\",\"width\":1100,\"height\":1100},{\"@type\":\"BreadcrumbList\",\"@id\":\"https:\\\/\\\/www.malinashop.lt\\\/lt_lt\\\/shop\\\/anua-valomieji-enziminiai-milteliai-rice-enzyme-brightening-cleansing-powder\\\/#breadcrumb\",\"itemListElement\":[{\"@type\":\"ListItem\",\"position\":1,\"name\":\"Pagrindinis\",\"item\":\"https:\\\/\\\/www.malinashop.lt\\\/\"},{\"@type\":\"ListItem\",\"position\":2,\"name\":\"Parduotuv\u0117\",\"item\":\"https:\\\/\\\/www.malinashop.lt\\\/en\\\/parduotuve\\\/\"},{\"@type\":\"ListItem\",\"position\":3,\"name\":\"Anua valomieji enziminiai milteliai Rice Enzyme Brightening Cleansing Powder\"}]},{\"@type\":\"WebSite\",\"@id\":\"https:\\\/\\\/www.malinashop.lt\\\/#website\",\"url\":\"https:\\\/\\\/www.malinashop.lt\\\/\",\"name\":\"COM Group Ecommerce\",\"description\":\"MalinaShop.lt - Gro\u017eio ir sveikatos produktai i\u0161 patikim\u0173 preki\u0173 \u017eenkl\u0173. Atraskite auk\u0161tos kokyb\u0117s kosmetik\u0105 u\u017e puiki\u0105 kain\u0105.\",\"publisher\":{\"@id\":\"https:\\\/\\\/www.malinashop.lt\\\/#organization\"},\"potentialAction\":[{\"@type\":\"SearchAction\",\"target\":{\"@type\":\"EntryPoint\",\"urlTemplate\":\"https:\\\/\\\/www.malinashop.lt\\\/?s={search_term_string}\"},\"query-input\":{\"@type\":\"PropertyValueSpecification\",\"valueRequired\":true,\"valueName\":\"search_term_string\"}}],\"inLanguage\":\"en-GB\"},{\"@type\":\"Organization\",\"@id\":\"https:\\\/\\\/www.malinashop.lt\\\/#organization\",\"name\":\"COM Group Ecommerce\",\"url\":\"https:\\\/\\\/www.malinashop.lt\\\/\",\"logo\":{\"@type\":\"ImageObject\",\"inLanguage\":\"en-GB\",\"@id\":\"https:\\\/\\\/www.malinashop.lt\\\/#\\\/schema\\\/logo\\\/image\\\/\",\"url\":\"https:\\\/\\\/www.malinashop.lt\\\/wp-content\\\/uploads\\\/2024\\\/08\\\/462559670_3787732518133670_9795632669273463_n-e1731525914575.png\",\"contentUrl\":\"https:\\\/\\\/www.malinashop.lt\\\/wp-content\\\/uploads\\\/2024\\\/08\\\/462559670_3787732518133670_9795632669273463_n-e1731525914575.png\",\"width\":180,\"height\":60,\"caption\":\"COM Group Ecommerce\"},\"image\":{\"@id\":\"https:\\\/\\\/www.malinashop.lt\\\/#\\\/schema\\\/logo\\\/image\\\/\"}}]}<\/script>\n<!-- \/ Yoast SEO plugin. -->","yoast_head_json":{"title":"Anua valomieji enziminiai milteliai Rice Enzyme Brightening Cleansing Powder - MalinaShop.lt J\u016bs\u0173 sveikatai ir gro\u017eiui.","description":"ANUA enziminiai milteliai su ry\u017eiais ir papainu \u0161velniai valo, skaistina od\u0105, \u0161alina negyvas l\u0105steles ir stiprina barjer\u0105, 40 g.","robots":{"index":"index","follow":"follow","max-snippet":"max-snippet:-1","max-image-preview":"max-image-preview:large","max-video-preview":"max-video-preview:-1"},"canonical":"https:\/\/www.malinashop.lt\/en\/shop\/anua-valomieji-enziminiai-milteliai-rice-enzyme-brightening-cleansing-powder\/","og_locale":"en_GB","og_type":"article","og_title":"Anua valomieji enziminiai milteliai Rice Enzyme Brightening Cleansing Powder - MalinaShop.lt J\u016bs\u0173 sveikatai ir gro\u017eiui.","og_description":"ANUA enziminiai milteliai su ry\u017eiais ir papainu \u0161velniai valo, skaistina od\u0105, \u0161alina negyvas l\u0105steles ir stiprina barjer\u0105, 40 g.","og_url":"https:\/\/www.malinashop.lt\/en\/shop\/anua-valomieji-enziminiai-milteliai-rice-enzyme-brightening-cleansing-powder\/","og_site_name":"MalinaShop.lt J\u016bs\u0173 sveikatai ir gro\u017eiui.","article_modified_time":"2026-04-07T19:17:57+00:00","og_image":[{"width":1100,"height":1100,"url":"https:\/\/www.malinashop.lt\/wp-content\/uploads\/2026\/04\/Anua-valomieji-enziminiai-milteliai-Rice-Enzyme-Brightening-Cleansing-Powder.webp","type":"image\/webp"}],"twitter_card":"summary_large_image","schema":{"@context":"https:\/\/schema.org","@graph":[{"@type":"WebPage","@id":"https:\/\/www.malinashop.lt\/lt_lt\/shop\/anua-valomieji-enziminiai-milteliai-rice-enzyme-brightening-cleansing-powder\/","url":"https:\/\/www.malinashop.lt\/lt_lt\/shop\/anua-valomieji-enziminiai-milteliai-rice-enzyme-brightening-cleansing-powder\/","name":"Anua valomieji enziminiai milteliai Rice Enzyme Brightening Cleansing Powder - MalinaShop.lt J\u016bs\u0173 sveikatai ir gro\u017eiui.","isPartOf":{"@id":"https:\/\/www.malinashop.lt\/#website"},"primaryImageOfPage":{"@id":"https:\/\/www.malinashop.lt\/lt_lt\/shop\/anua-valomieji-enziminiai-milteliai-rice-enzyme-brightening-cleansing-powder\/#primaryimage"},"image":{"@id":"https:\/\/www.malinashop.lt\/lt_lt\/shop\/anua-valomieji-enziminiai-milteliai-rice-enzyme-brightening-cleansing-powder\/#primaryimage"},"thumbnailUrl":"https:\/\/www.malinashop.lt\/wp-content\/uploads\/2026\/04\/Anua-valomieji-enziminiai-milteliai-Rice-Enzyme-Brightening-Cleansing-Powder.webp","datePublished":"2026-03-04T17:56:20+00:00","dateModified":"2026-04-07T19:17:57+00:00","description":"ANUA enziminiai milteliai su ry\u017eiais ir papainu \u0161velniai valo, skaistina od\u0105, \u0161alina negyvas l\u0105steles ir stiprina barjer\u0105, 40 g.","breadcrumb":{"@id":"https:\/\/www.malinashop.lt\/lt_lt\/shop\/anua-valomieji-enziminiai-milteliai-rice-enzyme-brightening-cleansing-powder\/#breadcrumb"},"inLanguage":"en-GB","potentialAction":[{"@type":"ReadAction","target":["https:\/\/www.malinashop.lt\/lt_lt\/shop\/anua-valomieji-enziminiai-milteliai-rice-enzyme-brightening-cleansing-powder\/"]}]},{"@type":"ImageObject","inLanguage":"en-GB","@id":"https:\/\/www.malinashop.lt\/lt_lt\/shop\/anua-valomieji-enziminiai-milteliai-rice-enzyme-brightening-cleansing-powder\/#primaryimage","url":"https:\/\/www.malinashop.lt\/wp-content\/uploads\/2026\/04\/Anua-valomieji-enziminiai-milteliai-Rice-Enzyme-Brightening-Cleansing-Powder.webp","contentUrl":"https:\/\/www.malinashop.lt\/wp-content\/uploads\/2026\/04\/Anua-valomieji-enziminiai-milteliai-Rice-Enzyme-Brightening-Cleansing-Powder.webp","width":1100,"height":1100},{"@type":"BreadcrumbList","@id":"https:\/\/www.malinashop.lt\/lt_lt\/shop\/anua-valomieji-enziminiai-milteliai-rice-enzyme-brightening-cleansing-powder\/#breadcrumb","itemListElement":[{"@type":"ListItem","position":1,"name":"Pagrindinis","item":"https:\/\/www.malinashop.lt\/"},{"@type":"ListItem","position":2,"name":"Parduotuv\u0117","item":"https:\/\/www.malinashop.lt\/en\/parduotuve\/"},{"@type":"ListItem","position":3,"name":"Anua valomieji enziminiai milteliai Rice Enzyme Brightening Cleansing Powder"}]},{"@type":"WebSite","@id":"https:\/\/www.malinashop.lt\/#website","url":"https:\/\/www.malinashop.lt\/","name":"COM Group Ecommerce","description":"MalinaShop.lt - Gro\u017eio ir sveikatos produktai i\u0161 patikim\u0173 preki\u0173 \u017eenkl\u0173. Atraskite auk\u0161tos kokyb\u0117s kosmetik\u0105 u\u017e puiki\u0105 kain\u0105.","publisher":{"@id":"https:\/\/www.malinashop.lt\/#organization"},"potentialAction":[{"@type":"SearchAction","target":{"@type":"EntryPoint","urlTemplate":"https:\/\/www.malinashop.lt\/?s={search_term_string}"},"query-input":{"@type":"PropertyValueSpecification","valueRequired":true,"valueName":"search_term_string"}}],"inLanguage":"en-GB"},{"@type":"Organization","@id":"https:\/\/www.malinashop.lt\/#organization","name":"COM Group Ecommerce","url":"https:\/\/www.malinashop.lt\/","logo":{"@type":"ImageObject","inLanguage":"en-GB","@id":"https:\/\/www.malinashop.lt\/#\/schema\/logo\/image\/","url":"https:\/\/www.malinashop.lt\/wp-content\/uploads\/2024\/08\/462559670_3787732518133670_9795632669273463_n-e1731525914575.png","contentUrl":"https:\/\/www.malinashop.lt\/wp-content\/uploads\/2024\/08\/462559670_3787732518133670_9795632669273463_n-e1731525914575.png","width":180,"height":60,"caption":"COM Group Ecommerce"},"image":{"@id":"https:\/\/www.malinashop.lt\/#\/schema\/logo\/image\/"}}]}},"jetpack_sharing_enabled":true,"_links":{"self":[{"href":"https:\/\/www.malinashop.lt\/en\/wp-json\/wp\/v2\/product\/76071","targetHints":{"allow":["GET"]}}],"collection":[{"href":"https:\/\/www.malinashop.lt\/en\/wp-json\/wp\/v2\/product"}],"about":[{"href":"https:\/\/www.malinashop.lt\/en\/wp-json\/wp\/v2\/types\/product"}],"version-history":[{"count":1,"href":"https:\/\/www.malinashop.lt\/en\/wp-json\/wp\/v2\/product\/76071\/revisions"}],"predecessor-version":[{"id":76075,"href":"https:\/\/www.malinashop.lt\/en\/wp-json\/wp\/v2\/product\/76071\/revisions\/76075"}],"wp:featuredmedia":[{"embeddable":true,"href":"https:\/\/www.malinashop.lt\/en\/wp-json\/wp\/v2\/media\/76074"}],"wp:attachment":[{"href":"https:\/\/www.malinashop.lt\/en\/wp-json\/wp\/v2\/media?parent=76071"}],"wp:term":[{"taxonomy":"product_brand","embeddable":true,"href":"https:\/\/www.malinashop.lt\/en\/wp-json\/wp\/v2\/product_brand?post=76071"},{"taxonomy":"product_cat","embeddable":true,"href":"https:\/\/www.malinashop.lt\/en\/wp-json\/wp\/v2\/product_cat?post=76071"},{"taxonomy":"product_tag","embeddable":true,"href":"https:\/\/www.malinashop.lt\/en\/wp-json\/wp\/v2\/product_tag?post=76071"}],"curies":[{"name":"wp","href":"https:\/\/api.w.org\/{rel}","templated":true}]}}