{"id":76067,"date":"2026-04-04T20:50:46","date_gmt":"2026-04-04T17:50:46","guid":{"rendered":"https:\/\/malinashop.lt\/?post_type=product&#038;p=76067"},"modified":"2026-04-07T22:17:47","modified_gmt":"2026-04-07T19:17:47","slug":"anua-veido-prausiklis-8-hyaluronic-acid-hydrating-gentle-foaming-cleanser","status":"publish","type":"product","link":"https:\/\/www.malinashop.lt\/en\/shop\/anua-veido-prausiklis-8-hyaluronic-acid-hydrating-gentle-foaming-cleanser\/","title":{"rendered":"Anua veido prausiklis 8 Hyaluronic Acid Hydrating Gentle Foaming Cleanser"},"content":{"rendered":"<p data-start=\"317\" data-end=\"596\">ANUA 8 Hyaluronic Acid Hydrating Gentle Foaming Cleanser \u2013 tai \u0161velnus, ta\u010diau efektyvus veido prausiklis, skirtas kasdienei odos \u0161varai ir dr\u0117kinimui. Formul\u0117 su a\u0161tuoni\u0173 tip\u0173 hialurono r\u016bg\u0161timi intensyviai dr\u0117kina skirtingus odos sluoksnius ir padeda i\u0161laikyti dr\u0117gm\u0117s balans\u0105.<\/p>\n<p data-start=\"598\" data-end=\"793\">Pantenolis stiprina odos apsaugin\u012f barjer\u0105 ir ramina sudirgimus, o cinkas PCA padeda reguliuoti riebal\u0173 i\u0161siskyrim\u0105. Hidrolizuoti augaliniai baltymai gerina odos elastingum\u0105 ir suteikia \u0161velnumo.<\/p>\n<p data-start=\"795\" data-end=\"982\">Kremin\u0117 tekst\u016bra, susilietusi su vandeniu, virsta \u0161velniomis putomis, kurios efektyviai pa\u0161alina ne\u0161varumus, nepa\u017eeisdamos odos. Po naudojimo oda i\u0161lieka \u0161vari, sudr\u0117kinta ir komforti\u0161ka.<\/p>\n<p data-start=\"984\" data-end=\"1037\">Tinka vis\u0173 tip\u0173 odai, ypa\u010d dehidratuotai ir jautriai.<\/p>\n<hr data-start=\"1039\" data-end=\"1042\" \/>\n<h4 data-section-id=\"1stuw1d\" data-start=\"1044\" data-end=\"1065\"><span role=\"text\"><strong data-start=\"1048\" data-end=\"1063\">Naudojimas:<\/strong><\/span><\/h4>\n<p data-start=\"1066\" data-end=\"1172\">Nedidel\u012f kiek\u012f paskirstykite ant dr\u0117gnos veido odos, \u0161velniai \u012fmasa\u017euokite ir nuskalaukite \u0161iltu vandeniu.<\/p>\n<hr data-start=\"1174\" data-end=\"1177\" \/>\n<h5 data-section-id=\"kd1lm3\" data-start=\"1179\" data-end=\"1204\"><span role=\"text\"><strong data-start=\"1183\" data-end=\"1202\">Sud\u0117tis (INCI):<\/strong><\/span><\/h5>\n<p data-start=\"1205\" data-end=\"1893\">Aqua (Water), Glycerin, Sodium Cocoyl Glycinate, Lauryl Hydroxysultaine, Coco-Glucoside, Sodium Lauroyl Glutamate, Decyl Glucoside, Hectorite, Pentylene Glycol, Caprylyl Glycol, Hydroxypropyl Starch Phosphate, 1,2-Hexanediol, Betaine, Polyquaternium-67, Acrylates\/C10-30 Alkyl Acrylate Crosspolymer, Citric Acid, Sodium Chloride, Sodium Phytate, Hydroxypropyltrimonium Hyaluronate, Panthenol, Sodium Cocoyl Isethionate, Quillaja Saponaria Bark Extract, Zinc PCA, Hydrolyzed Vegetable Protein, Maltodextrin, Sodium Hyaluronate, Hydrolyzed Hyaluronic Acid, Sodium Acetylated Hyaluronate, Hyaluronic Acid, Hydrolyzed Sodium Hyaluronate, Sodium Hyaluronate Crosspolymer, Potassium Hyaluronate<\/p>\n","protected":false},"excerpt":{"rendered":"<p data-start=\"188\" data-end=\"289\">\u0160velnus prausiklis su 8 tip\u0173 hialurono r\u016bg\u0161timi ir pantenoliu valo, dr\u0117kina ir stiprina odos barjer\u0105.<\/p>\n","protected":false},"featured_media":76069,"template":"","meta":[],"product_brand":[1677],"product_cat":[537,728],"product_tag":[],"class_list":{"0":"post-76067","1":"product","2":"type-product","3":"status-publish","4":"has-post-thumbnail","6":"product_brand-anua","7":"product_cat-veido-valymo-priemones","8":"product_cat-veidui","10":"first","11":"instock","12":"taxable","13":"shipping-taxable","14":"purchasable","15":"product-type-simple"},"yoast_head":"<!-- This site is optimized with the Yoast SEO plugin v27.4 - https:\/\/yoast.com\/product\/yoast-seo-wordpress\/ -->\n<title>Anua veido prausiklis 8 Hyaluronic Acid Hydrating Gentle Foaming Cleanser - MalinaShop.lt J\u016bs\u0173 sveikatai ir gro\u017eiui.<\/title>\n<meta name=\"description\" content=\"ANUA prausiklis su 8 hialurono r\u016bg\u0161timis \u0161velniai valo, dr\u0117kina, stiprina odos barjer\u0105 ir reguliuoja riebalus, 150 ml.\" \/>\n<meta name=\"robots\" content=\"index, follow, max-snippet:-1, max-image-preview:large, max-video-preview:-1\" \/>\n<link rel=\"canonical\" href=\"https:\/\/www.malinashop.lt\/en\/shop\/anua-veido-prausiklis-8-hyaluronic-acid-hydrating-gentle-foaming-cleanser\/\" \/>\n<meta property=\"og:locale\" content=\"en_GB\" \/>\n<meta property=\"og:type\" content=\"article\" \/>\n<meta property=\"og:title\" content=\"Anua veido prausiklis 8 Hyaluronic Acid Hydrating Gentle Foaming Cleanser - MalinaShop.lt J\u016bs\u0173 sveikatai ir gro\u017eiui.\" \/>\n<meta property=\"og:description\" content=\"ANUA prausiklis su 8 hialurono r\u016bg\u0161timis \u0161velniai valo, dr\u0117kina, stiprina odos barjer\u0105 ir reguliuoja riebalus, 150 ml.\" \/>\n<meta property=\"og:url\" content=\"https:\/\/www.malinashop.lt\/en\/shop\/anua-veido-prausiklis-8-hyaluronic-acid-hydrating-gentle-foaming-cleanser\/\" \/>\n<meta property=\"og:site_name\" content=\"MalinaShop.lt J\u016bs\u0173 sveikatai ir gro\u017eiui.\" \/>\n<meta property=\"article:modified_time\" content=\"2026-04-07T19:17:47+00:00\" \/>\n<meta property=\"og:image\" content=\"https:\/\/www.malinashop.lt\/wp-content\/uploads\/2026\/04\/Anua-veido-prausiklis-8-Hyaluronic-Acid-Hydrating-Gentle-Foaming-Cleanser.webp\" \/>\n\t<meta property=\"og:image:width\" content=\"1100\" \/>\n\t<meta property=\"og:image:height\" content=\"1100\" \/>\n\t<meta property=\"og:image:type\" content=\"image\/webp\" \/>\n<meta name=\"twitter:card\" content=\"summary_large_image\" \/>\n<script type=\"application\/ld+json\" class=\"yoast-schema-graph\">{\"@context\":\"https:\\\/\\\/schema.org\",\"@graph\":[{\"@type\":\"WebPage\",\"@id\":\"https:\\\/\\\/www.malinashop.lt\\\/lt_lt\\\/shop\\\/anua-veido-prausiklis-8-hyaluronic-acid-hydrating-gentle-foaming-cleanser\\\/\",\"url\":\"https:\\\/\\\/www.malinashop.lt\\\/lt_lt\\\/shop\\\/anua-veido-prausiklis-8-hyaluronic-acid-hydrating-gentle-foaming-cleanser\\\/\",\"name\":\"Anua veido prausiklis 8 Hyaluronic Acid Hydrating Gentle Foaming Cleanser - MalinaShop.lt J\u016bs\u0173 sveikatai ir gro\u017eiui.\",\"isPartOf\":{\"@id\":\"https:\\\/\\\/www.malinashop.lt\\\/#website\"},\"primaryImageOfPage\":{\"@id\":\"https:\\\/\\\/www.malinashop.lt\\\/lt_lt\\\/shop\\\/anua-veido-prausiklis-8-hyaluronic-acid-hydrating-gentle-foaming-cleanser\\\/#primaryimage\"},\"image\":{\"@id\":\"https:\\\/\\\/www.malinashop.lt\\\/lt_lt\\\/shop\\\/anua-veido-prausiklis-8-hyaluronic-acid-hydrating-gentle-foaming-cleanser\\\/#primaryimage\"},\"thumbnailUrl\":\"https:\\\/\\\/www.malinashop.lt\\\/wp-content\\\/uploads\\\/2026\\\/04\\\/Anua-veido-prausiklis-8-Hyaluronic-Acid-Hydrating-Gentle-Foaming-Cleanser.webp\",\"datePublished\":\"2026-04-04T17:50:46+00:00\",\"dateModified\":\"2026-04-07T19:17:47+00:00\",\"description\":\"ANUA prausiklis su 8 hialurono r\u016bg\u0161timis \u0161velniai valo, dr\u0117kina, stiprina odos barjer\u0105 ir reguliuoja riebalus, 150 ml.\",\"breadcrumb\":{\"@id\":\"https:\\\/\\\/www.malinashop.lt\\\/lt_lt\\\/shop\\\/anua-veido-prausiklis-8-hyaluronic-acid-hydrating-gentle-foaming-cleanser\\\/#breadcrumb\"},\"inLanguage\":\"en-GB\",\"potentialAction\":[{\"@type\":\"ReadAction\",\"target\":[\"https:\\\/\\\/www.malinashop.lt\\\/lt_lt\\\/shop\\\/anua-veido-prausiklis-8-hyaluronic-acid-hydrating-gentle-foaming-cleanser\\\/\"]}]},{\"@type\":\"ImageObject\",\"inLanguage\":\"en-GB\",\"@id\":\"https:\\\/\\\/www.malinashop.lt\\\/lt_lt\\\/shop\\\/anua-veido-prausiklis-8-hyaluronic-acid-hydrating-gentle-foaming-cleanser\\\/#primaryimage\",\"url\":\"https:\\\/\\\/www.malinashop.lt\\\/wp-content\\\/uploads\\\/2026\\\/04\\\/Anua-veido-prausiklis-8-Hyaluronic-Acid-Hydrating-Gentle-Foaming-Cleanser.webp\",\"contentUrl\":\"https:\\\/\\\/www.malinashop.lt\\\/wp-content\\\/uploads\\\/2026\\\/04\\\/Anua-veido-prausiklis-8-Hyaluronic-Acid-Hydrating-Gentle-Foaming-Cleanser.webp\",\"width\":1100,\"height\":1100},{\"@type\":\"BreadcrumbList\",\"@id\":\"https:\\\/\\\/www.malinashop.lt\\\/lt_lt\\\/shop\\\/anua-veido-prausiklis-8-hyaluronic-acid-hydrating-gentle-foaming-cleanser\\\/#breadcrumb\",\"itemListElement\":[{\"@type\":\"ListItem\",\"position\":1,\"name\":\"Pagrindinis\",\"item\":\"https:\\\/\\\/www.malinashop.lt\\\/\"},{\"@type\":\"ListItem\",\"position\":2,\"name\":\"Parduotuv\u0117\",\"item\":\"https:\\\/\\\/www.malinashop.lt\\\/en\\\/parduotuve\\\/\"},{\"@type\":\"ListItem\",\"position\":3,\"name\":\"Anua veido prausiklis 8 Hyaluronic Acid Hydrating Gentle Foaming Cleanser\"}]},{\"@type\":\"WebSite\",\"@id\":\"https:\\\/\\\/www.malinashop.lt\\\/#website\",\"url\":\"https:\\\/\\\/www.malinashop.lt\\\/\",\"name\":\"COM Group Ecommerce\",\"description\":\"MalinaShop.lt - Gro\u017eio ir sveikatos produktai i\u0161 patikim\u0173 preki\u0173 \u017eenkl\u0173. Atraskite auk\u0161tos kokyb\u0117s kosmetik\u0105 u\u017e puiki\u0105 kain\u0105.\",\"publisher\":{\"@id\":\"https:\\\/\\\/www.malinashop.lt\\\/#organization\"},\"potentialAction\":[{\"@type\":\"SearchAction\",\"target\":{\"@type\":\"EntryPoint\",\"urlTemplate\":\"https:\\\/\\\/www.malinashop.lt\\\/?s={search_term_string}\"},\"query-input\":{\"@type\":\"PropertyValueSpecification\",\"valueRequired\":true,\"valueName\":\"search_term_string\"}}],\"inLanguage\":\"en-GB\"},{\"@type\":\"Organization\",\"@id\":\"https:\\\/\\\/www.malinashop.lt\\\/#organization\",\"name\":\"COM Group Ecommerce\",\"url\":\"https:\\\/\\\/www.malinashop.lt\\\/\",\"logo\":{\"@type\":\"ImageObject\",\"inLanguage\":\"en-GB\",\"@id\":\"https:\\\/\\\/www.malinashop.lt\\\/#\\\/schema\\\/logo\\\/image\\\/\",\"url\":\"https:\\\/\\\/www.malinashop.lt\\\/wp-content\\\/uploads\\\/2024\\\/08\\\/462559670_3787732518133670_9795632669273463_n-e1731525914575.png\",\"contentUrl\":\"https:\\\/\\\/www.malinashop.lt\\\/wp-content\\\/uploads\\\/2024\\\/08\\\/462559670_3787732518133670_9795632669273463_n-e1731525914575.png\",\"width\":180,\"height\":60,\"caption\":\"COM Group Ecommerce\"},\"image\":{\"@id\":\"https:\\\/\\\/www.malinashop.lt\\\/#\\\/schema\\\/logo\\\/image\\\/\"}}]}<\/script>\n<!-- \/ Yoast SEO plugin. -->","yoast_head_json":{"title":"Anua veido prausiklis 8 Hyaluronic Acid Hydrating Gentle Foaming Cleanser - MalinaShop.lt J\u016bs\u0173 sveikatai ir gro\u017eiui.","description":"ANUA prausiklis su 8 hialurono r\u016bg\u0161timis \u0161velniai valo, dr\u0117kina, stiprina odos barjer\u0105 ir reguliuoja riebalus, 150 ml.","robots":{"index":"index","follow":"follow","max-snippet":"max-snippet:-1","max-image-preview":"max-image-preview:large","max-video-preview":"max-video-preview:-1"},"canonical":"https:\/\/www.malinashop.lt\/en\/shop\/anua-veido-prausiklis-8-hyaluronic-acid-hydrating-gentle-foaming-cleanser\/","og_locale":"en_GB","og_type":"article","og_title":"Anua veido prausiklis 8 Hyaluronic Acid Hydrating Gentle Foaming Cleanser - MalinaShop.lt J\u016bs\u0173 sveikatai ir gro\u017eiui.","og_description":"ANUA prausiklis su 8 hialurono r\u016bg\u0161timis \u0161velniai valo, dr\u0117kina, stiprina odos barjer\u0105 ir reguliuoja riebalus, 150 ml.","og_url":"https:\/\/www.malinashop.lt\/en\/shop\/anua-veido-prausiklis-8-hyaluronic-acid-hydrating-gentle-foaming-cleanser\/","og_site_name":"MalinaShop.lt J\u016bs\u0173 sveikatai ir gro\u017eiui.","article_modified_time":"2026-04-07T19:17:47+00:00","og_image":[{"width":1100,"height":1100,"url":"https:\/\/www.malinashop.lt\/wp-content\/uploads\/2026\/04\/Anua-veido-prausiklis-8-Hyaluronic-Acid-Hydrating-Gentle-Foaming-Cleanser.webp","type":"image\/webp"}],"twitter_card":"summary_large_image","schema":{"@context":"https:\/\/schema.org","@graph":[{"@type":"WebPage","@id":"https:\/\/www.malinashop.lt\/lt_lt\/shop\/anua-veido-prausiklis-8-hyaluronic-acid-hydrating-gentle-foaming-cleanser\/","url":"https:\/\/www.malinashop.lt\/lt_lt\/shop\/anua-veido-prausiklis-8-hyaluronic-acid-hydrating-gentle-foaming-cleanser\/","name":"Anua veido prausiklis 8 Hyaluronic Acid Hydrating Gentle Foaming Cleanser - MalinaShop.lt J\u016bs\u0173 sveikatai ir gro\u017eiui.","isPartOf":{"@id":"https:\/\/www.malinashop.lt\/#website"},"primaryImageOfPage":{"@id":"https:\/\/www.malinashop.lt\/lt_lt\/shop\/anua-veido-prausiklis-8-hyaluronic-acid-hydrating-gentle-foaming-cleanser\/#primaryimage"},"image":{"@id":"https:\/\/www.malinashop.lt\/lt_lt\/shop\/anua-veido-prausiklis-8-hyaluronic-acid-hydrating-gentle-foaming-cleanser\/#primaryimage"},"thumbnailUrl":"https:\/\/www.malinashop.lt\/wp-content\/uploads\/2026\/04\/Anua-veido-prausiklis-8-Hyaluronic-Acid-Hydrating-Gentle-Foaming-Cleanser.webp","datePublished":"2026-04-04T17:50:46+00:00","dateModified":"2026-04-07T19:17:47+00:00","description":"ANUA prausiklis su 8 hialurono r\u016bg\u0161timis \u0161velniai valo, dr\u0117kina, stiprina odos barjer\u0105 ir reguliuoja riebalus, 150 ml.","breadcrumb":{"@id":"https:\/\/www.malinashop.lt\/lt_lt\/shop\/anua-veido-prausiklis-8-hyaluronic-acid-hydrating-gentle-foaming-cleanser\/#breadcrumb"},"inLanguage":"en-GB","potentialAction":[{"@type":"ReadAction","target":["https:\/\/www.malinashop.lt\/lt_lt\/shop\/anua-veido-prausiklis-8-hyaluronic-acid-hydrating-gentle-foaming-cleanser\/"]}]},{"@type":"ImageObject","inLanguage":"en-GB","@id":"https:\/\/www.malinashop.lt\/lt_lt\/shop\/anua-veido-prausiklis-8-hyaluronic-acid-hydrating-gentle-foaming-cleanser\/#primaryimage","url":"https:\/\/www.malinashop.lt\/wp-content\/uploads\/2026\/04\/Anua-veido-prausiklis-8-Hyaluronic-Acid-Hydrating-Gentle-Foaming-Cleanser.webp","contentUrl":"https:\/\/www.malinashop.lt\/wp-content\/uploads\/2026\/04\/Anua-veido-prausiklis-8-Hyaluronic-Acid-Hydrating-Gentle-Foaming-Cleanser.webp","width":1100,"height":1100},{"@type":"BreadcrumbList","@id":"https:\/\/www.malinashop.lt\/lt_lt\/shop\/anua-veido-prausiklis-8-hyaluronic-acid-hydrating-gentle-foaming-cleanser\/#breadcrumb","itemListElement":[{"@type":"ListItem","position":1,"name":"Pagrindinis","item":"https:\/\/www.malinashop.lt\/"},{"@type":"ListItem","position":2,"name":"Parduotuv\u0117","item":"https:\/\/www.malinashop.lt\/en\/parduotuve\/"},{"@type":"ListItem","position":3,"name":"Anua veido prausiklis 8 Hyaluronic Acid Hydrating Gentle Foaming Cleanser"}]},{"@type":"WebSite","@id":"https:\/\/www.malinashop.lt\/#website","url":"https:\/\/www.malinashop.lt\/","name":"COM Group Ecommerce","description":"MalinaShop.lt - Gro\u017eio ir sveikatos produktai i\u0161 patikim\u0173 preki\u0173 \u017eenkl\u0173. Atraskite auk\u0161tos kokyb\u0117s kosmetik\u0105 u\u017e puiki\u0105 kain\u0105.","publisher":{"@id":"https:\/\/www.malinashop.lt\/#organization"},"potentialAction":[{"@type":"SearchAction","target":{"@type":"EntryPoint","urlTemplate":"https:\/\/www.malinashop.lt\/?s={search_term_string}"},"query-input":{"@type":"PropertyValueSpecification","valueRequired":true,"valueName":"search_term_string"}}],"inLanguage":"en-GB"},{"@type":"Organization","@id":"https:\/\/www.malinashop.lt\/#organization","name":"COM Group Ecommerce","url":"https:\/\/www.malinashop.lt\/","logo":{"@type":"ImageObject","inLanguage":"en-GB","@id":"https:\/\/www.malinashop.lt\/#\/schema\/logo\/image\/","url":"https:\/\/www.malinashop.lt\/wp-content\/uploads\/2024\/08\/462559670_3787732518133670_9795632669273463_n-e1731525914575.png","contentUrl":"https:\/\/www.malinashop.lt\/wp-content\/uploads\/2024\/08\/462559670_3787732518133670_9795632669273463_n-e1731525914575.png","width":180,"height":60,"caption":"COM Group Ecommerce"},"image":{"@id":"https:\/\/www.malinashop.lt\/#\/schema\/logo\/image\/"}}]}},"jetpack_sharing_enabled":true,"_links":{"self":[{"href":"https:\/\/www.malinashop.lt\/en\/wp-json\/wp\/v2\/product\/76067","targetHints":{"allow":["GET"]}}],"collection":[{"href":"https:\/\/www.malinashop.lt\/en\/wp-json\/wp\/v2\/product"}],"about":[{"href":"https:\/\/www.malinashop.lt\/en\/wp-json\/wp\/v2\/types\/product"}],"version-history":[{"count":1,"href":"https:\/\/www.malinashop.lt\/en\/wp-json\/wp\/v2\/product\/76067\/revisions"}],"predecessor-version":[{"id":76070,"href":"https:\/\/www.malinashop.lt\/en\/wp-json\/wp\/v2\/product\/76067\/revisions\/76070"}],"wp:featuredmedia":[{"embeddable":true,"href":"https:\/\/www.malinashop.lt\/en\/wp-json\/wp\/v2\/media\/76069"}],"wp:attachment":[{"href":"https:\/\/www.malinashop.lt\/en\/wp-json\/wp\/v2\/media?parent=76067"}],"wp:term":[{"taxonomy":"product_brand","embeddable":true,"href":"https:\/\/www.malinashop.lt\/en\/wp-json\/wp\/v2\/product_brand?post=76067"},{"taxonomy":"product_cat","embeddable":true,"href":"https:\/\/www.malinashop.lt\/en\/wp-json\/wp\/v2\/product_cat?post=76067"},{"taxonomy":"product_tag","embeddable":true,"href":"https:\/\/www.malinashop.lt\/en\/wp-json\/wp\/v2\/product_tag?post=76067"}],"curies":[{"name":"wp","href":"https:\/\/api.w.org\/{rel}","templated":true}]}}