{"id":76063,"date":"2026-03-04T20:45:33","date_gmt":"2026-03-04T17:45:33","guid":{"rendered":"https:\/\/malinashop.lt\/?post_type=product&#038;p=76063"},"modified":"2026-04-07T22:17:57","modified_gmt":"2026-04-07T19:17:57","slug":"anua-veido-serumas-7-rice-ceramide-hydrating-barrier-serum","status":"publish","type":"product","link":"https:\/\/www.malinashop.lt\/en\/shop\/anua-veido-serumas-7-rice-ceramide-hydrating-barrier-serum\/","title":{"rendered":"Anua veido serumas 7 Rice Ceramide Hydrating Barrier Serum"},"content":{"rendered":"<p data-start=\"324\" data-end=\"575\">ANUA 7 Rice Ceramide Hydrating Barrier Serum \u2013 tai intensyviai dr\u0117kinantis veido serumas, skirtas odos skaistinimui, stiprinimui ir apsaugai. Sud\u0117tyje esantis ry\u017ei\u0173 s\u0117len\u0173 vanduo padeda atgaivinti papilk\u0117jusi\u0105 od\u0105 ir suteikia jai nat\u016bralaus \u0161vyt\u0117jimo.<\/p>\n<p data-start=\"577\" data-end=\"811\">Keramidas NP stiprina odos apsaugin\u012f barjer\u0105, padeda i\u0161laikyti dr\u0117gm\u0119 ir apsaugo nuo i\u0161saus\u0117jimo. Alfa-arbutinas padeda suma\u017einti pigmentacij\u0105 ir suvienodinti odos ton\u0105, o niacinamidas papildomai skaistina ir gerina bendr\u0105 odos b\u016bkl\u0119.<\/p>\n<p data-start=\"813\" data-end=\"998\">Formul\u0117 papildyta hialurono r\u016bg\u0161timi, pantenoliu ir beta gliukanu, kurie intensyviai dr\u0117kina, ramina ir suteikia odai elastingumo. Lengva tekst\u016bra greitai \u012fsigeria ir nepalieka lipnumo.<\/p>\n<p data-start=\"1000\" data-end=\"1073\">Reguliariai naudojant oda tampa lygesn\u0117, skaistesn\u0117 ir labiau sudr\u0117kinta.<\/p>\n<p data-start=\"1075\" data-end=\"1146\">Tinka vis\u0173 tip\u0173 odai, ypa\u010d sausai, pavargusiai ir netolygaus tono odai.<\/p>\n<hr data-start=\"1148\" data-end=\"1151\" \/>\n<h4 data-section-id=\"1stuw1d\" data-start=\"1153\" data-end=\"1174\"><span role=\"text\"><strong data-start=\"1157\" data-end=\"1172\">Naudojimas:<\/strong><\/span><\/h4>\n<p data-start=\"1175\" data-end=\"1306\">Kelis la\u0161us tepkite ant \u0161varios veido ir kaklo odos prie\u0161 krem\u0105. \u0160velniai \u012fmasa\u017euokite, kol susigers. Venkite aki\u0173 ir l\u016bp\u0173 srities.<\/p>\n<hr data-start=\"1308\" data-end=\"1311\" \/>\n<h5 data-section-id=\"kd1lm3\" data-start=\"1313\" data-end=\"1338\"><span role=\"text\"><strong data-start=\"1317\" data-end=\"1336\">Sud\u0117tis (INCI):<\/strong><\/span><\/h5>\n<p data-start=\"1339\" data-end=\"2197\">Oryza Sativa (Rice) Bran Water, Dipropylene Glycol, Glycerin, Methylpropanediol, Aqua (Water), Butylene Glycol, Methyl Gluceth-10, Niacinamide, 1,2-Hexanediol, Panthenol, Hydroxyethyl Urea, Pentylene Glycol, Sodium Polyacrylate, Oryza Sativa (Rice) Extract, Caprylic\/Capric Triglyceride, Carbomer, Hydrogenated Lecithin, Ethylhexylglycerin, Polyquaternium-51, Adenosine, Allantoin, Sodium Phytate, Xanthan Gum, Ceramide NP, Sodium Hyaluronate, Alpha-Arbutin, Angelica Keiskei Extract, Corchorus Olitorius Leaf Extract, Dioscorea Japonica Root Extract, Hibiscus Esculentus Fruit Extract, Nelumbo Nucifera Root Extract, Beta-Glucan, Tocopherol, Defatted Rice Bran Extract, Arbutin, Zinc Stearate, Defatted Rice Bran, Oryza Sativa (Rice) Bran, Hydrolyzed Rice Protein, Oryza Sativa (Rice) Seed Protein, Honey Extract, Hyaluronic Acid, Hydrolyzed Hyaluronic Acid<\/p>\n","protected":false},"excerpt":{"rendered":"<p data-start=\"194\" data-end=\"296\">Serumas su ry\u017ei\u0173 ekstraktu, keramidu ir arbutinu dr\u0117kina, skaistina od\u0105 ir stiprina apsaugin\u012f barjer\u0105.<\/p>\n","protected":false},"featured_media":76064,"template":"","meta":[],"product_brand":[1677],"product_cat":[550,728],"product_tag":[],"class_list":{"0":"post-76063","1":"product","2":"type-product","3":"status-publish","4":"has-post-thumbnail","6":"product_brand-anua","7":"product_cat-veido-serumai","8":"product_cat-veidui","10":"first","11":"outofstock","12":"taxable","13":"shipping-taxable","14":"purchasable","15":"product-type-simple"},"yoast_head":"<!-- This site is optimized with the Yoast SEO plugin v27.4 - https:\/\/yoast.com\/product\/yoast-seo-wordpress\/ -->\n<title>Anua veido serumas 7 Rice Ceramide Hydrating Barrier Serum - MalinaShop.lt J\u016bs\u0173 sveikatai ir gro\u017eiui.<\/title>\n<meta name=\"description\" content=\"ANUA serumas su ry\u017ei\u0173 ekstraktu ir keramidu dr\u0117kina, stiprina odos barjer\u0105, skaistina ir lygina odos ton\u0105, suteikia elastingumo, 50 ml.\" \/>\n<meta name=\"robots\" content=\"index, follow, max-snippet:-1, max-image-preview:large, max-video-preview:-1\" \/>\n<link rel=\"canonical\" href=\"https:\/\/www.malinashop.lt\/en\/shop\/anua-veido-serumas-7-rice-ceramide-hydrating-barrier-serum\/\" \/>\n<meta property=\"og:locale\" content=\"en_GB\" \/>\n<meta property=\"og:type\" content=\"article\" \/>\n<meta property=\"og:title\" content=\"Anua veido serumas 7 Rice Ceramide Hydrating Barrier Serum - MalinaShop.lt J\u016bs\u0173 sveikatai ir gro\u017eiui.\" \/>\n<meta property=\"og:description\" content=\"ANUA serumas su ry\u017ei\u0173 ekstraktu ir keramidu dr\u0117kina, stiprina odos barjer\u0105, skaistina ir lygina odos ton\u0105, suteikia elastingumo, 50 ml.\" \/>\n<meta property=\"og:url\" content=\"https:\/\/www.malinashop.lt\/en\/shop\/anua-veido-serumas-7-rice-ceramide-hydrating-barrier-serum\/\" \/>\n<meta property=\"og:site_name\" content=\"MalinaShop.lt J\u016bs\u0173 sveikatai ir gro\u017eiui.\" \/>\n<meta property=\"article:modified_time\" content=\"2026-04-07T19:17:57+00:00\" \/>\n<meta property=\"og:image\" content=\"https:\/\/www.malinashop.lt\/wp-content\/uploads\/2026\/04\/Anua-veido-serumas-7-Rice-Ceramide-Hydrating-Barrier-Serum1.webp\" \/>\n\t<meta property=\"og:image:width\" content=\"800\" \/>\n\t<meta property=\"og:image:height\" content=\"800\" \/>\n\t<meta property=\"og:image:type\" content=\"image\/webp\" \/>\n<meta name=\"twitter:card\" content=\"summary_large_image\" \/>\n<script type=\"application\/ld+json\" class=\"yoast-schema-graph\">{\"@context\":\"https:\\\/\\\/schema.org\",\"@graph\":[{\"@type\":\"WebPage\",\"@id\":\"https:\\\/\\\/www.malinashop.lt\\\/lt_lt\\\/shop\\\/anua-veido-serumas-7-rice-ceramide-hydrating-barrier-serum\\\/\",\"url\":\"https:\\\/\\\/www.malinashop.lt\\\/lt_lt\\\/shop\\\/anua-veido-serumas-7-rice-ceramide-hydrating-barrier-serum\\\/\",\"name\":\"Anua veido serumas 7 Rice Ceramide Hydrating Barrier Serum - MalinaShop.lt J\u016bs\u0173 sveikatai ir gro\u017eiui.\",\"isPartOf\":{\"@id\":\"https:\\\/\\\/www.malinashop.lt\\\/#website\"},\"primaryImageOfPage\":{\"@id\":\"https:\\\/\\\/www.malinashop.lt\\\/lt_lt\\\/shop\\\/anua-veido-serumas-7-rice-ceramide-hydrating-barrier-serum\\\/#primaryimage\"},\"image\":{\"@id\":\"https:\\\/\\\/www.malinashop.lt\\\/lt_lt\\\/shop\\\/anua-veido-serumas-7-rice-ceramide-hydrating-barrier-serum\\\/#primaryimage\"},\"thumbnailUrl\":\"https:\\\/\\\/www.malinashop.lt\\\/wp-content\\\/uploads\\\/2026\\\/04\\\/Anua-veido-serumas-7-Rice-Ceramide-Hydrating-Barrier-Serum1.webp\",\"datePublished\":\"2026-03-04T17:45:33+00:00\",\"dateModified\":\"2026-04-07T19:17:57+00:00\",\"description\":\"ANUA serumas su ry\u017ei\u0173 ekstraktu ir keramidu dr\u0117kina, stiprina odos barjer\u0105, skaistina ir lygina odos ton\u0105, suteikia elastingumo, 50 ml.\",\"breadcrumb\":{\"@id\":\"https:\\\/\\\/www.malinashop.lt\\\/lt_lt\\\/shop\\\/anua-veido-serumas-7-rice-ceramide-hydrating-barrier-serum\\\/#breadcrumb\"},\"inLanguage\":\"en-GB\",\"potentialAction\":[{\"@type\":\"ReadAction\",\"target\":[\"https:\\\/\\\/www.malinashop.lt\\\/lt_lt\\\/shop\\\/anua-veido-serumas-7-rice-ceramide-hydrating-barrier-serum\\\/\"]}]},{\"@type\":\"ImageObject\",\"inLanguage\":\"en-GB\",\"@id\":\"https:\\\/\\\/www.malinashop.lt\\\/lt_lt\\\/shop\\\/anua-veido-serumas-7-rice-ceramide-hydrating-barrier-serum\\\/#primaryimage\",\"url\":\"https:\\\/\\\/www.malinashop.lt\\\/wp-content\\\/uploads\\\/2026\\\/04\\\/Anua-veido-serumas-7-Rice-Ceramide-Hydrating-Barrier-Serum1.webp\",\"contentUrl\":\"https:\\\/\\\/www.malinashop.lt\\\/wp-content\\\/uploads\\\/2026\\\/04\\\/Anua-veido-serumas-7-Rice-Ceramide-Hydrating-Barrier-Serum1.webp\",\"width\":800,\"height\":800},{\"@type\":\"BreadcrumbList\",\"@id\":\"https:\\\/\\\/www.malinashop.lt\\\/lt_lt\\\/shop\\\/anua-veido-serumas-7-rice-ceramide-hydrating-barrier-serum\\\/#breadcrumb\",\"itemListElement\":[{\"@type\":\"ListItem\",\"position\":1,\"name\":\"Pagrindinis\",\"item\":\"https:\\\/\\\/www.malinashop.lt\\\/\"},{\"@type\":\"ListItem\",\"position\":2,\"name\":\"Parduotuv\u0117\",\"item\":\"https:\\\/\\\/www.malinashop.lt\\\/en\\\/parduotuve\\\/\"},{\"@type\":\"ListItem\",\"position\":3,\"name\":\"Anua veido serumas 7 Rice Ceramide Hydrating Barrier Serum\"}]},{\"@type\":\"WebSite\",\"@id\":\"https:\\\/\\\/www.malinashop.lt\\\/#website\",\"url\":\"https:\\\/\\\/www.malinashop.lt\\\/\",\"name\":\"COM Group Ecommerce\",\"description\":\"MalinaShop.lt - Gro\u017eio ir sveikatos produktai i\u0161 patikim\u0173 preki\u0173 \u017eenkl\u0173. Atraskite auk\u0161tos kokyb\u0117s kosmetik\u0105 u\u017e puiki\u0105 kain\u0105.\",\"publisher\":{\"@id\":\"https:\\\/\\\/www.malinashop.lt\\\/#organization\"},\"potentialAction\":[{\"@type\":\"SearchAction\",\"target\":{\"@type\":\"EntryPoint\",\"urlTemplate\":\"https:\\\/\\\/www.malinashop.lt\\\/?s={search_term_string}\"},\"query-input\":{\"@type\":\"PropertyValueSpecification\",\"valueRequired\":true,\"valueName\":\"search_term_string\"}}],\"inLanguage\":\"en-GB\"},{\"@type\":\"Organization\",\"@id\":\"https:\\\/\\\/www.malinashop.lt\\\/#organization\",\"name\":\"COM Group Ecommerce\",\"url\":\"https:\\\/\\\/www.malinashop.lt\\\/\",\"logo\":{\"@type\":\"ImageObject\",\"inLanguage\":\"en-GB\",\"@id\":\"https:\\\/\\\/www.malinashop.lt\\\/#\\\/schema\\\/logo\\\/image\\\/\",\"url\":\"https:\\\/\\\/www.malinashop.lt\\\/wp-content\\\/uploads\\\/2024\\\/08\\\/462559670_3787732518133670_9795632669273463_n-e1731525914575.png\",\"contentUrl\":\"https:\\\/\\\/www.malinashop.lt\\\/wp-content\\\/uploads\\\/2024\\\/08\\\/462559670_3787732518133670_9795632669273463_n-e1731525914575.png\",\"width\":180,\"height\":60,\"caption\":\"COM Group Ecommerce\"},\"image\":{\"@id\":\"https:\\\/\\\/www.malinashop.lt\\\/#\\\/schema\\\/logo\\\/image\\\/\"}}]}<\/script>\n<!-- \/ Yoast SEO plugin. -->","yoast_head_json":{"title":"Anua veido serumas 7 Rice Ceramide Hydrating Barrier Serum - MalinaShop.lt J\u016bs\u0173 sveikatai ir gro\u017eiui.","description":"ANUA serumas su ry\u017ei\u0173 ekstraktu ir keramidu dr\u0117kina, stiprina odos barjer\u0105, skaistina ir lygina odos ton\u0105, suteikia elastingumo, 50 ml.","robots":{"index":"index","follow":"follow","max-snippet":"max-snippet:-1","max-image-preview":"max-image-preview:large","max-video-preview":"max-video-preview:-1"},"canonical":"https:\/\/www.malinashop.lt\/en\/shop\/anua-veido-serumas-7-rice-ceramide-hydrating-barrier-serum\/","og_locale":"en_GB","og_type":"article","og_title":"Anua veido serumas 7 Rice Ceramide Hydrating Barrier Serum - MalinaShop.lt J\u016bs\u0173 sveikatai ir gro\u017eiui.","og_description":"ANUA serumas su ry\u017ei\u0173 ekstraktu ir keramidu dr\u0117kina, stiprina odos barjer\u0105, skaistina ir lygina odos ton\u0105, suteikia elastingumo, 50 ml.","og_url":"https:\/\/www.malinashop.lt\/en\/shop\/anua-veido-serumas-7-rice-ceramide-hydrating-barrier-serum\/","og_site_name":"MalinaShop.lt J\u016bs\u0173 sveikatai ir gro\u017eiui.","article_modified_time":"2026-04-07T19:17:57+00:00","og_image":[{"width":800,"height":800,"url":"https:\/\/www.malinashop.lt\/wp-content\/uploads\/2026\/04\/Anua-veido-serumas-7-Rice-Ceramide-Hydrating-Barrier-Serum1.webp","type":"image\/webp"}],"twitter_card":"summary_large_image","schema":{"@context":"https:\/\/schema.org","@graph":[{"@type":"WebPage","@id":"https:\/\/www.malinashop.lt\/lt_lt\/shop\/anua-veido-serumas-7-rice-ceramide-hydrating-barrier-serum\/","url":"https:\/\/www.malinashop.lt\/lt_lt\/shop\/anua-veido-serumas-7-rice-ceramide-hydrating-barrier-serum\/","name":"Anua veido serumas 7 Rice Ceramide Hydrating Barrier Serum - MalinaShop.lt J\u016bs\u0173 sveikatai ir gro\u017eiui.","isPartOf":{"@id":"https:\/\/www.malinashop.lt\/#website"},"primaryImageOfPage":{"@id":"https:\/\/www.malinashop.lt\/lt_lt\/shop\/anua-veido-serumas-7-rice-ceramide-hydrating-barrier-serum\/#primaryimage"},"image":{"@id":"https:\/\/www.malinashop.lt\/lt_lt\/shop\/anua-veido-serumas-7-rice-ceramide-hydrating-barrier-serum\/#primaryimage"},"thumbnailUrl":"https:\/\/www.malinashop.lt\/wp-content\/uploads\/2026\/04\/Anua-veido-serumas-7-Rice-Ceramide-Hydrating-Barrier-Serum1.webp","datePublished":"2026-03-04T17:45:33+00:00","dateModified":"2026-04-07T19:17:57+00:00","description":"ANUA serumas su ry\u017ei\u0173 ekstraktu ir keramidu dr\u0117kina, stiprina odos barjer\u0105, skaistina ir lygina odos ton\u0105, suteikia elastingumo, 50 ml.","breadcrumb":{"@id":"https:\/\/www.malinashop.lt\/lt_lt\/shop\/anua-veido-serumas-7-rice-ceramide-hydrating-barrier-serum\/#breadcrumb"},"inLanguage":"en-GB","potentialAction":[{"@type":"ReadAction","target":["https:\/\/www.malinashop.lt\/lt_lt\/shop\/anua-veido-serumas-7-rice-ceramide-hydrating-barrier-serum\/"]}]},{"@type":"ImageObject","inLanguage":"en-GB","@id":"https:\/\/www.malinashop.lt\/lt_lt\/shop\/anua-veido-serumas-7-rice-ceramide-hydrating-barrier-serum\/#primaryimage","url":"https:\/\/www.malinashop.lt\/wp-content\/uploads\/2026\/04\/Anua-veido-serumas-7-Rice-Ceramide-Hydrating-Barrier-Serum1.webp","contentUrl":"https:\/\/www.malinashop.lt\/wp-content\/uploads\/2026\/04\/Anua-veido-serumas-7-Rice-Ceramide-Hydrating-Barrier-Serum1.webp","width":800,"height":800},{"@type":"BreadcrumbList","@id":"https:\/\/www.malinashop.lt\/lt_lt\/shop\/anua-veido-serumas-7-rice-ceramide-hydrating-barrier-serum\/#breadcrumb","itemListElement":[{"@type":"ListItem","position":1,"name":"Pagrindinis","item":"https:\/\/www.malinashop.lt\/"},{"@type":"ListItem","position":2,"name":"Parduotuv\u0117","item":"https:\/\/www.malinashop.lt\/en\/parduotuve\/"},{"@type":"ListItem","position":3,"name":"Anua veido serumas 7 Rice Ceramide Hydrating Barrier Serum"}]},{"@type":"WebSite","@id":"https:\/\/www.malinashop.lt\/#website","url":"https:\/\/www.malinashop.lt\/","name":"COM Group Ecommerce","description":"MalinaShop.lt - Gro\u017eio ir sveikatos produktai i\u0161 patikim\u0173 preki\u0173 \u017eenkl\u0173. Atraskite auk\u0161tos kokyb\u0117s kosmetik\u0105 u\u017e puiki\u0105 kain\u0105.","publisher":{"@id":"https:\/\/www.malinashop.lt\/#organization"},"potentialAction":[{"@type":"SearchAction","target":{"@type":"EntryPoint","urlTemplate":"https:\/\/www.malinashop.lt\/?s={search_term_string}"},"query-input":{"@type":"PropertyValueSpecification","valueRequired":true,"valueName":"search_term_string"}}],"inLanguage":"en-GB"},{"@type":"Organization","@id":"https:\/\/www.malinashop.lt\/#organization","name":"COM Group Ecommerce","url":"https:\/\/www.malinashop.lt\/","logo":{"@type":"ImageObject","inLanguage":"en-GB","@id":"https:\/\/www.malinashop.lt\/#\/schema\/logo\/image\/","url":"https:\/\/www.malinashop.lt\/wp-content\/uploads\/2024\/08\/462559670_3787732518133670_9795632669273463_n-e1731525914575.png","contentUrl":"https:\/\/www.malinashop.lt\/wp-content\/uploads\/2024\/08\/462559670_3787732518133670_9795632669273463_n-e1731525914575.png","width":180,"height":60,"caption":"COM Group Ecommerce"},"image":{"@id":"https:\/\/www.malinashop.lt\/#\/schema\/logo\/image\/"}}]}},"jetpack_sharing_enabled":true,"_links":{"self":[{"href":"https:\/\/www.malinashop.lt\/en\/wp-json\/wp\/v2\/product\/76063","targetHints":{"allow":["GET"]}}],"collection":[{"href":"https:\/\/www.malinashop.lt\/en\/wp-json\/wp\/v2\/product"}],"about":[{"href":"https:\/\/www.malinashop.lt\/en\/wp-json\/wp\/v2\/types\/product"}],"version-history":[{"count":1,"href":"https:\/\/www.malinashop.lt\/en\/wp-json\/wp\/v2\/product\/76063\/revisions"}],"predecessor-version":[{"id":76066,"href":"https:\/\/www.malinashop.lt\/en\/wp-json\/wp\/v2\/product\/76063\/revisions\/76066"}],"wp:featuredmedia":[{"embeddable":true,"href":"https:\/\/www.malinashop.lt\/en\/wp-json\/wp\/v2\/media\/76064"}],"wp:attachment":[{"href":"https:\/\/www.malinashop.lt\/en\/wp-json\/wp\/v2\/media?parent=76063"}],"wp:term":[{"taxonomy":"product_brand","embeddable":true,"href":"https:\/\/www.malinashop.lt\/en\/wp-json\/wp\/v2\/product_brand?post=76063"},{"taxonomy":"product_cat","embeddable":true,"href":"https:\/\/www.malinashop.lt\/en\/wp-json\/wp\/v2\/product_cat?post=76063"},{"taxonomy":"product_tag","embeddable":true,"href":"https:\/\/www.malinashop.lt\/en\/wp-json\/wp\/v2\/product_tag?post=76063"}],"curies":[{"name":"wp","href":"https:\/\/api.w.org\/{rel}","templated":true}]}}