{"id":76059,"date":"2026-04-04T20:43:09","date_gmt":"2026-04-04T17:43:09","guid":{"rendered":"https:\/\/malinashop.lt\/?post_type=product&#038;p=76059"},"modified":"2026-04-07T22:17:48","modified_gmt":"2026-04-07T19:17:48","slug":"anua-veido-toneris-rice-70-glow-milky-toner","status":"publish","type":"product","link":"https:\/\/www.malinashop.lt\/en\/shop\/anua-veido-toneris-rice-70-glow-milky-toner\/","title":{"rendered":"Anua veido toneris Rice 70 Glow Milky Toner"},"content":{"rendered":"<p data-start=\"307\" data-end=\"553\">ANUA Rice 70 Glow Milky Toner \u2013 tai maitinamasis veido toneris, sukurtas odos dr\u0117kinimui, skaistinimui ir apsaugos stiprinimui. Sud\u0117tyje esantis ry\u017ei\u0173 s\u0117len\u0173 vanduo ir niacinamidas padeda suvienodinti odos ton\u0105, suteikia skaistumo ir gyvybingumo.<\/p>\n<p data-start=\"555\" data-end=\"818\">Keramidas NP stiprina odos apsaugin\u012f barjer\u0105, padeda i\u0161laikyti dr\u0117gm\u0119 ir apsaugo nuo i\u0161saus\u0117jimo, o hialurono r\u016bg\u0161ties kompleksas intensyviai dr\u0117kina skirtingus odos sluoksnius. Papildomi ingredientai, tokie kaip pantenolis ir alantoinas, ramina ir mink\u0161tina od\u0105.<\/p>\n<p data-start=\"820\" data-end=\"1006\">Lengva, pienelio tipo tekst\u016bra \u0161velniai dengia od\u0105, suteikia komforto jausm\u0105 ir paruo\u0161ia j\u0105 tolimesnei prie\u017ei\u016brai. Reguliariai naudojant oda tampa lygesn\u0117, sudr\u0117kinta ir labiau \u0161vytinti.<\/p>\n<p data-start=\"1008\" data-end=\"1029\">Tinka vis\u0173 tip\u0173 odai.<\/p>\n<hr data-start=\"1031\" data-end=\"1034\" \/>\n<h4 data-section-id=\"1stuw1d\" data-start=\"1036\" data-end=\"1057\"><span role=\"text\"><strong data-start=\"1040\" data-end=\"1055\">Naudojimas:<\/strong><\/span><\/h4>\n<p data-start=\"1058\" data-end=\"1154\">Prie\u0161 naudojim\u0105 suplakite. Tepkite ant \u0161varios veido ir kaklo odos pir\u0161tais arba vatos diskeliu.<\/p>\n<hr data-start=\"1156\" data-end=\"1159\" \/>\n<h5 data-section-id=\"kd1lm3\" data-start=\"1161\" data-end=\"1186\"><span role=\"text\"><strong data-start=\"1165\" data-end=\"1184\">Sud\u0117tis (INCI):<\/strong><\/span><\/h5>\n<p data-start=\"1187\" data-end=\"1885\">Oryza Sativa (Rice) Bran Water, Butylene Glycol, Glycerin, Dipropylene Glycol, Niacinamide, Propanediol, Aqua (Water), 1,2-Hexanediol, Methyl Gluceth-20, Panthenol, Betaine, Oryza Sativa (Rice) Extract, Hydroxyacetophenone, Diphenyl Dimethicone, Triethylhexanoin, Hydrogenated Lecithin, Adenosine, Ethylhexylglycerin, Carbomer, Tromethamine, Xanthan Gum, Glyceryl Acrylate\/Acrylic Acid Copolymer, Theobroma Cacao (Cocoa) Seed Extract, Sodium Hyaluronate, Hydrolyzed Hyaluronic Acid, Hyaluronic Acid, Dextrin, Hydrolyzed Rice Protein, Oryza Sativa (Rice) Seed Protein, Ceramide NP, Sodium Lauroyl Lactylate, Arbutin, Ascorbic Acid, Allantoin, Ceramide AP, Phytosphingosine, Cholesterol, Ceramide EOP<\/p>\n","protected":false},"excerpt":{"rendered":"<p data-start=\"181\" data-end=\"279\">Veido toneris su ry\u017ei\u0173 s\u0117len\u0173 vandeniu ir niacinamidu dr\u0117kina, skaistina ir stiprina odos barjer\u0105.<\/p>\n","protected":false},"featured_media":76061,"template":"","meta":[],"product_brand":[1677],"product_cat":[537,728],"product_tag":[],"class_list":{"0":"post-76059","1":"product","2":"type-product","3":"status-publish","4":"has-post-thumbnail","6":"product_brand-anua","7":"product_cat-veido-valymo-priemones","8":"product_cat-veidui","10":"first","11":"instock","12":"taxable","13":"shipping-taxable","14":"purchasable","15":"product-type-simple"},"yoast_head":"<!-- This site is optimized with the Yoast SEO plugin v27.4 - https:\/\/yoast.com\/product\/yoast-seo-wordpress\/ -->\n<title>Anua veido toneris Rice 70 Glow Milky Toner - MalinaShop.lt J\u016bs\u0173 sveikatai ir gro\u017eiui.<\/title>\n<meta name=\"description\" content=\"ANUA toneris su ry\u017ei\u0173 ekstraktu ir niacinamidu dr\u0117kina, skaistina, stiprina odos barjer\u0105 ir suteikia \u0161vyt\u0117jimo, 250 ml. Pirkt dabar\" \/>\n<meta name=\"robots\" content=\"index, follow, max-snippet:-1, max-image-preview:large, max-video-preview:-1\" \/>\n<link rel=\"canonical\" href=\"https:\/\/www.malinashop.lt\/en\/shop\/anua-veido-toneris-rice-70-glow-milky-toner\/\" \/>\n<meta property=\"og:locale\" content=\"en_GB\" \/>\n<meta property=\"og:type\" content=\"article\" \/>\n<meta property=\"og:title\" content=\"Anua veido toneris Rice 70 Glow Milky Toner - MalinaShop.lt J\u016bs\u0173 sveikatai ir gro\u017eiui.\" \/>\n<meta property=\"og:description\" content=\"ANUA toneris su ry\u017ei\u0173 ekstraktu ir niacinamidu dr\u0117kina, skaistina, stiprina odos barjer\u0105 ir suteikia \u0161vyt\u0117jimo, 250 ml. Pirkt dabar\" \/>\n<meta property=\"og:url\" content=\"https:\/\/www.malinashop.lt\/en\/shop\/anua-veido-toneris-rice-70-glow-milky-toner\/\" \/>\n<meta property=\"og:site_name\" content=\"MalinaShop.lt J\u016bs\u0173 sveikatai ir gro\u017eiui.\" \/>\n<meta property=\"article:modified_time\" content=\"2026-04-07T19:17:48+00:00\" \/>\n<meta property=\"og:image\" content=\"https:\/\/www.malinashop.lt\/wp-content\/uploads\/2026\/04\/Anua-veido-toneris-Rice-70-Glow-Milky-Toner.webp\" \/>\n\t<meta property=\"og:image:width\" content=\"1100\" \/>\n\t<meta property=\"og:image:height\" content=\"1100\" \/>\n\t<meta property=\"og:image:type\" content=\"image\/webp\" \/>\n<meta name=\"twitter:card\" content=\"summary_large_image\" \/>\n<script type=\"application\/ld+json\" class=\"yoast-schema-graph\">{\"@context\":\"https:\\\/\\\/schema.org\",\"@graph\":[{\"@type\":\"WebPage\",\"@id\":\"https:\\\/\\\/www.malinashop.lt\\\/lt_lt\\\/shop\\\/anua-veido-toneris-rice-70-glow-milky-toner\\\/\",\"url\":\"https:\\\/\\\/www.malinashop.lt\\\/lt_lt\\\/shop\\\/anua-veido-toneris-rice-70-glow-milky-toner\\\/\",\"name\":\"Anua veido toneris Rice 70 Glow Milky Toner - MalinaShop.lt J\u016bs\u0173 sveikatai ir gro\u017eiui.\",\"isPartOf\":{\"@id\":\"https:\\\/\\\/www.malinashop.lt\\\/#website\"},\"primaryImageOfPage\":{\"@id\":\"https:\\\/\\\/www.malinashop.lt\\\/lt_lt\\\/shop\\\/anua-veido-toneris-rice-70-glow-milky-toner\\\/#primaryimage\"},\"image\":{\"@id\":\"https:\\\/\\\/www.malinashop.lt\\\/lt_lt\\\/shop\\\/anua-veido-toneris-rice-70-glow-milky-toner\\\/#primaryimage\"},\"thumbnailUrl\":\"https:\\\/\\\/www.malinashop.lt\\\/wp-content\\\/uploads\\\/2026\\\/04\\\/Anua-veido-toneris-Rice-70-Glow-Milky-Toner.webp\",\"datePublished\":\"2026-04-04T17:43:09+00:00\",\"dateModified\":\"2026-04-07T19:17:48+00:00\",\"description\":\"ANUA toneris su ry\u017ei\u0173 ekstraktu ir niacinamidu dr\u0117kina, skaistina, stiprina odos barjer\u0105 ir suteikia \u0161vyt\u0117jimo, 250 ml. Pirkt dabar\",\"breadcrumb\":{\"@id\":\"https:\\\/\\\/www.malinashop.lt\\\/lt_lt\\\/shop\\\/anua-veido-toneris-rice-70-glow-milky-toner\\\/#breadcrumb\"},\"inLanguage\":\"en-GB\",\"potentialAction\":[{\"@type\":\"ReadAction\",\"target\":[\"https:\\\/\\\/www.malinashop.lt\\\/lt_lt\\\/shop\\\/anua-veido-toneris-rice-70-glow-milky-toner\\\/\"]}]},{\"@type\":\"ImageObject\",\"inLanguage\":\"en-GB\",\"@id\":\"https:\\\/\\\/www.malinashop.lt\\\/lt_lt\\\/shop\\\/anua-veido-toneris-rice-70-glow-milky-toner\\\/#primaryimage\",\"url\":\"https:\\\/\\\/www.malinashop.lt\\\/wp-content\\\/uploads\\\/2026\\\/04\\\/Anua-veido-toneris-Rice-70-Glow-Milky-Toner.webp\",\"contentUrl\":\"https:\\\/\\\/www.malinashop.lt\\\/wp-content\\\/uploads\\\/2026\\\/04\\\/Anua-veido-toneris-Rice-70-Glow-Milky-Toner.webp\",\"width\":1100,\"height\":1100},{\"@type\":\"BreadcrumbList\",\"@id\":\"https:\\\/\\\/www.malinashop.lt\\\/lt_lt\\\/shop\\\/anua-veido-toneris-rice-70-glow-milky-toner\\\/#breadcrumb\",\"itemListElement\":[{\"@type\":\"ListItem\",\"position\":1,\"name\":\"Pagrindinis\",\"item\":\"https:\\\/\\\/www.malinashop.lt\\\/\"},{\"@type\":\"ListItem\",\"position\":2,\"name\":\"Parduotuv\u0117\",\"item\":\"https:\\\/\\\/www.malinashop.lt\\\/en\\\/parduotuve\\\/\"},{\"@type\":\"ListItem\",\"position\":3,\"name\":\"Anua veido toneris Rice 70 Glow Milky Toner\"}]},{\"@type\":\"WebSite\",\"@id\":\"https:\\\/\\\/www.malinashop.lt\\\/#website\",\"url\":\"https:\\\/\\\/www.malinashop.lt\\\/\",\"name\":\"COM Group Ecommerce\",\"description\":\"MalinaShop.lt - Gro\u017eio ir sveikatos produktai i\u0161 patikim\u0173 preki\u0173 \u017eenkl\u0173. Atraskite auk\u0161tos kokyb\u0117s kosmetik\u0105 u\u017e puiki\u0105 kain\u0105.\",\"publisher\":{\"@id\":\"https:\\\/\\\/www.malinashop.lt\\\/#organization\"},\"potentialAction\":[{\"@type\":\"SearchAction\",\"target\":{\"@type\":\"EntryPoint\",\"urlTemplate\":\"https:\\\/\\\/www.malinashop.lt\\\/?s={search_term_string}\"},\"query-input\":{\"@type\":\"PropertyValueSpecification\",\"valueRequired\":true,\"valueName\":\"search_term_string\"}}],\"inLanguage\":\"en-GB\"},{\"@type\":\"Organization\",\"@id\":\"https:\\\/\\\/www.malinashop.lt\\\/#organization\",\"name\":\"COM Group Ecommerce\",\"url\":\"https:\\\/\\\/www.malinashop.lt\\\/\",\"logo\":{\"@type\":\"ImageObject\",\"inLanguage\":\"en-GB\",\"@id\":\"https:\\\/\\\/www.malinashop.lt\\\/#\\\/schema\\\/logo\\\/image\\\/\",\"url\":\"https:\\\/\\\/www.malinashop.lt\\\/wp-content\\\/uploads\\\/2024\\\/08\\\/462559670_3787732518133670_9795632669273463_n-e1731525914575.png\",\"contentUrl\":\"https:\\\/\\\/www.malinashop.lt\\\/wp-content\\\/uploads\\\/2024\\\/08\\\/462559670_3787732518133670_9795632669273463_n-e1731525914575.png\",\"width\":180,\"height\":60,\"caption\":\"COM Group Ecommerce\"},\"image\":{\"@id\":\"https:\\\/\\\/www.malinashop.lt\\\/#\\\/schema\\\/logo\\\/image\\\/\"}}]}<\/script>\n<!-- \/ Yoast SEO plugin. -->","yoast_head_json":{"title":"Anua veido toneris Rice 70 Glow Milky Toner - MalinaShop.lt J\u016bs\u0173 sveikatai ir gro\u017eiui.","description":"ANUA toneris su ry\u017ei\u0173 ekstraktu ir niacinamidu dr\u0117kina, skaistina, stiprina odos barjer\u0105 ir suteikia \u0161vyt\u0117jimo, 250 ml. Pirkt dabar","robots":{"index":"index","follow":"follow","max-snippet":"max-snippet:-1","max-image-preview":"max-image-preview:large","max-video-preview":"max-video-preview:-1"},"canonical":"https:\/\/www.malinashop.lt\/en\/shop\/anua-veido-toneris-rice-70-glow-milky-toner\/","og_locale":"en_GB","og_type":"article","og_title":"Anua veido toneris Rice 70 Glow Milky Toner - MalinaShop.lt J\u016bs\u0173 sveikatai ir gro\u017eiui.","og_description":"ANUA toneris su ry\u017ei\u0173 ekstraktu ir niacinamidu dr\u0117kina, skaistina, stiprina odos barjer\u0105 ir suteikia \u0161vyt\u0117jimo, 250 ml. Pirkt dabar","og_url":"https:\/\/www.malinashop.lt\/en\/shop\/anua-veido-toneris-rice-70-glow-milky-toner\/","og_site_name":"MalinaShop.lt J\u016bs\u0173 sveikatai ir gro\u017eiui.","article_modified_time":"2026-04-07T19:17:48+00:00","og_image":[{"width":1100,"height":1100,"url":"https:\/\/www.malinashop.lt\/wp-content\/uploads\/2026\/04\/Anua-veido-toneris-Rice-70-Glow-Milky-Toner.webp","type":"image\/webp"}],"twitter_card":"summary_large_image","schema":{"@context":"https:\/\/schema.org","@graph":[{"@type":"WebPage","@id":"https:\/\/www.malinashop.lt\/lt_lt\/shop\/anua-veido-toneris-rice-70-glow-milky-toner\/","url":"https:\/\/www.malinashop.lt\/lt_lt\/shop\/anua-veido-toneris-rice-70-glow-milky-toner\/","name":"Anua veido toneris Rice 70 Glow Milky Toner - MalinaShop.lt J\u016bs\u0173 sveikatai ir gro\u017eiui.","isPartOf":{"@id":"https:\/\/www.malinashop.lt\/#website"},"primaryImageOfPage":{"@id":"https:\/\/www.malinashop.lt\/lt_lt\/shop\/anua-veido-toneris-rice-70-glow-milky-toner\/#primaryimage"},"image":{"@id":"https:\/\/www.malinashop.lt\/lt_lt\/shop\/anua-veido-toneris-rice-70-glow-milky-toner\/#primaryimage"},"thumbnailUrl":"https:\/\/www.malinashop.lt\/wp-content\/uploads\/2026\/04\/Anua-veido-toneris-Rice-70-Glow-Milky-Toner.webp","datePublished":"2026-04-04T17:43:09+00:00","dateModified":"2026-04-07T19:17:48+00:00","description":"ANUA toneris su ry\u017ei\u0173 ekstraktu ir niacinamidu dr\u0117kina, skaistina, stiprina odos barjer\u0105 ir suteikia \u0161vyt\u0117jimo, 250 ml. Pirkt dabar","breadcrumb":{"@id":"https:\/\/www.malinashop.lt\/lt_lt\/shop\/anua-veido-toneris-rice-70-glow-milky-toner\/#breadcrumb"},"inLanguage":"en-GB","potentialAction":[{"@type":"ReadAction","target":["https:\/\/www.malinashop.lt\/lt_lt\/shop\/anua-veido-toneris-rice-70-glow-milky-toner\/"]}]},{"@type":"ImageObject","inLanguage":"en-GB","@id":"https:\/\/www.malinashop.lt\/lt_lt\/shop\/anua-veido-toneris-rice-70-glow-milky-toner\/#primaryimage","url":"https:\/\/www.malinashop.lt\/wp-content\/uploads\/2026\/04\/Anua-veido-toneris-Rice-70-Glow-Milky-Toner.webp","contentUrl":"https:\/\/www.malinashop.lt\/wp-content\/uploads\/2026\/04\/Anua-veido-toneris-Rice-70-Glow-Milky-Toner.webp","width":1100,"height":1100},{"@type":"BreadcrumbList","@id":"https:\/\/www.malinashop.lt\/lt_lt\/shop\/anua-veido-toneris-rice-70-glow-milky-toner\/#breadcrumb","itemListElement":[{"@type":"ListItem","position":1,"name":"Pagrindinis","item":"https:\/\/www.malinashop.lt\/"},{"@type":"ListItem","position":2,"name":"Parduotuv\u0117","item":"https:\/\/www.malinashop.lt\/en\/parduotuve\/"},{"@type":"ListItem","position":3,"name":"Anua veido toneris Rice 70 Glow Milky Toner"}]},{"@type":"WebSite","@id":"https:\/\/www.malinashop.lt\/#website","url":"https:\/\/www.malinashop.lt\/","name":"COM Group Ecommerce","description":"MalinaShop.lt - Gro\u017eio ir sveikatos produktai i\u0161 patikim\u0173 preki\u0173 \u017eenkl\u0173. Atraskite auk\u0161tos kokyb\u0117s kosmetik\u0105 u\u017e puiki\u0105 kain\u0105.","publisher":{"@id":"https:\/\/www.malinashop.lt\/#organization"},"potentialAction":[{"@type":"SearchAction","target":{"@type":"EntryPoint","urlTemplate":"https:\/\/www.malinashop.lt\/?s={search_term_string}"},"query-input":{"@type":"PropertyValueSpecification","valueRequired":true,"valueName":"search_term_string"}}],"inLanguage":"en-GB"},{"@type":"Organization","@id":"https:\/\/www.malinashop.lt\/#organization","name":"COM Group Ecommerce","url":"https:\/\/www.malinashop.lt\/","logo":{"@type":"ImageObject","inLanguage":"en-GB","@id":"https:\/\/www.malinashop.lt\/#\/schema\/logo\/image\/","url":"https:\/\/www.malinashop.lt\/wp-content\/uploads\/2024\/08\/462559670_3787732518133670_9795632669273463_n-e1731525914575.png","contentUrl":"https:\/\/www.malinashop.lt\/wp-content\/uploads\/2024\/08\/462559670_3787732518133670_9795632669273463_n-e1731525914575.png","width":180,"height":60,"caption":"COM Group Ecommerce"},"image":{"@id":"https:\/\/www.malinashop.lt\/#\/schema\/logo\/image\/"}}]}},"jetpack_sharing_enabled":true,"_links":{"self":[{"href":"https:\/\/www.malinashop.lt\/en\/wp-json\/wp\/v2\/product\/76059","targetHints":{"allow":["GET"]}}],"collection":[{"href":"https:\/\/www.malinashop.lt\/en\/wp-json\/wp\/v2\/product"}],"about":[{"href":"https:\/\/www.malinashop.lt\/en\/wp-json\/wp\/v2\/types\/product"}],"version-history":[{"count":1,"href":"https:\/\/www.malinashop.lt\/en\/wp-json\/wp\/v2\/product\/76059\/revisions"}],"predecessor-version":[{"id":76062,"href":"https:\/\/www.malinashop.lt\/en\/wp-json\/wp\/v2\/product\/76059\/revisions\/76062"}],"wp:featuredmedia":[{"embeddable":true,"href":"https:\/\/www.malinashop.lt\/en\/wp-json\/wp\/v2\/media\/76061"}],"wp:attachment":[{"href":"https:\/\/www.malinashop.lt\/en\/wp-json\/wp\/v2\/media?parent=76059"}],"wp:term":[{"taxonomy":"product_brand","embeddable":true,"href":"https:\/\/www.malinashop.lt\/en\/wp-json\/wp\/v2\/product_brand?post=76059"},{"taxonomy":"product_cat","embeddable":true,"href":"https:\/\/www.malinashop.lt\/en\/wp-json\/wp\/v2\/product_cat?post=76059"},{"taxonomy":"product_tag","embeddable":true,"href":"https:\/\/www.malinashop.lt\/en\/wp-json\/wp\/v2\/product_tag?post=76059"}],"curies":[{"name":"wp","href":"https:\/\/api.w.org\/{rel}","templated":true}]}}