{"id":76054,"date":"2026-04-04T20:40:07","date_gmt":"2026-04-04T17:40:07","guid":{"rendered":"https:\/\/malinashop.lt\/?post_type=product&#038;p=76054"},"modified":"2026-04-07T22:17:48","modified_gmt":"2026-04-07T19:17:48","slug":"anua-veido-serumas-green-lemon-vita-c-blemish-serum","status":"publish","type":"product","link":"https:\/\/www.malinashop.lt\/en\/shop\/anua-veido-serumas-green-lemon-vita-c-blemish-serum\/","title":{"rendered":"Anua veido serumas Green Lemon Vita C Blemish Serum"},"content":{"rendered":"<p data-start=\"361\" data-end=\"623\">ANUA Green Lemon Vita C Blemish Serum \u2013 tai skaistinantis veido serumas, skirtas kovai su pigmentacija, odos tono netolygumais ir papilk\u0117jusia oda. Formul\u0117je esantis vitaminas C padeda suteikti odai \u0161vyt\u0117jimo, ma\u017eina tamsias d\u0117mes ir gerina bendr\u0105 odos i\u0161vaizd\u0105.<\/p>\n<p data-start=\"625\" data-end=\"900\">\u017daliosios citrinos ekstraktas veikia kaip nat\u016bralus antioksidantas, padedantis gaivinti od\u0105 ir suteikti jai skaistumo. Serumo sud\u0117tyje esan\u010dios kapsul\u0117s su pantenoliu, glutationu ir bisabololiu papildomai ramina od\u0105, stiprina jos apsaugin\u012f barjer\u0105 ir padeda i\u0161laikyti dr\u0117gm\u0119.<\/p>\n<p data-start=\"902\" data-end=\"1057\">Lengva tekst\u016bra greitai \u012fsigeria, nepalieka lipnumo ir suteikia komforto poj\u016bt\u012f. Reguliariai naudojant oda tampa lygesn\u0117, skaistesn\u0117 ir vizualiai \u0161varesn\u0117.<\/p>\n<p data-start=\"1059\" data-end=\"1172\">Svarbu: atidarius produkt\u0105 rekomenduojama laikyti \u0161aldytuve (3\u201310 \u00b0C), kad b\u016bt\u0173 i\u0161laikytas vitamino C stabilumas.<\/p>\n<p data-start=\"1174\" data-end=\"1245\">Tinka vis\u0173 tip\u0173 odai, ypa\u010d papilk\u0117jusiai ir su pigmentacijos po\u017eymiais.<\/p>\n<hr data-start=\"1247\" data-end=\"1250\" \/>\n<h4 data-section-id=\"1stuw1d\" data-start=\"1252\" data-end=\"1273\"><span role=\"text\"><strong data-start=\"1256\" data-end=\"1271\">Naudojimas:<\/strong><\/span><\/h4>\n<p data-start=\"1274\" data-end=\"1341\">Tepkite nedidel\u012f kiek\u012f serumo ant \u0161varios ir tonizuotos veido odos.<\/p>\n<hr data-start=\"1343\" data-end=\"1346\" \/>\n<h5 data-section-id=\"kd1lm3\" data-start=\"1348\" data-end=\"1373\"><span role=\"text\"><strong data-start=\"1352\" data-end=\"1371\">Sud\u0117tis (INCI):<\/strong><\/span><\/h5>\n<p data-start=\"1374\" data-end=\"2724\">Aqua (Water), Ascorbic Acid, Butylene Glycol, Propanediol, Dipropylene Glycol, Cyclopentasiloxane, Citrus Limon (Lemon) Fruit Extract, 1,2-Hexanediol, Cyclohexasiloxane, Sodium Hydroxide, C12-14 Pareth-12, Bisabolol, Sodium Polyacryloyldimethyl Taurate, Polyacrylate Crosspolymer-6, Dimethicone\/Vinyl Dimethicone Crosspolymer, Xanthan Gum, Ethylhexylglycerin, Allantoin, Citrus Aurantium Dulcis (Orange) Flower Oil, Glycerin, Litsea Cubeba Fruit Oil, Glutathione, Citrus Paradisi (Grapefruit) Peel Oil, Adenosine, Disodium EDTA, Citrus Aurantium Bergamia (Bergamot) Fruit Oil, Mentha Viridis (Spearmint) Leaf Oil, Tocopherol, Ferulic Acid, Barosma Betulina Leaf Extract, Hydrogenated Lecithin, Polyglyceryl-10 Stearate, Sorbitol, Panthenol, Beta-Glucan, Sodium Hyaluronate, Sodium Ascorbyl Phosphate, Caprylic\/Capric Triglyceride, Helianthus Annuus (Sunflower) Seed Oil, Hyaluronic Acid, Sucrose Stearate, Glyceryl Stearate, Beta-Carotene, Sodium Hyaluronate Crosspolymer, Niacinamide, Hydrolyzed Sodium Hyaluronate, Hydrolyzed Hyaluronic Acid, Thioctic Acid, Sodium Acetylated Hyaluronate, Pyridoxine, Hydroxypropyltrimonium Hyaluronate, Folic Acid, Biotin, Ceramide NP, Ubiquinone, Cyanocobalamin, Lycopodium Clavatum Extract, Equisetum Arvense Extract, Thiamine HCl, Riboflavin, Linoleic Acid, Hesperidin, Ergothioneine, Limonene, Linalool, Citral<\/p>\n","protected":false},"excerpt":{"rendered":"<p data-start=\"224\" data-end=\"333\">Serumas su vitaminu C ir \u017ealiosios citrinos ekstraktu skaistina od\u0105, ma\u017eina pigmentacij\u0105 ir lygina odos ton\u0105.<\/p>\n","protected":false},"featured_media":76057,"template":"","meta":[],"product_brand":[1677],"product_cat":[550,728],"product_tag":[],"class_list":{"0":"post-76054","1":"product","2":"type-product","3":"status-publish","4":"has-post-thumbnail","6":"product_brand-anua","7":"product_cat-veido-serumai","8":"product_cat-veidui","10":"first","11":"instock","12":"taxable","13":"shipping-taxable","14":"purchasable","15":"product-type-simple"},"yoast_head":"<!-- This site is optimized with the Yoast SEO plugin v27.4 - https:\/\/yoast.com\/product\/yoast-seo-wordpress\/ -->\n<title>Anua veido serumas Green Lemon Vita C Blemish Serum - MalinaShop.lt J\u016bs\u0173 sveikatai ir gro\u017eiui.<\/title>\n<meta name=\"description\" content=\"Anua serumas su vitaminu C ir citrinos ekstraktu skaistina od\u0105, ma\u017eina pigmentacij\u0105 ir suteikia \u0161vyt\u0117jimo, 20 ml. Pirkti dabar\" \/>\n<meta name=\"robots\" content=\"index, follow, max-snippet:-1, max-image-preview:large, max-video-preview:-1\" \/>\n<link rel=\"canonical\" href=\"https:\/\/www.malinashop.lt\/en\/shop\/anua-veido-serumas-green-lemon-vita-c-blemish-serum\/\" \/>\n<meta property=\"og:locale\" content=\"en_GB\" \/>\n<meta property=\"og:type\" content=\"article\" \/>\n<meta property=\"og:title\" content=\"Anua veido serumas Green Lemon Vita C Blemish Serum - MalinaShop.lt J\u016bs\u0173 sveikatai ir gro\u017eiui.\" \/>\n<meta property=\"og:description\" content=\"Anua serumas su vitaminu C ir citrinos ekstraktu skaistina od\u0105, ma\u017eina pigmentacij\u0105 ir suteikia \u0161vyt\u0117jimo, 20 ml. Pirkti dabar\" \/>\n<meta property=\"og:url\" content=\"https:\/\/www.malinashop.lt\/en\/shop\/anua-veido-serumas-green-lemon-vita-c-blemish-serum\/\" \/>\n<meta property=\"og:site_name\" content=\"MalinaShop.lt J\u016bs\u0173 sveikatai ir gro\u017eiui.\" \/>\n<meta property=\"article:modified_time\" content=\"2026-04-07T19:17:48+00:00\" \/>\n<meta property=\"og:image\" content=\"https:\/\/www.malinashop.lt\/wp-content\/uploads\/2026\/04\/Anua-veido-serumas-Green-Lemon-Vita-C-Blemish-Serum.webp\" \/>\n\t<meta property=\"og:image:width\" content=\"1100\" \/>\n\t<meta property=\"og:image:height\" content=\"1100\" \/>\n\t<meta property=\"og:image:type\" content=\"image\/webp\" \/>\n<meta name=\"twitter:card\" content=\"summary_large_image\" \/>\n<script type=\"application\/ld+json\" class=\"yoast-schema-graph\">{\"@context\":\"https:\\\/\\\/schema.org\",\"@graph\":[{\"@type\":\"WebPage\",\"@id\":\"https:\\\/\\\/www.malinashop.lt\\\/lt_lt\\\/shop\\\/anua-veido-serumas-green-lemon-vita-c-blemish-serum\\\/\",\"url\":\"https:\\\/\\\/www.malinashop.lt\\\/lt_lt\\\/shop\\\/anua-veido-serumas-green-lemon-vita-c-blemish-serum\\\/\",\"name\":\"Anua veido serumas Green Lemon Vita C Blemish Serum - MalinaShop.lt J\u016bs\u0173 sveikatai ir gro\u017eiui.\",\"isPartOf\":{\"@id\":\"https:\\\/\\\/www.malinashop.lt\\\/#website\"},\"primaryImageOfPage\":{\"@id\":\"https:\\\/\\\/www.malinashop.lt\\\/lt_lt\\\/shop\\\/anua-veido-serumas-green-lemon-vita-c-blemish-serum\\\/#primaryimage\"},\"image\":{\"@id\":\"https:\\\/\\\/www.malinashop.lt\\\/lt_lt\\\/shop\\\/anua-veido-serumas-green-lemon-vita-c-blemish-serum\\\/#primaryimage\"},\"thumbnailUrl\":\"https:\\\/\\\/www.malinashop.lt\\\/wp-content\\\/uploads\\\/2026\\\/04\\\/Anua-veido-serumas-Green-Lemon-Vita-C-Blemish-Serum.webp\",\"datePublished\":\"2026-04-04T17:40:07+00:00\",\"dateModified\":\"2026-04-07T19:17:48+00:00\",\"description\":\"Anua serumas su vitaminu C ir citrinos ekstraktu skaistina od\u0105, ma\u017eina pigmentacij\u0105 ir suteikia \u0161vyt\u0117jimo, 20 ml. Pirkti dabar\",\"breadcrumb\":{\"@id\":\"https:\\\/\\\/www.malinashop.lt\\\/lt_lt\\\/shop\\\/anua-veido-serumas-green-lemon-vita-c-blemish-serum\\\/#breadcrumb\"},\"inLanguage\":\"en-GB\",\"potentialAction\":[{\"@type\":\"ReadAction\",\"target\":[\"https:\\\/\\\/www.malinashop.lt\\\/lt_lt\\\/shop\\\/anua-veido-serumas-green-lemon-vita-c-blemish-serum\\\/\"]}]},{\"@type\":\"ImageObject\",\"inLanguage\":\"en-GB\",\"@id\":\"https:\\\/\\\/www.malinashop.lt\\\/lt_lt\\\/shop\\\/anua-veido-serumas-green-lemon-vita-c-blemish-serum\\\/#primaryimage\",\"url\":\"https:\\\/\\\/www.malinashop.lt\\\/wp-content\\\/uploads\\\/2026\\\/04\\\/Anua-veido-serumas-Green-Lemon-Vita-C-Blemish-Serum.webp\",\"contentUrl\":\"https:\\\/\\\/www.malinashop.lt\\\/wp-content\\\/uploads\\\/2026\\\/04\\\/Anua-veido-serumas-Green-Lemon-Vita-C-Blemish-Serum.webp\",\"width\":1100,\"height\":1100},{\"@type\":\"BreadcrumbList\",\"@id\":\"https:\\\/\\\/www.malinashop.lt\\\/lt_lt\\\/shop\\\/anua-veido-serumas-green-lemon-vita-c-blemish-serum\\\/#breadcrumb\",\"itemListElement\":[{\"@type\":\"ListItem\",\"position\":1,\"name\":\"Pagrindinis\",\"item\":\"https:\\\/\\\/www.malinashop.lt\\\/\"},{\"@type\":\"ListItem\",\"position\":2,\"name\":\"Parduotuv\u0117\",\"item\":\"https:\\\/\\\/www.malinashop.lt\\\/en\\\/parduotuve\\\/\"},{\"@type\":\"ListItem\",\"position\":3,\"name\":\"Anua veido serumas Green Lemon Vita C Blemish Serum\"}]},{\"@type\":\"WebSite\",\"@id\":\"https:\\\/\\\/www.malinashop.lt\\\/#website\",\"url\":\"https:\\\/\\\/www.malinashop.lt\\\/\",\"name\":\"COM Group Ecommerce\",\"description\":\"MalinaShop.lt - Gro\u017eio ir sveikatos produktai i\u0161 patikim\u0173 preki\u0173 \u017eenkl\u0173. Atraskite auk\u0161tos kokyb\u0117s kosmetik\u0105 u\u017e puiki\u0105 kain\u0105.\",\"publisher\":{\"@id\":\"https:\\\/\\\/www.malinashop.lt\\\/#organization\"},\"potentialAction\":[{\"@type\":\"SearchAction\",\"target\":{\"@type\":\"EntryPoint\",\"urlTemplate\":\"https:\\\/\\\/www.malinashop.lt\\\/?s={search_term_string}\"},\"query-input\":{\"@type\":\"PropertyValueSpecification\",\"valueRequired\":true,\"valueName\":\"search_term_string\"}}],\"inLanguage\":\"en-GB\"},{\"@type\":\"Organization\",\"@id\":\"https:\\\/\\\/www.malinashop.lt\\\/#organization\",\"name\":\"COM Group Ecommerce\",\"url\":\"https:\\\/\\\/www.malinashop.lt\\\/\",\"logo\":{\"@type\":\"ImageObject\",\"inLanguage\":\"en-GB\",\"@id\":\"https:\\\/\\\/www.malinashop.lt\\\/#\\\/schema\\\/logo\\\/image\\\/\",\"url\":\"https:\\\/\\\/www.malinashop.lt\\\/wp-content\\\/uploads\\\/2024\\\/08\\\/462559670_3787732518133670_9795632669273463_n-e1731525914575.png\",\"contentUrl\":\"https:\\\/\\\/www.malinashop.lt\\\/wp-content\\\/uploads\\\/2024\\\/08\\\/462559670_3787732518133670_9795632669273463_n-e1731525914575.png\",\"width\":180,\"height\":60,\"caption\":\"COM Group Ecommerce\"},\"image\":{\"@id\":\"https:\\\/\\\/www.malinashop.lt\\\/#\\\/schema\\\/logo\\\/image\\\/\"}}]}<\/script>\n<!-- \/ Yoast SEO plugin. -->","yoast_head_json":{"title":"Anua veido serumas Green Lemon Vita C Blemish Serum - MalinaShop.lt J\u016bs\u0173 sveikatai ir gro\u017eiui.","description":"Anua serumas su vitaminu C ir citrinos ekstraktu skaistina od\u0105, ma\u017eina pigmentacij\u0105 ir suteikia \u0161vyt\u0117jimo, 20 ml. Pirkti dabar","robots":{"index":"index","follow":"follow","max-snippet":"max-snippet:-1","max-image-preview":"max-image-preview:large","max-video-preview":"max-video-preview:-1"},"canonical":"https:\/\/www.malinashop.lt\/en\/shop\/anua-veido-serumas-green-lemon-vita-c-blemish-serum\/","og_locale":"en_GB","og_type":"article","og_title":"Anua veido serumas Green Lemon Vita C Blemish Serum - MalinaShop.lt J\u016bs\u0173 sveikatai ir gro\u017eiui.","og_description":"Anua serumas su vitaminu C ir citrinos ekstraktu skaistina od\u0105, ma\u017eina pigmentacij\u0105 ir suteikia \u0161vyt\u0117jimo, 20 ml. Pirkti dabar","og_url":"https:\/\/www.malinashop.lt\/en\/shop\/anua-veido-serumas-green-lemon-vita-c-blemish-serum\/","og_site_name":"MalinaShop.lt J\u016bs\u0173 sveikatai ir gro\u017eiui.","article_modified_time":"2026-04-07T19:17:48+00:00","og_image":[{"width":1100,"height":1100,"url":"https:\/\/www.malinashop.lt\/wp-content\/uploads\/2026\/04\/Anua-veido-serumas-Green-Lemon-Vita-C-Blemish-Serum.webp","type":"image\/webp"}],"twitter_card":"summary_large_image","schema":{"@context":"https:\/\/schema.org","@graph":[{"@type":"WebPage","@id":"https:\/\/www.malinashop.lt\/lt_lt\/shop\/anua-veido-serumas-green-lemon-vita-c-blemish-serum\/","url":"https:\/\/www.malinashop.lt\/lt_lt\/shop\/anua-veido-serumas-green-lemon-vita-c-blemish-serum\/","name":"Anua veido serumas Green Lemon Vita C Blemish Serum - MalinaShop.lt J\u016bs\u0173 sveikatai ir gro\u017eiui.","isPartOf":{"@id":"https:\/\/www.malinashop.lt\/#website"},"primaryImageOfPage":{"@id":"https:\/\/www.malinashop.lt\/lt_lt\/shop\/anua-veido-serumas-green-lemon-vita-c-blemish-serum\/#primaryimage"},"image":{"@id":"https:\/\/www.malinashop.lt\/lt_lt\/shop\/anua-veido-serumas-green-lemon-vita-c-blemish-serum\/#primaryimage"},"thumbnailUrl":"https:\/\/www.malinashop.lt\/wp-content\/uploads\/2026\/04\/Anua-veido-serumas-Green-Lemon-Vita-C-Blemish-Serum.webp","datePublished":"2026-04-04T17:40:07+00:00","dateModified":"2026-04-07T19:17:48+00:00","description":"Anua serumas su vitaminu C ir citrinos ekstraktu skaistina od\u0105, ma\u017eina pigmentacij\u0105 ir suteikia \u0161vyt\u0117jimo, 20 ml. Pirkti dabar","breadcrumb":{"@id":"https:\/\/www.malinashop.lt\/lt_lt\/shop\/anua-veido-serumas-green-lemon-vita-c-blemish-serum\/#breadcrumb"},"inLanguage":"en-GB","potentialAction":[{"@type":"ReadAction","target":["https:\/\/www.malinashop.lt\/lt_lt\/shop\/anua-veido-serumas-green-lemon-vita-c-blemish-serum\/"]}]},{"@type":"ImageObject","inLanguage":"en-GB","@id":"https:\/\/www.malinashop.lt\/lt_lt\/shop\/anua-veido-serumas-green-lemon-vita-c-blemish-serum\/#primaryimage","url":"https:\/\/www.malinashop.lt\/wp-content\/uploads\/2026\/04\/Anua-veido-serumas-Green-Lemon-Vita-C-Blemish-Serum.webp","contentUrl":"https:\/\/www.malinashop.lt\/wp-content\/uploads\/2026\/04\/Anua-veido-serumas-Green-Lemon-Vita-C-Blemish-Serum.webp","width":1100,"height":1100},{"@type":"BreadcrumbList","@id":"https:\/\/www.malinashop.lt\/lt_lt\/shop\/anua-veido-serumas-green-lemon-vita-c-blemish-serum\/#breadcrumb","itemListElement":[{"@type":"ListItem","position":1,"name":"Pagrindinis","item":"https:\/\/www.malinashop.lt\/"},{"@type":"ListItem","position":2,"name":"Parduotuv\u0117","item":"https:\/\/www.malinashop.lt\/en\/parduotuve\/"},{"@type":"ListItem","position":3,"name":"Anua veido serumas Green Lemon Vita C Blemish Serum"}]},{"@type":"WebSite","@id":"https:\/\/www.malinashop.lt\/#website","url":"https:\/\/www.malinashop.lt\/","name":"COM Group Ecommerce","description":"MalinaShop.lt - Gro\u017eio ir sveikatos produktai i\u0161 patikim\u0173 preki\u0173 \u017eenkl\u0173. Atraskite auk\u0161tos kokyb\u0117s kosmetik\u0105 u\u017e puiki\u0105 kain\u0105.","publisher":{"@id":"https:\/\/www.malinashop.lt\/#organization"},"potentialAction":[{"@type":"SearchAction","target":{"@type":"EntryPoint","urlTemplate":"https:\/\/www.malinashop.lt\/?s={search_term_string}"},"query-input":{"@type":"PropertyValueSpecification","valueRequired":true,"valueName":"search_term_string"}}],"inLanguage":"en-GB"},{"@type":"Organization","@id":"https:\/\/www.malinashop.lt\/#organization","name":"COM Group Ecommerce","url":"https:\/\/www.malinashop.lt\/","logo":{"@type":"ImageObject","inLanguage":"en-GB","@id":"https:\/\/www.malinashop.lt\/#\/schema\/logo\/image\/","url":"https:\/\/www.malinashop.lt\/wp-content\/uploads\/2024\/08\/462559670_3787732518133670_9795632669273463_n-e1731525914575.png","contentUrl":"https:\/\/www.malinashop.lt\/wp-content\/uploads\/2024\/08\/462559670_3787732518133670_9795632669273463_n-e1731525914575.png","width":180,"height":60,"caption":"COM Group Ecommerce"},"image":{"@id":"https:\/\/www.malinashop.lt\/#\/schema\/logo\/image\/"}}]}},"jetpack_sharing_enabled":true,"_links":{"self":[{"href":"https:\/\/www.malinashop.lt\/en\/wp-json\/wp\/v2\/product\/76054","targetHints":{"allow":["GET"]}}],"collection":[{"href":"https:\/\/www.malinashop.lt\/en\/wp-json\/wp\/v2\/product"}],"about":[{"href":"https:\/\/www.malinashop.lt\/en\/wp-json\/wp\/v2\/types\/product"}],"version-history":[{"count":1,"href":"https:\/\/www.malinashop.lt\/en\/wp-json\/wp\/v2\/product\/76054\/revisions"}],"predecessor-version":[{"id":76058,"href":"https:\/\/www.malinashop.lt\/en\/wp-json\/wp\/v2\/product\/76054\/revisions\/76058"}],"wp:featuredmedia":[{"embeddable":true,"href":"https:\/\/www.malinashop.lt\/en\/wp-json\/wp\/v2\/media\/76057"}],"wp:attachment":[{"href":"https:\/\/www.malinashop.lt\/en\/wp-json\/wp\/v2\/media?parent=76054"}],"wp:term":[{"taxonomy":"product_brand","embeddable":true,"href":"https:\/\/www.malinashop.lt\/en\/wp-json\/wp\/v2\/product_brand?post=76054"},{"taxonomy":"product_cat","embeddable":true,"href":"https:\/\/www.malinashop.lt\/en\/wp-json\/wp\/v2\/product_cat?post=76054"},{"taxonomy":"product_tag","embeddable":true,"href":"https:\/\/www.malinashop.lt\/en\/wp-json\/wp\/v2\/product_tag?post=76054"}],"curies":[{"name":"wp","href":"https:\/\/api.w.org\/{rel}","templated":true}]}}