{"id":76042,"date":"2026-03-04T20:30:54","date_gmt":"2026-03-04T17:30:54","guid":{"rendered":"https:\/\/malinashop.lt\/?post_type=product&#038;p=76042"},"modified":"2026-04-07T22:17:58","modified_gmt":"2026-04-07T19:17:58","slug":"anua-veido-kremas-peach-77-niacin-enriched-cream","status":"publish","type":"product","link":"https:\/\/www.malinashop.lt\/en\/shop\/anua-veido-kremas-peach-77-niacin-enriched-cream\/","title":{"rendered":"Anua veido kremas Peach 77 Niacin Enriched Cream"},"content":{"rendered":"<p data-start=\"365\" data-end=\"640\">ANUA Peach 77 Niacin Enriched Cream \u2013 tai lengvas, ta\u010diau intensyviai veikiantis veido kremas, skirtas odos dr\u0117kinimui, skaistinimui ir tekst\u016bros gerinimui. Formul\u0117 papildyta fermentuotais ingredientais, kurie padeda atkurti odos gyvybingum\u0105 ir suteikia nat\u016bralaus \u0161vyt\u0117jimo.<\/p>\n<p data-start=\"642\" data-end=\"890\">Sud\u0117tyje esantis persik\u0173 ekstraktas ir niacinamidas padeda suvienodinti odos ton\u0105 bei suma\u017einti papilk\u0117jim\u0105. Keramidai stiprina apsaugin\u012f odos barjer\u0105, o pantenolis ramina ir dr\u0117kina. Kolagenas prisideda prie odos elastingumo ir stangrumo gerinimo.<\/p>\n<p data-start=\"892\" data-end=\"1102\">Pudingo konsistencijos kremas lengvai pasiskirsto, greitai \u012fsigeria ir nepalieka lipnumo jausmo, tod\u0117l puikiai tinka kasdienei prie\u017ei\u016brai. Reguliariai naudojant oda tampa \u0161velnesn\u0117, lygesn\u0117 ir labiau spindinti.<\/p>\n<p data-start=\"1104\" data-end=\"1180\">Tinka vis\u0173 tip\u0173 odai, ypa\u010d sausai, pavargusiai ir spindes\u012f praradusiai odai.<\/p>\n<hr data-start=\"1182\" data-end=\"1185\" \/>\n<h4 data-section-id=\"1stuw1d\" data-start=\"1187\" data-end=\"1208\"><span role=\"text\"><strong data-start=\"1191\" data-end=\"1206\">Naudojimas:<\/strong><\/span><\/h4>\n<p data-start=\"1209\" data-end=\"1254\">Tepkite ant \u0161varios ir tonizuotos veido odos.<\/p>\n<hr data-start=\"1256\" data-end=\"1259\" \/>\n<h5 data-section-id=\"kd1lm3\" data-start=\"1261\" data-end=\"1286\"><span role=\"text\"><strong data-start=\"1265\" data-end=\"1284\">Sud\u0117tis (INCI):<\/strong><\/span><\/h5>\n<p data-start=\"1287\" data-end=\"2092\">Aqua (Water), Glycerin, Methylpropanediol, Niacinamide, 1,2-Hexanediol, Prunus Persica (Peach) Fruit Extract, Isododecane, Lactobacillus Ferment, Propanediol, Hydrogenated Polydecene, Panthenol, Polymethylsilsesquioxane, Polyglyceryl-3 Methylglucose Distearate, Jojoba Esters, Vinyl Dimethicone, Ammonium Acryloyldimethyltaurate\/VP Copolymer, Dimethiconol, Parfum (Fragrance), Acrylates\/C10-30 Alkyl Acrylate Crosspolymer, Hydroxyacetophenone, Tromethamine, Coptis Japonica Root Extract, Butylene Glycol, Ethylhexylglycerin, Adenosine, Sodium Hyaluronate, Disodium EDTA, Cyanocobalamin, Prunus Persica (Peach) Flower Extract, Saccharomyces Ferment Filtrate, Tocopherol, Soluble Collagen, Ceramide NP, Pectin, Maltodextrin, Hydrolyzed Vegetable Protein, Galactomyces Ferment Filtrate, Bifida Ferment Lysate<\/p>\n","protected":false},"excerpt":{"rendered":"<p>Lengvos tekst\u016bros kremas su persik\u0173 ekstraktu, niacinamidu ir keramidu dr\u0117kina, skaistina ir gerina odos elastingum\u0105.<\/p>\n","protected":false},"featured_media":76045,"template":"","meta":[],"product_brand":[1677],"product_cat":[187,728],"product_tag":[],"class_list":{"0":"post-76042","1":"product","2":"type-product","3":"status-publish","4":"has-post-thumbnail","6":"product_brand-anua","7":"product_cat-veido-kremai","8":"product_cat-veidui","10":"first","11":"outofstock","12":"taxable","13":"shipping-taxable","14":"purchasable","15":"product-type-simple"},"yoast_head":"<!-- This site is optimized with the Yoast SEO plugin v27.4 - https:\/\/yoast.com\/product\/yoast-seo-wordpress\/ -->\n<title>Anua veido kremas Peach 77 Niacin Enriched Cream - MalinaShop.lt J\u016bs\u0173 sveikatai ir gro\u017eiui.<\/title>\n<meta name=\"description\" content=\"Veido kremas su niacinamidu ir persik\u0173 ekstraktu dr\u0117kina, skaistina, stiprina od\u0105 ir gerina elastingum\u0105, suteikia \u0161velnumo, 50 ml.\" \/>\n<meta name=\"robots\" content=\"index, follow, max-snippet:-1, max-image-preview:large, max-video-preview:-1\" \/>\n<link rel=\"canonical\" href=\"https:\/\/www.malinashop.lt\/en\/shop\/anua-veido-kremas-peach-77-niacin-enriched-cream\/\" \/>\n<meta property=\"og:locale\" content=\"en_GB\" \/>\n<meta property=\"og:type\" content=\"article\" \/>\n<meta property=\"og:title\" content=\"Anua veido kremas Peach 77 Niacin Enriched Cream - MalinaShop.lt J\u016bs\u0173 sveikatai ir gro\u017eiui.\" \/>\n<meta property=\"og:description\" content=\"Veido kremas su niacinamidu ir persik\u0173 ekstraktu dr\u0117kina, skaistina, stiprina od\u0105 ir gerina elastingum\u0105, suteikia \u0161velnumo, 50 ml.\" \/>\n<meta property=\"og:url\" content=\"https:\/\/www.malinashop.lt\/en\/shop\/anua-veido-kremas-peach-77-niacin-enriched-cream\/\" \/>\n<meta property=\"og:site_name\" content=\"MalinaShop.lt J\u016bs\u0173 sveikatai ir gro\u017eiui.\" \/>\n<meta property=\"article:modified_time\" content=\"2026-04-07T19:17:58+00:00\" \/>\n<meta property=\"og:image\" content=\"https:\/\/www.malinashop.lt\/wp-content\/uploads\/2026\/04\/Anua-veido-kremas-Peach-77-Niacin-Enriched-Cream.webp\" \/>\n\t<meta property=\"og:image:width\" content=\"1100\" \/>\n\t<meta property=\"og:image:height\" content=\"1100\" \/>\n\t<meta property=\"og:image:type\" content=\"image\/webp\" \/>\n<meta name=\"twitter:card\" content=\"summary_large_image\" \/>\n<script type=\"application\/ld+json\" class=\"yoast-schema-graph\">{\"@context\":\"https:\\\/\\\/schema.org\",\"@graph\":[{\"@type\":\"WebPage\",\"@id\":\"https:\\\/\\\/www.malinashop.lt\\\/lt_lt\\\/shop\\\/anua-veido-kremas-peach-77-niacin-enriched-cream\\\/\",\"url\":\"https:\\\/\\\/www.malinashop.lt\\\/lt_lt\\\/shop\\\/anua-veido-kremas-peach-77-niacin-enriched-cream\\\/\",\"name\":\"Anua veido kremas Peach 77 Niacin Enriched Cream - MalinaShop.lt J\u016bs\u0173 sveikatai ir gro\u017eiui.\",\"isPartOf\":{\"@id\":\"https:\\\/\\\/www.malinashop.lt\\\/en\\\/#website\"},\"primaryImageOfPage\":{\"@id\":\"https:\\\/\\\/www.malinashop.lt\\\/lt_lt\\\/shop\\\/anua-veido-kremas-peach-77-niacin-enriched-cream\\\/#primaryimage\"},\"image\":{\"@id\":\"https:\\\/\\\/www.malinashop.lt\\\/lt_lt\\\/shop\\\/anua-veido-kremas-peach-77-niacin-enriched-cream\\\/#primaryimage\"},\"thumbnailUrl\":\"https:\\\/\\\/www.malinashop.lt\\\/wp-content\\\/uploads\\\/2026\\\/04\\\/Anua-veido-kremas-Peach-77-Niacin-Enriched-Cream.webp\",\"datePublished\":\"2026-03-04T17:30:54+00:00\",\"dateModified\":\"2026-04-07T19:17:58+00:00\",\"description\":\"Veido kremas su niacinamidu ir persik\u0173 ekstraktu dr\u0117kina, skaistina, stiprina od\u0105 ir gerina elastingum\u0105, suteikia \u0161velnumo, 50 ml.\",\"breadcrumb\":{\"@id\":\"https:\\\/\\\/www.malinashop.lt\\\/lt_lt\\\/shop\\\/anua-veido-kremas-peach-77-niacin-enriched-cream\\\/#breadcrumb\"},\"inLanguage\":\"en-GB\",\"potentialAction\":[{\"@type\":\"ReadAction\",\"target\":[\"https:\\\/\\\/www.malinashop.lt\\\/lt_lt\\\/shop\\\/anua-veido-kremas-peach-77-niacin-enriched-cream\\\/\"]}]},{\"@type\":\"ImageObject\",\"inLanguage\":\"en-GB\",\"@id\":\"https:\\\/\\\/www.malinashop.lt\\\/lt_lt\\\/shop\\\/anua-veido-kremas-peach-77-niacin-enriched-cream\\\/#primaryimage\",\"url\":\"https:\\\/\\\/www.malinashop.lt\\\/wp-content\\\/uploads\\\/2026\\\/04\\\/Anua-veido-kremas-Peach-77-Niacin-Enriched-Cream.webp\",\"contentUrl\":\"https:\\\/\\\/www.malinashop.lt\\\/wp-content\\\/uploads\\\/2026\\\/04\\\/Anua-veido-kremas-Peach-77-Niacin-Enriched-Cream.webp\",\"width\":1100,\"height\":1100},{\"@type\":\"BreadcrumbList\",\"@id\":\"https:\\\/\\\/www.malinashop.lt\\\/lt_lt\\\/shop\\\/anua-veido-kremas-peach-77-niacin-enriched-cream\\\/#breadcrumb\",\"itemListElement\":[{\"@type\":\"ListItem\",\"position\":1,\"name\":\"Home\",\"item\":\"https:\\\/\\\/www.malinashop.lt\\\/en\\\/\"},{\"@type\":\"ListItem\",\"position\":2,\"name\":\"Parduotuv\u0117\",\"item\":\"https:\\\/\\\/www.malinashop.lt\\\/en\\\/parduotuve\\\/\"},{\"@type\":\"ListItem\",\"position\":3,\"name\":\"Anua veido kremas Peach 77 Niacin Enriched Cream\"}]},{\"@type\":\"WebSite\",\"@id\":\"https:\\\/\\\/www.malinashop.lt\\\/en\\\/#website\",\"url\":\"https:\\\/\\\/www.malinashop.lt\\\/en\\\/\",\"name\":\"COM Group Ecommerce\",\"description\":\"MalinaShop.lt - Gro\u017eio ir sveikatos produktai i\u0161 patikim\u0173 preki\u0173 \u017eenkl\u0173. Atraskite auk\u0161tos kokyb\u0117s kosmetik\u0105 u\u017e puiki\u0105 kain\u0105.\",\"publisher\":{\"@id\":\"https:\\\/\\\/www.malinashop.lt\\\/en\\\/#organization\"},\"potentialAction\":[{\"@type\":\"SearchAction\",\"target\":{\"@type\":\"EntryPoint\",\"urlTemplate\":\"https:\\\/\\\/www.malinashop.lt\\\/en\\\/?s={search_term_string}\"},\"query-input\":{\"@type\":\"PropertyValueSpecification\",\"valueRequired\":true,\"valueName\":\"search_term_string\"}}],\"inLanguage\":\"en-GB\"},{\"@type\":\"Organization\",\"@id\":\"https:\\\/\\\/www.malinashop.lt\\\/en\\\/#organization\",\"name\":\"COM Group Ecommerce\",\"url\":\"https:\\\/\\\/www.malinashop.lt\\\/en\\\/\",\"logo\":{\"@type\":\"ImageObject\",\"inLanguage\":\"en-GB\",\"@id\":\"https:\\\/\\\/www.malinashop.lt\\\/en\\\/#\\\/schema\\\/logo\\\/image\\\/\",\"url\":\"https:\\\/\\\/www.malinashop.lt\\\/wp-content\\\/uploads\\\/2024\\\/08\\\/462559670_3787732518133670_9795632669273463_n-e1731525914575.png\",\"contentUrl\":\"https:\\\/\\\/www.malinashop.lt\\\/wp-content\\\/uploads\\\/2024\\\/08\\\/462559670_3787732518133670_9795632669273463_n-e1731525914575.png\",\"width\":180,\"height\":60,\"caption\":\"COM Group Ecommerce\"},\"image\":{\"@id\":\"https:\\\/\\\/www.malinashop.lt\\\/en\\\/#\\\/schema\\\/logo\\\/image\\\/\"}}]}<\/script>\n<!-- \/ Yoast SEO plugin. -->","yoast_head_json":{"title":"Anua veido kremas Peach 77 Niacin Enriched Cream - MalinaShop.lt J\u016bs\u0173 sveikatai ir gro\u017eiui.","description":"Veido kremas su niacinamidu ir persik\u0173 ekstraktu dr\u0117kina, skaistina, stiprina od\u0105 ir gerina elastingum\u0105, suteikia \u0161velnumo, 50 ml.","robots":{"index":"index","follow":"follow","max-snippet":"max-snippet:-1","max-image-preview":"max-image-preview:large","max-video-preview":"max-video-preview:-1"},"canonical":"https:\/\/www.malinashop.lt\/en\/shop\/anua-veido-kremas-peach-77-niacin-enriched-cream\/","og_locale":"en_GB","og_type":"article","og_title":"Anua veido kremas Peach 77 Niacin Enriched Cream - MalinaShop.lt J\u016bs\u0173 sveikatai ir gro\u017eiui.","og_description":"Veido kremas su niacinamidu ir persik\u0173 ekstraktu dr\u0117kina, skaistina, stiprina od\u0105 ir gerina elastingum\u0105, suteikia \u0161velnumo, 50 ml.","og_url":"https:\/\/www.malinashop.lt\/en\/shop\/anua-veido-kremas-peach-77-niacin-enriched-cream\/","og_site_name":"MalinaShop.lt J\u016bs\u0173 sveikatai ir gro\u017eiui.","article_modified_time":"2026-04-07T19:17:58+00:00","og_image":[{"width":1100,"height":1100,"url":"https:\/\/www.malinashop.lt\/wp-content\/uploads\/2026\/04\/Anua-veido-kremas-Peach-77-Niacin-Enriched-Cream.webp","type":"image\/webp"}],"twitter_card":"summary_large_image","schema":{"@context":"https:\/\/schema.org","@graph":[{"@type":"WebPage","@id":"https:\/\/www.malinashop.lt\/lt_lt\/shop\/anua-veido-kremas-peach-77-niacin-enriched-cream\/","url":"https:\/\/www.malinashop.lt\/lt_lt\/shop\/anua-veido-kremas-peach-77-niacin-enriched-cream\/","name":"Anua veido kremas Peach 77 Niacin Enriched Cream - MalinaShop.lt J\u016bs\u0173 sveikatai ir gro\u017eiui.","isPartOf":{"@id":"https:\/\/www.malinashop.lt\/en\/#website"},"primaryImageOfPage":{"@id":"https:\/\/www.malinashop.lt\/lt_lt\/shop\/anua-veido-kremas-peach-77-niacin-enriched-cream\/#primaryimage"},"image":{"@id":"https:\/\/www.malinashop.lt\/lt_lt\/shop\/anua-veido-kremas-peach-77-niacin-enriched-cream\/#primaryimage"},"thumbnailUrl":"https:\/\/www.malinashop.lt\/wp-content\/uploads\/2026\/04\/Anua-veido-kremas-Peach-77-Niacin-Enriched-Cream.webp","datePublished":"2026-03-04T17:30:54+00:00","dateModified":"2026-04-07T19:17:58+00:00","description":"Veido kremas su niacinamidu ir persik\u0173 ekstraktu dr\u0117kina, skaistina, stiprina od\u0105 ir gerina elastingum\u0105, suteikia \u0161velnumo, 50 ml.","breadcrumb":{"@id":"https:\/\/www.malinashop.lt\/lt_lt\/shop\/anua-veido-kremas-peach-77-niacin-enriched-cream\/#breadcrumb"},"inLanguage":"en-GB","potentialAction":[{"@type":"ReadAction","target":["https:\/\/www.malinashop.lt\/lt_lt\/shop\/anua-veido-kremas-peach-77-niacin-enriched-cream\/"]}]},{"@type":"ImageObject","inLanguage":"en-GB","@id":"https:\/\/www.malinashop.lt\/lt_lt\/shop\/anua-veido-kremas-peach-77-niacin-enriched-cream\/#primaryimage","url":"https:\/\/www.malinashop.lt\/wp-content\/uploads\/2026\/04\/Anua-veido-kremas-Peach-77-Niacin-Enriched-Cream.webp","contentUrl":"https:\/\/www.malinashop.lt\/wp-content\/uploads\/2026\/04\/Anua-veido-kremas-Peach-77-Niacin-Enriched-Cream.webp","width":1100,"height":1100},{"@type":"BreadcrumbList","@id":"https:\/\/www.malinashop.lt\/lt_lt\/shop\/anua-veido-kremas-peach-77-niacin-enriched-cream\/#breadcrumb","itemListElement":[{"@type":"ListItem","position":1,"name":"Home","item":"https:\/\/www.malinashop.lt\/en\/"},{"@type":"ListItem","position":2,"name":"Parduotuv\u0117","item":"https:\/\/www.malinashop.lt\/en\/parduotuve\/"},{"@type":"ListItem","position":3,"name":"Anua veido kremas Peach 77 Niacin Enriched Cream"}]},{"@type":"WebSite","@id":"https:\/\/www.malinashop.lt\/en\/#website","url":"https:\/\/www.malinashop.lt\/en\/","name":"COM Group Ecommerce","description":"MalinaShop.lt - Gro\u017eio ir sveikatos produktai i\u0161 patikim\u0173 preki\u0173 \u017eenkl\u0173. Atraskite auk\u0161tos kokyb\u0117s kosmetik\u0105 u\u017e puiki\u0105 kain\u0105.","publisher":{"@id":"https:\/\/www.malinashop.lt\/en\/#organization"},"potentialAction":[{"@type":"SearchAction","target":{"@type":"EntryPoint","urlTemplate":"https:\/\/www.malinashop.lt\/en\/?s={search_term_string}"},"query-input":{"@type":"PropertyValueSpecification","valueRequired":true,"valueName":"search_term_string"}}],"inLanguage":"en-GB"},{"@type":"Organization","@id":"https:\/\/www.malinashop.lt\/en\/#organization","name":"COM Group Ecommerce","url":"https:\/\/www.malinashop.lt\/en\/","logo":{"@type":"ImageObject","inLanguage":"en-GB","@id":"https:\/\/www.malinashop.lt\/en\/#\/schema\/logo\/image\/","url":"https:\/\/www.malinashop.lt\/wp-content\/uploads\/2024\/08\/462559670_3787732518133670_9795632669273463_n-e1731525914575.png","contentUrl":"https:\/\/www.malinashop.lt\/wp-content\/uploads\/2024\/08\/462559670_3787732518133670_9795632669273463_n-e1731525914575.png","width":180,"height":60,"caption":"COM Group Ecommerce"},"image":{"@id":"https:\/\/www.malinashop.lt\/en\/#\/schema\/logo\/image\/"}}]}},"jetpack_sharing_enabled":true,"_links":{"self":[{"href":"https:\/\/www.malinashop.lt\/en\/wp-json\/wp\/v2\/product\/76042","targetHints":{"allow":["GET"]}}],"collection":[{"href":"https:\/\/www.malinashop.lt\/en\/wp-json\/wp\/v2\/product"}],"about":[{"href":"https:\/\/www.malinashop.lt\/en\/wp-json\/wp\/v2\/types\/product"}],"version-history":[{"count":1,"href":"https:\/\/www.malinashop.lt\/en\/wp-json\/wp\/v2\/product\/76042\/revisions"}],"predecessor-version":[{"id":76046,"href":"https:\/\/www.malinashop.lt\/en\/wp-json\/wp\/v2\/product\/76042\/revisions\/76046"}],"wp:featuredmedia":[{"embeddable":true,"href":"https:\/\/www.malinashop.lt\/en\/wp-json\/wp\/v2\/media\/76045"}],"wp:attachment":[{"href":"https:\/\/www.malinashop.lt\/en\/wp-json\/wp\/v2\/media?parent=76042"}],"wp:term":[{"taxonomy":"product_brand","embeddable":true,"href":"https:\/\/www.malinashop.lt\/en\/wp-json\/wp\/v2\/product_brand?post=76042"},{"taxonomy":"product_cat","embeddable":true,"href":"https:\/\/www.malinashop.lt\/en\/wp-json\/wp\/v2\/product_cat?post=76042"},{"taxonomy":"product_tag","embeddable":true,"href":"https:\/\/www.malinashop.lt\/en\/wp-json\/wp\/v2\/product_tag?post=76042"}],"curies":[{"name":"wp","href":"https:\/\/api.w.org\/{rel}","templated":true}]}}