{"id":76032,"date":"2026-03-04T20:26:08","date_gmt":"2026-03-04T17:26:08","guid":{"rendered":"https:\/\/malinashop.lt\/?post_type=product&#038;p=76032"},"modified":"2026-04-07T22:17:58","modified_gmt":"2026-04-07T19:17:58","slug":"anua-veido-serumas-niacinamide-10-txa-4-serum","status":"publish","type":"product","link":"https:\/\/www.malinashop.lt\/en\/shop\/anua-veido-serumas-niacinamide-10-txa-4-serum\/","title":{"rendered":"Anua veido serumas Niacinamide 10% + TXA 4% Serum"},"content":{"rendered":"<p data-start=\"370\" data-end=\"629\">ANUA Niacinamide 10% + TXA 4% Serum \u2013 tai efektyvus veido serumas, sukurtas kovai su hiperpigmentacija ir netolygiu odos tonu. Didel\u0117s koncentracijos veikliosios med\u017eiagos padeda suma\u017einti tamsias d\u0117mes, spuog\u0173 paliktus randelius bei odos spalvos netolygumus.<\/p>\n<p data-start=\"631\" data-end=\"932\">Niacinamidas (10 %) padeda reguliuoti riebal\u0173 i\u0161siskyrim\u0105, \u0161viesina od\u0105 ir stiprina jos apsaugin\u012f barjer\u0105, o traneksamo r\u016bg\u0161tis (4 %) efektyviai ma\u017eina pigmentines d\u0117mes ir padeda i\u0161lyginti odos atspalv\u012f. Sud\u0117tyje esantis arbutinas dar labiau sustiprina \u0161viesinant\u012f poveik\u012f, ribodamas melanino gamyb\u0105.<\/p>\n<p data-start=\"934\" data-end=\"1162\">Papildomai formul\u0117 praturtinta hialurono r\u016bg\u0161ties kompleksu, kuris intensyviai dr\u0117kina, bei augaliniais ekstraktais, padedan\u010diais raminti ir atkurti od\u0105. Reguliariai naudojant oda tampa skaistesn\u0117, lygesn\u0117 ir vizualiai \u0161varesn\u0117.<\/p>\n<p data-start=\"1164\" data-end=\"1241\">Tinka vis\u0173 tip\u0173 odai, ypa\u010d turin\u010diai pigmentacijos problem\u0173 ar netolyg\u0173 ton\u0105.<\/p>\n<hr data-start=\"1243\" data-end=\"1246\" \/>\n<h4 data-section-id=\"1stuw1d\" data-start=\"1248\" data-end=\"1269\"><span role=\"text\"><strong data-start=\"1252\" data-end=\"1267\">Naudojimas:<\/strong><\/span><\/h4>\n<p data-start=\"1270\" data-end=\"1450\">Kelis la\u0161us serumo paskirstykite ant \u0161varios, tonizuotos veido odos, vengiant aki\u0173 ir l\u016bp\u0173 srities. Naudokite ryte ir (arba) vakare. Dienos metu rekomenduojama naudoti SPF apsaug\u0105.<\/p>\n<hr data-start=\"1452\" data-end=\"1455\" \/>\n<h5 data-section-id=\"kd1lm3\" data-start=\"1457\" data-end=\"1482\"><span role=\"text\"><strong data-start=\"1461\" data-end=\"1480\">Sud\u0117tis (INCI):<\/strong><\/span><\/h5>\n<p data-start=\"1483\" data-end=\"2670\">Aqua (Water), Glycerin, Niacinamide, Tranexamic Acid, Butylene Glycol, Diethoxyethyl Succinate, 1,2-Hexanediol, Arbutin, Pentylene Glycol, Sodium Hyaluronate, Xanthan Gum, Betaine Salicylate, Alpha-Arbutin, Sucrose Palmitate, Coccinia Indica Fruit Extract, Eclipta Prostrata Extract, Hydrogenated Lecithin, Gellan Gum, Macadamia Integrifolia Seed Oil, Olea Europaea (Olive) Fruit Oil, Simmondsia Chinensis (Jojoba) Seed Oil, Vitis Vinifera (Grape) Seed Oil, Sodium Phytate, Cellulose, Caprylic\/Capric Triglyceride, Panthenol, Cyanocobalamin, Polyglutamic Acid, 3-O-Ethyl Ascorbic Acid, Ceramide NP, Dextrin, Theobroma Cacao (Cocoa) Extract, Hydrolyzed Hyaluronic Acid, Chamaecyparis Obtusa Leaf Extract, Prunus Persica (Peach) Flower Extract, Camellia Sinensis Seed Oil, Asiaticoside, Madecassic Acid, Asiatic Acid, Yeast Ferment Extract, Centella Asiatica Extract, Artemisia Princeps Leaf Extract, Candida Bombicola\/Glucose\/Methyl Rapeseedate Ferment, Dimethylsilanol Hyaluronate, Hydrolyzed Sodium Hyaluronate, Hyaluronic Acid, Potassium Hyaluronate, Hydroxypropyltrimonium Hyaluronate, Sodium Hyaluronate Crosspolymer, Sodium Hyaluronate Dimethylsilanol, Sodium Acetylated Hyaluronate<\/p>\n","protected":false},"excerpt":{"rendered":"<p>Serumas su 10% niacinamidu ir 4% traneksamo r\u016bg\u0161timi ma\u017eina pigmentacij\u0105, lygina odos ton\u0105 ir suteikia skaistumo.<\/p>\n","protected":false},"featured_media":76034,"template":"","meta":[],"product_brand":[1677],"product_cat":[550,728],"product_tag":[],"class_list":{"0":"post-76032","1":"product","2":"type-product","3":"status-publish","4":"has-post-thumbnail","6":"product_brand-anua","7":"product_cat-veido-serumai","8":"product_cat-veidui","10":"first","11":"outofstock","12":"taxable","13":"shipping-taxable","14":"purchasable","15":"product-type-simple"},"yoast_head":"<!-- This site is optimized with the Yoast SEO plugin v27.4 - https:\/\/yoast.com\/product\/yoast-seo-wordpress\/ -->\n<title>Anua veido serumas Niacinamide 10% + TXA 4% Serum - MalinaShop.lt J\u016bs\u0173 sveikatai ir gro\u017eiui.<\/title>\n<meta name=\"description\" content=\"Serumas su niacinamidu ir traneksamo r\u016bg\u0161timi ma\u017eina pigmentacij\u0105, lygina odos ton\u0105 ir suteikia skaistumo, 30 ml.\" \/>\n<meta name=\"robots\" content=\"index, follow, max-snippet:-1, max-image-preview:large, max-video-preview:-1\" \/>\n<link rel=\"canonical\" href=\"https:\/\/www.malinashop.lt\/en\/shop\/anua-veido-serumas-niacinamide-10-txa-4-serum\/\" \/>\n<meta property=\"og:locale\" content=\"en_GB\" \/>\n<meta property=\"og:type\" content=\"article\" \/>\n<meta property=\"og:title\" content=\"Anua veido serumas Niacinamide 10% + TXA 4% Serum - MalinaShop.lt J\u016bs\u0173 sveikatai ir gro\u017eiui.\" \/>\n<meta property=\"og:description\" content=\"Serumas su niacinamidu ir traneksamo r\u016bg\u0161timi ma\u017eina pigmentacij\u0105, lygina odos ton\u0105 ir suteikia skaistumo, 30 ml.\" \/>\n<meta property=\"og:url\" content=\"https:\/\/www.malinashop.lt\/en\/shop\/anua-veido-serumas-niacinamide-10-txa-4-serum\/\" \/>\n<meta property=\"og:site_name\" content=\"MalinaShop.lt J\u016bs\u0173 sveikatai ir gro\u017eiui.\" \/>\n<meta property=\"article:modified_time\" content=\"2026-04-07T19:17:58+00:00\" \/>\n<meta property=\"og:image\" content=\"https:\/\/www.malinashop.lt\/wp-content\/uploads\/2026\/04\/Anua-veido-serumas-Niacinamide-10-TXA-4-Serum.webp\" \/>\n\t<meta property=\"og:image:width\" content=\"1100\" \/>\n\t<meta property=\"og:image:height\" content=\"1100\" \/>\n\t<meta property=\"og:image:type\" content=\"image\/webp\" \/>\n<meta name=\"twitter:card\" content=\"summary_large_image\" \/>\n<script type=\"application\/ld+json\" class=\"yoast-schema-graph\">{\"@context\":\"https:\\\/\\\/schema.org\",\"@graph\":[{\"@type\":\"WebPage\",\"@id\":\"https:\\\/\\\/www.malinashop.lt\\\/en\\\/shop\\\/anua-veido-serumas-niacinamide-10-txa-4-serum\\\/\",\"url\":\"https:\\\/\\\/www.malinashop.lt\\\/en\\\/shop\\\/anua-veido-serumas-niacinamide-10-txa-4-serum\\\/\",\"name\":\"Anua veido serumas Niacinamide 10% + TXA 4% Serum - MalinaShop.lt J\u016bs\u0173 sveikatai ir gro\u017eiui.\",\"isPartOf\":{\"@id\":\"https:\\\/\\\/www.malinashop.lt\\\/#website\"},\"primaryImageOfPage\":{\"@id\":\"https:\\\/\\\/www.malinashop.lt\\\/en\\\/shop\\\/anua-veido-serumas-niacinamide-10-txa-4-serum\\\/#primaryimage\"},\"image\":{\"@id\":\"https:\\\/\\\/www.malinashop.lt\\\/en\\\/shop\\\/anua-veido-serumas-niacinamide-10-txa-4-serum\\\/#primaryimage\"},\"thumbnailUrl\":\"https:\\\/\\\/www.malinashop.lt\\\/wp-content\\\/uploads\\\/2026\\\/04\\\/Anua-veido-serumas-Niacinamide-10-TXA-4-Serum.webp\",\"datePublished\":\"2026-03-04T17:26:08+00:00\",\"dateModified\":\"2026-04-07T19:17:58+00:00\",\"description\":\"Serumas su niacinamidu ir traneksamo r\u016bg\u0161timi ma\u017eina pigmentacij\u0105, lygina odos ton\u0105 ir suteikia skaistumo, 30 ml.\",\"breadcrumb\":{\"@id\":\"https:\\\/\\\/www.malinashop.lt\\\/en\\\/shop\\\/anua-veido-serumas-niacinamide-10-txa-4-serum\\\/#breadcrumb\"},\"inLanguage\":\"en-GB\",\"potentialAction\":[{\"@type\":\"ReadAction\",\"target\":[\"https:\\\/\\\/www.malinashop.lt\\\/en\\\/shop\\\/anua-veido-serumas-niacinamide-10-txa-4-serum\\\/\"]}]},{\"@type\":\"ImageObject\",\"inLanguage\":\"en-GB\",\"@id\":\"https:\\\/\\\/www.malinashop.lt\\\/en\\\/shop\\\/anua-veido-serumas-niacinamide-10-txa-4-serum\\\/#primaryimage\",\"url\":\"https:\\\/\\\/www.malinashop.lt\\\/wp-content\\\/uploads\\\/2026\\\/04\\\/Anua-veido-serumas-Niacinamide-10-TXA-4-Serum.webp\",\"contentUrl\":\"https:\\\/\\\/www.malinashop.lt\\\/wp-content\\\/uploads\\\/2026\\\/04\\\/Anua-veido-serumas-Niacinamide-10-TXA-4-Serum.webp\",\"width\":1100,\"height\":1100},{\"@type\":\"BreadcrumbList\",\"@id\":\"https:\\\/\\\/www.malinashop.lt\\\/en\\\/shop\\\/anua-veido-serumas-niacinamide-10-txa-4-serum\\\/#breadcrumb\",\"itemListElement\":[{\"@type\":\"ListItem\",\"position\":1,\"name\":\"Pagrindinis\",\"item\":\"https:\\\/\\\/www.malinashop.lt\\\/\"},{\"@type\":\"ListItem\",\"position\":2,\"name\":\"Parduotuv\u0117\",\"item\":\"https:\\\/\\\/www.malinashop.lt\\\/en\\\/parduotuve\\\/\"},{\"@type\":\"ListItem\",\"position\":3,\"name\":\"Anua veido serumas Niacinamide 10% + TXA 4% Serum\"}]},{\"@type\":\"WebSite\",\"@id\":\"https:\\\/\\\/www.malinashop.lt\\\/#website\",\"url\":\"https:\\\/\\\/www.malinashop.lt\\\/\",\"name\":\"COM Group Ecommerce\",\"description\":\"MalinaShop.lt - Gro\u017eio ir sveikatos produktai i\u0161 patikim\u0173 preki\u0173 \u017eenkl\u0173. Atraskite auk\u0161tos kokyb\u0117s kosmetik\u0105 u\u017e puiki\u0105 kain\u0105.\",\"publisher\":{\"@id\":\"https:\\\/\\\/www.malinashop.lt\\\/#organization\"},\"potentialAction\":[{\"@type\":\"SearchAction\",\"target\":{\"@type\":\"EntryPoint\",\"urlTemplate\":\"https:\\\/\\\/www.malinashop.lt\\\/?s={search_term_string}\"},\"query-input\":{\"@type\":\"PropertyValueSpecification\",\"valueRequired\":true,\"valueName\":\"search_term_string\"}}],\"inLanguage\":\"en-GB\"},{\"@type\":\"Organization\",\"@id\":\"https:\\\/\\\/www.malinashop.lt\\\/#organization\",\"name\":\"COM Group Ecommerce\",\"url\":\"https:\\\/\\\/www.malinashop.lt\\\/\",\"logo\":{\"@type\":\"ImageObject\",\"inLanguage\":\"en-GB\",\"@id\":\"https:\\\/\\\/www.malinashop.lt\\\/#\\\/schema\\\/logo\\\/image\\\/\",\"url\":\"https:\\\/\\\/www.malinashop.lt\\\/wp-content\\\/uploads\\\/2024\\\/08\\\/462559670_3787732518133670_9795632669273463_n-e1731525914575.png\",\"contentUrl\":\"https:\\\/\\\/www.malinashop.lt\\\/wp-content\\\/uploads\\\/2024\\\/08\\\/462559670_3787732518133670_9795632669273463_n-e1731525914575.png\",\"width\":180,\"height\":60,\"caption\":\"COM Group Ecommerce\"},\"image\":{\"@id\":\"https:\\\/\\\/www.malinashop.lt\\\/#\\\/schema\\\/logo\\\/image\\\/\"}}]}<\/script>\n<!-- \/ Yoast SEO plugin. -->","yoast_head_json":{"title":"Anua veido serumas Niacinamide 10% + TXA 4% Serum - MalinaShop.lt J\u016bs\u0173 sveikatai ir gro\u017eiui.","description":"Serumas su niacinamidu ir traneksamo r\u016bg\u0161timi ma\u017eina pigmentacij\u0105, lygina odos ton\u0105 ir suteikia skaistumo, 30 ml.","robots":{"index":"index","follow":"follow","max-snippet":"max-snippet:-1","max-image-preview":"max-image-preview:large","max-video-preview":"max-video-preview:-1"},"canonical":"https:\/\/www.malinashop.lt\/en\/shop\/anua-veido-serumas-niacinamide-10-txa-4-serum\/","og_locale":"en_GB","og_type":"article","og_title":"Anua veido serumas Niacinamide 10% + TXA 4% Serum - MalinaShop.lt J\u016bs\u0173 sveikatai ir gro\u017eiui.","og_description":"Serumas su niacinamidu ir traneksamo r\u016bg\u0161timi ma\u017eina pigmentacij\u0105, lygina odos ton\u0105 ir suteikia skaistumo, 30 ml.","og_url":"https:\/\/www.malinashop.lt\/en\/shop\/anua-veido-serumas-niacinamide-10-txa-4-serum\/","og_site_name":"MalinaShop.lt J\u016bs\u0173 sveikatai ir gro\u017eiui.","article_modified_time":"2026-04-07T19:17:58+00:00","og_image":[{"width":1100,"height":1100,"url":"https:\/\/www.malinashop.lt\/wp-content\/uploads\/2026\/04\/Anua-veido-serumas-Niacinamide-10-TXA-4-Serum.webp","type":"image\/webp"}],"twitter_card":"summary_large_image","schema":{"@context":"https:\/\/schema.org","@graph":[{"@type":"WebPage","@id":"https:\/\/www.malinashop.lt\/en\/shop\/anua-veido-serumas-niacinamide-10-txa-4-serum\/","url":"https:\/\/www.malinashop.lt\/en\/shop\/anua-veido-serumas-niacinamide-10-txa-4-serum\/","name":"Anua veido serumas Niacinamide 10% + TXA 4% Serum - MalinaShop.lt J\u016bs\u0173 sveikatai ir gro\u017eiui.","isPartOf":{"@id":"https:\/\/www.malinashop.lt\/#website"},"primaryImageOfPage":{"@id":"https:\/\/www.malinashop.lt\/en\/shop\/anua-veido-serumas-niacinamide-10-txa-4-serum\/#primaryimage"},"image":{"@id":"https:\/\/www.malinashop.lt\/en\/shop\/anua-veido-serumas-niacinamide-10-txa-4-serum\/#primaryimage"},"thumbnailUrl":"https:\/\/www.malinashop.lt\/wp-content\/uploads\/2026\/04\/Anua-veido-serumas-Niacinamide-10-TXA-4-Serum.webp","datePublished":"2026-03-04T17:26:08+00:00","dateModified":"2026-04-07T19:17:58+00:00","description":"Serumas su niacinamidu ir traneksamo r\u016bg\u0161timi ma\u017eina pigmentacij\u0105, lygina odos ton\u0105 ir suteikia skaistumo, 30 ml.","breadcrumb":{"@id":"https:\/\/www.malinashop.lt\/en\/shop\/anua-veido-serumas-niacinamide-10-txa-4-serum\/#breadcrumb"},"inLanguage":"en-GB","potentialAction":[{"@type":"ReadAction","target":["https:\/\/www.malinashop.lt\/en\/shop\/anua-veido-serumas-niacinamide-10-txa-4-serum\/"]}]},{"@type":"ImageObject","inLanguage":"en-GB","@id":"https:\/\/www.malinashop.lt\/en\/shop\/anua-veido-serumas-niacinamide-10-txa-4-serum\/#primaryimage","url":"https:\/\/www.malinashop.lt\/wp-content\/uploads\/2026\/04\/Anua-veido-serumas-Niacinamide-10-TXA-4-Serum.webp","contentUrl":"https:\/\/www.malinashop.lt\/wp-content\/uploads\/2026\/04\/Anua-veido-serumas-Niacinamide-10-TXA-4-Serum.webp","width":1100,"height":1100},{"@type":"BreadcrumbList","@id":"https:\/\/www.malinashop.lt\/en\/shop\/anua-veido-serumas-niacinamide-10-txa-4-serum\/#breadcrumb","itemListElement":[{"@type":"ListItem","position":1,"name":"Pagrindinis","item":"https:\/\/www.malinashop.lt\/"},{"@type":"ListItem","position":2,"name":"Parduotuv\u0117","item":"https:\/\/www.malinashop.lt\/en\/parduotuve\/"},{"@type":"ListItem","position":3,"name":"Anua veido serumas Niacinamide 10% + TXA 4% Serum"}]},{"@type":"WebSite","@id":"https:\/\/www.malinashop.lt\/#website","url":"https:\/\/www.malinashop.lt\/","name":"COM Group Ecommerce","description":"MalinaShop.lt - Gro\u017eio ir sveikatos produktai i\u0161 patikim\u0173 preki\u0173 \u017eenkl\u0173. Atraskite auk\u0161tos kokyb\u0117s kosmetik\u0105 u\u017e puiki\u0105 kain\u0105.","publisher":{"@id":"https:\/\/www.malinashop.lt\/#organization"},"potentialAction":[{"@type":"SearchAction","target":{"@type":"EntryPoint","urlTemplate":"https:\/\/www.malinashop.lt\/?s={search_term_string}"},"query-input":{"@type":"PropertyValueSpecification","valueRequired":true,"valueName":"search_term_string"}}],"inLanguage":"en-GB"},{"@type":"Organization","@id":"https:\/\/www.malinashop.lt\/#organization","name":"COM Group Ecommerce","url":"https:\/\/www.malinashop.lt\/","logo":{"@type":"ImageObject","inLanguage":"en-GB","@id":"https:\/\/www.malinashop.lt\/#\/schema\/logo\/image\/","url":"https:\/\/www.malinashop.lt\/wp-content\/uploads\/2024\/08\/462559670_3787732518133670_9795632669273463_n-e1731525914575.png","contentUrl":"https:\/\/www.malinashop.lt\/wp-content\/uploads\/2024\/08\/462559670_3787732518133670_9795632669273463_n-e1731525914575.png","width":180,"height":60,"caption":"COM Group Ecommerce"},"image":{"@id":"https:\/\/www.malinashop.lt\/#\/schema\/logo\/image\/"}}]}},"jetpack_sharing_enabled":true,"_links":{"self":[{"href":"https:\/\/www.malinashop.lt\/en\/wp-json\/wp\/v2\/product\/76032","targetHints":{"allow":["GET"]}}],"collection":[{"href":"https:\/\/www.malinashop.lt\/en\/wp-json\/wp\/v2\/product"}],"about":[{"href":"https:\/\/www.malinashop.lt\/en\/wp-json\/wp\/v2\/types\/product"}],"version-history":[{"count":1,"href":"https:\/\/www.malinashop.lt\/en\/wp-json\/wp\/v2\/product\/76032\/revisions"}],"predecessor-version":[{"id":76035,"href":"https:\/\/www.malinashop.lt\/en\/wp-json\/wp\/v2\/product\/76032\/revisions\/76035"}],"wp:featuredmedia":[{"embeddable":true,"href":"https:\/\/www.malinashop.lt\/en\/wp-json\/wp\/v2\/media\/76034"}],"wp:attachment":[{"href":"https:\/\/www.malinashop.lt\/en\/wp-json\/wp\/v2\/media?parent=76032"}],"wp:term":[{"taxonomy":"product_brand","embeddable":true,"href":"https:\/\/www.malinashop.lt\/en\/wp-json\/wp\/v2\/product_brand?post=76032"},{"taxonomy":"product_cat","embeddable":true,"href":"https:\/\/www.malinashop.lt\/en\/wp-json\/wp\/v2\/product_cat?post=76032"},{"taxonomy":"product_tag","embeddable":true,"href":"https:\/\/www.malinashop.lt\/en\/wp-json\/wp\/v2\/product_tag?post=76032"}],"curies":[{"name":"wp","href":"https:\/\/api.w.org\/{rel}","templated":true}]}}