{"id":74780,"date":"2026-01-20T00:01:08","date_gmt":"2026-01-19T21:01:08","guid":{"rendered":"https:\/\/malinashop.lt\/?post_type=product&#038;p=74780"},"modified":"2026-04-07T22:18:30","modified_gmt":"2026-04-07T19:18:30","slug":"tirtir-hydro-boost-enzyme-powder-wash-enziminis-pudros-prausiklis-veidui-su-pha-75-g","status":"publish","type":"product","link":"https:\/\/www.malinashop.lt\/en\/shop\/tirtir-hydro-boost-enzyme-powder-wash-enziminis-pudros-prausiklis-veidui-su-pha-75-g\/","title":{"rendered":"TIRTIR Hydro Boost Enzyme Powder Wash enziminis pudros prausiklis veidui su PHA, 75 g"},"content":{"rendered":"<p data-start=\"338\" data-end=\"661\">TIRTIR Hydro Boost Enzyme Powder Wash \u2013 enziminis veido prausiklis pudros formatu, skirtas \u0161velniam, bet efektyviam odos valymui. Priemon\u0117, susijungusi su vandeniu, suputoja \u012f \u0161velnias putas, kurios padeda pa\u0161alinti ne\u0161varumus, riebal\u0173 pertekli\u0173 ir porose susikaupusius liku\u010dius, kartu palaikant komforti\u0161k\u0105 dr\u0117gm\u0117s poj\u016bt\u012f.<\/p>\n<p data-start=\"663\" data-end=\"1067\">Sud\u0117tyje esantys fermentai (papainas, bromelainas, proteaz\u0117) ir PHA r\u016bg\u0161tis (gluconolactone) prisideda prie \u0161velnaus odos \u0161veitimo \u2013 padeda pa\u0161alinti negyvas odos l\u0105steles, glotninti tekst\u016br\u0105 ir suteikti skaistesn\u0117s odos \u012fsp\u016bd\u012f. Mung pupeli\u0173 milteliai ir ry\u017ei\u0173 ekstraktas papildo formul\u0119, o probiotik\u0173\/ferment\u0173 kompleksas (Lactobacillus, Bifida, Saccharomyces, Lactococcus) padeda palaikyti odos balans\u0105.<\/p>\n<p data-start=\"1069\" data-end=\"1199\">D\u0117l \u0161velnaus veikimo \u0161is prausiklis tinka \u012fvairiems odos tipams, o sausesnei odai rekomenduojama naudoti kelis kartus per savait\u0119.<\/p>\n<p data-start=\"1201\" data-end=\"1229\"><strong data-start=\"1201\" data-end=\"1229\">Pagrindiniai privalumai:<\/strong><\/p>\n<ul data-start=\"1230\" data-end=\"1492\">\n<li data-start=\"1230\" data-end=\"1274\">\n<p data-start=\"1232\" data-end=\"1274\">Enziminis \u0161veitimas be \u0161iurk\u0161\u010di\u0173 daleli\u0173<\/p>\n<\/li>\n<li data-start=\"1275\" data-end=\"1335\">\n<p data-start=\"1277\" data-end=\"1335\">PHA padeda glotninti odos tekst\u016br\u0105 ir \u0161velniai atnaujina<\/p>\n<\/li>\n<li data-start=\"1336\" data-end=\"1383\">\n<p data-start=\"1338\" data-end=\"1383\">Padeda valyti poras ir pa\u0161alinti ne\u0161varumus<\/p>\n<\/li>\n<li data-start=\"1384\" data-end=\"1436\">\n<p data-start=\"1386\" data-end=\"1436\">Susiliet\u0119s su vandeniu virsta \u0161velniomis putomis<\/p>\n<\/li>\n<li data-start=\"1437\" data-end=\"1492\">\n<p data-start=\"1439\" data-end=\"1492\">Neatima komforto poj\u016b\u010dio ir padeda i\u0161laikyti dr\u0117gm\u0119<\/p>\n<\/li>\n<\/ul>\n<p data-start=\"1494\" data-end=\"1744\"><strong data-start=\"1494\" data-end=\"1509\">Naudojimas:<\/strong><br \/>\n\u012e dr\u0117gnas rankas \u012fberkite \u017eirnio dyd\u017eio kiek\u012f pudros. Patrinkite, kol susidarys putos, ~1 min. masa\u017euokite veid\u0105, vengdami aki\u0173 srities, tuomet kruop\u0161\u010diai nuplaukite \u0161iltu vandeniu. Sausesnei odai \u2013 naudokite kelis kartus per savait\u0119.<\/p>\n<p data-start=\"1746\" data-end=\"1761\"><strong data-start=\"1746\" data-end=\"1756\">Talpa:<\/strong> 75 g<\/p>\n<hr data-start=\"1763\" data-end=\"1766\" \/>\n<h3 data-start=\"1768\" data-end=\"1787\">Sud\u0117tis (INCI):<\/h3>\n<p data-start=\"1788\" data-end=\"2176\">Zea Mays (Corn) Starch, Potassium Myristate, Sodium Cocoyl Glycinate, Mannitol, Papain, Allantoin, Dipotassium Glycyrrhizate, Bromelain, Phaseolus Radiatus Seed Powder, Gluconolactone, Aqua\/Water, Lactobacillus Ferment Lysate, Saccharomyces Ferment Filtrate, Lactococcus Ferment Lysate, Bifida Ferment Filtrate, Bifida Ferment Lysate, 1,2-Hexanediol, Oryza Sativa (Rice) Extract, Protease<\/p>\n","protected":false},"excerpt":{"rendered":"<p data-start=\"125\" data-end=\"288\">Pudros pavidalo enziminis prausiklis su ry\u017ei\u0173 ekstraktu, fermentais ir PHA. Susiliet\u0119s su vandeniu virsta \u0161velniomis putomis, valo poras ir \u0161velniai \u0161vei\u010dia neperd\u017eiovinant odos.<\/p>\n","protected":false},"featured_media":74782,"template":"","meta":[],"product_brand":[1647],"product_cat":[537,728],"product_tag":[],"class_list":{"0":"post-74780","1":"product","2":"type-product","3":"status-publish","4":"has-post-thumbnail","6":"product_brand-tirtir","7":"product_cat-veido-valymo-priemones","8":"product_cat-veidui","10":"first","11":"outofstock","12":"taxable","13":"shipping-taxable","14":"purchasable","15":"product-type-simple"},"yoast_head":"<!-- This site is optimized with the Yoast SEO plugin v27.4 - https:\/\/yoast.com\/product\/yoast-seo-wordpress\/ -->\n<title>TIRTIR Hydro Boost Enzyme Powder Wash enziminis pudros prausiklis veidui su PHA, 75 g - MalinaShop.lt J\u016bs\u0173 sveikatai ir gro\u017eiui.<\/title>\n<meta name=\"description\" content=\"TIRTIR Hydro Boost Enzyme Powder Wash \u2013 enziminis pudros prausiklis su PHA, \u0161velniai \u0161vei\u010dia, valo poras ir neperd\u017eiovina odos, 75 g.\" \/>\n<meta name=\"robots\" content=\"index, follow, max-snippet:-1, max-image-preview:large, max-video-preview:-1\" \/>\n<link rel=\"canonical\" href=\"https:\/\/www.malinashop.lt\/en\/shop\/tirtir-hydro-boost-enzyme-powder-wash-enziminis-pudros-prausiklis-veidui-su-pha-75-g\/\" \/>\n<meta property=\"og:locale\" content=\"en_GB\" \/>\n<meta property=\"og:type\" content=\"article\" \/>\n<meta property=\"og:title\" content=\"TIRTIR Hydro Boost Enzyme Powder Wash enziminis pudros prausiklis veidui su PHA, 75 g - MalinaShop.lt J\u016bs\u0173 sveikatai ir gro\u017eiui.\" \/>\n<meta property=\"og:description\" content=\"TIRTIR Hydro Boost Enzyme Powder Wash \u2013 enziminis pudros prausiklis su PHA, \u0161velniai \u0161vei\u010dia, valo poras ir neperd\u017eiovina odos, 75 g.\" \/>\n<meta property=\"og:url\" content=\"https:\/\/www.malinashop.lt\/en\/shop\/tirtir-hydro-boost-enzyme-powder-wash-enziminis-pudros-prausiklis-veidui-su-pha-75-g\/\" \/>\n<meta property=\"og:site_name\" content=\"MalinaShop.lt J\u016bs\u0173 sveikatai ir gro\u017eiui.\" \/>\n<meta property=\"article:modified_time\" content=\"2026-04-07T19:18:30+00:00\" \/>\n<meta property=\"og:image\" content=\"https:\/\/www.malinashop.lt\/wp-content\/uploads\/2026\/02\/TIRTIR-Hydro-Boost-Enzyme-Powder-Wash-enziminis-pudros-prausiklis-veidui-su-PHA-75-g.webp\" \/>\n\t<meta property=\"og:image:width\" content=\"1100\" \/>\n\t<meta property=\"og:image:height\" content=\"1100\" \/>\n\t<meta property=\"og:image:type\" content=\"image\/webp\" \/>\n<meta name=\"twitter:card\" content=\"summary_large_image\" \/>\n<script type=\"application\/ld+json\" class=\"yoast-schema-graph\">{\"@context\":\"https:\\\/\\\/schema.org\",\"@graph\":[{\"@type\":\"WebPage\",\"@id\":\"https:\\\/\\\/www.malinashop.lt\\\/shop\\\/tirtir-hydro-boost-enzyme-powder-wash-enziminis-pudros-prausiklis-veidui-su-pha-75-g\\\/\",\"url\":\"https:\\\/\\\/www.malinashop.lt\\\/shop\\\/tirtir-hydro-boost-enzyme-powder-wash-enziminis-pudros-prausiklis-veidui-su-pha-75-g\\\/\",\"name\":\"TIRTIR Hydro Boost Enzyme Powder Wash enziminis pudros prausiklis veidui su PHA, 75 g - MalinaShop.lt J\u016bs\u0173 sveikatai ir gro\u017eiui.\",\"isPartOf\":{\"@id\":\"https:\\\/\\\/www.malinashop.lt\\\/#website\"},\"primaryImageOfPage\":{\"@id\":\"https:\\\/\\\/www.malinashop.lt\\\/shop\\\/tirtir-hydro-boost-enzyme-powder-wash-enziminis-pudros-prausiklis-veidui-su-pha-75-g\\\/#primaryimage\"},\"image\":{\"@id\":\"https:\\\/\\\/www.malinashop.lt\\\/shop\\\/tirtir-hydro-boost-enzyme-powder-wash-enziminis-pudros-prausiklis-veidui-su-pha-75-g\\\/#primaryimage\"},\"thumbnailUrl\":\"https:\\\/\\\/www.malinashop.lt\\\/wp-content\\\/uploads\\\/2026\\\/02\\\/TIRTIR-Hydro-Boost-Enzyme-Powder-Wash-enziminis-pudros-prausiklis-veidui-su-PHA-75-g.webp\",\"datePublished\":\"2026-01-19T21:01:08+00:00\",\"dateModified\":\"2026-04-07T19:18:30+00:00\",\"description\":\"TIRTIR Hydro Boost Enzyme Powder Wash \u2013 enziminis pudros prausiklis su PHA, \u0161velniai \u0161vei\u010dia, valo poras ir neperd\u017eiovina odos, 75 g.\",\"breadcrumb\":{\"@id\":\"https:\\\/\\\/www.malinashop.lt\\\/shop\\\/tirtir-hydro-boost-enzyme-powder-wash-enziminis-pudros-prausiklis-veidui-su-pha-75-g\\\/#breadcrumb\"},\"inLanguage\":\"en-GB\",\"potentialAction\":[{\"@type\":\"ReadAction\",\"target\":[\"https:\\\/\\\/www.malinashop.lt\\\/shop\\\/tirtir-hydro-boost-enzyme-powder-wash-enziminis-pudros-prausiklis-veidui-su-pha-75-g\\\/\"]}]},{\"@type\":\"ImageObject\",\"inLanguage\":\"en-GB\",\"@id\":\"https:\\\/\\\/www.malinashop.lt\\\/shop\\\/tirtir-hydro-boost-enzyme-powder-wash-enziminis-pudros-prausiklis-veidui-su-pha-75-g\\\/#primaryimage\",\"url\":\"https:\\\/\\\/www.malinashop.lt\\\/wp-content\\\/uploads\\\/2026\\\/02\\\/TIRTIR-Hydro-Boost-Enzyme-Powder-Wash-enziminis-pudros-prausiklis-veidui-su-PHA-75-g.webp\",\"contentUrl\":\"https:\\\/\\\/www.malinashop.lt\\\/wp-content\\\/uploads\\\/2026\\\/02\\\/TIRTIR-Hydro-Boost-Enzyme-Powder-Wash-enziminis-pudros-prausiklis-veidui-su-PHA-75-g.webp\",\"width\":1100,\"height\":1100},{\"@type\":\"BreadcrumbList\",\"@id\":\"https:\\\/\\\/www.malinashop.lt\\\/shop\\\/tirtir-hydro-boost-enzyme-powder-wash-enziminis-pudros-prausiklis-veidui-su-pha-75-g\\\/#breadcrumb\",\"itemListElement\":[{\"@type\":\"ListItem\",\"position\":1,\"name\":\"Pagrindinis\",\"item\":\"https:\\\/\\\/www.malinashop.lt\\\/\"},{\"@type\":\"ListItem\",\"position\":2,\"name\":\"Parduotuv\u0117\",\"item\":\"https:\\\/\\\/www.malinashop.lt\\\/en\\\/parduotuve\\\/\"},{\"@type\":\"ListItem\",\"position\":3,\"name\":\"TIRTIR Hydro Boost Enzyme Powder Wash enziminis pudros prausiklis veidui su PHA, 75 g\"}]},{\"@type\":\"WebSite\",\"@id\":\"https:\\\/\\\/www.malinashop.lt\\\/#website\",\"url\":\"https:\\\/\\\/www.malinashop.lt\\\/\",\"name\":\"COM Group Ecommerce\",\"description\":\"MalinaShop.lt - Gro\u017eio ir sveikatos produktai i\u0161 patikim\u0173 preki\u0173 \u017eenkl\u0173. Atraskite auk\u0161tos kokyb\u0117s kosmetik\u0105 u\u017e puiki\u0105 kain\u0105.\",\"publisher\":{\"@id\":\"https:\\\/\\\/www.malinashop.lt\\\/#organization\"},\"potentialAction\":[{\"@type\":\"SearchAction\",\"target\":{\"@type\":\"EntryPoint\",\"urlTemplate\":\"https:\\\/\\\/www.malinashop.lt\\\/?s={search_term_string}\"},\"query-input\":{\"@type\":\"PropertyValueSpecification\",\"valueRequired\":true,\"valueName\":\"search_term_string\"}}],\"inLanguage\":\"en-GB\"},{\"@type\":\"Organization\",\"@id\":\"https:\\\/\\\/www.malinashop.lt\\\/#organization\",\"name\":\"COM Group Ecommerce\",\"url\":\"https:\\\/\\\/www.malinashop.lt\\\/\",\"logo\":{\"@type\":\"ImageObject\",\"inLanguage\":\"en-GB\",\"@id\":\"https:\\\/\\\/www.malinashop.lt\\\/#\\\/schema\\\/logo\\\/image\\\/\",\"url\":\"https:\\\/\\\/www.malinashop.lt\\\/wp-content\\\/uploads\\\/2024\\\/08\\\/462559670_3787732518133670_9795632669273463_n-e1731525914575.png\",\"contentUrl\":\"https:\\\/\\\/www.malinashop.lt\\\/wp-content\\\/uploads\\\/2024\\\/08\\\/462559670_3787732518133670_9795632669273463_n-e1731525914575.png\",\"width\":180,\"height\":60,\"caption\":\"COM Group Ecommerce\"},\"image\":{\"@id\":\"https:\\\/\\\/www.malinashop.lt\\\/#\\\/schema\\\/logo\\\/image\\\/\"}}]}<\/script>\n<!-- \/ Yoast SEO plugin. -->","yoast_head_json":{"title":"TIRTIR Hydro Boost Enzyme Powder Wash enziminis pudros prausiklis veidui su PHA, 75 g - MalinaShop.lt J\u016bs\u0173 sveikatai ir gro\u017eiui.","description":"TIRTIR Hydro Boost Enzyme Powder Wash \u2013 enziminis pudros prausiklis su PHA, \u0161velniai \u0161vei\u010dia, valo poras ir neperd\u017eiovina odos, 75 g.","robots":{"index":"index","follow":"follow","max-snippet":"max-snippet:-1","max-image-preview":"max-image-preview:large","max-video-preview":"max-video-preview:-1"},"canonical":"https:\/\/www.malinashop.lt\/en\/shop\/tirtir-hydro-boost-enzyme-powder-wash-enziminis-pudros-prausiklis-veidui-su-pha-75-g\/","og_locale":"en_GB","og_type":"article","og_title":"TIRTIR Hydro Boost Enzyme Powder Wash enziminis pudros prausiklis veidui su PHA, 75 g - MalinaShop.lt J\u016bs\u0173 sveikatai ir gro\u017eiui.","og_description":"TIRTIR Hydro Boost Enzyme Powder Wash \u2013 enziminis pudros prausiklis su PHA, \u0161velniai \u0161vei\u010dia, valo poras ir neperd\u017eiovina odos, 75 g.","og_url":"https:\/\/www.malinashop.lt\/en\/shop\/tirtir-hydro-boost-enzyme-powder-wash-enziminis-pudros-prausiklis-veidui-su-pha-75-g\/","og_site_name":"MalinaShop.lt J\u016bs\u0173 sveikatai ir gro\u017eiui.","article_modified_time":"2026-04-07T19:18:30+00:00","og_image":[{"width":1100,"height":1100,"url":"https:\/\/www.malinashop.lt\/wp-content\/uploads\/2026\/02\/TIRTIR-Hydro-Boost-Enzyme-Powder-Wash-enziminis-pudros-prausiklis-veidui-su-PHA-75-g.webp","type":"image\/webp"}],"twitter_card":"summary_large_image","schema":{"@context":"https:\/\/schema.org","@graph":[{"@type":"WebPage","@id":"https:\/\/www.malinashop.lt\/shop\/tirtir-hydro-boost-enzyme-powder-wash-enziminis-pudros-prausiklis-veidui-su-pha-75-g\/","url":"https:\/\/www.malinashop.lt\/shop\/tirtir-hydro-boost-enzyme-powder-wash-enziminis-pudros-prausiklis-veidui-su-pha-75-g\/","name":"TIRTIR Hydro Boost Enzyme Powder Wash enziminis pudros prausiklis veidui su PHA, 75 g - MalinaShop.lt J\u016bs\u0173 sveikatai ir gro\u017eiui.","isPartOf":{"@id":"https:\/\/www.malinashop.lt\/#website"},"primaryImageOfPage":{"@id":"https:\/\/www.malinashop.lt\/shop\/tirtir-hydro-boost-enzyme-powder-wash-enziminis-pudros-prausiklis-veidui-su-pha-75-g\/#primaryimage"},"image":{"@id":"https:\/\/www.malinashop.lt\/shop\/tirtir-hydro-boost-enzyme-powder-wash-enziminis-pudros-prausiklis-veidui-su-pha-75-g\/#primaryimage"},"thumbnailUrl":"https:\/\/www.malinashop.lt\/wp-content\/uploads\/2026\/02\/TIRTIR-Hydro-Boost-Enzyme-Powder-Wash-enziminis-pudros-prausiklis-veidui-su-PHA-75-g.webp","datePublished":"2026-01-19T21:01:08+00:00","dateModified":"2026-04-07T19:18:30+00:00","description":"TIRTIR Hydro Boost Enzyme Powder Wash \u2013 enziminis pudros prausiklis su PHA, \u0161velniai \u0161vei\u010dia, valo poras ir neperd\u017eiovina odos, 75 g.","breadcrumb":{"@id":"https:\/\/www.malinashop.lt\/shop\/tirtir-hydro-boost-enzyme-powder-wash-enziminis-pudros-prausiklis-veidui-su-pha-75-g\/#breadcrumb"},"inLanguage":"en-GB","potentialAction":[{"@type":"ReadAction","target":["https:\/\/www.malinashop.lt\/shop\/tirtir-hydro-boost-enzyme-powder-wash-enziminis-pudros-prausiklis-veidui-su-pha-75-g\/"]}]},{"@type":"ImageObject","inLanguage":"en-GB","@id":"https:\/\/www.malinashop.lt\/shop\/tirtir-hydro-boost-enzyme-powder-wash-enziminis-pudros-prausiklis-veidui-su-pha-75-g\/#primaryimage","url":"https:\/\/www.malinashop.lt\/wp-content\/uploads\/2026\/02\/TIRTIR-Hydro-Boost-Enzyme-Powder-Wash-enziminis-pudros-prausiklis-veidui-su-PHA-75-g.webp","contentUrl":"https:\/\/www.malinashop.lt\/wp-content\/uploads\/2026\/02\/TIRTIR-Hydro-Boost-Enzyme-Powder-Wash-enziminis-pudros-prausiklis-veidui-su-PHA-75-g.webp","width":1100,"height":1100},{"@type":"BreadcrumbList","@id":"https:\/\/www.malinashop.lt\/shop\/tirtir-hydro-boost-enzyme-powder-wash-enziminis-pudros-prausiklis-veidui-su-pha-75-g\/#breadcrumb","itemListElement":[{"@type":"ListItem","position":1,"name":"Pagrindinis","item":"https:\/\/www.malinashop.lt\/"},{"@type":"ListItem","position":2,"name":"Parduotuv\u0117","item":"https:\/\/www.malinashop.lt\/en\/parduotuve\/"},{"@type":"ListItem","position":3,"name":"TIRTIR Hydro Boost Enzyme Powder Wash enziminis pudros prausiklis veidui su PHA, 75 g"}]},{"@type":"WebSite","@id":"https:\/\/www.malinashop.lt\/#website","url":"https:\/\/www.malinashop.lt\/","name":"COM Group Ecommerce","description":"MalinaShop.lt - Gro\u017eio ir sveikatos produktai i\u0161 patikim\u0173 preki\u0173 \u017eenkl\u0173. Atraskite auk\u0161tos kokyb\u0117s kosmetik\u0105 u\u017e puiki\u0105 kain\u0105.","publisher":{"@id":"https:\/\/www.malinashop.lt\/#organization"},"potentialAction":[{"@type":"SearchAction","target":{"@type":"EntryPoint","urlTemplate":"https:\/\/www.malinashop.lt\/?s={search_term_string}"},"query-input":{"@type":"PropertyValueSpecification","valueRequired":true,"valueName":"search_term_string"}}],"inLanguage":"en-GB"},{"@type":"Organization","@id":"https:\/\/www.malinashop.lt\/#organization","name":"COM Group Ecommerce","url":"https:\/\/www.malinashop.lt\/","logo":{"@type":"ImageObject","inLanguage":"en-GB","@id":"https:\/\/www.malinashop.lt\/#\/schema\/logo\/image\/","url":"https:\/\/www.malinashop.lt\/wp-content\/uploads\/2024\/08\/462559670_3787732518133670_9795632669273463_n-e1731525914575.png","contentUrl":"https:\/\/www.malinashop.lt\/wp-content\/uploads\/2024\/08\/462559670_3787732518133670_9795632669273463_n-e1731525914575.png","width":180,"height":60,"caption":"COM Group Ecommerce"},"image":{"@id":"https:\/\/www.malinashop.lt\/#\/schema\/logo\/image\/"}}]}},"jetpack_sharing_enabled":true,"_links":{"self":[{"href":"https:\/\/www.malinashop.lt\/en\/wp-json\/wp\/v2\/product\/74780","targetHints":{"allow":["GET"]}}],"collection":[{"href":"https:\/\/www.malinashop.lt\/en\/wp-json\/wp\/v2\/product"}],"about":[{"href":"https:\/\/www.malinashop.lt\/en\/wp-json\/wp\/v2\/types\/product"}],"version-history":[{"count":1,"href":"https:\/\/www.malinashop.lt\/en\/wp-json\/wp\/v2\/product\/74780\/revisions"}],"predecessor-version":[{"id":74783,"href":"https:\/\/www.malinashop.lt\/en\/wp-json\/wp\/v2\/product\/74780\/revisions\/74783"}],"wp:featuredmedia":[{"embeddable":true,"href":"https:\/\/www.malinashop.lt\/en\/wp-json\/wp\/v2\/media\/74782"}],"wp:attachment":[{"href":"https:\/\/www.malinashop.lt\/en\/wp-json\/wp\/v2\/media?parent=74780"}],"wp:term":[{"taxonomy":"product_brand","embeddable":true,"href":"https:\/\/www.malinashop.lt\/en\/wp-json\/wp\/v2\/product_brand?post=74780"},{"taxonomy":"product_cat","embeddable":true,"href":"https:\/\/www.malinashop.lt\/en\/wp-json\/wp\/v2\/product_cat?post=74780"},{"taxonomy":"product_tag","embeddable":true,"href":"https:\/\/www.malinashop.lt\/en\/wp-json\/wp\/v2\/product_tag?post=74780"}],"curies":[{"name":"wp","href":"https:\/\/api.w.org\/{rel}","templated":true}]}}