{"id":74608,"date":"2026-02-19T15:38:10","date_gmt":"2026-02-19T12:38:10","guid":{"rendered":"https:\/\/malinashop.lt\/?post_type=product&#038;p=74608"},"modified":"2026-04-07T22:18:02","modified_gmt":"2026-04-07T19:18:02","slug":"some-by-mi-30-days-miracle-micro-pin-spot-patches-pleistrai-spuogams-su-mikro-adatelemis-9-vnt","status":"publish","type":"product","link":"https:\/\/www.malinashop.lt\/en\/shop\/some-by-mi-30-days-miracle-micro-pin-spot-patches-pleistrai-spuogams-su-mikro-adatelemis-9-vnt\/","title":{"rendered":"SOME BY MI 30 Days Miracle Micro Pin Spot Patches pleistrai spuogams su mikro adat\u0117l\u0117mis, 9 vnt."},"content":{"rendered":"<p data-start=\"328\" data-end=\"693\">SOME BY MI 30 Days Miracle Micro Pin Spot Patches \u2013 tai hidrokoloidiniai pleistrai spuogams su mikro adat\u0117li\u0173 technologija, sukurti tikslinei problemini\u0173 viet\u0173 prie\u017ei\u016brai. Pleistrai sukuria apsaugin\u012f sluoksn\u012f, kuris padeda izoliuoti b\u0117rim\u0105 nuo i\u0161orini\u0173 veiksni\u0173, ma\u017eina rank\u0173 prisilietimo rizik\u0105 ir palaiko higieni\u0161k\u0105 aplink\u0105, svarbi\u0105 greitesniam odos atsistatymui.<\/p>\n<p data-start=\"695\" data-end=\"1057\">Mikro adat\u0117l\u0117s padengtos dr\u0117kinan\u010diais ir raminan\u010diais ingredientais: hialurono r\u016bg\u0161timi, niacinamidu bei Truecica\u2122 kompleksu (centel\u0117s aktyvieji komponentai). \u0160is derinys padeda suteikti komforto poj\u016bt\u012f, ma\u017einti paraudim\u0105 ir palaikyti odos barjer\u0105. Pleistrai taip pat padeda suma\u017einti randeli\u0173 ir antrini\u0173 infekcij\u0173 rizik\u0105, nes b\u0117rimas apsaugomas nuo ne\u0161varum\u0173.<\/p>\n<p data-start=\"1059\" data-end=\"1212\">Pleistrai patog\u016bs naudoti tiek dien\u0105, tiek nakt\u012f \u2013 laikomi tol, kol pab\u0105la ir i\u0161brinksta, taip signalizuodami, kad sug\u0117r\u0117 ne\u0161varumus ir sebumo pertekli\u0173.<\/p>\n<p data-start=\"1214\" data-end=\"1242\"><strong data-start=\"1214\" data-end=\"1242\">Pagrindiniai privalumai:<\/strong><\/p>\n<ul data-start=\"1243\" data-end=\"1553\">\n<li data-start=\"1243\" data-end=\"1305\">\n<p data-start=\"1245\" data-end=\"1305\">Hidrokoloidas apsaugo b\u0117rim\u0105 ir padeda greitesniam gijimui<\/p>\n<\/li>\n<li data-start=\"1306\" data-end=\"1384\">\n<p data-start=\"1308\" data-end=\"1384\">Mikro adat\u0117l\u0117s su hialuronu ir niacinamidu suteikia dr\u0117kinim\u0105 bei komfort\u0105<\/p>\n<\/li>\n<li data-start=\"1385\" data-end=\"1447\">\n<p data-start=\"1387\" data-end=\"1447\">Truecica\u2122 kompleksas ramina ir padeda pri\u017ei\u016br\u0117ti sudirgim\u0105<\/p>\n<\/li>\n<li data-start=\"1448\" data-end=\"1504\">\n<p data-start=\"1450\" data-end=\"1504\">Padeda ma\u017einti randeli\u0173 ir antrini\u0173 infekcij\u0173 rizik\u0105<\/p>\n<\/li>\n<li data-start=\"1505\" data-end=\"1553\">\n<p data-start=\"1507\" data-end=\"1553\">Tiksli lokali prie\u017ei\u016bra problemin\u0117ms vietoms<\/p>\n<\/li>\n<\/ul>\n<p data-start=\"1555\" data-end=\"1722\"><strong data-start=\"1555\" data-end=\"1570\">Naudojimas:<\/strong><br \/>\n\u0160variomis rankomis u\u017eklijuokite pleistr\u0105 ant nuvalytos, sausos odos problemin\u0117je vietoje. Laikykite, kol pleistras pabals ir i\u0161brinks, tuomet nuimkite.<\/p>\n<p data-start=\"1724\" data-end=\"1752\"><strong data-start=\"1724\" data-end=\"1745\">Kiekis pakuot\u0117je:<\/strong> 9 vnt.<\/p>\n<hr data-start=\"1754\" data-end=\"1757\" \/>\n<h3 data-start=\"1759\" data-end=\"1778\">Sud\u0117tis (INCI):<\/h3>\n<p data-start=\"1779\" data-end=\"2125\">Trehalose, Cellulose Gum, Hyaluronic Acid, Glycerin, Sodium Hyaluronate, Niacinamide, Melaleuca Alternifolia (Tea Tree) Leaf Water, Madecassoside, Water, Salicylic Acid, Polyglyceryl-10 Laurate, Butylene Glycol, 1,2-Hexanediol, Ethylhexylglycerin, Centella Asiatica Extract, Asiaticoside, Asiatic Acid, Madecassic Acid, Artemisia Vulgaris Extract<\/p>\n","protected":false},"excerpt":{"rendered":"<p>Hidrokoloidiniai pleistrai su mikro adat\u0117l\u0117mis, hialuronu, niacinamidu ir Truecica\u2122 kompleksu. Ramina, dr\u0117kina, apsaugo b\u0117rim\u0105 ir padeda greitesniam gijimui.<\/p>\n","protected":false},"featured_media":74611,"template":"","meta":[],"product_brand":[1648],"product_cat":[1136,1652,728],"product_tag":[1650],"class_list":{"0":"post-74608","1":"product","2":"type-product","3":"status-publish","4":"has-post-thumbnail","6":"product_brand-some-by-mi","7":"product_cat-lakstines-veido-kaukes","8":"product_cat-pleistrai-nuo-spuogu","9":"product_cat-veidui","10":"product_tag-some-by-mi","12":"first","13":"instock","14":"taxable","15":"shipping-taxable","16":"purchasable","17":"product-type-simple"},"yoast_head":"<!-- This site is optimized with the Yoast SEO plugin v27.4 - https:\/\/yoast.com\/product\/yoast-seo-wordpress\/ -->\n<title>SOME BY MI 30 Days Miracle Micro Pin Spot Patches pleistrai spuogams su mikro adat\u0117l\u0117mis, 9 vnt. - MalinaShop.lt J\u016bs\u0173 sveikatai ir gro\u017eiui.<\/title>\n<meta name=\"description\" content=\"SOME BY MI Micro Pin Spot Patches \u2013 pleistrai spuogams su mikro adat\u0117l\u0117mis, hialuronu ir niacinamidu, ramina, dr\u0117kina ir saugo b\u0117rim\u0105, 9 vnt.\" \/>\n<meta name=\"robots\" content=\"index, follow, max-snippet:-1, max-image-preview:large, max-video-preview:-1\" \/>\n<link rel=\"canonical\" href=\"https:\/\/www.malinashop.lt\/en\/shop\/some-by-mi-30-days-miracle-micro-pin-spot-patches-pleistrai-spuogams-su-mikro-adatelemis-9-vnt\/\" \/>\n<meta property=\"og:locale\" content=\"en_GB\" \/>\n<meta property=\"og:type\" content=\"article\" \/>\n<meta property=\"og:title\" content=\"SOME BY MI 30 Days Miracle Micro Pin Spot Patches pleistrai spuogams su mikro adat\u0117l\u0117mis, 9 vnt. - MalinaShop.lt J\u016bs\u0173 sveikatai ir gro\u017eiui.\" \/>\n<meta property=\"og:description\" content=\"SOME BY MI Micro Pin Spot Patches \u2013 pleistrai spuogams su mikro adat\u0117l\u0117mis, hialuronu ir niacinamidu, ramina, dr\u0117kina ir saugo b\u0117rim\u0105, 9 vnt.\" \/>\n<meta property=\"og:url\" content=\"https:\/\/www.malinashop.lt\/en\/shop\/some-by-mi-30-days-miracle-micro-pin-spot-patches-pleistrai-spuogams-su-mikro-adatelemis-9-vnt\/\" \/>\n<meta property=\"og:site_name\" content=\"MalinaShop.lt J\u016bs\u0173 sveikatai ir gro\u017eiui.\" \/>\n<meta property=\"article:modified_time\" content=\"2026-04-07T19:18:02+00:00\" \/>\n<meta property=\"og:image\" content=\"https:\/\/www.malinashop.lt\/wp-content\/uploads\/2026\/02\/SOME-BY-MI-30-Days-Miracle-Micro-Pin-Spot-Patches-pleistrai-spuogams-su-mikro-adatelemis-9-vnt.webp\" \/>\n\t<meta property=\"og:image:width\" content=\"1100\" \/>\n\t<meta property=\"og:image:height\" content=\"1100\" \/>\n\t<meta property=\"og:image:type\" content=\"image\/webp\" \/>\n<meta name=\"twitter:card\" content=\"summary_large_image\" \/>\n<script type=\"application\/ld+json\" class=\"yoast-schema-graph\">{\"@context\":\"https:\\\/\\\/schema.org\",\"@graph\":[{\"@type\":\"WebPage\",\"@id\":\"https:\\\/\\\/www.malinashop.lt\\\/en\\\/shop\\\/some-by-mi-30-days-miracle-micro-pin-spot-patches-pleistrai-spuogams-su-mikro-adatelemis-9-vnt\\\/\",\"url\":\"https:\\\/\\\/www.malinashop.lt\\\/en\\\/shop\\\/some-by-mi-30-days-miracle-micro-pin-spot-patches-pleistrai-spuogams-su-mikro-adatelemis-9-vnt\\\/\",\"name\":\"SOME BY MI 30 Days Miracle Micro Pin Spot Patches pleistrai spuogams su mikro adat\u0117l\u0117mis, 9 vnt. - MalinaShop.lt J\u016bs\u0173 sveikatai ir gro\u017eiui.\",\"isPartOf\":{\"@id\":\"https:\\\/\\\/www.malinashop.lt\\\/#website\"},\"primaryImageOfPage\":{\"@id\":\"https:\\\/\\\/www.malinashop.lt\\\/en\\\/shop\\\/some-by-mi-30-days-miracle-micro-pin-spot-patches-pleistrai-spuogams-su-mikro-adatelemis-9-vnt\\\/#primaryimage\"},\"image\":{\"@id\":\"https:\\\/\\\/www.malinashop.lt\\\/en\\\/shop\\\/some-by-mi-30-days-miracle-micro-pin-spot-patches-pleistrai-spuogams-su-mikro-adatelemis-9-vnt\\\/#primaryimage\"},\"thumbnailUrl\":\"https:\\\/\\\/www.malinashop.lt\\\/wp-content\\\/uploads\\\/2026\\\/02\\\/SOME-BY-MI-30-Days-Miracle-Micro-Pin-Spot-Patches-pleistrai-spuogams-su-mikro-adatelemis-9-vnt.webp\",\"datePublished\":\"2026-02-19T12:38:10+00:00\",\"dateModified\":\"2026-04-07T19:18:02+00:00\",\"description\":\"SOME BY MI Micro Pin Spot Patches \u2013 pleistrai spuogams su mikro adat\u0117l\u0117mis, hialuronu ir niacinamidu, ramina, dr\u0117kina ir saugo b\u0117rim\u0105, 9 vnt.\",\"breadcrumb\":{\"@id\":\"https:\\\/\\\/www.malinashop.lt\\\/en\\\/shop\\\/some-by-mi-30-days-miracle-micro-pin-spot-patches-pleistrai-spuogams-su-mikro-adatelemis-9-vnt\\\/#breadcrumb\"},\"inLanguage\":\"en-GB\",\"potentialAction\":[{\"@type\":\"ReadAction\",\"target\":[\"https:\\\/\\\/www.malinashop.lt\\\/en\\\/shop\\\/some-by-mi-30-days-miracle-micro-pin-spot-patches-pleistrai-spuogams-su-mikro-adatelemis-9-vnt\\\/\"]}]},{\"@type\":\"ImageObject\",\"inLanguage\":\"en-GB\",\"@id\":\"https:\\\/\\\/www.malinashop.lt\\\/en\\\/shop\\\/some-by-mi-30-days-miracle-micro-pin-spot-patches-pleistrai-spuogams-su-mikro-adatelemis-9-vnt\\\/#primaryimage\",\"url\":\"https:\\\/\\\/www.malinashop.lt\\\/wp-content\\\/uploads\\\/2026\\\/02\\\/SOME-BY-MI-30-Days-Miracle-Micro-Pin-Spot-Patches-pleistrai-spuogams-su-mikro-adatelemis-9-vnt.webp\",\"contentUrl\":\"https:\\\/\\\/www.malinashop.lt\\\/wp-content\\\/uploads\\\/2026\\\/02\\\/SOME-BY-MI-30-Days-Miracle-Micro-Pin-Spot-Patches-pleistrai-spuogams-su-mikro-adatelemis-9-vnt.webp\",\"width\":1100,\"height\":1100},{\"@type\":\"BreadcrumbList\",\"@id\":\"https:\\\/\\\/www.malinashop.lt\\\/en\\\/shop\\\/some-by-mi-30-days-miracle-micro-pin-spot-patches-pleistrai-spuogams-su-mikro-adatelemis-9-vnt\\\/#breadcrumb\",\"itemListElement\":[{\"@type\":\"ListItem\",\"position\":1,\"name\":\"Pagrindinis\",\"item\":\"https:\\\/\\\/www.malinashop.lt\\\/\"},{\"@type\":\"ListItem\",\"position\":2,\"name\":\"Parduotuv\u0117\",\"item\":\"https:\\\/\\\/www.malinashop.lt\\\/en\\\/parduotuve\\\/\"},{\"@type\":\"ListItem\",\"position\":3,\"name\":\"SOME BY MI 30 Days Miracle Micro Pin Spot Patches pleistrai spuogams su mikro adat\u0117l\u0117mis, 9 vnt.\"}]},{\"@type\":\"WebSite\",\"@id\":\"https:\\\/\\\/www.malinashop.lt\\\/#website\",\"url\":\"https:\\\/\\\/www.malinashop.lt\\\/\",\"name\":\"COM Group Ecommerce\",\"description\":\"MalinaShop.lt - Gro\u017eio ir sveikatos produktai i\u0161 patikim\u0173 preki\u0173 \u017eenkl\u0173. Atraskite auk\u0161tos kokyb\u0117s kosmetik\u0105 u\u017e puiki\u0105 kain\u0105.\",\"publisher\":{\"@id\":\"https:\\\/\\\/www.malinashop.lt\\\/#organization\"},\"potentialAction\":[{\"@type\":\"SearchAction\",\"target\":{\"@type\":\"EntryPoint\",\"urlTemplate\":\"https:\\\/\\\/www.malinashop.lt\\\/?s={search_term_string}\"},\"query-input\":{\"@type\":\"PropertyValueSpecification\",\"valueRequired\":true,\"valueName\":\"search_term_string\"}}],\"inLanguage\":\"en-GB\"},{\"@type\":\"Organization\",\"@id\":\"https:\\\/\\\/www.malinashop.lt\\\/#organization\",\"name\":\"COM Group Ecommerce\",\"url\":\"https:\\\/\\\/www.malinashop.lt\\\/\",\"logo\":{\"@type\":\"ImageObject\",\"inLanguage\":\"en-GB\",\"@id\":\"https:\\\/\\\/www.malinashop.lt\\\/#\\\/schema\\\/logo\\\/image\\\/\",\"url\":\"https:\\\/\\\/www.malinashop.lt\\\/wp-content\\\/uploads\\\/2024\\\/08\\\/462559670_3787732518133670_9795632669273463_n-e1731525914575.png\",\"contentUrl\":\"https:\\\/\\\/www.malinashop.lt\\\/wp-content\\\/uploads\\\/2024\\\/08\\\/462559670_3787732518133670_9795632669273463_n-e1731525914575.png\",\"width\":180,\"height\":60,\"caption\":\"COM Group Ecommerce\"},\"image\":{\"@id\":\"https:\\\/\\\/www.malinashop.lt\\\/#\\\/schema\\\/logo\\\/image\\\/\"}}]}<\/script>\n<!-- \/ Yoast SEO plugin. -->","yoast_head_json":{"title":"SOME BY MI 30 Days Miracle Micro Pin Spot Patches pleistrai spuogams su mikro adat\u0117l\u0117mis, 9 vnt. - MalinaShop.lt J\u016bs\u0173 sveikatai ir gro\u017eiui.","description":"SOME BY MI Micro Pin Spot Patches \u2013 pleistrai spuogams su mikro adat\u0117l\u0117mis, hialuronu ir niacinamidu, ramina, dr\u0117kina ir saugo b\u0117rim\u0105, 9 vnt.","robots":{"index":"index","follow":"follow","max-snippet":"max-snippet:-1","max-image-preview":"max-image-preview:large","max-video-preview":"max-video-preview:-1"},"canonical":"https:\/\/www.malinashop.lt\/en\/shop\/some-by-mi-30-days-miracle-micro-pin-spot-patches-pleistrai-spuogams-su-mikro-adatelemis-9-vnt\/","og_locale":"en_GB","og_type":"article","og_title":"SOME BY MI 30 Days Miracle Micro Pin Spot Patches pleistrai spuogams su mikro adat\u0117l\u0117mis, 9 vnt. - MalinaShop.lt J\u016bs\u0173 sveikatai ir gro\u017eiui.","og_description":"SOME BY MI Micro Pin Spot Patches \u2013 pleistrai spuogams su mikro adat\u0117l\u0117mis, hialuronu ir niacinamidu, ramina, dr\u0117kina ir saugo b\u0117rim\u0105, 9 vnt.","og_url":"https:\/\/www.malinashop.lt\/en\/shop\/some-by-mi-30-days-miracle-micro-pin-spot-patches-pleistrai-spuogams-su-mikro-adatelemis-9-vnt\/","og_site_name":"MalinaShop.lt J\u016bs\u0173 sveikatai ir gro\u017eiui.","article_modified_time":"2026-04-07T19:18:02+00:00","og_image":[{"width":1100,"height":1100,"url":"https:\/\/www.malinashop.lt\/wp-content\/uploads\/2026\/02\/SOME-BY-MI-30-Days-Miracle-Micro-Pin-Spot-Patches-pleistrai-spuogams-su-mikro-adatelemis-9-vnt.webp","type":"image\/webp"}],"twitter_card":"summary_large_image","schema":{"@context":"https:\/\/schema.org","@graph":[{"@type":"WebPage","@id":"https:\/\/www.malinashop.lt\/en\/shop\/some-by-mi-30-days-miracle-micro-pin-spot-patches-pleistrai-spuogams-su-mikro-adatelemis-9-vnt\/","url":"https:\/\/www.malinashop.lt\/en\/shop\/some-by-mi-30-days-miracle-micro-pin-spot-patches-pleistrai-spuogams-su-mikro-adatelemis-9-vnt\/","name":"SOME BY MI 30 Days Miracle Micro Pin Spot Patches pleistrai spuogams su mikro adat\u0117l\u0117mis, 9 vnt. - MalinaShop.lt J\u016bs\u0173 sveikatai ir gro\u017eiui.","isPartOf":{"@id":"https:\/\/www.malinashop.lt\/#website"},"primaryImageOfPage":{"@id":"https:\/\/www.malinashop.lt\/en\/shop\/some-by-mi-30-days-miracle-micro-pin-spot-patches-pleistrai-spuogams-su-mikro-adatelemis-9-vnt\/#primaryimage"},"image":{"@id":"https:\/\/www.malinashop.lt\/en\/shop\/some-by-mi-30-days-miracle-micro-pin-spot-patches-pleistrai-spuogams-su-mikro-adatelemis-9-vnt\/#primaryimage"},"thumbnailUrl":"https:\/\/www.malinashop.lt\/wp-content\/uploads\/2026\/02\/SOME-BY-MI-30-Days-Miracle-Micro-Pin-Spot-Patches-pleistrai-spuogams-su-mikro-adatelemis-9-vnt.webp","datePublished":"2026-02-19T12:38:10+00:00","dateModified":"2026-04-07T19:18:02+00:00","description":"SOME BY MI Micro Pin Spot Patches \u2013 pleistrai spuogams su mikro adat\u0117l\u0117mis, hialuronu ir niacinamidu, ramina, dr\u0117kina ir saugo b\u0117rim\u0105, 9 vnt.","breadcrumb":{"@id":"https:\/\/www.malinashop.lt\/en\/shop\/some-by-mi-30-days-miracle-micro-pin-spot-patches-pleistrai-spuogams-su-mikro-adatelemis-9-vnt\/#breadcrumb"},"inLanguage":"en-GB","potentialAction":[{"@type":"ReadAction","target":["https:\/\/www.malinashop.lt\/en\/shop\/some-by-mi-30-days-miracle-micro-pin-spot-patches-pleistrai-spuogams-su-mikro-adatelemis-9-vnt\/"]}]},{"@type":"ImageObject","inLanguage":"en-GB","@id":"https:\/\/www.malinashop.lt\/en\/shop\/some-by-mi-30-days-miracle-micro-pin-spot-patches-pleistrai-spuogams-su-mikro-adatelemis-9-vnt\/#primaryimage","url":"https:\/\/www.malinashop.lt\/wp-content\/uploads\/2026\/02\/SOME-BY-MI-30-Days-Miracle-Micro-Pin-Spot-Patches-pleistrai-spuogams-su-mikro-adatelemis-9-vnt.webp","contentUrl":"https:\/\/www.malinashop.lt\/wp-content\/uploads\/2026\/02\/SOME-BY-MI-30-Days-Miracle-Micro-Pin-Spot-Patches-pleistrai-spuogams-su-mikro-adatelemis-9-vnt.webp","width":1100,"height":1100},{"@type":"BreadcrumbList","@id":"https:\/\/www.malinashop.lt\/en\/shop\/some-by-mi-30-days-miracle-micro-pin-spot-patches-pleistrai-spuogams-su-mikro-adatelemis-9-vnt\/#breadcrumb","itemListElement":[{"@type":"ListItem","position":1,"name":"Pagrindinis","item":"https:\/\/www.malinashop.lt\/"},{"@type":"ListItem","position":2,"name":"Parduotuv\u0117","item":"https:\/\/www.malinashop.lt\/en\/parduotuve\/"},{"@type":"ListItem","position":3,"name":"SOME BY MI 30 Days Miracle Micro Pin Spot Patches pleistrai spuogams su mikro adat\u0117l\u0117mis, 9 vnt."}]},{"@type":"WebSite","@id":"https:\/\/www.malinashop.lt\/#website","url":"https:\/\/www.malinashop.lt\/","name":"COM Group Ecommerce","description":"MalinaShop.lt - Gro\u017eio ir sveikatos produktai i\u0161 patikim\u0173 preki\u0173 \u017eenkl\u0173. Atraskite auk\u0161tos kokyb\u0117s kosmetik\u0105 u\u017e puiki\u0105 kain\u0105.","publisher":{"@id":"https:\/\/www.malinashop.lt\/#organization"},"potentialAction":[{"@type":"SearchAction","target":{"@type":"EntryPoint","urlTemplate":"https:\/\/www.malinashop.lt\/?s={search_term_string}"},"query-input":{"@type":"PropertyValueSpecification","valueRequired":true,"valueName":"search_term_string"}}],"inLanguage":"en-GB"},{"@type":"Organization","@id":"https:\/\/www.malinashop.lt\/#organization","name":"COM Group Ecommerce","url":"https:\/\/www.malinashop.lt\/","logo":{"@type":"ImageObject","inLanguage":"en-GB","@id":"https:\/\/www.malinashop.lt\/#\/schema\/logo\/image\/","url":"https:\/\/www.malinashop.lt\/wp-content\/uploads\/2024\/08\/462559670_3787732518133670_9795632669273463_n-e1731525914575.png","contentUrl":"https:\/\/www.malinashop.lt\/wp-content\/uploads\/2024\/08\/462559670_3787732518133670_9795632669273463_n-e1731525914575.png","width":180,"height":60,"caption":"COM Group Ecommerce"},"image":{"@id":"https:\/\/www.malinashop.lt\/#\/schema\/logo\/image\/"}}]}},"jetpack_sharing_enabled":true,"_links":{"self":[{"href":"https:\/\/www.malinashop.lt\/en\/wp-json\/wp\/v2\/product\/74608","targetHints":{"allow":["GET"]}}],"collection":[{"href":"https:\/\/www.malinashop.lt\/en\/wp-json\/wp\/v2\/product"}],"about":[{"href":"https:\/\/www.malinashop.lt\/en\/wp-json\/wp\/v2\/types\/product"}],"version-history":[{"count":1,"href":"https:\/\/www.malinashop.lt\/en\/wp-json\/wp\/v2\/product\/74608\/revisions"}],"predecessor-version":[{"id":74612,"href":"https:\/\/www.malinashop.lt\/en\/wp-json\/wp\/v2\/product\/74608\/revisions\/74612"}],"wp:featuredmedia":[{"embeddable":true,"href":"https:\/\/www.malinashop.lt\/en\/wp-json\/wp\/v2\/media\/74611"}],"wp:attachment":[{"href":"https:\/\/www.malinashop.lt\/en\/wp-json\/wp\/v2\/media?parent=74608"}],"wp:term":[{"taxonomy":"product_brand","embeddable":true,"href":"https:\/\/www.malinashop.lt\/en\/wp-json\/wp\/v2\/product_brand?post=74608"},{"taxonomy":"product_cat","embeddable":true,"href":"https:\/\/www.malinashop.lt\/en\/wp-json\/wp\/v2\/product_cat?post=74608"},{"taxonomy":"product_tag","embeddable":true,"href":"https:\/\/www.malinashop.lt\/en\/wp-json\/wp\/v2\/product_tag?post=74608"}],"curies":[{"name":"wp","href":"https:\/\/api.w.org\/{rel}","templated":true}]}}