{"id":74568,"date":"2026-02-19T15:02:50","date_gmt":"2026-02-19T12:02:50","guid":{"rendered":"https:\/\/malinashop.lt\/?post_type=product&#038;p=74568"},"modified":"2026-04-07T22:18:04","modified_gmt":"2026-04-07T19:18:04","slug":"some-by-mi-bye-bye-blackhead-miracle-green-tea-tox-bubble-prausiklis-nuo-inkstiru-su-bha-120-g","status":"publish","type":"product","link":"https:\/\/www.malinashop.lt\/en\/shop\/some-by-mi-bye-bye-blackhead-miracle-green-tea-tox-bubble-prausiklis-nuo-inkstiru-su-bha-120-g\/","title":{"rendered":"SOME BY MI Bye Bye Blackhead Miracle Green Tea Tox Bubble prausiklis nuo ink\u0161tir\u0173 su BHA, 120 g"},"content":{"rendered":"<p data-start=\"332\" data-end=\"665\">SOME BY MI Bye Bye Blackhead Miracle Green Tea Tox Bubble \u2013 veido prausiklis, skirtas mi\u0161riai, riebiai ir problemati\u0161kai odai, kai vargina ink\u0161tirai, u\u017esikim\u0161usios poros ar riebal\u0173 perteklius. Unikali burbuliuojanti tekst\u016bra padeda \u0161velniai \u201epakelti\u201c ne\u0161varumus i\u0161 por\u0173, o reguliariai naudojant oda gali atrodyti lygesn\u0117 ir \u0161varesn\u0117.<\/p>\n<p data-start=\"667\" data-end=\"1108\">Formul\u0117 papildyta 16 r\u016b\u0161i\u0173 arbat\u0173 ir augalini\u0173 ekstrakt\u0173 kompleksu, kuris suteikia odai gaivos poj\u016bt\u012f ir padeda palaikyti balans\u0105. BHA (salicilo r\u016bg\u0161ties) tipo ingredientai prisideda prie por\u0173 valymo ir riebal\u0173 pertekliaus ma\u017einimo, tod\u0117l priemon\u0117 ypa\u010d tinka ink\u0161tir\u0173 prie\u017ei\u016brai ir blizgesio kontrolei. Taip pat sud\u0117tyje esantys ekstraktai (pvz., baltosios gluosnio \u017eiev\u0117s, \u017ealiosios arbatos vanduo) padeda palaikyti \u0161varesn\u0117s odos i\u0161vaizd\u0105.<\/p>\n<p data-start=\"1110\" data-end=\"1244\">Prausiklis gali b\u016bti naudojamas dvejopai \u2013 kaip \u201eburbuliuojanti\u201c kauk\u0117 ant sausos odos arba kaip \u012fprastas prausiklis ant dr\u0117gnos odos.<\/p>\n<p data-start=\"1246\" data-end=\"1274\"><strong data-start=\"1246\" data-end=\"1274\">Pagrindiniai privalumai:<\/strong><\/p>\n<ul data-start=\"1275\" data-end=\"1556\">\n<li data-start=\"1275\" data-end=\"1327\">\n<p data-start=\"1277\" data-end=\"1327\">Padeda valyti poras ir ma\u017einti ink\u0161tir\u0173 matomum\u0105<\/p>\n<\/li>\n<li data-start=\"1328\" data-end=\"1403\">\n<p data-start=\"1330\" data-end=\"1403\">16 arbat\u0173 ekstrakt\u0173 kompleksas gaivina ir padeda palaikyti odos balans\u0105<\/p>\n<\/li>\n<li data-start=\"1404\" data-end=\"1463\">\n<p data-start=\"1406\" data-end=\"1463\">BHA prisideda prie por\u0173 prie\u017ei\u016bros ir riebal\u0173 kontrol\u0117s<\/p>\n<\/li>\n<li data-start=\"1464\" data-end=\"1511\">\n<p data-start=\"1466\" data-end=\"1511\">Tinka mi\u0161riai, riebiai, problemati\u0161kai odai<\/p>\n<\/li>\n<li data-start=\"1512\" data-end=\"1556\">\n<p data-start=\"1514\" data-end=\"1556\">Galima naudoti kaip kauk\u0119 arba prausikl\u012f<\/p>\n<\/li>\n<\/ul>\n<p data-start=\"1558\" data-end=\"1583\"><strong data-start=\"1558\" data-end=\"1583\">Naudojimas (2 b\u016bdai):<\/strong><\/p>\n<ol data-start=\"1584\" data-end=\"1795\">\n<li data-start=\"1584\" data-end=\"1707\">\n<p data-start=\"1587\" data-end=\"1707\">Ant sausos odos u\u017etepkite plon\u0105 sluoksn\u012f ir palaukite, kol suputos. Tuomet su\u0161lapinkite rankas ir \u0161velniai nuplaukite.<\/p>\n<\/li>\n<li data-start=\"1708\" data-end=\"1795\">\n<p data-start=\"1711\" data-end=\"1795\">I\u0161 karto tepkite ant dr\u0117gnos odos, \u012fmasa\u017euokite, o susidarius putoms \u2013 nuskalaukite.<\/p>\n<\/li>\n<\/ol>\n<p data-start=\"1797\" data-end=\"1813\"><strong data-start=\"1797\" data-end=\"1807\">Talpa:<\/strong> 120 g<\/p>\n<hr data-start=\"1815\" data-end=\"1818\" \/>\n<h3 data-start=\"1820\" data-end=\"1839\">Sud\u0117tis (INCI):<\/h3>\n<p data-start=\"1840\" data-end=\"3457\">Water\/Aqua, Disodium Cocoamphodiacetate, Glycerin, Potassium Cocoyl Glycinate, Sodium Chloride, Coco-Betaine, Methyl Perfluoroisobutyl Ether, Methyl Perfluorobutyl Ether, Acrylates Copolymer, 1,2-Hexanediol, Salix Alba Bark Extract, Benzyl Glycol, Citric Acid, Camellia Sinensis Leaf Water, Mannan, Mentha Piperita (Peppermint) Oil, Camellia Sinensis Leaf, Camellia Sinensis Leaf Powder, Butylene Glycol, Ethylhexylglycerin, Caramel, Saccharide Isomerate, Disodium EDTA, Propanediol, Raspberry Ketone, Caprylyl Glycol, Diospyros Kaki Leaf Extract, Vitis Vinifera (Grape) Fruit Extract, Polygonum Cuspidatum Root Extract, Coffea Arabica (Coffee) Seed Extract, Carthamus Tinctorius (Safflower) Flower Extract, Camellia Sinensis Leaf Extract, Castanea Crenata (Chestnut) Shell Extract, Zanthoxylum Piperitum Fruit Extract, Chaenomeles Sinensis Fruit Extract, Thuja Orientalis Extract, Chamaecyparis Obtusa Leaf Extract, Bambusa Vulgaris Extract, Pinus Densiflora Leaf Extract, Ethyl Hexanediol, Cinnamomum Cassia Bark Extract, CI 19140, Artemisia Princeps Leaf Extract, Sodium Citrate, Melaleuca Alternifolia (Tea Tree) Leaf Water, Chrysanthellum Indicum Extract, Lavandula Angustifolia (Lavender) Extract, Geranium Maculatum Extract, Alchemilla Vulgaris Leaf Extract, Chamomilla Recutita (Matricaria) Flower Extract, Trifolium Pratense (Clover) Flower Extract, Aspalathus Linearis Extract, Salvia Officinalis (Sage) Leaf Extract, Rosmarinus Officinalis (Rosemary) Extract, Centella Asiatica Extract, CI 42090, Helichrysum Arenarium Extract, Jasminum Officinale (Jasmine) Flower Water, Hibiscus Sabdariffa Flower Extract<\/p>\n","protected":false},"excerpt":{"rendered":"<p data-start=\"141\" data-end=\"306\">Burbuliuojantis prausiklis nuo ink\u0161tir\u0173 su 16 arbat\u0173 ekstrakt\u0173 kompleksu ir BHA. Padeda valyti poras, ma\u017einti riebal\u0173 pertekli\u0173 ir suteikia \u0161varesn\u0117s odos poj\u016bt\u012f.<\/p>\n","protected":false},"featured_media":74571,"template":"","meta":[],"product_brand":[1648],"product_cat":[537,728],"product_tag":[1650],"class_list":{"0":"post-74568","1":"product","2":"type-product","3":"status-publish","4":"has-post-thumbnail","6":"product_brand-some-by-mi","7":"product_cat-veido-valymo-priemones","8":"product_cat-veidui","9":"product_tag-some-by-mi","11":"first","12":"instock","13":"taxable","14":"shipping-taxable","15":"purchasable","16":"product-type-simple"},"yoast_head":"<!-- This site is optimized with the Yoast SEO plugin v27.4 - https:\/\/yoast.com\/product\/yoast-seo-wordpress\/ -->\n<title>SOME BY MI Bye Bye Blackhead Miracle Green Tea Tox Bubble prausiklis nuo ink\u0161tir\u0173 su BHA, 120 g - MalinaShop.lt J\u016bs\u0173 sveikatai ir gro\u017eiui.<\/title>\n<meta name=\"description\" content=\"SOME BY MI Bye Bye Blackhead Green Tea Tox Bubble \u2013 burbuliuojantis prausiklis su 16 arbat\u0173 ekstraktais ir BHA, padeda valyti poras, ma\u017einti ink\u0161tirus\" \/>\n<meta name=\"robots\" content=\"index, follow, max-snippet:-1, max-image-preview:large, max-video-preview:-1\" \/>\n<link rel=\"canonical\" href=\"https:\/\/www.malinashop.lt\/en\/shop\/some-by-mi-bye-bye-blackhead-miracle-green-tea-tox-bubble-prausiklis-nuo-inkstiru-su-bha-120-g\/\" \/>\n<meta property=\"og:locale\" content=\"en_GB\" \/>\n<meta property=\"og:type\" content=\"article\" \/>\n<meta property=\"og:title\" content=\"SOME BY MI Bye Bye Blackhead Miracle Green Tea Tox Bubble prausiklis nuo ink\u0161tir\u0173 su BHA, 120 g - MalinaShop.lt J\u016bs\u0173 sveikatai ir gro\u017eiui.\" \/>\n<meta property=\"og:description\" content=\"SOME BY MI Bye Bye Blackhead Green Tea Tox Bubble \u2013 burbuliuojantis prausiklis su 16 arbat\u0173 ekstraktais ir BHA, padeda valyti poras, ma\u017einti ink\u0161tirus\" \/>\n<meta property=\"og:url\" content=\"https:\/\/www.malinashop.lt\/en\/shop\/some-by-mi-bye-bye-blackhead-miracle-green-tea-tox-bubble-prausiklis-nuo-inkstiru-su-bha-120-g\/\" \/>\n<meta property=\"og:site_name\" content=\"MalinaShop.lt J\u016bs\u0173 sveikatai ir gro\u017eiui.\" \/>\n<meta property=\"article:modified_time\" content=\"2026-04-07T19:18:04+00:00\" \/>\n<meta property=\"og:image\" content=\"https:\/\/www.malinashop.lt\/wp-content\/uploads\/2026\/02\/SOME-BY-MI-Bye-Bye-Blackhead-Miracle-Green-Tea-Tox-Bubble-prausiklis-nuo-inkstiru-su-BHA-120-g.webp\" \/>\n\t<meta property=\"og:image:width\" content=\"1100\" \/>\n\t<meta property=\"og:image:height\" content=\"1100\" \/>\n\t<meta property=\"og:image:type\" content=\"image\/webp\" \/>\n<meta name=\"twitter:card\" content=\"summary_large_image\" \/>\n<script type=\"application\/ld+json\" class=\"yoast-schema-graph\">{\"@context\":\"https:\\\/\\\/schema.org\",\"@graph\":[{\"@type\":\"WebPage\",\"@id\":\"https:\\\/\\\/www.malinashop.lt\\\/lt_lt\\\/shop\\\/some-by-mi-bye-bye-blackhead-miracle-green-tea-tox-bubble-prausiklis-nuo-inkstiru-su-bha-120-g\\\/\",\"url\":\"https:\\\/\\\/www.malinashop.lt\\\/lt_lt\\\/shop\\\/some-by-mi-bye-bye-blackhead-miracle-green-tea-tox-bubble-prausiklis-nuo-inkstiru-su-bha-120-g\\\/\",\"name\":\"SOME BY MI Bye Bye Blackhead Miracle Green Tea Tox Bubble prausiklis nuo ink\u0161tir\u0173 su BHA, 120 g - MalinaShop.lt J\u016bs\u0173 sveikatai ir gro\u017eiui.\",\"isPartOf\":{\"@id\":\"https:\\\/\\\/www.malinashop.lt\\\/#website\"},\"primaryImageOfPage\":{\"@id\":\"https:\\\/\\\/www.malinashop.lt\\\/lt_lt\\\/shop\\\/some-by-mi-bye-bye-blackhead-miracle-green-tea-tox-bubble-prausiklis-nuo-inkstiru-su-bha-120-g\\\/#primaryimage\"},\"image\":{\"@id\":\"https:\\\/\\\/www.malinashop.lt\\\/lt_lt\\\/shop\\\/some-by-mi-bye-bye-blackhead-miracle-green-tea-tox-bubble-prausiklis-nuo-inkstiru-su-bha-120-g\\\/#primaryimage\"},\"thumbnailUrl\":\"https:\\\/\\\/www.malinashop.lt\\\/wp-content\\\/uploads\\\/2026\\\/02\\\/SOME-BY-MI-Bye-Bye-Blackhead-Miracle-Green-Tea-Tox-Bubble-prausiklis-nuo-inkstiru-su-BHA-120-g.webp\",\"datePublished\":\"2026-02-19T12:02:50+00:00\",\"dateModified\":\"2026-04-07T19:18:04+00:00\",\"description\":\"SOME BY MI Bye Bye Blackhead Green Tea Tox Bubble \u2013 burbuliuojantis prausiklis su 16 arbat\u0173 ekstraktais ir BHA, padeda valyti poras, ma\u017einti ink\u0161tirus\",\"breadcrumb\":{\"@id\":\"https:\\\/\\\/www.malinashop.lt\\\/lt_lt\\\/shop\\\/some-by-mi-bye-bye-blackhead-miracle-green-tea-tox-bubble-prausiklis-nuo-inkstiru-su-bha-120-g\\\/#breadcrumb\"},\"inLanguage\":\"en-GB\",\"potentialAction\":[{\"@type\":\"ReadAction\",\"target\":[\"https:\\\/\\\/www.malinashop.lt\\\/lt_lt\\\/shop\\\/some-by-mi-bye-bye-blackhead-miracle-green-tea-tox-bubble-prausiklis-nuo-inkstiru-su-bha-120-g\\\/\"]}]},{\"@type\":\"ImageObject\",\"inLanguage\":\"en-GB\",\"@id\":\"https:\\\/\\\/www.malinashop.lt\\\/lt_lt\\\/shop\\\/some-by-mi-bye-bye-blackhead-miracle-green-tea-tox-bubble-prausiklis-nuo-inkstiru-su-bha-120-g\\\/#primaryimage\",\"url\":\"https:\\\/\\\/www.malinashop.lt\\\/wp-content\\\/uploads\\\/2026\\\/02\\\/SOME-BY-MI-Bye-Bye-Blackhead-Miracle-Green-Tea-Tox-Bubble-prausiklis-nuo-inkstiru-su-BHA-120-g.webp\",\"contentUrl\":\"https:\\\/\\\/www.malinashop.lt\\\/wp-content\\\/uploads\\\/2026\\\/02\\\/SOME-BY-MI-Bye-Bye-Blackhead-Miracle-Green-Tea-Tox-Bubble-prausiklis-nuo-inkstiru-su-BHA-120-g.webp\",\"width\":1100,\"height\":1100},{\"@type\":\"BreadcrumbList\",\"@id\":\"https:\\\/\\\/www.malinashop.lt\\\/lt_lt\\\/shop\\\/some-by-mi-bye-bye-blackhead-miracle-green-tea-tox-bubble-prausiklis-nuo-inkstiru-su-bha-120-g\\\/#breadcrumb\",\"itemListElement\":[{\"@type\":\"ListItem\",\"position\":1,\"name\":\"Pagrindinis\",\"item\":\"https:\\\/\\\/www.malinashop.lt\\\/\"},{\"@type\":\"ListItem\",\"position\":2,\"name\":\"Parduotuv\u0117\",\"item\":\"https:\\\/\\\/www.malinashop.lt\\\/en\\\/parduotuve\\\/\"},{\"@type\":\"ListItem\",\"position\":3,\"name\":\"SOME BY MI Bye Bye Blackhead Miracle Green Tea Tox Bubble prausiklis nuo ink\u0161tir\u0173 su BHA, 120 g\"}]},{\"@type\":\"WebSite\",\"@id\":\"https:\\\/\\\/www.malinashop.lt\\\/#website\",\"url\":\"https:\\\/\\\/www.malinashop.lt\\\/\",\"name\":\"COM Group Ecommerce\",\"description\":\"MalinaShop.lt - Gro\u017eio ir sveikatos produktai i\u0161 patikim\u0173 preki\u0173 \u017eenkl\u0173. Atraskite auk\u0161tos kokyb\u0117s kosmetik\u0105 u\u017e puiki\u0105 kain\u0105.\",\"publisher\":{\"@id\":\"https:\\\/\\\/www.malinashop.lt\\\/#organization\"},\"potentialAction\":[{\"@type\":\"SearchAction\",\"target\":{\"@type\":\"EntryPoint\",\"urlTemplate\":\"https:\\\/\\\/www.malinashop.lt\\\/?s={search_term_string}\"},\"query-input\":{\"@type\":\"PropertyValueSpecification\",\"valueRequired\":true,\"valueName\":\"search_term_string\"}}],\"inLanguage\":\"en-GB\"},{\"@type\":\"Organization\",\"@id\":\"https:\\\/\\\/www.malinashop.lt\\\/#organization\",\"name\":\"COM Group Ecommerce\",\"url\":\"https:\\\/\\\/www.malinashop.lt\\\/\",\"logo\":{\"@type\":\"ImageObject\",\"inLanguage\":\"en-GB\",\"@id\":\"https:\\\/\\\/www.malinashop.lt\\\/#\\\/schema\\\/logo\\\/image\\\/\",\"url\":\"https:\\\/\\\/www.malinashop.lt\\\/wp-content\\\/uploads\\\/2024\\\/08\\\/462559670_3787732518133670_9795632669273463_n-e1731525914575.png\",\"contentUrl\":\"https:\\\/\\\/www.malinashop.lt\\\/wp-content\\\/uploads\\\/2024\\\/08\\\/462559670_3787732518133670_9795632669273463_n-e1731525914575.png\",\"width\":180,\"height\":60,\"caption\":\"COM Group Ecommerce\"},\"image\":{\"@id\":\"https:\\\/\\\/www.malinashop.lt\\\/#\\\/schema\\\/logo\\\/image\\\/\"}}]}<\/script>\n<!-- \/ Yoast SEO plugin. -->","yoast_head_json":{"title":"SOME BY MI Bye Bye Blackhead Miracle Green Tea Tox Bubble prausiklis nuo ink\u0161tir\u0173 su BHA, 120 g - MalinaShop.lt J\u016bs\u0173 sveikatai ir gro\u017eiui.","description":"SOME BY MI Bye Bye Blackhead Green Tea Tox Bubble \u2013 burbuliuojantis prausiklis su 16 arbat\u0173 ekstraktais ir BHA, padeda valyti poras, ma\u017einti ink\u0161tirus","robots":{"index":"index","follow":"follow","max-snippet":"max-snippet:-1","max-image-preview":"max-image-preview:large","max-video-preview":"max-video-preview:-1"},"canonical":"https:\/\/www.malinashop.lt\/en\/shop\/some-by-mi-bye-bye-blackhead-miracle-green-tea-tox-bubble-prausiklis-nuo-inkstiru-su-bha-120-g\/","og_locale":"en_GB","og_type":"article","og_title":"SOME BY MI Bye Bye Blackhead Miracle Green Tea Tox Bubble prausiklis nuo ink\u0161tir\u0173 su BHA, 120 g - MalinaShop.lt J\u016bs\u0173 sveikatai ir gro\u017eiui.","og_description":"SOME BY MI Bye Bye Blackhead Green Tea Tox Bubble \u2013 burbuliuojantis prausiklis su 16 arbat\u0173 ekstraktais ir BHA, padeda valyti poras, ma\u017einti ink\u0161tirus","og_url":"https:\/\/www.malinashop.lt\/en\/shop\/some-by-mi-bye-bye-blackhead-miracle-green-tea-tox-bubble-prausiklis-nuo-inkstiru-su-bha-120-g\/","og_site_name":"MalinaShop.lt J\u016bs\u0173 sveikatai ir gro\u017eiui.","article_modified_time":"2026-04-07T19:18:04+00:00","og_image":[{"width":1100,"height":1100,"url":"https:\/\/www.malinashop.lt\/wp-content\/uploads\/2026\/02\/SOME-BY-MI-Bye-Bye-Blackhead-Miracle-Green-Tea-Tox-Bubble-prausiklis-nuo-inkstiru-su-BHA-120-g.webp","type":"image\/webp"}],"twitter_card":"summary_large_image","schema":{"@context":"https:\/\/schema.org","@graph":[{"@type":"WebPage","@id":"https:\/\/www.malinashop.lt\/lt_lt\/shop\/some-by-mi-bye-bye-blackhead-miracle-green-tea-tox-bubble-prausiklis-nuo-inkstiru-su-bha-120-g\/","url":"https:\/\/www.malinashop.lt\/lt_lt\/shop\/some-by-mi-bye-bye-blackhead-miracle-green-tea-tox-bubble-prausiklis-nuo-inkstiru-su-bha-120-g\/","name":"SOME BY MI Bye Bye Blackhead Miracle Green Tea Tox Bubble prausiklis nuo ink\u0161tir\u0173 su BHA, 120 g - MalinaShop.lt J\u016bs\u0173 sveikatai ir gro\u017eiui.","isPartOf":{"@id":"https:\/\/www.malinashop.lt\/#website"},"primaryImageOfPage":{"@id":"https:\/\/www.malinashop.lt\/lt_lt\/shop\/some-by-mi-bye-bye-blackhead-miracle-green-tea-tox-bubble-prausiklis-nuo-inkstiru-su-bha-120-g\/#primaryimage"},"image":{"@id":"https:\/\/www.malinashop.lt\/lt_lt\/shop\/some-by-mi-bye-bye-blackhead-miracle-green-tea-tox-bubble-prausiklis-nuo-inkstiru-su-bha-120-g\/#primaryimage"},"thumbnailUrl":"https:\/\/www.malinashop.lt\/wp-content\/uploads\/2026\/02\/SOME-BY-MI-Bye-Bye-Blackhead-Miracle-Green-Tea-Tox-Bubble-prausiklis-nuo-inkstiru-su-BHA-120-g.webp","datePublished":"2026-02-19T12:02:50+00:00","dateModified":"2026-04-07T19:18:04+00:00","description":"SOME BY MI Bye Bye Blackhead Green Tea Tox Bubble \u2013 burbuliuojantis prausiklis su 16 arbat\u0173 ekstraktais ir BHA, padeda valyti poras, ma\u017einti ink\u0161tirus","breadcrumb":{"@id":"https:\/\/www.malinashop.lt\/lt_lt\/shop\/some-by-mi-bye-bye-blackhead-miracle-green-tea-tox-bubble-prausiklis-nuo-inkstiru-su-bha-120-g\/#breadcrumb"},"inLanguage":"en-GB","potentialAction":[{"@type":"ReadAction","target":["https:\/\/www.malinashop.lt\/lt_lt\/shop\/some-by-mi-bye-bye-blackhead-miracle-green-tea-tox-bubble-prausiklis-nuo-inkstiru-su-bha-120-g\/"]}]},{"@type":"ImageObject","inLanguage":"en-GB","@id":"https:\/\/www.malinashop.lt\/lt_lt\/shop\/some-by-mi-bye-bye-blackhead-miracle-green-tea-tox-bubble-prausiklis-nuo-inkstiru-su-bha-120-g\/#primaryimage","url":"https:\/\/www.malinashop.lt\/wp-content\/uploads\/2026\/02\/SOME-BY-MI-Bye-Bye-Blackhead-Miracle-Green-Tea-Tox-Bubble-prausiklis-nuo-inkstiru-su-BHA-120-g.webp","contentUrl":"https:\/\/www.malinashop.lt\/wp-content\/uploads\/2026\/02\/SOME-BY-MI-Bye-Bye-Blackhead-Miracle-Green-Tea-Tox-Bubble-prausiklis-nuo-inkstiru-su-BHA-120-g.webp","width":1100,"height":1100},{"@type":"BreadcrumbList","@id":"https:\/\/www.malinashop.lt\/lt_lt\/shop\/some-by-mi-bye-bye-blackhead-miracle-green-tea-tox-bubble-prausiklis-nuo-inkstiru-su-bha-120-g\/#breadcrumb","itemListElement":[{"@type":"ListItem","position":1,"name":"Pagrindinis","item":"https:\/\/www.malinashop.lt\/"},{"@type":"ListItem","position":2,"name":"Parduotuv\u0117","item":"https:\/\/www.malinashop.lt\/en\/parduotuve\/"},{"@type":"ListItem","position":3,"name":"SOME BY MI Bye Bye Blackhead Miracle Green Tea Tox Bubble prausiklis nuo ink\u0161tir\u0173 su BHA, 120 g"}]},{"@type":"WebSite","@id":"https:\/\/www.malinashop.lt\/#website","url":"https:\/\/www.malinashop.lt\/","name":"COM Group Ecommerce","description":"MalinaShop.lt - Gro\u017eio ir sveikatos produktai i\u0161 patikim\u0173 preki\u0173 \u017eenkl\u0173. Atraskite auk\u0161tos kokyb\u0117s kosmetik\u0105 u\u017e puiki\u0105 kain\u0105.","publisher":{"@id":"https:\/\/www.malinashop.lt\/#organization"},"potentialAction":[{"@type":"SearchAction","target":{"@type":"EntryPoint","urlTemplate":"https:\/\/www.malinashop.lt\/?s={search_term_string}"},"query-input":{"@type":"PropertyValueSpecification","valueRequired":true,"valueName":"search_term_string"}}],"inLanguage":"en-GB"},{"@type":"Organization","@id":"https:\/\/www.malinashop.lt\/#organization","name":"COM Group Ecommerce","url":"https:\/\/www.malinashop.lt\/","logo":{"@type":"ImageObject","inLanguage":"en-GB","@id":"https:\/\/www.malinashop.lt\/#\/schema\/logo\/image\/","url":"https:\/\/www.malinashop.lt\/wp-content\/uploads\/2024\/08\/462559670_3787732518133670_9795632669273463_n-e1731525914575.png","contentUrl":"https:\/\/www.malinashop.lt\/wp-content\/uploads\/2024\/08\/462559670_3787732518133670_9795632669273463_n-e1731525914575.png","width":180,"height":60,"caption":"COM Group Ecommerce"},"image":{"@id":"https:\/\/www.malinashop.lt\/#\/schema\/logo\/image\/"}}]}},"jetpack_sharing_enabled":true,"_links":{"self":[{"href":"https:\/\/www.malinashop.lt\/en\/wp-json\/wp\/v2\/product\/74568","targetHints":{"allow":["GET"]}}],"collection":[{"href":"https:\/\/www.malinashop.lt\/en\/wp-json\/wp\/v2\/product"}],"about":[{"href":"https:\/\/www.malinashop.lt\/en\/wp-json\/wp\/v2\/types\/product"}],"version-history":[{"count":1,"href":"https:\/\/www.malinashop.lt\/en\/wp-json\/wp\/v2\/product\/74568\/revisions"}],"predecessor-version":[{"id":74572,"href":"https:\/\/www.malinashop.lt\/en\/wp-json\/wp\/v2\/product\/74568\/revisions\/74572"}],"wp:featuredmedia":[{"embeddable":true,"href":"https:\/\/www.malinashop.lt\/en\/wp-json\/wp\/v2\/media\/74571"}],"wp:attachment":[{"href":"https:\/\/www.malinashop.lt\/en\/wp-json\/wp\/v2\/media?parent=74568"}],"wp:term":[{"taxonomy":"product_brand","embeddable":true,"href":"https:\/\/www.malinashop.lt\/en\/wp-json\/wp\/v2\/product_brand?post=74568"},{"taxonomy":"product_cat","embeddable":true,"href":"https:\/\/www.malinashop.lt\/en\/wp-json\/wp\/v2\/product_cat?post=74568"},{"taxonomy":"product_tag","embeddable":true,"href":"https:\/\/www.malinashop.lt\/en\/wp-json\/wp\/v2\/product_tag?post=74568"}],"curies":[{"name":"wp","href":"https:\/\/api.w.org\/{rel}","templated":true}]}}