{"id":74564,"date":"2026-01-19T14:58:26","date_gmt":"2026-01-19T11:58:26","guid":{"rendered":"https:\/\/malinashop.lt\/?post_type=product&#038;p=74564"},"modified":"2026-04-07T22:18:31","modified_gmt":"2026-04-07T19:18:31","slug":"some-by-mi-aha-bha-pha-30-days-miracle-acne-body-cleanser-kuno-prausiklis-probleminei-odai-400-g","status":"publish","type":"product","link":"https:\/\/www.malinashop.lt\/en\/shop\/some-by-mi-aha-bha-pha-30-days-miracle-acne-body-cleanser-kuno-prausiklis-probleminei-odai-400-g\/","title":{"rendered":"SOME BY MI AHA-BHA-PHA 30 Days Miracle Acne Body Cleanser k\u016bno prausiklis probleminei odai, 400 g"},"content":{"rendered":"<p data-start=\"345\" data-end=\"660\">SOME BY MI AHA-BHA-PHA 30 Days Miracle Acne Body Cleanser \u2013 k\u016bno prausiklis, sukurtas problemin\u0117s k\u016bno odos prie\u017ei\u016brai, kai vargina b\u0117rimai nugaros, kr\u016btin\u0117s ar dekolt\u0117 srityse. \u0160velniai putojanti formul\u0117 padeda pa\u0161alinti ne\u0161varumus, perteklin\u012f sebum\u0105 ir negyvas odos l\u0105steles, kad oda atrodyt\u0173 \u0161varesn\u0117 ir lygesn\u0117.<\/p>\n<p data-start=\"662\" data-end=\"1052\">Priemon\u0117s sud\u0117tyje esantis AHA, BHA ir PHA r\u016bg\u0161\u010di\u0173 derinys padeda \u0161velniai \u0161veisti, valyti poras ir ma\u017einti u\u017esikim\u0161im\u0173 rizik\u0105. Arbatmed\u017eio ekstraktas ir eukalipto aliejus suteikia gaivos poj\u016bt\u012f ir padeda pri\u017ei\u016br\u0117ti \u012f b\u0117rimus linkusi\u0105 od\u0105, o azijin\u0117s centel\u0117s (tigro \u017eol\u0117s) kompleksas prisideda prie raminamojo poveikio \u2013 padeda ma\u017einti diskomfort\u0105, paraudim\u0105 ir palaikyti odos atsistatym\u0105.<\/p>\n<p data-start=\"1054\" data-end=\"1170\">\u0160is k\u016bno prausiklis skirtas problemin\u0117ms k\u016bno vietoms \u2013 svarbu kruop\u0161\u010diai nuskalauti ir nenaudoti intymiai higienai.<\/p>\n<p data-start=\"1172\" data-end=\"1200\"><strong data-start=\"1172\" data-end=\"1200\">Pagrindiniai privalumai:<\/strong><\/p>\n<ul data-start=\"1201\" data-end=\"1481\">\n<li data-start=\"1201\" data-end=\"1264\">\n<p data-start=\"1203\" data-end=\"1264\">Skirtas problemin\u0117ms k\u016bno zonoms (nugara, kr\u016btin\u0117, dekolt\u0117)<\/p>\n<\/li>\n<li data-start=\"1265\" data-end=\"1319\">\n<p data-start=\"1267\" data-end=\"1319\">AHA\/BHA\/PHA r\u016bg\u0161tys \u0161velniai \u0161vei\u010dia ir valo poras<\/p>\n<\/li>\n<li data-start=\"1320\" data-end=\"1367\">\n<p data-start=\"1322\" data-end=\"1367\">Padeda ma\u017einti b\u0117rim\u0173 ir u\u017esikim\u0161im\u0173 rizik\u0105<\/p>\n<\/li>\n<li data-start=\"1368\" data-end=\"1434\">\n<p data-start=\"1370\" data-end=\"1434\">Centel\u0117s ir arbatmed\u017eio ekstraktai ramina ir suteikia komforto<\/p>\n<\/li>\n<li data-start=\"1435\" data-end=\"1481\">\n<p data-start=\"1437\" data-end=\"1481\">Po prausimo oda atrodo lygesn\u0117 ir \u0161varesn\u0117<\/p>\n<\/li>\n<\/ul>\n<p data-start=\"1483\" data-end=\"1809\"><strong data-start=\"1483\" data-end=\"1498\">Naudojimas:<\/strong><br \/>\nNaudokite problemin\u0117ms k\u016bno vietoms (pvz., nugarai, kr\u016btinei, dekolt\u0117). Paskirstykite ant dr\u0117gnos odos, \u0161velniai pamasa\u017euokite ir kruop\u0161\u010diai nuskalaukite drungnu vandeniu.<br data-start=\"1670\" data-end=\"1673\" \/>Nenaudokite intymioms k\u016bno vietoms prausti. Tik i\u0161oriniam naudojimui. Naudojant priemon\u0119, patartina vengti tiesiogini\u0173 saul\u0117s spinduli\u0173.<\/p>\n<p data-start=\"1811\" data-end=\"1827\"><strong data-start=\"1811\" data-end=\"1821\">Talpa:<\/strong> 400 g<\/p>\n<hr data-start=\"1829\" data-end=\"1832\" \/>\n<h3 data-start=\"1834\" data-end=\"1853\">Sud\u0117tis (INCI):<\/h3>\n<p data-start=\"1854\" data-end=\"2598\">Water\/Aqua, Glycerin, Lauric Acid, Cocamidopropyl Betaine, Myristic Acid, Potassium Hydroxide, Coco-Betaine, Disodium Cocoamphodiacetate, Disodium Laureth Sulfosuccinate, Sodium Chloride, Melaleuca Alternifolia Extract, 1,2-Hexanediol, Salicylic Acid, Trideceth-10, Eucalyptus Globulus Leaf Oil, Artemisia Vulgaris Extract, Ethylhexylglycerin, Disodium EDTA, Sodium Benzoate, Gardenia Florida Fruit Extract, Limonene, Butylene Glycol, Hexylene Glycol, Dextrin, Houttuynia Cordata Extract, Palmitic Acid, Capric Acid, Centella Asiatica Extract, Citric Acid, Gluconic Acid, Mandelic Acid, Sodium Hydroxide, Lactobionic Acid, Sodium Hyaluronate Crosspolymer, Tocopherol, Propolis Extract, Asiaticoside, Asiatic Acid, Madecassic Acid, Madecassoside<\/p>\n","protected":false},"excerpt":{"rendered":"<p data-start=\"144\" data-end=\"317\">K\u016bno prausiklis probleminei odai su AHA, BHA ir PHA r\u016bg\u0161timis bei arbatmed\u017eio, centel\u0117s ir \u201etigro \u017eol\u0117s\u201c ekstraktais. \u0160velniai \u0161vei\u010dia, valo poras ir padeda ma\u017einti b\u0117rimus.<\/p>\n","protected":false},"featured_media":74566,"template":"","meta":[],"product_brand":[1648],"product_cat":[538,731],"product_tag":[1650],"class_list":{"0":"post-74564","1":"product","2":"type-product","3":"status-publish","4":"has-post-thumbnail","6":"product_brand-some-by-mi","7":"product_cat-kuno-prausikliai-duso-geliai","8":"product_cat-kunui","9":"product_tag-some-by-mi","11":"first","12":"outofstock","13":"taxable","14":"shipping-taxable","15":"purchasable","16":"product-type-simple"},"yoast_head":"<!-- This site is optimized with the Yoast SEO plugin v27.4 - https:\/\/yoast.com\/product\/yoast-seo-wordpress\/ -->\n<title>SOME BY MI AHA-BHA-PHA 30 Days Miracle Acne Body Cleanser k\u016bno prausiklis probleminei odai, 400 g - MalinaShop.lt J\u016bs\u0173 sveikatai ir gro\u017eiui.<\/title>\n<meta name=\"description\" content=\"SOME BY MI k\u016bno prausiklis probleminei odai su r\u016bg\u0161timis ir arbatmed\u017eiu, \u0161velniai \u0161vei\u010dia, valo poras ir padeda ma\u017einti b\u0117rimus nugaros ar dekolt\u0117 srityse.\" \/>\n<meta name=\"robots\" content=\"index, follow, max-snippet:-1, max-image-preview:large, max-video-preview:-1\" \/>\n<link rel=\"canonical\" href=\"https:\/\/www.malinashop.lt\/en\/shop\/some-by-mi-aha-bha-pha-30-days-miracle-acne-body-cleanser-kuno-prausiklis-probleminei-odai-400-g\/\" \/>\n<meta property=\"og:locale\" content=\"en_GB\" \/>\n<meta property=\"og:type\" content=\"article\" \/>\n<meta property=\"og:title\" content=\"SOME BY MI AHA-BHA-PHA 30 Days Miracle Acne Body Cleanser k\u016bno prausiklis probleminei odai, 400 g - MalinaShop.lt J\u016bs\u0173 sveikatai ir gro\u017eiui.\" \/>\n<meta property=\"og:description\" content=\"SOME BY MI k\u016bno prausiklis probleminei odai su r\u016bg\u0161timis ir arbatmed\u017eiu, \u0161velniai \u0161vei\u010dia, valo poras ir padeda ma\u017einti b\u0117rimus nugaros ar dekolt\u0117 srityse.\" \/>\n<meta property=\"og:url\" content=\"https:\/\/www.malinashop.lt\/en\/shop\/some-by-mi-aha-bha-pha-30-days-miracle-acne-body-cleanser-kuno-prausiklis-probleminei-odai-400-g\/\" \/>\n<meta property=\"og:site_name\" content=\"MalinaShop.lt J\u016bs\u0173 sveikatai ir gro\u017eiui.\" \/>\n<meta property=\"article:modified_time\" content=\"2026-04-07T19:18:31+00:00\" \/>\n<meta property=\"og:image\" content=\"https:\/\/www.malinashop.lt\/wp-content\/uploads\/2026\/02\/SOME-BY-MI-AHA-BHA-PHA-30-Days-Miracle-Acne-Body-Cleanser-kuno-prausiklis-probleminei-odai-400-g.webp\" \/>\n\t<meta property=\"og:image:width\" content=\"1100\" \/>\n\t<meta property=\"og:image:height\" content=\"1100\" \/>\n\t<meta property=\"og:image:type\" content=\"image\/webp\" \/>\n<meta name=\"twitter:card\" content=\"summary_large_image\" \/>\n<script type=\"application\/ld+json\" class=\"yoast-schema-graph\">{\"@context\":\"https:\\\/\\\/schema.org\",\"@graph\":[{\"@type\":\"WebPage\",\"@id\":\"https:\\\/\\\/www.malinashop.lt\\\/en\\\/shop\\\/some-by-mi-aha-bha-pha-30-days-miracle-acne-body-cleanser-kuno-prausiklis-probleminei-odai-400-g\\\/\",\"url\":\"https:\\\/\\\/www.malinashop.lt\\\/en\\\/shop\\\/some-by-mi-aha-bha-pha-30-days-miracle-acne-body-cleanser-kuno-prausiklis-probleminei-odai-400-g\\\/\",\"name\":\"SOME BY MI AHA-BHA-PHA 30 Days Miracle Acne Body Cleanser k\u016bno prausiklis probleminei odai, 400 g - MalinaShop.lt J\u016bs\u0173 sveikatai ir gro\u017eiui.\",\"isPartOf\":{\"@id\":\"https:\\\/\\\/www.malinashop.lt\\\/#website\"},\"primaryImageOfPage\":{\"@id\":\"https:\\\/\\\/www.malinashop.lt\\\/en\\\/shop\\\/some-by-mi-aha-bha-pha-30-days-miracle-acne-body-cleanser-kuno-prausiklis-probleminei-odai-400-g\\\/#primaryimage\"},\"image\":{\"@id\":\"https:\\\/\\\/www.malinashop.lt\\\/en\\\/shop\\\/some-by-mi-aha-bha-pha-30-days-miracle-acne-body-cleanser-kuno-prausiklis-probleminei-odai-400-g\\\/#primaryimage\"},\"thumbnailUrl\":\"https:\\\/\\\/www.malinashop.lt\\\/wp-content\\\/uploads\\\/2026\\\/02\\\/SOME-BY-MI-AHA-BHA-PHA-30-Days-Miracle-Acne-Body-Cleanser-kuno-prausiklis-probleminei-odai-400-g.webp\",\"datePublished\":\"2026-01-19T11:58:26+00:00\",\"dateModified\":\"2026-04-07T19:18:31+00:00\",\"description\":\"SOME BY MI k\u016bno prausiklis probleminei odai su r\u016bg\u0161timis ir arbatmed\u017eiu, \u0161velniai \u0161vei\u010dia, valo poras ir padeda ma\u017einti b\u0117rimus nugaros ar dekolt\u0117 srityse.\",\"breadcrumb\":{\"@id\":\"https:\\\/\\\/www.malinashop.lt\\\/en\\\/shop\\\/some-by-mi-aha-bha-pha-30-days-miracle-acne-body-cleanser-kuno-prausiklis-probleminei-odai-400-g\\\/#breadcrumb\"},\"inLanguage\":\"en-GB\",\"potentialAction\":[{\"@type\":\"ReadAction\",\"target\":[\"https:\\\/\\\/www.malinashop.lt\\\/en\\\/shop\\\/some-by-mi-aha-bha-pha-30-days-miracle-acne-body-cleanser-kuno-prausiklis-probleminei-odai-400-g\\\/\"]}]},{\"@type\":\"ImageObject\",\"inLanguage\":\"en-GB\",\"@id\":\"https:\\\/\\\/www.malinashop.lt\\\/en\\\/shop\\\/some-by-mi-aha-bha-pha-30-days-miracle-acne-body-cleanser-kuno-prausiklis-probleminei-odai-400-g\\\/#primaryimage\",\"url\":\"https:\\\/\\\/www.malinashop.lt\\\/wp-content\\\/uploads\\\/2026\\\/02\\\/SOME-BY-MI-AHA-BHA-PHA-30-Days-Miracle-Acne-Body-Cleanser-kuno-prausiklis-probleminei-odai-400-g.webp\",\"contentUrl\":\"https:\\\/\\\/www.malinashop.lt\\\/wp-content\\\/uploads\\\/2026\\\/02\\\/SOME-BY-MI-AHA-BHA-PHA-30-Days-Miracle-Acne-Body-Cleanser-kuno-prausiklis-probleminei-odai-400-g.webp\",\"width\":1100,\"height\":1100},{\"@type\":\"BreadcrumbList\",\"@id\":\"https:\\\/\\\/www.malinashop.lt\\\/en\\\/shop\\\/some-by-mi-aha-bha-pha-30-days-miracle-acne-body-cleanser-kuno-prausiklis-probleminei-odai-400-g\\\/#breadcrumb\",\"itemListElement\":[{\"@type\":\"ListItem\",\"position\":1,\"name\":\"Pagrindinis\",\"item\":\"https:\\\/\\\/www.malinashop.lt\\\/\"},{\"@type\":\"ListItem\",\"position\":2,\"name\":\"Parduotuv\u0117\",\"item\":\"https:\\\/\\\/www.malinashop.lt\\\/en\\\/parduotuve\\\/\"},{\"@type\":\"ListItem\",\"position\":3,\"name\":\"SOME BY MI AHA-BHA-PHA 30 Days Miracle Acne Body Cleanser k\u016bno prausiklis probleminei odai, 400 g\"}]},{\"@type\":\"WebSite\",\"@id\":\"https:\\\/\\\/www.malinashop.lt\\\/#website\",\"url\":\"https:\\\/\\\/www.malinashop.lt\\\/\",\"name\":\"COM Group Ecommerce\",\"description\":\"MalinaShop.lt - Gro\u017eio ir sveikatos produktai i\u0161 patikim\u0173 preki\u0173 \u017eenkl\u0173. Atraskite auk\u0161tos kokyb\u0117s kosmetik\u0105 u\u017e puiki\u0105 kain\u0105.\",\"publisher\":{\"@id\":\"https:\\\/\\\/www.malinashop.lt\\\/#organization\"},\"potentialAction\":[{\"@type\":\"SearchAction\",\"target\":{\"@type\":\"EntryPoint\",\"urlTemplate\":\"https:\\\/\\\/www.malinashop.lt\\\/?s={search_term_string}\"},\"query-input\":{\"@type\":\"PropertyValueSpecification\",\"valueRequired\":true,\"valueName\":\"search_term_string\"}}],\"inLanguage\":\"en-GB\"},{\"@type\":\"Organization\",\"@id\":\"https:\\\/\\\/www.malinashop.lt\\\/#organization\",\"name\":\"COM Group Ecommerce\",\"url\":\"https:\\\/\\\/www.malinashop.lt\\\/\",\"logo\":{\"@type\":\"ImageObject\",\"inLanguage\":\"en-GB\",\"@id\":\"https:\\\/\\\/www.malinashop.lt\\\/#\\\/schema\\\/logo\\\/image\\\/\",\"url\":\"https:\\\/\\\/www.malinashop.lt\\\/wp-content\\\/uploads\\\/2024\\\/08\\\/462559670_3787732518133670_9795632669273463_n-e1731525914575.png\",\"contentUrl\":\"https:\\\/\\\/www.malinashop.lt\\\/wp-content\\\/uploads\\\/2024\\\/08\\\/462559670_3787732518133670_9795632669273463_n-e1731525914575.png\",\"width\":180,\"height\":60,\"caption\":\"COM Group Ecommerce\"},\"image\":{\"@id\":\"https:\\\/\\\/www.malinashop.lt\\\/#\\\/schema\\\/logo\\\/image\\\/\"}}]}<\/script>\n<!-- \/ Yoast SEO plugin. -->","yoast_head_json":{"title":"SOME BY MI AHA-BHA-PHA 30 Days Miracle Acne Body Cleanser k\u016bno prausiklis probleminei odai, 400 g - MalinaShop.lt J\u016bs\u0173 sveikatai ir gro\u017eiui.","description":"SOME BY MI k\u016bno prausiklis probleminei odai su r\u016bg\u0161timis ir arbatmed\u017eiu, \u0161velniai \u0161vei\u010dia, valo poras ir padeda ma\u017einti b\u0117rimus nugaros ar dekolt\u0117 srityse.","robots":{"index":"index","follow":"follow","max-snippet":"max-snippet:-1","max-image-preview":"max-image-preview:large","max-video-preview":"max-video-preview:-1"},"canonical":"https:\/\/www.malinashop.lt\/en\/shop\/some-by-mi-aha-bha-pha-30-days-miracle-acne-body-cleanser-kuno-prausiklis-probleminei-odai-400-g\/","og_locale":"en_GB","og_type":"article","og_title":"SOME BY MI AHA-BHA-PHA 30 Days Miracle Acne Body Cleanser k\u016bno prausiklis probleminei odai, 400 g - MalinaShop.lt J\u016bs\u0173 sveikatai ir gro\u017eiui.","og_description":"SOME BY MI k\u016bno prausiklis probleminei odai su r\u016bg\u0161timis ir arbatmed\u017eiu, \u0161velniai \u0161vei\u010dia, valo poras ir padeda ma\u017einti b\u0117rimus nugaros ar dekolt\u0117 srityse.","og_url":"https:\/\/www.malinashop.lt\/en\/shop\/some-by-mi-aha-bha-pha-30-days-miracle-acne-body-cleanser-kuno-prausiklis-probleminei-odai-400-g\/","og_site_name":"MalinaShop.lt J\u016bs\u0173 sveikatai ir gro\u017eiui.","article_modified_time":"2026-04-07T19:18:31+00:00","og_image":[{"width":1100,"height":1100,"url":"https:\/\/www.malinashop.lt\/wp-content\/uploads\/2026\/02\/SOME-BY-MI-AHA-BHA-PHA-30-Days-Miracle-Acne-Body-Cleanser-kuno-prausiklis-probleminei-odai-400-g.webp","type":"image\/webp"}],"twitter_card":"summary_large_image","schema":{"@context":"https:\/\/schema.org","@graph":[{"@type":"WebPage","@id":"https:\/\/www.malinashop.lt\/en\/shop\/some-by-mi-aha-bha-pha-30-days-miracle-acne-body-cleanser-kuno-prausiklis-probleminei-odai-400-g\/","url":"https:\/\/www.malinashop.lt\/en\/shop\/some-by-mi-aha-bha-pha-30-days-miracle-acne-body-cleanser-kuno-prausiklis-probleminei-odai-400-g\/","name":"SOME BY MI AHA-BHA-PHA 30 Days Miracle Acne Body Cleanser k\u016bno prausiklis probleminei odai, 400 g - MalinaShop.lt J\u016bs\u0173 sveikatai ir gro\u017eiui.","isPartOf":{"@id":"https:\/\/www.malinashop.lt\/#website"},"primaryImageOfPage":{"@id":"https:\/\/www.malinashop.lt\/en\/shop\/some-by-mi-aha-bha-pha-30-days-miracle-acne-body-cleanser-kuno-prausiklis-probleminei-odai-400-g\/#primaryimage"},"image":{"@id":"https:\/\/www.malinashop.lt\/en\/shop\/some-by-mi-aha-bha-pha-30-days-miracle-acne-body-cleanser-kuno-prausiklis-probleminei-odai-400-g\/#primaryimage"},"thumbnailUrl":"https:\/\/www.malinashop.lt\/wp-content\/uploads\/2026\/02\/SOME-BY-MI-AHA-BHA-PHA-30-Days-Miracle-Acne-Body-Cleanser-kuno-prausiklis-probleminei-odai-400-g.webp","datePublished":"2026-01-19T11:58:26+00:00","dateModified":"2026-04-07T19:18:31+00:00","description":"SOME BY MI k\u016bno prausiklis probleminei odai su r\u016bg\u0161timis ir arbatmed\u017eiu, \u0161velniai \u0161vei\u010dia, valo poras ir padeda ma\u017einti b\u0117rimus nugaros ar dekolt\u0117 srityse.","breadcrumb":{"@id":"https:\/\/www.malinashop.lt\/en\/shop\/some-by-mi-aha-bha-pha-30-days-miracle-acne-body-cleanser-kuno-prausiklis-probleminei-odai-400-g\/#breadcrumb"},"inLanguage":"en-GB","potentialAction":[{"@type":"ReadAction","target":["https:\/\/www.malinashop.lt\/en\/shop\/some-by-mi-aha-bha-pha-30-days-miracle-acne-body-cleanser-kuno-prausiklis-probleminei-odai-400-g\/"]}]},{"@type":"ImageObject","inLanguage":"en-GB","@id":"https:\/\/www.malinashop.lt\/en\/shop\/some-by-mi-aha-bha-pha-30-days-miracle-acne-body-cleanser-kuno-prausiklis-probleminei-odai-400-g\/#primaryimage","url":"https:\/\/www.malinashop.lt\/wp-content\/uploads\/2026\/02\/SOME-BY-MI-AHA-BHA-PHA-30-Days-Miracle-Acne-Body-Cleanser-kuno-prausiklis-probleminei-odai-400-g.webp","contentUrl":"https:\/\/www.malinashop.lt\/wp-content\/uploads\/2026\/02\/SOME-BY-MI-AHA-BHA-PHA-30-Days-Miracle-Acne-Body-Cleanser-kuno-prausiklis-probleminei-odai-400-g.webp","width":1100,"height":1100},{"@type":"BreadcrumbList","@id":"https:\/\/www.malinashop.lt\/en\/shop\/some-by-mi-aha-bha-pha-30-days-miracle-acne-body-cleanser-kuno-prausiklis-probleminei-odai-400-g\/#breadcrumb","itemListElement":[{"@type":"ListItem","position":1,"name":"Pagrindinis","item":"https:\/\/www.malinashop.lt\/"},{"@type":"ListItem","position":2,"name":"Parduotuv\u0117","item":"https:\/\/www.malinashop.lt\/en\/parduotuve\/"},{"@type":"ListItem","position":3,"name":"SOME BY MI AHA-BHA-PHA 30 Days Miracle Acne Body Cleanser k\u016bno prausiklis probleminei odai, 400 g"}]},{"@type":"WebSite","@id":"https:\/\/www.malinashop.lt\/#website","url":"https:\/\/www.malinashop.lt\/","name":"COM Group Ecommerce","description":"MalinaShop.lt - Gro\u017eio ir sveikatos produktai i\u0161 patikim\u0173 preki\u0173 \u017eenkl\u0173. Atraskite auk\u0161tos kokyb\u0117s kosmetik\u0105 u\u017e puiki\u0105 kain\u0105.","publisher":{"@id":"https:\/\/www.malinashop.lt\/#organization"},"potentialAction":[{"@type":"SearchAction","target":{"@type":"EntryPoint","urlTemplate":"https:\/\/www.malinashop.lt\/?s={search_term_string}"},"query-input":{"@type":"PropertyValueSpecification","valueRequired":true,"valueName":"search_term_string"}}],"inLanguage":"en-GB"},{"@type":"Organization","@id":"https:\/\/www.malinashop.lt\/#organization","name":"COM Group Ecommerce","url":"https:\/\/www.malinashop.lt\/","logo":{"@type":"ImageObject","inLanguage":"en-GB","@id":"https:\/\/www.malinashop.lt\/#\/schema\/logo\/image\/","url":"https:\/\/www.malinashop.lt\/wp-content\/uploads\/2024\/08\/462559670_3787732518133670_9795632669273463_n-e1731525914575.png","contentUrl":"https:\/\/www.malinashop.lt\/wp-content\/uploads\/2024\/08\/462559670_3787732518133670_9795632669273463_n-e1731525914575.png","width":180,"height":60,"caption":"COM Group Ecommerce"},"image":{"@id":"https:\/\/www.malinashop.lt\/#\/schema\/logo\/image\/"}}]}},"jetpack_sharing_enabled":true,"_links":{"self":[{"href":"https:\/\/www.malinashop.lt\/en\/wp-json\/wp\/v2\/product\/74564","targetHints":{"allow":["GET"]}}],"collection":[{"href":"https:\/\/www.malinashop.lt\/en\/wp-json\/wp\/v2\/product"}],"about":[{"href":"https:\/\/www.malinashop.lt\/en\/wp-json\/wp\/v2\/types\/product"}],"version-history":[{"count":1,"href":"https:\/\/www.malinashop.lt\/en\/wp-json\/wp\/v2\/product\/74564\/revisions"}],"predecessor-version":[{"id":74567,"href":"https:\/\/www.malinashop.lt\/en\/wp-json\/wp\/v2\/product\/74564\/revisions\/74567"}],"wp:featuredmedia":[{"embeddable":true,"href":"https:\/\/www.malinashop.lt\/en\/wp-json\/wp\/v2\/media\/74566"}],"wp:attachment":[{"href":"https:\/\/www.malinashop.lt\/en\/wp-json\/wp\/v2\/media?parent=74564"}],"wp:term":[{"taxonomy":"product_brand","embeddable":true,"href":"https:\/\/www.malinashop.lt\/en\/wp-json\/wp\/v2\/product_brand?post=74564"},{"taxonomy":"product_cat","embeddable":true,"href":"https:\/\/www.malinashop.lt\/en\/wp-json\/wp\/v2\/product_cat?post=74564"},{"taxonomy":"product_tag","embeddable":true,"href":"https:\/\/www.malinashop.lt\/en\/wp-json\/wp\/v2\/product_tag?post=74564"}],"curies":[{"name":"wp","href":"https:\/\/api.w.org\/{rel}","templated":true}]}}