{"id":74547,"date":"2026-02-19T14:36:08","date_gmt":"2026-02-19T11:36:08","guid":{"rendered":"https:\/\/malinashop.lt\/?post_type=product&#038;p=74547"},"modified":"2026-04-07T22:18:05","modified_gmt":"2026-04-07T19:18:05","slug":"some-by-mi-beta-panthenol-repair-daily-mask-drekinancios-lakstines-veido-kaukes-30-vnt","status":"publish","type":"product","link":"https:\/\/www.malinashop.lt\/en\/shop\/some-by-mi-beta-panthenol-repair-daily-mask-drekinancios-lakstines-veido-kaukes-30-vnt\/","title":{"rendered":"SOME BY MI Beta Panthenol Repair Daily Mask dr\u0117kinan\u010dios lak\u0161tin\u0117s veido kauk\u0117s, 30 vnt."},"content":{"rendered":"<p data-start=\"317\" data-end=\"598\">SOME BY MI Beta Panthenol Repair Daily Mask 30pcs \u2013 intensyviai dr\u0117kinan\u010dios ir raminan\u010dios lak\u0161tin\u0117s veido kauk\u0117s, sukurtos jautriai, sudirgusiai ir sausai odai. Tai puikus pasirinkimas kasdienei odos prie\u017ei\u016brai, kai oda praradusi komfort\u0105, linkusi \u012f paraudimus ar tempimo poj\u016bt\u012f.<\/p>\n<p data-start=\"600\" data-end=\"926\">Formul\u0117 praturtinta D-pantenoliu (10 000+ ppm) ir beta-sitosteroliu, kurie padeda raminti sudirgim\u0105, palaikyti odos atsistatym\u0105 ir stiprinti apsaugin\u012f barjer\u0105. Hialurono r\u016bg\u0161ties kompleksas intensyviai dr\u0117kina ir padeda i\u0161laikyti dr\u0117gm\u0119 odoje, o keramidas NP prisideda prie odos barjero stiprinimo ir apsaugos nuo i\u0161saus\u0117jimo.<\/p>\n<p data-start=\"928\" data-end=\"1157\">Itin plonos tekst\u016bros lak\u0161tas gerai priglunda prie veido, leid\u017eia aktyviosioms med\u017eiagoms efektyviai veikti ir suteikia komforto poj\u016bt\u012f naudojimo metu. Reguliariai naudojant, oda tampa mink\u0161tesn\u0117, sudr\u0117kinta ir vizualiai ramesn\u0117.<\/p>\n<p data-start=\"1159\" data-end=\"1187\"><strong data-start=\"1159\" data-end=\"1187\">Pagrindiniai privalumai:<\/strong><\/p>\n<ul data-start=\"1188\" data-end=\"1394\">\n<li data-start=\"1188\" data-end=\"1241\">\n<p data-start=\"1190\" data-end=\"1241\">Intensyviai dr\u0117kina ir ma\u017eina odos sausumo poj\u016bt\u012f<\/p>\n<\/li>\n<li data-start=\"1242\" data-end=\"1276\">\n<p data-start=\"1244\" data-end=\"1276\">Ramina paraudimus ir sudirgim\u0105<\/p>\n<\/li>\n<li data-start=\"1277\" data-end=\"1312\">\n<p data-start=\"1279\" data-end=\"1312\">Stiprina odos apsaugin\u012f barjer\u0105<\/p>\n<\/li>\n<li data-start=\"1313\" data-end=\"1362\">\n<p data-start=\"1315\" data-end=\"1362\">Hialurono r\u016bg\u0161tis suteikia putlumo ir dr\u0117gm\u0117s<\/p>\n<\/li>\n<li data-start=\"1363\" data-end=\"1394\">\n<p data-start=\"1365\" data-end=\"1394\">Tinka kasdieniam naudojimui<\/p>\n<\/li>\n<\/ul>\n<p data-start=\"1396\" data-end=\"1525\"><strong data-start=\"1396\" data-end=\"1411\">Naudojimas:<\/strong><br \/>\nAnt \u0161varios veido odos u\u017ed\u0117kite kauk\u0119 ir laikykite 10\u201320 min. Nuimkite ir t\u0119skite \u012fprast\u0105 odos prie\u017ei\u016bros rutin\u0105.<\/p>\n<p data-start=\"1527\" data-end=\"1556\"><strong data-start=\"1527\" data-end=\"1548\">Kiekis pakuot\u0117je:<\/strong> 30 vnt.<\/p>\n<hr data-start=\"1558\" data-end=\"1561\" \/>\n<h3 data-start=\"1563\" data-end=\"1582\">Sud\u0117tis (INCI):<\/h3>\n<p data-start=\"1583\" data-end=\"2869\">Water\/Aqua, Butylene Glycol, Niacinamide, Glycerin, Panthenol (10,500 ppm), Propanediol, Dipropylene Glycol, Olea Europaea (Olive) Fruit Oil, Glycereth-26, Polyglyceryl-10 Laurate, Hydroxyacetophenone, Caprylyl Glycol, Xanthan Gum, Ethylhexylglycerin, 1,2-Hexanediol, Acrylates\/C10-30 Alkyl Acrylate Crosspolymer, Arginine, Polyglyceryl-3 Methylglucose Distearate, Glyceryl Stearate SE, Pantolactone, Methyl Glucose Sesquistearate, Dipotassium Glycyrrhizate, Allantoin, Citric Acid, Sodium Citrate, Sodium Hyaluronate, Diethylhexyl Sodium Sulfosuccinate, Xylitylglucoside, Musa Sapientum (Banana) Fruit Extract, Anhydroxylitol, Rosa Damascena Flower Water, Pyrus Communis (Pear) Fruit Extract, Prunus Domestica Fruit Extract, Xylitol, Cucumis Melo (Melon) Fruit Extract, Glyceryl Glucoside, Hedera Helix (Ivy) Leaf\/Stem Extract, Octyldodecanol, Ectoin, Hydrogenated Lecithin, Beta-Sitosterol (750 ppb), Glucose, Sodium Palmitoyl Sarcosinate, Lactobacillus Ferment Lysate, Hydrolyzed Sodium Hyaluronate, Dimethylsilanol Hyaluronate, Hydrolyzed Hyaluronic Acid, Hyaluronic Acid, Potassium Hyaluronate, Hydroxypropyltrimonium Hyaluronate, Sodium Hyaluronate Crosspolymer, Sodium Hyaluronate Dimethylsilanol, Ceramide NP, Sodium Acetylated Hyaluronate, Acetyl Tetrapeptide-40, Disodium EDTA<\/p>\n","protected":false},"excerpt":{"rendered":"<p data-start=\"141\" data-end=\"306\">Kasdien\u0117s lak\u0161tin\u0117s kauk\u0117s su pantenoliu, keramidais ir hialurono r\u016bg\u0161timi. Ramina, dr\u0117kina ir stiprina odos barjer\u0105 \u2013 tinka jautriai ir sudirgusiai odai.<\/p>\n","protected":false},"featured_media":74549,"template":"","meta":[],"product_brand":[1648],"product_cat":[1136,728],"product_tag":[1650],"class_list":{"0":"post-74547","1":"product","2":"type-product","3":"status-publish","4":"has-post-thumbnail","6":"product_brand-some-by-mi","7":"product_cat-lakstines-veido-kaukes","8":"product_cat-veidui","9":"product_tag-some-by-mi","11":"first","12":"instock","13":"taxable","14":"shipping-taxable","15":"purchasable","16":"product-type-simple"},"yoast_head":"<!-- This site is optimized with the Yoast SEO plugin v27.4 - https:\/\/yoast.com\/product\/yoast-seo-wordpress\/ -->\n<title>SOME BY MI Beta Panthenol Repair Daily Mask dr\u0117kinan\u010dios lak\u0161tin\u0117s veido kauk\u0117s, 30 vnt. - MalinaShop.lt J\u016bs\u0173 sveikatai ir gro\u017eiui.<\/title>\n<meta name=\"description\" content=\"SOME BY MI Beta Panthenol Daily Mask 30 vnt. \u2013 dr\u0117kinan\u010dios kauk\u0117s su pantenoliu, keramidais ir hialuronu, ramina sudirgusi\u0105 od\u0105.\" \/>\n<meta name=\"robots\" content=\"index, follow, max-snippet:-1, max-image-preview:large, max-video-preview:-1\" \/>\n<link rel=\"canonical\" href=\"https:\/\/www.malinashop.lt\/en\/shop\/some-by-mi-beta-panthenol-repair-daily-mask-drekinancios-lakstines-veido-kaukes-30-vnt\/\" \/>\n<meta property=\"og:locale\" content=\"en_GB\" \/>\n<meta property=\"og:type\" content=\"article\" \/>\n<meta property=\"og:title\" content=\"SOME BY MI Beta Panthenol Repair Daily Mask dr\u0117kinan\u010dios lak\u0161tin\u0117s veido kauk\u0117s, 30 vnt. - MalinaShop.lt J\u016bs\u0173 sveikatai ir gro\u017eiui.\" \/>\n<meta property=\"og:description\" content=\"SOME BY MI Beta Panthenol Daily Mask 30 vnt. \u2013 dr\u0117kinan\u010dios kauk\u0117s su pantenoliu, keramidais ir hialuronu, ramina sudirgusi\u0105 od\u0105.\" \/>\n<meta property=\"og:url\" content=\"https:\/\/www.malinashop.lt\/en\/shop\/some-by-mi-beta-panthenol-repair-daily-mask-drekinancios-lakstines-veido-kaukes-30-vnt\/\" \/>\n<meta property=\"og:site_name\" content=\"MalinaShop.lt J\u016bs\u0173 sveikatai ir gro\u017eiui.\" \/>\n<meta property=\"article:modified_time\" content=\"2026-04-07T19:18:05+00:00\" \/>\n<meta property=\"og:image\" content=\"https:\/\/www.malinashop.lt\/wp-content\/uploads\/2026\/02\/SOME-BY-MI-Beta-Panthenol-Repair-Daily-Mask-drekinancios-lakstines-veido-kaukes-30-vnt.webp\" \/>\n\t<meta property=\"og:image:width\" content=\"1100\" \/>\n\t<meta property=\"og:image:height\" content=\"1100\" \/>\n\t<meta property=\"og:image:type\" content=\"image\/webp\" \/>\n<meta name=\"twitter:card\" content=\"summary_large_image\" \/>\n<script type=\"application\/ld+json\" class=\"yoast-schema-graph\">{\"@context\":\"https:\\\/\\\/schema.org\",\"@graph\":[{\"@type\":\"WebPage\",\"@id\":\"https:\\\/\\\/www.malinashop.lt\\\/en\\\/shop\\\/some-by-mi-beta-panthenol-repair-daily-mask-drekinancios-lakstines-veido-kaukes-30-vnt\\\/\",\"url\":\"https:\\\/\\\/www.malinashop.lt\\\/en\\\/shop\\\/some-by-mi-beta-panthenol-repair-daily-mask-drekinancios-lakstines-veido-kaukes-30-vnt\\\/\",\"name\":\"SOME BY MI Beta Panthenol Repair Daily Mask dr\u0117kinan\u010dios lak\u0161tin\u0117s veido kauk\u0117s, 30 vnt. - MalinaShop.lt J\u016bs\u0173 sveikatai ir gro\u017eiui.\",\"isPartOf\":{\"@id\":\"https:\\\/\\\/www.malinashop.lt\\\/#website\"},\"primaryImageOfPage\":{\"@id\":\"https:\\\/\\\/www.malinashop.lt\\\/en\\\/shop\\\/some-by-mi-beta-panthenol-repair-daily-mask-drekinancios-lakstines-veido-kaukes-30-vnt\\\/#primaryimage\"},\"image\":{\"@id\":\"https:\\\/\\\/www.malinashop.lt\\\/en\\\/shop\\\/some-by-mi-beta-panthenol-repair-daily-mask-drekinancios-lakstines-veido-kaukes-30-vnt\\\/#primaryimage\"},\"thumbnailUrl\":\"https:\\\/\\\/www.malinashop.lt\\\/wp-content\\\/uploads\\\/2026\\\/02\\\/SOME-BY-MI-Beta-Panthenol-Repair-Daily-Mask-drekinancios-lakstines-veido-kaukes-30-vnt.webp\",\"datePublished\":\"2026-02-19T11:36:08+00:00\",\"dateModified\":\"2026-04-07T19:18:05+00:00\",\"description\":\"SOME BY MI Beta Panthenol Daily Mask 30 vnt. \u2013 dr\u0117kinan\u010dios kauk\u0117s su pantenoliu, keramidais ir hialuronu, ramina sudirgusi\u0105 od\u0105.\",\"breadcrumb\":{\"@id\":\"https:\\\/\\\/www.malinashop.lt\\\/en\\\/shop\\\/some-by-mi-beta-panthenol-repair-daily-mask-drekinancios-lakstines-veido-kaukes-30-vnt\\\/#breadcrumb\"},\"inLanguage\":\"en-GB\",\"potentialAction\":[{\"@type\":\"ReadAction\",\"target\":[\"https:\\\/\\\/www.malinashop.lt\\\/en\\\/shop\\\/some-by-mi-beta-panthenol-repair-daily-mask-drekinancios-lakstines-veido-kaukes-30-vnt\\\/\"]}]},{\"@type\":\"ImageObject\",\"inLanguage\":\"en-GB\",\"@id\":\"https:\\\/\\\/www.malinashop.lt\\\/en\\\/shop\\\/some-by-mi-beta-panthenol-repair-daily-mask-drekinancios-lakstines-veido-kaukes-30-vnt\\\/#primaryimage\",\"url\":\"https:\\\/\\\/www.malinashop.lt\\\/wp-content\\\/uploads\\\/2026\\\/02\\\/SOME-BY-MI-Beta-Panthenol-Repair-Daily-Mask-drekinancios-lakstines-veido-kaukes-30-vnt.webp\",\"contentUrl\":\"https:\\\/\\\/www.malinashop.lt\\\/wp-content\\\/uploads\\\/2026\\\/02\\\/SOME-BY-MI-Beta-Panthenol-Repair-Daily-Mask-drekinancios-lakstines-veido-kaukes-30-vnt.webp\",\"width\":1100,\"height\":1100},{\"@type\":\"BreadcrumbList\",\"@id\":\"https:\\\/\\\/www.malinashop.lt\\\/en\\\/shop\\\/some-by-mi-beta-panthenol-repair-daily-mask-drekinancios-lakstines-veido-kaukes-30-vnt\\\/#breadcrumb\",\"itemListElement\":[{\"@type\":\"ListItem\",\"position\":1,\"name\":\"Pagrindinis\",\"item\":\"https:\\\/\\\/www.malinashop.lt\\\/\"},{\"@type\":\"ListItem\",\"position\":2,\"name\":\"Parduotuv\u0117\",\"item\":\"https:\\\/\\\/www.malinashop.lt\\\/en\\\/parduotuve\\\/\"},{\"@type\":\"ListItem\",\"position\":3,\"name\":\"SOME BY MI Beta Panthenol Repair Daily Mask dr\u0117kinan\u010dios lak\u0161tin\u0117s veido kauk\u0117s, 30 vnt.\"}]},{\"@type\":\"WebSite\",\"@id\":\"https:\\\/\\\/www.malinashop.lt\\\/#website\",\"url\":\"https:\\\/\\\/www.malinashop.lt\\\/\",\"name\":\"COM Group Ecommerce\",\"description\":\"MalinaShop.lt - Gro\u017eio ir sveikatos produktai i\u0161 patikim\u0173 preki\u0173 \u017eenkl\u0173. Atraskite auk\u0161tos kokyb\u0117s kosmetik\u0105 u\u017e puiki\u0105 kain\u0105.\",\"publisher\":{\"@id\":\"https:\\\/\\\/www.malinashop.lt\\\/#organization\"},\"potentialAction\":[{\"@type\":\"SearchAction\",\"target\":{\"@type\":\"EntryPoint\",\"urlTemplate\":\"https:\\\/\\\/www.malinashop.lt\\\/?s={search_term_string}\"},\"query-input\":{\"@type\":\"PropertyValueSpecification\",\"valueRequired\":true,\"valueName\":\"search_term_string\"}}],\"inLanguage\":\"en-GB\"},{\"@type\":\"Organization\",\"@id\":\"https:\\\/\\\/www.malinashop.lt\\\/#organization\",\"name\":\"COM Group Ecommerce\",\"url\":\"https:\\\/\\\/www.malinashop.lt\\\/\",\"logo\":{\"@type\":\"ImageObject\",\"inLanguage\":\"en-GB\",\"@id\":\"https:\\\/\\\/www.malinashop.lt\\\/#\\\/schema\\\/logo\\\/image\\\/\",\"url\":\"https:\\\/\\\/www.malinashop.lt\\\/wp-content\\\/uploads\\\/2024\\\/08\\\/462559670_3787732518133670_9795632669273463_n-e1731525914575.png\",\"contentUrl\":\"https:\\\/\\\/www.malinashop.lt\\\/wp-content\\\/uploads\\\/2024\\\/08\\\/462559670_3787732518133670_9795632669273463_n-e1731525914575.png\",\"width\":180,\"height\":60,\"caption\":\"COM Group Ecommerce\"},\"image\":{\"@id\":\"https:\\\/\\\/www.malinashop.lt\\\/#\\\/schema\\\/logo\\\/image\\\/\"}}]}<\/script>\n<!-- \/ Yoast SEO plugin. -->","yoast_head_json":{"title":"SOME BY MI Beta Panthenol Repair Daily Mask dr\u0117kinan\u010dios lak\u0161tin\u0117s veido kauk\u0117s, 30 vnt. - MalinaShop.lt J\u016bs\u0173 sveikatai ir gro\u017eiui.","description":"SOME BY MI Beta Panthenol Daily Mask 30 vnt. \u2013 dr\u0117kinan\u010dios kauk\u0117s su pantenoliu, keramidais ir hialuronu, ramina sudirgusi\u0105 od\u0105.","robots":{"index":"index","follow":"follow","max-snippet":"max-snippet:-1","max-image-preview":"max-image-preview:large","max-video-preview":"max-video-preview:-1"},"canonical":"https:\/\/www.malinashop.lt\/en\/shop\/some-by-mi-beta-panthenol-repair-daily-mask-drekinancios-lakstines-veido-kaukes-30-vnt\/","og_locale":"en_GB","og_type":"article","og_title":"SOME BY MI Beta Panthenol Repair Daily Mask dr\u0117kinan\u010dios lak\u0161tin\u0117s veido kauk\u0117s, 30 vnt. - MalinaShop.lt J\u016bs\u0173 sveikatai ir gro\u017eiui.","og_description":"SOME BY MI Beta Panthenol Daily Mask 30 vnt. \u2013 dr\u0117kinan\u010dios kauk\u0117s su pantenoliu, keramidais ir hialuronu, ramina sudirgusi\u0105 od\u0105.","og_url":"https:\/\/www.malinashop.lt\/en\/shop\/some-by-mi-beta-panthenol-repair-daily-mask-drekinancios-lakstines-veido-kaukes-30-vnt\/","og_site_name":"MalinaShop.lt J\u016bs\u0173 sveikatai ir gro\u017eiui.","article_modified_time":"2026-04-07T19:18:05+00:00","og_image":[{"width":1100,"height":1100,"url":"https:\/\/www.malinashop.lt\/wp-content\/uploads\/2026\/02\/SOME-BY-MI-Beta-Panthenol-Repair-Daily-Mask-drekinancios-lakstines-veido-kaukes-30-vnt.webp","type":"image\/webp"}],"twitter_card":"summary_large_image","schema":{"@context":"https:\/\/schema.org","@graph":[{"@type":"WebPage","@id":"https:\/\/www.malinashop.lt\/en\/shop\/some-by-mi-beta-panthenol-repair-daily-mask-drekinancios-lakstines-veido-kaukes-30-vnt\/","url":"https:\/\/www.malinashop.lt\/en\/shop\/some-by-mi-beta-panthenol-repair-daily-mask-drekinancios-lakstines-veido-kaukes-30-vnt\/","name":"SOME BY MI Beta Panthenol Repair Daily Mask dr\u0117kinan\u010dios lak\u0161tin\u0117s veido kauk\u0117s, 30 vnt. - MalinaShop.lt J\u016bs\u0173 sveikatai ir gro\u017eiui.","isPartOf":{"@id":"https:\/\/www.malinashop.lt\/#website"},"primaryImageOfPage":{"@id":"https:\/\/www.malinashop.lt\/en\/shop\/some-by-mi-beta-panthenol-repair-daily-mask-drekinancios-lakstines-veido-kaukes-30-vnt\/#primaryimage"},"image":{"@id":"https:\/\/www.malinashop.lt\/en\/shop\/some-by-mi-beta-panthenol-repair-daily-mask-drekinancios-lakstines-veido-kaukes-30-vnt\/#primaryimage"},"thumbnailUrl":"https:\/\/www.malinashop.lt\/wp-content\/uploads\/2026\/02\/SOME-BY-MI-Beta-Panthenol-Repair-Daily-Mask-drekinancios-lakstines-veido-kaukes-30-vnt.webp","datePublished":"2026-02-19T11:36:08+00:00","dateModified":"2026-04-07T19:18:05+00:00","description":"SOME BY MI Beta Panthenol Daily Mask 30 vnt. \u2013 dr\u0117kinan\u010dios kauk\u0117s su pantenoliu, keramidais ir hialuronu, ramina sudirgusi\u0105 od\u0105.","breadcrumb":{"@id":"https:\/\/www.malinashop.lt\/en\/shop\/some-by-mi-beta-panthenol-repair-daily-mask-drekinancios-lakstines-veido-kaukes-30-vnt\/#breadcrumb"},"inLanguage":"en-GB","potentialAction":[{"@type":"ReadAction","target":["https:\/\/www.malinashop.lt\/en\/shop\/some-by-mi-beta-panthenol-repair-daily-mask-drekinancios-lakstines-veido-kaukes-30-vnt\/"]}]},{"@type":"ImageObject","inLanguage":"en-GB","@id":"https:\/\/www.malinashop.lt\/en\/shop\/some-by-mi-beta-panthenol-repair-daily-mask-drekinancios-lakstines-veido-kaukes-30-vnt\/#primaryimage","url":"https:\/\/www.malinashop.lt\/wp-content\/uploads\/2026\/02\/SOME-BY-MI-Beta-Panthenol-Repair-Daily-Mask-drekinancios-lakstines-veido-kaukes-30-vnt.webp","contentUrl":"https:\/\/www.malinashop.lt\/wp-content\/uploads\/2026\/02\/SOME-BY-MI-Beta-Panthenol-Repair-Daily-Mask-drekinancios-lakstines-veido-kaukes-30-vnt.webp","width":1100,"height":1100},{"@type":"BreadcrumbList","@id":"https:\/\/www.malinashop.lt\/en\/shop\/some-by-mi-beta-panthenol-repair-daily-mask-drekinancios-lakstines-veido-kaukes-30-vnt\/#breadcrumb","itemListElement":[{"@type":"ListItem","position":1,"name":"Pagrindinis","item":"https:\/\/www.malinashop.lt\/"},{"@type":"ListItem","position":2,"name":"Parduotuv\u0117","item":"https:\/\/www.malinashop.lt\/en\/parduotuve\/"},{"@type":"ListItem","position":3,"name":"SOME BY MI Beta Panthenol Repair Daily Mask dr\u0117kinan\u010dios lak\u0161tin\u0117s veido kauk\u0117s, 30 vnt."}]},{"@type":"WebSite","@id":"https:\/\/www.malinashop.lt\/#website","url":"https:\/\/www.malinashop.lt\/","name":"COM Group Ecommerce","description":"MalinaShop.lt - Gro\u017eio ir sveikatos produktai i\u0161 patikim\u0173 preki\u0173 \u017eenkl\u0173. Atraskite auk\u0161tos kokyb\u0117s kosmetik\u0105 u\u017e puiki\u0105 kain\u0105.","publisher":{"@id":"https:\/\/www.malinashop.lt\/#organization"},"potentialAction":[{"@type":"SearchAction","target":{"@type":"EntryPoint","urlTemplate":"https:\/\/www.malinashop.lt\/?s={search_term_string}"},"query-input":{"@type":"PropertyValueSpecification","valueRequired":true,"valueName":"search_term_string"}}],"inLanguage":"en-GB"},{"@type":"Organization","@id":"https:\/\/www.malinashop.lt\/#organization","name":"COM Group Ecommerce","url":"https:\/\/www.malinashop.lt\/","logo":{"@type":"ImageObject","inLanguage":"en-GB","@id":"https:\/\/www.malinashop.lt\/#\/schema\/logo\/image\/","url":"https:\/\/www.malinashop.lt\/wp-content\/uploads\/2024\/08\/462559670_3787732518133670_9795632669273463_n-e1731525914575.png","contentUrl":"https:\/\/www.malinashop.lt\/wp-content\/uploads\/2024\/08\/462559670_3787732518133670_9795632669273463_n-e1731525914575.png","width":180,"height":60,"caption":"COM Group Ecommerce"},"image":{"@id":"https:\/\/www.malinashop.lt\/#\/schema\/logo\/image\/"}}]}},"jetpack_sharing_enabled":true,"_links":{"self":[{"href":"https:\/\/www.malinashop.lt\/en\/wp-json\/wp\/v2\/product\/74547","targetHints":{"allow":["GET"]}}],"collection":[{"href":"https:\/\/www.malinashop.lt\/en\/wp-json\/wp\/v2\/product"}],"about":[{"href":"https:\/\/www.malinashop.lt\/en\/wp-json\/wp\/v2\/types\/product"}],"version-history":[{"count":1,"href":"https:\/\/www.malinashop.lt\/en\/wp-json\/wp\/v2\/product\/74547\/revisions"}],"predecessor-version":[{"id":74550,"href":"https:\/\/www.malinashop.lt\/en\/wp-json\/wp\/v2\/product\/74547\/revisions\/74550"}],"wp:featuredmedia":[{"embeddable":true,"href":"https:\/\/www.malinashop.lt\/en\/wp-json\/wp\/v2\/media\/74549"}],"wp:attachment":[{"href":"https:\/\/www.malinashop.lt\/en\/wp-json\/wp\/v2\/media?parent=74547"}],"wp:term":[{"taxonomy":"product_brand","embeddable":true,"href":"https:\/\/www.malinashop.lt\/en\/wp-json\/wp\/v2\/product_brand?post=74547"},{"taxonomy":"product_cat","embeddable":true,"href":"https:\/\/www.malinashop.lt\/en\/wp-json\/wp\/v2\/product_cat?post=74547"},{"taxonomy":"product_tag","embeddable":true,"href":"https:\/\/www.malinashop.lt\/en\/wp-json\/wp\/v2\/product_tag?post=74547"}],"curies":[{"name":"wp","href":"https:\/\/api.w.org\/{rel}","templated":true}]}}