{"id":74523,"date":"2026-01-19T14:11:55","date_gmt":"2026-01-19T11:11:55","guid":{"rendered":"https:\/\/malinashop.lt\/?post_type=product&#038;p=74523"},"modified":"2026-04-07T22:18:32","modified_gmt":"2026-04-07T19:18:32","slug":"some-by-mi-retinol-intensive-sheet-mask-stangrinamoji-lakstine-veido-kauke-su-retinoliu-1-vnt","status":"publish","type":"product","link":"https:\/\/www.malinashop.lt\/en\/shop\/some-by-mi-retinol-intensive-sheet-mask-stangrinamoji-lakstine-veido-kauke-su-retinoliu-1-vnt\/","title":{"rendered":"SOME BY MI Retinol Intensive Sheet Mask stangrinamoji lak\u0161tin\u0117 veido kauk\u0117 su retinoliu, 1 vnt."},"content":{"rendered":"<p data-start=\"335\" data-end=\"678\">SOME BY MI Retinol Intensive Sheet Mask \u2013 intensyviai veikianti lak\u0161tin\u0117 veido kauk\u0117, sukurta odos stangrumui, elastingumui ir atgaivintai i\u0161vaizdai. Kauk\u0117 prisotinta triguba retinolio, retinalio ir augalinio baku\u010diolio sinergija, kuri padeda kovoti su rauk\u0161li\u0173 atsiradimu, palaikyti lygesn\u0119 odos tekst\u016br\u0105 ir suteikti odai \u201epails\u0117jus\u012f\u201c efekt\u0105.<\/p>\n<p data-start=\"680\" data-end=\"1142\">Sud\u0117tyje esantis 0,1 % retinolis ilgainiui gali pad\u0117ti suma\u017einti rauk\u0161li\u0173 gyl\u012f ir pagerinti odos stangrum\u0105, taip pat prisid\u0117ti prie odos atsinaujinimo, ypa\u010d jei oda linkusi \u012f akn\u0117s paliktus po\u017eymius. Bakuchiolis \u2013 \u0161velnesn\u0117, augalin\u0117s kilm\u0117s retinolio alternatyva, kuri padeda palaikyti anti-age poveik\u012f. Formul\u0119 papildo peptidai, keramidas NP, pantenolis, beta gliukanas ir hialurono r\u016bg\u0161ties kompleksas \u2013 jie padeda dr\u0117kinti, raminti ir palaikyti odos barjer\u0105.<\/p>\n<p data-start=\"1144\" data-end=\"1318\">Rekomenduojama probleminei, brand\u017eiai odai bei odai su hiperpigmentacijos po\u017eymiais. D\u0117l retinolio poveikio svarbu laikytis naudojimo rekomendacij\u0173 ir saugoti od\u0105 nuo saul\u0117s.<\/p>\n<p data-start=\"1320\" data-end=\"1348\"><strong data-start=\"1320\" data-end=\"1348\">Pagrindiniai privalumai:<\/strong><\/p>\n<ul data-start=\"1349\" data-end=\"1660\">\n<li data-start=\"1349\" data-end=\"1415\">\n<p data-start=\"1351\" data-end=\"1415\">Retinolis + retinalis + bakuchiolis stangrumui ir elastingumui<\/p>\n<\/li>\n<li data-start=\"1416\" data-end=\"1479\">\n<p data-start=\"1418\" data-end=\"1479\">Padeda ma\u017einti sen\u0117jimo po\u017eymius ir glotninti odos tekst\u016br\u0105<\/p>\n<\/li>\n<li data-start=\"1480\" data-end=\"1539\">\n<p data-start=\"1482\" data-end=\"1539\">Palaiko odos atsinaujinim\u0105, tinka odai po akn\u0117s po\u017eymi\u0173<\/p>\n<\/li>\n<li data-start=\"1540\" data-end=\"1613\">\n<p data-start=\"1542\" data-end=\"1613\">Dr\u0117kinantis ir raminantis kompleksas (pantenolis, beta gliukanas, HA)<\/p>\n<\/li>\n<li data-start=\"1614\" data-end=\"1660\">\n<p data-start=\"1616\" data-end=\"1660\">Keramidas NP padeda stiprinti odos barjer\u0105<\/p>\n<\/li>\n<\/ul>\n<p data-start=\"1662\" data-end=\"1878\"><strong data-start=\"1662\" data-end=\"1677\">Naudojimas:<\/strong><br \/>\nNaudokite 1\u20132 kartus per savait\u0119, rekomenduojama vakare. Ant \u0161varios ir tonizuotos veido odos u\u017ed\u0117kite kauk\u0119 ir laikykite 10\u201320 min. Nu\u0117mus kauk\u0119, \u0161velniai patap\u0161nokite likusi\u0105 esencij\u0105, kad \u012fsigert\u0173.<\/p>\n<p data-start=\"1880\" data-end=\"1891\"><strong data-start=\"1880\" data-end=\"1891\">SVARBU:<\/strong><\/p>\n<ul data-start=\"1892\" data-end=\"2152\">\n<li data-start=\"1892\" data-end=\"1927\">\n<p data-start=\"1894\" data-end=\"1927\">Dienos metu b\u016btina naudoti SPF.<\/p>\n<\/li>\n<li data-start=\"1928\" data-end=\"1978\">\n<p data-start=\"1930\" data-end=\"1978\">T\u0105 pa\u010di\u0105 dien\u0105 venkite priemoni\u0173 su r\u016bg\u0161timis.<\/p>\n<\/li>\n<li data-start=\"1979\" data-end=\"2040\">\n<p data-start=\"1981\" data-end=\"2040\">Po lazerio proced\u016br\u0173 nenaudoti \u2013 oda gali b\u016bti jautresn\u0117.<\/p>\n<\/li>\n<li data-start=\"2041\" data-end=\"2152\">\n<p data-start=\"2043\" data-end=\"2152\">Prad\u0117jus naudoti gali pasireik\u0161ti paraudimas, pleiskanojimas ar sudirgimas \u2013 nutraukite, jei reakcija stipri.<\/p>\n<\/li>\n<\/ul>\n<p data-start=\"2154\" data-end=\"3389\"><strong data-start=\"2154\" data-end=\"2173\">Sud\u0117tis (INCI):<\/strong><br data-start=\"2173\" data-end=\"2176\" \/>Water\/Aqua, Dipropylene Glycol, Hydrogenated Polydecene, Dicaprylyl Ether, Niacinamide, Retinal, Retinol, Bakuchiol, Beta-Glucan, Betaine, Panthenol, 1,2-Hexanediol, Acrylates\/C10-30 Alkyl Acrylate Crosspolymer, Adenosine, Artemisia Capillaris Extract, Asiatic Acid, Asiaticoside, Butylene Glycol, Caprylic\/Capric Triglyceride, Centella Asiatica Extract, Centella Asiatica Leaf Extract, Centella Asiatica Root Extract, Ceramide NP, Cetearyl Olivate, Dextrin, Dimethylsilanol Hyaluronate, Disodium EDTA, Ethylhexylglycerin, Glucose, Glutathione, Glycerin, Glyceryl Polymethacrylate, Hyaluronic Acid, Hydrogenated Lecithin, Hydrolyzed Hyaluronic Acid, Hydrolyzed Sodium Hyaluronate, Hydroxyacetophenone, Hydroxypropyltrimonium Hyaluronate, Madecassic Acid, Madecassoside, Melaleuca Alternifolia Leaf Extract, Olea Europaea Fruit Oil, Palmitoyl Tripeptide-1, Parfum, Polysorbate 20, Potassium Hyaluronate, Propylene Glycol, Saccharomyces Ferment, Sodium Acetylated Hyaluronate, Sodium Hyaluronate, Sodium Hyaluronate Crosspolymer, Sodium Hyaluronate Dimethylsilanol, BHA, BHT, Sodium Lactate, Sodium Stearoyl Glutamate, Sorbitan Olivate, Squalane, Sucrose Distearate, Tocopherol, Trehalose, Tromethamine, Xanthan Gum<\/p>\n","protected":false},"excerpt":{"rendered":"<p>Lak\u0161tin\u0117 kauk\u0117 su retinoliu, retinaliu ir baku\u010dioliu, skirta odos stangrinimui, atgaivinimui ir sen\u0117jimo po\u017eymi\u0173 ma\u017einimui. Rekomenduojama naudoti vakare 1\u20132 k.\/sav.<\/p>\n","protected":false},"featured_media":74526,"template":"","meta":[],"product_brand":[1648],"product_cat":[1136,728],"product_tag":[1650],"class_list":{"0":"post-74523","1":"product","2":"type-product","3":"status-publish","4":"has-post-thumbnail","6":"product_brand-some-by-mi","7":"product_cat-lakstines-veido-kaukes","8":"product_cat-veidui","9":"product_tag-some-by-mi","11":"first","12":"outofstock","13":"taxable","14":"shipping-taxable","15":"purchasable","16":"product-type-simple"},"yoast_head":"<!-- This site is optimized with the Yoast SEO plugin v27.4 - https:\/\/yoast.com\/product\/yoast-seo-wordpress\/ -->\n<title>SOME BY MI Retinol Intensive Sheet Mask stangrinamoji lak\u0161tin\u0117 veido kauk\u0117 su retinoliu, 1 vnt. - MalinaShop.lt J\u016bs\u0173 sveikatai ir gro\u017eiui.<\/title>\n<meta name=\"description\" content=\"SOME BY MI Retinol Intensive Sheet Mask \u2013 lak\u0161tin\u0117 kauk\u0117 su retinoliu, retinaliu ir baku\u010dioliu, stangrina, glotnina ir atgaivina od\u0105.\" \/>\n<meta name=\"robots\" content=\"index, follow, max-snippet:-1, max-image-preview:large, max-video-preview:-1\" \/>\n<link rel=\"canonical\" href=\"https:\/\/www.malinashop.lt\/en\/shop\/some-by-mi-retinol-intensive-sheet-mask-stangrinamoji-lakstine-veido-kauke-su-retinoliu-1-vnt\/\" \/>\n<meta property=\"og:locale\" content=\"en_GB\" \/>\n<meta property=\"og:type\" content=\"article\" \/>\n<meta property=\"og:title\" content=\"SOME BY MI Retinol Intensive Sheet Mask stangrinamoji lak\u0161tin\u0117 veido kauk\u0117 su retinoliu, 1 vnt. - MalinaShop.lt J\u016bs\u0173 sveikatai ir gro\u017eiui.\" \/>\n<meta property=\"og:description\" content=\"SOME BY MI Retinol Intensive Sheet Mask \u2013 lak\u0161tin\u0117 kauk\u0117 su retinoliu, retinaliu ir baku\u010dioliu, stangrina, glotnina ir atgaivina od\u0105.\" \/>\n<meta property=\"og:url\" content=\"https:\/\/www.malinashop.lt\/en\/shop\/some-by-mi-retinol-intensive-sheet-mask-stangrinamoji-lakstine-veido-kauke-su-retinoliu-1-vnt\/\" \/>\n<meta property=\"og:site_name\" content=\"MalinaShop.lt J\u016bs\u0173 sveikatai ir gro\u017eiui.\" \/>\n<meta property=\"article:modified_time\" content=\"2026-04-07T19:18:32+00:00\" \/>\n<meta property=\"og:image\" content=\"https:\/\/www.malinashop.lt\/wp-content\/uploads\/2026\/02\/SOME-BY-MI-Retinol-Intensive-Sheet-Mask-stangrinamoji-lakstine-veido-kauke-su-retinoliu-1-vnt.webp\" \/>\n\t<meta property=\"og:image:width\" content=\"1100\" \/>\n\t<meta property=\"og:image:height\" content=\"1100\" \/>\n\t<meta property=\"og:image:type\" content=\"image\/webp\" \/>\n<meta name=\"twitter:card\" content=\"summary_large_image\" \/>\n<script type=\"application\/ld+json\" class=\"yoast-schema-graph\">{\"@context\":\"https:\\\/\\\/schema.org\",\"@graph\":[{\"@type\":\"WebPage\",\"@id\":\"https:\\\/\\\/www.malinashop.lt\\\/shop\\\/some-by-mi-retinol-intensive-sheet-mask-stangrinamoji-lakstine-veido-kauke-su-retinoliu-1-vnt\\\/\",\"url\":\"https:\\\/\\\/www.malinashop.lt\\\/shop\\\/some-by-mi-retinol-intensive-sheet-mask-stangrinamoji-lakstine-veido-kauke-su-retinoliu-1-vnt\\\/\",\"name\":\"SOME BY MI Retinol Intensive Sheet Mask stangrinamoji lak\u0161tin\u0117 veido kauk\u0117 su retinoliu, 1 vnt. - MalinaShop.lt J\u016bs\u0173 sveikatai ir gro\u017eiui.\",\"isPartOf\":{\"@id\":\"https:\\\/\\\/www.malinashop.lt\\\/#website\"},\"primaryImageOfPage\":{\"@id\":\"https:\\\/\\\/www.malinashop.lt\\\/shop\\\/some-by-mi-retinol-intensive-sheet-mask-stangrinamoji-lakstine-veido-kauke-su-retinoliu-1-vnt\\\/#primaryimage\"},\"image\":{\"@id\":\"https:\\\/\\\/www.malinashop.lt\\\/shop\\\/some-by-mi-retinol-intensive-sheet-mask-stangrinamoji-lakstine-veido-kauke-su-retinoliu-1-vnt\\\/#primaryimage\"},\"thumbnailUrl\":\"https:\\\/\\\/www.malinashop.lt\\\/wp-content\\\/uploads\\\/2026\\\/02\\\/SOME-BY-MI-Retinol-Intensive-Sheet-Mask-stangrinamoji-lakstine-veido-kauke-su-retinoliu-1-vnt.webp\",\"datePublished\":\"2026-01-19T11:11:55+00:00\",\"dateModified\":\"2026-04-07T19:18:32+00:00\",\"description\":\"SOME BY MI Retinol Intensive Sheet Mask \u2013 lak\u0161tin\u0117 kauk\u0117 su retinoliu, retinaliu ir baku\u010dioliu, stangrina, glotnina ir atgaivina od\u0105.\",\"breadcrumb\":{\"@id\":\"https:\\\/\\\/www.malinashop.lt\\\/shop\\\/some-by-mi-retinol-intensive-sheet-mask-stangrinamoji-lakstine-veido-kauke-su-retinoliu-1-vnt\\\/#breadcrumb\"},\"inLanguage\":\"en-GB\",\"potentialAction\":[{\"@type\":\"ReadAction\",\"target\":[\"https:\\\/\\\/www.malinashop.lt\\\/shop\\\/some-by-mi-retinol-intensive-sheet-mask-stangrinamoji-lakstine-veido-kauke-su-retinoliu-1-vnt\\\/\"]}]},{\"@type\":\"ImageObject\",\"inLanguage\":\"en-GB\",\"@id\":\"https:\\\/\\\/www.malinashop.lt\\\/shop\\\/some-by-mi-retinol-intensive-sheet-mask-stangrinamoji-lakstine-veido-kauke-su-retinoliu-1-vnt\\\/#primaryimage\",\"url\":\"https:\\\/\\\/www.malinashop.lt\\\/wp-content\\\/uploads\\\/2026\\\/02\\\/SOME-BY-MI-Retinol-Intensive-Sheet-Mask-stangrinamoji-lakstine-veido-kauke-su-retinoliu-1-vnt.webp\",\"contentUrl\":\"https:\\\/\\\/www.malinashop.lt\\\/wp-content\\\/uploads\\\/2026\\\/02\\\/SOME-BY-MI-Retinol-Intensive-Sheet-Mask-stangrinamoji-lakstine-veido-kauke-su-retinoliu-1-vnt.webp\",\"width\":1100,\"height\":1100},{\"@type\":\"BreadcrumbList\",\"@id\":\"https:\\\/\\\/www.malinashop.lt\\\/shop\\\/some-by-mi-retinol-intensive-sheet-mask-stangrinamoji-lakstine-veido-kauke-su-retinoliu-1-vnt\\\/#breadcrumb\",\"itemListElement\":[{\"@type\":\"ListItem\",\"position\":1,\"name\":\"Pagrindinis\",\"item\":\"https:\\\/\\\/www.malinashop.lt\\\/\"},{\"@type\":\"ListItem\",\"position\":2,\"name\":\"Parduotuv\u0117\",\"item\":\"https:\\\/\\\/www.malinashop.lt\\\/en\\\/parduotuve\\\/\"},{\"@type\":\"ListItem\",\"position\":3,\"name\":\"SOME BY MI Retinol Intensive Sheet Mask stangrinamoji lak\u0161tin\u0117 veido kauk\u0117 su retinoliu, 1 vnt.\"}]},{\"@type\":\"WebSite\",\"@id\":\"https:\\\/\\\/www.malinashop.lt\\\/#website\",\"url\":\"https:\\\/\\\/www.malinashop.lt\\\/\",\"name\":\"COM Group Ecommerce\",\"description\":\"MalinaShop.lt - Gro\u017eio ir sveikatos produktai i\u0161 patikim\u0173 preki\u0173 \u017eenkl\u0173. Atraskite auk\u0161tos kokyb\u0117s kosmetik\u0105 u\u017e puiki\u0105 kain\u0105.\",\"publisher\":{\"@id\":\"https:\\\/\\\/www.malinashop.lt\\\/#organization\"},\"potentialAction\":[{\"@type\":\"SearchAction\",\"target\":{\"@type\":\"EntryPoint\",\"urlTemplate\":\"https:\\\/\\\/www.malinashop.lt\\\/?s={search_term_string}\"},\"query-input\":{\"@type\":\"PropertyValueSpecification\",\"valueRequired\":true,\"valueName\":\"search_term_string\"}}],\"inLanguage\":\"en-GB\"},{\"@type\":\"Organization\",\"@id\":\"https:\\\/\\\/www.malinashop.lt\\\/#organization\",\"name\":\"COM Group Ecommerce\",\"url\":\"https:\\\/\\\/www.malinashop.lt\\\/\",\"logo\":{\"@type\":\"ImageObject\",\"inLanguage\":\"en-GB\",\"@id\":\"https:\\\/\\\/www.malinashop.lt\\\/#\\\/schema\\\/logo\\\/image\\\/\",\"url\":\"https:\\\/\\\/www.malinashop.lt\\\/wp-content\\\/uploads\\\/2024\\\/08\\\/462559670_3787732518133670_9795632669273463_n-e1731525914575.png\",\"contentUrl\":\"https:\\\/\\\/www.malinashop.lt\\\/wp-content\\\/uploads\\\/2024\\\/08\\\/462559670_3787732518133670_9795632669273463_n-e1731525914575.png\",\"width\":180,\"height\":60,\"caption\":\"COM Group Ecommerce\"},\"image\":{\"@id\":\"https:\\\/\\\/www.malinashop.lt\\\/#\\\/schema\\\/logo\\\/image\\\/\"}}]}<\/script>\n<!-- \/ Yoast SEO plugin. -->","yoast_head_json":{"title":"SOME BY MI Retinol Intensive Sheet Mask stangrinamoji lak\u0161tin\u0117 veido kauk\u0117 su retinoliu, 1 vnt. - MalinaShop.lt J\u016bs\u0173 sveikatai ir gro\u017eiui.","description":"SOME BY MI Retinol Intensive Sheet Mask \u2013 lak\u0161tin\u0117 kauk\u0117 su retinoliu, retinaliu ir baku\u010dioliu, stangrina, glotnina ir atgaivina od\u0105.","robots":{"index":"index","follow":"follow","max-snippet":"max-snippet:-1","max-image-preview":"max-image-preview:large","max-video-preview":"max-video-preview:-1"},"canonical":"https:\/\/www.malinashop.lt\/en\/shop\/some-by-mi-retinol-intensive-sheet-mask-stangrinamoji-lakstine-veido-kauke-su-retinoliu-1-vnt\/","og_locale":"en_GB","og_type":"article","og_title":"SOME BY MI Retinol Intensive Sheet Mask stangrinamoji lak\u0161tin\u0117 veido kauk\u0117 su retinoliu, 1 vnt. - MalinaShop.lt J\u016bs\u0173 sveikatai ir gro\u017eiui.","og_description":"SOME BY MI Retinol Intensive Sheet Mask \u2013 lak\u0161tin\u0117 kauk\u0117 su retinoliu, retinaliu ir baku\u010dioliu, stangrina, glotnina ir atgaivina od\u0105.","og_url":"https:\/\/www.malinashop.lt\/en\/shop\/some-by-mi-retinol-intensive-sheet-mask-stangrinamoji-lakstine-veido-kauke-su-retinoliu-1-vnt\/","og_site_name":"MalinaShop.lt J\u016bs\u0173 sveikatai ir gro\u017eiui.","article_modified_time":"2026-04-07T19:18:32+00:00","og_image":[{"width":1100,"height":1100,"url":"https:\/\/www.malinashop.lt\/wp-content\/uploads\/2026\/02\/SOME-BY-MI-Retinol-Intensive-Sheet-Mask-stangrinamoji-lakstine-veido-kauke-su-retinoliu-1-vnt.webp","type":"image\/webp"}],"twitter_card":"summary_large_image","schema":{"@context":"https:\/\/schema.org","@graph":[{"@type":"WebPage","@id":"https:\/\/www.malinashop.lt\/shop\/some-by-mi-retinol-intensive-sheet-mask-stangrinamoji-lakstine-veido-kauke-su-retinoliu-1-vnt\/","url":"https:\/\/www.malinashop.lt\/shop\/some-by-mi-retinol-intensive-sheet-mask-stangrinamoji-lakstine-veido-kauke-su-retinoliu-1-vnt\/","name":"SOME BY MI Retinol Intensive Sheet Mask stangrinamoji lak\u0161tin\u0117 veido kauk\u0117 su retinoliu, 1 vnt. - MalinaShop.lt J\u016bs\u0173 sveikatai ir gro\u017eiui.","isPartOf":{"@id":"https:\/\/www.malinashop.lt\/#website"},"primaryImageOfPage":{"@id":"https:\/\/www.malinashop.lt\/shop\/some-by-mi-retinol-intensive-sheet-mask-stangrinamoji-lakstine-veido-kauke-su-retinoliu-1-vnt\/#primaryimage"},"image":{"@id":"https:\/\/www.malinashop.lt\/shop\/some-by-mi-retinol-intensive-sheet-mask-stangrinamoji-lakstine-veido-kauke-su-retinoliu-1-vnt\/#primaryimage"},"thumbnailUrl":"https:\/\/www.malinashop.lt\/wp-content\/uploads\/2026\/02\/SOME-BY-MI-Retinol-Intensive-Sheet-Mask-stangrinamoji-lakstine-veido-kauke-su-retinoliu-1-vnt.webp","datePublished":"2026-01-19T11:11:55+00:00","dateModified":"2026-04-07T19:18:32+00:00","description":"SOME BY MI Retinol Intensive Sheet Mask \u2013 lak\u0161tin\u0117 kauk\u0117 su retinoliu, retinaliu ir baku\u010dioliu, stangrina, glotnina ir atgaivina od\u0105.","breadcrumb":{"@id":"https:\/\/www.malinashop.lt\/shop\/some-by-mi-retinol-intensive-sheet-mask-stangrinamoji-lakstine-veido-kauke-su-retinoliu-1-vnt\/#breadcrumb"},"inLanguage":"en-GB","potentialAction":[{"@type":"ReadAction","target":["https:\/\/www.malinashop.lt\/shop\/some-by-mi-retinol-intensive-sheet-mask-stangrinamoji-lakstine-veido-kauke-su-retinoliu-1-vnt\/"]}]},{"@type":"ImageObject","inLanguage":"en-GB","@id":"https:\/\/www.malinashop.lt\/shop\/some-by-mi-retinol-intensive-sheet-mask-stangrinamoji-lakstine-veido-kauke-su-retinoliu-1-vnt\/#primaryimage","url":"https:\/\/www.malinashop.lt\/wp-content\/uploads\/2026\/02\/SOME-BY-MI-Retinol-Intensive-Sheet-Mask-stangrinamoji-lakstine-veido-kauke-su-retinoliu-1-vnt.webp","contentUrl":"https:\/\/www.malinashop.lt\/wp-content\/uploads\/2026\/02\/SOME-BY-MI-Retinol-Intensive-Sheet-Mask-stangrinamoji-lakstine-veido-kauke-su-retinoliu-1-vnt.webp","width":1100,"height":1100},{"@type":"BreadcrumbList","@id":"https:\/\/www.malinashop.lt\/shop\/some-by-mi-retinol-intensive-sheet-mask-stangrinamoji-lakstine-veido-kauke-su-retinoliu-1-vnt\/#breadcrumb","itemListElement":[{"@type":"ListItem","position":1,"name":"Pagrindinis","item":"https:\/\/www.malinashop.lt\/"},{"@type":"ListItem","position":2,"name":"Parduotuv\u0117","item":"https:\/\/www.malinashop.lt\/en\/parduotuve\/"},{"@type":"ListItem","position":3,"name":"SOME BY MI Retinol Intensive Sheet Mask stangrinamoji lak\u0161tin\u0117 veido kauk\u0117 su retinoliu, 1 vnt."}]},{"@type":"WebSite","@id":"https:\/\/www.malinashop.lt\/#website","url":"https:\/\/www.malinashop.lt\/","name":"COM Group Ecommerce","description":"MalinaShop.lt - Gro\u017eio ir sveikatos produktai i\u0161 patikim\u0173 preki\u0173 \u017eenkl\u0173. Atraskite auk\u0161tos kokyb\u0117s kosmetik\u0105 u\u017e puiki\u0105 kain\u0105.","publisher":{"@id":"https:\/\/www.malinashop.lt\/#organization"},"potentialAction":[{"@type":"SearchAction","target":{"@type":"EntryPoint","urlTemplate":"https:\/\/www.malinashop.lt\/?s={search_term_string}"},"query-input":{"@type":"PropertyValueSpecification","valueRequired":true,"valueName":"search_term_string"}}],"inLanguage":"en-GB"},{"@type":"Organization","@id":"https:\/\/www.malinashop.lt\/#organization","name":"COM Group Ecommerce","url":"https:\/\/www.malinashop.lt\/","logo":{"@type":"ImageObject","inLanguage":"en-GB","@id":"https:\/\/www.malinashop.lt\/#\/schema\/logo\/image\/","url":"https:\/\/www.malinashop.lt\/wp-content\/uploads\/2024\/08\/462559670_3787732518133670_9795632669273463_n-e1731525914575.png","contentUrl":"https:\/\/www.malinashop.lt\/wp-content\/uploads\/2024\/08\/462559670_3787732518133670_9795632669273463_n-e1731525914575.png","width":180,"height":60,"caption":"COM Group Ecommerce"},"image":{"@id":"https:\/\/www.malinashop.lt\/#\/schema\/logo\/image\/"}}]}},"jetpack_sharing_enabled":true,"_links":{"self":[{"href":"https:\/\/www.malinashop.lt\/en\/wp-json\/wp\/v2\/product\/74523","targetHints":{"allow":["GET"]}}],"collection":[{"href":"https:\/\/www.malinashop.lt\/en\/wp-json\/wp\/v2\/product"}],"about":[{"href":"https:\/\/www.malinashop.lt\/en\/wp-json\/wp\/v2\/types\/product"}],"version-history":[{"count":1,"href":"https:\/\/www.malinashop.lt\/en\/wp-json\/wp\/v2\/product\/74523\/revisions"}],"predecessor-version":[{"id":74527,"href":"https:\/\/www.malinashop.lt\/en\/wp-json\/wp\/v2\/product\/74523\/revisions\/74527"}],"wp:featuredmedia":[{"embeddable":true,"href":"https:\/\/www.malinashop.lt\/en\/wp-json\/wp\/v2\/media\/74526"}],"wp:attachment":[{"href":"https:\/\/www.malinashop.lt\/en\/wp-json\/wp\/v2\/media?parent=74523"}],"wp:term":[{"taxonomy":"product_brand","embeddable":true,"href":"https:\/\/www.malinashop.lt\/en\/wp-json\/wp\/v2\/product_brand?post=74523"},{"taxonomy":"product_cat","embeddable":true,"href":"https:\/\/www.malinashop.lt\/en\/wp-json\/wp\/v2\/product_cat?post=74523"},{"taxonomy":"product_tag","embeddable":true,"href":"https:\/\/www.malinashop.lt\/en\/wp-json\/wp\/v2\/product_tag?post=74523"}],"curies":[{"name":"wp","href":"https:\/\/api.w.org\/{rel}","templated":true}]}}