{"id":74501,"date":"2026-02-19T22:20:57","date_gmt":"2026-02-19T19:20:57","guid":{"rendered":"https:\/\/malinashop.lt\/?post_type=product&#038;p=74501"},"modified":"2026-04-07T22:18:02","modified_gmt":"2026-04-07T19:18:02","slug":"tirtir-ceramic-cream-intensyviai-drekinantis-veido-kremas-su-keramidais-50-ml","status":"publish","type":"product","link":"https:\/\/www.malinashop.lt\/en\/shop\/tirtir-ceramic-cream-intensyviai-drekinantis-veido-kremas-su-keramidais-50-ml\/","title":{"rendered":"TIRTIR Ceramic Cream intensyviai dr\u0117kinantis veido kremas su keramidais, 50 ml"},"content":{"rendered":"<p data-start=\"316\" data-end=\"582\">TIRTIR Ceramic Cream \u2013 intensyviai dr\u0117kinantis ir maitinantis veido kremas, skirtas sausai, dehidratuotai ar komfort\u0105 praradusiai odai. Sodri formul\u0117 padeda atkurti odos dr\u0117gm\u0117s balans\u0105, sustiprinti apsaugin\u012f barjer\u0105 ir suteikti odai elastingumo bei \u0161velnumo poj\u016bt\u012f.<\/p>\n<p data-start=\"584\" data-end=\"943\">Kremo sud\u0117tyje esanti poliglutamo r\u016bg\u0161tis padeda efektyviai sulaikyti dr\u0117gm\u0119 odoje, o keramidas NP stiprina odos barjerin\u0119 funkcij\u0105. Taukmed\u017eio sviestas ir augaliniai aliejai intensyviai maitina, mink\u0161tina ir apsaugo od\u0105 nuo i\u0161saus\u0117jimo. Azijin\u0117s centel\u0117s ekstraktas padeda raminti sudirgim\u0105 ir ma\u017einti paraudimo poj\u016bt\u012f, tod\u0117l kremas tinka ir jautresnei odai.<\/p>\n<p data-start=\"945\" data-end=\"1085\">Sodri, ta\u010diau maloniai pasiskirstanti tekst\u016bra lengvai slysta oda, greitai \u012fsigeria ir palieka \u0161veln\u0173, nat\u016bral\u0173 \u0161vyt\u0117jim\u0105 be sunkumo jausmo.<\/p>\n<p data-start=\"1087\" data-end=\"1115\"><strong data-start=\"1087\" data-end=\"1115\">Pagrindiniai privalumai:<\/strong><\/p>\n<ul data-start=\"1116\" data-end=\"1334\">\n<li data-start=\"1116\" data-end=\"1172\">\n<p data-start=\"1118\" data-end=\"1172\">Intensyviai dr\u0117kina ir padeda i\u0161laikyti dr\u0117gm\u0119 odoje<\/p>\n<\/li>\n<li data-start=\"1173\" data-end=\"1218\">\n<p data-start=\"1175\" data-end=\"1218\">Keramidai stiprina odos apsaugin\u012f barjer\u0105<\/p>\n<\/li>\n<li data-start=\"1219\" data-end=\"1253\">\n<p data-start=\"1221\" data-end=\"1253\">Maitina ir mink\u0161tina saus\u0105 od\u0105<\/p>\n<\/li>\n<li data-start=\"1254\" data-end=\"1287\">\n<p data-start=\"1256\" data-end=\"1287\">Ramina sudirgim\u0105 ir paraudim\u0105<\/p>\n<\/li>\n<li data-start=\"1288\" data-end=\"1334\">\n<p data-start=\"1290\" data-end=\"1334\">Suteikia odai \u0161vyt\u0117jimo ir komforto poj\u016bt\u012f<\/p>\n<\/li>\n<\/ul>\n<p data-start=\"1336\" data-end=\"1447\"><strong data-start=\"1336\" data-end=\"1351\">Naudojimas:<\/strong><br \/>\nTepkite ant \u0161varios ir tonizuotos veido odos. Naudokite kaip paskutin\u012f odos prie\u017ei\u016bros \u017eingsn\u012f.<\/p>\n<p data-start=\"1449\" data-end=\"1465\"><strong data-start=\"1449\" data-end=\"1459\">Talpa:<\/strong> 50 ml<\/p>\n<p data-start=\"1467\" data-end=\"2304\"><strong data-start=\"1467\" data-end=\"1486\">Sud\u0117tis (INCI):<\/strong><br data-start=\"1486\" data-end=\"1489\" \/>Aqua, Glycerin, Olea Europaea Fruit Oil, Butylene Glycol, Cyclopentasiloxane, Macadamia Ternifolia Seed Oil, Beeswax, Cetearyl Alcohol, Cetyl Ethylhexanoate, Cyclohexasiloxane, Isopropyl Myristate, Polyglyceryl-3 Methylglucose Distearate, Polysorbate 60, Stearic Acid, Glyceryl Stearate, PEG-100 Stearate, Dimethiconol, Sodium Polyacrylate, 1,2-Hexanediol, Caprylyl Glycol, Butyrospermum Parkii Butter, Hamamelis Virginiana Extract, Illicium Verum Fruit Extract, Disodium EDTA, Allantoin, Betaine, Polysorbate 20, Trehalose, Polyglutamic Acid, Camellia Sinensis Leaf Extract, Centella Asiatica Extract, Chamomilla Recutita Flower Extract, Glycyrrhiza Glabra Root Extract, Rosmarinus Officinalis Leaf Extract, Polygonum Cuspidatum Root Extract, Scutellaria Baicalensis Root Extract, Xylitol, Ceramide NP, Citric Acid<\/p>\n","protected":false},"excerpt":{"rendered":"<p data-start=\"125\" data-end=\"288\">Sodrios tekst\u016bros veido kremas su keramidais, poliglutamo r\u016bg\u0161timi ir taukmed\u017eio sviestu. Dr\u0117kina, maitina, stiprina odos barjer\u0105 ir suteikia nat\u016bralaus \u0161vyt\u0117jimo.<\/p>\n","protected":false},"featured_media":74503,"template":"","meta":[],"product_brand":[1647],"product_cat":[187,728],"product_tag":[],"class_list":{"0":"post-74501","1":"product","2":"type-product","3":"status-publish","4":"has-post-thumbnail","6":"product_brand-tirtir","7":"product_cat-veido-kremai","8":"product_cat-veidui","10":"first","11":"instock","12":"taxable","13":"shipping-taxable","14":"purchasable","15":"product-type-simple"},"yoast_head":"<!-- This site is optimized with the Yoast SEO plugin v27.4 - https:\/\/yoast.com\/product\/yoast-seo-wordpress\/ -->\n<title>TIRTIR Ceramic Cream intensyviai dr\u0117kinantis veido kremas su keramidais, 50 ml - MalinaShop.lt J\u016bs\u0173 sveikatai ir gro\u017eiui.<\/title>\n<meta name=\"description\" content=\"TIRTIR Ceramic Cream \u2013 dr\u0117kinantis veido kremas su keramidais, poliglutamo r\u016bg\u0161timi ir taukmed\u017eio sviestu, maitina, stiprina barjer\u0105,suteikia odai \u0161vyt\u0117jimo\" \/>\n<meta name=\"robots\" content=\"index, follow, max-snippet:-1, max-image-preview:large, max-video-preview:-1\" \/>\n<link rel=\"canonical\" href=\"https:\/\/www.malinashop.lt\/en\/shop\/tirtir-ceramic-cream-intensyviai-drekinantis-veido-kremas-su-keramidais-50-ml\/\" \/>\n<meta property=\"og:locale\" content=\"en_GB\" \/>\n<meta property=\"og:type\" content=\"article\" \/>\n<meta property=\"og:title\" content=\"TIRTIR Ceramic Cream intensyviai dr\u0117kinantis veido kremas su keramidais, 50 ml - MalinaShop.lt J\u016bs\u0173 sveikatai ir gro\u017eiui.\" \/>\n<meta property=\"og:description\" content=\"TIRTIR Ceramic Cream \u2013 dr\u0117kinantis veido kremas su keramidais, poliglutamo r\u016bg\u0161timi ir taukmed\u017eio sviestu, maitina, stiprina barjer\u0105,suteikia odai \u0161vyt\u0117jimo\" \/>\n<meta property=\"og:url\" content=\"https:\/\/www.malinashop.lt\/en\/shop\/tirtir-ceramic-cream-intensyviai-drekinantis-veido-kremas-su-keramidais-50-ml\/\" \/>\n<meta property=\"og:site_name\" content=\"MalinaShop.lt J\u016bs\u0173 sveikatai ir gro\u017eiui.\" \/>\n<meta property=\"article:modified_time\" content=\"2026-04-07T19:18:02+00:00\" \/>\n<meta property=\"og:image\" content=\"https:\/\/www.malinashop.lt\/wp-content\/uploads\/2026\/02\/TIRTIR-Ceramic-Cream-intensyviai-drekinantis-veido-kremas-su-keramidais-50-ml.webp\" \/>\n\t<meta property=\"og:image:width\" content=\"1100\" \/>\n\t<meta property=\"og:image:height\" content=\"1100\" \/>\n\t<meta property=\"og:image:type\" content=\"image\/webp\" \/>\n<meta name=\"twitter:card\" content=\"summary_large_image\" \/>\n<script type=\"application\/ld+json\" class=\"yoast-schema-graph\">{\"@context\":\"https:\\\/\\\/schema.org\",\"@graph\":[{\"@type\":\"WebPage\",\"@id\":\"https:\\\/\\\/www.malinashop.lt\\\/en\\\/shop\\\/tirtir-ceramic-cream-intensyviai-drekinantis-veido-kremas-su-keramidais-50-ml\\\/\",\"url\":\"https:\\\/\\\/www.malinashop.lt\\\/en\\\/shop\\\/tirtir-ceramic-cream-intensyviai-drekinantis-veido-kremas-su-keramidais-50-ml\\\/\",\"name\":\"TIRTIR Ceramic Cream intensyviai dr\u0117kinantis veido kremas su keramidais, 50 ml - MalinaShop.lt J\u016bs\u0173 sveikatai ir gro\u017eiui.\",\"isPartOf\":{\"@id\":\"https:\\\/\\\/www.malinashop.lt\\\/#website\"},\"primaryImageOfPage\":{\"@id\":\"https:\\\/\\\/www.malinashop.lt\\\/en\\\/shop\\\/tirtir-ceramic-cream-intensyviai-drekinantis-veido-kremas-su-keramidais-50-ml\\\/#primaryimage\"},\"image\":{\"@id\":\"https:\\\/\\\/www.malinashop.lt\\\/en\\\/shop\\\/tirtir-ceramic-cream-intensyviai-drekinantis-veido-kremas-su-keramidais-50-ml\\\/#primaryimage\"},\"thumbnailUrl\":\"https:\\\/\\\/www.malinashop.lt\\\/wp-content\\\/uploads\\\/2026\\\/02\\\/TIRTIR-Ceramic-Cream-intensyviai-drekinantis-veido-kremas-su-keramidais-50-ml.webp\",\"datePublished\":\"2026-02-19T19:20:57+00:00\",\"dateModified\":\"2026-04-07T19:18:02+00:00\",\"description\":\"TIRTIR Ceramic Cream \u2013 dr\u0117kinantis veido kremas su keramidais, poliglutamo r\u016bg\u0161timi ir taukmed\u017eio sviestu, maitina, stiprina barjer\u0105,suteikia odai \u0161vyt\u0117jimo\",\"breadcrumb\":{\"@id\":\"https:\\\/\\\/www.malinashop.lt\\\/en\\\/shop\\\/tirtir-ceramic-cream-intensyviai-drekinantis-veido-kremas-su-keramidais-50-ml\\\/#breadcrumb\"},\"inLanguage\":\"en-GB\",\"potentialAction\":[{\"@type\":\"ReadAction\",\"target\":[\"https:\\\/\\\/www.malinashop.lt\\\/en\\\/shop\\\/tirtir-ceramic-cream-intensyviai-drekinantis-veido-kremas-su-keramidais-50-ml\\\/\"]}]},{\"@type\":\"ImageObject\",\"inLanguage\":\"en-GB\",\"@id\":\"https:\\\/\\\/www.malinashop.lt\\\/en\\\/shop\\\/tirtir-ceramic-cream-intensyviai-drekinantis-veido-kremas-su-keramidais-50-ml\\\/#primaryimage\",\"url\":\"https:\\\/\\\/www.malinashop.lt\\\/wp-content\\\/uploads\\\/2026\\\/02\\\/TIRTIR-Ceramic-Cream-intensyviai-drekinantis-veido-kremas-su-keramidais-50-ml.webp\",\"contentUrl\":\"https:\\\/\\\/www.malinashop.lt\\\/wp-content\\\/uploads\\\/2026\\\/02\\\/TIRTIR-Ceramic-Cream-intensyviai-drekinantis-veido-kremas-su-keramidais-50-ml.webp\",\"width\":1100,\"height\":1100},{\"@type\":\"BreadcrumbList\",\"@id\":\"https:\\\/\\\/www.malinashop.lt\\\/en\\\/shop\\\/tirtir-ceramic-cream-intensyviai-drekinantis-veido-kremas-su-keramidais-50-ml\\\/#breadcrumb\",\"itemListElement\":[{\"@type\":\"ListItem\",\"position\":1,\"name\":\"Pagrindinis\",\"item\":\"https:\\\/\\\/www.malinashop.lt\\\/\"},{\"@type\":\"ListItem\",\"position\":2,\"name\":\"Parduotuv\u0117\",\"item\":\"https:\\\/\\\/www.malinashop.lt\\\/en\\\/parduotuve\\\/\"},{\"@type\":\"ListItem\",\"position\":3,\"name\":\"TIRTIR Ceramic Cream intensyviai dr\u0117kinantis veido kremas su keramidais, 50 ml\"}]},{\"@type\":\"WebSite\",\"@id\":\"https:\\\/\\\/www.malinashop.lt\\\/#website\",\"url\":\"https:\\\/\\\/www.malinashop.lt\\\/\",\"name\":\"COM Group Ecommerce\",\"description\":\"MalinaShop.lt - Gro\u017eio ir sveikatos produktai i\u0161 patikim\u0173 preki\u0173 \u017eenkl\u0173. Atraskite auk\u0161tos kokyb\u0117s kosmetik\u0105 u\u017e puiki\u0105 kain\u0105.\",\"publisher\":{\"@id\":\"https:\\\/\\\/www.malinashop.lt\\\/#organization\"},\"potentialAction\":[{\"@type\":\"SearchAction\",\"target\":{\"@type\":\"EntryPoint\",\"urlTemplate\":\"https:\\\/\\\/www.malinashop.lt\\\/?s={search_term_string}\"},\"query-input\":{\"@type\":\"PropertyValueSpecification\",\"valueRequired\":true,\"valueName\":\"search_term_string\"}}],\"inLanguage\":\"en-GB\"},{\"@type\":\"Organization\",\"@id\":\"https:\\\/\\\/www.malinashop.lt\\\/#organization\",\"name\":\"COM Group Ecommerce\",\"url\":\"https:\\\/\\\/www.malinashop.lt\\\/\",\"logo\":{\"@type\":\"ImageObject\",\"inLanguage\":\"en-GB\",\"@id\":\"https:\\\/\\\/www.malinashop.lt\\\/#\\\/schema\\\/logo\\\/image\\\/\",\"url\":\"https:\\\/\\\/www.malinashop.lt\\\/wp-content\\\/uploads\\\/2024\\\/08\\\/462559670_3787732518133670_9795632669273463_n-e1731525914575.png\",\"contentUrl\":\"https:\\\/\\\/www.malinashop.lt\\\/wp-content\\\/uploads\\\/2024\\\/08\\\/462559670_3787732518133670_9795632669273463_n-e1731525914575.png\",\"width\":180,\"height\":60,\"caption\":\"COM Group Ecommerce\"},\"image\":{\"@id\":\"https:\\\/\\\/www.malinashop.lt\\\/#\\\/schema\\\/logo\\\/image\\\/\"}}]}<\/script>\n<!-- \/ Yoast SEO plugin. -->","yoast_head_json":{"title":"TIRTIR Ceramic Cream intensyviai dr\u0117kinantis veido kremas su keramidais, 50 ml - MalinaShop.lt J\u016bs\u0173 sveikatai ir gro\u017eiui.","description":"TIRTIR Ceramic Cream \u2013 dr\u0117kinantis veido kremas su keramidais, poliglutamo r\u016bg\u0161timi ir taukmed\u017eio sviestu, maitina, stiprina barjer\u0105,suteikia odai \u0161vyt\u0117jimo","robots":{"index":"index","follow":"follow","max-snippet":"max-snippet:-1","max-image-preview":"max-image-preview:large","max-video-preview":"max-video-preview:-1"},"canonical":"https:\/\/www.malinashop.lt\/en\/shop\/tirtir-ceramic-cream-intensyviai-drekinantis-veido-kremas-su-keramidais-50-ml\/","og_locale":"en_GB","og_type":"article","og_title":"TIRTIR Ceramic Cream intensyviai dr\u0117kinantis veido kremas su keramidais, 50 ml - MalinaShop.lt J\u016bs\u0173 sveikatai ir gro\u017eiui.","og_description":"TIRTIR Ceramic Cream \u2013 dr\u0117kinantis veido kremas su keramidais, poliglutamo r\u016bg\u0161timi ir taukmed\u017eio sviestu, maitina, stiprina barjer\u0105,suteikia odai \u0161vyt\u0117jimo","og_url":"https:\/\/www.malinashop.lt\/en\/shop\/tirtir-ceramic-cream-intensyviai-drekinantis-veido-kremas-su-keramidais-50-ml\/","og_site_name":"MalinaShop.lt J\u016bs\u0173 sveikatai ir gro\u017eiui.","article_modified_time":"2026-04-07T19:18:02+00:00","og_image":[{"width":1100,"height":1100,"url":"https:\/\/www.malinashop.lt\/wp-content\/uploads\/2026\/02\/TIRTIR-Ceramic-Cream-intensyviai-drekinantis-veido-kremas-su-keramidais-50-ml.webp","type":"image\/webp"}],"twitter_card":"summary_large_image","schema":{"@context":"https:\/\/schema.org","@graph":[{"@type":"WebPage","@id":"https:\/\/www.malinashop.lt\/en\/shop\/tirtir-ceramic-cream-intensyviai-drekinantis-veido-kremas-su-keramidais-50-ml\/","url":"https:\/\/www.malinashop.lt\/en\/shop\/tirtir-ceramic-cream-intensyviai-drekinantis-veido-kremas-su-keramidais-50-ml\/","name":"TIRTIR Ceramic Cream intensyviai dr\u0117kinantis veido kremas su keramidais, 50 ml - MalinaShop.lt J\u016bs\u0173 sveikatai ir gro\u017eiui.","isPartOf":{"@id":"https:\/\/www.malinashop.lt\/#website"},"primaryImageOfPage":{"@id":"https:\/\/www.malinashop.lt\/en\/shop\/tirtir-ceramic-cream-intensyviai-drekinantis-veido-kremas-su-keramidais-50-ml\/#primaryimage"},"image":{"@id":"https:\/\/www.malinashop.lt\/en\/shop\/tirtir-ceramic-cream-intensyviai-drekinantis-veido-kremas-su-keramidais-50-ml\/#primaryimage"},"thumbnailUrl":"https:\/\/www.malinashop.lt\/wp-content\/uploads\/2026\/02\/TIRTIR-Ceramic-Cream-intensyviai-drekinantis-veido-kremas-su-keramidais-50-ml.webp","datePublished":"2026-02-19T19:20:57+00:00","dateModified":"2026-04-07T19:18:02+00:00","description":"TIRTIR Ceramic Cream \u2013 dr\u0117kinantis veido kremas su keramidais, poliglutamo r\u016bg\u0161timi ir taukmed\u017eio sviestu, maitina, stiprina barjer\u0105,suteikia odai \u0161vyt\u0117jimo","breadcrumb":{"@id":"https:\/\/www.malinashop.lt\/en\/shop\/tirtir-ceramic-cream-intensyviai-drekinantis-veido-kremas-su-keramidais-50-ml\/#breadcrumb"},"inLanguage":"en-GB","potentialAction":[{"@type":"ReadAction","target":["https:\/\/www.malinashop.lt\/en\/shop\/tirtir-ceramic-cream-intensyviai-drekinantis-veido-kremas-su-keramidais-50-ml\/"]}]},{"@type":"ImageObject","inLanguage":"en-GB","@id":"https:\/\/www.malinashop.lt\/en\/shop\/tirtir-ceramic-cream-intensyviai-drekinantis-veido-kremas-su-keramidais-50-ml\/#primaryimage","url":"https:\/\/www.malinashop.lt\/wp-content\/uploads\/2026\/02\/TIRTIR-Ceramic-Cream-intensyviai-drekinantis-veido-kremas-su-keramidais-50-ml.webp","contentUrl":"https:\/\/www.malinashop.lt\/wp-content\/uploads\/2026\/02\/TIRTIR-Ceramic-Cream-intensyviai-drekinantis-veido-kremas-su-keramidais-50-ml.webp","width":1100,"height":1100},{"@type":"BreadcrumbList","@id":"https:\/\/www.malinashop.lt\/en\/shop\/tirtir-ceramic-cream-intensyviai-drekinantis-veido-kremas-su-keramidais-50-ml\/#breadcrumb","itemListElement":[{"@type":"ListItem","position":1,"name":"Pagrindinis","item":"https:\/\/www.malinashop.lt\/"},{"@type":"ListItem","position":2,"name":"Parduotuv\u0117","item":"https:\/\/www.malinashop.lt\/en\/parduotuve\/"},{"@type":"ListItem","position":3,"name":"TIRTIR Ceramic Cream intensyviai dr\u0117kinantis veido kremas su keramidais, 50 ml"}]},{"@type":"WebSite","@id":"https:\/\/www.malinashop.lt\/#website","url":"https:\/\/www.malinashop.lt\/","name":"COM Group Ecommerce","description":"MalinaShop.lt - Gro\u017eio ir sveikatos produktai i\u0161 patikim\u0173 preki\u0173 \u017eenkl\u0173. Atraskite auk\u0161tos kokyb\u0117s kosmetik\u0105 u\u017e puiki\u0105 kain\u0105.","publisher":{"@id":"https:\/\/www.malinashop.lt\/#organization"},"potentialAction":[{"@type":"SearchAction","target":{"@type":"EntryPoint","urlTemplate":"https:\/\/www.malinashop.lt\/?s={search_term_string}"},"query-input":{"@type":"PropertyValueSpecification","valueRequired":true,"valueName":"search_term_string"}}],"inLanguage":"en-GB"},{"@type":"Organization","@id":"https:\/\/www.malinashop.lt\/#organization","name":"COM Group Ecommerce","url":"https:\/\/www.malinashop.lt\/","logo":{"@type":"ImageObject","inLanguage":"en-GB","@id":"https:\/\/www.malinashop.lt\/#\/schema\/logo\/image\/","url":"https:\/\/www.malinashop.lt\/wp-content\/uploads\/2024\/08\/462559670_3787732518133670_9795632669273463_n-e1731525914575.png","contentUrl":"https:\/\/www.malinashop.lt\/wp-content\/uploads\/2024\/08\/462559670_3787732518133670_9795632669273463_n-e1731525914575.png","width":180,"height":60,"caption":"COM Group Ecommerce"},"image":{"@id":"https:\/\/www.malinashop.lt\/#\/schema\/logo\/image\/"}}]}},"jetpack_sharing_enabled":true,"_links":{"self":[{"href":"https:\/\/www.malinashop.lt\/en\/wp-json\/wp\/v2\/product\/74501","targetHints":{"allow":["GET"]}}],"collection":[{"href":"https:\/\/www.malinashop.lt\/en\/wp-json\/wp\/v2\/product"}],"about":[{"href":"https:\/\/www.malinashop.lt\/en\/wp-json\/wp\/v2\/types\/product"}],"version-history":[{"count":1,"href":"https:\/\/www.malinashop.lt\/en\/wp-json\/wp\/v2\/product\/74501\/revisions"}],"predecessor-version":[{"id":74504,"href":"https:\/\/www.malinashop.lt\/en\/wp-json\/wp\/v2\/product\/74501\/revisions\/74504"}],"wp:featuredmedia":[{"embeddable":true,"href":"https:\/\/www.malinashop.lt\/en\/wp-json\/wp\/v2\/media\/74503"}],"wp:attachment":[{"href":"https:\/\/www.malinashop.lt\/en\/wp-json\/wp\/v2\/media?parent=74501"}],"wp:term":[{"taxonomy":"product_brand","embeddable":true,"href":"https:\/\/www.malinashop.lt\/en\/wp-json\/wp\/v2\/product_brand?post=74501"},{"taxonomy":"product_cat","embeddable":true,"href":"https:\/\/www.malinashop.lt\/en\/wp-json\/wp\/v2\/product_cat?post=74501"},{"taxonomy":"product_tag","embeddable":true,"href":"https:\/\/www.malinashop.lt\/en\/wp-json\/wp\/v2\/product_tag?post=74501"}],"curies":[{"name":"wp","href":"https:\/\/api.w.org\/{rel}","templated":true}]}}