{"id":74472,"date":"2026-02-17T22:28:30","date_gmt":"2026-02-17T19:28:30","guid":{"rendered":"https:\/\/malinashop.lt\/?post_type=product&#038;p=74472"},"modified":"2026-04-07T22:18:06","modified_gmt":"2026-04-07T19:18:06","slug":"tocobo-cica-calming-serum-raminantis-veido-serumas-su-bifida-fermentais-50-ml","status":"publish","type":"product","link":"https:\/\/www.malinashop.lt\/en\/shop\/tocobo-cica-calming-serum-raminantis-veido-serumas-su-bifida-fermentais-50-ml\/","title":{"rendered":"TOCOBO Cica Calming Serum raminantis veido serumas su Bifida fermentais, 50 ml"},"content":{"rendered":"<p data-start=\"310\" data-end=\"616\">TOCOBO Cica Calming Serum \u2013 lengvas, greitai susigeriantis veido serumas, sukurtas sudirgusiai, jautriai ar i\u0161saus\u0117jusiai odai. Formul\u0117je derinami raminantys ir odos barjer\u0105 palaikantys ingredientai, tod\u0117l serumas padeda suma\u017einti diskomforto poj\u016bt\u012f, palaikyti odos balans\u0105 ir suteikti ilgalaik\u012f dr\u0117kinim\u0105.<\/p>\n<p data-start=\"618\" data-end=\"1052\">Sud\u0117tyje esantis Bifida ferment\u0173 lizatas kartu su ferment\u0173 kompleksu padeda palaikyti odos mikrobiomos pusiausvyr\u0105 ir skatina odos atsistatymo procesus. Cica (Centella Asiatica) komponentai prisideda prie raminamojo poveikio, o arbatmed\u017eio ekstraktas padeda pri\u017ei\u016br\u0117ti problemati\u0161kesn\u0119 od\u0105. Keramidas NP stiprina odos barjer\u0105, o natrio hialuronatas ir hialurono r\u016bg\u0161ties kompleksas padeda sulaikyti dr\u0117gm\u0119 bei suteikia putlumo poj\u016bt\u012f.<\/p>\n<p data-start=\"1054\" data-end=\"1142\">Naudojant reguliariai, oda gali atrodyti ramesn\u0117, lygesn\u0117 ir ma\u017eiau linkusi \u012f paraudim\u0105.<\/p>\n<p data-start=\"1144\" data-end=\"1172\"><strong data-start=\"1144\" data-end=\"1172\">Pagrindiniai privalumai:<\/strong><\/p>\n<ul data-start=\"1173\" data-end=\"1430\">\n<li data-start=\"1173\" data-end=\"1229\">\n<p data-start=\"1175\" data-end=\"1229\">Ramina jautri\u0105, sudirgusi\u0105 od\u0105 ir ma\u017eina diskomfort\u0105<\/p>\n<\/li>\n<li data-start=\"1230\" data-end=\"1280\">\n<p data-start=\"1232\" data-end=\"1280\">Intensyviai dr\u0117kina ir padeda sulaikyti dr\u0117gm\u0119<\/p>\n<\/li>\n<li data-start=\"1281\" data-end=\"1333\">\n<p data-start=\"1283\" data-end=\"1333\">Bifida ferment\u0173 lizatas palaiko odos atsistatym\u0105<\/p>\n<\/li>\n<li data-start=\"1334\" data-end=\"1381\">\n<p data-start=\"1336\" data-end=\"1381\">Keramidas NP stiprina odos barjero funkcij\u0105<\/p>\n<\/li>\n<li data-start=\"1382\" data-end=\"1430\">\n<p data-start=\"1384\" data-end=\"1430\">Lengva tekst\u016bra, tinka kasdieniam naudojimui<\/p>\n<\/li>\n<\/ul>\n<p data-start=\"1432\" data-end=\"1517\"><strong data-start=\"1432\" data-end=\"1447\">Naudojimas:<\/strong><br \/>\nTepkite ant \u0161varios ir tonizuotos veido odos. Toliau naudokite krem\u0105.<\/p>\n<p data-start=\"1519\" data-end=\"1535\"><strong data-start=\"1519\" data-end=\"1529\">Talpa:<\/strong> 50 ml<\/p>\n<p data-start=\"1537\" data-end=\"2374\"><strong data-start=\"1537\" data-end=\"1556\">Sud\u0117tis (INCI):<\/strong><br data-start=\"1556\" data-end=\"1559\" \/>Aqua, Dipropylene Glycol, Glycerin, Propanediol, 1,2-Hexanediol, Trehalose, Xylitol, Erythritol, Polyglyceryl-10 Laurate, Acrylates\/C10-30 Alkyl Acrylate Crosspolymer, Tromethamine, Bifida Ferment Lysate, Centella Asiatica Leaf Extract, Lactobacillus Ferment Lysate, Lactococcus Ferment Lysate, Ethylhexylglycerin, Niacinamide, Disodium EDTA, Xanthan Gum, Parfum, Sodium Hyaluronate, Biosaccharide Gum-1, Hydrogenated Lecithin, Panthenol, Melaleuca Alternifolia Extract, Dextrin, Gardenia Florida Fruit Extract, Asiaticoside, Asiatic Acid, Madecassic Acid, Beta-Glucan, Ceramide NP, Tocopherol, Hydroxypropyltrimonium Hyaluronate, Hydrolyzed Hyaluronic Acid, Sodium Acetylated Hyaluronate, Hyaluronic Acid, Hydrolyzed Sodium Hyaluronate, Sodium Hyaluronate Crosspolymer, Potassium Hyaluronate, Hexamethylindanopyran<\/p>\n","protected":false},"excerpt":{"rendered":"<p data-start=\"125\" data-end=\"282\">Lengvos tekst\u016bros serumas jautriai odai su arbatmed\u017eio ekstraktu, Bifida ferment\u0173 lizatu, keramidu NP ir hialuronu. Dr\u0117kina, ramina ir stiprina odos barjer\u0105.<\/p>\n","protected":false},"featured_media":74474,"template":"","meta":[],"product_brand":[1643],"product_cat":[550,728],"product_tag":[1646],"class_list":{"0":"post-74472","1":"product","2":"type-product","3":"status-publish","4":"has-post-thumbnail","6":"product_brand-tocobo","7":"product_cat-veido-serumai","8":"product_cat-veidui","9":"product_tag-tocobo","11":"first","12":"instock","13":"taxable","14":"shipping-taxable","15":"purchasable","16":"product-type-simple"},"yoast_head":"<!-- This site is optimized with the Yoast SEO plugin v27.4 - https:\/\/yoast.com\/product\/yoast-seo-wordpress\/ -->\n<title>TOCOBO Cica Calming Serum raminantis veido serumas su Bifida fermentais, 50 ml - MalinaShop.lt J\u016bs\u0173 sveikatai ir gro\u017eiui.<\/title>\n<meta name=\"description\" content=\"TOCOBO Cica Calming Serum \u2013 lengvas serumas su Bifida fermentais, cica ir arbatmed\u017eiu, dr\u0117kina, ramina paraudim\u0105, stiprina odos barjer\u0105 su keramidu NP,\" \/>\n<meta name=\"robots\" content=\"index, follow, max-snippet:-1, max-image-preview:large, max-video-preview:-1\" \/>\n<link rel=\"canonical\" href=\"https:\/\/www.malinashop.lt\/en\/shop\/tocobo-cica-calming-serum-raminantis-veido-serumas-su-bifida-fermentais-50-ml\/\" \/>\n<meta property=\"og:locale\" content=\"en_GB\" \/>\n<meta property=\"og:type\" content=\"article\" \/>\n<meta property=\"og:title\" content=\"TOCOBO Cica Calming Serum raminantis veido serumas su Bifida fermentais, 50 ml - MalinaShop.lt J\u016bs\u0173 sveikatai ir gro\u017eiui.\" \/>\n<meta property=\"og:description\" content=\"TOCOBO Cica Calming Serum \u2013 lengvas serumas su Bifida fermentais, cica ir arbatmed\u017eiu, dr\u0117kina, ramina paraudim\u0105, stiprina odos barjer\u0105 su keramidu NP,\" \/>\n<meta property=\"og:url\" content=\"https:\/\/www.malinashop.lt\/en\/shop\/tocobo-cica-calming-serum-raminantis-veido-serumas-su-bifida-fermentais-50-ml\/\" \/>\n<meta property=\"og:site_name\" content=\"MalinaShop.lt J\u016bs\u0173 sveikatai ir gro\u017eiui.\" \/>\n<meta property=\"article:modified_time\" content=\"2026-04-07T19:18:06+00:00\" \/>\n<meta property=\"og:image\" content=\"https:\/\/www.malinashop.lt\/wp-content\/uploads\/2026\/02\/TOCOBO-Cica-Calming-Serum-raminantis-veido-serumas-su-Bifida-fermentais-50-ml.webp\" \/>\n\t<meta property=\"og:image:width\" content=\"1100\" \/>\n\t<meta property=\"og:image:height\" content=\"1100\" \/>\n\t<meta property=\"og:image:type\" content=\"image\/webp\" \/>\n<meta name=\"twitter:card\" content=\"summary_large_image\" \/>\n<script type=\"application\/ld+json\" class=\"yoast-schema-graph\">{\"@context\":\"https:\\\/\\\/schema.org\",\"@graph\":[{\"@type\":\"WebPage\",\"@id\":\"https:\\\/\\\/www.malinashop.lt\\\/lt_lt\\\/shop\\\/tocobo-cica-calming-serum-raminantis-veido-serumas-su-bifida-fermentais-50-ml\\\/\",\"url\":\"https:\\\/\\\/www.malinashop.lt\\\/lt_lt\\\/shop\\\/tocobo-cica-calming-serum-raminantis-veido-serumas-su-bifida-fermentais-50-ml\\\/\",\"name\":\"TOCOBO Cica Calming Serum raminantis veido serumas su Bifida fermentais, 50 ml - MalinaShop.lt J\u016bs\u0173 sveikatai ir gro\u017eiui.\",\"isPartOf\":{\"@id\":\"https:\\\/\\\/www.malinashop.lt\\\/#website\"},\"primaryImageOfPage\":{\"@id\":\"https:\\\/\\\/www.malinashop.lt\\\/lt_lt\\\/shop\\\/tocobo-cica-calming-serum-raminantis-veido-serumas-su-bifida-fermentais-50-ml\\\/#primaryimage\"},\"image\":{\"@id\":\"https:\\\/\\\/www.malinashop.lt\\\/lt_lt\\\/shop\\\/tocobo-cica-calming-serum-raminantis-veido-serumas-su-bifida-fermentais-50-ml\\\/#primaryimage\"},\"thumbnailUrl\":\"https:\\\/\\\/www.malinashop.lt\\\/wp-content\\\/uploads\\\/2026\\\/02\\\/TOCOBO-Cica-Calming-Serum-raminantis-veido-serumas-su-Bifida-fermentais-50-ml.webp\",\"datePublished\":\"2026-02-17T19:28:30+00:00\",\"dateModified\":\"2026-04-07T19:18:06+00:00\",\"description\":\"TOCOBO Cica Calming Serum \u2013 lengvas serumas su Bifida fermentais, cica ir arbatmed\u017eiu, dr\u0117kina, ramina paraudim\u0105, stiprina odos barjer\u0105 su keramidu NP,\",\"breadcrumb\":{\"@id\":\"https:\\\/\\\/www.malinashop.lt\\\/lt_lt\\\/shop\\\/tocobo-cica-calming-serum-raminantis-veido-serumas-su-bifida-fermentais-50-ml\\\/#breadcrumb\"},\"inLanguage\":\"en-GB\",\"potentialAction\":[{\"@type\":\"ReadAction\",\"target\":[\"https:\\\/\\\/www.malinashop.lt\\\/lt_lt\\\/shop\\\/tocobo-cica-calming-serum-raminantis-veido-serumas-su-bifida-fermentais-50-ml\\\/\"]}]},{\"@type\":\"ImageObject\",\"inLanguage\":\"en-GB\",\"@id\":\"https:\\\/\\\/www.malinashop.lt\\\/lt_lt\\\/shop\\\/tocobo-cica-calming-serum-raminantis-veido-serumas-su-bifida-fermentais-50-ml\\\/#primaryimage\",\"url\":\"https:\\\/\\\/www.malinashop.lt\\\/wp-content\\\/uploads\\\/2026\\\/02\\\/TOCOBO-Cica-Calming-Serum-raminantis-veido-serumas-su-Bifida-fermentais-50-ml.webp\",\"contentUrl\":\"https:\\\/\\\/www.malinashop.lt\\\/wp-content\\\/uploads\\\/2026\\\/02\\\/TOCOBO-Cica-Calming-Serum-raminantis-veido-serumas-su-Bifida-fermentais-50-ml.webp\",\"width\":1100,\"height\":1100},{\"@type\":\"BreadcrumbList\",\"@id\":\"https:\\\/\\\/www.malinashop.lt\\\/lt_lt\\\/shop\\\/tocobo-cica-calming-serum-raminantis-veido-serumas-su-bifida-fermentais-50-ml\\\/#breadcrumb\",\"itemListElement\":[{\"@type\":\"ListItem\",\"position\":1,\"name\":\"Pagrindinis\",\"item\":\"https:\\\/\\\/www.malinashop.lt\\\/\"},{\"@type\":\"ListItem\",\"position\":2,\"name\":\"Parduotuv\u0117\",\"item\":\"https:\\\/\\\/www.malinashop.lt\\\/en\\\/parduotuve\\\/\"},{\"@type\":\"ListItem\",\"position\":3,\"name\":\"TOCOBO Cica Calming Serum raminantis veido serumas su Bifida fermentais, 50 ml\"}]},{\"@type\":\"WebSite\",\"@id\":\"https:\\\/\\\/www.malinashop.lt\\\/#website\",\"url\":\"https:\\\/\\\/www.malinashop.lt\\\/\",\"name\":\"COM Group Ecommerce\",\"description\":\"MalinaShop.lt - Gro\u017eio ir sveikatos produktai i\u0161 patikim\u0173 preki\u0173 \u017eenkl\u0173. Atraskite auk\u0161tos kokyb\u0117s kosmetik\u0105 u\u017e puiki\u0105 kain\u0105.\",\"publisher\":{\"@id\":\"https:\\\/\\\/www.malinashop.lt\\\/#organization\"},\"potentialAction\":[{\"@type\":\"SearchAction\",\"target\":{\"@type\":\"EntryPoint\",\"urlTemplate\":\"https:\\\/\\\/www.malinashop.lt\\\/?s={search_term_string}\"},\"query-input\":{\"@type\":\"PropertyValueSpecification\",\"valueRequired\":true,\"valueName\":\"search_term_string\"}}],\"inLanguage\":\"en-GB\"},{\"@type\":\"Organization\",\"@id\":\"https:\\\/\\\/www.malinashop.lt\\\/#organization\",\"name\":\"COM Group Ecommerce\",\"url\":\"https:\\\/\\\/www.malinashop.lt\\\/\",\"logo\":{\"@type\":\"ImageObject\",\"inLanguage\":\"en-GB\",\"@id\":\"https:\\\/\\\/www.malinashop.lt\\\/#\\\/schema\\\/logo\\\/image\\\/\",\"url\":\"https:\\\/\\\/www.malinashop.lt\\\/wp-content\\\/uploads\\\/2024\\\/08\\\/462559670_3787732518133670_9795632669273463_n-e1731525914575.png\",\"contentUrl\":\"https:\\\/\\\/www.malinashop.lt\\\/wp-content\\\/uploads\\\/2024\\\/08\\\/462559670_3787732518133670_9795632669273463_n-e1731525914575.png\",\"width\":180,\"height\":60,\"caption\":\"COM Group Ecommerce\"},\"image\":{\"@id\":\"https:\\\/\\\/www.malinashop.lt\\\/#\\\/schema\\\/logo\\\/image\\\/\"}}]}<\/script>\n<!-- \/ Yoast SEO plugin. -->","yoast_head_json":{"title":"TOCOBO Cica Calming Serum raminantis veido serumas su Bifida fermentais, 50 ml - MalinaShop.lt J\u016bs\u0173 sveikatai ir gro\u017eiui.","description":"TOCOBO Cica Calming Serum \u2013 lengvas serumas su Bifida fermentais, cica ir arbatmed\u017eiu, dr\u0117kina, ramina paraudim\u0105, stiprina odos barjer\u0105 su keramidu NP,","robots":{"index":"index","follow":"follow","max-snippet":"max-snippet:-1","max-image-preview":"max-image-preview:large","max-video-preview":"max-video-preview:-1"},"canonical":"https:\/\/www.malinashop.lt\/en\/shop\/tocobo-cica-calming-serum-raminantis-veido-serumas-su-bifida-fermentais-50-ml\/","og_locale":"en_GB","og_type":"article","og_title":"TOCOBO Cica Calming Serum raminantis veido serumas su Bifida fermentais, 50 ml - MalinaShop.lt J\u016bs\u0173 sveikatai ir gro\u017eiui.","og_description":"TOCOBO Cica Calming Serum \u2013 lengvas serumas su Bifida fermentais, cica ir arbatmed\u017eiu, dr\u0117kina, ramina paraudim\u0105, stiprina odos barjer\u0105 su keramidu NP,","og_url":"https:\/\/www.malinashop.lt\/en\/shop\/tocobo-cica-calming-serum-raminantis-veido-serumas-su-bifida-fermentais-50-ml\/","og_site_name":"MalinaShop.lt J\u016bs\u0173 sveikatai ir gro\u017eiui.","article_modified_time":"2026-04-07T19:18:06+00:00","og_image":[{"width":1100,"height":1100,"url":"https:\/\/www.malinashop.lt\/wp-content\/uploads\/2026\/02\/TOCOBO-Cica-Calming-Serum-raminantis-veido-serumas-su-Bifida-fermentais-50-ml.webp","type":"image\/webp"}],"twitter_card":"summary_large_image","schema":{"@context":"https:\/\/schema.org","@graph":[{"@type":"WebPage","@id":"https:\/\/www.malinashop.lt\/lt_lt\/shop\/tocobo-cica-calming-serum-raminantis-veido-serumas-su-bifida-fermentais-50-ml\/","url":"https:\/\/www.malinashop.lt\/lt_lt\/shop\/tocobo-cica-calming-serum-raminantis-veido-serumas-su-bifida-fermentais-50-ml\/","name":"TOCOBO Cica Calming Serum raminantis veido serumas su Bifida fermentais, 50 ml - MalinaShop.lt J\u016bs\u0173 sveikatai ir gro\u017eiui.","isPartOf":{"@id":"https:\/\/www.malinashop.lt\/#website"},"primaryImageOfPage":{"@id":"https:\/\/www.malinashop.lt\/lt_lt\/shop\/tocobo-cica-calming-serum-raminantis-veido-serumas-su-bifida-fermentais-50-ml\/#primaryimage"},"image":{"@id":"https:\/\/www.malinashop.lt\/lt_lt\/shop\/tocobo-cica-calming-serum-raminantis-veido-serumas-su-bifida-fermentais-50-ml\/#primaryimage"},"thumbnailUrl":"https:\/\/www.malinashop.lt\/wp-content\/uploads\/2026\/02\/TOCOBO-Cica-Calming-Serum-raminantis-veido-serumas-su-Bifida-fermentais-50-ml.webp","datePublished":"2026-02-17T19:28:30+00:00","dateModified":"2026-04-07T19:18:06+00:00","description":"TOCOBO Cica Calming Serum \u2013 lengvas serumas su Bifida fermentais, cica ir arbatmed\u017eiu, dr\u0117kina, ramina paraudim\u0105, stiprina odos barjer\u0105 su keramidu NP,","breadcrumb":{"@id":"https:\/\/www.malinashop.lt\/lt_lt\/shop\/tocobo-cica-calming-serum-raminantis-veido-serumas-su-bifida-fermentais-50-ml\/#breadcrumb"},"inLanguage":"en-GB","potentialAction":[{"@type":"ReadAction","target":["https:\/\/www.malinashop.lt\/lt_lt\/shop\/tocobo-cica-calming-serum-raminantis-veido-serumas-su-bifida-fermentais-50-ml\/"]}]},{"@type":"ImageObject","inLanguage":"en-GB","@id":"https:\/\/www.malinashop.lt\/lt_lt\/shop\/tocobo-cica-calming-serum-raminantis-veido-serumas-su-bifida-fermentais-50-ml\/#primaryimage","url":"https:\/\/www.malinashop.lt\/wp-content\/uploads\/2026\/02\/TOCOBO-Cica-Calming-Serum-raminantis-veido-serumas-su-Bifida-fermentais-50-ml.webp","contentUrl":"https:\/\/www.malinashop.lt\/wp-content\/uploads\/2026\/02\/TOCOBO-Cica-Calming-Serum-raminantis-veido-serumas-su-Bifida-fermentais-50-ml.webp","width":1100,"height":1100},{"@type":"BreadcrumbList","@id":"https:\/\/www.malinashop.lt\/lt_lt\/shop\/tocobo-cica-calming-serum-raminantis-veido-serumas-su-bifida-fermentais-50-ml\/#breadcrumb","itemListElement":[{"@type":"ListItem","position":1,"name":"Pagrindinis","item":"https:\/\/www.malinashop.lt\/"},{"@type":"ListItem","position":2,"name":"Parduotuv\u0117","item":"https:\/\/www.malinashop.lt\/en\/parduotuve\/"},{"@type":"ListItem","position":3,"name":"TOCOBO Cica Calming Serum raminantis veido serumas su Bifida fermentais, 50 ml"}]},{"@type":"WebSite","@id":"https:\/\/www.malinashop.lt\/#website","url":"https:\/\/www.malinashop.lt\/","name":"COM Group Ecommerce","description":"MalinaShop.lt - Gro\u017eio ir sveikatos produktai i\u0161 patikim\u0173 preki\u0173 \u017eenkl\u0173. Atraskite auk\u0161tos kokyb\u0117s kosmetik\u0105 u\u017e puiki\u0105 kain\u0105.","publisher":{"@id":"https:\/\/www.malinashop.lt\/#organization"},"potentialAction":[{"@type":"SearchAction","target":{"@type":"EntryPoint","urlTemplate":"https:\/\/www.malinashop.lt\/?s={search_term_string}"},"query-input":{"@type":"PropertyValueSpecification","valueRequired":true,"valueName":"search_term_string"}}],"inLanguage":"en-GB"},{"@type":"Organization","@id":"https:\/\/www.malinashop.lt\/#organization","name":"COM Group Ecommerce","url":"https:\/\/www.malinashop.lt\/","logo":{"@type":"ImageObject","inLanguage":"en-GB","@id":"https:\/\/www.malinashop.lt\/#\/schema\/logo\/image\/","url":"https:\/\/www.malinashop.lt\/wp-content\/uploads\/2024\/08\/462559670_3787732518133670_9795632669273463_n-e1731525914575.png","contentUrl":"https:\/\/www.malinashop.lt\/wp-content\/uploads\/2024\/08\/462559670_3787732518133670_9795632669273463_n-e1731525914575.png","width":180,"height":60,"caption":"COM Group Ecommerce"},"image":{"@id":"https:\/\/www.malinashop.lt\/#\/schema\/logo\/image\/"}}]}},"jetpack_sharing_enabled":true,"_links":{"self":[{"href":"https:\/\/www.malinashop.lt\/en\/wp-json\/wp\/v2\/product\/74472","targetHints":{"allow":["GET"]}}],"collection":[{"href":"https:\/\/www.malinashop.lt\/en\/wp-json\/wp\/v2\/product"}],"about":[{"href":"https:\/\/www.malinashop.lt\/en\/wp-json\/wp\/v2\/types\/product"}],"version-history":[{"count":1,"href":"https:\/\/www.malinashop.lt\/en\/wp-json\/wp\/v2\/product\/74472\/revisions"}],"predecessor-version":[{"id":74475,"href":"https:\/\/www.malinashop.lt\/en\/wp-json\/wp\/v2\/product\/74472\/revisions\/74475"}],"wp:featuredmedia":[{"embeddable":true,"href":"https:\/\/www.malinashop.lt\/en\/wp-json\/wp\/v2\/media\/74474"}],"wp:attachment":[{"href":"https:\/\/www.malinashop.lt\/en\/wp-json\/wp\/v2\/media?parent=74472"}],"wp:term":[{"taxonomy":"product_brand","embeddable":true,"href":"https:\/\/www.malinashop.lt\/en\/wp-json\/wp\/v2\/product_brand?post=74472"},{"taxonomy":"product_cat","embeddable":true,"href":"https:\/\/www.malinashop.lt\/en\/wp-json\/wp\/v2\/product_cat?post=74472"},{"taxonomy":"product_tag","embeddable":true,"href":"https:\/\/www.malinashop.lt\/en\/wp-json\/wp\/v2\/product_tag?post=74472"}],"curies":[{"name":"wp","href":"https:\/\/api.w.org\/{rel}","templated":true}]}}