{"id":74466,"date":"2026-02-17T22:25:09","date_gmt":"2026-02-17T19:25:09","guid":{"rendered":"https:\/\/malinashop.lt\/?post_type=product&#038;p=74466"},"modified":"2026-04-07T22:18:06","modified_gmt":"2026-04-07T19:18:06","slug":"tocobo-cica-calming-aqua-toner-raminamasis-drekinamasis-veido-toneris-su-arbatmedziu-200-ml","status":"publish","type":"product","link":"https:\/\/www.malinashop.lt\/en\/shop\/tocobo-cica-calming-aqua-toner-raminamasis-drekinamasis-veido-toneris-su-arbatmedziu-200-ml\/","title":{"rendered":"TOCOBO Cica Calming Aqua Toner raminamasis dr\u0117kinamasis veido toneris su arbatmed\u017eiu, 200 ml"},"content":{"rendered":"<p data-start=\"335\" data-end=\"637\">TOCOBO Cica Calming Aqua Toner \u2013 lengvas, gaivinantis veido toneris, skirtas odos dr\u0117kinimui, raminimui ir komfortui po prausimo. Formul\u0117 praturtinta arbatmed\u017eio lap\u0173 vandeniu (Camellia Sinensis Leaf Water) ir natrio hialuronatu, kuris padeda palaikyti odos dr\u0117gm\u0117s balans\u0105 bei suteikia putlumo poj\u016bt\u012f.<\/p>\n<p data-start=\"639\" data-end=\"971\">Tonerio sud\u0117tyje esantis alavijo lap\u0173 ekstraktas, pantenolis ir alantoinas padeda nuraminti sudirgim\u0105, o niacinamidas prisideda prie tolygesn\u0117s odos i\u0161vaizdos ir netolygaus pavir\u0161iaus \u0161velninimo. Cica (Centella Asiatica) komponentai papildo formul\u0119 raminamuoju poveikiu \u2013 tai ypa\u010d aktualu odai, kuri linkusi \u012f paraudim\u0105 ar jautrum\u0105.<\/p>\n<p data-start=\"973\" data-end=\"1141\">Priemon\u0117 puikiai tonizuoja, suteikia gaivos ir v\u0117sinimo poj\u016bt\u012f, tod\u0117l tinka naudoti kasdien tiek ryte, tiek vakare, kaip pirm\u0105 dr\u0117kinant\u012f \u017eingsn\u012f prie\u0161 serum\u0105 ar krem\u0105.<\/p>\n<p data-start=\"1143\" data-end=\"1171\"><strong data-start=\"1143\" data-end=\"1171\">Pagrindiniai privalumai:<\/strong><\/p>\n<ul data-start=\"1172\" data-end=\"1416\">\n<li data-start=\"1172\" data-end=\"1217\">\n<p data-start=\"1174\" data-end=\"1217\">Dr\u0117kina ir padeda i\u0161laikyti odos komfort\u0105<\/p>\n<\/li>\n<li data-start=\"1218\" data-end=\"1258\">\n<p data-start=\"1220\" data-end=\"1258\">Ramina paraudim\u0105 ir sudirgimo poj\u016bt\u012f<\/p>\n<\/li>\n<li data-start=\"1259\" data-end=\"1303\">\n<p data-start=\"1261\" data-end=\"1303\">Padeda glotninti netolygi\u0105 odos tekst\u016br\u0105<\/p>\n<\/li>\n<li data-start=\"1304\" data-end=\"1356\">\n<p data-start=\"1306\" data-end=\"1356\">Gaivinantis, lengvas tonikas su v\u0117sinimo poj\u016b\u010diu<\/p>\n<\/li>\n<li data-start=\"1357\" data-end=\"1416\">\n<p data-start=\"1359\" data-end=\"1416\">Tinka kasdienei rutinai vis\u0173 tip\u0173 odai, ypa\u010d jautresnei<\/p>\n<\/li>\n<\/ul>\n<p data-start=\"1418\" data-end=\"1536\"><strong data-start=\"1418\" data-end=\"1433\">Naudojimas:<\/strong><br \/>\nTepkite ant \u0161varios veido odos pir\u0161t\u0173 galiukais arba vatos diskeliu. Toliau naudokite serum\u0105 ir krem\u0105.<\/p>\n<p data-start=\"1538\" data-end=\"1555\"><strong data-start=\"1538\" data-end=\"1548\">Talpa:<\/strong> 200 ml<\/p>\n<p data-start=\"1557\" data-end=\"2739\"><strong data-start=\"1557\" data-end=\"1576\">Sud\u0117tis (INCI):<\/strong><br data-start=\"1576\" data-end=\"1579\" \/>Aqua, Butylene Glycol, Dipropylene Glycol, Glycerin, Xylitol, 1,2-Hexanediol, Erythritol, Polyglyceryl-10 Laurate, Camellia Sinensis Leaf Water, Carbomer, Tromethamine, Ethylhexylglycerin, Allantoin, Disodium EDTA, Xanthan Gum, Parfum, Gluconolactone, Mentha Aquatica Leaf Extract, Melia Azadirachta Leaf Extract, Borago Officinalis Extract, Centaurea Cyanus Flower Extract, Chamomilla Recutita Flower Extract, Hyacinthus Orientalis Extract, Lavandula Angustifolia Flower Extract, Salvia Sclarea Extract, Melia Azadirachta Flower Extract, Bifida Ferment Lysate, Centella Asiatica Leaf Extract, Lactobacillus Ferment Lysate, Lactococcus Ferment Lysate, Niacinamide, Carica Papaya Fruit Extract, Prunus Mume Fruit Extract, Pyrus Malus Fruit Extract, Vitis Vinifera Fruit Extract, Aloe Ferox Leaf Extract, Hydrogenated Lecithin, Panthenol, Sodium Hyaluronate, Asiaticoside, Asiatic Acid, Madecassic Acid, Tocopherol, Hydroxypropyltrimonium Hyaluronate, Beta-Glucan, Hydrolyzed Hyaluronic Acid, Sodium Acetylated Hyaluronate, Ceramide NP, Hyaluronic Acid, Hydrolyzed Sodium Hyaluronate, Sodium Hyaluronate Crosspolymer, Potassium Hyaluronate, Hexamethylindanopyran<\/p>\n","protected":false},"excerpt":{"rendered":"<p>Raminantis ir dr\u0117kinantis veido toneris su arbatmed\u017eio lap\u0173 vandeniu bei natrio hialuronatu. Suteikia gaivos poj\u016bt\u012f, padeda ma\u017einti paraudim\u0105 ir glotnina odos tekst\u016br\u0105.<\/p>\n","protected":false},"featured_media":74470,"template":"","meta":[],"product_brand":[1643],"product_cat":[537,728],"product_tag":[1646],"class_list":{"0":"post-74466","1":"product","2":"type-product","3":"status-publish","4":"has-post-thumbnail","6":"product_brand-tocobo","7":"product_cat-veido-valymo-priemones","8":"product_cat-veidui","9":"product_tag-tocobo","11":"first","12":"instock","13":"taxable","14":"shipping-taxable","15":"purchasable","16":"product-type-simple"},"yoast_head":"<!-- This site is optimized with the Yoast SEO plugin v27.4 - https:\/\/yoast.com\/product\/yoast-seo-wordpress\/ -->\n<title>TOCOBO Cica Calming Aqua Toner raminamasis dr\u0117kinamasis veido toneris su arbatmed\u017eiu, 200 ml - MalinaShop.lt J\u016bs\u0173 sveikatai ir gro\u017eiui.<\/title>\n<meta name=\"description\" content=\"TOCOBO Cica Calming Aqua Toner \u2013 raminantis ir dr\u0117kinantis toneris su arbatmed\u017eio vandeniu ir hialuronu, ma\u017eina paraudim\u0105, gaivina ir glotnina od\u0105, 200 ml.\" \/>\n<meta name=\"robots\" content=\"index, follow, max-snippet:-1, max-image-preview:large, max-video-preview:-1\" \/>\n<link rel=\"canonical\" href=\"https:\/\/www.malinashop.lt\/en\/shop\/tocobo-cica-calming-aqua-toner-raminamasis-drekinamasis-veido-toneris-su-arbatmedziu-200-ml\/\" \/>\n<meta property=\"og:locale\" content=\"en_GB\" \/>\n<meta property=\"og:type\" content=\"article\" \/>\n<meta property=\"og:title\" content=\"TOCOBO Cica Calming Aqua Toner raminamasis dr\u0117kinamasis veido toneris su arbatmed\u017eiu, 200 ml - MalinaShop.lt J\u016bs\u0173 sveikatai ir gro\u017eiui.\" \/>\n<meta property=\"og:description\" content=\"TOCOBO Cica Calming Aqua Toner \u2013 raminantis ir dr\u0117kinantis toneris su arbatmed\u017eio vandeniu ir hialuronu, ma\u017eina paraudim\u0105, gaivina ir glotnina od\u0105, 200 ml.\" \/>\n<meta property=\"og:url\" content=\"https:\/\/www.malinashop.lt\/en\/shop\/tocobo-cica-calming-aqua-toner-raminamasis-drekinamasis-veido-toneris-su-arbatmedziu-200-ml\/\" \/>\n<meta property=\"og:site_name\" content=\"MalinaShop.lt J\u016bs\u0173 sveikatai ir gro\u017eiui.\" \/>\n<meta property=\"article:modified_time\" content=\"2026-04-07T19:18:06+00:00\" \/>\n<meta property=\"og:image\" content=\"https:\/\/www.malinashop.lt\/wp-content\/uploads\/2026\/02\/TOCOBO-Cica-Calming-Aqua-Toner-raminamasis-drekinamasis-veido-toneris-su-arbatmedziu-200-ml.webp\" \/>\n\t<meta property=\"og:image:width\" content=\"1100\" \/>\n\t<meta property=\"og:image:height\" content=\"1100\" \/>\n\t<meta property=\"og:image:type\" content=\"image\/webp\" \/>\n<meta name=\"twitter:card\" content=\"summary_large_image\" \/>\n<script type=\"application\/ld+json\" class=\"yoast-schema-graph\">{\"@context\":\"https:\\\/\\\/schema.org\",\"@graph\":[{\"@type\":\"WebPage\",\"@id\":\"https:\\\/\\\/www.malinashop.lt\\\/lt_lt\\\/shop\\\/tocobo-cica-calming-aqua-toner-raminamasis-drekinamasis-veido-toneris-su-arbatmedziu-200-ml\\\/\",\"url\":\"https:\\\/\\\/www.malinashop.lt\\\/lt_lt\\\/shop\\\/tocobo-cica-calming-aqua-toner-raminamasis-drekinamasis-veido-toneris-su-arbatmedziu-200-ml\\\/\",\"name\":\"TOCOBO Cica Calming Aqua Toner raminamasis dr\u0117kinamasis veido toneris su arbatmed\u017eiu, 200 ml - MalinaShop.lt J\u016bs\u0173 sveikatai ir gro\u017eiui.\",\"isPartOf\":{\"@id\":\"https:\\\/\\\/www.malinashop.lt\\\/#website\"},\"primaryImageOfPage\":{\"@id\":\"https:\\\/\\\/www.malinashop.lt\\\/lt_lt\\\/shop\\\/tocobo-cica-calming-aqua-toner-raminamasis-drekinamasis-veido-toneris-su-arbatmedziu-200-ml\\\/#primaryimage\"},\"image\":{\"@id\":\"https:\\\/\\\/www.malinashop.lt\\\/lt_lt\\\/shop\\\/tocobo-cica-calming-aqua-toner-raminamasis-drekinamasis-veido-toneris-su-arbatmedziu-200-ml\\\/#primaryimage\"},\"thumbnailUrl\":\"https:\\\/\\\/www.malinashop.lt\\\/wp-content\\\/uploads\\\/2026\\\/02\\\/TOCOBO-Cica-Calming-Aqua-Toner-raminamasis-drekinamasis-veido-toneris-su-arbatmedziu-200-ml.webp\",\"datePublished\":\"2026-02-17T19:25:09+00:00\",\"dateModified\":\"2026-04-07T19:18:06+00:00\",\"description\":\"TOCOBO Cica Calming Aqua Toner \u2013 raminantis ir dr\u0117kinantis toneris su arbatmed\u017eio vandeniu ir hialuronu, ma\u017eina paraudim\u0105, gaivina ir glotnina od\u0105, 200 ml.\",\"breadcrumb\":{\"@id\":\"https:\\\/\\\/www.malinashop.lt\\\/lt_lt\\\/shop\\\/tocobo-cica-calming-aqua-toner-raminamasis-drekinamasis-veido-toneris-su-arbatmedziu-200-ml\\\/#breadcrumb\"},\"inLanguage\":\"en-GB\",\"potentialAction\":[{\"@type\":\"ReadAction\",\"target\":[\"https:\\\/\\\/www.malinashop.lt\\\/lt_lt\\\/shop\\\/tocobo-cica-calming-aqua-toner-raminamasis-drekinamasis-veido-toneris-su-arbatmedziu-200-ml\\\/\"]}]},{\"@type\":\"ImageObject\",\"inLanguage\":\"en-GB\",\"@id\":\"https:\\\/\\\/www.malinashop.lt\\\/lt_lt\\\/shop\\\/tocobo-cica-calming-aqua-toner-raminamasis-drekinamasis-veido-toneris-su-arbatmedziu-200-ml\\\/#primaryimage\",\"url\":\"https:\\\/\\\/www.malinashop.lt\\\/wp-content\\\/uploads\\\/2026\\\/02\\\/TOCOBO-Cica-Calming-Aqua-Toner-raminamasis-drekinamasis-veido-toneris-su-arbatmedziu-200-ml.webp\",\"contentUrl\":\"https:\\\/\\\/www.malinashop.lt\\\/wp-content\\\/uploads\\\/2026\\\/02\\\/TOCOBO-Cica-Calming-Aqua-Toner-raminamasis-drekinamasis-veido-toneris-su-arbatmedziu-200-ml.webp\",\"width\":1100,\"height\":1100},{\"@type\":\"BreadcrumbList\",\"@id\":\"https:\\\/\\\/www.malinashop.lt\\\/lt_lt\\\/shop\\\/tocobo-cica-calming-aqua-toner-raminamasis-drekinamasis-veido-toneris-su-arbatmedziu-200-ml\\\/#breadcrumb\",\"itemListElement\":[{\"@type\":\"ListItem\",\"position\":1,\"name\":\"Pagrindinis\",\"item\":\"https:\\\/\\\/www.malinashop.lt\\\/\"},{\"@type\":\"ListItem\",\"position\":2,\"name\":\"Parduotuv\u0117\",\"item\":\"https:\\\/\\\/www.malinashop.lt\\\/en\\\/parduotuve\\\/\"},{\"@type\":\"ListItem\",\"position\":3,\"name\":\"TOCOBO Cica Calming Aqua Toner raminamasis dr\u0117kinamasis veido toneris su arbatmed\u017eiu, 200 ml\"}]},{\"@type\":\"WebSite\",\"@id\":\"https:\\\/\\\/www.malinashop.lt\\\/#website\",\"url\":\"https:\\\/\\\/www.malinashop.lt\\\/\",\"name\":\"COM Group Ecommerce\",\"description\":\"MalinaShop.lt - Gro\u017eio ir sveikatos produktai i\u0161 patikim\u0173 preki\u0173 \u017eenkl\u0173. Atraskite auk\u0161tos kokyb\u0117s kosmetik\u0105 u\u017e puiki\u0105 kain\u0105.\",\"publisher\":{\"@id\":\"https:\\\/\\\/www.malinashop.lt\\\/#organization\"},\"potentialAction\":[{\"@type\":\"SearchAction\",\"target\":{\"@type\":\"EntryPoint\",\"urlTemplate\":\"https:\\\/\\\/www.malinashop.lt\\\/?s={search_term_string}\"},\"query-input\":{\"@type\":\"PropertyValueSpecification\",\"valueRequired\":true,\"valueName\":\"search_term_string\"}}],\"inLanguage\":\"en-GB\"},{\"@type\":\"Organization\",\"@id\":\"https:\\\/\\\/www.malinashop.lt\\\/#organization\",\"name\":\"COM Group Ecommerce\",\"url\":\"https:\\\/\\\/www.malinashop.lt\\\/\",\"logo\":{\"@type\":\"ImageObject\",\"inLanguage\":\"en-GB\",\"@id\":\"https:\\\/\\\/www.malinashop.lt\\\/#\\\/schema\\\/logo\\\/image\\\/\",\"url\":\"https:\\\/\\\/www.malinashop.lt\\\/wp-content\\\/uploads\\\/2024\\\/08\\\/462559670_3787732518133670_9795632669273463_n-e1731525914575.png\",\"contentUrl\":\"https:\\\/\\\/www.malinashop.lt\\\/wp-content\\\/uploads\\\/2024\\\/08\\\/462559670_3787732518133670_9795632669273463_n-e1731525914575.png\",\"width\":180,\"height\":60,\"caption\":\"COM Group Ecommerce\"},\"image\":{\"@id\":\"https:\\\/\\\/www.malinashop.lt\\\/#\\\/schema\\\/logo\\\/image\\\/\"}}]}<\/script>\n<!-- \/ Yoast SEO plugin. -->","yoast_head_json":{"title":"TOCOBO Cica Calming Aqua Toner raminamasis dr\u0117kinamasis veido toneris su arbatmed\u017eiu, 200 ml - MalinaShop.lt J\u016bs\u0173 sveikatai ir gro\u017eiui.","description":"TOCOBO Cica Calming Aqua Toner \u2013 raminantis ir dr\u0117kinantis toneris su arbatmed\u017eio vandeniu ir hialuronu, ma\u017eina paraudim\u0105, gaivina ir glotnina od\u0105, 200 ml.","robots":{"index":"index","follow":"follow","max-snippet":"max-snippet:-1","max-image-preview":"max-image-preview:large","max-video-preview":"max-video-preview:-1"},"canonical":"https:\/\/www.malinashop.lt\/en\/shop\/tocobo-cica-calming-aqua-toner-raminamasis-drekinamasis-veido-toneris-su-arbatmedziu-200-ml\/","og_locale":"en_GB","og_type":"article","og_title":"TOCOBO Cica Calming Aqua Toner raminamasis dr\u0117kinamasis veido toneris su arbatmed\u017eiu, 200 ml - MalinaShop.lt J\u016bs\u0173 sveikatai ir gro\u017eiui.","og_description":"TOCOBO Cica Calming Aqua Toner \u2013 raminantis ir dr\u0117kinantis toneris su arbatmed\u017eio vandeniu ir hialuronu, ma\u017eina paraudim\u0105, gaivina ir glotnina od\u0105, 200 ml.","og_url":"https:\/\/www.malinashop.lt\/en\/shop\/tocobo-cica-calming-aqua-toner-raminamasis-drekinamasis-veido-toneris-su-arbatmedziu-200-ml\/","og_site_name":"MalinaShop.lt J\u016bs\u0173 sveikatai ir gro\u017eiui.","article_modified_time":"2026-04-07T19:18:06+00:00","og_image":[{"width":1100,"height":1100,"url":"https:\/\/www.malinashop.lt\/wp-content\/uploads\/2026\/02\/TOCOBO-Cica-Calming-Aqua-Toner-raminamasis-drekinamasis-veido-toneris-su-arbatmedziu-200-ml.webp","type":"image\/webp"}],"twitter_card":"summary_large_image","schema":{"@context":"https:\/\/schema.org","@graph":[{"@type":"WebPage","@id":"https:\/\/www.malinashop.lt\/lt_lt\/shop\/tocobo-cica-calming-aqua-toner-raminamasis-drekinamasis-veido-toneris-su-arbatmedziu-200-ml\/","url":"https:\/\/www.malinashop.lt\/lt_lt\/shop\/tocobo-cica-calming-aqua-toner-raminamasis-drekinamasis-veido-toneris-su-arbatmedziu-200-ml\/","name":"TOCOBO Cica Calming Aqua Toner raminamasis dr\u0117kinamasis veido toneris su arbatmed\u017eiu, 200 ml - MalinaShop.lt J\u016bs\u0173 sveikatai ir gro\u017eiui.","isPartOf":{"@id":"https:\/\/www.malinashop.lt\/#website"},"primaryImageOfPage":{"@id":"https:\/\/www.malinashop.lt\/lt_lt\/shop\/tocobo-cica-calming-aqua-toner-raminamasis-drekinamasis-veido-toneris-su-arbatmedziu-200-ml\/#primaryimage"},"image":{"@id":"https:\/\/www.malinashop.lt\/lt_lt\/shop\/tocobo-cica-calming-aqua-toner-raminamasis-drekinamasis-veido-toneris-su-arbatmedziu-200-ml\/#primaryimage"},"thumbnailUrl":"https:\/\/www.malinashop.lt\/wp-content\/uploads\/2026\/02\/TOCOBO-Cica-Calming-Aqua-Toner-raminamasis-drekinamasis-veido-toneris-su-arbatmedziu-200-ml.webp","datePublished":"2026-02-17T19:25:09+00:00","dateModified":"2026-04-07T19:18:06+00:00","description":"TOCOBO Cica Calming Aqua Toner \u2013 raminantis ir dr\u0117kinantis toneris su arbatmed\u017eio vandeniu ir hialuronu, ma\u017eina paraudim\u0105, gaivina ir glotnina od\u0105, 200 ml.","breadcrumb":{"@id":"https:\/\/www.malinashop.lt\/lt_lt\/shop\/tocobo-cica-calming-aqua-toner-raminamasis-drekinamasis-veido-toneris-su-arbatmedziu-200-ml\/#breadcrumb"},"inLanguage":"en-GB","potentialAction":[{"@type":"ReadAction","target":["https:\/\/www.malinashop.lt\/lt_lt\/shop\/tocobo-cica-calming-aqua-toner-raminamasis-drekinamasis-veido-toneris-su-arbatmedziu-200-ml\/"]}]},{"@type":"ImageObject","inLanguage":"en-GB","@id":"https:\/\/www.malinashop.lt\/lt_lt\/shop\/tocobo-cica-calming-aqua-toner-raminamasis-drekinamasis-veido-toneris-su-arbatmedziu-200-ml\/#primaryimage","url":"https:\/\/www.malinashop.lt\/wp-content\/uploads\/2026\/02\/TOCOBO-Cica-Calming-Aqua-Toner-raminamasis-drekinamasis-veido-toneris-su-arbatmedziu-200-ml.webp","contentUrl":"https:\/\/www.malinashop.lt\/wp-content\/uploads\/2026\/02\/TOCOBO-Cica-Calming-Aqua-Toner-raminamasis-drekinamasis-veido-toneris-su-arbatmedziu-200-ml.webp","width":1100,"height":1100},{"@type":"BreadcrumbList","@id":"https:\/\/www.malinashop.lt\/lt_lt\/shop\/tocobo-cica-calming-aqua-toner-raminamasis-drekinamasis-veido-toneris-su-arbatmedziu-200-ml\/#breadcrumb","itemListElement":[{"@type":"ListItem","position":1,"name":"Pagrindinis","item":"https:\/\/www.malinashop.lt\/"},{"@type":"ListItem","position":2,"name":"Parduotuv\u0117","item":"https:\/\/www.malinashop.lt\/en\/parduotuve\/"},{"@type":"ListItem","position":3,"name":"TOCOBO Cica Calming Aqua Toner raminamasis dr\u0117kinamasis veido toneris su arbatmed\u017eiu, 200 ml"}]},{"@type":"WebSite","@id":"https:\/\/www.malinashop.lt\/#website","url":"https:\/\/www.malinashop.lt\/","name":"COM Group Ecommerce","description":"MalinaShop.lt - Gro\u017eio ir sveikatos produktai i\u0161 patikim\u0173 preki\u0173 \u017eenkl\u0173. Atraskite auk\u0161tos kokyb\u0117s kosmetik\u0105 u\u017e puiki\u0105 kain\u0105.","publisher":{"@id":"https:\/\/www.malinashop.lt\/#organization"},"potentialAction":[{"@type":"SearchAction","target":{"@type":"EntryPoint","urlTemplate":"https:\/\/www.malinashop.lt\/?s={search_term_string}"},"query-input":{"@type":"PropertyValueSpecification","valueRequired":true,"valueName":"search_term_string"}}],"inLanguage":"en-GB"},{"@type":"Organization","@id":"https:\/\/www.malinashop.lt\/#organization","name":"COM Group Ecommerce","url":"https:\/\/www.malinashop.lt\/","logo":{"@type":"ImageObject","inLanguage":"en-GB","@id":"https:\/\/www.malinashop.lt\/#\/schema\/logo\/image\/","url":"https:\/\/www.malinashop.lt\/wp-content\/uploads\/2024\/08\/462559670_3787732518133670_9795632669273463_n-e1731525914575.png","contentUrl":"https:\/\/www.malinashop.lt\/wp-content\/uploads\/2024\/08\/462559670_3787732518133670_9795632669273463_n-e1731525914575.png","width":180,"height":60,"caption":"COM Group Ecommerce"},"image":{"@id":"https:\/\/www.malinashop.lt\/#\/schema\/logo\/image\/"}}]}},"jetpack_sharing_enabled":true,"_links":{"self":[{"href":"https:\/\/www.malinashop.lt\/en\/wp-json\/wp\/v2\/product\/74466","targetHints":{"allow":["GET"]}}],"collection":[{"href":"https:\/\/www.malinashop.lt\/en\/wp-json\/wp\/v2\/product"}],"about":[{"href":"https:\/\/www.malinashop.lt\/en\/wp-json\/wp\/v2\/types\/product"}],"version-history":[{"count":1,"href":"https:\/\/www.malinashop.lt\/en\/wp-json\/wp\/v2\/product\/74466\/revisions"}],"predecessor-version":[{"id":74471,"href":"https:\/\/www.malinashop.lt\/en\/wp-json\/wp\/v2\/product\/74466\/revisions\/74471"}],"wp:featuredmedia":[{"embeddable":true,"href":"https:\/\/www.malinashop.lt\/en\/wp-json\/wp\/v2\/media\/74470"}],"wp:attachment":[{"href":"https:\/\/www.malinashop.lt\/en\/wp-json\/wp\/v2\/media?parent=74466"}],"wp:term":[{"taxonomy":"product_brand","embeddable":true,"href":"https:\/\/www.malinashop.lt\/en\/wp-json\/wp\/v2\/product_brand?post=74466"},{"taxonomy":"product_cat","embeddable":true,"href":"https:\/\/www.malinashop.lt\/en\/wp-json\/wp\/v2\/product_cat?post=74466"},{"taxonomy":"product_tag","embeddable":true,"href":"https:\/\/www.malinashop.lt\/en\/wp-json\/wp\/v2\/product_tag?post=74466"}],"curies":[{"name":"wp","href":"https:\/\/api.w.org\/{rel}","templated":true}]}}