{"id":74438,"date":"2026-02-17T21:47:11","date_gmt":"2026-02-17T18:47:11","guid":{"rendered":"https:\/\/malinashop.lt\/?post_type=product&#038;p=74438"},"modified":"2026-04-07T22:18:08","modified_gmt":"2026-04-07T19:18:08","slug":"tocobo-cotton-soft-sun-stick-spf50-pa-piestukine-veido-apsauga-nuo-saules-19-g","status":"publish","type":"product","link":"https:\/\/www.malinashop.lt\/en\/shop\/tocobo-cotton-soft-sun-stick-spf50-pa-piestukine-veido-apsauga-nuo-saules-19-g\/","title":{"rendered":"TOCOBO Cotton Soft Sun Stick SPF50+ PA++++ pie\u0161tukin\u0117 veido apsauga nuo saul\u0117s, 19 g"},"content":{"rendered":"<p data-start=\"319\" data-end=\"627\">TOCOBO Cotton Soft Sun Stick SPF50+ PA++++ \u2013 patogi pie\u0161tukin\u0117 apsauga nuo saul\u0117s, sukurta greitam ir \u0161variam naudojimui bet kur ir bet kada. I\u0161sukamas formatas leid\u017eia lengvai padengti veido od\u0105 be lipnumo poj\u016b\u010dio, o mi\u0161r\u016bs UV filtrai u\u017etikrina patikim\u0105 apsaug\u0105 nuo kenksming\u0173 UVA ir UVB spinduli\u0173 (SPF50+).<\/p>\n<p data-start=\"629\" data-end=\"954\">Formul\u0117 papildyta \u012fvairiais augaliniais ekstraktais, kurie padeda palaikyti odos komfort\u0105: dr\u0117kina, ramina ir suteikia antioksidacin\u0119 apsaug\u0105 nuo aplinkos poveikio. D\u0117l prakti\u0161ko formato \u0161i priemon\u0117 puikiai tinka ne tik kaip paskutinis rytin\u0117s rutinos \u017eingsnis, bet ir apsaugos atnaujinimui dienos metu, net ir b\u016bnant kelyje.<\/p>\n<p data-start=\"956\" data-end=\"984\"><strong data-start=\"956\" data-end=\"984\">Pagrindiniai privalumai:<\/strong><\/p>\n<ul data-start=\"985\" data-end=\"1269\">\n<li data-start=\"985\" data-end=\"1035\">\n<p data-start=\"987\" data-end=\"1035\">SPF50+ PA++++ apsauga nuo UVA ir UVB spinduli\u0173<\/p>\n<\/li>\n<li data-start=\"1036\" data-end=\"1100\">\n<p data-start=\"1038\" data-end=\"1100\">I\u0161sukamas pie\u0161tukinis formatas \u2013 patogu naudoti ir kelion\u0117se<\/p>\n<\/li>\n<li data-start=\"1101\" data-end=\"1138\">\n<p data-start=\"1103\" data-end=\"1138\">Tinka reaplikavimui dienos eigoje<\/p>\n<\/li>\n<li data-start=\"1139\" data-end=\"1183\">\n<p data-start=\"1141\" data-end=\"1183\">Padeda palaikyti odos dr\u0117gm\u0119 ir komfort\u0105<\/p>\n<\/li>\n<li data-start=\"1184\" data-end=\"1269\">\n<p data-start=\"1186\" data-end=\"1269\">Sud\u0117tyje esantys ekstraktai pasi\u017eymi raminan\u010diomis ir antioksidacin\u0117mis savyb\u0117mis<\/p>\n<\/li>\n<\/ul>\n<p data-start=\"1271\" data-end=\"1506\"><strong data-start=\"1271\" data-end=\"1286\">Naudojimas:<\/strong><br \/>\nNaudokite kaip paskutin\u012f rytin\u0117s odos prie\u017ei\u016bros \u017eingsn\u012f. \u0160velniai braukite priemon\u0119 per veido od\u0105, paskirstydami reikiam\u0105 kiek\u012f. Dienos metu reaplikuokite pagal poreik\u012f, ypa\u010d po prakaitavimo ar ilgesnio buvimo saul\u0117je.<\/p>\n<p data-start=\"1508\" data-end=\"1553\"><strong data-start=\"1508\" data-end=\"1518\">Tinka:<\/strong> vis\u0173 tip\u0173 odai<br data-start=\"1533\" data-end=\"1536\" \/><strong data-start=\"1536\" data-end=\"1546\">Talpa:<\/strong> 19 g<\/p>\n<p data-start=\"1555\" data-end=\"2917\"><strong data-start=\"1555\" data-end=\"1574\">Sud\u0117tis (INCI):<\/strong><br data-start=\"1574\" data-end=\"1577\" \/>Synthetic Wax, Dibutyl Adipate, Butylene Glycol Dicaprylate\/Dicaprate, Octocrylene, Methyl Methacrylate Crosspolymer, Vinyl Dimethicone\/Methicone Silsesquioxane Crosspolymer, Ethylhexyl Methoxycinnamate, Dicaprylyl Carbonate, Cetyl Ethylhexanoate, Ethylhexyl Salicylate, Silica, Bis-Ethylhexyloxyphenol Methoxyphenyl Triazine, Diethylamino Hydroxybenzoyl Hexyl Benzoate, Tocopheryl Acetate, Ozokerite, Caprylyl Glycol, Bisabolol, Polyglyceryl-2 Triisostearate, Triethoxycaprylylsilane, Titanium Dioxide, Octyldodecanol, Parfum, Polyglyceryl-4 Diisostearate\/Polyhydroxystearate\/Sebacate, Melia Azadirachta Leaf Extract, Melia Azadirachta Flower Extract, Echium Plantagineum Seed Oil, Coccinia Indica Fruit Extract, Aloe Barbadensis Flower Extract, Solanum Melongena Fruit Extract, Simmondsia Chinensis Seed Oil, Cardiospermum Halicacabum Flower\/Leaf\/Vine Extract, Helianthus Annuus Seed Oil Unsaponifiables, Corallina Officinalis Extract, Curcuma Longa Root Extract, Ocimum Sanctum Leaf Extract, Tocopherol, Aqua, Butylene Glycol, 1,2-Hexanediol, Gossypium Herbaceum Extract, Phellodendron Amurense Bark Extract, Rheum Palmatum Root\/Stalk Extract, Scutellaria Baicalensis Root Extract, Sophora Flavescens Root Extract, Oenothera Biennis Flower Extract, Pinus Palustris Leaf Extract, Pueraria Lobata Root Extract, Ulmus Davidiana Root Extract<\/p>\n","protected":false},"excerpt":{"rendered":"<p>I\u0161sukamas SPF pie\u0161tukas su SPF50+ PA++++, saugantis nuo UVA\/UVB spinduli\u0173. Patogus kasdienai ir reaplikavimui, lengvai dengiasi, padeda i\u0161laikyti odos komfort\u0105.<\/p>\n","protected":false},"featured_media":74441,"template":"","meta":[],"product_brand":[1643],"product_cat":[772,728],"product_tag":[1646],"class_list":{"0":"post-74438","1":"product","2":"type-product","3":"status-publish","4":"has-post-thumbnail","6":"product_brand-tocobo","7":"product_cat-apsauga-nuo-saules","8":"product_cat-veidui","9":"product_tag-tocobo","11":"first","12":"instock","13":"taxable","14":"shipping-taxable","15":"purchasable","16":"product-type-simple"},"yoast_head":"<!-- This site is optimized with the Yoast SEO plugin v27.4 - https:\/\/yoast.com\/product\/yoast-seo-wordpress\/ -->\n<title>TOCOBO Cotton Soft Sun Stick SPF50+ PA++++ pie\u0161tukin\u0117 veido apsauga nuo saul\u0117s, 19 g - MalinaShop.lt J\u016bs\u0173 sveikatai ir gro\u017eiui.<\/title>\n<meta name=\"description\" content=\"TOCOBO Cotton Soft Sun Stick SPF50+ PA++++ pie\u0161tukin\u0117 apsauga nuo saul\u0117s saugo nuo UVA\/UVB, patogi reaplikavimui, lengvai dengiasi.\" \/>\n<meta name=\"robots\" content=\"index, follow, max-snippet:-1, max-image-preview:large, max-video-preview:-1\" \/>\n<link rel=\"canonical\" href=\"https:\/\/www.malinashop.lt\/en\/shop\/tocobo-cotton-soft-sun-stick-spf50-pa-piestukine-veido-apsauga-nuo-saules-19-g\/\" \/>\n<meta property=\"og:locale\" content=\"en_GB\" \/>\n<meta property=\"og:type\" content=\"article\" \/>\n<meta property=\"og:title\" content=\"TOCOBO Cotton Soft Sun Stick SPF50+ PA++++ pie\u0161tukin\u0117 veido apsauga nuo saul\u0117s, 19 g - MalinaShop.lt J\u016bs\u0173 sveikatai ir gro\u017eiui.\" \/>\n<meta property=\"og:description\" content=\"TOCOBO Cotton Soft Sun Stick SPF50+ PA++++ pie\u0161tukin\u0117 apsauga nuo saul\u0117s saugo nuo UVA\/UVB, patogi reaplikavimui, lengvai dengiasi.\" \/>\n<meta property=\"og:url\" content=\"https:\/\/www.malinashop.lt\/en\/shop\/tocobo-cotton-soft-sun-stick-spf50-pa-piestukine-veido-apsauga-nuo-saules-19-g\/\" \/>\n<meta property=\"og:site_name\" content=\"MalinaShop.lt J\u016bs\u0173 sveikatai ir gro\u017eiui.\" \/>\n<meta property=\"article:modified_time\" content=\"2026-04-07T19:18:08+00:00\" \/>\n<meta property=\"og:image\" content=\"https:\/\/www.malinashop.lt\/wp-content\/uploads\/2026\/02\/TOCOBO-Cotton-Soft-Sun-Stick-SPF50-PA-piestukine-veido-apsauga-nuo-saules-19-g.webp\" \/>\n\t<meta property=\"og:image:width\" content=\"1100\" \/>\n\t<meta property=\"og:image:height\" content=\"1100\" \/>\n\t<meta property=\"og:image:type\" content=\"image\/webp\" \/>\n<meta name=\"twitter:card\" content=\"summary_large_image\" \/>\n<script type=\"application\/ld+json\" class=\"yoast-schema-graph\">{\"@context\":\"https:\\\/\\\/schema.org\",\"@graph\":[{\"@type\":\"WebPage\",\"@id\":\"https:\\\/\\\/www.malinashop.lt\\\/en\\\/shop\\\/tocobo-cotton-soft-sun-stick-spf50-pa-piestukine-veido-apsauga-nuo-saules-19-g\\\/\",\"url\":\"https:\\\/\\\/www.malinashop.lt\\\/en\\\/shop\\\/tocobo-cotton-soft-sun-stick-spf50-pa-piestukine-veido-apsauga-nuo-saules-19-g\\\/\",\"name\":\"TOCOBO Cotton Soft Sun Stick SPF50+ PA++++ pie\u0161tukin\u0117 veido apsauga nuo saul\u0117s, 19 g - MalinaShop.lt J\u016bs\u0173 sveikatai ir gro\u017eiui.\",\"isPartOf\":{\"@id\":\"https:\\\/\\\/www.malinashop.lt\\\/#website\"},\"primaryImageOfPage\":{\"@id\":\"https:\\\/\\\/www.malinashop.lt\\\/en\\\/shop\\\/tocobo-cotton-soft-sun-stick-spf50-pa-piestukine-veido-apsauga-nuo-saules-19-g\\\/#primaryimage\"},\"image\":{\"@id\":\"https:\\\/\\\/www.malinashop.lt\\\/en\\\/shop\\\/tocobo-cotton-soft-sun-stick-spf50-pa-piestukine-veido-apsauga-nuo-saules-19-g\\\/#primaryimage\"},\"thumbnailUrl\":\"https:\\\/\\\/www.malinashop.lt\\\/wp-content\\\/uploads\\\/2026\\\/02\\\/TOCOBO-Cotton-Soft-Sun-Stick-SPF50-PA-piestukine-veido-apsauga-nuo-saules-19-g.webp\",\"datePublished\":\"2026-02-17T18:47:11+00:00\",\"dateModified\":\"2026-04-07T19:18:08+00:00\",\"description\":\"TOCOBO Cotton Soft Sun Stick SPF50+ PA++++ pie\u0161tukin\u0117 apsauga nuo saul\u0117s saugo nuo UVA\\\/UVB, patogi reaplikavimui, lengvai dengiasi.\",\"breadcrumb\":{\"@id\":\"https:\\\/\\\/www.malinashop.lt\\\/en\\\/shop\\\/tocobo-cotton-soft-sun-stick-spf50-pa-piestukine-veido-apsauga-nuo-saules-19-g\\\/#breadcrumb\"},\"inLanguage\":\"en-GB\",\"potentialAction\":[{\"@type\":\"ReadAction\",\"target\":[\"https:\\\/\\\/www.malinashop.lt\\\/en\\\/shop\\\/tocobo-cotton-soft-sun-stick-spf50-pa-piestukine-veido-apsauga-nuo-saules-19-g\\\/\"]}]},{\"@type\":\"ImageObject\",\"inLanguage\":\"en-GB\",\"@id\":\"https:\\\/\\\/www.malinashop.lt\\\/en\\\/shop\\\/tocobo-cotton-soft-sun-stick-spf50-pa-piestukine-veido-apsauga-nuo-saules-19-g\\\/#primaryimage\",\"url\":\"https:\\\/\\\/www.malinashop.lt\\\/wp-content\\\/uploads\\\/2026\\\/02\\\/TOCOBO-Cotton-Soft-Sun-Stick-SPF50-PA-piestukine-veido-apsauga-nuo-saules-19-g.webp\",\"contentUrl\":\"https:\\\/\\\/www.malinashop.lt\\\/wp-content\\\/uploads\\\/2026\\\/02\\\/TOCOBO-Cotton-Soft-Sun-Stick-SPF50-PA-piestukine-veido-apsauga-nuo-saules-19-g.webp\",\"width\":1100,\"height\":1100},{\"@type\":\"BreadcrumbList\",\"@id\":\"https:\\\/\\\/www.malinashop.lt\\\/en\\\/shop\\\/tocobo-cotton-soft-sun-stick-spf50-pa-piestukine-veido-apsauga-nuo-saules-19-g\\\/#breadcrumb\",\"itemListElement\":[{\"@type\":\"ListItem\",\"position\":1,\"name\":\"Pagrindinis\",\"item\":\"https:\\\/\\\/www.malinashop.lt\\\/\"},{\"@type\":\"ListItem\",\"position\":2,\"name\":\"Parduotuv\u0117\",\"item\":\"https:\\\/\\\/www.malinashop.lt\\\/en\\\/parduotuve\\\/\"},{\"@type\":\"ListItem\",\"position\":3,\"name\":\"TOCOBO Cotton Soft Sun Stick SPF50+ PA++++ pie\u0161tukin\u0117 veido apsauga nuo saul\u0117s, 19 g\"}]},{\"@type\":\"WebSite\",\"@id\":\"https:\\\/\\\/www.malinashop.lt\\\/#website\",\"url\":\"https:\\\/\\\/www.malinashop.lt\\\/\",\"name\":\"COM Group Ecommerce\",\"description\":\"MalinaShop.lt - Gro\u017eio ir sveikatos produktai i\u0161 patikim\u0173 preki\u0173 \u017eenkl\u0173. Atraskite auk\u0161tos kokyb\u0117s kosmetik\u0105 u\u017e puiki\u0105 kain\u0105.\",\"publisher\":{\"@id\":\"https:\\\/\\\/www.malinashop.lt\\\/#organization\"},\"potentialAction\":[{\"@type\":\"SearchAction\",\"target\":{\"@type\":\"EntryPoint\",\"urlTemplate\":\"https:\\\/\\\/www.malinashop.lt\\\/?s={search_term_string}\"},\"query-input\":{\"@type\":\"PropertyValueSpecification\",\"valueRequired\":true,\"valueName\":\"search_term_string\"}}],\"inLanguage\":\"en-GB\"},{\"@type\":\"Organization\",\"@id\":\"https:\\\/\\\/www.malinashop.lt\\\/#organization\",\"name\":\"COM Group Ecommerce\",\"url\":\"https:\\\/\\\/www.malinashop.lt\\\/\",\"logo\":{\"@type\":\"ImageObject\",\"inLanguage\":\"en-GB\",\"@id\":\"https:\\\/\\\/www.malinashop.lt\\\/#\\\/schema\\\/logo\\\/image\\\/\",\"url\":\"https:\\\/\\\/www.malinashop.lt\\\/wp-content\\\/uploads\\\/2024\\\/08\\\/462559670_3787732518133670_9795632669273463_n-e1731525914575.png\",\"contentUrl\":\"https:\\\/\\\/www.malinashop.lt\\\/wp-content\\\/uploads\\\/2024\\\/08\\\/462559670_3787732518133670_9795632669273463_n-e1731525914575.png\",\"width\":180,\"height\":60,\"caption\":\"COM Group Ecommerce\"},\"image\":{\"@id\":\"https:\\\/\\\/www.malinashop.lt\\\/#\\\/schema\\\/logo\\\/image\\\/\"}}]}<\/script>\n<!-- \/ Yoast SEO plugin. -->","yoast_head_json":{"title":"TOCOBO Cotton Soft Sun Stick SPF50+ PA++++ pie\u0161tukin\u0117 veido apsauga nuo saul\u0117s, 19 g - MalinaShop.lt J\u016bs\u0173 sveikatai ir gro\u017eiui.","description":"TOCOBO Cotton Soft Sun Stick SPF50+ PA++++ pie\u0161tukin\u0117 apsauga nuo saul\u0117s saugo nuo UVA\/UVB, patogi reaplikavimui, lengvai dengiasi.","robots":{"index":"index","follow":"follow","max-snippet":"max-snippet:-1","max-image-preview":"max-image-preview:large","max-video-preview":"max-video-preview:-1"},"canonical":"https:\/\/www.malinashop.lt\/en\/shop\/tocobo-cotton-soft-sun-stick-spf50-pa-piestukine-veido-apsauga-nuo-saules-19-g\/","og_locale":"en_GB","og_type":"article","og_title":"TOCOBO Cotton Soft Sun Stick SPF50+ PA++++ pie\u0161tukin\u0117 veido apsauga nuo saul\u0117s, 19 g - MalinaShop.lt J\u016bs\u0173 sveikatai ir gro\u017eiui.","og_description":"TOCOBO Cotton Soft Sun Stick SPF50+ PA++++ pie\u0161tukin\u0117 apsauga nuo saul\u0117s saugo nuo UVA\/UVB, patogi reaplikavimui, lengvai dengiasi.","og_url":"https:\/\/www.malinashop.lt\/en\/shop\/tocobo-cotton-soft-sun-stick-spf50-pa-piestukine-veido-apsauga-nuo-saules-19-g\/","og_site_name":"MalinaShop.lt J\u016bs\u0173 sveikatai ir gro\u017eiui.","article_modified_time":"2026-04-07T19:18:08+00:00","og_image":[{"width":1100,"height":1100,"url":"https:\/\/www.malinashop.lt\/wp-content\/uploads\/2026\/02\/TOCOBO-Cotton-Soft-Sun-Stick-SPF50-PA-piestukine-veido-apsauga-nuo-saules-19-g.webp","type":"image\/webp"}],"twitter_card":"summary_large_image","schema":{"@context":"https:\/\/schema.org","@graph":[{"@type":"WebPage","@id":"https:\/\/www.malinashop.lt\/en\/shop\/tocobo-cotton-soft-sun-stick-spf50-pa-piestukine-veido-apsauga-nuo-saules-19-g\/","url":"https:\/\/www.malinashop.lt\/en\/shop\/tocobo-cotton-soft-sun-stick-spf50-pa-piestukine-veido-apsauga-nuo-saules-19-g\/","name":"TOCOBO Cotton Soft Sun Stick SPF50+ PA++++ pie\u0161tukin\u0117 veido apsauga nuo saul\u0117s, 19 g - MalinaShop.lt J\u016bs\u0173 sveikatai ir gro\u017eiui.","isPartOf":{"@id":"https:\/\/www.malinashop.lt\/#website"},"primaryImageOfPage":{"@id":"https:\/\/www.malinashop.lt\/en\/shop\/tocobo-cotton-soft-sun-stick-spf50-pa-piestukine-veido-apsauga-nuo-saules-19-g\/#primaryimage"},"image":{"@id":"https:\/\/www.malinashop.lt\/en\/shop\/tocobo-cotton-soft-sun-stick-spf50-pa-piestukine-veido-apsauga-nuo-saules-19-g\/#primaryimage"},"thumbnailUrl":"https:\/\/www.malinashop.lt\/wp-content\/uploads\/2026\/02\/TOCOBO-Cotton-Soft-Sun-Stick-SPF50-PA-piestukine-veido-apsauga-nuo-saules-19-g.webp","datePublished":"2026-02-17T18:47:11+00:00","dateModified":"2026-04-07T19:18:08+00:00","description":"TOCOBO Cotton Soft Sun Stick SPF50+ PA++++ pie\u0161tukin\u0117 apsauga nuo saul\u0117s saugo nuo UVA\/UVB, patogi reaplikavimui, lengvai dengiasi.","breadcrumb":{"@id":"https:\/\/www.malinashop.lt\/en\/shop\/tocobo-cotton-soft-sun-stick-spf50-pa-piestukine-veido-apsauga-nuo-saules-19-g\/#breadcrumb"},"inLanguage":"en-GB","potentialAction":[{"@type":"ReadAction","target":["https:\/\/www.malinashop.lt\/en\/shop\/tocobo-cotton-soft-sun-stick-spf50-pa-piestukine-veido-apsauga-nuo-saules-19-g\/"]}]},{"@type":"ImageObject","inLanguage":"en-GB","@id":"https:\/\/www.malinashop.lt\/en\/shop\/tocobo-cotton-soft-sun-stick-spf50-pa-piestukine-veido-apsauga-nuo-saules-19-g\/#primaryimage","url":"https:\/\/www.malinashop.lt\/wp-content\/uploads\/2026\/02\/TOCOBO-Cotton-Soft-Sun-Stick-SPF50-PA-piestukine-veido-apsauga-nuo-saules-19-g.webp","contentUrl":"https:\/\/www.malinashop.lt\/wp-content\/uploads\/2026\/02\/TOCOBO-Cotton-Soft-Sun-Stick-SPF50-PA-piestukine-veido-apsauga-nuo-saules-19-g.webp","width":1100,"height":1100},{"@type":"BreadcrumbList","@id":"https:\/\/www.malinashop.lt\/en\/shop\/tocobo-cotton-soft-sun-stick-spf50-pa-piestukine-veido-apsauga-nuo-saules-19-g\/#breadcrumb","itemListElement":[{"@type":"ListItem","position":1,"name":"Pagrindinis","item":"https:\/\/www.malinashop.lt\/"},{"@type":"ListItem","position":2,"name":"Parduotuv\u0117","item":"https:\/\/www.malinashop.lt\/en\/parduotuve\/"},{"@type":"ListItem","position":3,"name":"TOCOBO Cotton Soft Sun Stick SPF50+ PA++++ pie\u0161tukin\u0117 veido apsauga nuo saul\u0117s, 19 g"}]},{"@type":"WebSite","@id":"https:\/\/www.malinashop.lt\/#website","url":"https:\/\/www.malinashop.lt\/","name":"COM Group Ecommerce","description":"MalinaShop.lt - Gro\u017eio ir sveikatos produktai i\u0161 patikim\u0173 preki\u0173 \u017eenkl\u0173. Atraskite auk\u0161tos kokyb\u0117s kosmetik\u0105 u\u017e puiki\u0105 kain\u0105.","publisher":{"@id":"https:\/\/www.malinashop.lt\/#organization"},"potentialAction":[{"@type":"SearchAction","target":{"@type":"EntryPoint","urlTemplate":"https:\/\/www.malinashop.lt\/?s={search_term_string}"},"query-input":{"@type":"PropertyValueSpecification","valueRequired":true,"valueName":"search_term_string"}}],"inLanguage":"en-GB"},{"@type":"Organization","@id":"https:\/\/www.malinashop.lt\/#organization","name":"COM Group Ecommerce","url":"https:\/\/www.malinashop.lt\/","logo":{"@type":"ImageObject","inLanguage":"en-GB","@id":"https:\/\/www.malinashop.lt\/#\/schema\/logo\/image\/","url":"https:\/\/www.malinashop.lt\/wp-content\/uploads\/2024\/08\/462559670_3787732518133670_9795632669273463_n-e1731525914575.png","contentUrl":"https:\/\/www.malinashop.lt\/wp-content\/uploads\/2024\/08\/462559670_3787732518133670_9795632669273463_n-e1731525914575.png","width":180,"height":60,"caption":"COM Group Ecommerce"},"image":{"@id":"https:\/\/www.malinashop.lt\/#\/schema\/logo\/image\/"}}]}},"jetpack_sharing_enabled":true,"_links":{"self":[{"href":"https:\/\/www.malinashop.lt\/en\/wp-json\/wp\/v2\/product\/74438","targetHints":{"allow":["GET"]}}],"collection":[{"href":"https:\/\/www.malinashop.lt\/en\/wp-json\/wp\/v2\/product"}],"about":[{"href":"https:\/\/www.malinashop.lt\/en\/wp-json\/wp\/v2\/types\/product"}],"version-history":[{"count":1,"href":"https:\/\/www.malinashop.lt\/en\/wp-json\/wp\/v2\/product\/74438\/revisions"}],"predecessor-version":[{"id":74442,"href":"https:\/\/www.malinashop.lt\/en\/wp-json\/wp\/v2\/product\/74438\/revisions\/74442"}],"wp:featuredmedia":[{"embeddable":true,"href":"https:\/\/www.malinashop.lt\/en\/wp-json\/wp\/v2\/media\/74441"}],"wp:attachment":[{"href":"https:\/\/www.malinashop.lt\/en\/wp-json\/wp\/v2\/media?parent=74438"}],"wp:term":[{"taxonomy":"product_brand","embeddable":true,"href":"https:\/\/www.malinashop.lt\/en\/wp-json\/wp\/v2\/product_brand?post=74438"},{"taxonomy":"product_cat","embeddable":true,"href":"https:\/\/www.malinashop.lt\/en\/wp-json\/wp\/v2\/product_cat?post=74438"},{"taxonomy":"product_tag","embeddable":true,"href":"https:\/\/www.malinashop.lt\/en\/wp-json\/wp\/v2\/product_tag?post=74438"}],"curies":[{"name":"wp","href":"https:\/\/api.w.org\/{rel}","templated":true}]}}