{"id":73778,"date":"2026-01-31T16:37:16","date_gmt":"2026-01-31T13:37:16","guid":{"rendered":"https:\/\/malinashop.lt\/?post_type=product&#038;p=73778"},"modified":"2026-04-08T00:24:13","modified_gmt":"2026-04-07T21:24:13","slug":"celimax-vita-a-retinol-shot-stangrinantis-veido-serumas-30-ml","status":"publish","type":"product","link":"https:\/\/www.malinashop.lt\/en\/shop\/celimax-vita-a-retinol-shot-stangrinantis-veido-serumas-30-ml\/","title":{"rendered":"CELIMAX Vita-A Retinol Shot stangrinantis veido serumas, 30 ml"},"content":{"rendered":"<p data-start=\"144\" data-end=\"540\"><strong data-start=\"144\" data-end=\"192\">CELIMAX Vita-A Retinol Shot Tightening Serum<\/strong> \u2013 tai intensyvus stangrinantis veido serumas su <strong data-start=\"241\" data-end=\"266\">0,1 % gryno retinolio<\/strong>, \u012fkapsuliuoto liposomose, kad veikliosios med\u017eiagos b\u016bt\u0173 paskirstomos tiksliau ir giliau odoje. Formul\u0117 papildyta <strong data-start=\"381\" data-end=\"420\">A-Shot\u2122 mikrodalel\u0117mis (spikul\u0117mis)<\/strong>, kurios padeda retinoliui pasiekti gilesnius odos sluoksnius ir prisideda prie lygesn\u0117s bei skaistesn\u0117s odos i\u0161vaizdos.<\/p>\n<p data-start=\"542\" data-end=\"854\">Serumas pasi\u017eymi koncentruota, bet nelipnia tekst\u016bra, kuri padeda greitai atkurti dr\u0117gm\u0117s poj\u016bt\u012f odoje ir suteikia jai \u0161vyt\u0117jimo. Dr\u0117kinam\u0173j\u0173 ir raminam\u0173j\u0173 ingredient\u0173 derinys padeda palaikyti odos komfort\u0105 naudojant retinol\u012f. Reguliariai naudojant, oda gali atrodyti stangresn\u0117, lygesn\u0117 ir vizualiai atgaivinta.<\/p>\n<hr data-start=\"856\" data-end=\"859\" \/>\n<h3 data-start=\"861\" data-end=\"888\">Pagrindiniai privalumai<\/h3>\n<ul data-start=\"889\" data-end=\"1177\">\n<li data-start=\"889\" data-end=\"919\">\n<p data-start=\"891\" data-end=\"919\">Su <strong data-start=\"894\" data-end=\"919\">0,1 % grynu retinoliu<\/strong><\/p>\n<\/li>\n<li data-start=\"920\" data-end=\"985\">\n<p data-start=\"922\" data-end=\"985\">Retinolis \u012fkapsuliuotas <strong data-start=\"946\" data-end=\"960\">liposomose<\/strong> tikslesniam paskirstymui<\/p>\n<\/li>\n<li data-start=\"986\" data-end=\"1069\">\n<p data-start=\"988\" data-end=\"1069\"><strong data-start=\"988\" data-end=\"1008\">A-Shot\u2122 spikul\u0117s<\/strong> padeda veikliosioms med\u017eiagoms pasiekti gilesnius sluoksnius<\/p>\n<\/li>\n<li data-start=\"1070\" data-end=\"1126\">\n<p data-start=\"1072\" data-end=\"1126\">Padeda palaikyti <strong data-start=\"1089\" data-end=\"1119\">odos stangrumo ir glotnumo<\/strong> poj\u016bt\u012f<\/p>\n<\/li>\n<li data-start=\"1127\" data-end=\"1177\">\n<p data-start=\"1129\" data-end=\"1177\">Lengva, greitai susigerianti tekst\u016bra be lipnumo<\/p>\n<\/li>\n<\/ul>\n<hr data-start=\"1179\" data-end=\"1182\" \/>\n<h3 data-start=\"1184\" data-end=\"1198\">Naudojimas<\/h3>\n<p data-start=\"1199\" data-end=\"1342\">Nedidel\u012f kiek\u012f serumo tepkite ant \u0161varios veido odos <strong data-start=\"1252\" data-end=\"1262\">vakare<\/strong>. Venkite aki\u0173 srities. Naudojant retinol\u012f, <strong data-start=\"1306\" data-end=\"1341\">ryte b\u016btina naudoti SPF apsaug\u0105<\/strong>.<\/p>\n<p data-start=\"186\" data-end=\"266\">Serumas yra koncentruotas, tod\u0117l <strong data-start=\"219\" data-end=\"252\">net ma\u017eas kiekis veikia ilgai<\/strong>. Formul\u0117je:<\/p>\n<ul data-start=\"267\" data-end=\"413\">\n<li data-start=\"267\" data-end=\"297\">\n<p data-start=\"269\" data-end=\"297\"><strong data-start=\"269\" data-end=\"295\">0,1 % grynas retinolis<\/strong><\/p>\n<\/li>\n<li data-start=\"298\" data-end=\"345\">\n<p data-start=\"300\" data-end=\"345\"><strong data-start=\"300\" data-end=\"343\">162 000 A-Shot\u2122 mikrodaleli\u0173 (spikul\u0117s)<\/strong><\/p>\n<\/li>\n<li data-start=\"346\" data-end=\"413\">\n<p data-start=\"348\" data-end=\"413\"><strong data-start=\"348\" data-end=\"372\">9 peptid\u0173 kompleksas<\/strong> \u2013 odos stangrumo ir elastingumo poj\u016b\u010diui<\/p>\n<\/li>\n<\/ul>\n<hr data-start=\"415\" data-end=\"418\" \/>\n<h3 data-start=\"420\" data-end=\"466\">Rekomenduojama naudojimo eiga (adaptacija)<\/h3>\n<p data-start=\"467\" data-end=\"532\">Kad oda priprast\u0173 prie retinolio, priemon\u0119 didinkite palaipsniui:<\/p>\n<p data-start=\"534\" data-end=\"597\"><strong data-start=\"534\" data-end=\"550\">1\u20132 savait\u0117s<\/strong><br data-start=\"550\" data-end=\"553\" \/>Naudokite <strong data-start=\"563\" data-end=\"587\">2 kartus per savait\u0119<\/strong> (vakare).<\/p>\n<p data-start=\"599\" data-end=\"649\"><strong data-start=\"599\" data-end=\"615\">3\u20134 savait\u0117s<\/strong><br data-start=\"615\" data-end=\"618\" \/>Naudokite <strong data-start=\"628\" data-end=\"648\">kas antr\u0105 vakar\u0105<\/strong>.<\/p>\n<p data-start=\"651\" data-end=\"728\"><strong data-start=\"651\" data-end=\"669\">Nuo 5 savait\u0117s<\/strong><br data-start=\"669\" data-end=\"672\" \/>Galima naudoti <strong data-start=\"687\" data-end=\"707\">kiekvien\u0105 vakar\u0105<\/strong>, jei n\u0117ra sudirgimo.<\/p>\n<p data-start=\"730\" data-end=\"810\">Svarbu: naudokite tik vakare, venkite aki\u0173 srities, o ryte visada naudokite SPF.<\/p>\n<hr data-start=\"1344\" data-end=\"1347\" \/>\n<h3 data-start=\"1349\" data-end=\"1362\">\u012esp\u0117jimai<\/h3>\n<p data-start=\"1363\" data-end=\"1582\">Tik i\u0161oriniam naudojimui. Venkite patekimo \u012f akis. Netepkite ant pa\u017eeistos odos ar gleivini\u0173. Sudirgus \u2013 nutraukite naudojim\u0105. Laikyti vaikams nepasiekiamoje vietoje. Laikyti ne auk\u0161tesn\u0117je kaip <strong data-start=\"1558\" data-end=\"1567\">25 \u00b0C<\/strong> temperat\u016broje.<\/p>\n<hr data-start=\"1584\" data-end=\"1587\" \/>\n<h3 data-start=\"1589\" data-end=\"1607\">Sud\u0117tis (INCI)<\/h3>\n<p data-start=\"1608\" data-end=\"2438\">Aqua, Methylpropanediol, Glycerin, 1,2-Hexanediol, Caprylic\/Capric Triglyceride, Panthenol, Polypropylsilsesquioxane, C14-22 Alcohols, Glyceryl Stearate, Ammonium Acryloyldimethyltaurate\/VP Copolymer, Hydrolyzed Sponge, Helianthus Annuus (Sunflower) Seed Oil, Acrylates\/C10-30 Alkyl Acrylate Crosspolymer, Tocopherol, Retinol, Allantoin, Arginine, Undecane, Xanthan Gum, Ethylhexylglycerin, C12-20 Alkyl Glucoside, Lauryl Glucoside, Polyglyceryl-6 Laurate, Adenosine, Tridecane, Disodium EDTA, Daucus Carota Sativa (Carrot) Root Extract, Myristyl Glucoside, Glyceryl Acrylate\/Acrylic Acid Copolymer, PVM\/MA Copolymer, Butylene Glycol, Beta-Carotene, Glucose, Tripeptide-1, Palmitoyl Tripeptide-1, Nonapeptide-1, Hexapeptide-9, Dipeptide-2, Copper Tripeptide-1, Acetyl Tetrapeptide-5, Acetyl Hexapeptide-8, Palmitoyl Pentapeptide-4<\/p>\n","protected":false},"excerpt":{"rendered":"<p>Stangrinantis veido serumas su 0,1 % retinoliu, padedantis palaikyti odos glotnumo, stangrumo ir skaistumo poj\u016bt\u012f.<\/p>\n","protected":false},"featured_media":73779,"template":"","meta":[],"product_brand":[1584],"product_cat":[562,550,728],"product_tag":[1597],"class_list":{"0":"post-73778","1":"product","2":"type-product","3":"status-publish","4":"has-post-thumbnail","6":"product_brand-celimax","7":"product_cat-sandelio-valymas","8":"product_cat-veido-serumai","9":"product_cat-veidui","10":"product_tag-celimax","12":"first","13":"instock","14":"sale","15":"taxable","16":"shipping-taxable","17":"purchasable","18":"product-type-simple"},"yoast_head":"<!-- This site is optimized with the Yoast SEO plugin v27.4 - https:\/\/yoast.com\/product\/yoast-seo-wordpress\/ -->\n<title>CELIMAX Vita-A Retinol Shot stangrinantis veido serumas, 30 ml - MalinaShop.lt J\u016bs\u0173 sveikatai ir gro\u017eiui.<\/title>\n<meta name=\"description\" content=\"CELIMAX Vita-A Retinol Shot stangrinantis veido serumas su 0,1 % grynu retinoliu ir A-Shot\u2122 technologija padeda palaikyti odos stangrumo, glotnumo\" \/>\n<meta name=\"robots\" content=\"index, follow, max-snippet:-1, max-image-preview:large, max-video-preview:-1\" \/>\n<link rel=\"canonical\" href=\"https:\/\/www.malinashop.lt\/en\/shop\/celimax-vita-a-retinol-shot-stangrinantis-veido-serumas-30-ml\/\" \/>\n<meta property=\"og:locale\" content=\"en_GB\" \/>\n<meta property=\"og:type\" content=\"article\" \/>\n<meta property=\"og:title\" content=\"CELIMAX Vita-A Retinol Shot stangrinantis veido serumas, 30 ml - MalinaShop.lt J\u016bs\u0173 sveikatai ir gro\u017eiui.\" \/>\n<meta property=\"og:description\" content=\"CELIMAX Vita-A Retinol Shot stangrinantis veido serumas su 0,1 % grynu retinoliu ir A-Shot\u2122 technologija padeda palaikyti odos stangrumo, glotnumo\" \/>\n<meta property=\"og:url\" content=\"https:\/\/www.malinashop.lt\/en\/shop\/celimax-vita-a-retinol-shot-stangrinantis-veido-serumas-30-ml\/\" \/>\n<meta property=\"og:site_name\" content=\"MalinaShop.lt J\u016bs\u0173 sveikatai ir gro\u017eiui.\" \/>\n<meta property=\"article:modified_time\" content=\"2026-04-07T21:24:13+00:00\" \/>\n<meta property=\"og:image\" content=\"https:\/\/www.malinashop.lt\/wp-content\/uploads\/2026\/01\/CELIMAX-Vita-A-Retinol-Shot-stangrinantis-veido-serumas-30-ml.webp\" \/>\n\t<meta property=\"og:image:width\" content=\"768\" \/>\n\t<meta property=\"og:image:height\" content=\"768\" \/>\n\t<meta property=\"og:image:type\" content=\"image\/webp\" \/>\n<meta name=\"twitter:card\" content=\"summary_large_image\" \/>\n<script type=\"application\/ld+json\" class=\"yoast-schema-graph\">{\"@context\":\"https:\\\/\\\/schema.org\",\"@graph\":[{\"@type\":\"WebPage\",\"@id\":\"https:\\\/\\\/www.malinashop.lt\\\/lt_lt\\\/shop\\\/celimax-vita-a-retinol-shot-stangrinantis-veido-serumas-30-ml\\\/\",\"url\":\"https:\\\/\\\/www.malinashop.lt\\\/lt_lt\\\/shop\\\/celimax-vita-a-retinol-shot-stangrinantis-veido-serumas-30-ml\\\/\",\"name\":\"CELIMAX Vita-A Retinol Shot stangrinantis veido serumas, 30 ml - MalinaShop.lt J\u016bs\u0173 sveikatai ir gro\u017eiui.\",\"isPartOf\":{\"@id\":\"https:\\\/\\\/www.malinashop.lt\\\/#website\"},\"primaryImageOfPage\":{\"@id\":\"https:\\\/\\\/www.malinashop.lt\\\/lt_lt\\\/shop\\\/celimax-vita-a-retinol-shot-stangrinantis-veido-serumas-30-ml\\\/#primaryimage\"},\"image\":{\"@id\":\"https:\\\/\\\/www.malinashop.lt\\\/lt_lt\\\/shop\\\/celimax-vita-a-retinol-shot-stangrinantis-veido-serumas-30-ml\\\/#primaryimage\"},\"thumbnailUrl\":\"https:\\\/\\\/www.malinashop.lt\\\/wp-content\\\/uploads\\\/2026\\\/01\\\/CELIMAX-Vita-A-Retinol-Shot-stangrinantis-veido-serumas-30-ml.webp\",\"datePublished\":\"2026-01-31T13:37:16+00:00\",\"dateModified\":\"2026-04-07T21:24:13+00:00\",\"description\":\"CELIMAX Vita-A Retinol Shot stangrinantis veido serumas su 0,1 % grynu retinoliu ir A-Shot\u2122 technologija padeda palaikyti odos stangrumo, glotnumo\",\"breadcrumb\":{\"@id\":\"https:\\\/\\\/www.malinashop.lt\\\/lt_lt\\\/shop\\\/celimax-vita-a-retinol-shot-stangrinantis-veido-serumas-30-ml\\\/#breadcrumb\"},\"inLanguage\":\"en-GB\",\"potentialAction\":[{\"@type\":\"ReadAction\",\"target\":[\"https:\\\/\\\/www.malinashop.lt\\\/lt_lt\\\/shop\\\/celimax-vita-a-retinol-shot-stangrinantis-veido-serumas-30-ml\\\/\"]}]},{\"@type\":\"ImageObject\",\"inLanguage\":\"en-GB\",\"@id\":\"https:\\\/\\\/www.malinashop.lt\\\/lt_lt\\\/shop\\\/celimax-vita-a-retinol-shot-stangrinantis-veido-serumas-30-ml\\\/#primaryimage\",\"url\":\"https:\\\/\\\/www.malinashop.lt\\\/wp-content\\\/uploads\\\/2026\\\/01\\\/CELIMAX-Vita-A-Retinol-Shot-stangrinantis-veido-serumas-30-ml.webp\",\"contentUrl\":\"https:\\\/\\\/www.malinashop.lt\\\/wp-content\\\/uploads\\\/2026\\\/01\\\/CELIMAX-Vita-A-Retinol-Shot-stangrinantis-veido-serumas-30-ml.webp\",\"width\":768,\"height\":768},{\"@type\":\"BreadcrumbList\",\"@id\":\"https:\\\/\\\/www.malinashop.lt\\\/lt_lt\\\/shop\\\/celimax-vita-a-retinol-shot-stangrinantis-veido-serumas-30-ml\\\/#breadcrumb\",\"itemListElement\":[{\"@type\":\"ListItem\",\"position\":1,\"name\":\"Pagrindinis\",\"item\":\"https:\\\/\\\/www.malinashop.lt\\\/\"},{\"@type\":\"ListItem\",\"position\":2,\"name\":\"Parduotuv\u0117\",\"item\":\"https:\\\/\\\/www.malinashop.lt\\\/en\\\/parduotuve\\\/\"},{\"@type\":\"ListItem\",\"position\":3,\"name\":\"CELIMAX Vita-A Retinol Shot stangrinantis veido serumas, 30 ml\"}]},{\"@type\":\"WebSite\",\"@id\":\"https:\\\/\\\/www.malinashop.lt\\\/#website\",\"url\":\"https:\\\/\\\/www.malinashop.lt\\\/\",\"name\":\"COM Group Ecommerce\",\"description\":\"MalinaShop.lt - Gro\u017eio ir sveikatos produktai i\u0161 patikim\u0173 preki\u0173 \u017eenkl\u0173. Atraskite auk\u0161tos kokyb\u0117s kosmetik\u0105 u\u017e puiki\u0105 kain\u0105.\",\"publisher\":{\"@id\":\"https:\\\/\\\/www.malinashop.lt\\\/#organization\"},\"potentialAction\":[{\"@type\":\"SearchAction\",\"target\":{\"@type\":\"EntryPoint\",\"urlTemplate\":\"https:\\\/\\\/www.malinashop.lt\\\/?s={search_term_string}\"},\"query-input\":{\"@type\":\"PropertyValueSpecification\",\"valueRequired\":true,\"valueName\":\"search_term_string\"}}],\"inLanguage\":\"en-GB\"},{\"@type\":\"Organization\",\"@id\":\"https:\\\/\\\/www.malinashop.lt\\\/#organization\",\"name\":\"COM Group Ecommerce\",\"url\":\"https:\\\/\\\/www.malinashop.lt\\\/\",\"logo\":{\"@type\":\"ImageObject\",\"inLanguage\":\"en-GB\",\"@id\":\"https:\\\/\\\/www.malinashop.lt\\\/#\\\/schema\\\/logo\\\/image\\\/\",\"url\":\"https:\\\/\\\/www.malinashop.lt\\\/wp-content\\\/uploads\\\/2024\\\/08\\\/462559670_3787732518133670_9795632669273463_n-e1731525914575.png\",\"contentUrl\":\"https:\\\/\\\/www.malinashop.lt\\\/wp-content\\\/uploads\\\/2024\\\/08\\\/462559670_3787732518133670_9795632669273463_n-e1731525914575.png\",\"width\":180,\"height\":60,\"caption\":\"COM Group Ecommerce\"},\"image\":{\"@id\":\"https:\\\/\\\/www.malinashop.lt\\\/#\\\/schema\\\/logo\\\/image\\\/\"}}]}<\/script>\n<!-- \/ Yoast SEO plugin. -->","yoast_head_json":{"title":"CELIMAX Vita-A Retinol Shot stangrinantis veido serumas, 30 ml - MalinaShop.lt J\u016bs\u0173 sveikatai ir gro\u017eiui.","description":"CELIMAX Vita-A Retinol Shot stangrinantis veido serumas su 0,1 % grynu retinoliu ir A-Shot\u2122 technologija padeda palaikyti odos stangrumo, glotnumo","robots":{"index":"index","follow":"follow","max-snippet":"max-snippet:-1","max-image-preview":"max-image-preview:large","max-video-preview":"max-video-preview:-1"},"canonical":"https:\/\/www.malinashop.lt\/en\/shop\/celimax-vita-a-retinol-shot-stangrinantis-veido-serumas-30-ml\/","og_locale":"en_GB","og_type":"article","og_title":"CELIMAX Vita-A Retinol Shot stangrinantis veido serumas, 30 ml - MalinaShop.lt J\u016bs\u0173 sveikatai ir gro\u017eiui.","og_description":"CELIMAX Vita-A Retinol Shot stangrinantis veido serumas su 0,1 % grynu retinoliu ir A-Shot\u2122 technologija padeda palaikyti odos stangrumo, glotnumo","og_url":"https:\/\/www.malinashop.lt\/en\/shop\/celimax-vita-a-retinol-shot-stangrinantis-veido-serumas-30-ml\/","og_site_name":"MalinaShop.lt J\u016bs\u0173 sveikatai ir gro\u017eiui.","article_modified_time":"2026-04-07T21:24:13+00:00","og_image":[{"width":768,"height":768,"url":"https:\/\/www.malinashop.lt\/wp-content\/uploads\/2026\/01\/CELIMAX-Vita-A-Retinol-Shot-stangrinantis-veido-serumas-30-ml.webp","type":"image\/webp"}],"twitter_card":"summary_large_image","schema":{"@context":"https:\/\/schema.org","@graph":[{"@type":"WebPage","@id":"https:\/\/www.malinashop.lt\/lt_lt\/shop\/celimax-vita-a-retinol-shot-stangrinantis-veido-serumas-30-ml\/","url":"https:\/\/www.malinashop.lt\/lt_lt\/shop\/celimax-vita-a-retinol-shot-stangrinantis-veido-serumas-30-ml\/","name":"CELIMAX Vita-A Retinol Shot stangrinantis veido serumas, 30 ml - MalinaShop.lt J\u016bs\u0173 sveikatai ir gro\u017eiui.","isPartOf":{"@id":"https:\/\/www.malinashop.lt\/#website"},"primaryImageOfPage":{"@id":"https:\/\/www.malinashop.lt\/lt_lt\/shop\/celimax-vita-a-retinol-shot-stangrinantis-veido-serumas-30-ml\/#primaryimage"},"image":{"@id":"https:\/\/www.malinashop.lt\/lt_lt\/shop\/celimax-vita-a-retinol-shot-stangrinantis-veido-serumas-30-ml\/#primaryimage"},"thumbnailUrl":"https:\/\/www.malinashop.lt\/wp-content\/uploads\/2026\/01\/CELIMAX-Vita-A-Retinol-Shot-stangrinantis-veido-serumas-30-ml.webp","datePublished":"2026-01-31T13:37:16+00:00","dateModified":"2026-04-07T21:24:13+00:00","description":"CELIMAX Vita-A Retinol Shot stangrinantis veido serumas su 0,1 % grynu retinoliu ir A-Shot\u2122 technologija padeda palaikyti odos stangrumo, glotnumo","breadcrumb":{"@id":"https:\/\/www.malinashop.lt\/lt_lt\/shop\/celimax-vita-a-retinol-shot-stangrinantis-veido-serumas-30-ml\/#breadcrumb"},"inLanguage":"en-GB","potentialAction":[{"@type":"ReadAction","target":["https:\/\/www.malinashop.lt\/lt_lt\/shop\/celimax-vita-a-retinol-shot-stangrinantis-veido-serumas-30-ml\/"]}]},{"@type":"ImageObject","inLanguage":"en-GB","@id":"https:\/\/www.malinashop.lt\/lt_lt\/shop\/celimax-vita-a-retinol-shot-stangrinantis-veido-serumas-30-ml\/#primaryimage","url":"https:\/\/www.malinashop.lt\/wp-content\/uploads\/2026\/01\/CELIMAX-Vita-A-Retinol-Shot-stangrinantis-veido-serumas-30-ml.webp","contentUrl":"https:\/\/www.malinashop.lt\/wp-content\/uploads\/2026\/01\/CELIMAX-Vita-A-Retinol-Shot-stangrinantis-veido-serumas-30-ml.webp","width":768,"height":768},{"@type":"BreadcrumbList","@id":"https:\/\/www.malinashop.lt\/lt_lt\/shop\/celimax-vita-a-retinol-shot-stangrinantis-veido-serumas-30-ml\/#breadcrumb","itemListElement":[{"@type":"ListItem","position":1,"name":"Pagrindinis","item":"https:\/\/www.malinashop.lt\/"},{"@type":"ListItem","position":2,"name":"Parduotuv\u0117","item":"https:\/\/www.malinashop.lt\/en\/parduotuve\/"},{"@type":"ListItem","position":3,"name":"CELIMAX Vita-A Retinol Shot stangrinantis veido serumas, 30 ml"}]},{"@type":"WebSite","@id":"https:\/\/www.malinashop.lt\/#website","url":"https:\/\/www.malinashop.lt\/","name":"COM Group Ecommerce","description":"MalinaShop.lt - Gro\u017eio ir sveikatos produktai i\u0161 patikim\u0173 preki\u0173 \u017eenkl\u0173. Atraskite auk\u0161tos kokyb\u0117s kosmetik\u0105 u\u017e puiki\u0105 kain\u0105.","publisher":{"@id":"https:\/\/www.malinashop.lt\/#organization"},"potentialAction":[{"@type":"SearchAction","target":{"@type":"EntryPoint","urlTemplate":"https:\/\/www.malinashop.lt\/?s={search_term_string}"},"query-input":{"@type":"PropertyValueSpecification","valueRequired":true,"valueName":"search_term_string"}}],"inLanguage":"en-GB"},{"@type":"Organization","@id":"https:\/\/www.malinashop.lt\/#organization","name":"COM Group Ecommerce","url":"https:\/\/www.malinashop.lt\/","logo":{"@type":"ImageObject","inLanguage":"en-GB","@id":"https:\/\/www.malinashop.lt\/#\/schema\/logo\/image\/","url":"https:\/\/www.malinashop.lt\/wp-content\/uploads\/2024\/08\/462559670_3787732518133670_9795632669273463_n-e1731525914575.png","contentUrl":"https:\/\/www.malinashop.lt\/wp-content\/uploads\/2024\/08\/462559670_3787732518133670_9795632669273463_n-e1731525914575.png","width":180,"height":60,"caption":"COM Group Ecommerce"},"image":{"@id":"https:\/\/www.malinashop.lt\/#\/schema\/logo\/image\/"}}]}},"jetpack_sharing_enabled":true,"_links":{"self":[{"href":"https:\/\/www.malinashop.lt\/en\/wp-json\/wp\/v2\/product\/73778","targetHints":{"allow":["GET"]}}],"collection":[{"href":"https:\/\/www.malinashop.lt\/en\/wp-json\/wp\/v2\/product"}],"about":[{"href":"https:\/\/www.malinashop.lt\/en\/wp-json\/wp\/v2\/types\/product"}],"version-history":[{"count":1,"href":"https:\/\/www.malinashop.lt\/en\/wp-json\/wp\/v2\/product\/73778\/revisions"}],"predecessor-version":[{"id":73780,"href":"https:\/\/www.malinashop.lt\/en\/wp-json\/wp\/v2\/product\/73778\/revisions\/73780"}],"wp:featuredmedia":[{"embeddable":true,"href":"https:\/\/www.malinashop.lt\/en\/wp-json\/wp\/v2\/media\/73779"}],"wp:attachment":[{"href":"https:\/\/www.malinashop.lt\/en\/wp-json\/wp\/v2\/media?parent=73778"}],"wp:term":[{"taxonomy":"product_brand","embeddable":true,"href":"https:\/\/www.malinashop.lt\/en\/wp-json\/wp\/v2\/product_brand?post=73778"},{"taxonomy":"product_cat","embeddable":true,"href":"https:\/\/www.malinashop.lt\/en\/wp-json\/wp\/v2\/product_cat?post=73778"},{"taxonomy":"product_tag","embeddable":true,"href":"https:\/\/www.malinashop.lt\/en\/wp-json\/wp\/v2\/product_tag?post=73778"}],"curies":[{"name":"wp","href":"https:\/\/api.w.org\/{rel}","templated":true}]}}