{"id":73759,"date":"2026-01-31T15:58:57","date_gmt":"2026-01-31T12:58:57","guid":{"rendered":"https:\/\/malinashop.lt\/?post_type=product&#038;p=73759"},"modified":"2026-04-08T00:43:20","modified_gmt":"2026-04-07T21:43:20","slug":"skin1004-madagascar-centella-probio-cica-enrich-riebesnis-atkuriamasis-veido-kremas-15-ml","status":"publish","type":"product","link":"https:\/\/www.malinashop.lt\/en\/shop\/skin1004-madagascar-centella-probio-cica-enrich-riebesnis-atkuriamasis-veido-kremas-15-ml\/","title":{"rendered":"SKIN1004 Madagascar Centella Probio-Cica Enrich riebesnis atkuriamasis veido kremas, 15 ml"},"content":{"rendered":"<p data-start=\"208\" data-end=\"519\"><strong data-start=\"208\" data-end=\"265\">SKIN1004 Madagascar Centella Probio-Cica Enrich Cream<\/strong> \u2013 intensyviai maitinantis ir atkuriantis veido kremas, skirtas <strong data-start=\"329\" data-end=\"367\">sausai, normaliai ir jautriai odai<\/strong>. Kremas padeda palaikyti odos <strong data-start=\"398\" data-end=\"421\">mikrobiotos balans\u0105<\/strong>, stiprina apsaugin\u012f barjer\u0105 ir suteikia komforto poj\u016bt\u012f net labai i\u0161saus\u0117jusiai ar jautriai odai.<\/p>\n<p data-start=\"521\" data-end=\"852\">Formul\u0117 sukurta naudojant <strong data-start=\"547\" data-end=\"572\">lamelin\u0119 technologij\u0105<\/strong>, kuri veikia tarsi \u201epleistras\u201c \u2013 padeda atkurti pa\u017eeist\u0105 lipidin\u012f sluoksn\u012f ir sustiprinti raginio sluoksnio vientisum\u0105. <strong data-start=\"693\" data-end=\"725\">Centella Asiatica ekstraktas<\/strong> kartu su <strong data-start=\"735\" data-end=\"760\">Probio-Cica kompleksu<\/strong> padeda suma\u017einti odos jautrumo poj\u016bt\u012f, palaikyti ramyb\u0119 ir apsaugoti nuo i\u0161orini\u0173 veiksni\u0173.<\/p>\n<p data-start=\"854\" data-end=\"1228\">Kremas intensyviai dr\u0117kina, mink\u0161tina \u0161iurk\u0161\u010di\u0105 od\u0105 ir padeda i\u0161vengti dr\u0117gm\u0117s praradimo. <strong data-start=\"944\" data-end=\"960\">Niacinamidas<\/strong> prisideda prie tolygesn\u0117s odos i\u0161vaizdos ir komforto, <strong data-start=\"1015\" data-end=\"1042\">keramidai (Ceramide NP)<\/strong>, <strong data-start=\"1044\" data-end=\"1063\">fitosfingozinas<\/strong> ir <strong data-start=\"1067\" data-end=\"1080\">skvalanas<\/strong> padeda stiprinti odos barjer\u0105. <strong data-start=\"1112\" data-end=\"1135\">Taukmed\u017eio sviestas<\/strong>, <strong data-start=\"1137\" data-end=\"1151\">makadamij\u0173<\/strong> ir <strong data-start=\"1155\" data-end=\"1175\">moringos aliejai<\/strong> suteikia odai maitinimo ir \u0161ilkinio \u0161velnumo poj\u016bt\u012f.<\/p>\n<p data-start=\"1230\" data-end=\"1346\">Kremo tekst\u016bra sodri, bet maloni \u2013 po naudojimo oda atrodo pamaitinta, \u0161velni ir komforti\u0161ka, be nemalonaus lipnumo.<\/p>\n<hr data-start=\"1348\" data-end=\"1351\" \/>\n<h3 data-start=\"1353\" data-end=\"1380\">Pagrindiniai privalumai<\/h3>\n<ul data-start=\"1381\" data-end=\"1772\">\n<li data-start=\"1381\" data-end=\"1441\">\n<p data-start=\"1383\" data-end=\"1441\">Intensyviai <strong data-start=\"1395\" data-end=\"1417\">maitina ir dr\u0117kina<\/strong> saus\u0105 bei jautri\u0105 od\u0105<\/p>\n<\/li>\n<li data-start=\"1442\" data-end=\"1508\">\n<p data-start=\"1444\" data-end=\"1508\"><strong data-start=\"1444\" data-end=\"1470\">Probio-Cica + Centella<\/strong> \u2013 odos ramyb\u0117s ir barjero komfortui<\/p>\n<\/li>\n<li data-start=\"1509\" data-end=\"1587\">\n<p data-start=\"1511\" data-end=\"1587\"><strong data-start=\"1511\" data-end=\"1536\">Lamelin\u0117 technologija<\/strong> \u2013 pa\u017eeisto lipidinio sluoksnio atk\u016brimo poj\u016b\u010diui<\/p>\n<\/li>\n<li data-start=\"1588\" data-end=\"1664\">\n<p data-start=\"1590\" data-end=\"1664\"><strong data-start=\"1590\" data-end=\"1629\">Keramidai, skvalanas, fitosteroliai<\/strong> \u2013 apsaugai nuo dr\u0117gm\u0117s praradimo<\/p>\n<\/li>\n<li data-start=\"1665\" data-end=\"1725\">\n<p data-start=\"1667\" data-end=\"1725\">Sodraus poveikio kremas su <strong data-start=\"1694\" data-end=\"1715\">\u0161ilkinio \u0161velnumo<\/strong> poj\u016b\u010diu<\/p>\n<\/li>\n<li data-start=\"1726\" data-end=\"1772\">\n<p data-start=\"1728\" data-end=\"1772\">Tinka <strong data-start=\"1734\" data-end=\"1772\">sausai, normaliai ir jautriai odai<\/strong><\/p>\n<\/li>\n<\/ul>\n<hr data-start=\"1774\" data-end=\"1777\" \/>\n<h3 data-start=\"1779\" data-end=\"1793\">Naudojimas<\/h3>\n<p data-start=\"1794\" data-end=\"1876\">U\u017etepkite reikiam\u0105 kiek\u012f kremo kaip <strong data-start=\"1830\" data-end=\"1875\">paskutin\u012f odos prie\u017ei\u016bros rutinos \u017eingsn\u012f<\/strong>.<\/p>\n<hr data-start=\"1878\" data-end=\"1881\" \/>\n<h3 data-start=\"1883\" data-end=\"1896\">\u012esp\u0117jimai<\/h3>\n<p data-start=\"1897\" data-end=\"2162\">Tik i\u0161oriniam naudojimui. Naudokite pagal instrukcijas. Venkite patekimo \u012f akis. Laikyti vaikams nepasiekiamoje vietoje. Netepkite ant gleivini\u0173 ir pa\u017eeistos odos. Jei atsiranda sudirgimas \u2013 nutraukite naudojim\u0105. Laikyti ne auk\u0161tesn\u0117je kaip <strong data-start=\"2138\" data-end=\"2147\">25 \u00b0C<\/strong> temperat\u016broje.<\/p>\n<hr data-start=\"2164\" data-end=\"2167\" \/>\n<h3 data-start=\"2169\" data-end=\"2187\">Sud\u0117tis (INCI)<\/h3>\n<p data-start=\"2188\" data-end=\"3396\">Aqua, Glycerin, Diglycerin, 1,2-Hexanediol, Butylene Glycol, Niacinamide, Polyglyceryl-3 Distearate, Caprylic\/Capric Triglyceride, Neopentyl Glycol Diheptanoate, Hydrogenated Poly(C6-14 Olefin), Isostearyl Isostearate, Pentaerythrityl Tetraisostearate, Heptyl Undecylenate, Bis-Diglyceryl Polyacyladipate-2, Glyceryl Stearate, C14-22 Alcohols, Centella Asiatica Extract, Butyrospermum Parkii (Shea) Butter, Cetearyl Alcohol, Polyglyceryl-2 Stearate, Sodium Acrylate\/Sodium Acryloyldimethyl Taurate Copolymer, Glyceryl Stearate Citrate, Arginine, Stearyl Alcohol, Polyisobutene, C12-20 Alkyl Glucoside, Squalane, Sodium Polyacrylate, Acrylates\/C10-30 Alkyl Acrylate Crosspolymer, Carbomer, Sodium Surfactin, Hydroxystearic Acid, Ethylhexylglycerin, Adenosine, Hydrogenated Lecithin, Sorbitan Oleate, Caprylyl\/Capryl Glucoside, Macadamia Ternifolia Seed Oil, Sodium Hyaluronate, Moringa Oleifera Seed Oil, Sodium Phytate, Ceramide NP, Dextrin, Theobroma Cacao (Cocoa) Extract, Glyceryl Acrylate\/Acrylic Acid Copolymer, Polyglyceryl-10 Myristate, Phytosphingosine, Stearic Acid, Lactobacillus Ferment, Madecassic Acid, Asiaticoside, Sucrose Distearate, Asiatic Acid, Phytosterols, Lauric Acid, Polyglutamic Acid<\/p>\n","protected":false},"excerpt":{"rendered":"<p>Atkuriamasis, sodrios tekst\u016bros veido kremas su Probio-Cica ir Centella \u2013 intensyviai maitina, dr\u0117kina ir stiprina odos barjer\u0105, 15 ml.<\/p>\n","protected":false},"featured_media":73760,"template":"","meta":[],"product_brand":[1583],"product_cat":[562,187,728],"product_tag":[1620],"class_list":{"0":"post-73759","1":"product","2":"type-product","3":"status-publish","4":"has-post-thumbnail","6":"product_brand-skin-1004","7":"product_cat-sandelio-valymas","8":"product_cat-veido-kremai","9":"product_cat-veidui","10":"product_tag-skin-1004","12":"first","13":"instock","14":"sale","15":"taxable","16":"shipping-taxable","17":"purchasable","18":"product-type-simple"},"yoast_head":"<!-- This site is optimized with the Yoast SEO plugin v27.4 - https:\/\/yoast.com\/product\/yoast-seo-wordpress\/ -->\n<title>SKIN1004 Madagascar Centella Probio-Cica Enrich riebesnis atkuriamasis veido kremas, 15 ml - MalinaShop.lt J\u016bs\u0173 sveikatai ir gro\u017eiui.<\/title>\n<meta name=\"description\" content=\"SKIN1004 Madagascar Centella Probio-Cica Enrich Cream 15 ml \u2013 intensyviai maitinantis ir atkuriamasis veido kremas su Probio-Cica ir Centella Asiatica,\" \/>\n<meta name=\"robots\" content=\"index, follow, max-snippet:-1, max-image-preview:large, max-video-preview:-1\" \/>\n<link rel=\"canonical\" href=\"https:\/\/www.malinashop.lt\/en\/shop\/skin1004-madagascar-centella-probio-cica-enrich-riebesnis-atkuriamasis-veido-kremas-15-ml\/\" \/>\n<meta property=\"og:locale\" content=\"en_GB\" \/>\n<meta property=\"og:type\" content=\"article\" \/>\n<meta property=\"og:title\" content=\"SKIN1004 Madagascar Centella Probio-Cica Enrich riebesnis atkuriamasis veido kremas, 15 ml - MalinaShop.lt J\u016bs\u0173 sveikatai ir gro\u017eiui.\" \/>\n<meta property=\"og:description\" content=\"SKIN1004 Madagascar Centella Probio-Cica Enrich Cream 15 ml \u2013 intensyviai maitinantis ir atkuriamasis veido kremas su Probio-Cica ir Centella Asiatica,\" \/>\n<meta property=\"og:url\" content=\"https:\/\/www.malinashop.lt\/en\/shop\/skin1004-madagascar-centella-probio-cica-enrich-riebesnis-atkuriamasis-veido-kremas-15-ml\/\" \/>\n<meta property=\"og:site_name\" content=\"MalinaShop.lt J\u016bs\u0173 sveikatai ir gro\u017eiui.\" \/>\n<meta property=\"article:modified_time\" content=\"2026-04-07T21:43:20+00:00\" \/>\n<meta property=\"og:image\" content=\"https:\/\/www.malinashop.lt\/wp-content\/uploads\/2026\/01\/atsisiusti-1.jpg\" \/>\n\t<meta property=\"og:image:width\" content=\"225\" \/>\n\t<meta property=\"og:image:height\" content=\"225\" \/>\n\t<meta property=\"og:image:type\" content=\"image\/jpeg\" \/>\n<meta name=\"twitter:card\" content=\"summary_large_image\" \/>\n<script type=\"application\/ld+json\" class=\"yoast-schema-graph\">{\"@context\":\"https:\\\/\\\/schema.org\",\"@graph\":[{\"@type\":\"WebPage\",\"@id\":\"https:\\\/\\\/www.malinashop.lt\\\/lt_lt\\\/shop\\\/skin1004-madagascar-centella-probio-cica-enrich-riebesnis-atkuriamasis-veido-kremas-15-ml\\\/\",\"url\":\"https:\\\/\\\/www.malinashop.lt\\\/lt_lt\\\/shop\\\/skin1004-madagascar-centella-probio-cica-enrich-riebesnis-atkuriamasis-veido-kremas-15-ml\\\/\",\"name\":\"SKIN1004 Madagascar Centella Probio-Cica Enrich riebesnis atkuriamasis veido kremas, 15 ml - MalinaShop.lt J\u016bs\u0173 sveikatai ir gro\u017eiui.\",\"isPartOf\":{\"@id\":\"https:\\\/\\\/www.malinashop.lt\\\/#website\"},\"primaryImageOfPage\":{\"@id\":\"https:\\\/\\\/www.malinashop.lt\\\/lt_lt\\\/shop\\\/skin1004-madagascar-centella-probio-cica-enrich-riebesnis-atkuriamasis-veido-kremas-15-ml\\\/#primaryimage\"},\"image\":{\"@id\":\"https:\\\/\\\/www.malinashop.lt\\\/lt_lt\\\/shop\\\/skin1004-madagascar-centella-probio-cica-enrich-riebesnis-atkuriamasis-veido-kremas-15-ml\\\/#primaryimage\"},\"thumbnailUrl\":\"https:\\\/\\\/www.malinashop.lt\\\/wp-content\\\/uploads\\\/2026\\\/01\\\/atsisiusti-1.jpg\",\"datePublished\":\"2026-01-31T12:58:57+00:00\",\"dateModified\":\"2026-04-07T21:43:20+00:00\",\"description\":\"SKIN1004 Madagascar Centella Probio-Cica Enrich Cream 15 ml \u2013 intensyviai maitinantis ir atkuriamasis veido kremas su Probio-Cica ir Centella Asiatica,\",\"breadcrumb\":{\"@id\":\"https:\\\/\\\/www.malinashop.lt\\\/lt_lt\\\/shop\\\/skin1004-madagascar-centella-probio-cica-enrich-riebesnis-atkuriamasis-veido-kremas-15-ml\\\/#breadcrumb\"},\"inLanguage\":\"en-GB\",\"potentialAction\":[{\"@type\":\"ReadAction\",\"target\":[\"https:\\\/\\\/www.malinashop.lt\\\/lt_lt\\\/shop\\\/skin1004-madagascar-centella-probio-cica-enrich-riebesnis-atkuriamasis-veido-kremas-15-ml\\\/\"]}]},{\"@type\":\"ImageObject\",\"inLanguage\":\"en-GB\",\"@id\":\"https:\\\/\\\/www.malinashop.lt\\\/lt_lt\\\/shop\\\/skin1004-madagascar-centella-probio-cica-enrich-riebesnis-atkuriamasis-veido-kremas-15-ml\\\/#primaryimage\",\"url\":\"https:\\\/\\\/www.malinashop.lt\\\/wp-content\\\/uploads\\\/2026\\\/01\\\/atsisiusti-1.jpg\",\"contentUrl\":\"https:\\\/\\\/www.malinashop.lt\\\/wp-content\\\/uploads\\\/2026\\\/01\\\/atsisiusti-1.jpg\",\"width\":225,\"height\":225},{\"@type\":\"BreadcrumbList\",\"@id\":\"https:\\\/\\\/www.malinashop.lt\\\/lt_lt\\\/shop\\\/skin1004-madagascar-centella-probio-cica-enrich-riebesnis-atkuriamasis-veido-kremas-15-ml\\\/#breadcrumb\",\"itemListElement\":[{\"@type\":\"ListItem\",\"position\":1,\"name\":\"Pagrindinis\",\"item\":\"https:\\\/\\\/www.malinashop.lt\\\/\"},{\"@type\":\"ListItem\",\"position\":2,\"name\":\"Parduotuv\u0117\",\"item\":\"https:\\\/\\\/www.malinashop.lt\\\/en\\\/parduotuve\\\/\"},{\"@type\":\"ListItem\",\"position\":3,\"name\":\"SKIN1004 Madagascar Centella Probio-Cica Enrich riebesnis atkuriamasis veido kremas, 15 ml\"}]},{\"@type\":\"WebSite\",\"@id\":\"https:\\\/\\\/www.malinashop.lt\\\/#website\",\"url\":\"https:\\\/\\\/www.malinashop.lt\\\/\",\"name\":\"COM Group Ecommerce\",\"description\":\"MalinaShop.lt - Gro\u017eio ir sveikatos produktai i\u0161 patikim\u0173 preki\u0173 \u017eenkl\u0173. Atraskite auk\u0161tos kokyb\u0117s kosmetik\u0105 u\u017e puiki\u0105 kain\u0105.\",\"publisher\":{\"@id\":\"https:\\\/\\\/www.malinashop.lt\\\/#organization\"},\"potentialAction\":[{\"@type\":\"SearchAction\",\"target\":{\"@type\":\"EntryPoint\",\"urlTemplate\":\"https:\\\/\\\/www.malinashop.lt\\\/?s={search_term_string}\"},\"query-input\":{\"@type\":\"PropertyValueSpecification\",\"valueRequired\":true,\"valueName\":\"search_term_string\"}}],\"inLanguage\":\"en-GB\"},{\"@type\":\"Organization\",\"@id\":\"https:\\\/\\\/www.malinashop.lt\\\/#organization\",\"name\":\"COM Group Ecommerce\",\"url\":\"https:\\\/\\\/www.malinashop.lt\\\/\",\"logo\":{\"@type\":\"ImageObject\",\"inLanguage\":\"en-GB\",\"@id\":\"https:\\\/\\\/www.malinashop.lt\\\/#\\\/schema\\\/logo\\\/image\\\/\",\"url\":\"https:\\\/\\\/www.malinashop.lt\\\/wp-content\\\/uploads\\\/2024\\\/08\\\/462559670_3787732518133670_9795632669273463_n-e1731525914575.png\",\"contentUrl\":\"https:\\\/\\\/www.malinashop.lt\\\/wp-content\\\/uploads\\\/2024\\\/08\\\/462559670_3787732518133670_9795632669273463_n-e1731525914575.png\",\"width\":180,\"height\":60,\"caption\":\"COM Group Ecommerce\"},\"image\":{\"@id\":\"https:\\\/\\\/www.malinashop.lt\\\/#\\\/schema\\\/logo\\\/image\\\/\"}}]}<\/script>\n<!-- \/ Yoast SEO plugin. -->","yoast_head_json":{"title":"SKIN1004 Madagascar Centella Probio-Cica Enrich riebesnis atkuriamasis veido kremas, 15 ml - MalinaShop.lt J\u016bs\u0173 sveikatai ir gro\u017eiui.","description":"SKIN1004 Madagascar Centella Probio-Cica Enrich Cream 15 ml \u2013 intensyviai maitinantis ir atkuriamasis veido kremas su Probio-Cica ir Centella Asiatica,","robots":{"index":"index","follow":"follow","max-snippet":"max-snippet:-1","max-image-preview":"max-image-preview:large","max-video-preview":"max-video-preview:-1"},"canonical":"https:\/\/www.malinashop.lt\/en\/shop\/skin1004-madagascar-centella-probio-cica-enrich-riebesnis-atkuriamasis-veido-kremas-15-ml\/","og_locale":"en_GB","og_type":"article","og_title":"SKIN1004 Madagascar Centella Probio-Cica Enrich riebesnis atkuriamasis veido kremas, 15 ml - MalinaShop.lt J\u016bs\u0173 sveikatai ir gro\u017eiui.","og_description":"SKIN1004 Madagascar Centella Probio-Cica Enrich Cream 15 ml \u2013 intensyviai maitinantis ir atkuriamasis veido kremas su Probio-Cica ir Centella Asiatica,","og_url":"https:\/\/www.malinashop.lt\/en\/shop\/skin1004-madagascar-centella-probio-cica-enrich-riebesnis-atkuriamasis-veido-kremas-15-ml\/","og_site_name":"MalinaShop.lt J\u016bs\u0173 sveikatai ir gro\u017eiui.","article_modified_time":"2026-04-07T21:43:20+00:00","og_image":[{"width":225,"height":225,"url":"https:\/\/www.malinashop.lt\/wp-content\/uploads\/2026\/01\/atsisiusti-1.jpg","type":"image\/jpeg"}],"twitter_card":"summary_large_image","schema":{"@context":"https:\/\/schema.org","@graph":[{"@type":"WebPage","@id":"https:\/\/www.malinashop.lt\/lt_lt\/shop\/skin1004-madagascar-centella-probio-cica-enrich-riebesnis-atkuriamasis-veido-kremas-15-ml\/","url":"https:\/\/www.malinashop.lt\/lt_lt\/shop\/skin1004-madagascar-centella-probio-cica-enrich-riebesnis-atkuriamasis-veido-kremas-15-ml\/","name":"SKIN1004 Madagascar Centella Probio-Cica Enrich riebesnis atkuriamasis veido kremas, 15 ml - MalinaShop.lt J\u016bs\u0173 sveikatai ir gro\u017eiui.","isPartOf":{"@id":"https:\/\/www.malinashop.lt\/#website"},"primaryImageOfPage":{"@id":"https:\/\/www.malinashop.lt\/lt_lt\/shop\/skin1004-madagascar-centella-probio-cica-enrich-riebesnis-atkuriamasis-veido-kremas-15-ml\/#primaryimage"},"image":{"@id":"https:\/\/www.malinashop.lt\/lt_lt\/shop\/skin1004-madagascar-centella-probio-cica-enrich-riebesnis-atkuriamasis-veido-kremas-15-ml\/#primaryimage"},"thumbnailUrl":"https:\/\/www.malinashop.lt\/wp-content\/uploads\/2026\/01\/atsisiusti-1.jpg","datePublished":"2026-01-31T12:58:57+00:00","dateModified":"2026-04-07T21:43:20+00:00","description":"SKIN1004 Madagascar Centella Probio-Cica Enrich Cream 15 ml \u2013 intensyviai maitinantis ir atkuriamasis veido kremas su Probio-Cica ir Centella Asiatica,","breadcrumb":{"@id":"https:\/\/www.malinashop.lt\/lt_lt\/shop\/skin1004-madagascar-centella-probio-cica-enrich-riebesnis-atkuriamasis-veido-kremas-15-ml\/#breadcrumb"},"inLanguage":"en-GB","potentialAction":[{"@type":"ReadAction","target":["https:\/\/www.malinashop.lt\/lt_lt\/shop\/skin1004-madagascar-centella-probio-cica-enrich-riebesnis-atkuriamasis-veido-kremas-15-ml\/"]}]},{"@type":"ImageObject","inLanguage":"en-GB","@id":"https:\/\/www.malinashop.lt\/lt_lt\/shop\/skin1004-madagascar-centella-probio-cica-enrich-riebesnis-atkuriamasis-veido-kremas-15-ml\/#primaryimage","url":"https:\/\/www.malinashop.lt\/wp-content\/uploads\/2026\/01\/atsisiusti-1.jpg","contentUrl":"https:\/\/www.malinashop.lt\/wp-content\/uploads\/2026\/01\/atsisiusti-1.jpg","width":225,"height":225},{"@type":"BreadcrumbList","@id":"https:\/\/www.malinashop.lt\/lt_lt\/shop\/skin1004-madagascar-centella-probio-cica-enrich-riebesnis-atkuriamasis-veido-kremas-15-ml\/#breadcrumb","itemListElement":[{"@type":"ListItem","position":1,"name":"Pagrindinis","item":"https:\/\/www.malinashop.lt\/"},{"@type":"ListItem","position":2,"name":"Parduotuv\u0117","item":"https:\/\/www.malinashop.lt\/en\/parduotuve\/"},{"@type":"ListItem","position":3,"name":"SKIN1004 Madagascar Centella Probio-Cica Enrich riebesnis atkuriamasis veido kremas, 15 ml"}]},{"@type":"WebSite","@id":"https:\/\/www.malinashop.lt\/#website","url":"https:\/\/www.malinashop.lt\/","name":"COM Group Ecommerce","description":"MalinaShop.lt - Gro\u017eio ir sveikatos produktai i\u0161 patikim\u0173 preki\u0173 \u017eenkl\u0173. Atraskite auk\u0161tos kokyb\u0117s kosmetik\u0105 u\u017e puiki\u0105 kain\u0105.","publisher":{"@id":"https:\/\/www.malinashop.lt\/#organization"},"potentialAction":[{"@type":"SearchAction","target":{"@type":"EntryPoint","urlTemplate":"https:\/\/www.malinashop.lt\/?s={search_term_string}"},"query-input":{"@type":"PropertyValueSpecification","valueRequired":true,"valueName":"search_term_string"}}],"inLanguage":"en-GB"},{"@type":"Organization","@id":"https:\/\/www.malinashop.lt\/#organization","name":"COM Group Ecommerce","url":"https:\/\/www.malinashop.lt\/","logo":{"@type":"ImageObject","inLanguage":"en-GB","@id":"https:\/\/www.malinashop.lt\/#\/schema\/logo\/image\/","url":"https:\/\/www.malinashop.lt\/wp-content\/uploads\/2024\/08\/462559670_3787732518133670_9795632669273463_n-e1731525914575.png","contentUrl":"https:\/\/www.malinashop.lt\/wp-content\/uploads\/2024\/08\/462559670_3787732518133670_9795632669273463_n-e1731525914575.png","width":180,"height":60,"caption":"COM Group Ecommerce"},"image":{"@id":"https:\/\/www.malinashop.lt\/#\/schema\/logo\/image\/"}}]}},"jetpack_sharing_enabled":true,"_links":{"self":[{"href":"https:\/\/www.malinashop.lt\/en\/wp-json\/wp\/v2\/product\/73759","targetHints":{"allow":["GET"]}}],"collection":[{"href":"https:\/\/www.malinashop.lt\/en\/wp-json\/wp\/v2\/product"}],"about":[{"href":"https:\/\/www.malinashop.lt\/en\/wp-json\/wp\/v2\/types\/product"}],"version-history":[{"count":1,"href":"https:\/\/www.malinashop.lt\/en\/wp-json\/wp\/v2\/product\/73759\/revisions"}],"predecessor-version":[{"id":73761,"href":"https:\/\/www.malinashop.lt\/en\/wp-json\/wp\/v2\/product\/73759\/revisions\/73761"}],"wp:featuredmedia":[{"embeddable":true,"href":"https:\/\/www.malinashop.lt\/en\/wp-json\/wp\/v2\/media\/73760"}],"wp:attachment":[{"href":"https:\/\/www.malinashop.lt\/en\/wp-json\/wp\/v2\/media?parent=73759"}],"wp:term":[{"taxonomy":"product_brand","embeddable":true,"href":"https:\/\/www.malinashop.lt\/en\/wp-json\/wp\/v2\/product_brand?post=73759"},{"taxonomy":"product_cat","embeddable":true,"href":"https:\/\/www.malinashop.lt\/en\/wp-json\/wp\/v2\/product_cat?post=73759"},{"taxonomy":"product_tag","embeddable":true,"href":"https:\/\/www.malinashop.lt\/en\/wp-json\/wp\/v2\/product_tag?post=73759"}],"curies":[{"name":"wp","href":"https:\/\/api.w.org\/{rel}","templated":true}]}}