{"id":73755,"date":"2026-01-31T15:49:54","date_gmt":"2026-01-31T12:49:54","guid":{"rendered":"https:\/\/malinashop.lt\/?post_type=product&#038;p=73755"},"modified":"2026-04-13T22:54:14","modified_gmt":"2026-04-13T19:54:14","slug":"dr-althea-pro-lab-345-relief-cream-raminamasis-veido-kremas-probleminei-odai-50ml","status":"publish","type":"product","link":"https:\/\/www.malinashop.lt\/en\/shop\/dr-althea-pro-lab-345-relief-cream-raminamasis-veido-kremas-probleminei-odai-50ml\/","title":{"rendered":"Dr.Althea Pro Lab 345 Relief Cream raminamasis veido kremas probleminei odai, 50ml"},"content":{"rendered":"<p data-start=\"220\" data-end=\"606\"><strong data-start=\"220\" data-end=\"285\">Dr.Althea Pro Lab 345 Relief Cream (Ver.2 \/ NEW VERSION 2025)<\/strong> \u2013 lengvos, vegani\u0161kos gelin\u0117s tekst\u016bros raminamasis kremas, sukurtas kasdieniam naudojimui, ypa\u010d <strong data-start=\"383\" data-end=\"420\">\u012f akn\u0119 linkusiai ir jautriai odai<\/strong>. Kremas klini\u0161kai \u012fvertintas kaip <strong data-start=\"455\" data-end=\"475\">nekomedogeni\u0161kas<\/strong>, tod\u0117l tinka \u012ftraukti \u012f kasdien\u0119 problemin\u0117s odos prie\u017ei\u016bros rutin\u0105, kai norisi \u0161velnios, bet efektyvios odos komforto prie\u017ei\u016bros.<\/p>\n<p data-start=\"608\" data-end=\"957\">Formul\u0117 sukurta pad\u0117ti pri\u017ei\u016br\u0117ti od\u0105 po b\u0117rim\u0173 \u2013 kremas suteikia <strong data-start=\"674\" data-end=\"707\">raminan\u010dios prie\u017ei\u016bros poj\u016bt\u012f<\/strong>, padeda palaikyti dr\u0117gm\u0117s balans\u0105 ir odos barjero komfort\u0105. Sud\u0117tyje esantis <strong data-start=\"785\" data-end=\"801\">niacinamidas<\/strong> prisideda prie blankumo ma\u017einimo ir tolygesnio odos tono poj\u016b\u010dio, o <strong data-start=\"870\" data-end=\"885\">Ceramide NP<\/strong> padeda ilgiau i\u0161laikyti dr\u0117gm\u0119 bei stiprinti apsauginio barjero poj\u016bt\u012f.<\/p>\n<p data-start=\"959\" data-end=\"1371\">Papildomi komponentai, tokie kaip <strong data-start=\"993\" data-end=\"1007\">pantenolis<\/strong>, <strong data-start=\"1009\" data-end=\"1027\">beta-gliukanas<\/strong>, <strong data-start=\"1029\" data-end=\"1041\">Centella<\/strong> (vanduo ir ekstraktas) bei <strong data-start=\"1069\" data-end=\"1087\">madecassosidas<\/strong>, prisideda prie ramesn\u0117s, labiau pri\u017ei\u016br\u0117tos odos poj\u016b\u010dio. <strong data-start=\"1147\" data-end=\"1174\">Arbatmed\u017eio lap\u0173 vanduo<\/strong> suteikia gaivos poj\u016bt\u012f, o <strong data-start=\"1201\" data-end=\"1222\">hialurono r\u016bg\u0161tis<\/strong> (keli\u0173 form\u0173) padeda palaikyti odos dr\u0117kinim\u0105. Formul\u0119 papildo <strong data-start=\"1286\" data-end=\"1303\">resveratrolis<\/strong> ir <strong data-start=\"1307\" data-end=\"1322\">vitaminas E<\/strong>, suteikiantys antioksidacin\u0117s prie\u017ei\u016bros poj\u016bt\u012f.<\/p>\n<hr data-start=\"1373\" data-end=\"1376\" \/>\n<h3 data-start=\"1378\" data-end=\"1405\">Pagrindiniai privalumai<\/h3>\n<ul data-start=\"1406\" data-end=\"1816\">\n<li data-start=\"1406\" data-end=\"1482\">\n<p data-start=\"1408\" data-end=\"1482\">Klini\u0161kai testuotas <strong data-start=\"1428\" data-end=\"1450\">nekomedogeni\u0161kumas<\/strong> \u2013 tinka \u012f akn\u0119 linkusiai odai<\/p>\n<\/li>\n<li data-start=\"1483\" data-end=\"1537\">\n<p data-start=\"1485\" data-end=\"1537\">Lengva <strong data-start=\"1492\" data-end=\"1511\">gelin\u0117 tekst\u016bra<\/strong>, patogu naudoti kasdien<\/p>\n<\/li>\n<li data-start=\"1538\" data-end=\"1600\">\n<p data-start=\"1540\" data-end=\"1600\"><strong data-start=\"1540\" data-end=\"1556\">Niacinamidas<\/strong> \u2013 skaistesn\u0117s ir tolygesn\u0117s odos poj\u016b\u010diui<\/p>\n<\/li>\n<li data-start=\"1601\" data-end=\"1674\">\n<p data-start=\"1603\" data-end=\"1674\"><strong data-start=\"1603\" data-end=\"1618\">Ceramide NP<\/strong> \u2013 ilgiau i\u0161liekan\u010diam dr\u0117kinimui ir barjero komfortui<\/p>\n<\/li>\n<li data-start=\"1675\" data-end=\"1767\">\n<p data-start=\"1677\" data-end=\"1767\"><strong data-start=\"1677\" data-end=\"1733\">Pantenolis, beta-gliukanas, Centella, madecassosidas<\/strong> \u2013 raminan\u010diam komforto poj\u016b\u010diui<\/p>\n<\/li>\n<li data-start=\"1768\" data-end=\"1816\">\n<p data-start=\"1770\" data-end=\"1816\">Vegani\u0161ka formul\u0117, tinkama kasdieninei rutinai<\/p>\n<\/li>\n<\/ul>\n<hr data-start=\"1818\" data-end=\"1821\" \/>\n<h3 data-start=\"1823\" data-end=\"1837\">Naudojimas<\/h3>\n<ol data-start=\"1838\" data-end=\"2076\">\n<li data-start=\"1838\" data-end=\"1907\">\n<p data-start=\"1841\" data-end=\"1907\">Nusiprauskite veid\u0105 \u0161velniu prausikliu, tinkamu j\u016bs\u0173 odos tipui.<\/p>\n<\/li>\n<li data-start=\"1908\" data-end=\"1974\">\n<p data-start=\"1911\" data-end=\"1974\">Pirmiausia naudokite ma\u017eiau tir\u0161tas priemones (pvz., tonik\u0105).<\/p>\n<\/li>\n<li data-start=\"1975\" data-end=\"2076\">\n<p data-start=\"1978\" data-end=\"2076\">U\u017etepkite pakankam\u0105 kiek\u012f <strong data-start=\"2004\" data-end=\"2024\">345 Relief Cream<\/strong> kaip paskutin\u012f arba prie\u0161paskutin\u012f rutinos \u017eingsn\u012f.<\/p>\n<\/li>\n<\/ol>\n<hr data-start=\"2078\" data-end=\"2081\" \/>\n<h3 data-start=\"2083\" data-end=\"2096\">\u012esp\u0117jimai<\/h3>\n<p data-start=\"2097\" data-end=\"2362\">Tik i\u0161oriniam naudojimui. Naudokite pagal instrukcijas. Venkite patekimo \u012f akis. Laikyti vaikams nepasiekiamoje vietoje. Netepkite ant gleivini\u0173 ir pa\u017eeistos odos. Jei atsiranda sudirgimas \u2013 nutraukite naudojim\u0105. Laikyti ne auk\u0161tesn\u0117je kaip <strong data-start=\"2338\" data-end=\"2347\">25 \u00b0C<\/strong> temperat\u016broje.<\/p>\n<hr data-start=\"2364\" data-end=\"2367\" \/>\n<h3 data-start=\"2369\" data-end=\"2387\">Sud\u0117tis (INCI)<\/h3>\n<p data-start=\"2388\" data-end=\"3182\">Aqua, Melaleuca Alternifolia (Tea Tree) Leaf Water, Propanediol, Glycerin, 1,2-Hexanediol, Hydrogenated Polydecene, Vinyl Dimethicone, C14-22 Alcohols, Niacinamide, Caprylic\/Capric Triglyceride, Panthenol, Dicaprylyl Carbonate, Butylene Glycol, Ammonium Acryloyldimethyltaurate\/VP Copolymer, Caprylyl Methicone, Polymethylsilsesquioxane, C12-20 Alkyl Glucoside, Hydroxyacetophenone, Acrylates\/C10-30 Alkyl Acrylate Crosspolymer, Polyquaternium-51, Ethylhexylglycerin, Tromethamine, Sodium Hyaluronate, Sodium Stearoyl Glutamate, Coptis Japonica Root Extract, Centella Asiatica Leaf Water, Beta-Glucan, Resveratrol, Hydrolyzed Hyaluronic Acid, Camellia Sinensis Leaf Water, Tocopherol, Madecassoside, Sodium Dna, Centella Asiatica Extract, Ceramide NP, Tannic Acid, Disodium EDTA, Sodium Phytate<\/p>\n","protected":false},"excerpt":{"rendered":"<p data-start=\"3210\" data-end=\"3364\">Nekomedogeni\u0161kas vegani\u0161kas gelinis kremas \u012f akn\u0119 linkusiai odai \u2013 ramina, dr\u0117kina, padeda pri\u017ei\u016br\u0117ti od\u0105 po b\u0117rim\u0173, su niacinamidu ir Ceramide NP, 50 ml.<\/p>\n","protected":false},"featured_media":73757,"template":"","meta":[],"product_brand":[1578],"product_cat":[562,187,728],"product_tag":[1598],"class_list":{"0":"post-73755","1":"product","2":"type-product","3":"status-publish","4":"has-post-thumbnail","6":"product_brand-dr-althea","7":"product_cat-sandelio-valymas","8":"product_cat-veido-kremai","9":"product_cat-veidui","10":"product_tag-dr-althea","12":"first","13":"outofstock","14":"sale","15":"taxable","16":"shipping-taxable","17":"purchasable","18":"product-type-simple"},"yoast_head":"<!-- This site is optimized with the Yoast SEO plugin v27.4 - https:\/\/yoast.com\/product\/yoast-seo-wordpress\/ -->\n<title>Dr.Althea Pro Lab 345 Relief Cream raminamasis veido kremas probleminei odai, 50ml - MalinaShop.lt J\u016bs\u0173 sveikatai ir gro\u017eiui.<\/title>\n<meta name=\"description\" content=\"Dr.Althea Pro Lab 345 Relief Cream NEW VERSION 2025 50 ml \u2013 klini\u0161kai nekomedogeni\u0161kas gelinis kremas \u012f akn\u0119 linkusiai ir jautriai odai.\" \/>\n<meta name=\"robots\" content=\"index, follow, max-snippet:-1, max-image-preview:large, max-video-preview:-1\" \/>\n<link rel=\"canonical\" href=\"https:\/\/www.malinashop.lt\/en\/shop\/dr-althea-pro-lab-345-relief-cream-raminamasis-veido-kremas-probleminei-odai-50ml\/\" \/>\n<meta property=\"og:locale\" content=\"en_GB\" \/>\n<meta property=\"og:type\" content=\"article\" \/>\n<meta property=\"og:title\" content=\"Dr.Althea Pro Lab 345 Relief Cream raminamasis veido kremas probleminei odai, 50ml - MalinaShop.lt J\u016bs\u0173 sveikatai ir gro\u017eiui.\" \/>\n<meta property=\"og:description\" content=\"Dr.Althea Pro Lab 345 Relief Cream NEW VERSION 2025 50 ml \u2013 klini\u0161kai nekomedogeni\u0161kas gelinis kremas \u012f akn\u0119 linkusiai ir jautriai odai.\" \/>\n<meta property=\"og:url\" content=\"https:\/\/www.malinashop.lt\/en\/shop\/dr-althea-pro-lab-345-relief-cream-raminamasis-veido-kremas-probleminei-odai-50ml\/\" \/>\n<meta property=\"og:site_name\" content=\"MalinaShop.lt J\u016bs\u0173 sveikatai ir gro\u017eiui.\" \/>\n<meta property=\"article:modified_time\" content=\"2026-04-13T19:54:14+00:00\" \/>\n<meta property=\"og:image\" content=\"https:\/\/www.malinashop.lt\/wp-content\/uploads\/2026\/01\/Dr.Althea-Pro-Lab-345-Relief-Cream-raminamasis-veido-kremas-probleminei-odai-50ml.jpg\" \/>\n\t<meta property=\"og:image:width\" content=\"650\" \/>\n\t<meta property=\"og:image:height\" content=\"650\" \/>\n\t<meta property=\"og:image:type\" content=\"image\/jpeg\" \/>\n<meta name=\"twitter:card\" content=\"summary_large_image\" \/>\n<script type=\"application\/ld+json\" class=\"yoast-schema-graph\">{\"@context\":\"https:\\\/\\\/schema.org\",\"@graph\":[{\"@type\":\"WebPage\",\"@id\":\"https:\\\/\\\/www.malinashop.lt\\\/en\\\/shop\\\/dr-althea-pro-lab-345-relief-cream-raminamasis-veido-kremas-probleminei-odai-50ml\\\/\",\"url\":\"https:\\\/\\\/www.malinashop.lt\\\/en\\\/shop\\\/dr-althea-pro-lab-345-relief-cream-raminamasis-veido-kremas-probleminei-odai-50ml\\\/\",\"name\":\"Dr.Althea Pro Lab 345 Relief Cream raminamasis veido kremas probleminei odai, 50ml - MalinaShop.lt J\u016bs\u0173 sveikatai ir gro\u017eiui.\",\"isPartOf\":{\"@id\":\"https:\\\/\\\/www.malinashop.lt\\\/#website\"},\"primaryImageOfPage\":{\"@id\":\"https:\\\/\\\/www.malinashop.lt\\\/en\\\/shop\\\/dr-althea-pro-lab-345-relief-cream-raminamasis-veido-kremas-probleminei-odai-50ml\\\/#primaryimage\"},\"image\":{\"@id\":\"https:\\\/\\\/www.malinashop.lt\\\/en\\\/shop\\\/dr-althea-pro-lab-345-relief-cream-raminamasis-veido-kremas-probleminei-odai-50ml\\\/#primaryimage\"},\"thumbnailUrl\":\"https:\\\/\\\/www.malinashop.lt\\\/wp-content\\\/uploads\\\/2026\\\/01\\\/Dr.Althea-Pro-Lab-345-Relief-Cream-raminamasis-veido-kremas-probleminei-odai-50ml.jpg\",\"datePublished\":\"2026-01-31T12:49:54+00:00\",\"dateModified\":\"2026-04-13T19:54:14+00:00\",\"description\":\"Dr.Althea Pro Lab 345 Relief Cream NEW VERSION 2025 50 ml \u2013 klini\u0161kai nekomedogeni\u0161kas gelinis kremas \u012f akn\u0119 linkusiai ir jautriai odai.\",\"breadcrumb\":{\"@id\":\"https:\\\/\\\/www.malinashop.lt\\\/en\\\/shop\\\/dr-althea-pro-lab-345-relief-cream-raminamasis-veido-kremas-probleminei-odai-50ml\\\/#breadcrumb\"},\"inLanguage\":\"en-GB\",\"potentialAction\":[{\"@type\":\"ReadAction\",\"target\":[\"https:\\\/\\\/www.malinashop.lt\\\/en\\\/shop\\\/dr-althea-pro-lab-345-relief-cream-raminamasis-veido-kremas-probleminei-odai-50ml\\\/\"]}]},{\"@type\":\"ImageObject\",\"inLanguage\":\"en-GB\",\"@id\":\"https:\\\/\\\/www.malinashop.lt\\\/en\\\/shop\\\/dr-althea-pro-lab-345-relief-cream-raminamasis-veido-kremas-probleminei-odai-50ml\\\/#primaryimage\",\"url\":\"https:\\\/\\\/www.malinashop.lt\\\/wp-content\\\/uploads\\\/2026\\\/01\\\/Dr.Althea-Pro-Lab-345-Relief-Cream-raminamasis-veido-kremas-probleminei-odai-50ml.jpg\",\"contentUrl\":\"https:\\\/\\\/www.malinashop.lt\\\/wp-content\\\/uploads\\\/2026\\\/01\\\/Dr.Althea-Pro-Lab-345-Relief-Cream-raminamasis-veido-kremas-probleminei-odai-50ml.jpg\",\"width\":650,\"height\":650},{\"@type\":\"BreadcrumbList\",\"@id\":\"https:\\\/\\\/www.malinashop.lt\\\/en\\\/shop\\\/dr-althea-pro-lab-345-relief-cream-raminamasis-veido-kremas-probleminei-odai-50ml\\\/#breadcrumb\",\"itemListElement\":[{\"@type\":\"ListItem\",\"position\":1,\"name\":\"Pagrindinis\",\"item\":\"https:\\\/\\\/www.malinashop.lt\\\/\"},{\"@type\":\"ListItem\",\"position\":2,\"name\":\"Parduotuv\u0117\",\"item\":\"https:\\\/\\\/www.malinashop.lt\\\/en\\\/parduotuve\\\/\"},{\"@type\":\"ListItem\",\"position\":3,\"name\":\"Dr.Althea Pro Lab 345 Relief Cream raminamasis veido kremas probleminei odai, 50ml\"}]},{\"@type\":\"WebSite\",\"@id\":\"https:\\\/\\\/www.malinashop.lt\\\/#website\",\"url\":\"https:\\\/\\\/www.malinashop.lt\\\/\",\"name\":\"COM Group Ecommerce\",\"description\":\"MalinaShop.lt - Gro\u017eio ir sveikatos produktai i\u0161 patikim\u0173 preki\u0173 \u017eenkl\u0173. Atraskite auk\u0161tos kokyb\u0117s kosmetik\u0105 u\u017e puiki\u0105 kain\u0105.\",\"publisher\":{\"@id\":\"https:\\\/\\\/www.malinashop.lt\\\/#organization\"},\"potentialAction\":[{\"@type\":\"SearchAction\",\"target\":{\"@type\":\"EntryPoint\",\"urlTemplate\":\"https:\\\/\\\/www.malinashop.lt\\\/?s={search_term_string}\"},\"query-input\":{\"@type\":\"PropertyValueSpecification\",\"valueRequired\":true,\"valueName\":\"search_term_string\"}}],\"inLanguage\":\"en-GB\"},{\"@type\":\"Organization\",\"@id\":\"https:\\\/\\\/www.malinashop.lt\\\/#organization\",\"name\":\"COM Group Ecommerce\",\"url\":\"https:\\\/\\\/www.malinashop.lt\\\/\",\"logo\":{\"@type\":\"ImageObject\",\"inLanguage\":\"en-GB\",\"@id\":\"https:\\\/\\\/www.malinashop.lt\\\/#\\\/schema\\\/logo\\\/image\\\/\",\"url\":\"https:\\\/\\\/www.malinashop.lt\\\/wp-content\\\/uploads\\\/2024\\\/08\\\/462559670_3787732518133670_9795632669273463_n-e1731525914575.png\",\"contentUrl\":\"https:\\\/\\\/www.malinashop.lt\\\/wp-content\\\/uploads\\\/2024\\\/08\\\/462559670_3787732518133670_9795632669273463_n-e1731525914575.png\",\"width\":180,\"height\":60,\"caption\":\"COM Group Ecommerce\"},\"image\":{\"@id\":\"https:\\\/\\\/www.malinashop.lt\\\/#\\\/schema\\\/logo\\\/image\\\/\"}}]}<\/script>\n<!-- \/ Yoast SEO plugin. -->","yoast_head_json":{"title":"Dr.Althea Pro Lab 345 Relief Cream raminamasis veido kremas probleminei odai, 50ml - MalinaShop.lt J\u016bs\u0173 sveikatai ir gro\u017eiui.","description":"Dr.Althea Pro Lab 345 Relief Cream NEW VERSION 2025 50 ml \u2013 klini\u0161kai nekomedogeni\u0161kas gelinis kremas \u012f akn\u0119 linkusiai ir jautriai odai.","robots":{"index":"index","follow":"follow","max-snippet":"max-snippet:-1","max-image-preview":"max-image-preview:large","max-video-preview":"max-video-preview:-1"},"canonical":"https:\/\/www.malinashop.lt\/en\/shop\/dr-althea-pro-lab-345-relief-cream-raminamasis-veido-kremas-probleminei-odai-50ml\/","og_locale":"en_GB","og_type":"article","og_title":"Dr.Althea Pro Lab 345 Relief Cream raminamasis veido kremas probleminei odai, 50ml - MalinaShop.lt J\u016bs\u0173 sveikatai ir gro\u017eiui.","og_description":"Dr.Althea Pro Lab 345 Relief Cream NEW VERSION 2025 50 ml \u2013 klini\u0161kai nekomedogeni\u0161kas gelinis kremas \u012f akn\u0119 linkusiai ir jautriai odai.","og_url":"https:\/\/www.malinashop.lt\/en\/shop\/dr-althea-pro-lab-345-relief-cream-raminamasis-veido-kremas-probleminei-odai-50ml\/","og_site_name":"MalinaShop.lt J\u016bs\u0173 sveikatai ir gro\u017eiui.","article_modified_time":"2026-04-13T19:54:14+00:00","og_image":[{"width":650,"height":650,"url":"https:\/\/www.malinashop.lt\/wp-content\/uploads\/2026\/01\/Dr.Althea-Pro-Lab-345-Relief-Cream-raminamasis-veido-kremas-probleminei-odai-50ml.jpg","type":"image\/jpeg"}],"twitter_card":"summary_large_image","schema":{"@context":"https:\/\/schema.org","@graph":[{"@type":"WebPage","@id":"https:\/\/www.malinashop.lt\/en\/shop\/dr-althea-pro-lab-345-relief-cream-raminamasis-veido-kremas-probleminei-odai-50ml\/","url":"https:\/\/www.malinashop.lt\/en\/shop\/dr-althea-pro-lab-345-relief-cream-raminamasis-veido-kremas-probleminei-odai-50ml\/","name":"Dr.Althea Pro Lab 345 Relief Cream raminamasis veido kremas probleminei odai, 50ml - MalinaShop.lt J\u016bs\u0173 sveikatai ir gro\u017eiui.","isPartOf":{"@id":"https:\/\/www.malinashop.lt\/#website"},"primaryImageOfPage":{"@id":"https:\/\/www.malinashop.lt\/en\/shop\/dr-althea-pro-lab-345-relief-cream-raminamasis-veido-kremas-probleminei-odai-50ml\/#primaryimage"},"image":{"@id":"https:\/\/www.malinashop.lt\/en\/shop\/dr-althea-pro-lab-345-relief-cream-raminamasis-veido-kremas-probleminei-odai-50ml\/#primaryimage"},"thumbnailUrl":"https:\/\/www.malinashop.lt\/wp-content\/uploads\/2026\/01\/Dr.Althea-Pro-Lab-345-Relief-Cream-raminamasis-veido-kremas-probleminei-odai-50ml.jpg","datePublished":"2026-01-31T12:49:54+00:00","dateModified":"2026-04-13T19:54:14+00:00","description":"Dr.Althea Pro Lab 345 Relief Cream NEW VERSION 2025 50 ml \u2013 klini\u0161kai nekomedogeni\u0161kas gelinis kremas \u012f akn\u0119 linkusiai ir jautriai odai.","breadcrumb":{"@id":"https:\/\/www.malinashop.lt\/en\/shop\/dr-althea-pro-lab-345-relief-cream-raminamasis-veido-kremas-probleminei-odai-50ml\/#breadcrumb"},"inLanguage":"en-GB","potentialAction":[{"@type":"ReadAction","target":["https:\/\/www.malinashop.lt\/en\/shop\/dr-althea-pro-lab-345-relief-cream-raminamasis-veido-kremas-probleminei-odai-50ml\/"]}]},{"@type":"ImageObject","inLanguage":"en-GB","@id":"https:\/\/www.malinashop.lt\/en\/shop\/dr-althea-pro-lab-345-relief-cream-raminamasis-veido-kremas-probleminei-odai-50ml\/#primaryimage","url":"https:\/\/www.malinashop.lt\/wp-content\/uploads\/2026\/01\/Dr.Althea-Pro-Lab-345-Relief-Cream-raminamasis-veido-kremas-probleminei-odai-50ml.jpg","contentUrl":"https:\/\/www.malinashop.lt\/wp-content\/uploads\/2026\/01\/Dr.Althea-Pro-Lab-345-Relief-Cream-raminamasis-veido-kremas-probleminei-odai-50ml.jpg","width":650,"height":650},{"@type":"BreadcrumbList","@id":"https:\/\/www.malinashop.lt\/en\/shop\/dr-althea-pro-lab-345-relief-cream-raminamasis-veido-kremas-probleminei-odai-50ml\/#breadcrumb","itemListElement":[{"@type":"ListItem","position":1,"name":"Pagrindinis","item":"https:\/\/www.malinashop.lt\/"},{"@type":"ListItem","position":2,"name":"Parduotuv\u0117","item":"https:\/\/www.malinashop.lt\/en\/parduotuve\/"},{"@type":"ListItem","position":3,"name":"Dr.Althea Pro Lab 345 Relief Cream raminamasis veido kremas probleminei odai, 50ml"}]},{"@type":"WebSite","@id":"https:\/\/www.malinashop.lt\/#website","url":"https:\/\/www.malinashop.lt\/","name":"COM Group Ecommerce","description":"MalinaShop.lt - Gro\u017eio ir sveikatos produktai i\u0161 patikim\u0173 preki\u0173 \u017eenkl\u0173. Atraskite auk\u0161tos kokyb\u0117s kosmetik\u0105 u\u017e puiki\u0105 kain\u0105.","publisher":{"@id":"https:\/\/www.malinashop.lt\/#organization"},"potentialAction":[{"@type":"SearchAction","target":{"@type":"EntryPoint","urlTemplate":"https:\/\/www.malinashop.lt\/?s={search_term_string}"},"query-input":{"@type":"PropertyValueSpecification","valueRequired":true,"valueName":"search_term_string"}}],"inLanguage":"en-GB"},{"@type":"Organization","@id":"https:\/\/www.malinashop.lt\/#organization","name":"COM Group Ecommerce","url":"https:\/\/www.malinashop.lt\/","logo":{"@type":"ImageObject","inLanguage":"en-GB","@id":"https:\/\/www.malinashop.lt\/#\/schema\/logo\/image\/","url":"https:\/\/www.malinashop.lt\/wp-content\/uploads\/2024\/08\/462559670_3787732518133670_9795632669273463_n-e1731525914575.png","contentUrl":"https:\/\/www.malinashop.lt\/wp-content\/uploads\/2024\/08\/462559670_3787732518133670_9795632669273463_n-e1731525914575.png","width":180,"height":60,"caption":"COM Group Ecommerce"},"image":{"@id":"https:\/\/www.malinashop.lt\/#\/schema\/logo\/image\/"}}]}},"jetpack_sharing_enabled":true,"_links":{"self":[{"href":"https:\/\/www.malinashop.lt\/en\/wp-json\/wp\/v2\/product\/73755","targetHints":{"allow":["GET"]}}],"collection":[{"href":"https:\/\/www.malinashop.lt\/en\/wp-json\/wp\/v2\/product"}],"about":[{"href":"https:\/\/www.malinashop.lt\/en\/wp-json\/wp\/v2\/types\/product"}],"version-history":[{"count":1,"href":"https:\/\/www.malinashop.lt\/en\/wp-json\/wp\/v2\/product\/73755\/revisions"}],"predecessor-version":[{"id":73758,"href":"https:\/\/www.malinashop.lt\/en\/wp-json\/wp\/v2\/product\/73755\/revisions\/73758"}],"wp:featuredmedia":[{"embeddable":true,"href":"https:\/\/www.malinashop.lt\/en\/wp-json\/wp\/v2\/media\/73757"}],"wp:attachment":[{"href":"https:\/\/www.malinashop.lt\/en\/wp-json\/wp\/v2\/media?parent=73755"}],"wp:term":[{"taxonomy":"product_brand","embeddable":true,"href":"https:\/\/www.malinashop.lt\/en\/wp-json\/wp\/v2\/product_brand?post=73755"},{"taxonomy":"product_cat","embeddable":true,"href":"https:\/\/www.malinashop.lt\/en\/wp-json\/wp\/v2\/product_cat?post=73755"},{"taxonomy":"product_tag","embeddable":true,"href":"https:\/\/www.malinashop.lt\/en\/wp-json\/wp\/v2\/product_tag?post=73755"}],"curies":[{"name":"wp","href":"https:\/\/api.w.org\/{rel}","templated":true}]}}