{"id":73742,"date":"2026-01-31T14:22:25","date_gmt":"2026-01-31T11:22:25","guid":{"rendered":"https:\/\/malinashop.lt\/?post_type=product&#038;p=73742"},"modified":"2026-04-08T00:45:03","modified_gmt":"2026-04-07T21:45:03","slug":"skin1004-madagascar-centella-hyalu-cica-drekinamasis-veido-kremas-75-ml","status":"publish","type":"product","link":"https:\/\/www.malinashop.lt\/en\/shop\/skin1004-madagascar-centella-hyalu-cica-drekinamasis-veido-kremas-75-ml\/","title":{"rendered":"SKIN1004 Madagascar Centella Hyalu-Cica dr\u0117kinamasis veido kremas, 75 ml"},"content":{"rendered":"<p data-start=\"190\" data-end=\"521\"><strong data-start=\"190\" data-end=\"248\">SKIN1004 Madagascar Centella Hyalu-Cica Moisture Cream<\/strong> \u2013 lengvos tekst\u016bros dr\u0117kinamasis kremas su raminan\u010diu poveikio poj\u016b\u010diu, skirtas sausumo ir dehidratacijos po\u017eymi\u0173 prie\u017ei\u016brai. Kremas padeda greitai suteikti odai dr\u0117gm\u0117s, komforto ir glotnumo poj\u016bt\u012f, o reguliariai naudojant oda gali jaustis <strong data-start=\"490\" data-end=\"520\">stangresn\u0117 ir elastingesn\u0117<\/strong>.<\/p>\n<p data-start=\"523\" data-end=\"1034\">Formul\u0117s pagrindas \u2013 <strong data-start=\"544\" data-end=\"582\">Centella Asiatica ekstraktas (50%)<\/strong>, kuris padeda palaikyti odos ramyb\u0119, ma\u017einti tempimo, nie\u017e\u0117jimo ir paraudimo poj\u016bt\u012f, tod\u0117l kremas tinka ir jautresnei odai. <strong data-start=\"707\" data-end=\"740\">Hialurono r\u016bg\u0161ties kompleksas<\/strong> (Sodium Hyaluronate, Hyaluronic Acid, Hydrolyzed Hyaluronic Acid) padeda palaikyti odos dr\u0117gm\u0117s balans\u0105 ir suteikia ilgiau i\u0161liekant\u012f dr\u0117kinimo poj\u016bt\u012f. <strong data-start=\"893\" data-end=\"909\">Niacinamidas<\/strong> prisideda prie odos barjero komforto ir tolygesn\u0117s odos i\u0161vaizdos poj\u016b\u010dio, o <strong data-start=\"987\" data-end=\"1001\">adenozinas<\/strong> papildo formul\u0119 odos prie\u017ei\u016brai.<\/p>\n<p data-start=\"1036\" data-end=\"1284\">Kremas greitai \u012fsigeria, nepalieka nemalonaus lipnumo ar \u201epl\u0117vel\u0117s\u201c poj\u016b\u010dio, tod\u0117l puikiai tinka kaip baz\u0117 makia\u017eui. Formul\u0117 yra vegani\u0161ka, be dirbtini\u0173 da\u017eikli\u0173 ir kvapi\u0173j\u0173 med\u017eiag\u0173, o \u0161velnus gardenij\u0173 aromatas suteikia maloni\u0105 naudojimo patirt\u012f.<\/p>\n<hr data-start=\"1286\" data-end=\"1289\" \/>\n<h3 data-start=\"1291\" data-end=\"1318\">Pagrindiniai privalumai<\/h3>\n<ul data-start=\"1319\" data-end=\"1753\">\n<li data-start=\"1319\" data-end=\"1390\">\n<p data-start=\"1321\" data-end=\"1390\">Skirtas <strong data-start=\"1329\" data-end=\"1359\">sausumui ir dehidratacijai<\/strong> \u2013 greitam dr\u0117kinimo poj\u016b\u010diui<\/p>\n<\/li>\n<li data-start=\"1391\" data-end=\"1472\">\n<p data-start=\"1393\" data-end=\"1472\"><strong data-start=\"1393\" data-end=\"1418\">50% Centella Asiatica<\/strong> \u2013 raminan\u010diam komfortui, paraudimo poj\u016b\u010diui ma\u017einti<\/p>\n<\/li>\n<li data-start=\"1473\" data-end=\"1549\">\n<p data-start=\"1475\" data-end=\"1549\"><strong data-start=\"1475\" data-end=\"1508\">Hialurono r\u016bg\u0161ties kompleksas<\/strong> \u2013 ilgiau i\u0161liekan\u010diam dr\u0117gm\u0117s balansui<\/p>\n<\/li>\n<li data-start=\"1550\" data-end=\"1628\">\n<p data-start=\"1552\" data-end=\"1628\"><strong data-start=\"1552\" data-end=\"1568\">Niacinamidas<\/strong> \u2013 barjero komfortui ir tolygesn\u0117s odos i\u0161vaizdos poj\u016b\u010diui<\/p>\n<\/li>\n<li data-start=\"1629\" data-end=\"1704\">\n<p data-start=\"1631\" data-end=\"1704\">Lengva tekst\u016bra, <strong data-start=\"1648\" data-end=\"1668\">greitai \u012fsigeria<\/strong>, tinka kaip <strong data-start=\"1681\" data-end=\"1702\">makia\u017eo pagrindas<\/strong><\/p>\n<\/li>\n<li data-start=\"1705\" data-end=\"1753\">\n<p data-start=\"1707\" data-end=\"1753\">Tinka net <strong data-start=\"1717\" data-end=\"1734\">jautriai odai<\/strong>, vegani\u0161ka formul\u0117<\/p>\n<\/li>\n<\/ul>\n<hr data-start=\"1755\" data-end=\"1758\" \/>\n<h3 data-start=\"1760\" data-end=\"1774\">Naudojimas<\/h3>\n<p data-start=\"1775\" data-end=\"1855\">Tepkite reikiam\u0105 kiek\u012f kremo kaip <strong data-start=\"1809\" data-end=\"1822\">paskutin\u012f<\/strong> odos prie\u017ei\u016bros rutinos \u017eingsn\u012f.<\/p>\n<hr data-start=\"1857\" data-end=\"1860\" \/>\n<h3 data-start=\"1862\" data-end=\"1875\">\u012esp\u0117jimai<\/h3>\n<p data-start=\"1876\" data-end=\"2111\">Tik i\u0161oriniam naudojimui. Venkite patekimo \u012f akis. Laikyti vaikams nepasiekiamoje vietoje. Netepkite ant gleivini\u0173 ir pa\u017eeistos odos. Jei atsiranda sudirgimas \u2013 nutraukite naudojim\u0105. Laikyti ne auk\u0161tesn\u0117je kaip <strong data-start=\"2087\" data-end=\"2096\">25 \u00b0C<\/strong> temperat\u016broje.<\/p>\n<hr data-start=\"2113\" data-end=\"2116\" \/>\n<h3 data-start=\"2118\" data-end=\"2136\">Sud\u0117tis (INCI)<\/h3>\n<p data-start=\"2137\" data-end=\"3371\">Centella Asiatica Extract (50%), Aqua, Glycerin, 1,2-Hexanediol, Pentaerythrityl Tetraisostearate, Caprylic\/Capric Triglyceride, Niacinamide, Cetearyl Alcohol, Glyceryl Stearate, Polyglyceryl-2 Stearate, Butylene Glycol, Stearyl Alcohol, Propanediol, Carbomer, Polyglyceryl-3 Methylglucose Distearate, Sorbitol, Tromethamine, Polyglyceryl-3 Distearate, Sedum Sarmentosum Extract, Ethylhexylglycerin, Citric Acid, Glyceryl Stearate Citrate, Adenosine, Musa Sapientum (Banana) Flower Extract, Rosa Damascena Flower Water, Disodium EDTA, Melia Azadirachta Leaf Extract, Pyrus Communis (Pear) Fruit Extract, Melia Azadirachta Flower Extract, Prunus Domestica Fruit Extract, Biosaccharide Gum-1, Cucumis Melo (Melon) Fruit Extract, Coccinia Indica Fruit Extract, Sodium Hyaluronate (60Ppm), Hyaluronic Acid (50Ppm), Hydrolyzed Hyaluronic Acid (50Ppm), Hedera Helix (Ivy) Leaf\/Stem Extract, Hydrolyzed Collagen, Solanum Melongena (Eggplant) Fruit Extract, Adansonia Digitata Seed Extract, Equisetum Arvense Extract, Olea Europaea (Olive) Leaf Extract, Vaccinium Macrocarpon (Cranberry) Fruit Extract, Fructan, Ocimum Sanctum Leaf Extract, Sophora Japonica Flower Extract, Curcuma Longa (Turmeric) Root Extract, Corallina Officinalis Extract<\/p>\n","protected":false},"excerpt":{"rendered":"<p>Dr\u0117kinamasis kremas su 50% Centella ir hialurono kompleksu \u2013 greitai \u012fsigeria, ramina, palaiko dr\u0117gm\u0117s balans\u0105 ir tinka kaip makia\u017eo pagrindas, 75 ml.<\/p>\n","protected":false},"featured_media":73744,"template":"","meta":[],"product_brand":[1583],"product_cat":[562,187,728],"product_tag":[1620],"class_list":{"0":"post-73742","1":"product","2":"type-product","3":"status-publish","4":"has-post-thumbnail","6":"product_brand-skin-1004","7":"product_cat-sandelio-valymas","8":"product_cat-veido-kremai","9":"product_cat-veidui","10":"product_tag-skin-1004","12":"first","13":"instock","14":"sale","15":"taxable","16":"shipping-taxable","17":"purchasable","18":"product-type-simple"},"yoast_head":"<!-- This site is optimized with the Yoast SEO plugin v27.4 - https:\/\/yoast.com\/product\/yoast-seo-wordpress\/ -->\n<title>SKIN1004 Madagascar Centella Hyalu-Cica dr\u0117kinamasis veido kremas, 75 ml - MalinaShop.lt J\u016bs\u0173 sveikatai ir gro\u017eiui.<\/title>\n<meta name=\"description\" content=\"SKIN1004 Madagascar Centella Hyalu-Cica Moisture Cream 75 ml \u2013 lengvas dr\u0117kinamasis kremas su 50% Centella Asiatica ir hialurono r\u016bg\u0161ties kompleksu.\" \/>\n<meta name=\"robots\" content=\"index, follow, max-snippet:-1, max-image-preview:large, max-video-preview:-1\" \/>\n<link rel=\"canonical\" href=\"https:\/\/www.malinashop.lt\/en\/shop\/skin1004-madagascar-centella-hyalu-cica-drekinamasis-veido-kremas-75-ml\/\" \/>\n<meta property=\"og:locale\" content=\"en_GB\" \/>\n<meta property=\"og:type\" content=\"article\" \/>\n<meta property=\"og:title\" content=\"SKIN1004 Madagascar Centella Hyalu-Cica dr\u0117kinamasis veido kremas, 75 ml - MalinaShop.lt J\u016bs\u0173 sveikatai ir gro\u017eiui.\" \/>\n<meta property=\"og:description\" content=\"SKIN1004 Madagascar Centella Hyalu-Cica Moisture Cream 75 ml \u2013 lengvas dr\u0117kinamasis kremas su 50% Centella Asiatica ir hialurono r\u016bg\u0161ties kompleksu.\" \/>\n<meta property=\"og:url\" content=\"https:\/\/www.malinashop.lt\/en\/shop\/skin1004-madagascar-centella-hyalu-cica-drekinamasis-veido-kremas-75-ml\/\" \/>\n<meta property=\"og:site_name\" content=\"MalinaShop.lt J\u016bs\u0173 sveikatai ir gro\u017eiui.\" \/>\n<meta property=\"article:modified_time\" content=\"2026-04-07T21:45:03+00:00\" \/>\n<meta property=\"og:image\" content=\"https:\/\/www.malinashop.lt\/wp-content\/uploads\/2026\/01\/SKIN1004-Madagascar-Centella-Hyalu-Cica-drekinamasis-veido-kremas-75-ml.jpg\" \/>\n\t<meta property=\"og:image:width\" content=\"800\" \/>\n\t<meta property=\"og:image:height\" content=\"800\" \/>\n\t<meta property=\"og:image:type\" content=\"image\/jpeg\" \/>\n<meta name=\"twitter:card\" content=\"summary_large_image\" \/>\n<script type=\"application\/ld+json\" class=\"yoast-schema-graph\">{\"@context\":\"https:\\\/\\\/schema.org\",\"@graph\":[{\"@type\":\"WebPage\",\"@id\":\"https:\\\/\\\/www.malinashop.lt\\\/en\\\/shop\\\/skin1004-madagascar-centella-hyalu-cica-drekinamasis-veido-kremas-75-ml\\\/\",\"url\":\"https:\\\/\\\/www.malinashop.lt\\\/en\\\/shop\\\/skin1004-madagascar-centella-hyalu-cica-drekinamasis-veido-kremas-75-ml\\\/\",\"name\":\"SKIN1004 Madagascar Centella Hyalu-Cica dr\u0117kinamasis veido kremas, 75 ml - MalinaShop.lt J\u016bs\u0173 sveikatai ir gro\u017eiui.\",\"isPartOf\":{\"@id\":\"https:\\\/\\\/www.malinashop.lt\\\/en\\\/#website\"},\"primaryImageOfPage\":{\"@id\":\"https:\\\/\\\/www.malinashop.lt\\\/en\\\/shop\\\/skin1004-madagascar-centella-hyalu-cica-drekinamasis-veido-kremas-75-ml\\\/#primaryimage\"},\"image\":{\"@id\":\"https:\\\/\\\/www.malinashop.lt\\\/en\\\/shop\\\/skin1004-madagascar-centella-hyalu-cica-drekinamasis-veido-kremas-75-ml\\\/#primaryimage\"},\"thumbnailUrl\":\"https:\\\/\\\/www.malinashop.lt\\\/wp-content\\\/uploads\\\/2026\\\/01\\\/SKIN1004-Madagascar-Centella-Hyalu-Cica-drekinamasis-veido-kremas-75-ml.jpg\",\"datePublished\":\"2026-01-31T11:22:25+00:00\",\"dateModified\":\"2026-04-07T21:45:03+00:00\",\"description\":\"SKIN1004 Madagascar Centella Hyalu-Cica Moisture Cream 75 ml \u2013 lengvas dr\u0117kinamasis kremas su 50% Centella Asiatica ir hialurono r\u016bg\u0161ties kompleksu.\",\"breadcrumb\":{\"@id\":\"https:\\\/\\\/www.malinashop.lt\\\/en\\\/shop\\\/skin1004-madagascar-centella-hyalu-cica-drekinamasis-veido-kremas-75-ml\\\/#breadcrumb\"},\"inLanguage\":\"en-GB\",\"potentialAction\":[{\"@type\":\"ReadAction\",\"target\":[\"https:\\\/\\\/www.malinashop.lt\\\/en\\\/shop\\\/skin1004-madagascar-centella-hyalu-cica-drekinamasis-veido-kremas-75-ml\\\/\"]}]},{\"@type\":\"ImageObject\",\"inLanguage\":\"en-GB\",\"@id\":\"https:\\\/\\\/www.malinashop.lt\\\/en\\\/shop\\\/skin1004-madagascar-centella-hyalu-cica-drekinamasis-veido-kremas-75-ml\\\/#primaryimage\",\"url\":\"https:\\\/\\\/www.malinashop.lt\\\/wp-content\\\/uploads\\\/2026\\\/01\\\/SKIN1004-Madagascar-Centella-Hyalu-Cica-drekinamasis-veido-kremas-75-ml.jpg\",\"contentUrl\":\"https:\\\/\\\/www.malinashop.lt\\\/wp-content\\\/uploads\\\/2026\\\/01\\\/SKIN1004-Madagascar-Centella-Hyalu-Cica-drekinamasis-veido-kremas-75-ml.jpg\",\"width\":800,\"height\":800},{\"@type\":\"BreadcrumbList\",\"@id\":\"https:\\\/\\\/www.malinashop.lt\\\/en\\\/shop\\\/skin1004-madagascar-centella-hyalu-cica-drekinamasis-veido-kremas-75-ml\\\/#breadcrumb\",\"itemListElement\":[{\"@type\":\"ListItem\",\"position\":1,\"name\":\"Home\",\"item\":\"https:\\\/\\\/www.malinashop.lt\\\/en\\\/\"},{\"@type\":\"ListItem\",\"position\":2,\"name\":\"Parduotuv\u0117\",\"item\":\"https:\\\/\\\/www.malinashop.lt\\\/en\\\/parduotuve\\\/\"},{\"@type\":\"ListItem\",\"position\":3,\"name\":\"SKIN1004 Madagascar Centella Hyalu-Cica dr\u0117kinamasis veido kremas, 75 ml\"}]},{\"@type\":\"WebSite\",\"@id\":\"https:\\\/\\\/www.malinashop.lt\\\/en\\\/#website\",\"url\":\"https:\\\/\\\/www.malinashop.lt\\\/en\\\/\",\"name\":\"COM Group Ecommerce\",\"description\":\"MalinaShop.lt - Gro\u017eio ir sveikatos produktai i\u0161 patikim\u0173 preki\u0173 \u017eenkl\u0173. Atraskite auk\u0161tos kokyb\u0117s kosmetik\u0105 u\u017e puiki\u0105 kain\u0105.\",\"publisher\":{\"@id\":\"https:\\\/\\\/www.malinashop.lt\\\/en\\\/#organization\"},\"potentialAction\":[{\"@type\":\"SearchAction\",\"target\":{\"@type\":\"EntryPoint\",\"urlTemplate\":\"https:\\\/\\\/www.malinashop.lt\\\/en\\\/?s={search_term_string}\"},\"query-input\":{\"@type\":\"PropertyValueSpecification\",\"valueRequired\":true,\"valueName\":\"search_term_string\"}}],\"inLanguage\":\"en-GB\"},{\"@type\":\"Organization\",\"@id\":\"https:\\\/\\\/www.malinashop.lt\\\/en\\\/#organization\",\"name\":\"COM Group Ecommerce\",\"url\":\"https:\\\/\\\/www.malinashop.lt\\\/en\\\/\",\"logo\":{\"@type\":\"ImageObject\",\"inLanguage\":\"en-GB\",\"@id\":\"https:\\\/\\\/www.malinashop.lt\\\/en\\\/#\\\/schema\\\/logo\\\/image\\\/\",\"url\":\"https:\\\/\\\/www.malinashop.lt\\\/wp-content\\\/uploads\\\/2024\\\/08\\\/462559670_3787732518133670_9795632669273463_n-e1731525914575.png\",\"contentUrl\":\"https:\\\/\\\/www.malinashop.lt\\\/wp-content\\\/uploads\\\/2024\\\/08\\\/462559670_3787732518133670_9795632669273463_n-e1731525914575.png\",\"width\":180,\"height\":60,\"caption\":\"COM Group Ecommerce\"},\"image\":{\"@id\":\"https:\\\/\\\/www.malinashop.lt\\\/en\\\/#\\\/schema\\\/logo\\\/image\\\/\"}}]}<\/script>\n<!-- \/ Yoast SEO plugin. -->","yoast_head_json":{"title":"SKIN1004 Madagascar Centella Hyalu-Cica dr\u0117kinamasis veido kremas, 75 ml - MalinaShop.lt J\u016bs\u0173 sveikatai ir gro\u017eiui.","description":"SKIN1004 Madagascar Centella Hyalu-Cica Moisture Cream 75 ml \u2013 lengvas dr\u0117kinamasis kremas su 50% Centella Asiatica ir hialurono r\u016bg\u0161ties kompleksu.","robots":{"index":"index","follow":"follow","max-snippet":"max-snippet:-1","max-image-preview":"max-image-preview:large","max-video-preview":"max-video-preview:-1"},"canonical":"https:\/\/www.malinashop.lt\/en\/shop\/skin1004-madagascar-centella-hyalu-cica-drekinamasis-veido-kremas-75-ml\/","og_locale":"en_GB","og_type":"article","og_title":"SKIN1004 Madagascar Centella Hyalu-Cica dr\u0117kinamasis veido kremas, 75 ml - MalinaShop.lt J\u016bs\u0173 sveikatai ir gro\u017eiui.","og_description":"SKIN1004 Madagascar Centella Hyalu-Cica Moisture Cream 75 ml \u2013 lengvas dr\u0117kinamasis kremas su 50% Centella Asiatica ir hialurono r\u016bg\u0161ties kompleksu.","og_url":"https:\/\/www.malinashop.lt\/en\/shop\/skin1004-madagascar-centella-hyalu-cica-drekinamasis-veido-kremas-75-ml\/","og_site_name":"MalinaShop.lt J\u016bs\u0173 sveikatai ir gro\u017eiui.","article_modified_time":"2026-04-07T21:45:03+00:00","og_image":[{"width":800,"height":800,"url":"https:\/\/www.malinashop.lt\/wp-content\/uploads\/2026\/01\/SKIN1004-Madagascar-Centella-Hyalu-Cica-drekinamasis-veido-kremas-75-ml.jpg","type":"image\/jpeg"}],"twitter_card":"summary_large_image","schema":{"@context":"https:\/\/schema.org","@graph":[{"@type":"WebPage","@id":"https:\/\/www.malinashop.lt\/en\/shop\/skin1004-madagascar-centella-hyalu-cica-drekinamasis-veido-kremas-75-ml\/","url":"https:\/\/www.malinashop.lt\/en\/shop\/skin1004-madagascar-centella-hyalu-cica-drekinamasis-veido-kremas-75-ml\/","name":"SKIN1004 Madagascar Centella Hyalu-Cica dr\u0117kinamasis veido kremas, 75 ml - MalinaShop.lt J\u016bs\u0173 sveikatai ir gro\u017eiui.","isPartOf":{"@id":"https:\/\/www.malinashop.lt\/en\/#website"},"primaryImageOfPage":{"@id":"https:\/\/www.malinashop.lt\/en\/shop\/skin1004-madagascar-centella-hyalu-cica-drekinamasis-veido-kremas-75-ml\/#primaryimage"},"image":{"@id":"https:\/\/www.malinashop.lt\/en\/shop\/skin1004-madagascar-centella-hyalu-cica-drekinamasis-veido-kremas-75-ml\/#primaryimage"},"thumbnailUrl":"https:\/\/www.malinashop.lt\/wp-content\/uploads\/2026\/01\/SKIN1004-Madagascar-Centella-Hyalu-Cica-drekinamasis-veido-kremas-75-ml.jpg","datePublished":"2026-01-31T11:22:25+00:00","dateModified":"2026-04-07T21:45:03+00:00","description":"SKIN1004 Madagascar Centella Hyalu-Cica Moisture Cream 75 ml \u2013 lengvas dr\u0117kinamasis kremas su 50% Centella Asiatica ir hialurono r\u016bg\u0161ties kompleksu.","breadcrumb":{"@id":"https:\/\/www.malinashop.lt\/en\/shop\/skin1004-madagascar-centella-hyalu-cica-drekinamasis-veido-kremas-75-ml\/#breadcrumb"},"inLanguage":"en-GB","potentialAction":[{"@type":"ReadAction","target":["https:\/\/www.malinashop.lt\/en\/shop\/skin1004-madagascar-centella-hyalu-cica-drekinamasis-veido-kremas-75-ml\/"]}]},{"@type":"ImageObject","inLanguage":"en-GB","@id":"https:\/\/www.malinashop.lt\/en\/shop\/skin1004-madagascar-centella-hyalu-cica-drekinamasis-veido-kremas-75-ml\/#primaryimage","url":"https:\/\/www.malinashop.lt\/wp-content\/uploads\/2026\/01\/SKIN1004-Madagascar-Centella-Hyalu-Cica-drekinamasis-veido-kremas-75-ml.jpg","contentUrl":"https:\/\/www.malinashop.lt\/wp-content\/uploads\/2026\/01\/SKIN1004-Madagascar-Centella-Hyalu-Cica-drekinamasis-veido-kremas-75-ml.jpg","width":800,"height":800},{"@type":"BreadcrumbList","@id":"https:\/\/www.malinashop.lt\/en\/shop\/skin1004-madagascar-centella-hyalu-cica-drekinamasis-veido-kremas-75-ml\/#breadcrumb","itemListElement":[{"@type":"ListItem","position":1,"name":"Home","item":"https:\/\/www.malinashop.lt\/en\/"},{"@type":"ListItem","position":2,"name":"Parduotuv\u0117","item":"https:\/\/www.malinashop.lt\/en\/parduotuve\/"},{"@type":"ListItem","position":3,"name":"SKIN1004 Madagascar Centella Hyalu-Cica dr\u0117kinamasis veido kremas, 75 ml"}]},{"@type":"WebSite","@id":"https:\/\/www.malinashop.lt\/en\/#website","url":"https:\/\/www.malinashop.lt\/en\/","name":"COM Group Ecommerce","description":"MalinaShop.lt - Gro\u017eio ir sveikatos produktai i\u0161 patikim\u0173 preki\u0173 \u017eenkl\u0173. Atraskite auk\u0161tos kokyb\u0117s kosmetik\u0105 u\u017e puiki\u0105 kain\u0105.","publisher":{"@id":"https:\/\/www.malinashop.lt\/en\/#organization"},"potentialAction":[{"@type":"SearchAction","target":{"@type":"EntryPoint","urlTemplate":"https:\/\/www.malinashop.lt\/en\/?s={search_term_string}"},"query-input":{"@type":"PropertyValueSpecification","valueRequired":true,"valueName":"search_term_string"}}],"inLanguage":"en-GB"},{"@type":"Organization","@id":"https:\/\/www.malinashop.lt\/en\/#organization","name":"COM Group Ecommerce","url":"https:\/\/www.malinashop.lt\/en\/","logo":{"@type":"ImageObject","inLanguage":"en-GB","@id":"https:\/\/www.malinashop.lt\/en\/#\/schema\/logo\/image\/","url":"https:\/\/www.malinashop.lt\/wp-content\/uploads\/2024\/08\/462559670_3787732518133670_9795632669273463_n-e1731525914575.png","contentUrl":"https:\/\/www.malinashop.lt\/wp-content\/uploads\/2024\/08\/462559670_3787732518133670_9795632669273463_n-e1731525914575.png","width":180,"height":60,"caption":"COM Group Ecommerce"},"image":{"@id":"https:\/\/www.malinashop.lt\/en\/#\/schema\/logo\/image\/"}}]}},"jetpack_sharing_enabled":true,"_links":{"self":[{"href":"https:\/\/www.malinashop.lt\/en\/wp-json\/wp\/v2\/product\/73742","targetHints":{"allow":["GET"]}}],"collection":[{"href":"https:\/\/www.malinashop.lt\/en\/wp-json\/wp\/v2\/product"}],"about":[{"href":"https:\/\/www.malinashop.lt\/en\/wp-json\/wp\/v2\/types\/product"}],"version-history":[{"count":2,"href":"https:\/\/www.malinashop.lt\/en\/wp-json\/wp\/v2\/product\/73742\/revisions"}],"predecessor-version":[{"id":73748,"href":"https:\/\/www.malinashop.lt\/en\/wp-json\/wp\/v2\/product\/73742\/revisions\/73748"}],"wp:featuredmedia":[{"embeddable":true,"href":"https:\/\/www.malinashop.lt\/en\/wp-json\/wp\/v2\/media\/73744"}],"wp:attachment":[{"href":"https:\/\/www.malinashop.lt\/en\/wp-json\/wp\/v2\/media?parent=73742"}],"wp:term":[{"taxonomy":"product_brand","embeddable":true,"href":"https:\/\/www.malinashop.lt\/en\/wp-json\/wp\/v2\/product_brand?post=73742"},{"taxonomy":"product_cat","embeddable":true,"href":"https:\/\/www.malinashop.lt\/en\/wp-json\/wp\/v2\/product_cat?post=73742"},{"taxonomy":"product_tag","embeddable":true,"href":"https:\/\/www.malinashop.lt\/en\/wp-json\/wp\/v2\/product_tag?post=73742"}],"curies":[{"name":"wp","href":"https:\/\/api.w.org\/{rel}","templated":true}]}}