{"id":73718,"date":"2026-01-31T13:28:35","date_gmt":"2026-01-31T10:28:35","guid":{"rendered":"https:\/\/malinashop.lt\/?post_type=product&#038;p=73718"},"modified":"2026-04-08T00:38:52","modified_gmt":"2026-04-07T21:38:52","slug":"medicube-zero-pore-pads-mild-svelnios-poras-valancios-pagalveles-70-vnt","status":"publish","type":"product","link":"https:\/\/www.malinashop.lt\/en\/shop\/medicube-zero-pore-pads-mild-svelnios-poras-valancios-pagalveles-70-vnt\/","title":{"rendered":"MEDICUBE Zero Pore Pads Mild \u0161velnios poras valan\u010dios pagalv\u0117l\u0117s, 70 vnt"},"content":{"rendered":"<p data-start=\"190\" data-end=\"594\"><strong data-start=\"190\" data-end=\"222\">MEDICUBE Zero Pore Pads Mild<\/strong> \u2013 \u0161velnios eksfoliuojan\u010dios pagalv\u0117l\u0117s, sukurtos <strong data-start=\"272\" data-end=\"284\">jautriai<\/strong>, normaliai ir mi\u0161riai odai. Jos padeda \u0161velniai pa\u0161alinti <strong data-start=\"343\" data-end=\"357\">ne\u0161varumus<\/strong> ir <strong data-start=\"361\" data-end=\"381\">sebumo pertekli\u0173<\/strong>, i\u0161lygina odos mikroreljef\u0105, mink\u0161tina \u0161iurk\u0161tesnes vietas ir suteikia \u0161varesn\u0117s, gaivesn\u0117s odos poj\u016bt\u012f. Reguliariai naudojant, pagalv\u0117l\u0117s padeda palaikyti odos balans\u0105 ir suma\u017einti riebios odos blizgesio poj\u016bt\u012f.<\/p>\n<p data-start=\"596\" data-end=\"1014\">Formul\u0117je esanti <strong data-start=\"613\" data-end=\"647\">PHA r\u016bg\u0161tis (gliukonolaktonas)<\/strong> pasi\u017eymi didesn\u0117mis molekul\u0117mis nei AHA, tod\u0117l \u0161velniau veikia od\u0105 ir yra tinkamesn\u0117 jautriai odai \u2013 padeda pa\u0161alinti negyvas odos l\u0105steles, prisideda prie tolygesnio tono ir lygesn\u0117s tekst\u016bros poj\u016b\u010dio. <strong data-start=\"851\" data-end=\"867\">Anti-Sebum P<\/strong> augalinis kompleksas (pu\u0161ies, guobos, nakvi\u0161os ir puerarijos ekstraktai) padeda palaikyti riebalini\u0173 liauk\u0173 aktyvumo kontrol\u0119 ir ma\u017einti blizges\u012f.<\/p>\n<p data-start=\"1016\" data-end=\"1463\">Pagalv\u0117l\u0117s papildytos <strong data-start=\"1038\" data-end=\"1067\">7 tip\u0173 hialurono r\u016bg\u0161timi<\/strong> \u2013 skirtingo dyd\u017eio molekul\u0117s padeda palaikyti dr\u0117gm\u0117s balans\u0105 ir komfort\u0105. <strong data-start=\"1143\" data-end=\"1161\">Madecassosidas<\/strong> ir <strong data-start=\"1165\" data-end=\"1197\">Centella asiatica ekstraktas<\/strong> padeda suma\u017einti odos jautrumo ir paraudimo poj\u016bt\u012f, prisideda prie odos barjero komforto. <strong data-start=\"1288\" data-end=\"1317\">Pantenolis (vitaminas B5)<\/strong> padeda nuraminti od\u0105 ir suteikti komforto poj\u016bt\u012f. <strong data-start=\"1368\" data-end=\"1397\">Ka\u0161tono luk\u0161t\u0173 ekstraktas<\/strong> (taninai) prisideda prie elastingumo ir \u201esutraukt\u0173 por\u0173\u201c poj\u016b\u010dio.<\/p>\n<hr data-start=\"1465\" data-end=\"1468\" \/>\n<h3 data-start=\"1470\" data-end=\"1497\">Pagrindiniai privalumai<\/h3>\n<ul data-start=\"1498\" data-end=\"1877\">\n<li data-start=\"1498\" data-end=\"1549\">\n<p data-start=\"1500\" data-end=\"1549\">\u0160velniai <strong data-start=\"1509\" data-end=\"1524\">eksfoliuoja<\/strong> ir padeda valyti poras<\/p>\n<\/li>\n<li data-start=\"1550\" data-end=\"1623\">\n<p data-start=\"1552\" data-end=\"1623\"><strong data-start=\"1552\" data-end=\"1578\">PHA (gliukonolaktonas)<\/strong> \u2013 jautriai odai tinkamas \u0161velnus \u0161veitimas<\/p>\n<\/li>\n<li data-start=\"1624\" data-end=\"1685\">\n<p data-start=\"1626\" data-end=\"1685\">Padeda ma\u017einti <strong data-start=\"1641\" data-end=\"1663\">sebumo pertekliaus<\/strong> ir blizgesio poj\u016bt\u012f<\/p>\n<\/li>\n<li data-start=\"1686\" data-end=\"1750\">\n<p data-start=\"1688\" data-end=\"1750\"><strong data-start=\"1688\" data-end=\"1716\">7 tip\u0173 hialurono r\u016bg\u0161tis<\/strong> \u2013 dr\u0117gm\u0117s balansui ir komfortui<\/p>\n<\/li>\n<li data-start=\"1751\" data-end=\"1829\">\n<p data-start=\"1753\" data-end=\"1829\"><strong data-start=\"1753\" data-end=\"1795\">Centella + madecassosidas + pantenolis<\/strong> \u2013 raminan\u010diam komforto poj\u016b\u010diui<\/p>\n<\/li>\n<li data-start=\"1830\" data-end=\"1877\">\n<p data-start=\"1832\" data-end=\"1877\">Tinka <strong data-start=\"1838\" data-end=\"1872\">normaliai, mi\u0161riai ir jautriai<\/strong> odai<\/p>\n<\/li>\n<\/ul>\n<hr data-start=\"1879\" data-end=\"1882\" \/>\n<h3 data-start=\"1884\" data-end=\"1898\">Naudojimas<\/h3>\n<p data-start=\"1899\" data-end=\"1942\">Po veido valymo paimkite vien\u0105 pagalv\u0117l\u0119.<\/p>\n<ol data-start=\"1943\" data-end=\"2249\">\n<li data-start=\"1943\" data-end=\"2067\">\n<p data-start=\"1946\" data-end=\"2067\">Nuvalykite veid\u0105 <strong data-start=\"1963\" data-end=\"1983\">tekst\u016bruota puse<\/strong>, daugiau d\u0117mesio skirdami problemin\u0117ms zonoms (T zona, i\u0161sipl\u0117tusi\u0173 por\u0173 sritys).<\/p>\n<\/li>\n<li data-start=\"2068\" data-end=\"2249\">\n<p data-start=\"2071\" data-end=\"2249\">Apverskite pagalv\u0117l\u0119 ir <strong data-start=\"2095\" data-end=\"2114\">lygiosios pus\u0117s<\/strong> pagalba \u0161velniai u\u017ebaikite valym\u0105.<br data-start=\"2149\" data-end=\"2152\" \/><strong data-start=\"2152\" data-end=\"2171\">Nenuskalaukite.<\/strong> Leiskite priemonei pilnai \u012fsigerti ir t\u0119skite \u012fprast\u0105 odos prie\u017ei\u016bros rutin\u0105.<\/p>\n<\/li>\n<\/ol>\n<hr data-start=\"2251\" data-end=\"2254\" \/>\n<h3 data-start=\"2256\" data-end=\"2274\">Sud\u0117tis (INCI)<\/h3>\n<p data-start=\"2275\" data-end=\"3256\">Aqua, Propanediol, Methylpropanediol, 1,2-Hexanediol, Glycereth-26, Butylene Glycol, Saccharide Hydrolysate, Tromethamine, Gluconolactone, Panthenol, Ethylhexylglycerin, Disodium EDTA, Pyrus Communis (Pear) Fruit Extract, Madecassoside, Rosa Damascena Flower Water, Iris Florentina Root Extract, Centella Asiatica Extract, Cucumis Melo (Melon) Fruit Extract, Salvia Hispanica Seed Extract, Houttuynia Cordata Extract, Hedera Helix (Ivy) Leaf\/Stem Extract, Cynanchum Atratum Extract, Pentylene Glycol, Ulmus Davidiana Root Extract, Pueraria Lobata Root Extract, Pinus Palustris Leaf Extract, Oenothera Biennis (Evening Primrose) Flower Extract, Sodium Hyaluronate, Vitis Vinifera (Grape) Fruit Extract, Diospyros Kaki Fruit Extract, Castanea Crenata (Chestnut) Shell Extract, Camellia Sinensis Leaf Extract, Hyaluronic Acid, Sodium Hyaluronate Crosspolymer, Hydrolyzed Sodium Hyaluronate, Hydrolyzed Hyaluronic Acid, Sodium Acetylated Hyaluronate, Hydroxypropyltrimonium Hyaluronate<\/p>\n","protected":false},"excerpt":{"rendered":"<p>\u0160velnios poras valan\u010dios pagalv\u0117l\u0117s su PHA, Centella ir 7 tip\u0173 hialuronu \u2013 valo, glotnina ir suteikia dr\u0117gm\u0117s bei komforto poj\u016bt\u012f, 70 vnt.<\/p>\n","protected":false},"featured_media":73719,"template":"","meta":[],"product_brand":[1361],"product_cat":[562,1645,537,728],"product_tag":[1611],"class_list":{"0":"post-73718","1":"product","2":"type-product","3":"status-publish","4":"has-post-thumbnail","6":"product_brand-medicube","7":"product_cat-sandelio-valymas","8":"product_cat-veido-padeliai","9":"product_cat-veido-valymo-priemones","10":"product_cat-veidui","11":"product_tag-medicube","13":"first","14":"instock","15":"sale","16":"taxable","17":"shipping-taxable","18":"purchasable","19":"product-type-simple"},"yoast_head":"<!-- This site is optimized with the Yoast SEO plugin v27.4 - https:\/\/yoast.com\/product\/yoast-seo-wordpress\/ -->\n<title>MEDICUBE Zero Pore Pads Mild \u0161velnios poras valan\u010dios pagalv\u0117l\u0117s, 70 vnt - MalinaShop.lt J\u016bs\u0173 sveikatai ir gro\u017eiui.<\/title>\n<meta name=\"description\" content=\"MEDICUBE Zero Pore Pads Mild 70 vnt \u2013 \u0161velnios eksfoliuojan\u010dios pagalv\u0117l\u0117s jautriai ir mi\u0161riai odai. Pantenolis suteikia dr\u0117gm\u0117s bei komforto poj\u016bt\u012f.\" \/>\n<meta name=\"robots\" content=\"index, follow, max-snippet:-1, max-image-preview:large, max-video-preview:-1\" \/>\n<link rel=\"canonical\" href=\"https:\/\/www.malinashop.lt\/en\/shop\/medicube-zero-pore-pads-mild-svelnios-poras-valancios-pagalveles-70-vnt\/\" \/>\n<meta property=\"og:locale\" content=\"en_GB\" \/>\n<meta property=\"og:type\" content=\"article\" \/>\n<meta property=\"og:title\" content=\"MEDICUBE Zero Pore Pads Mild \u0161velnios poras valan\u010dios pagalv\u0117l\u0117s, 70 vnt - MalinaShop.lt J\u016bs\u0173 sveikatai ir gro\u017eiui.\" \/>\n<meta property=\"og:description\" content=\"MEDICUBE Zero Pore Pads Mild 70 vnt \u2013 \u0161velnios eksfoliuojan\u010dios pagalv\u0117l\u0117s jautriai ir mi\u0161riai odai. Pantenolis suteikia dr\u0117gm\u0117s bei komforto poj\u016bt\u012f.\" \/>\n<meta property=\"og:url\" content=\"https:\/\/www.malinashop.lt\/en\/shop\/medicube-zero-pore-pads-mild-svelnios-poras-valancios-pagalveles-70-vnt\/\" \/>\n<meta property=\"og:site_name\" content=\"MalinaShop.lt J\u016bs\u0173 sveikatai ir gro\u017eiui.\" \/>\n<meta property=\"article:modified_time\" content=\"2026-04-07T21:38:52+00:00\" \/>\n<meta property=\"og:image\" content=\"https:\/\/www.malinashop.lt\/wp-content\/uploads\/2026\/01\/MEDICUBE-Zero-Pore-Pads-Mild-svelnios-poras-valancios-pagalveles-70-vnt.jpg\" \/>\n\t<meta property=\"og:image:width\" content=\"650\" \/>\n\t<meta property=\"og:image:height\" content=\"650\" \/>\n\t<meta property=\"og:image:type\" content=\"image\/jpeg\" \/>\n<meta name=\"twitter:card\" content=\"summary_large_image\" \/>\n<script type=\"application\/ld+json\" class=\"yoast-schema-graph\">{\"@context\":\"https:\\\/\\\/schema.org\",\"@graph\":[{\"@type\":\"WebPage\",\"@id\":\"https:\\\/\\\/www.malinashop.lt\\\/lt_lt\\\/shop\\\/medicube-zero-pore-pads-mild-svelnios-poras-valancios-pagalveles-70-vnt\\\/\",\"url\":\"https:\\\/\\\/www.malinashop.lt\\\/lt_lt\\\/shop\\\/medicube-zero-pore-pads-mild-svelnios-poras-valancios-pagalveles-70-vnt\\\/\",\"name\":\"MEDICUBE Zero Pore Pads Mild \u0161velnios poras valan\u010dios pagalv\u0117l\u0117s, 70 vnt - MalinaShop.lt J\u016bs\u0173 sveikatai ir gro\u017eiui.\",\"isPartOf\":{\"@id\":\"https:\\\/\\\/www.malinashop.lt\\\/#website\"},\"primaryImageOfPage\":{\"@id\":\"https:\\\/\\\/www.malinashop.lt\\\/lt_lt\\\/shop\\\/medicube-zero-pore-pads-mild-svelnios-poras-valancios-pagalveles-70-vnt\\\/#primaryimage\"},\"image\":{\"@id\":\"https:\\\/\\\/www.malinashop.lt\\\/lt_lt\\\/shop\\\/medicube-zero-pore-pads-mild-svelnios-poras-valancios-pagalveles-70-vnt\\\/#primaryimage\"},\"thumbnailUrl\":\"https:\\\/\\\/www.malinashop.lt\\\/wp-content\\\/uploads\\\/2026\\\/01\\\/MEDICUBE-Zero-Pore-Pads-Mild-svelnios-poras-valancios-pagalveles-70-vnt.jpg\",\"datePublished\":\"2026-01-31T10:28:35+00:00\",\"dateModified\":\"2026-04-07T21:38:52+00:00\",\"description\":\"MEDICUBE Zero Pore Pads Mild 70 vnt \u2013 \u0161velnios eksfoliuojan\u010dios pagalv\u0117l\u0117s jautriai ir mi\u0161riai odai. Pantenolis suteikia dr\u0117gm\u0117s bei komforto poj\u016bt\u012f.\",\"breadcrumb\":{\"@id\":\"https:\\\/\\\/www.malinashop.lt\\\/lt_lt\\\/shop\\\/medicube-zero-pore-pads-mild-svelnios-poras-valancios-pagalveles-70-vnt\\\/#breadcrumb\"},\"inLanguage\":\"en-GB\",\"potentialAction\":[{\"@type\":\"ReadAction\",\"target\":[\"https:\\\/\\\/www.malinashop.lt\\\/lt_lt\\\/shop\\\/medicube-zero-pore-pads-mild-svelnios-poras-valancios-pagalveles-70-vnt\\\/\"]}]},{\"@type\":\"ImageObject\",\"inLanguage\":\"en-GB\",\"@id\":\"https:\\\/\\\/www.malinashop.lt\\\/lt_lt\\\/shop\\\/medicube-zero-pore-pads-mild-svelnios-poras-valancios-pagalveles-70-vnt\\\/#primaryimage\",\"url\":\"https:\\\/\\\/www.malinashop.lt\\\/wp-content\\\/uploads\\\/2026\\\/01\\\/MEDICUBE-Zero-Pore-Pads-Mild-svelnios-poras-valancios-pagalveles-70-vnt.jpg\",\"contentUrl\":\"https:\\\/\\\/www.malinashop.lt\\\/wp-content\\\/uploads\\\/2026\\\/01\\\/MEDICUBE-Zero-Pore-Pads-Mild-svelnios-poras-valancios-pagalveles-70-vnt.jpg\",\"width\":650,\"height\":650},{\"@type\":\"BreadcrumbList\",\"@id\":\"https:\\\/\\\/www.malinashop.lt\\\/lt_lt\\\/shop\\\/medicube-zero-pore-pads-mild-svelnios-poras-valancios-pagalveles-70-vnt\\\/#breadcrumb\",\"itemListElement\":[{\"@type\":\"ListItem\",\"position\":1,\"name\":\"Pagrindinis\",\"item\":\"https:\\\/\\\/www.malinashop.lt\\\/\"},{\"@type\":\"ListItem\",\"position\":2,\"name\":\"Parduotuv\u0117\",\"item\":\"https:\\\/\\\/www.malinashop.lt\\\/en\\\/parduotuve\\\/\"},{\"@type\":\"ListItem\",\"position\":3,\"name\":\"MEDICUBE Zero Pore Pads Mild \u0161velnios poras valan\u010dios pagalv\u0117l\u0117s, 70 vnt\"}]},{\"@type\":\"WebSite\",\"@id\":\"https:\\\/\\\/www.malinashop.lt\\\/#website\",\"url\":\"https:\\\/\\\/www.malinashop.lt\\\/\",\"name\":\"COM Group Ecommerce\",\"description\":\"MalinaShop.lt - Gro\u017eio ir sveikatos produktai i\u0161 patikim\u0173 preki\u0173 \u017eenkl\u0173. Atraskite auk\u0161tos kokyb\u0117s kosmetik\u0105 u\u017e puiki\u0105 kain\u0105.\",\"publisher\":{\"@id\":\"https:\\\/\\\/www.malinashop.lt\\\/#organization\"},\"potentialAction\":[{\"@type\":\"SearchAction\",\"target\":{\"@type\":\"EntryPoint\",\"urlTemplate\":\"https:\\\/\\\/www.malinashop.lt\\\/?s={search_term_string}\"},\"query-input\":{\"@type\":\"PropertyValueSpecification\",\"valueRequired\":true,\"valueName\":\"search_term_string\"}}],\"inLanguage\":\"en-GB\"},{\"@type\":\"Organization\",\"@id\":\"https:\\\/\\\/www.malinashop.lt\\\/#organization\",\"name\":\"COM Group Ecommerce\",\"url\":\"https:\\\/\\\/www.malinashop.lt\\\/\",\"logo\":{\"@type\":\"ImageObject\",\"inLanguage\":\"en-GB\",\"@id\":\"https:\\\/\\\/www.malinashop.lt\\\/#\\\/schema\\\/logo\\\/image\\\/\",\"url\":\"https:\\\/\\\/www.malinashop.lt\\\/wp-content\\\/uploads\\\/2024\\\/08\\\/462559670_3787732518133670_9795632669273463_n-e1731525914575.png\",\"contentUrl\":\"https:\\\/\\\/www.malinashop.lt\\\/wp-content\\\/uploads\\\/2024\\\/08\\\/462559670_3787732518133670_9795632669273463_n-e1731525914575.png\",\"width\":180,\"height\":60,\"caption\":\"COM Group Ecommerce\"},\"image\":{\"@id\":\"https:\\\/\\\/www.malinashop.lt\\\/#\\\/schema\\\/logo\\\/image\\\/\"}}]}<\/script>\n<!-- \/ Yoast SEO plugin. -->","yoast_head_json":{"title":"MEDICUBE Zero Pore Pads Mild \u0161velnios poras valan\u010dios pagalv\u0117l\u0117s, 70 vnt - MalinaShop.lt J\u016bs\u0173 sveikatai ir gro\u017eiui.","description":"MEDICUBE Zero Pore Pads Mild 70 vnt \u2013 \u0161velnios eksfoliuojan\u010dios pagalv\u0117l\u0117s jautriai ir mi\u0161riai odai. Pantenolis suteikia dr\u0117gm\u0117s bei komforto poj\u016bt\u012f.","robots":{"index":"index","follow":"follow","max-snippet":"max-snippet:-1","max-image-preview":"max-image-preview:large","max-video-preview":"max-video-preview:-1"},"canonical":"https:\/\/www.malinashop.lt\/en\/shop\/medicube-zero-pore-pads-mild-svelnios-poras-valancios-pagalveles-70-vnt\/","og_locale":"en_GB","og_type":"article","og_title":"MEDICUBE Zero Pore Pads Mild \u0161velnios poras valan\u010dios pagalv\u0117l\u0117s, 70 vnt - MalinaShop.lt J\u016bs\u0173 sveikatai ir gro\u017eiui.","og_description":"MEDICUBE Zero Pore Pads Mild 70 vnt \u2013 \u0161velnios eksfoliuojan\u010dios pagalv\u0117l\u0117s jautriai ir mi\u0161riai odai. Pantenolis suteikia dr\u0117gm\u0117s bei komforto poj\u016bt\u012f.","og_url":"https:\/\/www.malinashop.lt\/en\/shop\/medicube-zero-pore-pads-mild-svelnios-poras-valancios-pagalveles-70-vnt\/","og_site_name":"MalinaShop.lt J\u016bs\u0173 sveikatai ir gro\u017eiui.","article_modified_time":"2026-04-07T21:38:52+00:00","og_image":[{"width":650,"height":650,"url":"https:\/\/www.malinashop.lt\/wp-content\/uploads\/2026\/01\/MEDICUBE-Zero-Pore-Pads-Mild-svelnios-poras-valancios-pagalveles-70-vnt.jpg","type":"image\/jpeg"}],"twitter_card":"summary_large_image","schema":{"@context":"https:\/\/schema.org","@graph":[{"@type":"WebPage","@id":"https:\/\/www.malinashop.lt\/lt_lt\/shop\/medicube-zero-pore-pads-mild-svelnios-poras-valancios-pagalveles-70-vnt\/","url":"https:\/\/www.malinashop.lt\/lt_lt\/shop\/medicube-zero-pore-pads-mild-svelnios-poras-valancios-pagalveles-70-vnt\/","name":"MEDICUBE Zero Pore Pads Mild \u0161velnios poras valan\u010dios pagalv\u0117l\u0117s, 70 vnt - MalinaShop.lt J\u016bs\u0173 sveikatai ir gro\u017eiui.","isPartOf":{"@id":"https:\/\/www.malinashop.lt\/#website"},"primaryImageOfPage":{"@id":"https:\/\/www.malinashop.lt\/lt_lt\/shop\/medicube-zero-pore-pads-mild-svelnios-poras-valancios-pagalveles-70-vnt\/#primaryimage"},"image":{"@id":"https:\/\/www.malinashop.lt\/lt_lt\/shop\/medicube-zero-pore-pads-mild-svelnios-poras-valancios-pagalveles-70-vnt\/#primaryimage"},"thumbnailUrl":"https:\/\/www.malinashop.lt\/wp-content\/uploads\/2026\/01\/MEDICUBE-Zero-Pore-Pads-Mild-svelnios-poras-valancios-pagalveles-70-vnt.jpg","datePublished":"2026-01-31T10:28:35+00:00","dateModified":"2026-04-07T21:38:52+00:00","description":"MEDICUBE Zero Pore Pads Mild 70 vnt \u2013 \u0161velnios eksfoliuojan\u010dios pagalv\u0117l\u0117s jautriai ir mi\u0161riai odai. Pantenolis suteikia dr\u0117gm\u0117s bei komforto poj\u016bt\u012f.","breadcrumb":{"@id":"https:\/\/www.malinashop.lt\/lt_lt\/shop\/medicube-zero-pore-pads-mild-svelnios-poras-valancios-pagalveles-70-vnt\/#breadcrumb"},"inLanguage":"en-GB","potentialAction":[{"@type":"ReadAction","target":["https:\/\/www.malinashop.lt\/lt_lt\/shop\/medicube-zero-pore-pads-mild-svelnios-poras-valancios-pagalveles-70-vnt\/"]}]},{"@type":"ImageObject","inLanguage":"en-GB","@id":"https:\/\/www.malinashop.lt\/lt_lt\/shop\/medicube-zero-pore-pads-mild-svelnios-poras-valancios-pagalveles-70-vnt\/#primaryimage","url":"https:\/\/www.malinashop.lt\/wp-content\/uploads\/2026\/01\/MEDICUBE-Zero-Pore-Pads-Mild-svelnios-poras-valancios-pagalveles-70-vnt.jpg","contentUrl":"https:\/\/www.malinashop.lt\/wp-content\/uploads\/2026\/01\/MEDICUBE-Zero-Pore-Pads-Mild-svelnios-poras-valancios-pagalveles-70-vnt.jpg","width":650,"height":650},{"@type":"BreadcrumbList","@id":"https:\/\/www.malinashop.lt\/lt_lt\/shop\/medicube-zero-pore-pads-mild-svelnios-poras-valancios-pagalveles-70-vnt\/#breadcrumb","itemListElement":[{"@type":"ListItem","position":1,"name":"Pagrindinis","item":"https:\/\/www.malinashop.lt\/"},{"@type":"ListItem","position":2,"name":"Parduotuv\u0117","item":"https:\/\/www.malinashop.lt\/en\/parduotuve\/"},{"@type":"ListItem","position":3,"name":"MEDICUBE Zero Pore Pads Mild \u0161velnios poras valan\u010dios pagalv\u0117l\u0117s, 70 vnt"}]},{"@type":"WebSite","@id":"https:\/\/www.malinashop.lt\/#website","url":"https:\/\/www.malinashop.lt\/","name":"COM Group Ecommerce","description":"MalinaShop.lt - Gro\u017eio ir sveikatos produktai i\u0161 patikim\u0173 preki\u0173 \u017eenkl\u0173. Atraskite auk\u0161tos kokyb\u0117s kosmetik\u0105 u\u017e puiki\u0105 kain\u0105.","publisher":{"@id":"https:\/\/www.malinashop.lt\/#organization"},"potentialAction":[{"@type":"SearchAction","target":{"@type":"EntryPoint","urlTemplate":"https:\/\/www.malinashop.lt\/?s={search_term_string}"},"query-input":{"@type":"PropertyValueSpecification","valueRequired":true,"valueName":"search_term_string"}}],"inLanguage":"en-GB"},{"@type":"Organization","@id":"https:\/\/www.malinashop.lt\/#organization","name":"COM Group Ecommerce","url":"https:\/\/www.malinashop.lt\/","logo":{"@type":"ImageObject","inLanguage":"en-GB","@id":"https:\/\/www.malinashop.lt\/#\/schema\/logo\/image\/","url":"https:\/\/www.malinashop.lt\/wp-content\/uploads\/2024\/08\/462559670_3787732518133670_9795632669273463_n-e1731525914575.png","contentUrl":"https:\/\/www.malinashop.lt\/wp-content\/uploads\/2024\/08\/462559670_3787732518133670_9795632669273463_n-e1731525914575.png","width":180,"height":60,"caption":"COM Group Ecommerce"},"image":{"@id":"https:\/\/www.malinashop.lt\/#\/schema\/logo\/image\/"}}]}},"jetpack_sharing_enabled":true,"_links":{"self":[{"href":"https:\/\/www.malinashop.lt\/en\/wp-json\/wp\/v2\/product\/73718","targetHints":{"allow":["GET"]}}],"collection":[{"href":"https:\/\/www.malinashop.lt\/en\/wp-json\/wp\/v2\/product"}],"about":[{"href":"https:\/\/www.malinashop.lt\/en\/wp-json\/wp\/v2\/types\/product"}],"version-history":[{"count":1,"href":"https:\/\/www.malinashop.lt\/en\/wp-json\/wp\/v2\/product\/73718\/revisions"}],"predecessor-version":[{"id":73720,"href":"https:\/\/www.malinashop.lt\/en\/wp-json\/wp\/v2\/product\/73718\/revisions\/73720"}],"wp:featuredmedia":[{"embeddable":true,"href":"https:\/\/www.malinashop.lt\/en\/wp-json\/wp\/v2\/media\/73719"}],"wp:attachment":[{"href":"https:\/\/www.malinashop.lt\/en\/wp-json\/wp\/v2\/media?parent=73718"}],"wp:term":[{"taxonomy":"product_brand","embeddable":true,"href":"https:\/\/www.malinashop.lt\/en\/wp-json\/wp\/v2\/product_brand?post=73718"},{"taxonomy":"product_cat","embeddable":true,"href":"https:\/\/www.malinashop.lt\/en\/wp-json\/wp\/v2\/product_cat?post=73718"},{"taxonomy":"product_tag","embeddable":true,"href":"https:\/\/www.malinashop.lt\/en\/wp-json\/wp\/v2\/product_tag?post=73718"}],"curies":[{"name":"wp","href":"https:\/\/api.w.org\/{rel}","templated":true}]}}