{"id":73701,"date":"2026-01-30T01:21:06","date_gmt":"2026-01-29T22:21:06","guid":{"rendered":"https:\/\/malinashop.lt\/?post_type=product&#038;p=73701"},"modified":"2026-04-07T22:18:16","modified_gmt":"2026-04-07T19:18:16","slug":"medb-lupu-kauke-floral-garden-peach-blossom-20-g","status":"publish","type":"product","link":"https:\/\/www.malinashop.lt\/en\/shop\/medb-lupu-kauke-floral-garden-peach-blossom-20-g\/","title":{"rendered":"MEDB l\u016bp\u0173 kauk\u0117 FLORAL GARDEN PEACH BLOSSOM, 20 g"},"content":{"rendered":"<p data-start=\"167\" data-end=\"486\"><strong data-start=\"167\" data-end=\"214\">MEDB l\u016bp\u0173 kauk\u0117 FLORAL GARDEN PEACH BLOSSOM<\/strong> \u2013 dr\u0117kinanti l\u016bp\u0173 prie\u017ei\u016bros priemon\u0117 su <strong data-start=\"256\" data-end=\"283\">persik\u0173 \u017eied\u0173 ekstraktu<\/strong>, skirta kasdieniam komfortui ir glotnumo poj\u016b\u010diui. Kauk\u0117 padeda palaikyti l\u016bp\u0173 dr\u0117gm\u0119, suteikia <strong data-start=\"380\" data-end=\"400\">\u0161velnumo, lygumo<\/strong> ir padeda i\u0161gauti nat\u016bralaus spindesio poj\u016bt\u012f, tod\u0117l l\u016bpos atrodo labiau pri\u017ei\u016br\u0117tos.<\/p>\n<p data-start=\"488\" data-end=\"671\">Priemon\u0119 patogu naudoti dviem b\u016bdais: dien\u0105 \u2013 kaip l\u016bp\u0173 balzam\u0105, kai norisi \u0161velnumo ir komforto, arba nakt\u012f \u2013 kaip intensyvesn\u0119 kauk\u0119, u\u017etepus gausesn\u012f sluoksn\u012f ir palikus per nakt\u012f.<\/p>\n<hr data-start=\"673\" data-end=\"676\" \/>\n<h3 data-start=\"678\" data-end=\"705\">Pagrindiniai privalumai<\/h3>\n<ul data-start=\"706\" data-end=\"963\">\n<li data-start=\"706\" data-end=\"753\">\n<p data-start=\"708\" data-end=\"753\"><strong data-start=\"708\" data-end=\"719\">Dr\u0117kina<\/strong> ir padeda palaikyti l\u016bp\u0173 dr\u0117gm\u0119<\/p>\n<\/li>\n<li data-start=\"754\" data-end=\"796\">\n<p data-start=\"756\" data-end=\"796\">Suteikia <strong data-start=\"765\" data-end=\"787\">\u0161velnumo ir lygumo<\/strong> poj\u016bt\u012f<\/p>\n<\/li>\n<li data-start=\"797\" data-end=\"856\">\n<p data-start=\"799\" data-end=\"856\"><strong data-start=\"799\" data-end=\"827\">Persik\u0173 \u017eied\u0173 ekstraktas<\/strong> \u2013 pri\u017ei\u016br\u0117t\u0173 l\u016bp\u0173 poj\u016b\u010diui<\/p>\n<\/li>\n<li data-start=\"857\" data-end=\"907\">\n<p data-start=\"859\" data-end=\"907\">Padeda i\u0161gauti <strong data-start=\"874\" data-end=\"898\">nat\u016bralaus spindesio<\/strong> poj\u016bt\u012f<\/p>\n<\/li>\n<li data-start=\"908\" data-end=\"963\">\n<p data-start=\"910\" data-end=\"963\">Tinka naudoti kaip <strong data-start=\"929\" data-end=\"940\">balzam\u0105<\/strong> arba <strong data-start=\"946\" data-end=\"963\">naktin\u0119 kauk\u0119<\/strong><\/p>\n<\/li>\n<\/ul>\n<hr data-start=\"965\" data-end=\"968\" \/>\n<h3 data-start=\"970\" data-end=\"984\">Naudojimas<\/h3>\n<p data-start=\"985\" data-end=\"1105\">Galima naudoti kaip l\u016bp\u0173 balzam\u0105 dienos metu arba kaip kauk\u0119 \u2013 u\u017etepkite gausesn\u012f priemon\u0117s kiek\u012f ir palikite per nakt\u012f.<\/p>\n","protected":false},"excerpt":{"rendered":"<p data-start=\"1422\" data-end=\"1545\">Dr\u0117kinanti l\u016bp\u0173 kauk\u0117 su persik\u0173 \u017eied\u0173 ekstraktu \u2013 padeda palaikyti dr\u0117gm\u0119, suteikia \u0161velnumo, lygumo ir nat\u016bralaus spindesio poj\u016bt\u012f, 20 g.<\/p>\n","protected":false},"featured_media":73702,"template":"","meta":[],"product_brand":[1544],"product_cat":[102,1352,728],"product_tag":[1609],"class_list":{"0":"post-73701","1":"product","2":"type-product","3":"status-publish","4":"has-post-thumbnail","6":"product_brand-medb","7":"product_cat-dekoratyvine-kosmetika","8":"product_cat-lupu-kaukes","9":"product_cat-veidui","10":"product_tag-medb","12":"first","13":"outofstock","14":"sale","15":"taxable","16":"shipping-taxable","17":"purchasable","18":"product-type-simple"},"yoast_head":"<!-- This site is optimized with the Yoast SEO plugin v27.4 - https:\/\/yoast.com\/product\/yoast-seo-wordpress\/ -->\n<title>MEDB l\u016bp\u0173 kauk\u0117 FLORAL GARDEN PEACH BLOSSOM, 20 g - MalinaShop.lt J\u016bs\u0173 sveikatai ir gro\u017eiui.<\/title>\n<meta name=\"description\" content=\"MEDB l\u016bp\u0173 kauk\u0117 FLORAL GARDEN PEACH BLOSSOM 20 g \u2013 dr\u0117kinanti priemon\u0117 su persik\u0173 \u017eied\u0173 ekstraktu. Naudokite dien\u0105 kaip balzam\u0105 arba nakt\u012f kaip kauk\u0119.\" \/>\n<meta name=\"robots\" content=\"index, follow, max-snippet:-1, max-image-preview:large, max-video-preview:-1\" \/>\n<link rel=\"canonical\" href=\"https:\/\/www.malinashop.lt\/en\/shop\/medb-lupu-kauke-floral-garden-peach-blossom-20-g\/\" \/>\n<meta property=\"og:locale\" content=\"en_GB\" \/>\n<meta property=\"og:type\" content=\"article\" \/>\n<meta property=\"og:title\" content=\"MEDB l\u016bp\u0173 kauk\u0117 FLORAL GARDEN PEACH BLOSSOM, 20 g - MalinaShop.lt J\u016bs\u0173 sveikatai ir gro\u017eiui.\" \/>\n<meta property=\"og:description\" content=\"MEDB l\u016bp\u0173 kauk\u0117 FLORAL GARDEN PEACH BLOSSOM 20 g \u2013 dr\u0117kinanti priemon\u0117 su persik\u0173 \u017eied\u0173 ekstraktu. Naudokite dien\u0105 kaip balzam\u0105 arba nakt\u012f kaip kauk\u0119.\" \/>\n<meta property=\"og:url\" content=\"https:\/\/www.malinashop.lt\/en\/shop\/medb-lupu-kauke-floral-garden-peach-blossom-20-g\/\" \/>\n<meta property=\"og:site_name\" content=\"MalinaShop.lt J\u016bs\u0173 sveikatai ir gro\u017eiui.\" \/>\n<meta property=\"article:modified_time\" content=\"2026-04-07T19:18:16+00:00\" \/>\n<meta property=\"og:image\" content=\"https:\/\/www.malinashop.lt\/wp-content\/uploads\/2026\/01\/MEDB-lupu-kauke-FLORAL-GARDEN-PEACH-BLOSSOM-20-g.webp\" \/>\n\t<meta property=\"og:image:width\" content=\"768\" \/>\n\t<meta property=\"og:image:height\" content=\"768\" \/>\n\t<meta property=\"og:image:type\" content=\"image\/webp\" \/>\n<meta name=\"twitter:card\" content=\"summary_large_image\" \/>\n<script type=\"application\/ld+json\" class=\"yoast-schema-graph\">{\"@context\":\"https:\\\/\\\/schema.org\",\"@graph\":[{\"@type\":\"WebPage\",\"@id\":\"https:\\\/\\\/www.malinashop.lt\\\/lt_lt\\\/shop\\\/medb-lupu-kauke-floral-garden-peach-blossom-20-g\\\/\",\"url\":\"https:\\\/\\\/www.malinashop.lt\\\/lt_lt\\\/shop\\\/medb-lupu-kauke-floral-garden-peach-blossom-20-g\\\/\",\"name\":\"MEDB l\u016bp\u0173 kauk\u0117 FLORAL GARDEN PEACH BLOSSOM, 20 g - MalinaShop.lt J\u016bs\u0173 sveikatai ir gro\u017eiui.\",\"isPartOf\":{\"@id\":\"https:\\\/\\\/www.malinashop.lt\\\/#website\"},\"primaryImageOfPage\":{\"@id\":\"https:\\\/\\\/www.malinashop.lt\\\/lt_lt\\\/shop\\\/medb-lupu-kauke-floral-garden-peach-blossom-20-g\\\/#primaryimage\"},\"image\":{\"@id\":\"https:\\\/\\\/www.malinashop.lt\\\/lt_lt\\\/shop\\\/medb-lupu-kauke-floral-garden-peach-blossom-20-g\\\/#primaryimage\"},\"thumbnailUrl\":\"https:\\\/\\\/www.malinashop.lt\\\/wp-content\\\/uploads\\\/2026\\\/01\\\/MEDB-lupu-kauke-FLORAL-GARDEN-PEACH-BLOSSOM-20-g.webp\",\"datePublished\":\"2026-01-29T22:21:06+00:00\",\"dateModified\":\"2026-04-07T19:18:16+00:00\",\"description\":\"MEDB l\u016bp\u0173 kauk\u0117 FLORAL GARDEN PEACH BLOSSOM 20 g \u2013 dr\u0117kinanti priemon\u0117 su persik\u0173 \u017eied\u0173 ekstraktu. Naudokite dien\u0105 kaip balzam\u0105 arba nakt\u012f kaip kauk\u0119.\",\"breadcrumb\":{\"@id\":\"https:\\\/\\\/www.malinashop.lt\\\/lt_lt\\\/shop\\\/medb-lupu-kauke-floral-garden-peach-blossom-20-g\\\/#breadcrumb\"},\"inLanguage\":\"en-GB\",\"potentialAction\":[{\"@type\":\"ReadAction\",\"target\":[\"https:\\\/\\\/www.malinashop.lt\\\/lt_lt\\\/shop\\\/medb-lupu-kauke-floral-garden-peach-blossom-20-g\\\/\"]}]},{\"@type\":\"ImageObject\",\"inLanguage\":\"en-GB\",\"@id\":\"https:\\\/\\\/www.malinashop.lt\\\/lt_lt\\\/shop\\\/medb-lupu-kauke-floral-garden-peach-blossom-20-g\\\/#primaryimage\",\"url\":\"https:\\\/\\\/www.malinashop.lt\\\/wp-content\\\/uploads\\\/2026\\\/01\\\/MEDB-lupu-kauke-FLORAL-GARDEN-PEACH-BLOSSOM-20-g.webp\",\"contentUrl\":\"https:\\\/\\\/www.malinashop.lt\\\/wp-content\\\/uploads\\\/2026\\\/01\\\/MEDB-lupu-kauke-FLORAL-GARDEN-PEACH-BLOSSOM-20-g.webp\",\"width\":768,\"height\":768},{\"@type\":\"BreadcrumbList\",\"@id\":\"https:\\\/\\\/www.malinashop.lt\\\/lt_lt\\\/shop\\\/medb-lupu-kauke-floral-garden-peach-blossom-20-g\\\/#breadcrumb\",\"itemListElement\":[{\"@type\":\"ListItem\",\"position\":1,\"name\":\"Pagrindinis\",\"item\":\"https:\\\/\\\/www.malinashop.lt\\\/\"},{\"@type\":\"ListItem\",\"position\":2,\"name\":\"Parduotuv\u0117\",\"item\":\"https:\\\/\\\/www.malinashop.lt\\\/en\\\/parduotuve\\\/\"},{\"@type\":\"ListItem\",\"position\":3,\"name\":\"MEDB l\u016bp\u0173 kauk\u0117 FLORAL GARDEN PEACH BLOSSOM, 20 g\"}]},{\"@type\":\"WebSite\",\"@id\":\"https:\\\/\\\/www.malinashop.lt\\\/#website\",\"url\":\"https:\\\/\\\/www.malinashop.lt\\\/\",\"name\":\"COM Group Ecommerce\",\"description\":\"MalinaShop.lt - Gro\u017eio ir sveikatos produktai i\u0161 patikim\u0173 preki\u0173 \u017eenkl\u0173. Atraskite auk\u0161tos kokyb\u0117s kosmetik\u0105 u\u017e puiki\u0105 kain\u0105.\",\"publisher\":{\"@id\":\"https:\\\/\\\/www.malinashop.lt\\\/#organization\"},\"potentialAction\":[{\"@type\":\"SearchAction\",\"target\":{\"@type\":\"EntryPoint\",\"urlTemplate\":\"https:\\\/\\\/www.malinashop.lt\\\/?s={search_term_string}\"},\"query-input\":{\"@type\":\"PropertyValueSpecification\",\"valueRequired\":true,\"valueName\":\"search_term_string\"}}],\"inLanguage\":\"en-GB\"},{\"@type\":\"Organization\",\"@id\":\"https:\\\/\\\/www.malinashop.lt\\\/#organization\",\"name\":\"COM Group Ecommerce\",\"url\":\"https:\\\/\\\/www.malinashop.lt\\\/\",\"logo\":{\"@type\":\"ImageObject\",\"inLanguage\":\"en-GB\",\"@id\":\"https:\\\/\\\/www.malinashop.lt\\\/#\\\/schema\\\/logo\\\/image\\\/\",\"url\":\"https:\\\/\\\/www.malinashop.lt\\\/wp-content\\\/uploads\\\/2024\\\/08\\\/462559670_3787732518133670_9795632669273463_n-e1731525914575.png\",\"contentUrl\":\"https:\\\/\\\/www.malinashop.lt\\\/wp-content\\\/uploads\\\/2024\\\/08\\\/462559670_3787732518133670_9795632669273463_n-e1731525914575.png\",\"width\":180,\"height\":60,\"caption\":\"COM Group Ecommerce\"},\"image\":{\"@id\":\"https:\\\/\\\/www.malinashop.lt\\\/#\\\/schema\\\/logo\\\/image\\\/\"}}]}<\/script>\n<!-- \/ Yoast SEO plugin. -->","yoast_head_json":{"title":"MEDB l\u016bp\u0173 kauk\u0117 FLORAL GARDEN PEACH BLOSSOM, 20 g - MalinaShop.lt J\u016bs\u0173 sveikatai ir gro\u017eiui.","description":"MEDB l\u016bp\u0173 kauk\u0117 FLORAL GARDEN PEACH BLOSSOM 20 g \u2013 dr\u0117kinanti priemon\u0117 su persik\u0173 \u017eied\u0173 ekstraktu. Naudokite dien\u0105 kaip balzam\u0105 arba nakt\u012f kaip kauk\u0119.","robots":{"index":"index","follow":"follow","max-snippet":"max-snippet:-1","max-image-preview":"max-image-preview:large","max-video-preview":"max-video-preview:-1"},"canonical":"https:\/\/www.malinashop.lt\/en\/shop\/medb-lupu-kauke-floral-garden-peach-blossom-20-g\/","og_locale":"en_GB","og_type":"article","og_title":"MEDB l\u016bp\u0173 kauk\u0117 FLORAL GARDEN PEACH BLOSSOM, 20 g - MalinaShop.lt J\u016bs\u0173 sveikatai ir gro\u017eiui.","og_description":"MEDB l\u016bp\u0173 kauk\u0117 FLORAL GARDEN PEACH BLOSSOM 20 g \u2013 dr\u0117kinanti priemon\u0117 su persik\u0173 \u017eied\u0173 ekstraktu. Naudokite dien\u0105 kaip balzam\u0105 arba nakt\u012f kaip kauk\u0119.","og_url":"https:\/\/www.malinashop.lt\/en\/shop\/medb-lupu-kauke-floral-garden-peach-blossom-20-g\/","og_site_name":"MalinaShop.lt J\u016bs\u0173 sveikatai ir gro\u017eiui.","article_modified_time":"2026-04-07T19:18:16+00:00","og_image":[{"width":768,"height":768,"url":"https:\/\/www.malinashop.lt\/wp-content\/uploads\/2026\/01\/MEDB-lupu-kauke-FLORAL-GARDEN-PEACH-BLOSSOM-20-g.webp","type":"image\/webp"}],"twitter_card":"summary_large_image","schema":{"@context":"https:\/\/schema.org","@graph":[{"@type":"WebPage","@id":"https:\/\/www.malinashop.lt\/lt_lt\/shop\/medb-lupu-kauke-floral-garden-peach-blossom-20-g\/","url":"https:\/\/www.malinashop.lt\/lt_lt\/shop\/medb-lupu-kauke-floral-garden-peach-blossom-20-g\/","name":"MEDB l\u016bp\u0173 kauk\u0117 FLORAL GARDEN PEACH BLOSSOM, 20 g - MalinaShop.lt J\u016bs\u0173 sveikatai ir gro\u017eiui.","isPartOf":{"@id":"https:\/\/www.malinashop.lt\/#website"},"primaryImageOfPage":{"@id":"https:\/\/www.malinashop.lt\/lt_lt\/shop\/medb-lupu-kauke-floral-garden-peach-blossom-20-g\/#primaryimage"},"image":{"@id":"https:\/\/www.malinashop.lt\/lt_lt\/shop\/medb-lupu-kauke-floral-garden-peach-blossom-20-g\/#primaryimage"},"thumbnailUrl":"https:\/\/www.malinashop.lt\/wp-content\/uploads\/2026\/01\/MEDB-lupu-kauke-FLORAL-GARDEN-PEACH-BLOSSOM-20-g.webp","datePublished":"2026-01-29T22:21:06+00:00","dateModified":"2026-04-07T19:18:16+00:00","description":"MEDB l\u016bp\u0173 kauk\u0117 FLORAL GARDEN PEACH BLOSSOM 20 g \u2013 dr\u0117kinanti priemon\u0117 su persik\u0173 \u017eied\u0173 ekstraktu. Naudokite dien\u0105 kaip balzam\u0105 arba nakt\u012f kaip kauk\u0119.","breadcrumb":{"@id":"https:\/\/www.malinashop.lt\/lt_lt\/shop\/medb-lupu-kauke-floral-garden-peach-blossom-20-g\/#breadcrumb"},"inLanguage":"en-GB","potentialAction":[{"@type":"ReadAction","target":["https:\/\/www.malinashop.lt\/lt_lt\/shop\/medb-lupu-kauke-floral-garden-peach-blossom-20-g\/"]}]},{"@type":"ImageObject","inLanguage":"en-GB","@id":"https:\/\/www.malinashop.lt\/lt_lt\/shop\/medb-lupu-kauke-floral-garden-peach-blossom-20-g\/#primaryimage","url":"https:\/\/www.malinashop.lt\/wp-content\/uploads\/2026\/01\/MEDB-lupu-kauke-FLORAL-GARDEN-PEACH-BLOSSOM-20-g.webp","contentUrl":"https:\/\/www.malinashop.lt\/wp-content\/uploads\/2026\/01\/MEDB-lupu-kauke-FLORAL-GARDEN-PEACH-BLOSSOM-20-g.webp","width":768,"height":768},{"@type":"BreadcrumbList","@id":"https:\/\/www.malinashop.lt\/lt_lt\/shop\/medb-lupu-kauke-floral-garden-peach-blossom-20-g\/#breadcrumb","itemListElement":[{"@type":"ListItem","position":1,"name":"Pagrindinis","item":"https:\/\/www.malinashop.lt\/"},{"@type":"ListItem","position":2,"name":"Parduotuv\u0117","item":"https:\/\/www.malinashop.lt\/en\/parduotuve\/"},{"@type":"ListItem","position":3,"name":"MEDB l\u016bp\u0173 kauk\u0117 FLORAL GARDEN PEACH BLOSSOM, 20 g"}]},{"@type":"WebSite","@id":"https:\/\/www.malinashop.lt\/#website","url":"https:\/\/www.malinashop.lt\/","name":"COM Group Ecommerce","description":"MalinaShop.lt - Gro\u017eio ir sveikatos produktai i\u0161 patikim\u0173 preki\u0173 \u017eenkl\u0173. Atraskite auk\u0161tos kokyb\u0117s kosmetik\u0105 u\u017e puiki\u0105 kain\u0105.","publisher":{"@id":"https:\/\/www.malinashop.lt\/#organization"},"potentialAction":[{"@type":"SearchAction","target":{"@type":"EntryPoint","urlTemplate":"https:\/\/www.malinashop.lt\/?s={search_term_string}"},"query-input":{"@type":"PropertyValueSpecification","valueRequired":true,"valueName":"search_term_string"}}],"inLanguage":"en-GB"},{"@type":"Organization","@id":"https:\/\/www.malinashop.lt\/#organization","name":"COM Group Ecommerce","url":"https:\/\/www.malinashop.lt\/","logo":{"@type":"ImageObject","inLanguage":"en-GB","@id":"https:\/\/www.malinashop.lt\/#\/schema\/logo\/image\/","url":"https:\/\/www.malinashop.lt\/wp-content\/uploads\/2024\/08\/462559670_3787732518133670_9795632669273463_n-e1731525914575.png","contentUrl":"https:\/\/www.malinashop.lt\/wp-content\/uploads\/2024\/08\/462559670_3787732518133670_9795632669273463_n-e1731525914575.png","width":180,"height":60,"caption":"COM Group Ecommerce"},"image":{"@id":"https:\/\/www.malinashop.lt\/#\/schema\/logo\/image\/"}}]}},"jetpack_sharing_enabled":true,"_links":{"self":[{"href":"https:\/\/www.malinashop.lt\/en\/wp-json\/wp\/v2\/product\/73701","targetHints":{"allow":["GET"]}}],"collection":[{"href":"https:\/\/www.malinashop.lt\/en\/wp-json\/wp\/v2\/product"}],"about":[{"href":"https:\/\/www.malinashop.lt\/en\/wp-json\/wp\/v2\/types\/product"}],"version-history":[{"count":1,"href":"https:\/\/www.malinashop.lt\/en\/wp-json\/wp\/v2\/product\/73701\/revisions"}],"predecessor-version":[{"id":73703,"href":"https:\/\/www.malinashop.lt\/en\/wp-json\/wp\/v2\/product\/73701\/revisions\/73703"}],"wp:featuredmedia":[{"embeddable":true,"href":"https:\/\/www.malinashop.lt\/en\/wp-json\/wp\/v2\/media\/73702"}],"wp:attachment":[{"href":"https:\/\/www.malinashop.lt\/en\/wp-json\/wp\/v2\/media?parent=73701"}],"wp:term":[{"taxonomy":"product_brand","embeddable":true,"href":"https:\/\/www.malinashop.lt\/en\/wp-json\/wp\/v2\/product_brand?post=73701"},{"taxonomy":"product_cat","embeddable":true,"href":"https:\/\/www.malinashop.lt\/en\/wp-json\/wp\/v2\/product_cat?post=73701"},{"taxonomy":"product_tag","embeddable":true,"href":"https:\/\/www.malinashop.lt\/en\/wp-json\/wp\/v2\/product_tag?post=73701"}],"curies":[{"name":"wp","href":"https:\/\/api.w.org\/{rel}","templated":true}]}}