{"id":73686,"date":"2026-01-30T01:13:33","date_gmt":"2026-01-29T22:13:33","guid":{"rendered":"https:\/\/malinashop.lt\/?post_type=product&#038;p=73686"},"modified":"2026-04-07T22:18:18","modified_gmt":"2026-04-07T19:18:18","slug":"medb-paakiu-pagalveles-su-juodaja-arbata-detoksikuojanciam-poveikio-pojuciui-60-vnt","status":"publish","type":"product","link":"https:\/\/www.malinashop.lt\/en\/shop\/medb-paakiu-pagalveles-su-juodaja-arbata-detoksikuojanciam-poveikio-pojuciui-60-vnt\/","title":{"rendered":"MEDB paaki\u0173 pagalv\u0117l\u0117s su juod\u0105ja arbata detoksikuojan\u010diam poveikio poj\u016b\u010diui, 60 vnt"},"content":{"rendered":"<p data-start=\"202\" data-end=\"490\"><strong data-start=\"202\" data-end=\"264\">MEDB detoksikuojan\u010dios paaki\u0173 pagalv\u0117l\u0117s su juod\u0105ja arbata<\/strong> \u2013 patogios paaki\u0173 pagalv\u0117l\u0117s, skirtos odos <strong data-start=\"308\" data-end=\"322\">dr\u0117kinimui<\/strong> ir <strong data-start=\"326\" data-end=\"347\">komforto poj\u016b\u010diui<\/strong> aplink akis. Puikus pasirinkimas, kai norisi greitai atgaivinti paaki\u0173 zon\u0105, suteikti \u0161velnumo ir pri\u017ei\u016br\u0117tos odos poj\u016bt\u012f kasdien\u0117je rutinoje.<\/p>\n<p data-start=\"492\" data-end=\"883\">Sud\u0117tyje esantis <strong data-start=\"509\" data-end=\"523\">glicerinas<\/strong> padeda palaikyti odos dr\u0117gm\u0119, o <strong data-start=\"556\" data-end=\"578\">dumbli\u0173 ekstraktas<\/strong> sukuria pl\u0117vel\u0119, galin\u010di\u0105 suma\u017einti dr\u0117gm\u0117s praradim\u0105 ir sustiprinti komforto poj\u016bt\u012f. Formul\u0119 papildo <strong data-start=\"681\" data-end=\"699\">eukalipt\u0173 lap\u0173<\/strong> ir <strong data-start=\"703\" data-end=\"735\">\u017ealiosios arbatos ekstraktai<\/strong>, kurie praturtina prie\u017ei\u016br\u0105 ir padeda odai jaustis \u0161velnesnei. Tinka naudoti kasdien, kai norisi gaivesnio, labiau sudr\u0117kinto paaki\u0173 zonos poj\u016b\u010dio.<\/p>\n<hr data-start=\"885\" data-end=\"888\" \/>\n<h3 data-start=\"890\" data-end=\"917\">Pagrindiniai privalumai<\/h3>\n<ul data-start=\"918\" data-end=\"1206\">\n<li data-start=\"918\" data-end=\"970\">\n<p data-start=\"920\" data-end=\"970\">Skirtos <strong data-start=\"928\" data-end=\"955\">paaki\u0173 zonos dr\u0117kinimui<\/strong> ir komfortui<\/p>\n<\/li>\n<li data-start=\"971\" data-end=\"1020\">\n<p data-start=\"973\" data-end=\"1020\"><strong data-start=\"973\" data-end=\"987\">Glicerinas<\/strong> \u2013 padeda palaikyti odos dr\u0117gm\u0119<\/p>\n<\/li>\n<li data-start=\"1021\" data-end=\"1087\">\n<p data-start=\"1023\" data-end=\"1087\"><strong data-start=\"1023\" data-end=\"1045\">Dumbli\u0173 ekstraktas<\/strong> \u2013 gali pad\u0117ti ma\u017einti dr\u0117gm\u0117s praradim\u0105<\/p>\n<\/li>\n<li data-start=\"1088\" data-end=\"1172\">\n<p data-start=\"1090\" data-end=\"1172\"><strong data-start=\"1090\" data-end=\"1140\">\u017daliosios arbatos ir eukalipt\u0173 lap\u0173 ekstraktai<\/strong> \u2013 \u0161velnumo ir gaivos poj\u016b\u010diui<\/p>\n<\/li>\n<li data-start=\"1173\" data-end=\"1206\">\n<p data-start=\"1175\" data-end=\"1206\">Tinka <strong data-start=\"1181\" data-end=\"1206\">kasdieniam naudojimui<\/strong><\/p>\n<\/li>\n<\/ul>\n<hr data-start=\"1208\" data-end=\"1211\" \/>\n<h3 data-start=\"1213\" data-end=\"1227\">Naudojimas<\/h3>\n<p data-start=\"1228\" data-end=\"1394\">U\u017ed\u0117kite paaki\u0173 pagalv\u0117les ant <strong data-start=\"1259\" data-end=\"1275\">\u0161varios odos<\/strong> ir palaikykite <strong data-start=\"1291\" data-end=\"1308\">20\u201330 minu\u010di\u0173<\/strong>. Priemon\u0117s pertekli\u0173 \u0161velniais judesiais \u012fmasa\u017euokite \u012f od\u0105. <strong data-start=\"1370\" data-end=\"1394\">Nereikia nuskalauti.<\/strong><\/p>\n","protected":false},"excerpt":{"rendered":"<p data-start=\"1422\" data-end=\"1545\">Detoksikuojan\u010dios paaki\u0173 pagalv\u0117l\u0117s su juod\u0105ja arbata \u2013 dr\u0117kina, suteikia komforto ir \u0161velnumo poj\u016bt\u012f paaki\u0173 zonai, 60 vnt.<\/p>\n","protected":false},"featured_media":73687,"template":"","meta":[],"product_brand":[1544],"product_cat":[549,728],"product_tag":[1609],"class_list":{"0":"post-73686","1":"product","2":"type-product","3":"status-publish","4":"has-post-thumbnail","6":"product_brand-medb","7":"product_cat-paakiu-prieziuros-priemones","8":"product_cat-veidui","9":"product_tag-medb","11":"first","12":"instock","13":"sale","14":"taxable","15":"shipping-taxable","16":"purchasable","17":"product-type-simple"},"yoast_head":"<!-- This site is optimized with the Yoast SEO plugin v27.4 - https:\/\/yoast.com\/product\/yoast-seo-wordpress\/ -->\n<title>MEDB paaki\u0173 pagalv\u0117l\u0117s su juod\u0105ja arbata detoksikuojan\u010diam poveikio poj\u016b\u010diui, 60 vnt - MalinaShop.lt J\u016bs\u0173 sveikatai ir gro\u017eiui.<\/title>\n<meta name=\"description\" content=\"MEDB detoksikuojan\u010dios paaki\u0173 pagalv\u0117l\u0117s su juod\u0105ja arbata 60 vnt \u2013 skirtos dr\u0117kinimui ir komfortui aplink akis. Naudokite 20\u201330 min., nuskalauti nereikia.\" \/>\n<meta name=\"robots\" content=\"index, follow, max-snippet:-1, max-image-preview:large, max-video-preview:-1\" \/>\n<link rel=\"canonical\" href=\"https:\/\/www.malinashop.lt\/en\/shop\/medb-paakiu-pagalveles-su-juodaja-arbata-detoksikuojanciam-poveikio-pojuciui-60-vnt\/\" \/>\n<meta property=\"og:locale\" content=\"en_GB\" \/>\n<meta property=\"og:type\" content=\"article\" \/>\n<meta property=\"og:title\" content=\"MEDB paaki\u0173 pagalv\u0117l\u0117s su juod\u0105ja arbata detoksikuojan\u010diam poveikio poj\u016b\u010diui, 60 vnt - MalinaShop.lt J\u016bs\u0173 sveikatai ir gro\u017eiui.\" \/>\n<meta property=\"og:description\" content=\"MEDB detoksikuojan\u010dios paaki\u0173 pagalv\u0117l\u0117s su juod\u0105ja arbata 60 vnt \u2013 skirtos dr\u0117kinimui ir komfortui aplink akis. Naudokite 20\u201330 min., nuskalauti nereikia.\" \/>\n<meta property=\"og:url\" content=\"https:\/\/www.malinashop.lt\/en\/shop\/medb-paakiu-pagalveles-su-juodaja-arbata-detoksikuojanciam-poveikio-pojuciui-60-vnt\/\" \/>\n<meta property=\"og:site_name\" content=\"MalinaShop.lt J\u016bs\u0173 sveikatai ir gro\u017eiui.\" \/>\n<meta property=\"article:modified_time\" content=\"2026-04-07T19:18:18+00:00\" \/>\n<meta property=\"og:image\" content=\"https:\/\/www.malinashop.lt\/wp-content\/uploads\/2026\/01\/MEDB-paakiu-pagalveles-su-juodaja-arbata-detoksikuojanciam-poveikio-pojuciui-60-vnt.webp\" \/>\n\t<meta property=\"og:image:width\" content=\"768\" \/>\n\t<meta property=\"og:image:height\" content=\"768\" \/>\n\t<meta property=\"og:image:type\" content=\"image\/webp\" \/>\n<meta name=\"twitter:card\" content=\"summary_large_image\" \/>\n<script type=\"application\/ld+json\" class=\"yoast-schema-graph\">{\"@context\":\"https:\\\/\\\/schema.org\",\"@graph\":[{\"@type\":\"WebPage\",\"@id\":\"https:\\\/\\\/www.malinashop.lt\\\/lt_lt\\\/shop\\\/medb-paakiu-pagalveles-su-juodaja-arbata-detoksikuojanciam-poveikio-pojuciui-60-vnt\\\/\",\"url\":\"https:\\\/\\\/www.malinashop.lt\\\/lt_lt\\\/shop\\\/medb-paakiu-pagalveles-su-juodaja-arbata-detoksikuojanciam-poveikio-pojuciui-60-vnt\\\/\",\"name\":\"MEDB paaki\u0173 pagalv\u0117l\u0117s su juod\u0105ja arbata detoksikuojan\u010diam poveikio poj\u016b\u010diui, 60 vnt - MalinaShop.lt J\u016bs\u0173 sveikatai ir gro\u017eiui.\",\"isPartOf\":{\"@id\":\"https:\\\/\\\/www.malinashop.lt\\\/#website\"},\"primaryImageOfPage\":{\"@id\":\"https:\\\/\\\/www.malinashop.lt\\\/lt_lt\\\/shop\\\/medb-paakiu-pagalveles-su-juodaja-arbata-detoksikuojanciam-poveikio-pojuciui-60-vnt\\\/#primaryimage\"},\"image\":{\"@id\":\"https:\\\/\\\/www.malinashop.lt\\\/lt_lt\\\/shop\\\/medb-paakiu-pagalveles-su-juodaja-arbata-detoksikuojanciam-poveikio-pojuciui-60-vnt\\\/#primaryimage\"},\"thumbnailUrl\":\"https:\\\/\\\/www.malinashop.lt\\\/wp-content\\\/uploads\\\/2026\\\/01\\\/MEDB-paakiu-pagalveles-su-juodaja-arbata-detoksikuojanciam-poveikio-pojuciui-60-vnt.webp\",\"datePublished\":\"2026-01-29T22:13:33+00:00\",\"dateModified\":\"2026-04-07T19:18:18+00:00\",\"description\":\"MEDB detoksikuojan\u010dios paaki\u0173 pagalv\u0117l\u0117s su juod\u0105ja arbata 60 vnt \u2013 skirtos dr\u0117kinimui ir komfortui aplink akis. Naudokite 20\u201330 min., nuskalauti nereikia.\",\"breadcrumb\":{\"@id\":\"https:\\\/\\\/www.malinashop.lt\\\/lt_lt\\\/shop\\\/medb-paakiu-pagalveles-su-juodaja-arbata-detoksikuojanciam-poveikio-pojuciui-60-vnt\\\/#breadcrumb\"},\"inLanguage\":\"en-GB\",\"potentialAction\":[{\"@type\":\"ReadAction\",\"target\":[\"https:\\\/\\\/www.malinashop.lt\\\/lt_lt\\\/shop\\\/medb-paakiu-pagalveles-su-juodaja-arbata-detoksikuojanciam-poveikio-pojuciui-60-vnt\\\/\"]}]},{\"@type\":\"ImageObject\",\"inLanguage\":\"en-GB\",\"@id\":\"https:\\\/\\\/www.malinashop.lt\\\/lt_lt\\\/shop\\\/medb-paakiu-pagalveles-su-juodaja-arbata-detoksikuojanciam-poveikio-pojuciui-60-vnt\\\/#primaryimage\",\"url\":\"https:\\\/\\\/www.malinashop.lt\\\/wp-content\\\/uploads\\\/2026\\\/01\\\/MEDB-paakiu-pagalveles-su-juodaja-arbata-detoksikuojanciam-poveikio-pojuciui-60-vnt.webp\",\"contentUrl\":\"https:\\\/\\\/www.malinashop.lt\\\/wp-content\\\/uploads\\\/2026\\\/01\\\/MEDB-paakiu-pagalveles-su-juodaja-arbata-detoksikuojanciam-poveikio-pojuciui-60-vnt.webp\",\"width\":768,\"height\":768},{\"@type\":\"BreadcrumbList\",\"@id\":\"https:\\\/\\\/www.malinashop.lt\\\/lt_lt\\\/shop\\\/medb-paakiu-pagalveles-su-juodaja-arbata-detoksikuojanciam-poveikio-pojuciui-60-vnt\\\/#breadcrumb\",\"itemListElement\":[{\"@type\":\"ListItem\",\"position\":1,\"name\":\"Pagrindinis\",\"item\":\"https:\\\/\\\/www.malinashop.lt\\\/\"},{\"@type\":\"ListItem\",\"position\":2,\"name\":\"Parduotuv\u0117\",\"item\":\"https:\\\/\\\/www.malinashop.lt\\\/en\\\/parduotuve\\\/\"},{\"@type\":\"ListItem\",\"position\":3,\"name\":\"MEDB paaki\u0173 pagalv\u0117l\u0117s su juod\u0105ja arbata detoksikuojan\u010diam poveikio poj\u016b\u010diui, 60 vnt\"}]},{\"@type\":\"WebSite\",\"@id\":\"https:\\\/\\\/www.malinashop.lt\\\/#website\",\"url\":\"https:\\\/\\\/www.malinashop.lt\\\/\",\"name\":\"COM Group Ecommerce\",\"description\":\"MalinaShop.lt - Gro\u017eio ir sveikatos produktai i\u0161 patikim\u0173 preki\u0173 \u017eenkl\u0173. Atraskite auk\u0161tos kokyb\u0117s kosmetik\u0105 u\u017e puiki\u0105 kain\u0105.\",\"publisher\":{\"@id\":\"https:\\\/\\\/www.malinashop.lt\\\/#organization\"},\"potentialAction\":[{\"@type\":\"SearchAction\",\"target\":{\"@type\":\"EntryPoint\",\"urlTemplate\":\"https:\\\/\\\/www.malinashop.lt\\\/?s={search_term_string}\"},\"query-input\":{\"@type\":\"PropertyValueSpecification\",\"valueRequired\":true,\"valueName\":\"search_term_string\"}}],\"inLanguage\":\"en-GB\"},{\"@type\":\"Organization\",\"@id\":\"https:\\\/\\\/www.malinashop.lt\\\/#organization\",\"name\":\"COM Group Ecommerce\",\"url\":\"https:\\\/\\\/www.malinashop.lt\\\/\",\"logo\":{\"@type\":\"ImageObject\",\"inLanguage\":\"en-GB\",\"@id\":\"https:\\\/\\\/www.malinashop.lt\\\/#\\\/schema\\\/logo\\\/image\\\/\",\"url\":\"https:\\\/\\\/www.malinashop.lt\\\/wp-content\\\/uploads\\\/2024\\\/08\\\/462559670_3787732518133670_9795632669273463_n-e1731525914575.png\",\"contentUrl\":\"https:\\\/\\\/www.malinashop.lt\\\/wp-content\\\/uploads\\\/2024\\\/08\\\/462559670_3787732518133670_9795632669273463_n-e1731525914575.png\",\"width\":180,\"height\":60,\"caption\":\"COM Group Ecommerce\"},\"image\":{\"@id\":\"https:\\\/\\\/www.malinashop.lt\\\/#\\\/schema\\\/logo\\\/image\\\/\"}}]}<\/script>\n<!-- \/ Yoast SEO plugin. -->","yoast_head_json":{"title":"MEDB paaki\u0173 pagalv\u0117l\u0117s su juod\u0105ja arbata detoksikuojan\u010diam poveikio poj\u016b\u010diui, 60 vnt - MalinaShop.lt J\u016bs\u0173 sveikatai ir gro\u017eiui.","description":"MEDB detoksikuojan\u010dios paaki\u0173 pagalv\u0117l\u0117s su juod\u0105ja arbata 60 vnt \u2013 skirtos dr\u0117kinimui ir komfortui aplink akis. Naudokite 20\u201330 min., nuskalauti nereikia.","robots":{"index":"index","follow":"follow","max-snippet":"max-snippet:-1","max-image-preview":"max-image-preview:large","max-video-preview":"max-video-preview:-1"},"canonical":"https:\/\/www.malinashop.lt\/en\/shop\/medb-paakiu-pagalveles-su-juodaja-arbata-detoksikuojanciam-poveikio-pojuciui-60-vnt\/","og_locale":"en_GB","og_type":"article","og_title":"MEDB paaki\u0173 pagalv\u0117l\u0117s su juod\u0105ja arbata detoksikuojan\u010diam poveikio poj\u016b\u010diui, 60 vnt - MalinaShop.lt J\u016bs\u0173 sveikatai ir gro\u017eiui.","og_description":"MEDB detoksikuojan\u010dios paaki\u0173 pagalv\u0117l\u0117s su juod\u0105ja arbata 60 vnt \u2013 skirtos dr\u0117kinimui ir komfortui aplink akis. Naudokite 20\u201330 min., nuskalauti nereikia.","og_url":"https:\/\/www.malinashop.lt\/en\/shop\/medb-paakiu-pagalveles-su-juodaja-arbata-detoksikuojanciam-poveikio-pojuciui-60-vnt\/","og_site_name":"MalinaShop.lt J\u016bs\u0173 sveikatai ir gro\u017eiui.","article_modified_time":"2026-04-07T19:18:18+00:00","og_image":[{"width":768,"height":768,"url":"https:\/\/www.malinashop.lt\/wp-content\/uploads\/2026\/01\/MEDB-paakiu-pagalveles-su-juodaja-arbata-detoksikuojanciam-poveikio-pojuciui-60-vnt.webp","type":"image\/webp"}],"twitter_card":"summary_large_image","schema":{"@context":"https:\/\/schema.org","@graph":[{"@type":"WebPage","@id":"https:\/\/www.malinashop.lt\/lt_lt\/shop\/medb-paakiu-pagalveles-su-juodaja-arbata-detoksikuojanciam-poveikio-pojuciui-60-vnt\/","url":"https:\/\/www.malinashop.lt\/lt_lt\/shop\/medb-paakiu-pagalveles-su-juodaja-arbata-detoksikuojanciam-poveikio-pojuciui-60-vnt\/","name":"MEDB paaki\u0173 pagalv\u0117l\u0117s su juod\u0105ja arbata detoksikuojan\u010diam poveikio poj\u016b\u010diui, 60 vnt - MalinaShop.lt J\u016bs\u0173 sveikatai ir gro\u017eiui.","isPartOf":{"@id":"https:\/\/www.malinashop.lt\/#website"},"primaryImageOfPage":{"@id":"https:\/\/www.malinashop.lt\/lt_lt\/shop\/medb-paakiu-pagalveles-su-juodaja-arbata-detoksikuojanciam-poveikio-pojuciui-60-vnt\/#primaryimage"},"image":{"@id":"https:\/\/www.malinashop.lt\/lt_lt\/shop\/medb-paakiu-pagalveles-su-juodaja-arbata-detoksikuojanciam-poveikio-pojuciui-60-vnt\/#primaryimage"},"thumbnailUrl":"https:\/\/www.malinashop.lt\/wp-content\/uploads\/2026\/01\/MEDB-paakiu-pagalveles-su-juodaja-arbata-detoksikuojanciam-poveikio-pojuciui-60-vnt.webp","datePublished":"2026-01-29T22:13:33+00:00","dateModified":"2026-04-07T19:18:18+00:00","description":"MEDB detoksikuojan\u010dios paaki\u0173 pagalv\u0117l\u0117s su juod\u0105ja arbata 60 vnt \u2013 skirtos dr\u0117kinimui ir komfortui aplink akis. Naudokite 20\u201330 min., nuskalauti nereikia.","breadcrumb":{"@id":"https:\/\/www.malinashop.lt\/lt_lt\/shop\/medb-paakiu-pagalveles-su-juodaja-arbata-detoksikuojanciam-poveikio-pojuciui-60-vnt\/#breadcrumb"},"inLanguage":"en-GB","potentialAction":[{"@type":"ReadAction","target":["https:\/\/www.malinashop.lt\/lt_lt\/shop\/medb-paakiu-pagalveles-su-juodaja-arbata-detoksikuojanciam-poveikio-pojuciui-60-vnt\/"]}]},{"@type":"ImageObject","inLanguage":"en-GB","@id":"https:\/\/www.malinashop.lt\/lt_lt\/shop\/medb-paakiu-pagalveles-su-juodaja-arbata-detoksikuojanciam-poveikio-pojuciui-60-vnt\/#primaryimage","url":"https:\/\/www.malinashop.lt\/wp-content\/uploads\/2026\/01\/MEDB-paakiu-pagalveles-su-juodaja-arbata-detoksikuojanciam-poveikio-pojuciui-60-vnt.webp","contentUrl":"https:\/\/www.malinashop.lt\/wp-content\/uploads\/2026\/01\/MEDB-paakiu-pagalveles-su-juodaja-arbata-detoksikuojanciam-poveikio-pojuciui-60-vnt.webp","width":768,"height":768},{"@type":"BreadcrumbList","@id":"https:\/\/www.malinashop.lt\/lt_lt\/shop\/medb-paakiu-pagalveles-su-juodaja-arbata-detoksikuojanciam-poveikio-pojuciui-60-vnt\/#breadcrumb","itemListElement":[{"@type":"ListItem","position":1,"name":"Pagrindinis","item":"https:\/\/www.malinashop.lt\/"},{"@type":"ListItem","position":2,"name":"Parduotuv\u0117","item":"https:\/\/www.malinashop.lt\/en\/parduotuve\/"},{"@type":"ListItem","position":3,"name":"MEDB paaki\u0173 pagalv\u0117l\u0117s su juod\u0105ja arbata detoksikuojan\u010diam poveikio poj\u016b\u010diui, 60 vnt"}]},{"@type":"WebSite","@id":"https:\/\/www.malinashop.lt\/#website","url":"https:\/\/www.malinashop.lt\/","name":"COM Group Ecommerce","description":"MalinaShop.lt - Gro\u017eio ir sveikatos produktai i\u0161 patikim\u0173 preki\u0173 \u017eenkl\u0173. Atraskite auk\u0161tos kokyb\u0117s kosmetik\u0105 u\u017e puiki\u0105 kain\u0105.","publisher":{"@id":"https:\/\/www.malinashop.lt\/#organization"},"potentialAction":[{"@type":"SearchAction","target":{"@type":"EntryPoint","urlTemplate":"https:\/\/www.malinashop.lt\/?s={search_term_string}"},"query-input":{"@type":"PropertyValueSpecification","valueRequired":true,"valueName":"search_term_string"}}],"inLanguage":"en-GB"},{"@type":"Organization","@id":"https:\/\/www.malinashop.lt\/#organization","name":"COM Group Ecommerce","url":"https:\/\/www.malinashop.lt\/","logo":{"@type":"ImageObject","inLanguage":"en-GB","@id":"https:\/\/www.malinashop.lt\/#\/schema\/logo\/image\/","url":"https:\/\/www.malinashop.lt\/wp-content\/uploads\/2024\/08\/462559670_3787732518133670_9795632669273463_n-e1731525914575.png","contentUrl":"https:\/\/www.malinashop.lt\/wp-content\/uploads\/2024\/08\/462559670_3787732518133670_9795632669273463_n-e1731525914575.png","width":180,"height":60,"caption":"COM Group Ecommerce"},"image":{"@id":"https:\/\/www.malinashop.lt\/#\/schema\/logo\/image\/"}}]}},"jetpack_sharing_enabled":true,"_links":{"self":[{"href":"https:\/\/www.malinashop.lt\/en\/wp-json\/wp\/v2\/product\/73686","targetHints":{"allow":["GET"]}}],"collection":[{"href":"https:\/\/www.malinashop.lt\/en\/wp-json\/wp\/v2\/product"}],"about":[{"href":"https:\/\/www.malinashop.lt\/en\/wp-json\/wp\/v2\/types\/product"}],"version-history":[{"count":1,"href":"https:\/\/www.malinashop.lt\/en\/wp-json\/wp\/v2\/product\/73686\/revisions"}],"predecessor-version":[{"id":73688,"href":"https:\/\/www.malinashop.lt\/en\/wp-json\/wp\/v2\/product\/73686\/revisions\/73688"}],"wp:featuredmedia":[{"embeddable":true,"href":"https:\/\/www.malinashop.lt\/en\/wp-json\/wp\/v2\/media\/73687"}],"wp:attachment":[{"href":"https:\/\/www.malinashop.lt\/en\/wp-json\/wp\/v2\/media?parent=73686"}],"wp:term":[{"taxonomy":"product_brand","embeddable":true,"href":"https:\/\/www.malinashop.lt\/en\/wp-json\/wp\/v2\/product_brand?post=73686"},{"taxonomy":"product_cat","embeddable":true,"href":"https:\/\/www.malinashop.lt\/en\/wp-json\/wp\/v2\/product_cat?post=73686"},{"taxonomy":"product_tag","embeddable":true,"href":"https:\/\/www.malinashop.lt\/en\/wp-json\/wp\/v2\/product_tag?post=73686"}],"curies":[{"name":"wp","href":"https:\/\/api.w.org\/{rel}","templated":true}]}}