{"id":73665,"date":"2026-01-30T01:01:32","date_gmt":"2026-01-29T22:01:32","guid":{"rendered":"https:\/\/malinashop.lt\/?post_type=product&#038;p=73665"},"modified":"2026-04-07T22:18:19","modified_gmt":"2026-04-07T19:18:19","slug":"dr-some-medb-veido-serumas-brandziai-odai-100-ml","status":"publish","type":"product","link":"https:\/\/www.malinashop.lt\/en\/shop\/dr-some-medb-veido-serumas-brandziai-odai-100-ml\/","title":{"rendered":"DR. SOME MEDB veido serumas brand\u017eiai odai, 100 ml"},"content":{"rendered":"<p data-start=\"175\" data-end=\"470\"><strong data-start=\"175\" data-end=\"221\">DR. SOME MEDB veido serumas brand\u017eiai odai<\/strong> \u2013 lengvos tekst\u016bros serumas kasdienei prie\u017ei\u016brai, padedantis odai jaustis sudr\u0117kintai ir komforti\u0161kai. Formul\u0117 su <strong data-start=\"336\" data-end=\"349\">glicerinu<\/strong> ir <strong data-start=\"353\" data-end=\"375\">hialurono r\u016bg\u0161timi<\/strong> padeda palaikyti odos dr\u0117gm\u0117s balans\u0105, tod\u0117l oda gali jaustis mink\u0161tesn\u0117 ir labiau pri\u017ei\u016br\u0117ta.<\/p>\n<p data-start=\"472\" data-end=\"905\">Serumas papildytas <strong data-start=\"491\" data-end=\"505\">vitaminu A<\/strong>, kuris padeda gerinti odos i\u0161vaizd\u0105 ir prisideda prie sveikesn\u0117s odos b\u016bkl\u0117s palaikymo. <strong data-start=\"594\" data-end=\"614\">Snieginis grybas<\/strong> (nat\u016bralus gamtoje randamas kolageno \u0161altinis) padeda suteikti glotnumo ir elastingumo poj\u016bt\u012f, o <strong data-start=\"712\" data-end=\"724\">alavijas<\/strong> praturtina serum\u0105 aminor\u016bg\u0161timis, mineralin\u0117mis med\u017eiagomis ir vitaminais, suteikdamas odai gaivumo poj\u016bt\u012f. Tinka naudoti kasdien ryte ir vakare kaip veido prie\u017ei\u016bros rutinos dal\u012f.<\/p>\n<hr data-start=\"907\" data-end=\"910\" \/>\n<h3 data-start=\"912\" data-end=\"939\">Pagrindiniai privalumai<\/h3>\n<ul data-start=\"940\" data-end=\"1348\">\n<li data-start=\"940\" data-end=\"990\">\n<p data-start=\"942\" data-end=\"990\">Skirtas <strong data-start=\"950\" data-end=\"968\">brand\u017eiai odai<\/strong> kasdien\u0117je rutinoje<\/p>\n<\/li>\n<li data-start=\"991\" data-end=\"1073\">\n<p data-start=\"993\" data-end=\"1073\"><strong data-start=\"993\" data-end=\"1004\">Dr\u0117kina<\/strong> \u2013 glicerinas ir hialurono r\u016bg\u0161tis padeda palaikyti dr\u0117gm\u0117s balans\u0105<\/p>\n<\/li>\n<li data-start=\"1074\" data-end=\"1152\">\n<p data-start=\"1076\" data-end=\"1152\"><strong data-start=\"1076\" data-end=\"1091\">Vitaminas A<\/strong> \u2013 pri\u017ei\u016br\u0117tos odos i\u0161vaizdai ir sveikesn\u0117s b\u016bkl\u0117s poj\u016b\u010diui<\/p>\n<\/li>\n<li data-start=\"1153\" data-end=\"1212\">\n<p data-start=\"1155\" data-end=\"1212\"><strong data-start=\"1155\" data-end=\"1175\">Snieginis grybas<\/strong> \u2013 glotnumo ir elastingumo poj\u016b\u010diui<\/p>\n<\/li>\n<li data-start=\"1213\" data-end=\"1292\">\n<p data-start=\"1215\" data-end=\"1292\"><strong data-start=\"1215\" data-end=\"1227\">Alavijas<\/strong> \u2013 papildo nat\u016braliais komponentais ir suteikia komforto poj\u016bt\u012f<\/p>\n<\/li>\n<li data-start=\"1293\" data-end=\"1348\">\n<p data-start=\"1295\" data-end=\"1348\"><strong data-start=\"1295\" data-end=\"1315\">Greitai \u012fsigeria<\/strong> ir tinka naudoti ryte bei vakare<\/p>\n<\/li>\n<\/ul>\n<hr data-start=\"1350\" data-end=\"1353\" \/>\n<h3 data-start=\"1355\" data-end=\"1369\">Naudojimas<\/h3>\n<p data-start=\"1370\" data-end=\"1432\">Kasdien <strong data-start=\"1378\" data-end=\"1396\">ryte ir vakare<\/strong> tepkite ant <strong data-start=\"1409\" data-end=\"1431\">\u0161varios veido odos<\/strong>.<\/p>\n","protected":false},"excerpt":{"rendered":"<p data-start=\"1159\" data-end=\"1269\">Serumas brand\u017eiai odai su glicerinu, hialurono r\u016bg\u0161timi, vitaminu A ir snieginiu grybu \u2013 dr\u0117kina ir suteikia pri\u017ei\u016br\u0117tos odos poj\u016bt\u012f, 100 ml.<\/p>\n","protected":false},"featured_media":73666,"template":"","meta":[],"product_brand":[1544],"product_cat":[550,728],"product_tag":[1609],"class_list":{"0":"post-73665","1":"product","2":"type-product","3":"status-publish","4":"has-post-thumbnail","6":"product_brand-medb","7":"product_cat-veido-serumai","8":"product_cat-veidui","9":"product_tag-medb","11":"first","12":"instock","13":"sale","14":"taxable","15":"shipping-taxable","16":"purchasable","17":"product-type-simple"},"yoast_head":"<!-- This site is optimized with the Yoast SEO plugin v27.4 - https:\/\/yoast.com\/product\/yoast-seo-wordpress\/ -->\n<title>DR. SOME MEDB veido serumas brand\u017eiai odai, 100 ml - MalinaShop.lt J\u016bs\u0173 sveikatai ir gro\u017eiui.<\/title>\n<meta name=\"description\" content=\"DR. SOME MEDB serumas brand\u017eiai odai 100 ml \u2013 glicerinas ir hialuronas dr\u0117kina, vitaminas A ir snieginis grybas puosel\u0117ja.\" \/>\n<meta name=\"robots\" content=\"index, follow, max-snippet:-1, max-image-preview:large, max-video-preview:-1\" \/>\n<link rel=\"canonical\" href=\"https:\/\/www.malinashop.lt\/en\/shop\/dr-some-medb-veido-serumas-brandziai-odai-100-ml\/\" \/>\n<meta property=\"og:locale\" content=\"en_GB\" \/>\n<meta property=\"og:type\" content=\"article\" \/>\n<meta property=\"og:title\" content=\"DR. SOME MEDB veido serumas brand\u017eiai odai, 100 ml - MalinaShop.lt J\u016bs\u0173 sveikatai ir gro\u017eiui.\" \/>\n<meta property=\"og:description\" content=\"DR. SOME MEDB serumas brand\u017eiai odai 100 ml \u2013 glicerinas ir hialuronas dr\u0117kina, vitaminas A ir snieginis grybas puosel\u0117ja.\" \/>\n<meta property=\"og:url\" content=\"https:\/\/www.malinashop.lt\/en\/shop\/dr-some-medb-veido-serumas-brandziai-odai-100-ml\/\" \/>\n<meta property=\"og:site_name\" content=\"MalinaShop.lt J\u016bs\u0173 sveikatai ir gro\u017eiui.\" \/>\n<meta property=\"article:modified_time\" content=\"2026-04-07T19:18:19+00:00\" \/>\n<meta property=\"og:image\" content=\"https:\/\/www.malinashop.lt\/wp-content\/uploads\/2026\/01\/DR.-SOME-MEDB-veido-serumas-brandziai-odai-100-ml.webp\" \/>\n\t<meta property=\"og:image:width\" content=\"768\" \/>\n\t<meta property=\"og:image:height\" content=\"768\" \/>\n\t<meta property=\"og:image:type\" content=\"image\/webp\" \/>\n<meta name=\"twitter:card\" content=\"summary_large_image\" \/>\n<script type=\"application\/ld+json\" class=\"yoast-schema-graph\">{\"@context\":\"https:\\\/\\\/schema.org\",\"@graph\":[{\"@type\":\"WebPage\",\"@id\":\"https:\\\/\\\/www.malinashop.lt\\\/shop\\\/dr-some-medb-veido-serumas-brandziai-odai-100-ml\\\/\",\"url\":\"https:\\\/\\\/www.malinashop.lt\\\/shop\\\/dr-some-medb-veido-serumas-brandziai-odai-100-ml\\\/\",\"name\":\"DR. SOME MEDB veido serumas brand\u017eiai odai, 100 ml - MalinaShop.lt J\u016bs\u0173 sveikatai ir gro\u017eiui.\",\"isPartOf\":{\"@id\":\"https:\\\/\\\/www.malinashop.lt\\\/#website\"},\"primaryImageOfPage\":{\"@id\":\"https:\\\/\\\/www.malinashop.lt\\\/shop\\\/dr-some-medb-veido-serumas-brandziai-odai-100-ml\\\/#primaryimage\"},\"image\":{\"@id\":\"https:\\\/\\\/www.malinashop.lt\\\/shop\\\/dr-some-medb-veido-serumas-brandziai-odai-100-ml\\\/#primaryimage\"},\"thumbnailUrl\":\"https:\\\/\\\/www.malinashop.lt\\\/wp-content\\\/uploads\\\/2026\\\/01\\\/DR.-SOME-MEDB-veido-serumas-brandziai-odai-100-ml.webp\",\"datePublished\":\"2026-01-29T22:01:32+00:00\",\"dateModified\":\"2026-04-07T19:18:19+00:00\",\"description\":\"DR. SOME MEDB serumas brand\u017eiai odai 100 ml \u2013 glicerinas ir hialuronas dr\u0117kina, vitaminas A ir snieginis grybas puosel\u0117ja.\",\"breadcrumb\":{\"@id\":\"https:\\\/\\\/www.malinashop.lt\\\/shop\\\/dr-some-medb-veido-serumas-brandziai-odai-100-ml\\\/#breadcrumb\"},\"inLanguage\":\"en-GB\",\"potentialAction\":[{\"@type\":\"ReadAction\",\"target\":[\"https:\\\/\\\/www.malinashop.lt\\\/shop\\\/dr-some-medb-veido-serumas-brandziai-odai-100-ml\\\/\"]}]},{\"@type\":\"ImageObject\",\"inLanguage\":\"en-GB\",\"@id\":\"https:\\\/\\\/www.malinashop.lt\\\/shop\\\/dr-some-medb-veido-serumas-brandziai-odai-100-ml\\\/#primaryimage\",\"url\":\"https:\\\/\\\/www.malinashop.lt\\\/wp-content\\\/uploads\\\/2026\\\/01\\\/DR.-SOME-MEDB-veido-serumas-brandziai-odai-100-ml.webp\",\"contentUrl\":\"https:\\\/\\\/www.malinashop.lt\\\/wp-content\\\/uploads\\\/2026\\\/01\\\/DR.-SOME-MEDB-veido-serumas-brandziai-odai-100-ml.webp\",\"width\":768,\"height\":768},{\"@type\":\"BreadcrumbList\",\"@id\":\"https:\\\/\\\/www.malinashop.lt\\\/shop\\\/dr-some-medb-veido-serumas-brandziai-odai-100-ml\\\/#breadcrumb\",\"itemListElement\":[{\"@type\":\"ListItem\",\"position\":1,\"name\":\"Pagrindinis\",\"item\":\"https:\\\/\\\/www.malinashop.lt\\\/\"},{\"@type\":\"ListItem\",\"position\":2,\"name\":\"Parduotuv\u0117\",\"item\":\"https:\\\/\\\/www.malinashop.lt\\\/en\\\/parduotuve\\\/\"},{\"@type\":\"ListItem\",\"position\":3,\"name\":\"DR. SOME MEDB veido serumas brand\u017eiai odai, 100 ml\"}]},{\"@type\":\"WebSite\",\"@id\":\"https:\\\/\\\/www.malinashop.lt\\\/#website\",\"url\":\"https:\\\/\\\/www.malinashop.lt\\\/\",\"name\":\"COM Group Ecommerce\",\"description\":\"MalinaShop.lt - Gro\u017eio ir sveikatos produktai i\u0161 patikim\u0173 preki\u0173 \u017eenkl\u0173. Atraskite auk\u0161tos kokyb\u0117s kosmetik\u0105 u\u017e puiki\u0105 kain\u0105.\",\"publisher\":{\"@id\":\"https:\\\/\\\/www.malinashop.lt\\\/#organization\"},\"potentialAction\":[{\"@type\":\"SearchAction\",\"target\":{\"@type\":\"EntryPoint\",\"urlTemplate\":\"https:\\\/\\\/www.malinashop.lt\\\/?s={search_term_string}\"},\"query-input\":{\"@type\":\"PropertyValueSpecification\",\"valueRequired\":true,\"valueName\":\"search_term_string\"}}],\"inLanguage\":\"en-GB\"},{\"@type\":\"Organization\",\"@id\":\"https:\\\/\\\/www.malinashop.lt\\\/#organization\",\"name\":\"COM Group Ecommerce\",\"url\":\"https:\\\/\\\/www.malinashop.lt\\\/\",\"logo\":{\"@type\":\"ImageObject\",\"inLanguage\":\"en-GB\",\"@id\":\"https:\\\/\\\/www.malinashop.lt\\\/#\\\/schema\\\/logo\\\/image\\\/\",\"url\":\"https:\\\/\\\/www.malinashop.lt\\\/wp-content\\\/uploads\\\/2024\\\/08\\\/462559670_3787732518133670_9795632669273463_n-e1731525914575.png\",\"contentUrl\":\"https:\\\/\\\/www.malinashop.lt\\\/wp-content\\\/uploads\\\/2024\\\/08\\\/462559670_3787732518133670_9795632669273463_n-e1731525914575.png\",\"width\":180,\"height\":60,\"caption\":\"COM Group Ecommerce\"},\"image\":{\"@id\":\"https:\\\/\\\/www.malinashop.lt\\\/#\\\/schema\\\/logo\\\/image\\\/\"}}]}<\/script>\n<!-- \/ Yoast SEO plugin. -->","yoast_head_json":{"title":"DR. SOME MEDB veido serumas brand\u017eiai odai, 100 ml - MalinaShop.lt J\u016bs\u0173 sveikatai ir gro\u017eiui.","description":"DR. SOME MEDB serumas brand\u017eiai odai 100 ml \u2013 glicerinas ir hialuronas dr\u0117kina, vitaminas A ir snieginis grybas puosel\u0117ja.","robots":{"index":"index","follow":"follow","max-snippet":"max-snippet:-1","max-image-preview":"max-image-preview:large","max-video-preview":"max-video-preview:-1"},"canonical":"https:\/\/www.malinashop.lt\/en\/shop\/dr-some-medb-veido-serumas-brandziai-odai-100-ml\/","og_locale":"en_GB","og_type":"article","og_title":"DR. SOME MEDB veido serumas brand\u017eiai odai, 100 ml - MalinaShop.lt J\u016bs\u0173 sveikatai ir gro\u017eiui.","og_description":"DR. SOME MEDB serumas brand\u017eiai odai 100 ml \u2013 glicerinas ir hialuronas dr\u0117kina, vitaminas A ir snieginis grybas puosel\u0117ja.","og_url":"https:\/\/www.malinashop.lt\/en\/shop\/dr-some-medb-veido-serumas-brandziai-odai-100-ml\/","og_site_name":"MalinaShop.lt J\u016bs\u0173 sveikatai ir gro\u017eiui.","article_modified_time":"2026-04-07T19:18:19+00:00","og_image":[{"width":768,"height":768,"url":"https:\/\/www.malinashop.lt\/wp-content\/uploads\/2026\/01\/DR.-SOME-MEDB-veido-serumas-brandziai-odai-100-ml.webp","type":"image\/webp"}],"twitter_card":"summary_large_image","schema":{"@context":"https:\/\/schema.org","@graph":[{"@type":"WebPage","@id":"https:\/\/www.malinashop.lt\/shop\/dr-some-medb-veido-serumas-brandziai-odai-100-ml\/","url":"https:\/\/www.malinashop.lt\/shop\/dr-some-medb-veido-serumas-brandziai-odai-100-ml\/","name":"DR. SOME MEDB veido serumas brand\u017eiai odai, 100 ml - MalinaShop.lt J\u016bs\u0173 sveikatai ir gro\u017eiui.","isPartOf":{"@id":"https:\/\/www.malinashop.lt\/#website"},"primaryImageOfPage":{"@id":"https:\/\/www.malinashop.lt\/shop\/dr-some-medb-veido-serumas-brandziai-odai-100-ml\/#primaryimage"},"image":{"@id":"https:\/\/www.malinashop.lt\/shop\/dr-some-medb-veido-serumas-brandziai-odai-100-ml\/#primaryimage"},"thumbnailUrl":"https:\/\/www.malinashop.lt\/wp-content\/uploads\/2026\/01\/DR.-SOME-MEDB-veido-serumas-brandziai-odai-100-ml.webp","datePublished":"2026-01-29T22:01:32+00:00","dateModified":"2026-04-07T19:18:19+00:00","description":"DR. SOME MEDB serumas brand\u017eiai odai 100 ml \u2013 glicerinas ir hialuronas dr\u0117kina, vitaminas A ir snieginis grybas puosel\u0117ja.","breadcrumb":{"@id":"https:\/\/www.malinashop.lt\/shop\/dr-some-medb-veido-serumas-brandziai-odai-100-ml\/#breadcrumb"},"inLanguage":"en-GB","potentialAction":[{"@type":"ReadAction","target":["https:\/\/www.malinashop.lt\/shop\/dr-some-medb-veido-serumas-brandziai-odai-100-ml\/"]}]},{"@type":"ImageObject","inLanguage":"en-GB","@id":"https:\/\/www.malinashop.lt\/shop\/dr-some-medb-veido-serumas-brandziai-odai-100-ml\/#primaryimage","url":"https:\/\/www.malinashop.lt\/wp-content\/uploads\/2026\/01\/DR.-SOME-MEDB-veido-serumas-brandziai-odai-100-ml.webp","contentUrl":"https:\/\/www.malinashop.lt\/wp-content\/uploads\/2026\/01\/DR.-SOME-MEDB-veido-serumas-brandziai-odai-100-ml.webp","width":768,"height":768},{"@type":"BreadcrumbList","@id":"https:\/\/www.malinashop.lt\/shop\/dr-some-medb-veido-serumas-brandziai-odai-100-ml\/#breadcrumb","itemListElement":[{"@type":"ListItem","position":1,"name":"Pagrindinis","item":"https:\/\/www.malinashop.lt\/"},{"@type":"ListItem","position":2,"name":"Parduotuv\u0117","item":"https:\/\/www.malinashop.lt\/en\/parduotuve\/"},{"@type":"ListItem","position":3,"name":"DR. SOME MEDB veido serumas brand\u017eiai odai, 100 ml"}]},{"@type":"WebSite","@id":"https:\/\/www.malinashop.lt\/#website","url":"https:\/\/www.malinashop.lt\/","name":"COM Group Ecommerce","description":"MalinaShop.lt - Gro\u017eio ir sveikatos produktai i\u0161 patikim\u0173 preki\u0173 \u017eenkl\u0173. Atraskite auk\u0161tos kokyb\u0117s kosmetik\u0105 u\u017e puiki\u0105 kain\u0105.","publisher":{"@id":"https:\/\/www.malinashop.lt\/#organization"},"potentialAction":[{"@type":"SearchAction","target":{"@type":"EntryPoint","urlTemplate":"https:\/\/www.malinashop.lt\/?s={search_term_string}"},"query-input":{"@type":"PropertyValueSpecification","valueRequired":true,"valueName":"search_term_string"}}],"inLanguage":"en-GB"},{"@type":"Organization","@id":"https:\/\/www.malinashop.lt\/#organization","name":"COM Group Ecommerce","url":"https:\/\/www.malinashop.lt\/","logo":{"@type":"ImageObject","inLanguage":"en-GB","@id":"https:\/\/www.malinashop.lt\/#\/schema\/logo\/image\/","url":"https:\/\/www.malinashop.lt\/wp-content\/uploads\/2024\/08\/462559670_3787732518133670_9795632669273463_n-e1731525914575.png","contentUrl":"https:\/\/www.malinashop.lt\/wp-content\/uploads\/2024\/08\/462559670_3787732518133670_9795632669273463_n-e1731525914575.png","width":180,"height":60,"caption":"COM Group Ecommerce"},"image":{"@id":"https:\/\/www.malinashop.lt\/#\/schema\/logo\/image\/"}}]}},"jetpack_sharing_enabled":true,"_links":{"self":[{"href":"https:\/\/www.malinashop.lt\/en\/wp-json\/wp\/v2\/product\/73665","targetHints":{"allow":["GET"]}}],"collection":[{"href":"https:\/\/www.malinashop.lt\/en\/wp-json\/wp\/v2\/product"}],"about":[{"href":"https:\/\/www.malinashop.lt\/en\/wp-json\/wp\/v2\/types\/product"}],"version-history":[{"count":1,"href":"https:\/\/www.malinashop.lt\/en\/wp-json\/wp\/v2\/product\/73665\/revisions"}],"predecessor-version":[{"id":73667,"href":"https:\/\/www.malinashop.lt\/en\/wp-json\/wp\/v2\/product\/73665\/revisions\/73667"}],"wp:featuredmedia":[{"embeddable":true,"href":"https:\/\/www.malinashop.lt\/en\/wp-json\/wp\/v2\/media\/73666"}],"wp:attachment":[{"href":"https:\/\/www.malinashop.lt\/en\/wp-json\/wp\/v2\/media?parent=73665"}],"wp:term":[{"taxonomy":"product_brand","embeddable":true,"href":"https:\/\/www.malinashop.lt\/en\/wp-json\/wp\/v2\/product_brand?post=73665"},{"taxonomy":"product_cat","embeddable":true,"href":"https:\/\/www.malinashop.lt\/en\/wp-json\/wp\/v2\/product_cat?post=73665"},{"taxonomy":"product_tag","embeddable":true,"href":"https:\/\/www.malinashop.lt\/en\/wp-json\/wp\/v2\/product_tag?post=73665"}],"curies":[{"name":"wp","href":"https:\/\/api.w.org\/{rel}","templated":true}]}}