{"id":73656,"date":"2026-01-30T00:52:19","date_gmt":"2026-01-29T21:52:19","guid":{"rendered":"https:\/\/malinashop.lt\/?post_type=product&#038;p=73656"},"modified":"2026-04-07T22:18:20","modified_gmt":"2026-04-07T19:18:20","slug":"medb-dr-some-drekinamasis-veido-serumas-sausai-ir-dehidratuotai-odai-100-ml","status":"publish","type":"product","link":"https:\/\/www.malinashop.lt\/en\/shop\/medb-dr-some-drekinamasis-veido-serumas-sausai-ir-dehidratuotai-odai-100-ml\/","title":{"rendered":"MEDB DR. SOME dr\u0117kinamasis veido serumas sausai ir dehidratuotai odai, 100 ml"},"content":{"rendered":"<p data-start=\"195\" data-end=\"467\"><strong data-start=\"195\" data-end=\"239\">MEDB DR. SOME dr\u0117kinamasis veido serumas<\/strong> \u2013 lengvos tekst\u016bros serumas, skirtas kasdieniam odos dr\u0117kinimui ir komfortui. Jis padeda odai jaustis <strong data-start=\"342\" data-end=\"378\">sudr\u0117kintai, \u0161velniai ir gaiviai<\/strong>, o greitai \u012fsigerianti formul\u0117 neapsunkina odos ir tinka naudoti tiek ryte, tiek vakare.<\/p>\n<p data-start=\"469\" data-end=\"736\">Serumas ypa\u010d rekomenduojamas <strong data-start=\"498\" data-end=\"530\">sausai ir dehidratuotai odai<\/strong>, kai norisi suma\u017einti tempimo poj\u016bt\u012f ir palaikyti odos dr\u0117gm\u0117s balans\u0105. Maitinamieji ingredientai padeda odai jaustis pri\u017ei\u016br\u0117tai, o reguliarus naudojimas prisideda prie lygesn\u0117s, mink\u0161tesn\u0117s odos poj\u016b\u010dio.<\/p>\n<hr data-start=\"738\" data-end=\"741\" \/>\n<h3 data-start=\"743\" data-end=\"770\">Pagrindiniai privalumai<\/h3>\n<ul data-start=\"771\" data-end=\"1047\">\n<li data-start=\"771\" data-end=\"834\">\n<p data-start=\"773\" data-end=\"834\"><strong data-start=\"773\" data-end=\"796\">Intensyviai dr\u0117kina<\/strong> ir padeda palaikyti komforto poj\u016bt\u012f<\/p>\n<\/li>\n<li data-start=\"835\" data-end=\"895\">\n<p data-start=\"837\" data-end=\"895\"><strong data-start=\"837\" data-end=\"856\">Lengva tekst\u016bra<\/strong> \u2013 greitai \u012fsigeria, neapsunkina odos<\/p>\n<\/li>\n<li data-start=\"896\" data-end=\"939\">\n<p data-start=\"898\" data-end=\"939\">Suteikia <strong data-start=\"907\" data-end=\"930\">\u0161velnumo ir gaivumo<\/strong> poj\u016bt\u012f<\/p>\n<\/li>\n<li data-start=\"940\" data-end=\"1012\">\n<p data-start=\"942\" data-end=\"1012\">Tinka <strong data-start=\"948\" data-end=\"971\">visiems odos tipams<\/strong>, ypa\u010d <strong data-start=\"978\" data-end=\"1010\">sausai ir dehidratuotai odai<\/strong><\/p>\n<\/li>\n<li data-start=\"1013\" data-end=\"1047\">\n<p data-start=\"1015\" data-end=\"1047\">Tinka naudoti <strong data-start=\"1029\" data-end=\"1047\">ryte ir vakare<\/strong><\/p>\n<\/li>\n<\/ul>\n<hr data-start=\"1049\" data-end=\"1052\" \/>\n<h3 data-start=\"1054\" data-end=\"1068\">Naudojimas<\/h3>\n<p data-start=\"1069\" data-end=\"1131\">Kasdien <strong data-start=\"1077\" data-end=\"1095\">ryte ir vakare<\/strong> tepkite ant <strong data-start=\"1108\" data-end=\"1130\">\u0161varios veido odos<\/strong>.<\/p>\n","protected":false},"excerpt":{"rendered":"<p data-start=\"1159\" data-end=\"1269\">MEDB DR. SOME dr\u0117kinamasis veido serumas 100 ml \u2013 kasdienai. Lengva formul\u0117 greitai \u012fsigeria, dr\u0117kina ir suteikia odai \u0161velnumo bei gaivumo poj\u016bt\u012f.<\/p>\n","protected":false},"featured_media":73657,"template":"","meta":[],"product_brand":[1544],"product_cat":[550,728],"product_tag":[1609],"class_list":{"0":"post-73656","1":"product","2":"type-product","3":"status-publish","4":"has-post-thumbnail","6":"product_brand-medb","7":"product_cat-veido-serumai","8":"product_cat-veidui","9":"product_tag-medb","11":"first","12":"instock","13":"sale","14":"taxable","15":"shipping-taxable","16":"purchasable","17":"product-type-simple"},"yoast_head":"<!-- This site is optimized with the Yoast SEO plugin v27.4 - https:\/\/yoast.com\/product\/yoast-seo-wordpress\/ -->\n<title>MEDB DR. SOME dr\u0117kinamasis veido serumas sausai ir dehidratuotai odai, 100 ml - MalinaShop.lt J\u016bs\u0173 sveikatai ir gro\u017eiui.<\/title>\n<meta name=\"description\" content=\"MEDB DR. SOME dr\u0117kinamasis veido serumas 100 ml \u2013 kasdienai. Lengva formul\u0117 greitai \u012fsigeria, dr\u0117kina ir suteikia odai \u0161velnumo bei gaivumo poj\u016bt\u012f.\" \/>\n<meta name=\"robots\" content=\"index, follow, max-snippet:-1, max-image-preview:large, max-video-preview:-1\" \/>\n<link rel=\"canonical\" href=\"https:\/\/www.malinashop.lt\/en\/shop\/medb-dr-some-drekinamasis-veido-serumas-sausai-ir-dehidratuotai-odai-100-ml\/\" \/>\n<meta property=\"og:locale\" content=\"en_GB\" \/>\n<meta property=\"og:type\" content=\"article\" \/>\n<meta property=\"og:title\" content=\"MEDB DR. SOME dr\u0117kinamasis veido serumas sausai ir dehidratuotai odai, 100 ml - MalinaShop.lt J\u016bs\u0173 sveikatai ir gro\u017eiui.\" \/>\n<meta property=\"og:description\" content=\"MEDB DR. SOME dr\u0117kinamasis veido serumas 100 ml \u2013 kasdienai. Lengva formul\u0117 greitai \u012fsigeria, dr\u0117kina ir suteikia odai \u0161velnumo bei gaivumo poj\u016bt\u012f.\" \/>\n<meta property=\"og:url\" content=\"https:\/\/www.malinashop.lt\/en\/shop\/medb-dr-some-drekinamasis-veido-serumas-sausai-ir-dehidratuotai-odai-100-ml\/\" \/>\n<meta property=\"og:site_name\" content=\"MalinaShop.lt J\u016bs\u0173 sveikatai ir gro\u017eiui.\" \/>\n<meta property=\"article:modified_time\" content=\"2026-04-07T19:18:20+00:00\" \/>\n<meta property=\"og:image\" content=\"https:\/\/www.malinashop.lt\/wp-content\/uploads\/2026\/01\/MEDB-drekinamasis-veido-serumas-DR.-SOME-100-ml.webp\" \/>\n\t<meta property=\"og:image:width\" content=\"768\" \/>\n\t<meta property=\"og:image:height\" content=\"768\" \/>\n\t<meta property=\"og:image:type\" content=\"image\/webp\" \/>\n<meta name=\"twitter:card\" content=\"summary_large_image\" \/>\n<script type=\"application\/ld+json\" class=\"yoast-schema-graph\">{\"@context\":\"https:\\\/\\\/schema.org\",\"@graph\":[{\"@type\":\"WebPage\",\"@id\":\"https:\\\/\\\/www.malinashop.lt\\\/shop\\\/medb-dr-some-drekinamasis-veido-serumas-sausai-ir-dehidratuotai-odai-100-ml\\\/\",\"url\":\"https:\\\/\\\/www.malinashop.lt\\\/shop\\\/medb-dr-some-drekinamasis-veido-serumas-sausai-ir-dehidratuotai-odai-100-ml\\\/\",\"name\":\"MEDB DR. SOME dr\u0117kinamasis veido serumas sausai ir dehidratuotai odai, 100 ml - MalinaShop.lt J\u016bs\u0173 sveikatai ir gro\u017eiui.\",\"isPartOf\":{\"@id\":\"https:\\\/\\\/www.malinashop.lt\\\/#website\"},\"primaryImageOfPage\":{\"@id\":\"https:\\\/\\\/www.malinashop.lt\\\/shop\\\/medb-dr-some-drekinamasis-veido-serumas-sausai-ir-dehidratuotai-odai-100-ml\\\/#primaryimage\"},\"image\":{\"@id\":\"https:\\\/\\\/www.malinashop.lt\\\/shop\\\/medb-dr-some-drekinamasis-veido-serumas-sausai-ir-dehidratuotai-odai-100-ml\\\/#primaryimage\"},\"thumbnailUrl\":\"https:\\\/\\\/www.malinashop.lt\\\/wp-content\\\/uploads\\\/2026\\\/01\\\/MEDB-drekinamasis-veido-serumas-DR.-SOME-100-ml.webp\",\"datePublished\":\"2026-01-29T21:52:19+00:00\",\"dateModified\":\"2026-04-07T19:18:20+00:00\",\"description\":\"MEDB DR. SOME dr\u0117kinamasis veido serumas 100 ml \u2013 kasdienai. Lengva formul\u0117 greitai \u012fsigeria, dr\u0117kina ir suteikia odai \u0161velnumo bei gaivumo poj\u016bt\u012f.\",\"breadcrumb\":{\"@id\":\"https:\\\/\\\/www.malinashop.lt\\\/shop\\\/medb-dr-some-drekinamasis-veido-serumas-sausai-ir-dehidratuotai-odai-100-ml\\\/#breadcrumb\"},\"inLanguage\":\"en-GB\",\"potentialAction\":[{\"@type\":\"ReadAction\",\"target\":[\"https:\\\/\\\/www.malinashop.lt\\\/shop\\\/medb-dr-some-drekinamasis-veido-serumas-sausai-ir-dehidratuotai-odai-100-ml\\\/\"]}]},{\"@type\":\"ImageObject\",\"inLanguage\":\"en-GB\",\"@id\":\"https:\\\/\\\/www.malinashop.lt\\\/shop\\\/medb-dr-some-drekinamasis-veido-serumas-sausai-ir-dehidratuotai-odai-100-ml\\\/#primaryimage\",\"url\":\"https:\\\/\\\/www.malinashop.lt\\\/wp-content\\\/uploads\\\/2026\\\/01\\\/MEDB-drekinamasis-veido-serumas-DR.-SOME-100-ml.webp\",\"contentUrl\":\"https:\\\/\\\/www.malinashop.lt\\\/wp-content\\\/uploads\\\/2026\\\/01\\\/MEDB-drekinamasis-veido-serumas-DR.-SOME-100-ml.webp\",\"width\":768,\"height\":768},{\"@type\":\"BreadcrumbList\",\"@id\":\"https:\\\/\\\/www.malinashop.lt\\\/shop\\\/medb-dr-some-drekinamasis-veido-serumas-sausai-ir-dehidratuotai-odai-100-ml\\\/#breadcrumb\",\"itemListElement\":[{\"@type\":\"ListItem\",\"position\":1,\"name\":\"Pagrindinis\",\"item\":\"https:\\\/\\\/www.malinashop.lt\\\/\"},{\"@type\":\"ListItem\",\"position\":2,\"name\":\"Parduotuv\u0117\",\"item\":\"https:\\\/\\\/www.malinashop.lt\\\/en\\\/parduotuve\\\/\"},{\"@type\":\"ListItem\",\"position\":3,\"name\":\"MEDB DR. SOME dr\u0117kinamasis veido serumas sausai ir dehidratuotai odai, 100 ml\"}]},{\"@type\":\"WebSite\",\"@id\":\"https:\\\/\\\/www.malinashop.lt\\\/#website\",\"url\":\"https:\\\/\\\/www.malinashop.lt\\\/\",\"name\":\"COM Group Ecommerce\",\"description\":\"MalinaShop.lt - Gro\u017eio ir sveikatos produktai i\u0161 patikim\u0173 preki\u0173 \u017eenkl\u0173. Atraskite auk\u0161tos kokyb\u0117s kosmetik\u0105 u\u017e puiki\u0105 kain\u0105.\",\"publisher\":{\"@id\":\"https:\\\/\\\/www.malinashop.lt\\\/#organization\"},\"potentialAction\":[{\"@type\":\"SearchAction\",\"target\":{\"@type\":\"EntryPoint\",\"urlTemplate\":\"https:\\\/\\\/www.malinashop.lt\\\/?s={search_term_string}\"},\"query-input\":{\"@type\":\"PropertyValueSpecification\",\"valueRequired\":true,\"valueName\":\"search_term_string\"}}],\"inLanguage\":\"en-GB\"},{\"@type\":\"Organization\",\"@id\":\"https:\\\/\\\/www.malinashop.lt\\\/#organization\",\"name\":\"COM Group Ecommerce\",\"url\":\"https:\\\/\\\/www.malinashop.lt\\\/\",\"logo\":{\"@type\":\"ImageObject\",\"inLanguage\":\"en-GB\",\"@id\":\"https:\\\/\\\/www.malinashop.lt\\\/#\\\/schema\\\/logo\\\/image\\\/\",\"url\":\"https:\\\/\\\/www.malinashop.lt\\\/wp-content\\\/uploads\\\/2024\\\/08\\\/462559670_3787732518133670_9795632669273463_n-e1731525914575.png\",\"contentUrl\":\"https:\\\/\\\/www.malinashop.lt\\\/wp-content\\\/uploads\\\/2024\\\/08\\\/462559670_3787732518133670_9795632669273463_n-e1731525914575.png\",\"width\":180,\"height\":60,\"caption\":\"COM Group Ecommerce\"},\"image\":{\"@id\":\"https:\\\/\\\/www.malinashop.lt\\\/#\\\/schema\\\/logo\\\/image\\\/\"}}]}<\/script>\n<!-- \/ Yoast SEO plugin. -->","yoast_head_json":{"title":"MEDB DR. SOME dr\u0117kinamasis veido serumas sausai ir dehidratuotai odai, 100 ml - MalinaShop.lt J\u016bs\u0173 sveikatai ir gro\u017eiui.","description":"MEDB DR. SOME dr\u0117kinamasis veido serumas 100 ml \u2013 kasdienai. Lengva formul\u0117 greitai \u012fsigeria, dr\u0117kina ir suteikia odai \u0161velnumo bei gaivumo poj\u016bt\u012f.","robots":{"index":"index","follow":"follow","max-snippet":"max-snippet:-1","max-image-preview":"max-image-preview:large","max-video-preview":"max-video-preview:-1"},"canonical":"https:\/\/www.malinashop.lt\/en\/shop\/medb-dr-some-drekinamasis-veido-serumas-sausai-ir-dehidratuotai-odai-100-ml\/","og_locale":"en_GB","og_type":"article","og_title":"MEDB DR. SOME dr\u0117kinamasis veido serumas sausai ir dehidratuotai odai, 100 ml - MalinaShop.lt J\u016bs\u0173 sveikatai ir gro\u017eiui.","og_description":"MEDB DR. SOME dr\u0117kinamasis veido serumas 100 ml \u2013 kasdienai. Lengva formul\u0117 greitai \u012fsigeria, dr\u0117kina ir suteikia odai \u0161velnumo bei gaivumo poj\u016bt\u012f.","og_url":"https:\/\/www.malinashop.lt\/en\/shop\/medb-dr-some-drekinamasis-veido-serumas-sausai-ir-dehidratuotai-odai-100-ml\/","og_site_name":"MalinaShop.lt J\u016bs\u0173 sveikatai ir gro\u017eiui.","article_modified_time":"2026-04-07T19:18:20+00:00","og_image":[{"width":768,"height":768,"url":"https:\/\/www.malinashop.lt\/wp-content\/uploads\/2026\/01\/MEDB-drekinamasis-veido-serumas-DR.-SOME-100-ml.webp","type":"image\/webp"}],"twitter_card":"summary_large_image","schema":{"@context":"https:\/\/schema.org","@graph":[{"@type":"WebPage","@id":"https:\/\/www.malinashop.lt\/shop\/medb-dr-some-drekinamasis-veido-serumas-sausai-ir-dehidratuotai-odai-100-ml\/","url":"https:\/\/www.malinashop.lt\/shop\/medb-dr-some-drekinamasis-veido-serumas-sausai-ir-dehidratuotai-odai-100-ml\/","name":"MEDB DR. SOME dr\u0117kinamasis veido serumas sausai ir dehidratuotai odai, 100 ml - MalinaShop.lt J\u016bs\u0173 sveikatai ir gro\u017eiui.","isPartOf":{"@id":"https:\/\/www.malinashop.lt\/#website"},"primaryImageOfPage":{"@id":"https:\/\/www.malinashop.lt\/shop\/medb-dr-some-drekinamasis-veido-serumas-sausai-ir-dehidratuotai-odai-100-ml\/#primaryimage"},"image":{"@id":"https:\/\/www.malinashop.lt\/shop\/medb-dr-some-drekinamasis-veido-serumas-sausai-ir-dehidratuotai-odai-100-ml\/#primaryimage"},"thumbnailUrl":"https:\/\/www.malinashop.lt\/wp-content\/uploads\/2026\/01\/MEDB-drekinamasis-veido-serumas-DR.-SOME-100-ml.webp","datePublished":"2026-01-29T21:52:19+00:00","dateModified":"2026-04-07T19:18:20+00:00","description":"MEDB DR. SOME dr\u0117kinamasis veido serumas 100 ml \u2013 kasdienai. Lengva formul\u0117 greitai \u012fsigeria, dr\u0117kina ir suteikia odai \u0161velnumo bei gaivumo poj\u016bt\u012f.","breadcrumb":{"@id":"https:\/\/www.malinashop.lt\/shop\/medb-dr-some-drekinamasis-veido-serumas-sausai-ir-dehidratuotai-odai-100-ml\/#breadcrumb"},"inLanguage":"en-GB","potentialAction":[{"@type":"ReadAction","target":["https:\/\/www.malinashop.lt\/shop\/medb-dr-some-drekinamasis-veido-serumas-sausai-ir-dehidratuotai-odai-100-ml\/"]}]},{"@type":"ImageObject","inLanguage":"en-GB","@id":"https:\/\/www.malinashop.lt\/shop\/medb-dr-some-drekinamasis-veido-serumas-sausai-ir-dehidratuotai-odai-100-ml\/#primaryimage","url":"https:\/\/www.malinashop.lt\/wp-content\/uploads\/2026\/01\/MEDB-drekinamasis-veido-serumas-DR.-SOME-100-ml.webp","contentUrl":"https:\/\/www.malinashop.lt\/wp-content\/uploads\/2026\/01\/MEDB-drekinamasis-veido-serumas-DR.-SOME-100-ml.webp","width":768,"height":768},{"@type":"BreadcrumbList","@id":"https:\/\/www.malinashop.lt\/shop\/medb-dr-some-drekinamasis-veido-serumas-sausai-ir-dehidratuotai-odai-100-ml\/#breadcrumb","itemListElement":[{"@type":"ListItem","position":1,"name":"Pagrindinis","item":"https:\/\/www.malinashop.lt\/"},{"@type":"ListItem","position":2,"name":"Parduotuv\u0117","item":"https:\/\/www.malinashop.lt\/en\/parduotuve\/"},{"@type":"ListItem","position":3,"name":"MEDB DR. SOME dr\u0117kinamasis veido serumas sausai ir dehidratuotai odai, 100 ml"}]},{"@type":"WebSite","@id":"https:\/\/www.malinashop.lt\/#website","url":"https:\/\/www.malinashop.lt\/","name":"COM Group Ecommerce","description":"MalinaShop.lt - Gro\u017eio ir sveikatos produktai i\u0161 patikim\u0173 preki\u0173 \u017eenkl\u0173. Atraskite auk\u0161tos kokyb\u0117s kosmetik\u0105 u\u017e puiki\u0105 kain\u0105.","publisher":{"@id":"https:\/\/www.malinashop.lt\/#organization"},"potentialAction":[{"@type":"SearchAction","target":{"@type":"EntryPoint","urlTemplate":"https:\/\/www.malinashop.lt\/?s={search_term_string}"},"query-input":{"@type":"PropertyValueSpecification","valueRequired":true,"valueName":"search_term_string"}}],"inLanguage":"en-GB"},{"@type":"Organization","@id":"https:\/\/www.malinashop.lt\/#organization","name":"COM Group Ecommerce","url":"https:\/\/www.malinashop.lt\/","logo":{"@type":"ImageObject","inLanguage":"en-GB","@id":"https:\/\/www.malinashop.lt\/#\/schema\/logo\/image\/","url":"https:\/\/www.malinashop.lt\/wp-content\/uploads\/2024\/08\/462559670_3787732518133670_9795632669273463_n-e1731525914575.png","contentUrl":"https:\/\/www.malinashop.lt\/wp-content\/uploads\/2024\/08\/462559670_3787732518133670_9795632669273463_n-e1731525914575.png","width":180,"height":60,"caption":"COM Group Ecommerce"},"image":{"@id":"https:\/\/www.malinashop.lt\/#\/schema\/logo\/image\/"}}]}},"jetpack_sharing_enabled":true,"_links":{"self":[{"href":"https:\/\/www.malinashop.lt\/en\/wp-json\/wp\/v2\/product\/73656","targetHints":{"allow":["GET"]}}],"collection":[{"href":"https:\/\/www.malinashop.lt\/en\/wp-json\/wp\/v2\/product"}],"about":[{"href":"https:\/\/www.malinashop.lt\/en\/wp-json\/wp\/v2\/types\/product"}],"version-history":[{"count":1,"href":"https:\/\/www.malinashop.lt\/en\/wp-json\/wp\/v2\/product\/73656\/revisions"}],"predecessor-version":[{"id":73658,"href":"https:\/\/www.malinashop.lt\/en\/wp-json\/wp\/v2\/product\/73656\/revisions\/73658"}],"wp:featuredmedia":[{"embeddable":true,"href":"https:\/\/www.malinashop.lt\/en\/wp-json\/wp\/v2\/media\/73657"}],"wp:attachment":[{"href":"https:\/\/www.malinashop.lt\/en\/wp-json\/wp\/v2\/media?parent=73656"}],"wp:term":[{"taxonomy":"product_brand","embeddable":true,"href":"https:\/\/www.malinashop.lt\/en\/wp-json\/wp\/v2\/product_brand?post=73656"},{"taxonomy":"product_cat","embeddable":true,"href":"https:\/\/www.malinashop.lt\/en\/wp-json\/wp\/v2\/product_cat?post=73656"},{"taxonomy":"product_tag","embeddable":true,"href":"https:\/\/www.malinashop.lt\/en\/wp-json\/wp\/v2\/product_tag?post=73656"}],"curies":[{"name":"wp","href":"https:\/\/api.w.org\/{rel}","templated":true}]}}