{"id":73608,"date":"2026-01-29T23:41:29","date_gmt":"2026-01-29T20:41:29","guid":{"rendered":"https:\/\/malinashop.lt\/?post_type=product&#038;p=73608"},"modified":"2026-04-07T22:18:22","modified_gmt":"2026-04-07T19:18:22","slug":"medb-dr-some-veido-kremas-brandziai-odai-su-peptidais-ir-vitaminu-e-50-ml","status":"publish","type":"product","link":"https:\/\/www.malinashop.lt\/en\/shop\/medb-dr-some-veido-kremas-brandziai-odai-su-peptidais-ir-vitaminu-e-50-ml\/","title":{"rendered":"MEDB DR. SOME veido kremas brand\u017eiai odai su peptidais ir vitaminu E, 50 ml"},"content":{"rendered":"<p data-start=\"193\" data-end=\"490\"><strong data-start=\"193\" data-end=\"238\">MEDB DR. SOME veido kremas brand\u017eiai odai<\/strong> \u2013 kasdien\u0117 prie\u017ei\u016bros priemon\u0117, sukurta tam, kad oda jaust\u0173si <strong data-start=\"301\" data-end=\"343\">komforti\u0161kai, sudr\u0117kinta ir pri\u017ei\u016br\u0117ta<\/strong>. Formul\u0117je esantys <strong data-start=\"363\" data-end=\"388\">vitaminai ir peptidai<\/strong> padeda odai jaustis stipresnei ir elastingesnei, prisideda prie pri\u017ei\u016br\u0117tos, lygesn\u0117s odos i\u0161vaizdos.<\/p>\n<p data-start=\"492\" data-end=\"795\"><strong data-start=\"492\" data-end=\"507\">Vitaminas E<\/strong> kartu su <strong data-start=\"517\" data-end=\"528\">alaviju<\/strong> ir <strong data-start=\"532\" data-end=\"554\">alyvuogi\u0173 aliejumi<\/strong> padeda puosel\u0117ti od\u0105, prisideda prie jos apsaugos nuo i\u0161orini\u0173 veiksni\u0173, padeda i\u0161saugoti dr\u0117gm\u0119 ir suteikia <strong data-start=\"664\" data-end=\"676\">\u0161velnumo<\/strong> poj\u016bt\u012f. Kremas tinka kasdieniam naudojimui ryte ir vakare, kai norisi i\u0161laikyti odos mink\u0161tum\u0105 ir komfort\u0105 vis\u0105 dien\u0105.<\/p>\n<hr data-start=\"797\" data-end=\"800\" \/>\n<h3 data-start=\"802\" data-end=\"829\">Pagrindiniai privalumai<\/h3>\n<ul data-start=\"830\" data-end=\"1129\">\n<li data-start=\"830\" data-end=\"880\">\n<p data-start=\"832\" data-end=\"880\">Skirtas <strong data-start=\"840\" data-end=\"858\">brand\u017eiai odai<\/strong> kasdien\u0117je rutinoje<\/p>\n<\/li>\n<li data-start=\"881\" data-end=\"924\">\n<p data-start=\"883\" data-end=\"924\"><strong data-start=\"883\" data-end=\"894\">Dr\u0117kina<\/strong> ir suteikia komforto poj\u016bt\u012f<\/p>\n<\/li>\n<li data-start=\"925\" data-end=\"996\">\n<p data-start=\"927\" data-end=\"996\"><strong data-start=\"927\" data-end=\"952\">Peptidai ir vitaminai<\/strong> \u2013 stipresn\u0117s, elastingesn\u0117s odos poj\u016b\u010diui<\/p>\n<\/li>\n<li data-start=\"997\" data-end=\"1094\">\n<p data-start=\"999\" data-end=\"1094\"><strong data-start=\"999\" data-end=\"1045\">Vitaminas E, alavijas ir alyvuogi\u0173 aliejus<\/strong> \u2013 padeda i\u0161saugoti dr\u0117gm\u0119 ir suteikia \u0161velnumo<\/p>\n<\/li>\n<li data-start=\"1095\" data-end=\"1129\">\n<p data-start=\"1097\" data-end=\"1129\">Tinka naudoti <strong data-start=\"1111\" data-end=\"1129\">ryte ir vakare<\/strong><\/p>\n<\/li>\n<\/ul>\n<hr data-start=\"1131\" data-end=\"1134\" \/>\n<h3 data-start=\"1136\" data-end=\"1150\">Naudojimas<\/h3>\n<p data-start=\"1151\" data-end=\"1213\">Kasdien <strong data-start=\"1159\" data-end=\"1177\">ryte ir vakare<\/strong> tepkite ant <strong data-start=\"1190\" data-end=\"1212\">\u0161varios veido odos<\/strong>.<\/p>\n","protected":false},"excerpt":{"rendered":"<p data-start=\"2181\" data-end=\"2342\">Veido kremas brand\u017eiai odai su peptidais ir vitaminu E \u2013 dr\u0117kina, puosel\u0117ja ir padeda odai jaustis komforti\u0161kai bei pri\u017ei\u016br\u0117tai, 50 ml.<\/p>\n","protected":false},"featured_media":73609,"template":"","meta":[],"product_brand":[1544],"product_cat":[187,728],"product_tag":[1609],"class_list":{"0":"post-73608","1":"product","2":"type-product","3":"status-publish","4":"has-post-thumbnail","6":"product_brand-medb","7":"product_cat-veido-kremai","8":"product_cat-veidui","9":"product_tag-medb","11":"first","12":"outofstock","13":"sale","14":"taxable","15":"shipping-taxable","16":"purchasable","17":"product-type-simple"},"yoast_head":"<!-- This site is optimized with the Yoast SEO plugin v27.4 - https:\/\/yoast.com\/product\/yoast-seo-wordpress\/ -->\n<title>MEDB DR. SOME veido kremas brand\u017eiai odai su peptidais ir vitaminu E, 50 ml - MalinaShop.lt J\u016bs\u0173 sveikatai ir gro\u017eiui.<\/title>\n<meta name=\"description\" content=\"MEDB DR. SOME veido kremas brand\u017eiai odai 50 ml \u2013 kasdien\u0117 prie\u017ei\u016bra su peptidais ir vitaminais. Vitaminas E, alavijas ir alyvuogi\u0173 aliejus i\u0161saugot dr\u0117gm\u0119\" \/>\n<meta name=\"robots\" content=\"index, follow, max-snippet:-1, max-image-preview:large, max-video-preview:-1\" \/>\n<link rel=\"canonical\" href=\"https:\/\/www.malinashop.lt\/en\/shop\/medb-dr-some-veido-kremas-brandziai-odai-su-peptidais-ir-vitaminu-e-50-ml\/\" \/>\n<meta property=\"og:locale\" content=\"en_GB\" \/>\n<meta property=\"og:type\" content=\"article\" \/>\n<meta property=\"og:title\" content=\"MEDB DR. SOME veido kremas brand\u017eiai odai su peptidais ir vitaminu E, 50 ml - MalinaShop.lt J\u016bs\u0173 sveikatai ir gro\u017eiui.\" \/>\n<meta property=\"og:description\" content=\"MEDB DR. SOME veido kremas brand\u017eiai odai 50 ml \u2013 kasdien\u0117 prie\u017ei\u016bra su peptidais ir vitaminais. Vitaminas E, alavijas ir alyvuogi\u0173 aliejus i\u0161saugot dr\u0117gm\u0119\" \/>\n<meta property=\"og:url\" content=\"https:\/\/www.malinashop.lt\/en\/shop\/medb-dr-some-veido-kremas-brandziai-odai-su-peptidais-ir-vitaminu-e-50-ml\/\" \/>\n<meta property=\"og:site_name\" content=\"MalinaShop.lt J\u016bs\u0173 sveikatai ir gro\u017eiui.\" \/>\n<meta property=\"article:modified_time\" content=\"2026-04-07T19:18:22+00:00\" \/>\n<meta property=\"og:image\" content=\"https:\/\/www.malinashop.lt\/wp-content\/uploads\/2026\/01\/MEDB-DR.-SOME-veido-kremas-brandziai-odai-su-peptidais-ir-vitaminu-E-50-ml.webp\" \/>\n\t<meta property=\"og:image:width\" content=\"768\" \/>\n\t<meta property=\"og:image:height\" content=\"768\" \/>\n\t<meta property=\"og:image:type\" content=\"image\/webp\" \/>\n<meta name=\"twitter:card\" content=\"summary_large_image\" \/>\n<script type=\"application\/ld+json\" class=\"yoast-schema-graph\">{\"@context\":\"https:\\\/\\\/schema.org\",\"@graph\":[{\"@type\":\"WebPage\",\"@id\":\"https:\\\/\\\/www.malinashop.lt\\\/shop\\\/medb-dr-some-veido-kremas-brandziai-odai-su-peptidais-ir-vitaminu-e-50-ml\\\/\",\"url\":\"https:\\\/\\\/www.malinashop.lt\\\/shop\\\/medb-dr-some-veido-kremas-brandziai-odai-su-peptidais-ir-vitaminu-e-50-ml\\\/\",\"name\":\"MEDB DR. SOME veido kremas brand\u017eiai odai su peptidais ir vitaminu E, 50 ml - MalinaShop.lt J\u016bs\u0173 sveikatai ir gro\u017eiui.\",\"isPartOf\":{\"@id\":\"https:\\\/\\\/www.malinashop.lt\\\/#website\"},\"primaryImageOfPage\":{\"@id\":\"https:\\\/\\\/www.malinashop.lt\\\/shop\\\/medb-dr-some-veido-kremas-brandziai-odai-su-peptidais-ir-vitaminu-e-50-ml\\\/#primaryimage\"},\"image\":{\"@id\":\"https:\\\/\\\/www.malinashop.lt\\\/shop\\\/medb-dr-some-veido-kremas-brandziai-odai-su-peptidais-ir-vitaminu-e-50-ml\\\/#primaryimage\"},\"thumbnailUrl\":\"https:\\\/\\\/www.malinashop.lt\\\/wp-content\\\/uploads\\\/2026\\\/01\\\/MEDB-DR.-SOME-veido-kremas-brandziai-odai-su-peptidais-ir-vitaminu-E-50-ml.webp\",\"datePublished\":\"2026-01-29T20:41:29+00:00\",\"dateModified\":\"2026-04-07T19:18:22+00:00\",\"description\":\"MEDB DR. SOME veido kremas brand\u017eiai odai 50 ml \u2013 kasdien\u0117 prie\u017ei\u016bra su peptidais ir vitaminais. Vitaminas E, alavijas ir alyvuogi\u0173 aliejus i\u0161saugot dr\u0117gm\u0119\",\"breadcrumb\":{\"@id\":\"https:\\\/\\\/www.malinashop.lt\\\/shop\\\/medb-dr-some-veido-kremas-brandziai-odai-su-peptidais-ir-vitaminu-e-50-ml\\\/#breadcrumb\"},\"inLanguage\":\"en-GB\",\"potentialAction\":[{\"@type\":\"ReadAction\",\"target\":[\"https:\\\/\\\/www.malinashop.lt\\\/shop\\\/medb-dr-some-veido-kremas-brandziai-odai-su-peptidais-ir-vitaminu-e-50-ml\\\/\"]}]},{\"@type\":\"ImageObject\",\"inLanguage\":\"en-GB\",\"@id\":\"https:\\\/\\\/www.malinashop.lt\\\/shop\\\/medb-dr-some-veido-kremas-brandziai-odai-su-peptidais-ir-vitaminu-e-50-ml\\\/#primaryimage\",\"url\":\"https:\\\/\\\/www.malinashop.lt\\\/wp-content\\\/uploads\\\/2026\\\/01\\\/MEDB-DR.-SOME-veido-kremas-brandziai-odai-su-peptidais-ir-vitaminu-E-50-ml.webp\",\"contentUrl\":\"https:\\\/\\\/www.malinashop.lt\\\/wp-content\\\/uploads\\\/2026\\\/01\\\/MEDB-DR.-SOME-veido-kremas-brandziai-odai-su-peptidais-ir-vitaminu-E-50-ml.webp\",\"width\":768,\"height\":768},{\"@type\":\"BreadcrumbList\",\"@id\":\"https:\\\/\\\/www.malinashop.lt\\\/shop\\\/medb-dr-some-veido-kremas-brandziai-odai-su-peptidais-ir-vitaminu-e-50-ml\\\/#breadcrumb\",\"itemListElement\":[{\"@type\":\"ListItem\",\"position\":1,\"name\":\"Pagrindinis\",\"item\":\"https:\\\/\\\/www.malinashop.lt\\\/\"},{\"@type\":\"ListItem\",\"position\":2,\"name\":\"Parduotuv\u0117\",\"item\":\"https:\\\/\\\/www.malinashop.lt\\\/en\\\/parduotuve\\\/\"},{\"@type\":\"ListItem\",\"position\":3,\"name\":\"MEDB DR. SOME veido kremas brand\u017eiai odai su peptidais ir vitaminu E, 50 ml\"}]},{\"@type\":\"WebSite\",\"@id\":\"https:\\\/\\\/www.malinashop.lt\\\/#website\",\"url\":\"https:\\\/\\\/www.malinashop.lt\\\/\",\"name\":\"COM Group Ecommerce\",\"description\":\"MalinaShop.lt - Gro\u017eio ir sveikatos produktai i\u0161 patikim\u0173 preki\u0173 \u017eenkl\u0173. Atraskite auk\u0161tos kokyb\u0117s kosmetik\u0105 u\u017e puiki\u0105 kain\u0105.\",\"publisher\":{\"@id\":\"https:\\\/\\\/www.malinashop.lt\\\/#organization\"},\"potentialAction\":[{\"@type\":\"SearchAction\",\"target\":{\"@type\":\"EntryPoint\",\"urlTemplate\":\"https:\\\/\\\/www.malinashop.lt\\\/?s={search_term_string}\"},\"query-input\":{\"@type\":\"PropertyValueSpecification\",\"valueRequired\":true,\"valueName\":\"search_term_string\"}}],\"inLanguage\":\"en-GB\"},{\"@type\":\"Organization\",\"@id\":\"https:\\\/\\\/www.malinashop.lt\\\/#organization\",\"name\":\"COM Group Ecommerce\",\"url\":\"https:\\\/\\\/www.malinashop.lt\\\/\",\"logo\":{\"@type\":\"ImageObject\",\"inLanguage\":\"en-GB\",\"@id\":\"https:\\\/\\\/www.malinashop.lt\\\/#\\\/schema\\\/logo\\\/image\\\/\",\"url\":\"https:\\\/\\\/www.malinashop.lt\\\/wp-content\\\/uploads\\\/2024\\\/08\\\/462559670_3787732518133670_9795632669273463_n-e1731525914575.png\",\"contentUrl\":\"https:\\\/\\\/www.malinashop.lt\\\/wp-content\\\/uploads\\\/2024\\\/08\\\/462559670_3787732518133670_9795632669273463_n-e1731525914575.png\",\"width\":180,\"height\":60,\"caption\":\"COM Group Ecommerce\"},\"image\":{\"@id\":\"https:\\\/\\\/www.malinashop.lt\\\/#\\\/schema\\\/logo\\\/image\\\/\"}}]}<\/script>\n<!-- \/ Yoast SEO plugin. -->","yoast_head_json":{"title":"MEDB DR. SOME veido kremas brand\u017eiai odai su peptidais ir vitaminu E, 50 ml - MalinaShop.lt J\u016bs\u0173 sveikatai ir gro\u017eiui.","description":"MEDB DR. SOME veido kremas brand\u017eiai odai 50 ml \u2013 kasdien\u0117 prie\u017ei\u016bra su peptidais ir vitaminais. Vitaminas E, alavijas ir alyvuogi\u0173 aliejus i\u0161saugot dr\u0117gm\u0119","robots":{"index":"index","follow":"follow","max-snippet":"max-snippet:-1","max-image-preview":"max-image-preview:large","max-video-preview":"max-video-preview:-1"},"canonical":"https:\/\/www.malinashop.lt\/en\/shop\/medb-dr-some-veido-kremas-brandziai-odai-su-peptidais-ir-vitaminu-e-50-ml\/","og_locale":"en_GB","og_type":"article","og_title":"MEDB DR. SOME veido kremas brand\u017eiai odai su peptidais ir vitaminu E, 50 ml - MalinaShop.lt J\u016bs\u0173 sveikatai ir gro\u017eiui.","og_description":"MEDB DR. SOME veido kremas brand\u017eiai odai 50 ml \u2013 kasdien\u0117 prie\u017ei\u016bra su peptidais ir vitaminais. Vitaminas E, alavijas ir alyvuogi\u0173 aliejus i\u0161saugot dr\u0117gm\u0119","og_url":"https:\/\/www.malinashop.lt\/en\/shop\/medb-dr-some-veido-kremas-brandziai-odai-su-peptidais-ir-vitaminu-e-50-ml\/","og_site_name":"MalinaShop.lt J\u016bs\u0173 sveikatai ir gro\u017eiui.","article_modified_time":"2026-04-07T19:18:22+00:00","og_image":[{"width":768,"height":768,"url":"https:\/\/www.malinashop.lt\/wp-content\/uploads\/2026\/01\/MEDB-DR.-SOME-veido-kremas-brandziai-odai-su-peptidais-ir-vitaminu-E-50-ml.webp","type":"image\/webp"}],"twitter_card":"summary_large_image","schema":{"@context":"https:\/\/schema.org","@graph":[{"@type":"WebPage","@id":"https:\/\/www.malinashop.lt\/shop\/medb-dr-some-veido-kremas-brandziai-odai-su-peptidais-ir-vitaminu-e-50-ml\/","url":"https:\/\/www.malinashop.lt\/shop\/medb-dr-some-veido-kremas-brandziai-odai-su-peptidais-ir-vitaminu-e-50-ml\/","name":"MEDB DR. SOME veido kremas brand\u017eiai odai su peptidais ir vitaminu E, 50 ml - MalinaShop.lt J\u016bs\u0173 sveikatai ir gro\u017eiui.","isPartOf":{"@id":"https:\/\/www.malinashop.lt\/#website"},"primaryImageOfPage":{"@id":"https:\/\/www.malinashop.lt\/shop\/medb-dr-some-veido-kremas-brandziai-odai-su-peptidais-ir-vitaminu-e-50-ml\/#primaryimage"},"image":{"@id":"https:\/\/www.malinashop.lt\/shop\/medb-dr-some-veido-kremas-brandziai-odai-su-peptidais-ir-vitaminu-e-50-ml\/#primaryimage"},"thumbnailUrl":"https:\/\/www.malinashop.lt\/wp-content\/uploads\/2026\/01\/MEDB-DR.-SOME-veido-kremas-brandziai-odai-su-peptidais-ir-vitaminu-E-50-ml.webp","datePublished":"2026-01-29T20:41:29+00:00","dateModified":"2026-04-07T19:18:22+00:00","description":"MEDB DR. SOME veido kremas brand\u017eiai odai 50 ml \u2013 kasdien\u0117 prie\u017ei\u016bra su peptidais ir vitaminais. Vitaminas E, alavijas ir alyvuogi\u0173 aliejus i\u0161saugot dr\u0117gm\u0119","breadcrumb":{"@id":"https:\/\/www.malinashop.lt\/shop\/medb-dr-some-veido-kremas-brandziai-odai-su-peptidais-ir-vitaminu-e-50-ml\/#breadcrumb"},"inLanguage":"en-GB","potentialAction":[{"@type":"ReadAction","target":["https:\/\/www.malinashop.lt\/shop\/medb-dr-some-veido-kremas-brandziai-odai-su-peptidais-ir-vitaminu-e-50-ml\/"]}]},{"@type":"ImageObject","inLanguage":"en-GB","@id":"https:\/\/www.malinashop.lt\/shop\/medb-dr-some-veido-kremas-brandziai-odai-su-peptidais-ir-vitaminu-e-50-ml\/#primaryimage","url":"https:\/\/www.malinashop.lt\/wp-content\/uploads\/2026\/01\/MEDB-DR.-SOME-veido-kremas-brandziai-odai-su-peptidais-ir-vitaminu-E-50-ml.webp","contentUrl":"https:\/\/www.malinashop.lt\/wp-content\/uploads\/2026\/01\/MEDB-DR.-SOME-veido-kremas-brandziai-odai-su-peptidais-ir-vitaminu-E-50-ml.webp","width":768,"height":768},{"@type":"BreadcrumbList","@id":"https:\/\/www.malinashop.lt\/shop\/medb-dr-some-veido-kremas-brandziai-odai-su-peptidais-ir-vitaminu-e-50-ml\/#breadcrumb","itemListElement":[{"@type":"ListItem","position":1,"name":"Pagrindinis","item":"https:\/\/www.malinashop.lt\/"},{"@type":"ListItem","position":2,"name":"Parduotuv\u0117","item":"https:\/\/www.malinashop.lt\/en\/parduotuve\/"},{"@type":"ListItem","position":3,"name":"MEDB DR. SOME veido kremas brand\u017eiai odai su peptidais ir vitaminu E, 50 ml"}]},{"@type":"WebSite","@id":"https:\/\/www.malinashop.lt\/#website","url":"https:\/\/www.malinashop.lt\/","name":"COM Group Ecommerce","description":"MalinaShop.lt - Gro\u017eio ir sveikatos produktai i\u0161 patikim\u0173 preki\u0173 \u017eenkl\u0173. Atraskite auk\u0161tos kokyb\u0117s kosmetik\u0105 u\u017e puiki\u0105 kain\u0105.","publisher":{"@id":"https:\/\/www.malinashop.lt\/#organization"},"potentialAction":[{"@type":"SearchAction","target":{"@type":"EntryPoint","urlTemplate":"https:\/\/www.malinashop.lt\/?s={search_term_string}"},"query-input":{"@type":"PropertyValueSpecification","valueRequired":true,"valueName":"search_term_string"}}],"inLanguage":"en-GB"},{"@type":"Organization","@id":"https:\/\/www.malinashop.lt\/#organization","name":"COM Group Ecommerce","url":"https:\/\/www.malinashop.lt\/","logo":{"@type":"ImageObject","inLanguage":"en-GB","@id":"https:\/\/www.malinashop.lt\/#\/schema\/logo\/image\/","url":"https:\/\/www.malinashop.lt\/wp-content\/uploads\/2024\/08\/462559670_3787732518133670_9795632669273463_n-e1731525914575.png","contentUrl":"https:\/\/www.malinashop.lt\/wp-content\/uploads\/2024\/08\/462559670_3787732518133670_9795632669273463_n-e1731525914575.png","width":180,"height":60,"caption":"COM Group Ecommerce"},"image":{"@id":"https:\/\/www.malinashop.lt\/#\/schema\/logo\/image\/"}}]}},"jetpack_sharing_enabled":true,"_links":{"self":[{"href":"https:\/\/www.malinashop.lt\/en\/wp-json\/wp\/v2\/product\/73608","targetHints":{"allow":["GET"]}}],"collection":[{"href":"https:\/\/www.malinashop.lt\/en\/wp-json\/wp\/v2\/product"}],"about":[{"href":"https:\/\/www.malinashop.lt\/en\/wp-json\/wp\/v2\/types\/product"}],"version-history":[{"count":1,"href":"https:\/\/www.malinashop.lt\/en\/wp-json\/wp\/v2\/product\/73608\/revisions"}],"predecessor-version":[{"id":73610,"href":"https:\/\/www.malinashop.lt\/en\/wp-json\/wp\/v2\/product\/73608\/revisions\/73610"}],"wp:featuredmedia":[{"embeddable":true,"href":"https:\/\/www.malinashop.lt\/en\/wp-json\/wp\/v2\/media\/73609"}],"wp:attachment":[{"href":"https:\/\/www.malinashop.lt\/en\/wp-json\/wp\/v2\/media?parent=73608"}],"wp:term":[{"taxonomy":"product_brand","embeddable":true,"href":"https:\/\/www.malinashop.lt\/en\/wp-json\/wp\/v2\/product_brand?post=73608"},{"taxonomy":"product_cat","embeddable":true,"href":"https:\/\/www.malinashop.lt\/en\/wp-json\/wp\/v2\/product_cat?post=73608"},{"taxonomy":"product_tag","embeddable":true,"href":"https:\/\/www.malinashop.lt\/en\/wp-json\/wp\/v2\/product_tag?post=73608"}],"curies":[{"name":"wp","href":"https:\/\/api.w.org\/{rel}","templated":true}]}}