{"id":73599,"date":"2026-01-29T23:33:33","date_gmt":"2026-01-29T20:33:33","guid":{"rendered":"https:\/\/malinashop.lt\/?post_type=product&#038;p=73599"},"modified":"2026-04-07T22:18:23","modified_gmt":"2026-04-07T19:18:23","slug":"medb-dr-some-drekinamasis-veido-kremas-50ml","status":"publish","type":"product","link":"https:\/\/www.malinashop.lt\/en\/shop\/medb-dr-some-drekinamasis-veido-kremas-50ml\/","title":{"rendered":"MEDB DR. SOME dr\u0117kinamasis veido kremas, 50ml"},"content":{"rendered":"<p data-start=\"164\" data-end=\"510\"><strong data-start=\"164\" data-end=\"207\">MEDB DR. SOME dr\u0117kinamasis veido kremas<\/strong> \u2013 kasdienis kremas, padedantis dr\u0117kinti ir maitinti od\u0105, suteikiantis <strong data-start=\"278\" data-end=\"315\">\u0161velnumo, elastingumo ir komforto<\/strong> poj\u016bt\u012f. Lengva kremo tekst\u016bra greitai \u012fsigeria, tod\u0117l oda po naudojimo jau\u010diasi sudr\u0117kinta, ta\u010diau neapsunkinta \u2013 priemon\u0117 nepalieka riebumo jausmo ir tinka tiek rytinei, tiek vakarinei rutinai.<\/p>\n<p data-start=\"512\" data-end=\"760\">Kremas tinka <strong data-start=\"525\" data-end=\"548\">visiems odos tipams<\/strong>, ta\u010diau ypa\u010d rekomenduojamas <strong data-start=\"578\" data-end=\"605\">sausai ir jautriai odai<\/strong>, kai norisi palaikyti odos dr\u0117gm\u0117s balans\u0105 ir suma\u017einti tempimo poj\u016bt\u012f. Reguliariai naudojant, oda gali atrodyti lygesn\u0117, mink\u0161tesn\u0117 ir labiau pri\u017ei\u016br\u0117ta.<\/p>\n<hr data-start=\"762\" data-end=\"765\" \/>\n<h3 data-start=\"767\" data-end=\"794\">Pagrindiniai privalumai<\/h3>\n<ul data-start=\"795\" data-end=\"1089\">\n<li data-start=\"795\" data-end=\"849\">\n<p data-start=\"797\" data-end=\"849\"><strong data-start=\"797\" data-end=\"819\">Dr\u0117kina ir maitina<\/strong> \u2013 kasdieniam odos komfortui<\/p>\n<\/li>\n<li data-start=\"850\" data-end=\"897\">\n<p data-start=\"852\" data-end=\"897\">Suteikia <strong data-start=\"861\" data-end=\"888\">\u0161velnumo ir elastingumo<\/strong> poj\u016bt\u012f<\/p>\n<\/li>\n<li data-start=\"898\" data-end=\"966\">\n<p data-start=\"900\" data-end=\"966\"><strong data-start=\"900\" data-end=\"919\">Lengva tekst\u016bra<\/strong> \u2013 greitai \u012fsigeria, nepalieka riebumo jausmo<\/p>\n<\/li>\n<li data-start=\"967\" data-end=\"1034\">\n<p data-start=\"969\" data-end=\"1034\">Tinka <strong data-start=\"975\" data-end=\"998\">visiems odos tipams<\/strong>, ypa\u010d <strong data-start=\"1005\" data-end=\"1032\">sausai ir jautriai odai<\/strong><\/p>\n<\/li>\n<li data-start=\"1035\" data-end=\"1089\">\n<p data-start=\"1037\" data-end=\"1089\">Padeda palaikyti <strong data-start=\"1054\" data-end=\"1078\">odos dr\u0117gm\u0117s balans\u0105<\/strong> vis\u0105 dien\u0105<\/p>\n<\/li>\n<\/ul>\n<hr data-start=\"1091\" data-end=\"1094\" \/>\n<h3 data-start=\"1096\" data-end=\"1110\">Naudojimas<\/h3>\n<p data-start=\"1111\" data-end=\"1173\">Kasdien <strong data-start=\"1119\" data-end=\"1137\">ryte ir vakare<\/strong> tepkite ant <strong data-start=\"1150\" data-end=\"1172\">\u0161varios veido odos<\/strong>.<\/p>\n","protected":false},"excerpt":{"rendered":"<p data-start=\"2181\" data-end=\"2342\">Lengvos tekst\u016bros dr\u0117kinamasis veido kremas \u2013 dr\u0117kina, maitina ir suteikia odai \u0161velnumo bei komforto poj\u016bt\u012f, 50 ml.<\/p>\n","protected":false},"featured_media":73600,"template":"","meta":[],"product_brand":[1544],"product_cat":[187,728],"product_tag":[1609],"class_list":{"0":"post-73599","1":"product","2":"type-product","3":"status-publish","4":"has-post-thumbnail","6":"product_brand-medb","7":"product_cat-veido-kremai","8":"product_cat-veidui","9":"product_tag-medb","11":"first","12":"instock","13":"sale","14":"taxable","15":"shipping-taxable","16":"purchasable","17":"product-type-simple"},"yoast_head":"<!-- This site is optimized with the Yoast SEO plugin v27.4 - https:\/\/yoast.com\/product\/yoast-seo-wordpress\/ -->\n<title>MEDB DR. SOME dr\u0117kinamasis veido kremas, 50ml - MalinaShop.lt J\u016bs\u0173 sveikatai ir gro\u017eiui.<\/title>\n<meta name=\"description\" content=\"MEDB DR. SOME dr\u0117kinamasis veido kremas 50 ml \u2013 lengvos tekst\u016bros kremas kasdienai. Dr\u0117kina, maitina, nepalieka riebumo, padeda palaikyti dr\u0117gm\u0117s balans\u0105.\" \/>\n<meta name=\"robots\" content=\"index, follow, max-snippet:-1, max-image-preview:large, max-video-preview:-1\" \/>\n<link rel=\"canonical\" href=\"https:\/\/www.malinashop.lt\/en\/shop\/medb-dr-some-drekinamasis-veido-kremas-50ml\/\" \/>\n<meta property=\"og:locale\" content=\"en_GB\" \/>\n<meta property=\"og:type\" content=\"article\" \/>\n<meta property=\"og:title\" content=\"MEDB DR. SOME dr\u0117kinamasis veido kremas, 50ml - MalinaShop.lt J\u016bs\u0173 sveikatai ir gro\u017eiui.\" \/>\n<meta property=\"og:description\" content=\"MEDB DR. SOME dr\u0117kinamasis veido kremas 50 ml \u2013 lengvos tekst\u016bros kremas kasdienai. Dr\u0117kina, maitina, nepalieka riebumo, padeda palaikyti dr\u0117gm\u0117s balans\u0105.\" \/>\n<meta property=\"og:url\" content=\"https:\/\/www.malinashop.lt\/en\/shop\/medb-dr-some-drekinamasis-veido-kremas-50ml\/\" \/>\n<meta property=\"og:site_name\" content=\"MalinaShop.lt J\u016bs\u0173 sveikatai ir gro\u017eiui.\" \/>\n<meta property=\"article:modified_time\" content=\"2026-04-07T19:18:23+00:00\" \/>\n<meta property=\"og:image\" content=\"https:\/\/www.malinashop.lt\/wp-content\/uploads\/2026\/01\/MEDB-DR.-SOME-drekinamasis-veido-kremas-50ml.webp\" \/>\n\t<meta property=\"og:image:width\" content=\"768\" \/>\n\t<meta property=\"og:image:height\" content=\"768\" \/>\n\t<meta property=\"og:image:type\" content=\"image\/webp\" \/>\n<meta name=\"twitter:card\" content=\"summary_large_image\" \/>\n<script type=\"application\/ld+json\" class=\"yoast-schema-graph\">{\"@context\":\"https:\\\/\\\/schema.org\",\"@graph\":[{\"@type\":\"WebPage\",\"@id\":\"https:\\\/\\\/www.malinashop.lt\\\/lt_lt\\\/shop\\\/medb-dr-some-drekinamasis-veido-kremas-50ml\\\/\",\"url\":\"https:\\\/\\\/www.malinashop.lt\\\/lt_lt\\\/shop\\\/medb-dr-some-drekinamasis-veido-kremas-50ml\\\/\",\"name\":\"MEDB DR. SOME dr\u0117kinamasis veido kremas, 50ml - MalinaShop.lt J\u016bs\u0173 sveikatai ir gro\u017eiui.\",\"isPartOf\":{\"@id\":\"https:\\\/\\\/www.malinashop.lt\\\/#website\"},\"primaryImageOfPage\":{\"@id\":\"https:\\\/\\\/www.malinashop.lt\\\/lt_lt\\\/shop\\\/medb-dr-some-drekinamasis-veido-kremas-50ml\\\/#primaryimage\"},\"image\":{\"@id\":\"https:\\\/\\\/www.malinashop.lt\\\/lt_lt\\\/shop\\\/medb-dr-some-drekinamasis-veido-kremas-50ml\\\/#primaryimage\"},\"thumbnailUrl\":\"https:\\\/\\\/www.malinashop.lt\\\/wp-content\\\/uploads\\\/2026\\\/01\\\/MEDB-DR.-SOME-drekinamasis-veido-kremas-50ml.webp\",\"datePublished\":\"2026-01-29T20:33:33+00:00\",\"dateModified\":\"2026-04-07T19:18:23+00:00\",\"description\":\"MEDB DR. SOME dr\u0117kinamasis veido kremas 50 ml \u2013 lengvos tekst\u016bros kremas kasdienai. Dr\u0117kina, maitina, nepalieka riebumo, padeda palaikyti dr\u0117gm\u0117s balans\u0105.\",\"breadcrumb\":{\"@id\":\"https:\\\/\\\/www.malinashop.lt\\\/lt_lt\\\/shop\\\/medb-dr-some-drekinamasis-veido-kremas-50ml\\\/#breadcrumb\"},\"inLanguage\":\"en-GB\",\"potentialAction\":[{\"@type\":\"ReadAction\",\"target\":[\"https:\\\/\\\/www.malinashop.lt\\\/lt_lt\\\/shop\\\/medb-dr-some-drekinamasis-veido-kremas-50ml\\\/\"]}]},{\"@type\":\"ImageObject\",\"inLanguage\":\"en-GB\",\"@id\":\"https:\\\/\\\/www.malinashop.lt\\\/lt_lt\\\/shop\\\/medb-dr-some-drekinamasis-veido-kremas-50ml\\\/#primaryimage\",\"url\":\"https:\\\/\\\/www.malinashop.lt\\\/wp-content\\\/uploads\\\/2026\\\/01\\\/MEDB-DR.-SOME-drekinamasis-veido-kremas-50ml.webp\",\"contentUrl\":\"https:\\\/\\\/www.malinashop.lt\\\/wp-content\\\/uploads\\\/2026\\\/01\\\/MEDB-DR.-SOME-drekinamasis-veido-kremas-50ml.webp\",\"width\":768,\"height\":768},{\"@type\":\"BreadcrumbList\",\"@id\":\"https:\\\/\\\/www.malinashop.lt\\\/lt_lt\\\/shop\\\/medb-dr-some-drekinamasis-veido-kremas-50ml\\\/#breadcrumb\",\"itemListElement\":[{\"@type\":\"ListItem\",\"position\":1,\"name\":\"Pagrindinis\",\"item\":\"https:\\\/\\\/www.malinashop.lt\\\/\"},{\"@type\":\"ListItem\",\"position\":2,\"name\":\"Parduotuv\u0117\",\"item\":\"https:\\\/\\\/www.malinashop.lt\\\/en\\\/parduotuve\\\/\"},{\"@type\":\"ListItem\",\"position\":3,\"name\":\"MEDB DR. SOME dr\u0117kinamasis veido kremas, 50ml\"}]},{\"@type\":\"WebSite\",\"@id\":\"https:\\\/\\\/www.malinashop.lt\\\/#website\",\"url\":\"https:\\\/\\\/www.malinashop.lt\\\/\",\"name\":\"COM Group Ecommerce\",\"description\":\"MalinaShop.lt - Gro\u017eio ir sveikatos produktai i\u0161 patikim\u0173 preki\u0173 \u017eenkl\u0173. Atraskite auk\u0161tos kokyb\u0117s kosmetik\u0105 u\u017e puiki\u0105 kain\u0105.\",\"publisher\":{\"@id\":\"https:\\\/\\\/www.malinashop.lt\\\/#organization\"},\"potentialAction\":[{\"@type\":\"SearchAction\",\"target\":{\"@type\":\"EntryPoint\",\"urlTemplate\":\"https:\\\/\\\/www.malinashop.lt\\\/?s={search_term_string}\"},\"query-input\":{\"@type\":\"PropertyValueSpecification\",\"valueRequired\":true,\"valueName\":\"search_term_string\"}}],\"inLanguage\":\"en-GB\"},{\"@type\":\"Organization\",\"@id\":\"https:\\\/\\\/www.malinashop.lt\\\/#organization\",\"name\":\"COM Group Ecommerce\",\"url\":\"https:\\\/\\\/www.malinashop.lt\\\/\",\"logo\":{\"@type\":\"ImageObject\",\"inLanguage\":\"en-GB\",\"@id\":\"https:\\\/\\\/www.malinashop.lt\\\/#\\\/schema\\\/logo\\\/image\\\/\",\"url\":\"https:\\\/\\\/www.malinashop.lt\\\/wp-content\\\/uploads\\\/2024\\\/08\\\/462559670_3787732518133670_9795632669273463_n-e1731525914575.png\",\"contentUrl\":\"https:\\\/\\\/www.malinashop.lt\\\/wp-content\\\/uploads\\\/2024\\\/08\\\/462559670_3787732518133670_9795632669273463_n-e1731525914575.png\",\"width\":180,\"height\":60,\"caption\":\"COM Group Ecommerce\"},\"image\":{\"@id\":\"https:\\\/\\\/www.malinashop.lt\\\/#\\\/schema\\\/logo\\\/image\\\/\"}}]}<\/script>\n<!-- \/ Yoast SEO plugin. -->","yoast_head_json":{"title":"MEDB DR. SOME dr\u0117kinamasis veido kremas, 50ml - MalinaShop.lt J\u016bs\u0173 sveikatai ir gro\u017eiui.","description":"MEDB DR. SOME dr\u0117kinamasis veido kremas 50 ml \u2013 lengvos tekst\u016bros kremas kasdienai. Dr\u0117kina, maitina, nepalieka riebumo, padeda palaikyti dr\u0117gm\u0117s balans\u0105.","robots":{"index":"index","follow":"follow","max-snippet":"max-snippet:-1","max-image-preview":"max-image-preview:large","max-video-preview":"max-video-preview:-1"},"canonical":"https:\/\/www.malinashop.lt\/en\/shop\/medb-dr-some-drekinamasis-veido-kremas-50ml\/","og_locale":"en_GB","og_type":"article","og_title":"MEDB DR. SOME dr\u0117kinamasis veido kremas, 50ml - MalinaShop.lt J\u016bs\u0173 sveikatai ir gro\u017eiui.","og_description":"MEDB DR. SOME dr\u0117kinamasis veido kremas 50 ml \u2013 lengvos tekst\u016bros kremas kasdienai. Dr\u0117kina, maitina, nepalieka riebumo, padeda palaikyti dr\u0117gm\u0117s balans\u0105.","og_url":"https:\/\/www.malinashop.lt\/en\/shop\/medb-dr-some-drekinamasis-veido-kremas-50ml\/","og_site_name":"MalinaShop.lt J\u016bs\u0173 sveikatai ir gro\u017eiui.","article_modified_time":"2026-04-07T19:18:23+00:00","og_image":[{"width":768,"height":768,"url":"https:\/\/www.malinashop.lt\/wp-content\/uploads\/2026\/01\/MEDB-DR.-SOME-drekinamasis-veido-kremas-50ml.webp","type":"image\/webp"}],"twitter_card":"summary_large_image","schema":{"@context":"https:\/\/schema.org","@graph":[{"@type":"WebPage","@id":"https:\/\/www.malinashop.lt\/lt_lt\/shop\/medb-dr-some-drekinamasis-veido-kremas-50ml\/","url":"https:\/\/www.malinashop.lt\/lt_lt\/shop\/medb-dr-some-drekinamasis-veido-kremas-50ml\/","name":"MEDB DR. SOME dr\u0117kinamasis veido kremas, 50ml - MalinaShop.lt J\u016bs\u0173 sveikatai ir gro\u017eiui.","isPartOf":{"@id":"https:\/\/www.malinashop.lt\/#website"},"primaryImageOfPage":{"@id":"https:\/\/www.malinashop.lt\/lt_lt\/shop\/medb-dr-some-drekinamasis-veido-kremas-50ml\/#primaryimage"},"image":{"@id":"https:\/\/www.malinashop.lt\/lt_lt\/shop\/medb-dr-some-drekinamasis-veido-kremas-50ml\/#primaryimage"},"thumbnailUrl":"https:\/\/www.malinashop.lt\/wp-content\/uploads\/2026\/01\/MEDB-DR.-SOME-drekinamasis-veido-kremas-50ml.webp","datePublished":"2026-01-29T20:33:33+00:00","dateModified":"2026-04-07T19:18:23+00:00","description":"MEDB DR. SOME dr\u0117kinamasis veido kremas 50 ml \u2013 lengvos tekst\u016bros kremas kasdienai. Dr\u0117kina, maitina, nepalieka riebumo, padeda palaikyti dr\u0117gm\u0117s balans\u0105.","breadcrumb":{"@id":"https:\/\/www.malinashop.lt\/lt_lt\/shop\/medb-dr-some-drekinamasis-veido-kremas-50ml\/#breadcrumb"},"inLanguage":"en-GB","potentialAction":[{"@type":"ReadAction","target":["https:\/\/www.malinashop.lt\/lt_lt\/shop\/medb-dr-some-drekinamasis-veido-kremas-50ml\/"]}]},{"@type":"ImageObject","inLanguage":"en-GB","@id":"https:\/\/www.malinashop.lt\/lt_lt\/shop\/medb-dr-some-drekinamasis-veido-kremas-50ml\/#primaryimage","url":"https:\/\/www.malinashop.lt\/wp-content\/uploads\/2026\/01\/MEDB-DR.-SOME-drekinamasis-veido-kremas-50ml.webp","contentUrl":"https:\/\/www.malinashop.lt\/wp-content\/uploads\/2026\/01\/MEDB-DR.-SOME-drekinamasis-veido-kremas-50ml.webp","width":768,"height":768},{"@type":"BreadcrumbList","@id":"https:\/\/www.malinashop.lt\/lt_lt\/shop\/medb-dr-some-drekinamasis-veido-kremas-50ml\/#breadcrumb","itemListElement":[{"@type":"ListItem","position":1,"name":"Pagrindinis","item":"https:\/\/www.malinashop.lt\/"},{"@type":"ListItem","position":2,"name":"Parduotuv\u0117","item":"https:\/\/www.malinashop.lt\/en\/parduotuve\/"},{"@type":"ListItem","position":3,"name":"MEDB DR. SOME dr\u0117kinamasis veido kremas, 50ml"}]},{"@type":"WebSite","@id":"https:\/\/www.malinashop.lt\/#website","url":"https:\/\/www.malinashop.lt\/","name":"COM Group Ecommerce","description":"MalinaShop.lt - Gro\u017eio ir sveikatos produktai i\u0161 patikim\u0173 preki\u0173 \u017eenkl\u0173. Atraskite auk\u0161tos kokyb\u0117s kosmetik\u0105 u\u017e puiki\u0105 kain\u0105.","publisher":{"@id":"https:\/\/www.malinashop.lt\/#organization"},"potentialAction":[{"@type":"SearchAction","target":{"@type":"EntryPoint","urlTemplate":"https:\/\/www.malinashop.lt\/?s={search_term_string}"},"query-input":{"@type":"PropertyValueSpecification","valueRequired":true,"valueName":"search_term_string"}}],"inLanguage":"en-GB"},{"@type":"Organization","@id":"https:\/\/www.malinashop.lt\/#organization","name":"COM Group Ecommerce","url":"https:\/\/www.malinashop.lt\/","logo":{"@type":"ImageObject","inLanguage":"en-GB","@id":"https:\/\/www.malinashop.lt\/#\/schema\/logo\/image\/","url":"https:\/\/www.malinashop.lt\/wp-content\/uploads\/2024\/08\/462559670_3787732518133670_9795632669273463_n-e1731525914575.png","contentUrl":"https:\/\/www.malinashop.lt\/wp-content\/uploads\/2024\/08\/462559670_3787732518133670_9795632669273463_n-e1731525914575.png","width":180,"height":60,"caption":"COM Group Ecommerce"},"image":{"@id":"https:\/\/www.malinashop.lt\/#\/schema\/logo\/image\/"}}]}},"jetpack_sharing_enabled":true,"_links":{"self":[{"href":"https:\/\/www.malinashop.lt\/en\/wp-json\/wp\/v2\/product\/73599","targetHints":{"allow":["GET"]}}],"collection":[{"href":"https:\/\/www.malinashop.lt\/en\/wp-json\/wp\/v2\/product"}],"about":[{"href":"https:\/\/www.malinashop.lt\/en\/wp-json\/wp\/v2\/types\/product"}],"version-history":[{"count":1,"href":"https:\/\/www.malinashop.lt\/en\/wp-json\/wp\/v2\/product\/73599\/revisions"}],"predecessor-version":[{"id":73601,"href":"https:\/\/www.malinashop.lt\/en\/wp-json\/wp\/v2\/product\/73599\/revisions\/73601"}],"wp:featuredmedia":[{"embeddable":true,"href":"https:\/\/www.malinashop.lt\/en\/wp-json\/wp\/v2\/media\/73600"}],"wp:attachment":[{"href":"https:\/\/www.malinashop.lt\/en\/wp-json\/wp\/v2\/media?parent=73599"}],"wp:term":[{"taxonomy":"product_brand","embeddable":true,"href":"https:\/\/www.malinashop.lt\/en\/wp-json\/wp\/v2\/product_brand?post=73599"},{"taxonomy":"product_cat","embeddable":true,"href":"https:\/\/www.malinashop.lt\/en\/wp-json\/wp\/v2\/product_cat?post=73599"},{"taxonomy":"product_tag","embeddable":true,"href":"https:\/\/www.malinashop.lt\/en\/wp-json\/wp\/v2\/product_tag?post=73599"}],"curies":[{"name":"wp","href":"https:\/\/api.w.org\/{rel}","templated":true}]}}