{"id":73596,"date":"2026-01-29T23:31:23","date_gmt":"2026-01-29T20:31:23","guid":{"rendered":"https:\/\/malinashop.lt\/?post_type=product&#038;p=73596"},"modified":"2026-04-07T22:18:23","modified_gmt":"2026-04-07T19:18:23","slug":"medb-intensyviai-atkuriamosios-ampules-galvos-odai-ir-plaukams-10-ml-x-20-vnt","status":"publish","type":"product","link":"https:\/\/www.malinashop.lt\/en\/shop\/medb-intensyviai-atkuriamosios-ampules-galvos-odai-ir-plaukams-10-ml-x-20-vnt\/","title":{"rendered":"MEDB intensyviai atkuriamosios ampul\u0117s galvos odai ir plaukams, 10 ml x 20 vnt"},"content":{"rendered":"<p data-start=\"234\" data-end=\"541\"><strong data-start=\"234\" data-end=\"295\">MEDB lak\u0161tin\u0117 veido kauk\u0117 su alavijo ekstraktu 1 DAY ALOE<\/strong> \u2013 dr\u0117kinanti ir raminamojo poj\u016b\u010dio suteikianti lak\u0161tin\u0117 kauk\u0117, skirta kasdieniam odos komfortui palaikyti. Kauk\u0117 padeda odai jaustis sudr\u0117kintai, suteikia \u0161velnumo ir gaivos poj\u016bt\u012f, tod\u0117l puikiai tinka, kai oda jau\u010diasi i\u0161saus\u0117jusi ar jautresn\u0117.<\/p>\n<p data-start=\"543\" data-end=\"849\">Sud\u0117tyje esantis <strong data-start=\"560\" data-end=\"582\">alavijo ekstraktas<\/strong> padeda palaikyti odos dr\u0117gm\u0117s balans\u0105 ir suteikia komforto jausm\u0105. Reguliariai naudojant, kauk\u0117 gali prisid\u0117ti prie <strong data-start=\"699\" data-end=\"730\">\u0161velnesn\u0117s ir elastingesn\u0117s<\/strong> odos poj\u016b\u010dio, tod\u0117l ji ypa\u010d tinkama <strong data-start=\"767\" data-end=\"794\">sausai ir jautriai odai<\/strong> bei kaip greitas odos atgaivinimas po \u012ftemptos dienos.<\/p>\n<p data-start=\"196\" data-end=\"591\"><strong data-start=\"196\" data-end=\"262\">MEDB intensyviai atkuriamosios ampul\u0117s galvos odai ir plaukams<\/strong> \u2013 tai koncentruotas plauk\u0173 serumas ampul\u0117se, skirtas nusilpusiems, i\u0161saus\u0117jusiems, kar\u0161\u010dio pa\u017eeistiems ir slinkimui linkusiems plaukams. Priemon\u0117 gali prisid\u0117ti prie galvos odos mikrocirkuliacijos skatinimo poj\u016b\u010dio, o plauko pavir\u0161i\u0173 (\u017evynelius) padeda glotninti, tod\u0117l plaukai gali atrodyti lygesni, elastingesni ir \u017evilgantys.<\/p>\n<p data-start=\"593\" data-end=\"837\">Formul\u0117je esantys <strong data-start=\"611\" data-end=\"652\">pantenolis, fitosteroliai ir mentolis<\/strong> padeda suteikti gaivos poj\u016bt\u012f ir gali prisid\u0117ti prie plauk\u0173 augimo skatinimo, o <strong data-start=\"733\" data-end=\"768\">peptidai, keramidai ir baltymai<\/strong> padeda puosel\u0117ti plauk\u0105, suteikti glotnumo ir pri\u017ei\u016br\u0117tos i\u0161vaizdos.<\/p>\n<p data-start=\"839\" data-end=\"923\"><strong data-start=\"839\" data-end=\"849\">Tinka:<\/strong> plaukams, linkusiems \u012f slinkim\u0105, nuo kar\u0161\u010dio pa\u017eeistiems, i\u0161saus\u0117jusiems.<\/p>\n<hr data-start=\"925\" data-end=\"928\" \/>\n<h3 data-start=\"930\" data-end=\"944\">Naudojimas<\/h3>\n<p data-start=\"945\" data-end=\"1199\"><strong data-start=\"945\" data-end=\"957\">1 b\u016bdas:<\/strong><br data-start=\"957\" data-end=\"960\" \/>Suskirstykite i\u0161plautus plaukus sruogomis. Kelis la\u0161us ampul\u0117s turinio u\u017ela\u0161inkite ant plauk\u0173 sruogos ir galvos odos, \u0161velniai \u012fmasa\u017euokite. Palikite veikti <strong data-start=\"1117\" data-end=\"1130\">5\u201315 min.<\/strong>, tuomet gerai i\u0161skalaukite vandeniu. Toliau formuokite kaip \u012fprasta.<\/p>\n<p data-start=\"1201\" data-end=\"1430\"><strong data-start=\"1201\" data-end=\"1213\">2 b\u016bdas:<\/strong><br data-start=\"1213\" data-end=\"1216\" \/>Sumai\u0161ykite ampul\u0117s turin\u012f su vandeniu <strong data-start=\"1255\" data-end=\"1264\">50\/50<\/strong> santykiu. Tepkite ant i\u0161plaut\u0173 plauk\u0173 nuo galvos odos iki galiuk\u0173. Palikite veikti <strong data-start=\"1348\" data-end=\"1361\">5\u201315 min.<\/strong>, tuomet gerai i\u0161skalaukite vandeniu. Toliau formuokite kaip \u012fprasta.<\/p>\n<p data-start=\"1432\" data-end=\"1546\"><strong data-start=\"1432\" data-end=\"1450\">Rekomendacija:<\/strong> ilgalaikiam efektui naudoti <strong data-start=\"1479\" data-end=\"1493\">6 savaites<\/strong>, <strong data-start=\"1495\" data-end=\"1521\">1\u20132 kartus per savait\u0119<\/strong> (pakuot\u0117je <strong data-start=\"1533\" data-end=\"1544\">20 vnt.<\/strong>).<\/p>\n<hr data-start=\"1548\" data-end=\"1551\" \/>\n<h3 data-start=\"1553\" data-end=\"1571\">Sud\u0117tis (INCI)<\/h3>\n<p data-start=\"1572\" data-end=\"2153\">Glycerin, Alcohol, Myrist Alcohol, Water, Steartrimonium Chloride, Fragrance, l-Menthol, Salicylic Acid, Dexpanthenol, Arginine, Hydrolyzed Soy Protein, Hydrolyzed Pea Protein, Phytosterols, Lecithin, Olea Europaea (Olive) Fruit Oil, Squalene, Acetyl Hexapeptide-8(100ppb), Copper Tripeptide-1(100ppb), Butyrospermum Parkii (Shea) Butter, Ceramide NP, Palmitoyl Pentapeptide-4(10ppb), Cetrimonium Chloride, Isopropyl Alcohol, Behentrimonium Chloride, Disodium EDTA, Butylene Glycol, Propanediol, 1,2-Hexanediol, Sodium Benzoate, Ethylhexylglycerin, Citronellol, Limonene, Linalool.<\/p>\n<p>&nbsp;<\/p>\n","protected":false},"excerpt":{"rendered":"<p data-start=\"2181\" data-end=\"2342\">Atkuriamosios ampul\u0117s galvos odai ir plaukams su pantenoliu, mentoliu, peptidais, keramidu ir baltymais \u2013 glotnumui, \u017evilgesiui ir stipresn\u0117s i\u0161vaizdos poj\u016b\u010diui.<\/p>\n","protected":false},"featured_media":73597,"template":"","meta":[],"product_brand":[1544],"product_cat":[711,517],"product_tag":[1609],"class_list":{"0":"post-73596","1":"product","2":"type-product","3":"status-publish","4":"has-post-thumbnail","6":"product_brand-medb","7":"product_cat-plaukams","8":"product_cat-plauku-kaukes-ir-kremai-ampules","9":"product_tag-medb","11":"first","12":"instock","13":"sale","14":"taxable","15":"shipping-taxable","16":"purchasable","17":"product-type-simple"},"yoast_head":"<!-- This site is optimized with the Yoast SEO plugin v27.4 - https:\/\/yoast.com\/product\/yoast-seo-wordpress\/ -->\n<title>MEDB intensyviai atkuriamosios ampul\u0117s galvos odai ir plaukams, 10 ml x 20 vnt - MalinaShop.lt J\u016bs\u0173 sveikatai ir gro\u017eiui.<\/title>\n<meta name=\"description\" content=\"MEDB atkuriamosios ampul\u0117s galvos odai ir plaukams 10 ml x 20 vnt \u2013 pantenolis, peptidai, keramidas. Glotnumui ir \u017evilgesiui.\" \/>\n<meta name=\"robots\" content=\"index, follow, max-snippet:-1, max-image-preview:large, max-video-preview:-1\" \/>\n<link rel=\"canonical\" href=\"https:\/\/www.malinashop.lt\/en\/shop\/medb-intensyviai-atkuriamosios-ampules-galvos-odai-ir-plaukams-10-ml-x-20-vnt\/\" \/>\n<meta property=\"og:locale\" content=\"en_GB\" \/>\n<meta property=\"og:type\" content=\"article\" \/>\n<meta property=\"og:title\" content=\"MEDB intensyviai atkuriamosios ampul\u0117s galvos odai ir plaukams, 10 ml x 20 vnt - MalinaShop.lt J\u016bs\u0173 sveikatai ir gro\u017eiui.\" \/>\n<meta property=\"og:description\" content=\"MEDB atkuriamosios ampul\u0117s galvos odai ir plaukams 10 ml x 20 vnt \u2013 pantenolis, peptidai, keramidas. Glotnumui ir \u017evilgesiui.\" \/>\n<meta property=\"og:url\" content=\"https:\/\/www.malinashop.lt\/en\/shop\/medb-intensyviai-atkuriamosios-ampules-galvos-odai-ir-plaukams-10-ml-x-20-vnt\/\" \/>\n<meta property=\"og:site_name\" content=\"MalinaShop.lt J\u016bs\u0173 sveikatai ir gro\u017eiui.\" \/>\n<meta property=\"article:modified_time\" content=\"2026-04-07T19:18:23+00:00\" \/>\n<meta property=\"og:image\" content=\"https:\/\/www.malinashop.lt\/wp-content\/uploads\/2026\/01\/MEDB-intensyviai-atkuriamosios-ampules-galvos-odai-ir-plaukams-10-ml-x-20-vnt.webp\" \/>\n\t<meta property=\"og:image:width\" content=\"768\" \/>\n\t<meta property=\"og:image:height\" content=\"768\" \/>\n\t<meta property=\"og:image:type\" content=\"image\/webp\" \/>\n<meta name=\"twitter:card\" content=\"summary_large_image\" \/>\n<script type=\"application\/ld+json\" class=\"yoast-schema-graph\">{\"@context\":\"https:\\\/\\\/schema.org\",\"@graph\":[{\"@type\":\"WebPage\",\"@id\":\"https:\\\/\\\/www.malinashop.lt\\\/lt_lt\\\/shop\\\/medb-intensyviai-atkuriamosios-ampules-galvos-odai-ir-plaukams-10-ml-x-20-vnt\\\/\",\"url\":\"https:\\\/\\\/www.malinashop.lt\\\/lt_lt\\\/shop\\\/medb-intensyviai-atkuriamosios-ampules-galvos-odai-ir-plaukams-10-ml-x-20-vnt\\\/\",\"name\":\"MEDB intensyviai atkuriamosios ampul\u0117s galvos odai ir plaukams, 10 ml x 20 vnt - MalinaShop.lt J\u016bs\u0173 sveikatai ir gro\u017eiui.\",\"isPartOf\":{\"@id\":\"https:\\\/\\\/www.malinashop.lt\\\/#website\"},\"primaryImageOfPage\":{\"@id\":\"https:\\\/\\\/www.malinashop.lt\\\/lt_lt\\\/shop\\\/medb-intensyviai-atkuriamosios-ampules-galvos-odai-ir-plaukams-10-ml-x-20-vnt\\\/#primaryimage\"},\"image\":{\"@id\":\"https:\\\/\\\/www.malinashop.lt\\\/lt_lt\\\/shop\\\/medb-intensyviai-atkuriamosios-ampules-galvos-odai-ir-plaukams-10-ml-x-20-vnt\\\/#primaryimage\"},\"thumbnailUrl\":\"https:\\\/\\\/www.malinashop.lt\\\/wp-content\\\/uploads\\\/2026\\\/01\\\/MEDB-intensyviai-atkuriamosios-ampules-galvos-odai-ir-plaukams-10-ml-x-20-vnt.webp\",\"datePublished\":\"2026-01-29T20:31:23+00:00\",\"dateModified\":\"2026-04-07T19:18:23+00:00\",\"description\":\"MEDB atkuriamosios ampul\u0117s galvos odai ir plaukams 10 ml x 20 vnt \u2013 pantenolis, peptidai, keramidas. Glotnumui ir \u017evilgesiui.\",\"breadcrumb\":{\"@id\":\"https:\\\/\\\/www.malinashop.lt\\\/lt_lt\\\/shop\\\/medb-intensyviai-atkuriamosios-ampules-galvos-odai-ir-plaukams-10-ml-x-20-vnt\\\/#breadcrumb\"},\"inLanguage\":\"en-GB\",\"potentialAction\":[{\"@type\":\"ReadAction\",\"target\":[\"https:\\\/\\\/www.malinashop.lt\\\/lt_lt\\\/shop\\\/medb-intensyviai-atkuriamosios-ampules-galvos-odai-ir-plaukams-10-ml-x-20-vnt\\\/\"]}]},{\"@type\":\"ImageObject\",\"inLanguage\":\"en-GB\",\"@id\":\"https:\\\/\\\/www.malinashop.lt\\\/lt_lt\\\/shop\\\/medb-intensyviai-atkuriamosios-ampules-galvos-odai-ir-plaukams-10-ml-x-20-vnt\\\/#primaryimage\",\"url\":\"https:\\\/\\\/www.malinashop.lt\\\/wp-content\\\/uploads\\\/2026\\\/01\\\/MEDB-intensyviai-atkuriamosios-ampules-galvos-odai-ir-plaukams-10-ml-x-20-vnt.webp\",\"contentUrl\":\"https:\\\/\\\/www.malinashop.lt\\\/wp-content\\\/uploads\\\/2026\\\/01\\\/MEDB-intensyviai-atkuriamosios-ampules-galvos-odai-ir-plaukams-10-ml-x-20-vnt.webp\",\"width\":768,\"height\":768},{\"@type\":\"BreadcrumbList\",\"@id\":\"https:\\\/\\\/www.malinashop.lt\\\/lt_lt\\\/shop\\\/medb-intensyviai-atkuriamosios-ampules-galvos-odai-ir-plaukams-10-ml-x-20-vnt\\\/#breadcrumb\",\"itemListElement\":[{\"@type\":\"ListItem\",\"position\":1,\"name\":\"Pagrindinis\",\"item\":\"https:\\\/\\\/www.malinashop.lt\\\/\"},{\"@type\":\"ListItem\",\"position\":2,\"name\":\"Parduotuv\u0117\",\"item\":\"https:\\\/\\\/www.malinashop.lt\\\/en\\\/parduotuve\\\/\"},{\"@type\":\"ListItem\",\"position\":3,\"name\":\"MEDB intensyviai atkuriamosios ampul\u0117s galvos odai ir plaukams, 10 ml x 20 vnt\"}]},{\"@type\":\"WebSite\",\"@id\":\"https:\\\/\\\/www.malinashop.lt\\\/#website\",\"url\":\"https:\\\/\\\/www.malinashop.lt\\\/\",\"name\":\"COM Group Ecommerce\",\"description\":\"MalinaShop.lt - Gro\u017eio ir sveikatos produktai i\u0161 patikim\u0173 preki\u0173 \u017eenkl\u0173. Atraskite auk\u0161tos kokyb\u0117s kosmetik\u0105 u\u017e puiki\u0105 kain\u0105.\",\"publisher\":{\"@id\":\"https:\\\/\\\/www.malinashop.lt\\\/#organization\"},\"potentialAction\":[{\"@type\":\"SearchAction\",\"target\":{\"@type\":\"EntryPoint\",\"urlTemplate\":\"https:\\\/\\\/www.malinashop.lt\\\/?s={search_term_string}\"},\"query-input\":{\"@type\":\"PropertyValueSpecification\",\"valueRequired\":true,\"valueName\":\"search_term_string\"}}],\"inLanguage\":\"en-GB\"},{\"@type\":\"Organization\",\"@id\":\"https:\\\/\\\/www.malinashop.lt\\\/#organization\",\"name\":\"COM Group Ecommerce\",\"url\":\"https:\\\/\\\/www.malinashop.lt\\\/\",\"logo\":{\"@type\":\"ImageObject\",\"inLanguage\":\"en-GB\",\"@id\":\"https:\\\/\\\/www.malinashop.lt\\\/#\\\/schema\\\/logo\\\/image\\\/\",\"url\":\"https:\\\/\\\/www.malinashop.lt\\\/wp-content\\\/uploads\\\/2024\\\/08\\\/462559670_3787732518133670_9795632669273463_n-e1731525914575.png\",\"contentUrl\":\"https:\\\/\\\/www.malinashop.lt\\\/wp-content\\\/uploads\\\/2024\\\/08\\\/462559670_3787732518133670_9795632669273463_n-e1731525914575.png\",\"width\":180,\"height\":60,\"caption\":\"COM Group Ecommerce\"},\"image\":{\"@id\":\"https:\\\/\\\/www.malinashop.lt\\\/#\\\/schema\\\/logo\\\/image\\\/\"}}]}<\/script>\n<!-- \/ Yoast SEO plugin. -->","yoast_head_json":{"title":"MEDB intensyviai atkuriamosios ampul\u0117s galvos odai ir plaukams, 10 ml x 20 vnt - MalinaShop.lt J\u016bs\u0173 sveikatai ir gro\u017eiui.","description":"MEDB atkuriamosios ampul\u0117s galvos odai ir plaukams 10 ml x 20 vnt \u2013 pantenolis, peptidai, keramidas. Glotnumui ir \u017evilgesiui.","robots":{"index":"index","follow":"follow","max-snippet":"max-snippet:-1","max-image-preview":"max-image-preview:large","max-video-preview":"max-video-preview:-1"},"canonical":"https:\/\/www.malinashop.lt\/en\/shop\/medb-intensyviai-atkuriamosios-ampules-galvos-odai-ir-plaukams-10-ml-x-20-vnt\/","og_locale":"en_GB","og_type":"article","og_title":"MEDB intensyviai atkuriamosios ampul\u0117s galvos odai ir plaukams, 10 ml x 20 vnt - MalinaShop.lt J\u016bs\u0173 sveikatai ir gro\u017eiui.","og_description":"MEDB atkuriamosios ampul\u0117s galvos odai ir plaukams 10 ml x 20 vnt \u2013 pantenolis, peptidai, keramidas. Glotnumui ir \u017evilgesiui.","og_url":"https:\/\/www.malinashop.lt\/en\/shop\/medb-intensyviai-atkuriamosios-ampules-galvos-odai-ir-plaukams-10-ml-x-20-vnt\/","og_site_name":"MalinaShop.lt J\u016bs\u0173 sveikatai ir gro\u017eiui.","article_modified_time":"2026-04-07T19:18:23+00:00","og_image":[{"width":768,"height":768,"url":"https:\/\/www.malinashop.lt\/wp-content\/uploads\/2026\/01\/MEDB-intensyviai-atkuriamosios-ampules-galvos-odai-ir-plaukams-10-ml-x-20-vnt.webp","type":"image\/webp"}],"twitter_card":"summary_large_image","schema":{"@context":"https:\/\/schema.org","@graph":[{"@type":"WebPage","@id":"https:\/\/www.malinashop.lt\/lt_lt\/shop\/medb-intensyviai-atkuriamosios-ampules-galvos-odai-ir-plaukams-10-ml-x-20-vnt\/","url":"https:\/\/www.malinashop.lt\/lt_lt\/shop\/medb-intensyviai-atkuriamosios-ampules-galvos-odai-ir-plaukams-10-ml-x-20-vnt\/","name":"MEDB intensyviai atkuriamosios ampul\u0117s galvos odai ir plaukams, 10 ml x 20 vnt - MalinaShop.lt J\u016bs\u0173 sveikatai ir gro\u017eiui.","isPartOf":{"@id":"https:\/\/www.malinashop.lt\/#website"},"primaryImageOfPage":{"@id":"https:\/\/www.malinashop.lt\/lt_lt\/shop\/medb-intensyviai-atkuriamosios-ampules-galvos-odai-ir-plaukams-10-ml-x-20-vnt\/#primaryimage"},"image":{"@id":"https:\/\/www.malinashop.lt\/lt_lt\/shop\/medb-intensyviai-atkuriamosios-ampules-galvos-odai-ir-plaukams-10-ml-x-20-vnt\/#primaryimage"},"thumbnailUrl":"https:\/\/www.malinashop.lt\/wp-content\/uploads\/2026\/01\/MEDB-intensyviai-atkuriamosios-ampules-galvos-odai-ir-plaukams-10-ml-x-20-vnt.webp","datePublished":"2026-01-29T20:31:23+00:00","dateModified":"2026-04-07T19:18:23+00:00","description":"MEDB atkuriamosios ampul\u0117s galvos odai ir plaukams 10 ml x 20 vnt \u2013 pantenolis, peptidai, keramidas. Glotnumui ir \u017evilgesiui.","breadcrumb":{"@id":"https:\/\/www.malinashop.lt\/lt_lt\/shop\/medb-intensyviai-atkuriamosios-ampules-galvos-odai-ir-plaukams-10-ml-x-20-vnt\/#breadcrumb"},"inLanguage":"en-GB","potentialAction":[{"@type":"ReadAction","target":["https:\/\/www.malinashop.lt\/lt_lt\/shop\/medb-intensyviai-atkuriamosios-ampules-galvos-odai-ir-plaukams-10-ml-x-20-vnt\/"]}]},{"@type":"ImageObject","inLanguage":"en-GB","@id":"https:\/\/www.malinashop.lt\/lt_lt\/shop\/medb-intensyviai-atkuriamosios-ampules-galvos-odai-ir-plaukams-10-ml-x-20-vnt\/#primaryimage","url":"https:\/\/www.malinashop.lt\/wp-content\/uploads\/2026\/01\/MEDB-intensyviai-atkuriamosios-ampules-galvos-odai-ir-plaukams-10-ml-x-20-vnt.webp","contentUrl":"https:\/\/www.malinashop.lt\/wp-content\/uploads\/2026\/01\/MEDB-intensyviai-atkuriamosios-ampules-galvos-odai-ir-plaukams-10-ml-x-20-vnt.webp","width":768,"height":768},{"@type":"BreadcrumbList","@id":"https:\/\/www.malinashop.lt\/lt_lt\/shop\/medb-intensyviai-atkuriamosios-ampules-galvos-odai-ir-plaukams-10-ml-x-20-vnt\/#breadcrumb","itemListElement":[{"@type":"ListItem","position":1,"name":"Pagrindinis","item":"https:\/\/www.malinashop.lt\/"},{"@type":"ListItem","position":2,"name":"Parduotuv\u0117","item":"https:\/\/www.malinashop.lt\/en\/parduotuve\/"},{"@type":"ListItem","position":3,"name":"MEDB intensyviai atkuriamosios ampul\u0117s galvos odai ir plaukams, 10 ml x 20 vnt"}]},{"@type":"WebSite","@id":"https:\/\/www.malinashop.lt\/#website","url":"https:\/\/www.malinashop.lt\/","name":"COM Group Ecommerce","description":"MalinaShop.lt - Gro\u017eio ir sveikatos produktai i\u0161 patikim\u0173 preki\u0173 \u017eenkl\u0173. Atraskite auk\u0161tos kokyb\u0117s kosmetik\u0105 u\u017e puiki\u0105 kain\u0105.","publisher":{"@id":"https:\/\/www.malinashop.lt\/#organization"},"potentialAction":[{"@type":"SearchAction","target":{"@type":"EntryPoint","urlTemplate":"https:\/\/www.malinashop.lt\/?s={search_term_string}"},"query-input":{"@type":"PropertyValueSpecification","valueRequired":true,"valueName":"search_term_string"}}],"inLanguage":"en-GB"},{"@type":"Organization","@id":"https:\/\/www.malinashop.lt\/#organization","name":"COM Group Ecommerce","url":"https:\/\/www.malinashop.lt\/","logo":{"@type":"ImageObject","inLanguage":"en-GB","@id":"https:\/\/www.malinashop.lt\/#\/schema\/logo\/image\/","url":"https:\/\/www.malinashop.lt\/wp-content\/uploads\/2024\/08\/462559670_3787732518133670_9795632669273463_n-e1731525914575.png","contentUrl":"https:\/\/www.malinashop.lt\/wp-content\/uploads\/2024\/08\/462559670_3787732518133670_9795632669273463_n-e1731525914575.png","width":180,"height":60,"caption":"COM Group Ecommerce"},"image":{"@id":"https:\/\/www.malinashop.lt\/#\/schema\/logo\/image\/"}}]}},"jetpack_sharing_enabled":true,"_links":{"self":[{"href":"https:\/\/www.malinashop.lt\/en\/wp-json\/wp\/v2\/product\/73596","targetHints":{"allow":["GET"]}}],"collection":[{"href":"https:\/\/www.malinashop.lt\/en\/wp-json\/wp\/v2\/product"}],"about":[{"href":"https:\/\/www.malinashop.lt\/en\/wp-json\/wp\/v2\/types\/product"}],"version-history":[{"count":1,"href":"https:\/\/www.malinashop.lt\/en\/wp-json\/wp\/v2\/product\/73596\/revisions"}],"predecessor-version":[{"id":73598,"href":"https:\/\/www.malinashop.lt\/en\/wp-json\/wp\/v2\/product\/73596\/revisions\/73598"}],"wp:featuredmedia":[{"embeddable":true,"href":"https:\/\/www.malinashop.lt\/en\/wp-json\/wp\/v2\/media\/73597"}],"wp:attachment":[{"href":"https:\/\/www.malinashop.lt\/en\/wp-json\/wp\/v2\/media?parent=73596"}],"wp:term":[{"taxonomy":"product_brand","embeddable":true,"href":"https:\/\/www.malinashop.lt\/en\/wp-json\/wp\/v2\/product_brand?post=73596"},{"taxonomy":"product_cat","embeddable":true,"href":"https:\/\/www.malinashop.lt\/en\/wp-json\/wp\/v2\/product_cat?post=73596"},{"taxonomy":"product_tag","embeddable":true,"href":"https:\/\/www.malinashop.lt\/en\/wp-json\/wp\/v2\/product_tag?post=73596"}],"curies":[{"name":"wp","href":"https:\/\/api.w.org\/{rel}","templated":true}]}}