{"id":73593,"date":"2026-01-29T23:27:15","date_gmt":"2026-01-29T20:27:15","guid":{"rendered":"https:\/\/malinashop.lt\/?post_type=product&#038;p=73593"},"modified":"2026-04-07T22:18:23","modified_gmt":"2026-04-07T19:18:23","slug":"medb-1-day-aloe-vera-lakstine-veido-kauke-su-alaviju-27g","status":"publish","type":"product","link":"https:\/\/www.malinashop.lt\/en\/shop\/medb-1-day-aloe-vera-lakstine-veido-kauke-su-alaviju-27g\/","title":{"rendered":"MEDB 1 DAY ALOE VERA lak\u0161tin\u0117 veido kauk\u0117 su alaviju, 27g"},"content":{"rendered":"<p data-start=\"234\" data-end=\"541\"><strong data-start=\"234\" data-end=\"295\">MEDB lak\u0161tin\u0117 veido kauk\u0117 su alavijo ekstraktu 1 DAY ALOE<\/strong> \u2013 dr\u0117kinanti ir raminamojo poj\u016b\u010dio suteikianti lak\u0161tin\u0117 kauk\u0117, skirta kasdieniam odos komfortui palaikyti. Kauk\u0117 padeda odai jaustis sudr\u0117kintai, suteikia \u0161velnumo ir gaivos poj\u016bt\u012f, tod\u0117l puikiai tinka, kai oda jau\u010diasi i\u0161saus\u0117jusi ar jautresn\u0117.<\/p>\n<p data-start=\"543\" data-end=\"849\">Sud\u0117tyje esantis <strong data-start=\"560\" data-end=\"582\">alavijo ekstraktas<\/strong> padeda palaikyti odos dr\u0117gm\u0117s balans\u0105 ir suteikia komforto jausm\u0105. Reguliariai naudojant, kauk\u0117 gali prisid\u0117ti prie <strong data-start=\"699\" data-end=\"730\">\u0161velnesn\u0117s ir elastingesn\u0117s<\/strong> odos poj\u016b\u010dio, tod\u0117l ji ypa\u010d tinkama <strong data-start=\"767\" data-end=\"794\">sausai ir jautriai odai<\/strong> bei kaip greitas odos atgaivinimas po \u012ftemptos dienos.<\/p>\n<hr data-start=\"851\" data-end=\"854\" \/>\n<h3 data-start=\"856\" data-end=\"883\">Pagrindiniai privalumai<\/h3>\n<ul data-start=\"884\" data-end=\"1139\">\n<li data-start=\"884\" data-end=\"933\">\n<p data-start=\"886\" data-end=\"933\"><strong data-start=\"886\" data-end=\"897\">Dr\u0117kina<\/strong> ir padeda palaikyti odos komfort\u0105<\/p>\n<\/li>\n<li data-start=\"934\" data-end=\"1003\">\n<p data-start=\"936\" data-end=\"1003\"><strong data-start=\"936\" data-end=\"958\">Alavijo ekstraktas<\/strong> \u2013 raminamojo poj\u016b\u010dio suteikianti prie\u017ei\u016bra<\/p>\n<\/li>\n<li data-start=\"1004\" data-end=\"1054\">\n<p data-start=\"1006\" data-end=\"1054\">Oda gali jaustis <strong data-start=\"1023\" data-end=\"1052\">\u0161velnesn\u0117 ir elastingesn\u0117<\/strong><\/p>\n<\/li>\n<li data-start=\"1055\" data-end=\"1097\">\n<p data-start=\"1057\" data-end=\"1097\">Ypa\u010d tinka <strong data-start=\"1068\" data-end=\"1095\">sausai ir jautriai odai<\/strong><\/p>\n<\/li>\n<li data-start=\"1098\" data-end=\"1139\">\n<p data-start=\"1100\" data-end=\"1139\">Patogu naudoti, <strong data-start=\"1116\" data-end=\"1139\">nereikia nuskalauti<\/strong><\/p>\n<\/li>\n<\/ul>\n<hr data-start=\"1141\" data-end=\"1144\" \/>\n<h3 data-start=\"1146\" data-end=\"1160\">Naudojimas<\/h3>\n<p data-start=\"1161\" data-end=\"1374\">D\u0117kite kauk\u0119 ant <strong data-start=\"1178\" data-end=\"1206\">\u0161varios, tonizuotos odos<\/strong>. Palaikykite <strong data-start=\"1220\" data-end=\"1237\">20\u201330 minu\u010di\u0173<\/strong>. Nu\u0117mus kauk\u0119, priemon\u0117s pertekli\u0173 \u0161velniais judesiais \u012fmasa\u017euokite \u012f veido od\u0105, kol liku\u010diai visi\u0161kai \u012fsigers. <strong data-start=\"1350\" data-end=\"1374\">Nereikia nuskalauti.<\/strong><\/p>\n<hr data-start=\"1376\" data-end=\"1379\" \/>\n<h3 data-start=\"1381\" data-end=\"1399\">Sud\u0117tis (INCI)<\/h3>\n<p data-start=\"1400\" data-end=\"1640\">Water, Methylpropanediol, Glycereth-26, Butylene Glycol, 1,2-Hexanediol, Aloe Barbadensis Leaf Extract, Betaine, Xanthan Gum, Allantoin, Carbomer, Ethylhexylglycerin, Polysorbate 20, Triethanolamine, Disodium EDTA, Phenoxyethanol, Fragrance<\/p>\n","protected":false},"excerpt":{"rendered":"<p data-start=\"1621\" data-end=\"1726\">Lak\u0161tin\u0117 veido kauk\u0117 su alavijo ekstraktu \u2013 dr\u0117kina, ramina ir padeda odai jaustis \u0161velnesnei bei elastingesnei, ypa\u010d tinka sausai ir jautriai odai.<\/p>\n","protected":false},"featured_media":73594,"template":"","meta":[],"product_brand":[1544],"product_cat":[1136,728],"product_tag":[1609],"class_list":{"0":"post-73593","1":"product","2":"type-product","3":"status-publish","4":"has-post-thumbnail","6":"product_brand-medb","7":"product_cat-lakstines-veido-kaukes","8":"product_cat-veidui","9":"product_tag-medb","11":"first","12":"instock","13":"sale","14":"taxable","15":"shipping-taxable","16":"purchasable","17":"product-type-simple"},"yoast_head":"<!-- This site is optimized with the Yoast SEO plugin v27.4 - https:\/\/yoast.com\/product\/yoast-seo-wordpress\/ -->\n<title>MEDB 1 DAY ALOE VERA lak\u0161tin\u0117 veido kauk\u0117 su alaviju, 27g - MalinaShop.lt J\u016bs\u0173 sveikatai ir gro\u017eiui.<\/title>\n<meta name=\"description\" content=\"MEDB lak\u0161tin\u0117 veido kauk\u0117 su alavijo ekstraktu 1 DAY ALOE \u2013 dr\u0117kina, ramina, padeda palaikyti dr\u0117gm\u0117s balans\u0105 ir suteikia \u0161velnesn\u012f odos poj\u016bt\u012f.\" \/>\n<meta name=\"robots\" content=\"index, follow, max-snippet:-1, max-image-preview:large, max-video-preview:-1\" \/>\n<link rel=\"canonical\" href=\"https:\/\/www.malinashop.lt\/en\/shop\/medb-1-day-aloe-vera-lakstine-veido-kauke-su-alaviju-27g\/\" \/>\n<meta property=\"og:locale\" content=\"en_GB\" \/>\n<meta property=\"og:type\" content=\"article\" \/>\n<meta property=\"og:title\" content=\"MEDB 1 DAY ALOE VERA lak\u0161tin\u0117 veido kauk\u0117 su alaviju, 27g - MalinaShop.lt J\u016bs\u0173 sveikatai ir gro\u017eiui.\" \/>\n<meta property=\"og:description\" content=\"MEDB lak\u0161tin\u0117 veido kauk\u0117 su alavijo ekstraktu 1 DAY ALOE \u2013 dr\u0117kina, ramina, padeda palaikyti dr\u0117gm\u0117s balans\u0105 ir suteikia \u0161velnesn\u012f odos poj\u016bt\u012f.\" \/>\n<meta property=\"og:url\" content=\"https:\/\/www.malinashop.lt\/en\/shop\/medb-1-day-aloe-vera-lakstine-veido-kauke-su-alaviju-27g\/\" \/>\n<meta property=\"og:site_name\" content=\"MalinaShop.lt J\u016bs\u0173 sveikatai ir gro\u017eiui.\" \/>\n<meta property=\"article:modified_time\" content=\"2026-04-07T19:18:23+00:00\" \/>\n<meta property=\"og:image\" content=\"https:\/\/www.malinashop.lt\/wp-content\/uploads\/2026\/01\/MEDB-1-DAY-ALOE-VERA-lakstine-veido-kauke-su-alaviju-27g.webp\" \/>\n\t<meta property=\"og:image:width\" content=\"768\" \/>\n\t<meta property=\"og:image:height\" content=\"768\" \/>\n\t<meta property=\"og:image:type\" content=\"image\/webp\" \/>\n<meta name=\"twitter:card\" content=\"summary_large_image\" \/>\n<script type=\"application\/ld+json\" class=\"yoast-schema-graph\">{\"@context\":\"https:\\\/\\\/schema.org\",\"@graph\":[{\"@type\":\"WebPage\",\"@id\":\"https:\\\/\\\/www.malinashop.lt\\\/en\\\/shop\\\/medb-1-day-aloe-vera-lakstine-veido-kauke-su-alaviju-27g\\\/\",\"url\":\"https:\\\/\\\/www.malinashop.lt\\\/en\\\/shop\\\/medb-1-day-aloe-vera-lakstine-veido-kauke-su-alaviju-27g\\\/\",\"name\":\"MEDB 1 DAY ALOE VERA lak\u0161tin\u0117 veido kauk\u0117 su alaviju, 27g - MalinaShop.lt J\u016bs\u0173 sveikatai ir gro\u017eiui.\",\"isPartOf\":{\"@id\":\"https:\\\/\\\/www.malinashop.lt\\\/#website\"},\"primaryImageOfPage\":{\"@id\":\"https:\\\/\\\/www.malinashop.lt\\\/en\\\/shop\\\/medb-1-day-aloe-vera-lakstine-veido-kauke-su-alaviju-27g\\\/#primaryimage\"},\"image\":{\"@id\":\"https:\\\/\\\/www.malinashop.lt\\\/en\\\/shop\\\/medb-1-day-aloe-vera-lakstine-veido-kauke-su-alaviju-27g\\\/#primaryimage\"},\"thumbnailUrl\":\"https:\\\/\\\/www.malinashop.lt\\\/wp-content\\\/uploads\\\/2026\\\/01\\\/MEDB-1-DAY-ALOE-VERA-lakstine-veido-kauke-su-alaviju-27g.webp\",\"datePublished\":\"2026-01-29T20:27:15+00:00\",\"dateModified\":\"2026-04-07T19:18:23+00:00\",\"description\":\"MEDB lak\u0161tin\u0117 veido kauk\u0117 su alavijo ekstraktu 1 DAY ALOE \u2013 dr\u0117kina, ramina, padeda palaikyti dr\u0117gm\u0117s balans\u0105 ir suteikia \u0161velnesn\u012f odos poj\u016bt\u012f.\",\"breadcrumb\":{\"@id\":\"https:\\\/\\\/www.malinashop.lt\\\/en\\\/shop\\\/medb-1-day-aloe-vera-lakstine-veido-kauke-su-alaviju-27g\\\/#breadcrumb\"},\"inLanguage\":\"en-GB\",\"potentialAction\":[{\"@type\":\"ReadAction\",\"target\":[\"https:\\\/\\\/www.malinashop.lt\\\/en\\\/shop\\\/medb-1-day-aloe-vera-lakstine-veido-kauke-su-alaviju-27g\\\/\"]}]},{\"@type\":\"ImageObject\",\"inLanguage\":\"en-GB\",\"@id\":\"https:\\\/\\\/www.malinashop.lt\\\/en\\\/shop\\\/medb-1-day-aloe-vera-lakstine-veido-kauke-su-alaviju-27g\\\/#primaryimage\",\"url\":\"https:\\\/\\\/www.malinashop.lt\\\/wp-content\\\/uploads\\\/2026\\\/01\\\/MEDB-1-DAY-ALOE-VERA-lakstine-veido-kauke-su-alaviju-27g.webp\",\"contentUrl\":\"https:\\\/\\\/www.malinashop.lt\\\/wp-content\\\/uploads\\\/2026\\\/01\\\/MEDB-1-DAY-ALOE-VERA-lakstine-veido-kauke-su-alaviju-27g.webp\",\"width\":768,\"height\":768},{\"@type\":\"BreadcrumbList\",\"@id\":\"https:\\\/\\\/www.malinashop.lt\\\/en\\\/shop\\\/medb-1-day-aloe-vera-lakstine-veido-kauke-su-alaviju-27g\\\/#breadcrumb\",\"itemListElement\":[{\"@type\":\"ListItem\",\"position\":1,\"name\":\"Pagrindinis\",\"item\":\"https:\\\/\\\/www.malinashop.lt\\\/\"},{\"@type\":\"ListItem\",\"position\":2,\"name\":\"Parduotuv\u0117\",\"item\":\"https:\\\/\\\/www.malinashop.lt\\\/en\\\/parduotuve\\\/\"},{\"@type\":\"ListItem\",\"position\":3,\"name\":\"MEDB 1 DAY ALOE VERA lak\u0161tin\u0117 veido kauk\u0117 su alaviju, 27g\"}]},{\"@type\":\"WebSite\",\"@id\":\"https:\\\/\\\/www.malinashop.lt\\\/#website\",\"url\":\"https:\\\/\\\/www.malinashop.lt\\\/\",\"name\":\"COM Group Ecommerce\",\"description\":\"MalinaShop.lt - Gro\u017eio ir sveikatos produktai i\u0161 patikim\u0173 preki\u0173 \u017eenkl\u0173. Atraskite auk\u0161tos kokyb\u0117s kosmetik\u0105 u\u017e puiki\u0105 kain\u0105.\",\"publisher\":{\"@id\":\"https:\\\/\\\/www.malinashop.lt\\\/#organization\"},\"potentialAction\":[{\"@type\":\"SearchAction\",\"target\":{\"@type\":\"EntryPoint\",\"urlTemplate\":\"https:\\\/\\\/www.malinashop.lt\\\/?s={search_term_string}\"},\"query-input\":{\"@type\":\"PropertyValueSpecification\",\"valueRequired\":true,\"valueName\":\"search_term_string\"}}],\"inLanguage\":\"en-GB\"},{\"@type\":\"Organization\",\"@id\":\"https:\\\/\\\/www.malinashop.lt\\\/#organization\",\"name\":\"COM Group Ecommerce\",\"url\":\"https:\\\/\\\/www.malinashop.lt\\\/\",\"logo\":{\"@type\":\"ImageObject\",\"inLanguage\":\"en-GB\",\"@id\":\"https:\\\/\\\/www.malinashop.lt\\\/#\\\/schema\\\/logo\\\/image\\\/\",\"url\":\"https:\\\/\\\/www.malinashop.lt\\\/wp-content\\\/uploads\\\/2024\\\/08\\\/462559670_3787732518133670_9795632669273463_n-e1731525914575.png\",\"contentUrl\":\"https:\\\/\\\/www.malinashop.lt\\\/wp-content\\\/uploads\\\/2024\\\/08\\\/462559670_3787732518133670_9795632669273463_n-e1731525914575.png\",\"width\":180,\"height\":60,\"caption\":\"COM Group Ecommerce\"},\"image\":{\"@id\":\"https:\\\/\\\/www.malinashop.lt\\\/#\\\/schema\\\/logo\\\/image\\\/\"}}]}<\/script>\n<!-- \/ Yoast SEO plugin. -->","yoast_head_json":{"title":"MEDB 1 DAY ALOE VERA lak\u0161tin\u0117 veido kauk\u0117 su alaviju, 27g - MalinaShop.lt J\u016bs\u0173 sveikatai ir gro\u017eiui.","description":"MEDB lak\u0161tin\u0117 veido kauk\u0117 su alavijo ekstraktu 1 DAY ALOE \u2013 dr\u0117kina, ramina, padeda palaikyti dr\u0117gm\u0117s balans\u0105 ir suteikia \u0161velnesn\u012f odos poj\u016bt\u012f.","robots":{"index":"index","follow":"follow","max-snippet":"max-snippet:-1","max-image-preview":"max-image-preview:large","max-video-preview":"max-video-preview:-1"},"canonical":"https:\/\/www.malinashop.lt\/en\/shop\/medb-1-day-aloe-vera-lakstine-veido-kauke-su-alaviju-27g\/","og_locale":"en_GB","og_type":"article","og_title":"MEDB 1 DAY ALOE VERA lak\u0161tin\u0117 veido kauk\u0117 su alaviju, 27g - MalinaShop.lt J\u016bs\u0173 sveikatai ir gro\u017eiui.","og_description":"MEDB lak\u0161tin\u0117 veido kauk\u0117 su alavijo ekstraktu 1 DAY ALOE \u2013 dr\u0117kina, ramina, padeda palaikyti dr\u0117gm\u0117s balans\u0105 ir suteikia \u0161velnesn\u012f odos poj\u016bt\u012f.","og_url":"https:\/\/www.malinashop.lt\/en\/shop\/medb-1-day-aloe-vera-lakstine-veido-kauke-su-alaviju-27g\/","og_site_name":"MalinaShop.lt J\u016bs\u0173 sveikatai ir gro\u017eiui.","article_modified_time":"2026-04-07T19:18:23+00:00","og_image":[{"width":768,"height":768,"url":"https:\/\/www.malinashop.lt\/wp-content\/uploads\/2026\/01\/MEDB-1-DAY-ALOE-VERA-lakstine-veido-kauke-su-alaviju-27g.webp","type":"image\/webp"}],"twitter_card":"summary_large_image","schema":{"@context":"https:\/\/schema.org","@graph":[{"@type":"WebPage","@id":"https:\/\/www.malinashop.lt\/en\/shop\/medb-1-day-aloe-vera-lakstine-veido-kauke-su-alaviju-27g\/","url":"https:\/\/www.malinashop.lt\/en\/shop\/medb-1-day-aloe-vera-lakstine-veido-kauke-su-alaviju-27g\/","name":"MEDB 1 DAY ALOE VERA lak\u0161tin\u0117 veido kauk\u0117 su alaviju, 27g - MalinaShop.lt J\u016bs\u0173 sveikatai ir gro\u017eiui.","isPartOf":{"@id":"https:\/\/www.malinashop.lt\/#website"},"primaryImageOfPage":{"@id":"https:\/\/www.malinashop.lt\/en\/shop\/medb-1-day-aloe-vera-lakstine-veido-kauke-su-alaviju-27g\/#primaryimage"},"image":{"@id":"https:\/\/www.malinashop.lt\/en\/shop\/medb-1-day-aloe-vera-lakstine-veido-kauke-su-alaviju-27g\/#primaryimage"},"thumbnailUrl":"https:\/\/www.malinashop.lt\/wp-content\/uploads\/2026\/01\/MEDB-1-DAY-ALOE-VERA-lakstine-veido-kauke-su-alaviju-27g.webp","datePublished":"2026-01-29T20:27:15+00:00","dateModified":"2026-04-07T19:18:23+00:00","description":"MEDB lak\u0161tin\u0117 veido kauk\u0117 su alavijo ekstraktu 1 DAY ALOE \u2013 dr\u0117kina, ramina, padeda palaikyti dr\u0117gm\u0117s balans\u0105 ir suteikia \u0161velnesn\u012f odos poj\u016bt\u012f.","breadcrumb":{"@id":"https:\/\/www.malinashop.lt\/en\/shop\/medb-1-day-aloe-vera-lakstine-veido-kauke-su-alaviju-27g\/#breadcrumb"},"inLanguage":"en-GB","potentialAction":[{"@type":"ReadAction","target":["https:\/\/www.malinashop.lt\/en\/shop\/medb-1-day-aloe-vera-lakstine-veido-kauke-su-alaviju-27g\/"]}]},{"@type":"ImageObject","inLanguage":"en-GB","@id":"https:\/\/www.malinashop.lt\/en\/shop\/medb-1-day-aloe-vera-lakstine-veido-kauke-su-alaviju-27g\/#primaryimage","url":"https:\/\/www.malinashop.lt\/wp-content\/uploads\/2026\/01\/MEDB-1-DAY-ALOE-VERA-lakstine-veido-kauke-su-alaviju-27g.webp","contentUrl":"https:\/\/www.malinashop.lt\/wp-content\/uploads\/2026\/01\/MEDB-1-DAY-ALOE-VERA-lakstine-veido-kauke-su-alaviju-27g.webp","width":768,"height":768},{"@type":"BreadcrumbList","@id":"https:\/\/www.malinashop.lt\/en\/shop\/medb-1-day-aloe-vera-lakstine-veido-kauke-su-alaviju-27g\/#breadcrumb","itemListElement":[{"@type":"ListItem","position":1,"name":"Pagrindinis","item":"https:\/\/www.malinashop.lt\/"},{"@type":"ListItem","position":2,"name":"Parduotuv\u0117","item":"https:\/\/www.malinashop.lt\/en\/parduotuve\/"},{"@type":"ListItem","position":3,"name":"MEDB 1 DAY ALOE VERA lak\u0161tin\u0117 veido kauk\u0117 su alaviju, 27g"}]},{"@type":"WebSite","@id":"https:\/\/www.malinashop.lt\/#website","url":"https:\/\/www.malinashop.lt\/","name":"COM Group Ecommerce","description":"MalinaShop.lt - Gro\u017eio ir sveikatos produktai i\u0161 patikim\u0173 preki\u0173 \u017eenkl\u0173. Atraskite auk\u0161tos kokyb\u0117s kosmetik\u0105 u\u017e puiki\u0105 kain\u0105.","publisher":{"@id":"https:\/\/www.malinashop.lt\/#organization"},"potentialAction":[{"@type":"SearchAction","target":{"@type":"EntryPoint","urlTemplate":"https:\/\/www.malinashop.lt\/?s={search_term_string}"},"query-input":{"@type":"PropertyValueSpecification","valueRequired":true,"valueName":"search_term_string"}}],"inLanguage":"en-GB"},{"@type":"Organization","@id":"https:\/\/www.malinashop.lt\/#organization","name":"COM Group Ecommerce","url":"https:\/\/www.malinashop.lt\/","logo":{"@type":"ImageObject","inLanguage":"en-GB","@id":"https:\/\/www.malinashop.lt\/#\/schema\/logo\/image\/","url":"https:\/\/www.malinashop.lt\/wp-content\/uploads\/2024\/08\/462559670_3787732518133670_9795632669273463_n-e1731525914575.png","contentUrl":"https:\/\/www.malinashop.lt\/wp-content\/uploads\/2024\/08\/462559670_3787732518133670_9795632669273463_n-e1731525914575.png","width":180,"height":60,"caption":"COM Group Ecommerce"},"image":{"@id":"https:\/\/www.malinashop.lt\/#\/schema\/logo\/image\/"}}]}},"jetpack_sharing_enabled":true,"_links":{"self":[{"href":"https:\/\/www.malinashop.lt\/en\/wp-json\/wp\/v2\/product\/73593","targetHints":{"allow":["GET"]}}],"collection":[{"href":"https:\/\/www.malinashop.lt\/en\/wp-json\/wp\/v2\/product"}],"about":[{"href":"https:\/\/www.malinashop.lt\/en\/wp-json\/wp\/v2\/types\/product"}],"version-history":[{"count":1,"href":"https:\/\/www.malinashop.lt\/en\/wp-json\/wp\/v2\/product\/73593\/revisions"}],"predecessor-version":[{"id":73595,"href":"https:\/\/www.malinashop.lt\/en\/wp-json\/wp\/v2\/product\/73593\/revisions\/73595"}],"wp:featuredmedia":[{"embeddable":true,"href":"https:\/\/www.malinashop.lt\/en\/wp-json\/wp\/v2\/media\/73594"}],"wp:attachment":[{"href":"https:\/\/www.malinashop.lt\/en\/wp-json\/wp\/v2\/media?parent=73593"}],"wp:term":[{"taxonomy":"product_brand","embeddable":true,"href":"https:\/\/www.malinashop.lt\/en\/wp-json\/wp\/v2\/product_brand?post=73593"},{"taxonomy":"product_cat","embeddable":true,"href":"https:\/\/www.malinashop.lt\/en\/wp-json\/wp\/v2\/product_cat?post=73593"},{"taxonomy":"product_tag","embeddable":true,"href":"https:\/\/www.malinashop.lt\/en\/wp-json\/wp\/v2\/product_tag?post=73593"}],"curies":[{"name":"wp","href":"https:\/\/api.w.org\/{rel}","templated":true}]}}