{"id":73581,"date":"2026-01-29T23:07:29","date_gmt":"2026-01-29T20:07:29","guid":{"rendered":"https:\/\/malinashop.lt\/?post_type=product&#038;p=73581"},"modified":"2026-04-07T22:18:24","modified_gmt":"2026-04-07T19:18:24","slug":"medb-1-day-collagen-lakstine-veido-kauke-su-kolagenu-27g","status":"publish","type":"product","link":"https:\/\/www.malinashop.lt\/en\/shop\/medb-1-day-collagen-lakstine-veido-kauke-su-kolagenu-27g\/","title":{"rendered":"MEDB 1 DAY COLLAGEN  lak\u0161tin\u0117 veido kauk\u0117 su kolagenu, 27g"},"content":{"rendered":"<p data-start=\"231\" data-end=\"492\"><strong data-start=\"231\" data-end=\"286\">MEDB lak\u0161tin\u0117 veido kauk\u0117 su kolagenu 1DAY COLLAGEN<\/strong> \u2013 dr\u0117kinanti lak\u0161tin\u0117 kauk\u0117, skirta palaikyti odos komfort\u0105 ir pri\u017ei\u016br\u0117t\u0105 i\u0161vaizd\u0105. Kauk\u0117 padeda odai jaustis sudr\u0117kintai, mink\u0161tesnei ir gaivesnei, ypa\u010d kai oda patiria sausumo poj\u016bt\u012f ar atrodo pavargusi.<\/p>\n<p data-start=\"494\" data-end=\"814\">Sud\u0117tyje esantis <strong data-start=\"511\" data-end=\"538\">hidrolizuotas kolagenas<\/strong> prisideda prie odos pri\u017ei\u016br\u0117tos i\u0161vaizdos ir padeda palaikyti nat\u016bral\u0173 dr\u0117gm\u0117s balans\u0105, tod\u0117l oda atrodo lygesn\u0117 ir komforti\u0161kesn\u0117. Lak\u0161tin\u0117 forma leid\u017eia priemonei tolygiai pasiskirstyti ant odos, o liku\u010di\u0173 nuskalauti nereikia \u2013 serumas \u012fmasa\u017euojamas ir paliekamas \u012fsigerti.<\/p>\n<hr data-start=\"816\" data-end=\"819\" \/>\n<h3 data-start=\"821\" data-end=\"848\">Pagrindiniai privalumai<\/h3>\n<ul data-start=\"849\" data-end=\"1092\">\n<li data-start=\"849\" data-end=\"904\">\n<p data-start=\"851\" data-end=\"904\"><strong data-start=\"851\" data-end=\"883\">Padeda palaikyti odos dr\u0117gm\u0119<\/strong> ir komforto poj\u016bt\u012f<\/p>\n<\/li>\n<li data-start=\"905\" data-end=\"978\">\n<p data-start=\"907\" data-end=\"978\"><strong data-start=\"907\" data-end=\"934\">Hidrolizuotas kolagenas<\/strong> prisideda prie pri\u017ei\u016br\u0117tos odos i\u0161vaizdos<\/p>\n<\/li>\n<li data-start=\"979\" data-end=\"1029\">\n<p data-start=\"981\" data-end=\"1029\">Oda atrodo <strong data-start=\"992\" data-end=\"1027\">gaivesn\u0117, mink\u0161tesn\u0117 ir lygesn\u0117<\/strong><\/p>\n<\/li>\n<li data-start=\"1030\" data-end=\"1092\">\n<p data-start=\"1032\" data-end=\"1092\">Patogu naudoti namuose ir kelion\u0117se, <strong data-start=\"1069\" data-end=\"1092\">nereikia nuskalauti<\/strong><\/p>\n<\/li>\n<\/ul>\n<hr data-start=\"1094\" data-end=\"1097\" \/>\n<h3 data-start=\"1099\" data-end=\"1113\">Naudojimas<\/h3>\n<p data-start=\"1114\" data-end=\"1327\">D\u0117kite kauk\u0119 ant <strong data-start=\"1131\" data-end=\"1159\">\u0161varios, tonizuotos odos<\/strong>. Palaikykite <strong data-start=\"1173\" data-end=\"1190\">20\u201330 minu\u010di\u0173<\/strong>. Nu\u0117mus kauk\u0119, priemon\u0117s pertekli\u0173 \u0161velniais judesiais \u012fmasa\u017euokite \u012f veido od\u0105, kol liku\u010diai visi\u0161kai \u012fsigers. <strong data-start=\"1303\" data-end=\"1327\">Nereikia nuskalauti.<\/strong><\/p>\n<hr data-start=\"1329\" data-end=\"1332\" \/>\n<h3 data-start=\"1334\" data-end=\"1352\">Sud\u0117tis (INCI)<\/h3>\n<p data-start=\"1353\" data-end=\"1593\">Water, Methylpropanediol, Glycereth-26, Butylene Glycol, 1,2-Hexanediol, Hydrolyzed Collagen, Betaine, Xanthan Gum, Allantoin, Carbomer, Ethylhexylglycerin, Polysorbate 20, Triethanolamine, Disodium EDTA, Phenoxyethanol, Fragrance, Limonene<\/p>\n","protected":false},"excerpt":{"rendered":"<p data-start=\"1621\" data-end=\"1726\">Lak\u0161tin\u0117 veido kauk\u0117 su kolagenu \u2013 dr\u0117kina, suteikia komforto poj\u016bt\u012f ir padeda odai atrodyti pri\u017ei\u016br\u0117tai.<\/p>\n","protected":false},"featured_media":73582,"template":"","meta":[],"product_brand":[1544],"product_cat":[1136,728],"product_tag":[1609],"class_list":{"0":"post-73581","1":"product","2":"type-product","3":"status-publish","4":"has-post-thumbnail","6":"product_brand-medb","7":"product_cat-lakstines-veido-kaukes","8":"product_cat-veidui","9":"product_tag-medb","11":"first","12":"instock","13":"sale","14":"taxable","15":"shipping-taxable","16":"purchasable","17":"product-type-simple"},"yoast_head":"<!-- This site is optimized with the Yoast SEO plugin v27.4 - https:\/\/yoast.com\/product\/yoast-seo-wordpress\/ -->\n<title>MEDB 1 DAY COLLAGEN lak\u0161tin\u0117 veido kauk\u0117 su kolagenu, 27g - MalinaShop.lt J\u016bs\u0173 sveikatai ir gro\u017eiui.<\/title>\n<meta name=\"description\" content=\"MEDB lak\u0161tin\u0117 veido kauk\u0117 su kolagenu 1DAY COLLAGEN \u2013 dr\u0117kina, padeda palaikyti odos komfort\u0105 ir pri\u017ei\u016br\u0117t\u0105 i\u0161vaizd\u0105. Suteikia komfort\u0105 ir padeda odai\" \/>\n<meta name=\"robots\" content=\"index, follow, max-snippet:-1, max-image-preview:large, max-video-preview:-1\" \/>\n<link rel=\"canonical\" href=\"https:\/\/www.malinashop.lt\/en\/shop\/medb-1-day-collagen-lakstine-veido-kauke-su-kolagenu-27g\/\" \/>\n<meta property=\"og:locale\" content=\"en_GB\" \/>\n<meta property=\"og:type\" content=\"article\" \/>\n<meta property=\"og:title\" content=\"MEDB 1 DAY COLLAGEN lak\u0161tin\u0117 veido kauk\u0117 su kolagenu, 27g - MalinaShop.lt J\u016bs\u0173 sveikatai ir gro\u017eiui.\" \/>\n<meta property=\"og:description\" content=\"MEDB lak\u0161tin\u0117 veido kauk\u0117 su kolagenu 1DAY COLLAGEN \u2013 dr\u0117kina, padeda palaikyti odos komfort\u0105 ir pri\u017ei\u016br\u0117t\u0105 i\u0161vaizd\u0105. Suteikia komfort\u0105 ir padeda odai\" \/>\n<meta property=\"og:url\" content=\"https:\/\/www.malinashop.lt\/en\/shop\/medb-1-day-collagen-lakstine-veido-kauke-su-kolagenu-27g\/\" \/>\n<meta property=\"og:site_name\" content=\"MalinaShop.lt J\u016bs\u0173 sveikatai ir gro\u017eiui.\" \/>\n<meta property=\"article:modified_time\" content=\"2026-04-07T19:18:24+00:00\" \/>\n<meta property=\"og:image\" content=\"https:\/\/www.malinashop.lt\/wp-content\/uploads\/2026\/01\/MEDB-1-DAY-COLLAGEN-lakstine-veido-kauke-su-kolagenu-27g.webp\" \/>\n\t<meta property=\"og:image:width\" content=\"768\" \/>\n\t<meta property=\"og:image:height\" content=\"768\" \/>\n\t<meta property=\"og:image:type\" content=\"image\/webp\" \/>\n<meta name=\"twitter:card\" content=\"summary_large_image\" \/>\n<script type=\"application\/ld+json\" class=\"yoast-schema-graph\">{\"@context\":\"https:\\\/\\\/schema.org\",\"@graph\":[{\"@type\":\"WebPage\",\"@id\":\"https:\\\/\\\/www.malinashop.lt\\\/shop\\\/medb-1-day-collagen-lakstine-veido-kauke-su-kolagenu-27g\\\/\",\"url\":\"https:\\\/\\\/www.malinashop.lt\\\/shop\\\/medb-1-day-collagen-lakstine-veido-kauke-su-kolagenu-27g\\\/\",\"name\":\"MEDB 1 DAY COLLAGEN lak\u0161tin\u0117 veido kauk\u0117 su kolagenu, 27g - MalinaShop.lt J\u016bs\u0173 sveikatai ir gro\u017eiui.\",\"isPartOf\":{\"@id\":\"https:\\\/\\\/www.malinashop.lt\\\/#website\"},\"primaryImageOfPage\":{\"@id\":\"https:\\\/\\\/www.malinashop.lt\\\/shop\\\/medb-1-day-collagen-lakstine-veido-kauke-su-kolagenu-27g\\\/#primaryimage\"},\"image\":{\"@id\":\"https:\\\/\\\/www.malinashop.lt\\\/shop\\\/medb-1-day-collagen-lakstine-veido-kauke-su-kolagenu-27g\\\/#primaryimage\"},\"thumbnailUrl\":\"https:\\\/\\\/www.malinashop.lt\\\/wp-content\\\/uploads\\\/2026\\\/01\\\/MEDB-1-DAY-COLLAGEN-lakstine-veido-kauke-su-kolagenu-27g.webp\",\"datePublished\":\"2026-01-29T20:07:29+00:00\",\"dateModified\":\"2026-04-07T19:18:24+00:00\",\"description\":\"MEDB lak\u0161tin\u0117 veido kauk\u0117 su kolagenu 1DAY COLLAGEN \u2013 dr\u0117kina, padeda palaikyti odos komfort\u0105 ir pri\u017ei\u016br\u0117t\u0105 i\u0161vaizd\u0105. Suteikia komfort\u0105 ir padeda odai\",\"breadcrumb\":{\"@id\":\"https:\\\/\\\/www.malinashop.lt\\\/shop\\\/medb-1-day-collagen-lakstine-veido-kauke-su-kolagenu-27g\\\/#breadcrumb\"},\"inLanguage\":\"en-GB\",\"potentialAction\":[{\"@type\":\"ReadAction\",\"target\":[\"https:\\\/\\\/www.malinashop.lt\\\/shop\\\/medb-1-day-collagen-lakstine-veido-kauke-su-kolagenu-27g\\\/\"]}]},{\"@type\":\"ImageObject\",\"inLanguage\":\"en-GB\",\"@id\":\"https:\\\/\\\/www.malinashop.lt\\\/shop\\\/medb-1-day-collagen-lakstine-veido-kauke-su-kolagenu-27g\\\/#primaryimage\",\"url\":\"https:\\\/\\\/www.malinashop.lt\\\/wp-content\\\/uploads\\\/2026\\\/01\\\/MEDB-1-DAY-COLLAGEN-lakstine-veido-kauke-su-kolagenu-27g.webp\",\"contentUrl\":\"https:\\\/\\\/www.malinashop.lt\\\/wp-content\\\/uploads\\\/2026\\\/01\\\/MEDB-1-DAY-COLLAGEN-lakstine-veido-kauke-su-kolagenu-27g.webp\",\"width\":768,\"height\":768},{\"@type\":\"BreadcrumbList\",\"@id\":\"https:\\\/\\\/www.malinashop.lt\\\/shop\\\/medb-1-day-collagen-lakstine-veido-kauke-su-kolagenu-27g\\\/#breadcrumb\",\"itemListElement\":[{\"@type\":\"ListItem\",\"position\":1,\"name\":\"Pagrindinis\",\"item\":\"https:\\\/\\\/www.malinashop.lt\\\/\"},{\"@type\":\"ListItem\",\"position\":2,\"name\":\"Parduotuv\u0117\",\"item\":\"https:\\\/\\\/www.malinashop.lt\\\/en\\\/parduotuve\\\/\"},{\"@type\":\"ListItem\",\"position\":3,\"name\":\"MEDB 1 DAY COLLAGEN lak\u0161tin\u0117 veido kauk\u0117 su kolagenu, 27g\"}]},{\"@type\":\"WebSite\",\"@id\":\"https:\\\/\\\/www.malinashop.lt\\\/#website\",\"url\":\"https:\\\/\\\/www.malinashop.lt\\\/\",\"name\":\"COM Group Ecommerce\",\"description\":\"MalinaShop.lt - Gro\u017eio ir sveikatos produktai i\u0161 patikim\u0173 preki\u0173 \u017eenkl\u0173. Atraskite auk\u0161tos kokyb\u0117s kosmetik\u0105 u\u017e puiki\u0105 kain\u0105.\",\"publisher\":{\"@id\":\"https:\\\/\\\/www.malinashop.lt\\\/#organization\"},\"potentialAction\":[{\"@type\":\"SearchAction\",\"target\":{\"@type\":\"EntryPoint\",\"urlTemplate\":\"https:\\\/\\\/www.malinashop.lt\\\/?s={search_term_string}\"},\"query-input\":{\"@type\":\"PropertyValueSpecification\",\"valueRequired\":true,\"valueName\":\"search_term_string\"}}],\"inLanguage\":\"en-GB\"},{\"@type\":\"Organization\",\"@id\":\"https:\\\/\\\/www.malinashop.lt\\\/#organization\",\"name\":\"COM Group Ecommerce\",\"url\":\"https:\\\/\\\/www.malinashop.lt\\\/\",\"logo\":{\"@type\":\"ImageObject\",\"inLanguage\":\"en-GB\",\"@id\":\"https:\\\/\\\/www.malinashop.lt\\\/#\\\/schema\\\/logo\\\/image\\\/\",\"url\":\"https:\\\/\\\/www.malinashop.lt\\\/wp-content\\\/uploads\\\/2024\\\/08\\\/462559670_3787732518133670_9795632669273463_n-e1731525914575.png\",\"contentUrl\":\"https:\\\/\\\/www.malinashop.lt\\\/wp-content\\\/uploads\\\/2024\\\/08\\\/462559670_3787732518133670_9795632669273463_n-e1731525914575.png\",\"width\":180,\"height\":60,\"caption\":\"COM Group Ecommerce\"},\"image\":{\"@id\":\"https:\\\/\\\/www.malinashop.lt\\\/#\\\/schema\\\/logo\\\/image\\\/\"}}]}<\/script>\n<!-- \/ Yoast SEO plugin. -->","yoast_head_json":{"title":"MEDB 1 DAY COLLAGEN lak\u0161tin\u0117 veido kauk\u0117 su kolagenu, 27g - MalinaShop.lt J\u016bs\u0173 sveikatai ir gro\u017eiui.","description":"MEDB lak\u0161tin\u0117 veido kauk\u0117 su kolagenu 1DAY COLLAGEN \u2013 dr\u0117kina, padeda palaikyti odos komfort\u0105 ir pri\u017ei\u016br\u0117t\u0105 i\u0161vaizd\u0105. Suteikia komfort\u0105 ir padeda odai","robots":{"index":"index","follow":"follow","max-snippet":"max-snippet:-1","max-image-preview":"max-image-preview:large","max-video-preview":"max-video-preview:-1"},"canonical":"https:\/\/www.malinashop.lt\/en\/shop\/medb-1-day-collagen-lakstine-veido-kauke-su-kolagenu-27g\/","og_locale":"en_GB","og_type":"article","og_title":"MEDB 1 DAY COLLAGEN lak\u0161tin\u0117 veido kauk\u0117 su kolagenu, 27g - MalinaShop.lt J\u016bs\u0173 sveikatai ir gro\u017eiui.","og_description":"MEDB lak\u0161tin\u0117 veido kauk\u0117 su kolagenu 1DAY COLLAGEN \u2013 dr\u0117kina, padeda palaikyti odos komfort\u0105 ir pri\u017ei\u016br\u0117t\u0105 i\u0161vaizd\u0105. Suteikia komfort\u0105 ir padeda odai","og_url":"https:\/\/www.malinashop.lt\/en\/shop\/medb-1-day-collagen-lakstine-veido-kauke-su-kolagenu-27g\/","og_site_name":"MalinaShop.lt J\u016bs\u0173 sveikatai ir gro\u017eiui.","article_modified_time":"2026-04-07T19:18:24+00:00","og_image":[{"width":768,"height":768,"url":"https:\/\/www.malinashop.lt\/wp-content\/uploads\/2026\/01\/MEDB-1-DAY-COLLAGEN-lakstine-veido-kauke-su-kolagenu-27g.webp","type":"image\/webp"}],"twitter_card":"summary_large_image","schema":{"@context":"https:\/\/schema.org","@graph":[{"@type":"WebPage","@id":"https:\/\/www.malinashop.lt\/shop\/medb-1-day-collagen-lakstine-veido-kauke-su-kolagenu-27g\/","url":"https:\/\/www.malinashop.lt\/shop\/medb-1-day-collagen-lakstine-veido-kauke-su-kolagenu-27g\/","name":"MEDB 1 DAY COLLAGEN lak\u0161tin\u0117 veido kauk\u0117 su kolagenu, 27g - MalinaShop.lt J\u016bs\u0173 sveikatai ir gro\u017eiui.","isPartOf":{"@id":"https:\/\/www.malinashop.lt\/#website"},"primaryImageOfPage":{"@id":"https:\/\/www.malinashop.lt\/shop\/medb-1-day-collagen-lakstine-veido-kauke-su-kolagenu-27g\/#primaryimage"},"image":{"@id":"https:\/\/www.malinashop.lt\/shop\/medb-1-day-collagen-lakstine-veido-kauke-su-kolagenu-27g\/#primaryimage"},"thumbnailUrl":"https:\/\/www.malinashop.lt\/wp-content\/uploads\/2026\/01\/MEDB-1-DAY-COLLAGEN-lakstine-veido-kauke-su-kolagenu-27g.webp","datePublished":"2026-01-29T20:07:29+00:00","dateModified":"2026-04-07T19:18:24+00:00","description":"MEDB lak\u0161tin\u0117 veido kauk\u0117 su kolagenu 1DAY COLLAGEN \u2013 dr\u0117kina, padeda palaikyti odos komfort\u0105 ir pri\u017ei\u016br\u0117t\u0105 i\u0161vaizd\u0105. Suteikia komfort\u0105 ir padeda odai","breadcrumb":{"@id":"https:\/\/www.malinashop.lt\/shop\/medb-1-day-collagen-lakstine-veido-kauke-su-kolagenu-27g\/#breadcrumb"},"inLanguage":"en-GB","potentialAction":[{"@type":"ReadAction","target":["https:\/\/www.malinashop.lt\/shop\/medb-1-day-collagen-lakstine-veido-kauke-su-kolagenu-27g\/"]}]},{"@type":"ImageObject","inLanguage":"en-GB","@id":"https:\/\/www.malinashop.lt\/shop\/medb-1-day-collagen-lakstine-veido-kauke-su-kolagenu-27g\/#primaryimage","url":"https:\/\/www.malinashop.lt\/wp-content\/uploads\/2026\/01\/MEDB-1-DAY-COLLAGEN-lakstine-veido-kauke-su-kolagenu-27g.webp","contentUrl":"https:\/\/www.malinashop.lt\/wp-content\/uploads\/2026\/01\/MEDB-1-DAY-COLLAGEN-lakstine-veido-kauke-su-kolagenu-27g.webp","width":768,"height":768},{"@type":"BreadcrumbList","@id":"https:\/\/www.malinashop.lt\/shop\/medb-1-day-collagen-lakstine-veido-kauke-su-kolagenu-27g\/#breadcrumb","itemListElement":[{"@type":"ListItem","position":1,"name":"Pagrindinis","item":"https:\/\/www.malinashop.lt\/"},{"@type":"ListItem","position":2,"name":"Parduotuv\u0117","item":"https:\/\/www.malinashop.lt\/en\/parduotuve\/"},{"@type":"ListItem","position":3,"name":"MEDB 1 DAY COLLAGEN lak\u0161tin\u0117 veido kauk\u0117 su kolagenu, 27g"}]},{"@type":"WebSite","@id":"https:\/\/www.malinashop.lt\/#website","url":"https:\/\/www.malinashop.lt\/","name":"COM Group Ecommerce","description":"MalinaShop.lt - Gro\u017eio ir sveikatos produktai i\u0161 patikim\u0173 preki\u0173 \u017eenkl\u0173. Atraskite auk\u0161tos kokyb\u0117s kosmetik\u0105 u\u017e puiki\u0105 kain\u0105.","publisher":{"@id":"https:\/\/www.malinashop.lt\/#organization"},"potentialAction":[{"@type":"SearchAction","target":{"@type":"EntryPoint","urlTemplate":"https:\/\/www.malinashop.lt\/?s={search_term_string}"},"query-input":{"@type":"PropertyValueSpecification","valueRequired":true,"valueName":"search_term_string"}}],"inLanguage":"en-GB"},{"@type":"Organization","@id":"https:\/\/www.malinashop.lt\/#organization","name":"COM Group Ecommerce","url":"https:\/\/www.malinashop.lt\/","logo":{"@type":"ImageObject","inLanguage":"en-GB","@id":"https:\/\/www.malinashop.lt\/#\/schema\/logo\/image\/","url":"https:\/\/www.malinashop.lt\/wp-content\/uploads\/2024\/08\/462559670_3787732518133670_9795632669273463_n-e1731525914575.png","contentUrl":"https:\/\/www.malinashop.lt\/wp-content\/uploads\/2024\/08\/462559670_3787732518133670_9795632669273463_n-e1731525914575.png","width":180,"height":60,"caption":"COM Group Ecommerce"},"image":{"@id":"https:\/\/www.malinashop.lt\/#\/schema\/logo\/image\/"}}]}},"jetpack_sharing_enabled":true,"_links":{"self":[{"href":"https:\/\/www.malinashop.lt\/en\/wp-json\/wp\/v2\/product\/73581","targetHints":{"allow":["GET"]}}],"collection":[{"href":"https:\/\/www.malinashop.lt\/en\/wp-json\/wp\/v2\/product"}],"about":[{"href":"https:\/\/www.malinashop.lt\/en\/wp-json\/wp\/v2\/types\/product"}],"version-history":[{"count":1,"href":"https:\/\/www.malinashop.lt\/en\/wp-json\/wp\/v2\/product\/73581\/revisions"}],"predecessor-version":[{"id":73583,"href":"https:\/\/www.malinashop.lt\/en\/wp-json\/wp\/v2\/product\/73581\/revisions\/73583"}],"wp:featuredmedia":[{"embeddable":true,"href":"https:\/\/www.malinashop.lt\/en\/wp-json\/wp\/v2\/media\/73582"}],"wp:attachment":[{"href":"https:\/\/www.malinashop.lt\/en\/wp-json\/wp\/v2\/media?parent=73581"}],"wp:term":[{"taxonomy":"product_brand","embeddable":true,"href":"https:\/\/www.malinashop.lt\/en\/wp-json\/wp\/v2\/product_brand?post=73581"},{"taxonomy":"product_cat","embeddable":true,"href":"https:\/\/www.malinashop.lt\/en\/wp-json\/wp\/v2\/product_cat?post=73581"},{"taxonomy":"product_tag","embeddable":true,"href":"https:\/\/www.malinashop.lt\/en\/wp-json\/wp\/v2\/product_tag?post=73581"}],"curies":[{"name":"wp","href":"https:\/\/api.w.org\/{rel}","templated":true}]}}