{"id":73578,"date":"2026-01-29T23:05:12","date_gmt":"2026-01-29T20:05:12","guid":{"rendered":"https:\/\/malinashop.lt\/?post_type=product&#038;p=73578"},"modified":"2026-04-07T22:18:24","modified_gmt":"2026-04-07T19:18:24","slug":"medb-1-day-honey-lakstine-veido-kauke-su-medumi-27g","status":"publish","type":"product","link":"https:\/\/www.malinashop.lt\/en\/shop\/medb-1-day-honey-lakstine-veido-kauke-su-medumi-27g\/","title":{"rendered":"MEDB 1 DAY HONEY lak\u0161tin\u0117 veido kauk\u0117 su medumi, 27g"},"content":{"rendered":"<p data-start=\"233\" data-end=\"532\"><strong data-start=\"233\" data-end=\"293\">MEDB lak\u0161tin\u0117 veido kauk\u0117 su medaus ekstraktu 1DAY HONEY<\/strong> \u2013 dr\u0117kinanti ir odos \u0161velnum\u0105 puosel\u0117janti lak\u0161tin\u0117 kauk\u0117, skirta kasdieniam odos komfortui. Sud\u0117tyje esantis <strong data-start=\"404\" data-end=\"425\">medaus ekstraktas<\/strong> padeda palaikyti odos \u0161velnum\u0105, suteikia jauk\u0173, pamaitintos odos poj\u016bt\u012f ir padeda odai atrodyti gaivesnei.<\/p>\n<p data-start=\"534\" data-end=\"785\">Kauk\u0117 tinka, kai oda jau\u010diasi i\u0161saus\u0117jusi, praradusi glotnum\u0105 ar norisi greito \u201esoft\u201c efekto prie\u0161 makia\u017e\u0105. Patogi lak\u0161tin\u0117s kauk\u0117s forma leid\u017eia priemon\u0119 naudoti paprastai, o liku\u010di\u0173 nuskalauti nereikia \u2013 serumas \u012fmasa\u017euojamas ir paliekamas \u012fsigerti.<\/p>\n<hr data-start=\"787\" data-end=\"790\" \/>\n<h3 data-start=\"792\" data-end=\"819\">Pagrindiniai privalumai<\/h3>\n<ul data-start=\"820\" data-end=\"1009\">\n<li data-start=\"820\" data-end=\"879\">\n<p data-start=\"822\" data-end=\"879\"><strong data-start=\"822\" data-end=\"856\">Padeda palaikyti odos \u0161velnum\u0105<\/strong> d\u0117l medaus ekstrakto<\/p>\n<\/li>\n<li data-start=\"880\" data-end=\"923\">\n<p data-start=\"882\" data-end=\"923\"><strong data-start=\"882\" data-end=\"893\">Dr\u0117kina<\/strong> ir suteikia komforto poj\u016bt\u012f<\/p>\n<\/li>\n<li data-start=\"924\" data-end=\"983\">\n<p data-start=\"926\" data-end=\"983\">Greitas rezultatas, patogu naudoti namuose ir kelion\u0117se<\/p>\n<\/li>\n<li data-start=\"984\" data-end=\"1009\">\n<p data-start=\"986\" data-end=\"1009\"><strong data-start=\"986\" data-end=\"1009\">Nereikia nuskalauti<\/strong><\/p>\n<\/li>\n<\/ul>\n<hr data-start=\"1011\" data-end=\"1014\" \/>\n<h3 data-start=\"1016\" data-end=\"1030\">Naudojimas<\/h3>\n<p data-start=\"1031\" data-end=\"1244\">D\u0117kite kauk\u0119 ant <strong data-start=\"1048\" data-end=\"1076\">\u0161varios, tonizuotos odos<\/strong>. Palaikykite <strong data-start=\"1090\" data-end=\"1107\">20\u201330 minu\u010di\u0173<\/strong>. Nu\u0117mus kauk\u0119, priemon\u0117s pertekli\u0173 \u0161velniais judesiais \u012fmasa\u017euokite \u012f veido od\u0105, kol liku\u010diai visi\u0161kai \u012fsigers. <strong data-start=\"1220\" data-end=\"1244\">Nereikia nuskalauti.<\/strong><\/p>\n<hr data-start=\"1246\" data-end=\"1249\" \/>\n<h3 data-start=\"1251\" data-end=\"1269\">Sud\u0117tis (INCI)<\/h3>\n<p data-start=\"1270\" data-end=\"1494\">Water, Methylpropanediol, Glycereth-26, Butylene Glycol, 1,2-Hexanediol, Honey Extract, Betaine, Xanthan Gum, Allantoin, Carbomer, Ethylhexylglycerin, Polysorbate 20, Triethanolamine, Disodium EDTA, Phenoxyethanol, Fragrance<\/p>\n","protected":false},"excerpt":{"rendered":"<p data-start=\"1522\" data-end=\"1620\">Lak\u0161tin\u0117 veido kauk\u0117 su medaus ekstraktu \u2013 dr\u0117kina ir padeda palaikyti odos \u0161velnum\u0105 bei komfort\u0105.<\/p>\n","protected":false},"featured_media":73579,"template":"","meta":[],"product_brand":[1544],"product_cat":[1136,728],"product_tag":[1609],"class_list":{"0":"post-73578","1":"product","2":"type-product","3":"status-publish","4":"has-post-thumbnail","6":"product_brand-medb","7":"product_cat-lakstines-veido-kaukes","8":"product_cat-veidui","9":"product_tag-medb","11":"first","12":"instock","13":"sale","14":"taxable","15":"shipping-taxable","16":"purchasable","17":"product-type-simple"},"yoast_head":"<!-- This site is optimized with the Yoast SEO plugin v27.4 - https:\/\/yoast.com\/product\/yoast-seo-wordpress\/ -->\n<title>MEDB 1 DAY HONEY lak\u0161tin\u0117 veido kauk\u0117 su medumi, 27g - MalinaShop.lt J\u016bs\u0173 sveikatai ir gro\u017eiui.<\/title>\n<meta name=\"description\" content=\"MEDB lak\u0161tin\u0117 veido kauk\u0117 su medaus ekstraktu 1DAY HONEY \u2013 dr\u0117kina, puosel\u0117ja odos \u0161velnum\u0105 ir suteikia komforto poj\u016bt\u012f. Nu\u0117mus kauk\u0119, liku\u010dius \u012fmasa\u017euokite\" \/>\n<meta name=\"robots\" content=\"index, follow, max-snippet:-1, max-image-preview:large, max-video-preview:-1\" \/>\n<link rel=\"canonical\" href=\"https:\/\/www.malinashop.lt\/en\/shop\/medb-1-day-honey-lakstine-veido-kauke-su-medumi-27g\/\" \/>\n<meta property=\"og:locale\" content=\"en_GB\" \/>\n<meta property=\"og:type\" content=\"article\" \/>\n<meta property=\"og:title\" content=\"MEDB 1 DAY HONEY lak\u0161tin\u0117 veido kauk\u0117 su medumi, 27g - MalinaShop.lt J\u016bs\u0173 sveikatai ir gro\u017eiui.\" \/>\n<meta property=\"og:description\" content=\"MEDB lak\u0161tin\u0117 veido kauk\u0117 su medaus ekstraktu 1DAY HONEY \u2013 dr\u0117kina, puosel\u0117ja odos \u0161velnum\u0105 ir suteikia komforto poj\u016bt\u012f. Nu\u0117mus kauk\u0119, liku\u010dius \u012fmasa\u017euokite\" \/>\n<meta property=\"og:url\" content=\"https:\/\/www.malinashop.lt\/en\/shop\/medb-1-day-honey-lakstine-veido-kauke-su-medumi-27g\/\" \/>\n<meta property=\"og:site_name\" content=\"MalinaShop.lt J\u016bs\u0173 sveikatai ir gro\u017eiui.\" \/>\n<meta property=\"article:modified_time\" content=\"2026-04-07T19:18:24+00:00\" \/>\n<meta property=\"og:image\" content=\"https:\/\/www.malinashop.lt\/wp-content\/uploads\/2026\/01\/MEDB-1-DAY-HONEY-lakstine-veido-kauke-su-medumi-27g.webp\" \/>\n\t<meta property=\"og:image:width\" content=\"768\" \/>\n\t<meta property=\"og:image:height\" content=\"768\" \/>\n\t<meta property=\"og:image:type\" content=\"image\/webp\" \/>\n<meta name=\"twitter:card\" content=\"summary_large_image\" \/>\n<script type=\"application\/ld+json\" class=\"yoast-schema-graph\">{\"@context\":\"https:\\\/\\\/schema.org\",\"@graph\":[{\"@type\":\"WebPage\",\"@id\":\"https:\\\/\\\/www.malinashop.lt\\\/en\\\/shop\\\/medb-1-day-honey-lakstine-veido-kauke-su-medumi-27g\\\/\",\"url\":\"https:\\\/\\\/www.malinashop.lt\\\/en\\\/shop\\\/medb-1-day-honey-lakstine-veido-kauke-su-medumi-27g\\\/\",\"name\":\"MEDB 1 DAY HONEY lak\u0161tin\u0117 veido kauk\u0117 su medumi, 27g - MalinaShop.lt J\u016bs\u0173 sveikatai ir gro\u017eiui.\",\"isPartOf\":{\"@id\":\"https:\\\/\\\/www.malinashop.lt\\\/#website\"},\"primaryImageOfPage\":{\"@id\":\"https:\\\/\\\/www.malinashop.lt\\\/en\\\/shop\\\/medb-1-day-honey-lakstine-veido-kauke-su-medumi-27g\\\/#primaryimage\"},\"image\":{\"@id\":\"https:\\\/\\\/www.malinashop.lt\\\/en\\\/shop\\\/medb-1-day-honey-lakstine-veido-kauke-su-medumi-27g\\\/#primaryimage\"},\"thumbnailUrl\":\"https:\\\/\\\/www.malinashop.lt\\\/wp-content\\\/uploads\\\/2026\\\/01\\\/MEDB-1-DAY-HONEY-lakstine-veido-kauke-su-medumi-27g.webp\",\"datePublished\":\"2026-01-29T20:05:12+00:00\",\"dateModified\":\"2026-04-07T19:18:24+00:00\",\"description\":\"MEDB lak\u0161tin\u0117 veido kauk\u0117 su medaus ekstraktu 1DAY HONEY \u2013 dr\u0117kina, puosel\u0117ja odos \u0161velnum\u0105 ir suteikia komforto poj\u016bt\u012f. Nu\u0117mus kauk\u0119, liku\u010dius \u012fmasa\u017euokite\",\"breadcrumb\":{\"@id\":\"https:\\\/\\\/www.malinashop.lt\\\/en\\\/shop\\\/medb-1-day-honey-lakstine-veido-kauke-su-medumi-27g\\\/#breadcrumb\"},\"inLanguage\":\"en-GB\",\"potentialAction\":[{\"@type\":\"ReadAction\",\"target\":[\"https:\\\/\\\/www.malinashop.lt\\\/en\\\/shop\\\/medb-1-day-honey-lakstine-veido-kauke-su-medumi-27g\\\/\"]}]},{\"@type\":\"ImageObject\",\"inLanguage\":\"en-GB\",\"@id\":\"https:\\\/\\\/www.malinashop.lt\\\/en\\\/shop\\\/medb-1-day-honey-lakstine-veido-kauke-su-medumi-27g\\\/#primaryimage\",\"url\":\"https:\\\/\\\/www.malinashop.lt\\\/wp-content\\\/uploads\\\/2026\\\/01\\\/MEDB-1-DAY-HONEY-lakstine-veido-kauke-su-medumi-27g.webp\",\"contentUrl\":\"https:\\\/\\\/www.malinashop.lt\\\/wp-content\\\/uploads\\\/2026\\\/01\\\/MEDB-1-DAY-HONEY-lakstine-veido-kauke-su-medumi-27g.webp\",\"width\":768,\"height\":768},{\"@type\":\"BreadcrumbList\",\"@id\":\"https:\\\/\\\/www.malinashop.lt\\\/en\\\/shop\\\/medb-1-day-honey-lakstine-veido-kauke-su-medumi-27g\\\/#breadcrumb\",\"itemListElement\":[{\"@type\":\"ListItem\",\"position\":1,\"name\":\"Pagrindinis\",\"item\":\"https:\\\/\\\/www.malinashop.lt\\\/\"},{\"@type\":\"ListItem\",\"position\":2,\"name\":\"Parduotuv\u0117\",\"item\":\"https:\\\/\\\/www.malinashop.lt\\\/en\\\/parduotuve\\\/\"},{\"@type\":\"ListItem\",\"position\":3,\"name\":\"MEDB 1 DAY HONEY lak\u0161tin\u0117 veido kauk\u0117 su medumi, 27g\"}]},{\"@type\":\"WebSite\",\"@id\":\"https:\\\/\\\/www.malinashop.lt\\\/#website\",\"url\":\"https:\\\/\\\/www.malinashop.lt\\\/\",\"name\":\"COM Group Ecommerce\",\"description\":\"MalinaShop.lt - Gro\u017eio ir sveikatos produktai i\u0161 patikim\u0173 preki\u0173 \u017eenkl\u0173. Atraskite auk\u0161tos kokyb\u0117s kosmetik\u0105 u\u017e puiki\u0105 kain\u0105.\",\"publisher\":{\"@id\":\"https:\\\/\\\/www.malinashop.lt\\\/#organization\"},\"potentialAction\":[{\"@type\":\"SearchAction\",\"target\":{\"@type\":\"EntryPoint\",\"urlTemplate\":\"https:\\\/\\\/www.malinashop.lt\\\/?s={search_term_string}\"},\"query-input\":{\"@type\":\"PropertyValueSpecification\",\"valueRequired\":true,\"valueName\":\"search_term_string\"}}],\"inLanguage\":\"en-GB\"},{\"@type\":\"Organization\",\"@id\":\"https:\\\/\\\/www.malinashop.lt\\\/#organization\",\"name\":\"COM Group Ecommerce\",\"url\":\"https:\\\/\\\/www.malinashop.lt\\\/\",\"logo\":{\"@type\":\"ImageObject\",\"inLanguage\":\"en-GB\",\"@id\":\"https:\\\/\\\/www.malinashop.lt\\\/#\\\/schema\\\/logo\\\/image\\\/\",\"url\":\"https:\\\/\\\/www.malinashop.lt\\\/wp-content\\\/uploads\\\/2024\\\/08\\\/462559670_3787732518133670_9795632669273463_n-e1731525914575.png\",\"contentUrl\":\"https:\\\/\\\/www.malinashop.lt\\\/wp-content\\\/uploads\\\/2024\\\/08\\\/462559670_3787732518133670_9795632669273463_n-e1731525914575.png\",\"width\":180,\"height\":60,\"caption\":\"COM Group Ecommerce\"},\"image\":{\"@id\":\"https:\\\/\\\/www.malinashop.lt\\\/#\\\/schema\\\/logo\\\/image\\\/\"}}]}<\/script>\n<!-- \/ Yoast SEO plugin. -->","yoast_head_json":{"title":"MEDB 1 DAY HONEY lak\u0161tin\u0117 veido kauk\u0117 su medumi, 27g - MalinaShop.lt J\u016bs\u0173 sveikatai ir gro\u017eiui.","description":"MEDB lak\u0161tin\u0117 veido kauk\u0117 su medaus ekstraktu 1DAY HONEY \u2013 dr\u0117kina, puosel\u0117ja odos \u0161velnum\u0105 ir suteikia komforto poj\u016bt\u012f. Nu\u0117mus kauk\u0119, liku\u010dius \u012fmasa\u017euokite","robots":{"index":"index","follow":"follow","max-snippet":"max-snippet:-1","max-image-preview":"max-image-preview:large","max-video-preview":"max-video-preview:-1"},"canonical":"https:\/\/www.malinashop.lt\/en\/shop\/medb-1-day-honey-lakstine-veido-kauke-su-medumi-27g\/","og_locale":"en_GB","og_type":"article","og_title":"MEDB 1 DAY HONEY lak\u0161tin\u0117 veido kauk\u0117 su medumi, 27g - MalinaShop.lt J\u016bs\u0173 sveikatai ir gro\u017eiui.","og_description":"MEDB lak\u0161tin\u0117 veido kauk\u0117 su medaus ekstraktu 1DAY HONEY \u2013 dr\u0117kina, puosel\u0117ja odos \u0161velnum\u0105 ir suteikia komforto poj\u016bt\u012f. Nu\u0117mus kauk\u0119, liku\u010dius \u012fmasa\u017euokite","og_url":"https:\/\/www.malinashop.lt\/en\/shop\/medb-1-day-honey-lakstine-veido-kauke-su-medumi-27g\/","og_site_name":"MalinaShop.lt J\u016bs\u0173 sveikatai ir gro\u017eiui.","article_modified_time":"2026-04-07T19:18:24+00:00","og_image":[{"width":768,"height":768,"url":"https:\/\/www.malinashop.lt\/wp-content\/uploads\/2026\/01\/MEDB-1-DAY-HONEY-lakstine-veido-kauke-su-medumi-27g.webp","type":"image\/webp"}],"twitter_card":"summary_large_image","schema":{"@context":"https:\/\/schema.org","@graph":[{"@type":"WebPage","@id":"https:\/\/www.malinashop.lt\/en\/shop\/medb-1-day-honey-lakstine-veido-kauke-su-medumi-27g\/","url":"https:\/\/www.malinashop.lt\/en\/shop\/medb-1-day-honey-lakstine-veido-kauke-su-medumi-27g\/","name":"MEDB 1 DAY HONEY lak\u0161tin\u0117 veido kauk\u0117 su medumi, 27g - MalinaShop.lt J\u016bs\u0173 sveikatai ir gro\u017eiui.","isPartOf":{"@id":"https:\/\/www.malinashop.lt\/#website"},"primaryImageOfPage":{"@id":"https:\/\/www.malinashop.lt\/en\/shop\/medb-1-day-honey-lakstine-veido-kauke-su-medumi-27g\/#primaryimage"},"image":{"@id":"https:\/\/www.malinashop.lt\/en\/shop\/medb-1-day-honey-lakstine-veido-kauke-su-medumi-27g\/#primaryimage"},"thumbnailUrl":"https:\/\/www.malinashop.lt\/wp-content\/uploads\/2026\/01\/MEDB-1-DAY-HONEY-lakstine-veido-kauke-su-medumi-27g.webp","datePublished":"2026-01-29T20:05:12+00:00","dateModified":"2026-04-07T19:18:24+00:00","description":"MEDB lak\u0161tin\u0117 veido kauk\u0117 su medaus ekstraktu 1DAY HONEY \u2013 dr\u0117kina, puosel\u0117ja odos \u0161velnum\u0105 ir suteikia komforto poj\u016bt\u012f. Nu\u0117mus kauk\u0119, liku\u010dius \u012fmasa\u017euokite","breadcrumb":{"@id":"https:\/\/www.malinashop.lt\/en\/shop\/medb-1-day-honey-lakstine-veido-kauke-su-medumi-27g\/#breadcrumb"},"inLanguage":"en-GB","potentialAction":[{"@type":"ReadAction","target":["https:\/\/www.malinashop.lt\/en\/shop\/medb-1-day-honey-lakstine-veido-kauke-su-medumi-27g\/"]}]},{"@type":"ImageObject","inLanguage":"en-GB","@id":"https:\/\/www.malinashop.lt\/en\/shop\/medb-1-day-honey-lakstine-veido-kauke-su-medumi-27g\/#primaryimage","url":"https:\/\/www.malinashop.lt\/wp-content\/uploads\/2026\/01\/MEDB-1-DAY-HONEY-lakstine-veido-kauke-su-medumi-27g.webp","contentUrl":"https:\/\/www.malinashop.lt\/wp-content\/uploads\/2026\/01\/MEDB-1-DAY-HONEY-lakstine-veido-kauke-su-medumi-27g.webp","width":768,"height":768},{"@type":"BreadcrumbList","@id":"https:\/\/www.malinashop.lt\/en\/shop\/medb-1-day-honey-lakstine-veido-kauke-su-medumi-27g\/#breadcrumb","itemListElement":[{"@type":"ListItem","position":1,"name":"Pagrindinis","item":"https:\/\/www.malinashop.lt\/"},{"@type":"ListItem","position":2,"name":"Parduotuv\u0117","item":"https:\/\/www.malinashop.lt\/en\/parduotuve\/"},{"@type":"ListItem","position":3,"name":"MEDB 1 DAY HONEY lak\u0161tin\u0117 veido kauk\u0117 su medumi, 27g"}]},{"@type":"WebSite","@id":"https:\/\/www.malinashop.lt\/#website","url":"https:\/\/www.malinashop.lt\/","name":"COM Group Ecommerce","description":"MalinaShop.lt - Gro\u017eio ir sveikatos produktai i\u0161 patikim\u0173 preki\u0173 \u017eenkl\u0173. Atraskite auk\u0161tos kokyb\u0117s kosmetik\u0105 u\u017e puiki\u0105 kain\u0105.","publisher":{"@id":"https:\/\/www.malinashop.lt\/#organization"},"potentialAction":[{"@type":"SearchAction","target":{"@type":"EntryPoint","urlTemplate":"https:\/\/www.malinashop.lt\/?s={search_term_string}"},"query-input":{"@type":"PropertyValueSpecification","valueRequired":true,"valueName":"search_term_string"}}],"inLanguage":"en-GB"},{"@type":"Organization","@id":"https:\/\/www.malinashop.lt\/#organization","name":"COM Group Ecommerce","url":"https:\/\/www.malinashop.lt\/","logo":{"@type":"ImageObject","inLanguage":"en-GB","@id":"https:\/\/www.malinashop.lt\/#\/schema\/logo\/image\/","url":"https:\/\/www.malinashop.lt\/wp-content\/uploads\/2024\/08\/462559670_3787732518133670_9795632669273463_n-e1731525914575.png","contentUrl":"https:\/\/www.malinashop.lt\/wp-content\/uploads\/2024\/08\/462559670_3787732518133670_9795632669273463_n-e1731525914575.png","width":180,"height":60,"caption":"COM Group Ecommerce"},"image":{"@id":"https:\/\/www.malinashop.lt\/#\/schema\/logo\/image\/"}}]}},"jetpack_sharing_enabled":true,"_links":{"self":[{"href":"https:\/\/www.malinashop.lt\/en\/wp-json\/wp\/v2\/product\/73578","targetHints":{"allow":["GET"]}}],"collection":[{"href":"https:\/\/www.malinashop.lt\/en\/wp-json\/wp\/v2\/product"}],"about":[{"href":"https:\/\/www.malinashop.lt\/en\/wp-json\/wp\/v2\/types\/product"}],"version-history":[{"count":1,"href":"https:\/\/www.malinashop.lt\/en\/wp-json\/wp\/v2\/product\/73578\/revisions"}],"predecessor-version":[{"id":73580,"href":"https:\/\/www.malinashop.lt\/en\/wp-json\/wp\/v2\/product\/73578\/revisions\/73580"}],"wp:featuredmedia":[{"embeddable":true,"href":"https:\/\/www.malinashop.lt\/en\/wp-json\/wp\/v2\/media\/73579"}],"wp:attachment":[{"href":"https:\/\/www.malinashop.lt\/en\/wp-json\/wp\/v2\/media?parent=73578"}],"wp:term":[{"taxonomy":"product_brand","embeddable":true,"href":"https:\/\/www.malinashop.lt\/en\/wp-json\/wp\/v2\/product_brand?post=73578"},{"taxonomy":"product_cat","embeddable":true,"href":"https:\/\/www.malinashop.lt\/en\/wp-json\/wp\/v2\/product_cat?post=73578"},{"taxonomy":"product_tag","embeddable":true,"href":"https:\/\/www.malinashop.lt\/en\/wp-json\/wp\/v2\/product_tag?post=73578"}],"curies":[{"name":"wp","href":"https:\/\/api.w.org\/{rel}","templated":true}]}}