{"id":73575,"date":"2026-01-29T23:03:22","date_gmt":"2026-01-29T20:03:22","guid":{"rendered":"https:\/\/malinashop.lt\/?post_type=product&#038;p=73575"},"modified":"2026-04-07T22:18:24","modified_gmt":"2026-04-07T19:18:24","slug":"medb-1-day-snail-lakstine-veido-kauke-su-sraigiu-mucinu-27g","status":"publish","type":"product","link":"https:\/\/www.malinashop.lt\/en\/shop\/medb-1-day-snail-lakstine-veido-kauke-su-sraigiu-mucinu-27g\/","title":{"rendered":"MEDB 1 DAY SNAIL lak\u0161tin\u0117 veido kauk\u0117 su sraigi\u0173 mucinu, 27g"},"content":{"rendered":"<p data-start=\"234\" data-end=\"538\"><strong data-start=\"234\" data-end=\"295\">MEDB lak\u0161tin\u0117 veido kauk\u0117 su sraigi\u0173 ekstraktu 1DAY SNAIL<\/strong> \u2013 dr\u0117kinanti ir raminamojo poj\u016b\u010dio suteikianti lak\u0161tin\u0117 kauk\u0117, skirta kasdienei odos prie\u017ei\u016brai, kai norisi daugiau komforto ir \u0161velnumo. Sud\u0117tyje esantis <strong data-start=\"451\" data-end=\"473\">sraigi\u0173 ekstraktas<\/strong> padeda palaikyti odos dr\u0117gm\u0119 ir suteikia odai raminam\u0105j\u012f poj\u016bt\u012f.<\/p>\n<p data-start=\"540\" data-end=\"779\"><strong data-start=\"540\" data-end=\"559\">Sraigi\u0173 mucinas<\/strong> prisideda prie odos <strong data-start=\"580\" data-end=\"603\">elastingumo poj\u016b\u010dio<\/strong>, padeda suteikti odai \u0161velnumo jausm\u0105 ir puosel\u0117ja lygesn\u0117s odos i\u0161vaizd\u0105. Kauk\u0117 ypa\u010d tinka, kai oda jau\u010diasi i\u0161saus\u0117jusi, pavargusi ar norisi greito dr\u0117kinimo efekto namuose.<\/p>\n<hr data-start=\"781\" data-end=\"784\" \/>\n<h3 data-start=\"786\" data-end=\"813\">Pagrindiniai privalumai<\/h3>\n<ul data-start=\"814\" data-end=\"1028\">\n<li data-start=\"814\" data-end=\"863\">\n<p data-start=\"816\" data-end=\"863\"><strong data-start=\"816\" data-end=\"827\">Dr\u0117kina<\/strong> ir padeda palaikyti odos komfort\u0105<\/p>\n<\/li>\n<li data-start=\"864\" data-end=\"931\">\n<p data-start=\"866\" data-end=\"931\"><strong data-start=\"866\" data-end=\"888\">Raminamojo poj\u016b\u010dio<\/strong> suteikianti formul\u0117 su sraigi\u0173 ekstraktu<\/p>\n<\/li>\n<li data-start=\"932\" data-end=\"986\">\n<p data-start=\"934\" data-end=\"986\">Prisideda prie <strong data-start=\"949\" data-end=\"984\">elastingumo ir \u0161velnumo poj\u016b\u010dio<\/strong><\/p>\n<\/li>\n<li data-start=\"987\" data-end=\"1028\">\n<p data-start=\"989\" data-end=\"1028\">Patogus naudojimas namuose ir kelion\u0117se<\/p>\n<\/li>\n<\/ul>\n<hr data-start=\"1030\" data-end=\"1033\" \/>\n<h3 data-start=\"1035\" data-end=\"1049\">Naudojimas<\/h3>\n<p data-start=\"1050\" data-end=\"1263\">D\u0117kite kauk\u0119 ant <strong data-start=\"1067\" data-end=\"1095\">\u0161varios, tonizuotos odos<\/strong>. Palaikykite <strong data-start=\"1109\" data-end=\"1126\">20\u201330 minu\u010di\u0173<\/strong>. Nu\u0117mus kauk\u0119, priemon\u0117s pertekli\u0173 \u0161velniais judesiais \u012fmasa\u017euokite \u012f veido od\u0105, kol liku\u010diai visi\u0161kai \u012fsigers. <strong data-start=\"1239\" data-end=\"1263\">Nereikia nuskalauti.<\/strong><\/p>\n<hr data-start=\"1265\" data-end=\"1268\" \/>\n<h3 data-start=\"1270\" data-end=\"1288\">Sud\u0117tis (INCI)<\/h3>\n<p data-start=\"1289\" data-end=\"1523\">Water, Methylpropanediol, Glycereth-26, Butylene Glycol, 1,2-Hexanediol, Snail Extract, Betaine, Xanthan Gum, Allantoin, Carbomer, Ethylhexylglycerin, Polysorbate 20, Triethanolamine, Disodium EDTA, Phenoxyethanol, Fragrance, Limonene<\/p>\n","protected":false},"excerpt":{"rendered":"<p data-start=\"1530\" data-end=\"1633\">Lak\u0161tin\u0117 veido kauk\u0117 su sraigi\u0173 ekstraktu \u2013 dr\u0117kina, suteikia raminam\u0105j\u012f poj\u016bt\u012f ir padeda odai jaustis \u0161velnesnei bei elastingesnei.<\/p>\n","protected":false},"featured_media":73576,"template":"","meta":[],"product_brand":[1544],"product_cat":[1136,728],"product_tag":[1609],"class_list":{"0":"post-73575","1":"product","2":"type-product","3":"status-publish","4":"has-post-thumbnail","6":"product_brand-medb","7":"product_cat-lakstines-veido-kaukes","8":"product_cat-veidui","9":"product_tag-medb","11":"first","12":"instock","13":"sale","14":"taxable","15":"shipping-taxable","16":"purchasable","17":"product-type-simple"},"yoast_head":"<!-- This site is optimized with the Yoast SEO plugin v27.4 - https:\/\/yoast.com\/product\/yoast-seo-wordpress\/ -->\n<title>MEDB 1 DAY SNAIL lak\u0161tin\u0117 veido kauk\u0117 su sraigi\u0173 mucinu, 27g - MalinaShop.lt J\u016bs\u0173 sveikatai ir gro\u017eiui.<\/title>\n<meta name=\"description\" content=\"MEDB lak\u0161tin\u0117 veido kauk\u0117 su sraigi\u0173 ekstraktu 1DAY SNAIL \u2013 dr\u0117kina, suteikia raminam\u0105j\u012f poj\u016bt\u012f, padeda odai jaustis \u0161velnesnei ir elastingesnei.\" \/>\n<meta name=\"robots\" content=\"index, follow, max-snippet:-1, max-image-preview:large, max-video-preview:-1\" \/>\n<link rel=\"canonical\" href=\"https:\/\/www.malinashop.lt\/en\/shop\/medb-1-day-snail-lakstine-veido-kauke-su-sraigiu-mucinu-27g\/\" \/>\n<meta property=\"og:locale\" content=\"en_GB\" \/>\n<meta property=\"og:type\" content=\"article\" \/>\n<meta property=\"og:title\" content=\"MEDB 1 DAY SNAIL lak\u0161tin\u0117 veido kauk\u0117 su sraigi\u0173 mucinu, 27g - MalinaShop.lt J\u016bs\u0173 sveikatai ir gro\u017eiui.\" \/>\n<meta property=\"og:description\" content=\"MEDB lak\u0161tin\u0117 veido kauk\u0117 su sraigi\u0173 ekstraktu 1DAY SNAIL \u2013 dr\u0117kina, suteikia raminam\u0105j\u012f poj\u016bt\u012f, padeda odai jaustis \u0161velnesnei ir elastingesnei.\" \/>\n<meta property=\"og:url\" content=\"https:\/\/www.malinashop.lt\/en\/shop\/medb-1-day-snail-lakstine-veido-kauke-su-sraigiu-mucinu-27g\/\" \/>\n<meta property=\"og:site_name\" content=\"MalinaShop.lt J\u016bs\u0173 sveikatai ir gro\u017eiui.\" \/>\n<meta property=\"article:modified_time\" content=\"2026-04-07T19:18:24+00:00\" \/>\n<meta property=\"og:image\" content=\"https:\/\/www.malinashop.lt\/wp-content\/uploads\/2026\/01\/MEDB-1-DAY-SNAIL-lakstine-veido-kauke-su-sraigiu-mucinu-27g.webp\" \/>\n\t<meta property=\"og:image:width\" content=\"768\" \/>\n\t<meta property=\"og:image:height\" content=\"768\" \/>\n\t<meta property=\"og:image:type\" content=\"image\/webp\" \/>\n<meta name=\"twitter:card\" content=\"summary_large_image\" \/>\n<script type=\"application\/ld+json\" class=\"yoast-schema-graph\">{\"@context\":\"https:\\\/\\\/schema.org\",\"@graph\":[{\"@type\":\"WebPage\",\"@id\":\"https:\\\/\\\/www.malinashop.lt\\\/lt_lt\\\/shop\\\/medb-1-day-snail-lakstine-veido-kauke-su-sraigiu-mucinu-27g\\\/\",\"url\":\"https:\\\/\\\/www.malinashop.lt\\\/lt_lt\\\/shop\\\/medb-1-day-snail-lakstine-veido-kauke-su-sraigiu-mucinu-27g\\\/\",\"name\":\"MEDB 1 DAY SNAIL lak\u0161tin\u0117 veido kauk\u0117 su sraigi\u0173 mucinu, 27g - MalinaShop.lt J\u016bs\u0173 sveikatai ir gro\u017eiui.\",\"isPartOf\":{\"@id\":\"https:\\\/\\\/www.malinashop.lt\\\/#website\"},\"primaryImageOfPage\":{\"@id\":\"https:\\\/\\\/www.malinashop.lt\\\/lt_lt\\\/shop\\\/medb-1-day-snail-lakstine-veido-kauke-su-sraigiu-mucinu-27g\\\/#primaryimage\"},\"image\":{\"@id\":\"https:\\\/\\\/www.malinashop.lt\\\/lt_lt\\\/shop\\\/medb-1-day-snail-lakstine-veido-kauke-su-sraigiu-mucinu-27g\\\/#primaryimage\"},\"thumbnailUrl\":\"https:\\\/\\\/www.malinashop.lt\\\/wp-content\\\/uploads\\\/2026\\\/01\\\/MEDB-1-DAY-SNAIL-lakstine-veido-kauke-su-sraigiu-mucinu-27g.webp\",\"datePublished\":\"2026-01-29T20:03:22+00:00\",\"dateModified\":\"2026-04-07T19:18:24+00:00\",\"description\":\"MEDB lak\u0161tin\u0117 veido kauk\u0117 su sraigi\u0173 ekstraktu 1DAY SNAIL \u2013 dr\u0117kina, suteikia raminam\u0105j\u012f poj\u016bt\u012f, padeda odai jaustis \u0161velnesnei ir elastingesnei.\",\"breadcrumb\":{\"@id\":\"https:\\\/\\\/www.malinashop.lt\\\/lt_lt\\\/shop\\\/medb-1-day-snail-lakstine-veido-kauke-su-sraigiu-mucinu-27g\\\/#breadcrumb\"},\"inLanguage\":\"en-GB\",\"potentialAction\":[{\"@type\":\"ReadAction\",\"target\":[\"https:\\\/\\\/www.malinashop.lt\\\/lt_lt\\\/shop\\\/medb-1-day-snail-lakstine-veido-kauke-su-sraigiu-mucinu-27g\\\/\"]}]},{\"@type\":\"ImageObject\",\"inLanguage\":\"en-GB\",\"@id\":\"https:\\\/\\\/www.malinashop.lt\\\/lt_lt\\\/shop\\\/medb-1-day-snail-lakstine-veido-kauke-su-sraigiu-mucinu-27g\\\/#primaryimage\",\"url\":\"https:\\\/\\\/www.malinashop.lt\\\/wp-content\\\/uploads\\\/2026\\\/01\\\/MEDB-1-DAY-SNAIL-lakstine-veido-kauke-su-sraigiu-mucinu-27g.webp\",\"contentUrl\":\"https:\\\/\\\/www.malinashop.lt\\\/wp-content\\\/uploads\\\/2026\\\/01\\\/MEDB-1-DAY-SNAIL-lakstine-veido-kauke-su-sraigiu-mucinu-27g.webp\",\"width\":768,\"height\":768},{\"@type\":\"BreadcrumbList\",\"@id\":\"https:\\\/\\\/www.malinashop.lt\\\/lt_lt\\\/shop\\\/medb-1-day-snail-lakstine-veido-kauke-su-sraigiu-mucinu-27g\\\/#breadcrumb\",\"itemListElement\":[{\"@type\":\"ListItem\",\"position\":1,\"name\":\"Pagrindinis\",\"item\":\"https:\\\/\\\/www.malinashop.lt\\\/\"},{\"@type\":\"ListItem\",\"position\":2,\"name\":\"Parduotuv\u0117\",\"item\":\"https:\\\/\\\/www.malinashop.lt\\\/en\\\/parduotuve\\\/\"},{\"@type\":\"ListItem\",\"position\":3,\"name\":\"MEDB 1 DAY SNAIL lak\u0161tin\u0117 veido kauk\u0117 su sraigi\u0173 mucinu, 27g\"}]},{\"@type\":\"WebSite\",\"@id\":\"https:\\\/\\\/www.malinashop.lt\\\/#website\",\"url\":\"https:\\\/\\\/www.malinashop.lt\\\/\",\"name\":\"COM Group Ecommerce\",\"description\":\"MalinaShop.lt - Gro\u017eio ir sveikatos produktai i\u0161 patikim\u0173 preki\u0173 \u017eenkl\u0173. Atraskite auk\u0161tos kokyb\u0117s kosmetik\u0105 u\u017e puiki\u0105 kain\u0105.\",\"publisher\":{\"@id\":\"https:\\\/\\\/www.malinashop.lt\\\/#organization\"},\"potentialAction\":[{\"@type\":\"SearchAction\",\"target\":{\"@type\":\"EntryPoint\",\"urlTemplate\":\"https:\\\/\\\/www.malinashop.lt\\\/?s={search_term_string}\"},\"query-input\":{\"@type\":\"PropertyValueSpecification\",\"valueRequired\":true,\"valueName\":\"search_term_string\"}}],\"inLanguage\":\"en-GB\"},{\"@type\":\"Organization\",\"@id\":\"https:\\\/\\\/www.malinashop.lt\\\/#organization\",\"name\":\"COM Group Ecommerce\",\"url\":\"https:\\\/\\\/www.malinashop.lt\\\/\",\"logo\":{\"@type\":\"ImageObject\",\"inLanguage\":\"en-GB\",\"@id\":\"https:\\\/\\\/www.malinashop.lt\\\/#\\\/schema\\\/logo\\\/image\\\/\",\"url\":\"https:\\\/\\\/www.malinashop.lt\\\/wp-content\\\/uploads\\\/2024\\\/08\\\/462559670_3787732518133670_9795632669273463_n-e1731525914575.png\",\"contentUrl\":\"https:\\\/\\\/www.malinashop.lt\\\/wp-content\\\/uploads\\\/2024\\\/08\\\/462559670_3787732518133670_9795632669273463_n-e1731525914575.png\",\"width\":180,\"height\":60,\"caption\":\"COM Group Ecommerce\"},\"image\":{\"@id\":\"https:\\\/\\\/www.malinashop.lt\\\/#\\\/schema\\\/logo\\\/image\\\/\"}}]}<\/script>\n<!-- \/ Yoast SEO plugin. -->","yoast_head_json":{"title":"MEDB 1 DAY SNAIL lak\u0161tin\u0117 veido kauk\u0117 su sraigi\u0173 mucinu, 27g - MalinaShop.lt J\u016bs\u0173 sveikatai ir gro\u017eiui.","description":"MEDB lak\u0161tin\u0117 veido kauk\u0117 su sraigi\u0173 ekstraktu 1DAY SNAIL \u2013 dr\u0117kina, suteikia raminam\u0105j\u012f poj\u016bt\u012f, padeda odai jaustis \u0161velnesnei ir elastingesnei.","robots":{"index":"index","follow":"follow","max-snippet":"max-snippet:-1","max-image-preview":"max-image-preview:large","max-video-preview":"max-video-preview:-1"},"canonical":"https:\/\/www.malinashop.lt\/en\/shop\/medb-1-day-snail-lakstine-veido-kauke-su-sraigiu-mucinu-27g\/","og_locale":"en_GB","og_type":"article","og_title":"MEDB 1 DAY SNAIL lak\u0161tin\u0117 veido kauk\u0117 su sraigi\u0173 mucinu, 27g - MalinaShop.lt J\u016bs\u0173 sveikatai ir gro\u017eiui.","og_description":"MEDB lak\u0161tin\u0117 veido kauk\u0117 su sraigi\u0173 ekstraktu 1DAY SNAIL \u2013 dr\u0117kina, suteikia raminam\u0105j\u012f poj\u016bt\u012f, padeda odai jaustis \u0161velnesnei ir elastingesnei.","og_url":"https:\/\/www.malinashop.lt\/en\/shop\/medb-1-day-snail-lakstine-veido-kauke-su-sraigiu-mucinu-27g\/","og_site_name":"MalinaShop.lt J\u016bs\u0173 sveikatai ir gro\u017eiui.","article_modified_time":"2026-04-07T19:18:24+00:00","og_image":[{"width":768,"height":768,"url":"https:\/\/www.malinashop.lt\/wp-content\/uploads\/2026\/01\/MEDB-1-DAY-SNAIL-lakstine-veido-kauke-su-sraigiu-mucinu-27g.webp","type":"image\/webp"}],"twitter_card":"summary_large_image","schema":{"@context":"https:\/\/schema.org","@graph":[{"@type":"WebPage","@id":"https:\/\/www.malinashop.lt\/lt_lt\/shop\/medb-1-day-snail-lakstine-veido-kauke-su-sraigiu-mucinu-27g\/","url":"https:\/\/www.malinashop.lt\/lt_lt\/shop\/medb-1-day-snail-lakstine-veido-kauke-su-sraigiu-mucinu-27g\/","name":"MEDB 1 DAY SNAIL lak\u0161tin\u0117 veido kauk\u0117 su sraigi\u0173 mucinu, 27g - MalinaShop.lt J\u016bs\u0173 sveikatai ir gro\u017eiui.","isPartOf":{"@id":"https:\/\/www.malinashop.lt\/#website"},"primaryImageOfPage":{"@id":"https:\/\/www.malinashop.lt\/lt_lt\/shop\/medb-1-day-snail-lakstine-veido-kauke-su-sraigiu-mucinu-27g\/#primaryimage"},"image":{"@id":"https:\/\/www.malinashop.lt\/lt_lt\/shop\/medb-1-day-snail-lakstine-veido-kauke-su-sraigiu-mucinu-27g\/#primaryimage"},"thumbnailUrl":"https:\/\/www.malinashop.lt\/wp-content\/uploads\/2026\/01\/MEDB-1-DAY-SNAIL-lakstine-veido-kauke-su-sraigiu-mucinu-27g.webp","datePublished":"2026-01-29T20:03:22+00:00","dateModified":"2026-04-07T19:18:24+00:00","description":"MEDB lak\u0161tin\u0117 veido kauk\u0117 su sraigi\u0173 ekstraktu 1DAY SNAIL \u2013 dr\u0117kina, suteikia raminam\u0105j\u012f poj\u016bt\u012f, padeda odai jaustis \u0161velnesnei ir elastingesnei.","breadcrumb":{"@id":"https:\/\/www.malinashop.lt\/lt_lt\/shop\/medb-1-day-snail-lakstine-veido-kauke-su-sraigiu-mucinu-27g\/#breadcrumb"},"inLanguage":"en-GB","potentialAction":[{"@type":"ReadAction","target":["https:\/\/www.malinashop.lt\/lt_lt\/shop\/medb-1-day-snail-lakstine-veido-kauke-su-sraigiu-mucinu-27g\/"]}]},{"@type":"ImageObject","inLanguage":"en-GB","@id":"https:\/\/www.malinashop.lt\/lt_lt\/shop\/medb-1-day-snail-lakstine-veido-kauke-su-sraigiu-mucinu-27g\/#primaryimage","url":"https:\/\/www.malinashop.lt\/wp-content\/uploads\/2026\/01\/MEDB-1-DAY-SNAIL-lakstine-veido-kauke-su-sraigiu-mucinu-27g.webp","contentUrl":"https:\/\/www.malinashop.lt\/wp-content\/uploads\/2026\/01\/MEDB-1-DAY-SNAIL-lakstine-veido-kauke-su-sraigiu-mucinu-27g.webp","width":768,"height":768},{"@type":"BreadcrumbList","@id":"https:\/\/www.malinashop.lt\/lt_lt\/shop\/medb-1-day-snail-lakstine-veido-kauke-su-sraigiu-mucinu-27g\/#breadcrumb","itemListElement":[{"@type":"ListItem","position":1,"name":"Pagrindinis","item":"https:\/\/www.malinashop.lt\/"},{"@type":"ListItem","position":2,"name":"Parduotuv\u0117","item":"https:\/\/www.malinashop.lt\/en\/parduotuve\/"},{"@type":"ListItem","position":3,"name":"MEDB 1 DAY SNAIL lak\u0161tin\u0117 veido kauk\u0117 su sraigi\u0173 mucinu, 27g"}]},{"@type":"WebSite","@id":"https:\/\/www.malinashop.lt\/#website","url":"https:\/\/www.malinashop.lt\/","name":"COM Group Ecommerce","description":"MalinaShop.lt - Gro\u017eio ir sveikatos produktai i\u0161 patikim\u0173 preki\u0173 \u017eenkl\u0173. Atraskite auk\u0161tos kokyb\u0117s kosmetik\u0105 u\u017e puiki\u0105 kain\u0105.","publisher":{"@id":"https:\/\/www.malinashop.lt\/#organization"},"potentialAction":[{"@type":"SearchAction","target":{"@type":"EntryPoint","urlTemplate":"https:\/\/www.malinashop.lt\/?s={search_term_string}"},"query-input":{"@type":"PropertyValueSpecification","valueRequired":true,"valueName":"search_term_string"}}],"inLanguage":"en-GB"},{"@type":"Organization","@id":"https:\/\/www.malinashop.lt\/#organization","name":"COM Group Ecommerce","url":"https:\/\/www.malinashop.lt\/","logo":{"@type":"ImageObject","inLanguage":"en-GB","@id":"https:\/\/www.malinashop.lt\/#\/schema\/logo\/image\/","url":"https:\/\/www.malinashop.lt\/wp-content\/uploads\/2024\/08\/462559670_3787732518133670_9795632669273463_n-e1731525914575.png","contentUrl":"https:\/\/www.malinashop.lt\/wp-content\/uploads\/2024\/08\/462559670_3787732518133670_9795632669273463_n-e1731525914575.png","width":180,"height":60,"caption":"COM Group Ecommerce"},"image":{"@id":"https:\/\/www.malinashop.lt\/#\/schema\/logo\/image\/"}}]}},"jetpack_sharing_enabled":true,"_links":{"self":[{"href":"https:\/\/www.malinashop.lt\/en\/wp-json\/wp\/v2\/product\/73575","targetHints":{"allow":["GET"]}}],"collection":[{"href":"https:\/\/www.malinashop.lt\/en\/wp-json\/wp\/v2\/product"}],"about":[{"href":"https:\/\/www.malinashop.lt\/en\/wp-json\/wp\/v2\/types\/product"}],"version-history":[{"count":1,"href":"https:\/\/www.malinashop.lt\/en\/wp-json\/wp\/v2\/product\/73575\/revisions"}],"predecessor-version":[{"id":73577,"href":"https:\/\/www.malinashop.lt\/en\/wp-json\/wp\/v2\/product\/73575\/revisions\/73577"}],"wp:featuredmedia":[{"embeddable":true,"href":"https:\/\/www.malinashop.lt\/en\/wp-json\/wp\/v2\/media\/73576"}],"wp:attachment":[{"href":"https:\/\/www.malinashop.lt\/en\/wp-json\/wp\/v2\/media?parent=73575"}],"wp:term":[{"taxonomy":"product_brand","embeddable":true,"href":"https:\/\/www.malinashop.lt\/en\/wp-json\/wp\/v2\/product_brand?post=73575"},{"taxonomy":"product_cat","embeddable":true,"href":"https:\/\/www.malinashop.lt\/en\/wp-json\/wp\/v2\/product_cat?post=73575"},{"taxonomy":"product_tag","embeddable":true,"href":"https:\/\/www.malinashop.lt\/en\/wp-json\/wp\/v2\/product_tag?post=73575"}],"curies":[{"name":"wp","href":"https:\/\/api.w.org\/{rel}","templated":true}]}}