{"id":73505,"date":"2026-01-31T11:39:19","date_gmt":"2026-01-31T08:39:19","guid":{"rendered":"https:\/\/malinashop.lt\/?post_type=product&#038;p=73505"},"modified":"2026-04-08T00:29:58","modified_gmt":"2026-04-07T21:29:58","slug":"dr-althea-pro-lab-147-barjera-atkuriantis-kremas-50-ml","status":"publish","type":"product","link":"https:\/\/www.malinashop.lt\/en\/shop\/dr-althea-pro-lab-147-barjera-atkuriantis-kremas-50-ml\/","title":{"rendered":"Dr. Althea Pro Lab 147 barjer\u0105 atkuriantis kremas 50 ml"},"content":{"rendered":"<p data-start=\"79\" data-end=\"525\">Dr. Althea Pro Lab 147 Barrier Cream \u2013 raminamasis kremas, skirtas odos barjerui stiprinti, dr\u0117kinti ir ma\u017einti sudirgimus. Formul\u0117je esantis <strong data-start=\"221\" data-end=\"246\">azuleno (guaiazulene)<\/strong> kompleksas kartu su <strong data-start=\"267\" data-end=\"279\">skvalanu<\/strong>, <strong data-start=\"281\" data-end=\"295\">pantenoliu<\/strong> ir augalini\u0173 ekstrakt\u0173 mi\u0161iniu padeda greitai nuraminti paraudim\u0105, mink\u0161tina od\u0105 ir palaiko komforto poj\u016bt\u012f. Aktyviosios med\u017eiagos pasi\u017eymi prie\u0161u\u017edegiminiu poveikiu, skatina odos atsistatym\u0105 ir padeda odai grei\u010diau regeneruotis.<\/p>\n<p data-start=\"527\" data-end=\"804\">Kremas padeda atkurti apsaugin\u012f odos sluoksn\u012f, stiprina odos atsparum\u0105 i\u0161or\u0117s veiksniams, palaiko dr\u0117gm\u0117s balans\u0105 ir prisideda prie odos \u201egijimo\u201c proceso, kai oda yra jautri, i\u0161saus\u0117jusi ar sudirgusi. Puikiai tinka naudoti tiek visam veidui, tiek lokaliai problemin\u0117ms vietoms.<\/p>\n<p data-start=\"806\" data-end=\"833\"><strong data-start=\"806\" data-end=\"833\">Pagrindiniai privalumai<\/strong><\/p>\n<ul data-start=\"834\" data-end=\"1075\">\n<li data-start=\"834\" data-end=\"886\">\n<p data-start=\"836\" data-end=\"886\">Ramina sudirgimus, ma\u017eina paraudim\u0105 ir diskomfort\u0105<\/p>\n<\/li>\n<li data-start=\"887\" data-end=\"934\">\n<p data-start=\"889\" data-end=\"934\">Dr\u0117kina ir mink\u0161tina, padeda i\u0161vengti sausumo<\/p>\n<\/li>\n<li data-start=\"935\" data-end=\"989\">\n<p data-start=\"937\" data-end=\"989\">Stiprina odos barjer\u0105 ir atsparum\u0105 i\u0161or\u0117s veiksniams<\/p>\n<\/li>\n<li data-start=\"990\" data-end=\"1032\">\n<p data-start=\"992\" data-end=\"1032\">Skatina odos regeneracij\u0105 ir atsistatym\u0105<\/p>\n<\/li>\n<li data-start=\"1033\" data-end=\"1075\">\n<p data-start=\"1035\" data-end=\"1075\">Tinka naudoti lokaliai jautrioms vietoms<\/p>\n<\/li>\n<\/ul>\n<p data-start=\"1077\" data-end=\"1227\"><strong data-start=\"1077\" data-end=\"1091\">Naudojimas<\/strong><br \/>\nNedidel\u012f kremo kiek\u012f tepkite ant \u0161varios, tonizuotos odos arba lokaliai ant reikiam\u0173 viet\u0173. \u0160velniai \u012fmasa\u017euokite ir palikite \u012fsigerti.<\/p>\n<p data-start=\"1229\" data-end=\"1504\"><strong data-start=\"1229\" data-end=\"1242\">\u012esp\u0117jimai<\/strong><br \/>\nTik i\u0161oriniam naudojimui. Naudoti pagal instrukcijas. Vengti patekimo \u012f akis. Laikyti vaikams nepasiekiamoje vietoje. Netepkite ant gleivini\u0173 ir pa\u017eeistos odos. Sudirginimo atveju nedelsiant nutraukite naudojim\u0105. Laikyti ne auk\u0161tesn\u0117je kaip 25 \u00b0C temperat\u016broje.<\/p>\n<p data-start=\"1506\" data-end=\"2822\"><strong data-start=\"1506\" data-end=\"1524\">Sud\u0117tis (INCI)<\/strong><br \/>\nAqua, Glycerin, Dipropylene Glycol, Cetearyl Alcohol, Caprylic\/Capric Triglyceride, Methyl Trimethicone, Hydrogenated Polydecene, 1,2-Hexanediol, Vegetable Oil, Phenyl Trimethicone, Dimethicone\/Vinyl Dimethicone Crosspolymer, Glyceryl Stearate, Laminaria Japonica Extract, Eclipta Prostrata Leaf Extract, Beta Vulgaris (Beet) Root Extract, Chamaecyparis Obtusa Leaf Extract, Melia Azadirachta Leaf Extract, Melia Azadirachta Flower Extract, Coccinia Indica Fruit Extract, Solanum Melongena (Eggplant) Fruit Extract, Aloe Barbadensis Flower Extract, Ocimum Sanctum Leaf Extract, Curcuma Longa (Turmeric) Root Extract, Corallina Officinalis Extract, Hydrogenated Lecithin, Pelargonium Graveolens Flower Oil, Sodium Hyaluronate, Palmitic Acid, Cetearyl Olivate, Sorbitan Olivate, C12-16 Alcohols, Behenyl Alcohol, Stearic Acid, Microcrystalline Cellulose, Cetearyl Glucoside, C12-15 Alkyl Benzoate, Ceramide NP, Phytosqualane, Ammonium Acryloyldimethyltaurate\/VP Copolymer, Panthenol, Polyglyceryl-10 Myristate, Glyceryl Polymethacrylate, Cellulose Gum, Cholesterol, Butylene Glycol, Fructooligosaccharides, Disodium EDTA, Beta-Glucan, Carnosine, Myristic Acid, Hydrolyzed Hyaluronic Acid, Glucose, Guaiazulene, Oligopeptide-1, Arginine, Carbomer, Ethylhexylglycerin, Citronellol, Geraniol, Linalool.<\/p>\n","protected":false},"excerpt":{"rendered":"<p>Raminamasis barjer\u0105 stiprinantis kremas su azulenais, skvalanu ir pantenoliu. Dr\u0117kina, mink\u0161tina, ma\u017eina sudirgimus ir padeda odai atsistatyti.<\/p>\n","protected":false},"featured_media":73506,"template":"","meta":[],"product_brand":[1578],"product_cat":[562,187,728],"product_tag":[1598],"class_list":{"0":"post-73505","1":"product","2":"type-product","3":"status-publish","4":"has-post-thumbnail","6":"product_brand-dr-althea","7":"product_cat-sandelio-valymas","8":"product_cat-veido-kremai","9":"product_cat-veidui","10":"product_tag-dr-althea","12":"first","13":"instock","14":"sale","15":"taxable","16":"shipping-taxable","17":"purchasable","18":"product-type-simple"},"yoast_head":"<!-- This site is optimized with the Yoast SEO plugin v27.4 - https:\/\/yoast.com\/product\/yoast-seo-wordpress\/ -->\n<title>Dr. Althea Pro Lab 147 barjer\u0105 atkuriantis kremas 50 ml - MalinaShop.lt J\u016bs\u0173 sveikatai ir gro\u017eiui.<\/title>\n<meta name=\"description\" content=\"Dr. Althea Pro Lab 147 Barrier Cream 50 ml ramina sudirgimus, dr\u0117kina ir stiprina odos barjer\u0105, padeda odai grei\u010diau atsistatyti.\" \/>\n<meta name=\"robots\" content=\"index, follow, max-snippet:-1, max-image-preview:large, max-video-preview:-1\" \/>\n<link rel=\"canonical\" href=\"https:\/\/www.malinashop.lt\/en\/shop\/dr-althea-pro-lab-147-barjera-atkuriantis-kremas-50-ml\/\" \/>\n<meta property=\"og:locale\" content=\"en_GB\" \/>\n<meta property=\"og:type\" content=\"article\" \/>\n<meta property=\"og:title\" content=\"Dr. Althea Pro Lab 147 barjer\u0105 atkuriantis kremas 50 ml - MalinaShop.lt J\u016bs\u0173 sveikatai ir gro\u017eiui.\" \/>\n<meta property=\"og:description\" content=\"Dr. Althea Pro Lab 147 Barrier Cream 50 ml ramina sudirgimus, dr\u0117kina ir stiprina odos barjer\u0105, padeda odai grei\u010diau atsistatyti.\" \/>\n<meta property=\"og:url\" content=\"https:\/\/www.malinashop.lt\/en\/shop\/dr-althea-pro-lab-147-barjera-atkuriantis-kremas-50-ml\/\" \/>\n<meta property=\"og:site_name\" content=\"MalinaShop.lt J\u016bs\u0173 sveikatai ir gro\u017eiui.\" \/>\n<meta property=\"article:modified_time\" content=\"2026-04-07T21:29:58+00:00\" \/>\n<meta property=\"og:image\" content=\"https:\/\/www.malinashop.lt\/wp-content\/uploads\/2026\/01\/Dr.-Althea-Pro-Lab-147-barjera-atkuriantis-kremas-50-ml.jpg\" \/>\n\t<meta property=\"og:image:width\" content=\"800\" \/>\n\t<meta property=\"og:image:height\" content=\"800\" \/>\n\t<meta property=\"og:image:type\" content=\"image\/jpeg\" \/>\n<meta name=\"twitter:card\" content=\"summary_large_image\" \/>\n<script type=\"application\/ld+json\" class=\"yoast-schema-graph\">{\"@context\":\"https:\\\/\\\/schema.org\",\"@graph\":[{\"@type\":\"WebPage\",\"@id\":\"https:\\\/\\\/www.malinashop.lt\\\/shop\\\/dr-althea-pro-lab-147-barjera-atkuriantis-kremas-50-ml\\\/\",\"url\":\"https:\\\/\\\/www.malinashop.lt\\\/shop\\\/dr-althea-pro-lab-147-barjera-atkuriantis-kremas-50-ml\\\/\",\"name\":\"Dr. Althea Pro Lab 147 barjer\u0105 atkuriantis kremas 50 ml - MalinaShop.lt J\u016bs\u0173 sveikatai ir gro\u017eiui.\",\"isPartOf\":{\"@id\":\"https:\\\/\\\/www.malinashop.lt\\\/#website\"},\"primaryImageOfPage\":{\"@id\":\"https:\\\/\\\/www.malinashop.lt\\\/shop\\\/dr-althea-pro-lab-147-barjera-atkuriantis-kremas-50-ml\\\/#primaryimage\"},\"image\":{\"@id\":\"https:\\\/\\\/www.malinashop.lt\\\/shop\\\/dr-althea-pro-lab-147-barjera-atkuriantis-kremas-50-ml\\\/#primaryimage\"},\"thumbnailUrl\":\"https:\\\/\\\/www.malinashop.lt\\\/wp-content\\\/uploads\\\/2026\\\/01\\\/Dr.-Althea-Pro-Lab-147-barjera-atkuriantis-kremas-50-ml.jpg\",\"datePublished\":\"2026-01-31T08:39:19+00:00\",\"dateModified\":\"2026-04-07T21:29:58+00:00\",\"description\":\"Dr. Althea Pro Lab 147 Barrier Cream 50 ml ramina sudirgimus, dr\u0117kina ir stiprina odos barjer\u0105, padeda odai grei\u010diau atsistatyti.\",\"breadcrumb\":{\"@id\":\"https:\\\/\\\/www.malinashop.lt\\\/shop\\\/dr-althea-pro-lab-147-barjera-atkuriantis-kremas-50-ml\\\/#breadcrumb\"},\"inLanguage\":\"en-GB\",\"potentialAction\":[{\"@type\":\"ReadAction\",\"target\":[\"https:\\\/\\\/www.malinashop.lt\\\/shop\\\/dr-althea-pro-lab-147-barjera-atkuriantis-kremas-50-ml\\\/\"]}]},{\"@type\":\"ImageObject\",\"inLanguage\":\"en-GB\",\"@id\":\"https:\\\/\\\/www.malinashop.lt\\\/shop\\\/dr-althea-pro-lab-147-barjera-atkuriantis-kremas-50-ml\\\/#primaryimage\",\"url\":\"https:\\\/\\\/www.malinashop.lt\\\/wp-content\\\/uploads\\\/2026\\\/01\\\/Dr.-Althea-Pro-Lab-147-barjera-atkuriantis-kremas-50-ml.jpg\",\"contentUrl\":\"https:\\\/\\\/www.malinashop.lt\\\/wp-content\\\/uploads\\\/2026\\\/01\\\/Dr.-Althea-Pro-Lab-147-barjera-atkuriantis-kremas-50-ml.jpg\",\"width\":800,\"height\":800},{\"@type\":\"BreadcrumbList\",\"@id\":\"https:\\\/\\\/www.malinashop.lt\\\/shop\\\/dr-althea-pro-lab-147-barjera-atkuriantis-kremas-50-ml\\\/#breadcrumb\",\"itemListElement\":[{\"@type\":\"ListItem\",\"position\":1,\"name\":\"Pagrindinis\",\"item\":\"https:\\\/\\\/www.malinashop.lt\\\/\"},{\"@type\":\"ListItem\",\"position\":2,\"name\":\"Parduotuv\u0117\",\"item\":\"https:\\\/\\\/www.malinashop.lt\\\/en\\\/parduotuve\\\/\"},{\"@type\":\"ListItem\",\"position\":3,\"name\":\"Dr. Althea Pro Lab 147 barjer\u0105 atkuriantis kremas 50 ml\"}]},{\"@type\":\"WebSite\",\"@id\":\"https:\\\/\\\/www.malinashop.lt\\\/#website\",\"url\":\"https:\\\/\\\/www.malinashop.lt\\\/\",\"name\":\"COM Group Ecommerce\",\"description\":\"MalinaShop.lt - Gro\u017eio ir sveikatos produktai i\u0161 patikim\u0173 preki\u0173 \u017eenkl\u0173. Atraskite auk\u0161tos kokyb\u0117s kosmetik\u0105 u\u017e puiki\u0105 kain\u0105.\",\"publisher\":{\"@id\":\"https:\\\/\\\/www.malinashop.lt\\\/#organization\"},\"potentialAction\":[{\"@type\":\"SearchAction\",\"target\":{\"@type\":\"EntryPoint\",\"urlTemplate\":\"https:\\\/\\\/www.malinashop.lt\\\/?s={search_term_string}\"},\"query-input\":{\"@type\":\"PropertyValueSpecification\",\"valueRequired\":true,\"valueName\":\"search_term_string\"}}],\"inLanguage\":\"en-GB\"},{\"@type\":\"Organization\",\"@id\":\"https:\\\/\\\/www.malinashop.lt\\\/#organization\",\"name\":\"COM Group Ecommerce\",\"url\":\"https:\\\/\\\/www.malinashop.lt\\\/\",\"logo\":{\"@type\":\"ImageObject\",\"inLanguage\":\"en-GB\",\"@id\":\"https:\\\/\\\/www.malinashop.lt\\\/#\\\/schema\\\/logo\\\/image\\\/\",\"url\":\"https:\\\/\\\/www.malinashop.lt\\\/wp-content\\\/uploads\\\/2024\\\/08\\\/462559670_3787732518133670_9795632669273463_n-e1731525914575.png\",\"contentUrl\":\"https:\\\/\\\/www.malinashop.lt\\\/wp-content\\\/uploads\\\/2024\\\/08\\\/462559670_3787732518133670_9795632669273463_n-e1731525914575.png\",\"width\":180,\"height\":60,\"caption\":\"COM Group Ecommerce\"},\"image\":{\"@id\":\"https:\\\/\\\/www.malinashop.lt\\\/#\\\/schema\\\/logo\\\/image\\\/\"}}]}<\/script>\n<!-- \/ Yoast SEO plugin. -->","yoast_head_json":{"title":"Dr. Althea Pro Lab 147 barjer\u0105 atkuriantis kremas 50 ml - MalinaShop.lt J\u016bs\u0173 sveikatai ir gro\u017eiui.","description":"Dr. Althea Pro Lab 147 Barrier Cream 50 ml ramina sudirgimus, dr\u0117kina ir stiprina odos barjer\u0105, padeda odai grei\u010diau atsistatyti.","robots":{"index":"index","follow":"follow","max-snippet":"max-snippet:-1","max-image-preview":"max-image-preview:large","max-video-preview":"max-video-preview:-1"},"canonical":"https:\/\/www.malinashop.lt\/en\/shop\/dr-althea-pro-lab-147-barjera-atkuriantis-kremas-50-ml\/","og_locale":"en_GB","og_type":"article","og_title":"Dr. Althea Pro Lab 147 barjer\u0105 atkuriantis kremas 50 ml - MalinaShop.lt J\u016bs\u0173 sveikatai ir gro\u017eiui.","og_description":"Dr. Althea Pro Lab 147 Barrier Cream 50 ml ramina sudirgimus, dr\u0117kina ir stiprina odos barjer\u0105, padeda odai grei\u010diau atsistatyti.","og_url":"https:\/\/www.malinashop.lt\/en\/shop\/dr-althea-pro-lab-147-barjera-atkuriantis-kremas-50-ml\/","og_site_name":"MalinaShop.lt J\u016bs\u0173 sveikatai ir gro\u017eiui.","article_modified_time":"2026-04-07T21:29:58+00:00","og_image":[{"width":800,"height":800,"url":"https:\/\/www.malinashop.lt\/wp-content\/uploads\/2026\/01\/Dr.-Althea-Pro-Lab-147-barjera-atkuriantis-kremas-50-ml.jpg","type":"image\/jpeg"}],"twitter_card":"summary_large_image","schema":{"@context":"https:\/\/schema.org","@graph":[{"@type":"WebPage","@id":"https:\/\/www.malinashop.lt\/shop\/dr-althea-pro-lab-147-barjera-atkuriantis-kremas-50-ml\/","url":"https:\/\/www.malinashop.lt\/shop\/dr-althea-pro-lab-147-barjera-atkuriantis-kremas-50-ml\/","name":"Dr. Althea Pro Lab 147 barjer\u0105 atkuriantis kremas 50 ml - MalinaShop.lt J\u016bs\u0173 sveikatai ir gro\u017eiui.","isPartOf":{"@id":"https:\/\/www.malinashop.lt\/#website"},"primaryImageOfPage":{"@id":"https:\/\/www.malinashop.lt\/shop\/dr-althea-pro-lab-147-barjera-atkuriantis-kremas-50-ml\/#primaryimage"},"image":{"@id":"https:\/\/www.malinashop.lt\/shop\/dr-althea-pro-lab-147-barjera-atkuriantis-kremas-50-ml\/#primaryimage"},"thumbnailUrl":"https:\/\/www.malinashop.lt\/wp-content\/uploads\/2026\/01\/Dr.-Althea-Pro-Lab-147-barjera-atkuriantis-kremas-50-ml.jpg","datePublished":"2026-01-31T08:39:19+00:00","dateModified":"2026-04-07T21:29:58+00:00","description":"Dr. Althea Pro Lab 147 Barrier Cream 50 ml ramina sudirgimus, dr\u0117kina ir stiprina odos barjer\u0105, padeda odai grei\u010diau atsistatyti.","breadcrumb":{"@id":"https:\/\/www.malinashop.lt\/shop\/dr-althea-pro-lab-147-barjera-atkuriantis-kremas-50-ml\/#breadcrumb"},"inLanguage":"en-GB","potentialAction":[{"@type":"ReadAction","target":["https:\/\/www.malinashop.lt\/shop\/dr-althea-pro-lab-147-barjera-atkuriantis-kremas-50-ml\/"]}]},{"@type":"ImageObject","inLanguage":"en-GB","@id":"https:\/\/www.malinashop.lt\/shop\/dr-althea-pro-lab-147-barjera-atkuriantis-kremas-50-ml\/#primaryimage","url":"https:\/\/www.malinashop.lt\/wp-content\/uploads\/2026\/01\/Dr.-Althea-Pro-Lab-147-barjera-atkuriantis-kremas-50-ml.jpg","contentUrl":"https:\/\/www.malinashop.lt\/wp-content\/uploads\/2026\/01\/Dr.-Althea-Pro-Lab-147-barjera-atkuriantis-kremas-50-ml.jpg","width":800,"height":800},{"@type":"BreadcrumbList","@id":"https:\/\/www.malinashop.lt\/shop\/dr-althea-pro-lab-147-barjera-atkuriantis-kremas-50-ml\/#breadcrumb","itemListElement":[{"@type":"ListItem","position":1,"name":"Pagrindinis","item":"https:\/\/www.malinashop.lt\/"},{"@type":"ListItem","position":2,"name":"Parduotuv\u0117","item":"https:\/\/www.malinashop.lt\/en\/parduotuve\/"},{"@type":"ListItem","position":3,"name":"Dr. Althea Pro Lab 147 barjer\u0105 atkuriantis kremas 50 ml"}]},{"@type":"WebSite","@id":"https:\/\/www.malinashop.lt\/#website","url":"https:\/\/www.malinashop.lt\/","name":"COM Group Ecommerce","description":"MalinaShop.lt - Gro\u017eio ir sveikatos produktai i\u0161 patikim\u0173 preki\u0173 \u017eenkl\u0173. Atraskite auk\u0161tos kokyb\u0117s kosmetik\u0105 u\u017e puiki\u0105 kain\u0105.","publisher":{"@id":"https:\/\/www.malinashop.lt\/#organization"},"potentialAction":[{"@type":"SearchAction","target":{"@type":"EntryPoint","urlTemplate":"https:\/\/www.malinashop.lt\/?s={search_term_string}"},"query-input":{"@type":"PropertyValueSpecification","valueRequired":true,"valueName":"search_term_string"}}],"inLanguage":"en-GB"},{"@type":"Organization","@id":"https:\/\/www.malinashop.lt\/#organization","name":"COM Group Ecommerce","url":"https:\/\/www.malinashop.lt\/","logo":{"@type":"ImageObject","inLanguage":"en-GB","@id":"https:\/\/www.malinashop.lt\/#\/schema\/logo\/image\/","url":"https:\/\/www.malinashop.lt\/wp-content\/uploads\/2024\/08\/462559670_3787732518133670_9795632669273463_n-e1731525914575.png","contentUrl":"https:\/\/www.malinashop.lt\/wp-content\/uploads\/2024\/08\/462559670_3787732518133670_9795632669273463_n-e1731525914575.png","width":180,"height":60,"caption":"COM Group Ecommerce"},"image":{"@id":"https:\/\/www.malinashop.lt\/#\/schema\/logo\/image\/"}}]}},"jetpack_sharing_enabled":true,"_links":{"self":[{"href":"https:\/\/www.malinashop.lt\/en\/wp-json\/wp\/v2\/product\/73505","targetHints":{"allow":["GET"]}}],"collection":[{"href":"https:\/\/www.malinashop.lt\/en\/wp-json\/wp\/v2\/product"}],"about":[{"href":"https:\/\/www.malinashop.lt\/en\/wp-json\/wp\/v2\/types\/product"}],"version-history":[{"count":1,"href":"https:\/\/www.malinashop.lt\/en\/wp-json\/wp\/v2\/product\/73505\/revisions"}],"predecessor-version":[{"id":73507,"href":"https:\/\/www.malinashop.lt\/en\/wp-json\/wp\/v2\/product\/73505\/revisions\/73507"}],"wp:featuredmedia":[{"embeddable":true,"href":"https:\/\/www.malinashop.lt\/en\/wp-json\/wp\/v2\/media\/73506"}],"wp:attachment":[{"href":"https:\/\/www.malinashop.lt\/en\/wp-json\/wp\/v2\/media?parent=73505"}],"wp:term":[{"taxonomy":"product_brand","embeddable":true,"href":"https:\/\/www.malinashop.lt\/en\/wp-json\/wp\/v2\/product_brand?post=73505"},{"taxonomy":"product_cat","embeddable":true,"href":"https:\/\/www.malinashop.lt\/en\/wp-json\/wp\/v2\/product_cat?post=73505"},{"taxonomy":"product_tag","embeddable":true,"href":"https:\/\/www.malinashop.lt\/en\/wp-json\/wp\/v2\/product_tag?post=73505"}],"curies":[{"name":"wp","href":"https:\/\/api.w.org\/{rel}","templated":true}]}}