{"id":73499,"date":"2026-01-31T11:40:42","date_gmt":"2026-01-31T08:40:42","guid":{"rendered":"https:\/\/malinashop.lt\/?post_type=product&#038;p=73499"},"modified":"2026-04-08T00:31:43","modified_gmt":"2026-04-07T21:31:43","slug":"fino-premium-touch-plauku-kauke-230-g","status":"publish","type":"product","link":"https:\/\/www.malinashop.lt\/en\/shop\/fino-premium-touch-plauku-kauke-230-g\/","title":{"rendered":"FINO Premium Touch plauk\u0173 kauk\u0117 230 g"},"content":{"rendered":"<p data-start=\"61\" data-end=\"624\">FINO Premium Touch Hair Mask \u2013 intensyviai dr\u0117kinanti ir glotninanti plauk\u0173 kauk\u0117, skirta atkurti plauk\u0173 \u0161velnum\u0105, elastingum\u0105 ir sveik\u0105 i\u0161vaizd\u0105. Sud\u0117tyje esantis <strong data-start=\"225\" data-end=\"243\">bi\u010di\u0173 pienelis<\/strong> padeda i\u0161laikyti dr\u0117gm\u0119 plaukuose, tod\u0117l jie ma\u017eiau saus\u0117ja ir l\u016b\u017ein\u0117ja. <strong data-start=\"317\" data-end=\"330\">Skvalanas<\/strong> suteikia spindesio, padeda sustiprinti plauk\u0105 ir apsaugo nuo \u0161iurk\u0161tumo, o <strong data-start=\"406\" data-end=\"425\">glutamo r\u016bg\u0161tis<\/strong> prisideda prie plauko kutikul\u0117s (i\u0161orinio sluoksnio) atstatymo, tod\u0117l plaukai atrodo lygesni ir lengviau suvaldomi. Oligoelementai padeda plaukams atrodyti sveikesniems, tankesniems ir glotnesniems.<\/p>\n<p data-start=\"626\" data-end=\"850\">Kauk\u0117 yra tir\u0161tos konsistencijos, lengvai pasiskirsto, nenub\u0117ga nuo plauk\u0173, o malonus g\u0117li\u0173 aromatas suteikia prabangos poj\u016bt\u012f. Reguliariai naudojant plaukai tampa mink\u0161tesni, glotnesni, elastingesni ir vizualiai \u201epilnesni\u201c.<\/p>\n<p data-start=\"852\" data-end=\"879\"><strong data-start=\"852\" data-end=\"879\">Pagrindiniai privalumai<\/strong><\/p>\n<ul data-start=\"880\" data-end=\"1090\">\n<li data-start=\"880\" data-end=\"927\">\n<p data-start=\"882\" data-end=\"927\">Intensyviai dr\u0117kina ir padeda ma\u017einti sausum\u0105<\/p>\n<\/li>\n<li data-start=\"928\" data-end=\"973\">\n<p data-start=\"930\" data-end=\"973\">Padeda stiprinti plaukus, ma\u017eina l\u016b\u017ein\u0117jim\u0105<\/p>\n<\/li>\n<li data-start=\"974\" data-end=\"1020\">\n<p data-start=\"976\" data-end=\"1020\">Glotnina kutikul\u0119, suteikia \u0161ilkin\u012f \u0161velnum\u0105<\/p>\n<\/li>\n<li data-start=\"1021\" data-end=\"1056\">\n<p data-start=\"1023\" data-end=\"1056\">Suteikia spindesio ir elastingumo<\/p>\n<\/li>\n<li data-start=\"1057\" data-end=\"1090\">\n<p data-start=\"1059\" data-end=\"1090\">Tir\u0161ta tekst\u016bra, patogu naudoti<\/p>\n<\/li>\n<\/ul>\n<p data-start=\"1092\" data-end=\"1417\"><strong data-start=\"1092\" data-end=\"1106\">Naudojimas<\/strong><br \/>\nU\u017etepkite reikiam\u0105 kiek\u012f kauk\u0117s ant \u0161vari\u0173, dr\u0117gn\u0173 plauk\u0173 ir paskirstykite per vis\u0105 ilg\u012f, ypating\u0105 d\u0117mes\u012f skirdami galiukams. Palikite 3\u20135 min., tuomet kruop\u0161\u010diai nuskalaukite \u0161iltu vandeniu. Vidutinio ilgio plaukams paprastai pakanka apie 2 arbatini\u0173 \u0161auk\u0161teli\u0173. Rekomenduojama naudoti 1\u20132 kartus per savait\u0119.<\/p>\n<p data-start=\"1419\" data-end=\"1694\"><strong data-start=\"1419\" data-end=\"1432\">\u012esp\u0117jimai<\/strong><br \/>\nTik i\u0161oriniam naudojimui. Naudoti pagal instrukcijas. Vengti patekimo \u012f akis. Laikyti vaikams nepasiekiamoje vietoje. Netepkite ant gleivini\u0173 ir pa\u017eeistos odos. Sudirginimo atveju nedelsiant nutraukite naudojim\u0105. Laikyti ne auk\u0161tesn\u0117je kaip 25 \u00b0C temperat\u016broje.<\/p>\n<p data-start=\"1696\" data-end=\"2306\"><strong data-start=\"1696\" data-end=\"1714\">Sud\u0117tis (INCI)<\/strong><br \/>\nAqua, Sorbitol, Dimethicone, Hydrogenated Rapeseed Alcohol, Isopentyldiol, Behentrimonium Chloride, Aminopropyl Dimethicone, Hydroxypropyl Arginine Lauryl\/Myristyl Ether HCL, Stearyl Dihydroxypropyldimonium Oligosaccharides, Glutamic Acid, Trehalose, Squalane, Steartrimonium Chloride, PEG-90M, PCA, Phytosteryl\/Octyldodecyl Lauroyl Glutamate, Hydrolyzed Wheat Protein, Polyquaternium-64, Hydrolyzed Wheat Starch, Royal Jelly Extract, Isopropyl Alcohol, Cetyl Alcohol, Octyldodecanol, Alcohol, Propylene Glycol, Butylene Glycol, Tocopherol, Phenoxyethanol, Sodium Benzoate, Parfum, CI 15985.<\/p>\n","protected":false},"excerpt":{"rendered":"<p>Tir\u0161tos konsistencijos FINO kauk\u0117 intensyviai dr\u0117kina, glotnina ir suteikia spindesio. Su bi\u010di\u0173 pieneliu, skvalanu ir glutamo r\u016bg\u0161timi.<\/p>\n","protected":false},"featured_media":73500,"template":"","meta":[],"product_brand":[1576],"product_cat":[711,517,562],"product_tag":[1600],"class_list":{"0":"post-73499","1":"product","2":"type-product","3":"status-publish","4":"has-post-thumbnail","6":"product_brand-fino","7":"product_cat-plaukams","8":"product_cat-plauku-kaukes-ir-kremai-ampules","9":"product_cat-sandelio-valymas","10":"product_tag-fino","12":"first","13":"instock","14":"sale","15":"taxable","16":"shipping-taxable","17":"purchasable","18":"product-type-simple"},"yoast_head":"<!-- This site is optimized with the Yoast SEO plugin v27.4 - https:\/\/yoast.com\/product\/yoast-seo-wordpress\/ -->\n<title>FINO Premium Touch plauk\u0173 kauk\u0117 230 g - MalinaShop.lt J\u016bs\u0173 sveikatai ir gro\u017eiui.<\/title>\n<meta name=\"description\" content=\"INO Premium Touch kauk\u0117 230 g. Dr\u0117kina, glotnina, suteikia spindesio. Su bi\u010di\u0173 pieneliu ir skvalanu.\" \/>\n<meta name=\"robots\" content=\"index, follow, max-snippet:-1, max-image-preview:large, max-video-preview:-1\" \/>\n<link rel=\"canonical\" href=\"https:\/\/www.malinashop.lt\/en\/shop\/fino-premium-touch-plauku-kauke-230-g\/\" \/>\n<meta property=\"og:locale\" content=\"en_GB\" \/>\n<meta property=\"og:type\" content=\"article\" \/>\n<meta property=\"og:title\" content=\"FINO Premium Touch plauk\u0173 kauk\u0117 230 g - MalinaShop.lt J\u016bs\u0173 sveikatai ir gro\u017eiui.\" \/>\n<meta property=\"og:description\" content=\"INO Premium Touch kauk\u0117 230 g. Dr\u0117kina, glotnina, suteikia spindesio. Su bi\u010di\u0173 pieneliu ir skvalanu.\" \/>\n<meta property=\"og:url\" content=\"https:\/\/www.malinashop.lt\/en\/shop\/fino-premium-touch-plauku-kauke-230-g\/\" \/>\n<meta property=\"og:site_name\" content=\"MalinaShop.lt J\u016bs\u0173 sveikatai ir gro\u017eiui.\" \/>\n<meta property=\"article:modified_time\" content=\"2026-04-07T21:31:43+00:00\" \/>\n<meta property=\"og:image\" content=\"https:\/\/www.malinashop.lt\/wp-content\/uploads\/2026\/01\/FINO-Premium-Touch-plauku-kauke-230-g.jpg\" \/>\n\t<meta property=\"og:image:width\" content=\"800\" \/>\n\t<meta property=\"og:image:height\" content=\"800\" \/>\n\t<meta property=\"og:image:type\" content=\"image\/jpeg\" \/>\n<meta name=\"twitter:card\" content=\"summary_large_image\" \/>\n<script type=\"application\/ld+json\" class=\"yoast-schema-graph\">{\"@context\":\"https:\\\/\\\/schema.org\",\"@graph\":[{\"@type\":\"WebPage\",\"@id\":\"https:\\\/\\\/www.malinashop.lt\\\/lt_lt\\\/shop\\\/fino-premium-touch-plauku-kauke-230-g\\\/\",\"url\":\"https:\\\/\\\/www.malinashop.lt\\\/lt_lt\\\/shop\\\/fino-premium-touch-plauku-kauke-230-g\\\/\",\"name\":\"FINO Premium Touch plauk\u0173 kauk\u0117 230 g - MalinaShop.lt J\u016bs\u0173 sveikatai ir gro\u017eiui.\",\"isPartOf\":{\"@id\":\"https:\\\/\\\/www.malinashop.lt\\\/#website\"},\"primaryImageOfPage\":{\"@id\":\"https:\\\/\\\/www.malinashop.lt\\\/lt_lt\\\/shop\\\/fino-premium-touch-plauku-kauke-230-g\\\/#primaryimage\"},\"image\":{\"@id\":\"https:\\\/\\\/www.malinashop.lt\\\/lt_lt\\\/shop\\\/fino-premium-touch-plauku-kauke-230-g\\\/#primaryimage\"},\"thumbnailUrl\":\"https:\\\/\\\/www.malinashop.lt\\\/wp-content\\\/uploads\\\/2026\\\/01\\\/FINO-Premium-Touch-plauku-kauke-230-g.jpg\",\"datePublished\":\"2026-01-31T08:40:42+00:00\",\"dateModified\":\"2026-04-07T21:31:43+00:00\",\"description\":\"INO Premium Touch kauk\u0117 230 g. Dr\u0117kina, glotnina, suteikia spindesio. Su bi\u010di\u0173 pieneliu ir skvalanu.\",\"breadcrumb\":{\"@id\":\"https:\\\/\\\/www.malinashop.lt\\\/lt_lt\\\/shop\\\/fino-premium-touch-plauku-kauke-230-g\\\/#breadcrumb\"},\"inLanguage\":\"en-GB\",\"potentialAction\":[{\"@type\":\"ReadAction\",\"target\":[\"https:\\\/\\\/www.malinashop.lt\\\/lt_lt\\\/shop\\\/fino-premium-touch-plauku-kauke-230-g\\\/\"]}]},{\"@type\":\"ImageObject\",\"inLanguage\":\"en-GB\",\"@id\":\"https:\\\/\\\/www.malinashop.lt\\\/lt_lt\\\/shop\\\/fino-premium-touch-plauku-kauke-230-g\\\/#primaryimage\",\"url\":\"https:\\\/\\\/www.malinashop.lt\\\/wp-content\\\/uploads\\\/2026\\\/01\\\/FINO-Premium-Touch-plauku-kauke-230-g.jpg\",\"contentUrl\":\"https:\\\/\\\/www.malinashop.lt\\\/wp-content\\\/uploads\\\/2026\\\/01\\\/FINO-Premium-Touch-plauku-kauke-230-g.jpg\",\"width\":800,\"height\":800},{\"@type\":\"BreadcrumbList\",\"@id\":\"https:\\\/\\\/www.malinashop.lt\\\/lt_lt\\\/shop\\\/fino-premium-touch-plauku-kauke-230-g\\\/#breadcrumb\",\"itemListElement\":[{\"@type\":\"ListItem\",\"position\":1,\"name\":\"Pagrindinis\",\"item\":\"https:\\\/\\\/www.malinashop.lt\\\/\"},{\"@type\":\"ListItem\",\"position\":2,\"name\":\"Parduotuv\u0117\",\"item\":\"https:\\\/\\\/www.malinashop.lt\\\/en\\\/parduotuve\\\/\"},{\"@type\":\"ListItem\",\"position\":3,\"name\":\"FINO Premium Touch plauk\u0173 kauk\u0117 230 g\"}]},{\"@type\":\"WebSite\",\"@id\":\"https:\\\/\\\/www.malinashop.lt\\\/#website\",\"url\":\"https:\\\/\\\/www.malinashop.lt\\\/\",\"name\":\"COM Group Ecommerce\",\"description\":\"MalinaShop.lt - Gro\u017eio ir sveikatos produktai i\u0161 patikim\u0173 preki\u0173 \u017eenkl\u0173. Atraskite auk\u0161tos kokyb\u0117s kosmetik\u0105 u\u017e puiki\u0105 kain\u0105.\",\"publisher\":{\"@id\":\"https:\\\/\\\/www.malinashop.lt\\\/#organization\"},\"potentialAction\":[{\"@type\":\"SearchAction\",\"target\":{\"@type\":\"EntryPoint\",\"urlTemplate\":\"https:\\\/\\\/www.malinashop.lt\\\/?s={search_term_string}\"},\"query-input\":{\"@type\":\"PropertyValueSpecification\",\"valueRequired\":true,\"valueName\":\"search_term_string\"}}],\"inLanguage\":\"en-GB\"},{\"@type\":\"Organization\",\"@id\":\"https:\\\/\\\/www.malinashop.lt\\\/#organization\",\"name\":\"COM Group Ecommerce\",\"url\":\"https:\\\/\\\/www.malinashop.lt\\\/\",\"logo\":{\"@type\":\"ImageObject\",\"inLanguage\":\"en-GB\",\"@id\":\"https:\\\/\\\/www.malinashop.lt\\\/#\\\/schema\\\/logo\\\/image\\\/\",\"url\":\"https:\\\/\\\/www.malinashop.lt\\\/wp-content\\\/uploads\\\/2024\\\/08\\\/462559670_3787732518133670_9795632669273463_n-e1731525914575.png\",\"contentUrl\":\"https:\\\/\\\/www.malinashop.lt\\\/wp-content\\\/uploads\\\/2024\\\/08\\\/462559670_3787732518133670_9795632669273463_n-e1731525914575.png\",\"width\":180,\"height\":60,\"caption\":\"COM Group Ecommerce\"},\"image\":{\"@id\":\"https:\\\/\\\/www.malinashop.lt\\\/#\\\/schema\\\/logo\\\/image\\\/\"}}]}<\/script>\n<!-- \/ Yoast SEO plugin. -->","yoast_head_json":{"title":"FINO Premium Touch plauk\u0173 kauk\u0117 230 g - MalinaShop.lt J\u016bs\u0173 sveikatai ir gro\u017eiui.","description":"INO Premium Touch kauk\u0117 230 g. Dr\u0117kina, glotnina, suteikia spindesio. Su bi\u010di\u0173 pieneliu ir skvalanu.","robots":{"index":"index","follow":"follow","max-snippet":"max-snippet:-1","max-image-preview":"max-image-preview:large","max-video-preview":"max-video-preview:-1"},"canonical":"https:\/\/www.malinashop.lt\/en\/shop\/fino-premium-touch-plauku-kauke-230-g\/","og_locale":"en_GB","og_type":"article","og_title":"FINO Premium Touch plauk\u0173 kauk\u0117 230 g - MalinaShop.lt J\u016bs\u0173 sveikatai ir gro\u017eiui.","og_description":"INO Premium Touch kauk\u0117 230 g. Dr\u0117kina, glotnina, suteikia spindesio. Su bi\u010di\u0173 pieneliu ir skvalanu.","og_url":"https:\/\/www.malinashop.lt\/en\/shop\/fino-premium-touch-plauku-kauke-230-g\/","og_site_name":"MalinaShop.lt J\u016bs\u0173 sveikatai ir gro\u017eiui.","article_modified_time":"2026-04-07T21:31:43+00:00","og_image":[{"width":800,"height":800,"url":"https:\/\/www.malinashop.lt\/wp-content\/uploads\/2026\/01\/FINO-Premium-Touch-plauku-kauke-230-g.jpg","type":"image\/jpeg"}],"twitter_card":"summary_large_image","schema":{"@context":"https:\/\/schema.org","@graph":[{"@type":"WebPage","@id":"https:\/\/www.malinashop.lt\/lt_lt\/shop\/fino-premium-touch-plauku-kauke-230-g\/","url":"https:\/\/www.malinashop.lt\/lt_lt\/shop\/fino-premium-touch-plauku-kauke-230-g\/","name":"FINO Premium Touch plauk\u0173 kauk\u0117 230 g - MalinaShop.lt J\u016bs\u0173 sveikatai ir gro\u017eiui.","isPartOf":{"@id":"https:\/\/www.malinashop.lt\/#website"},"primaryImageOfPage":{"@id":"https:\/\/www.malinashop.lt\/lt_lt\/shop\/fino-premium-touch-plauku-kauke-230-g\/#primaryimage"},"image":{"@id":"https:\/\/www.malinashop.lt\/lt_lt\/shop\/fino-premium-touch-plauku-kauke-230-g\/#primaryimage"},"thumbnailUrl":"https:\/\/www.malinashop.lt\/wp-content\/uploads\/2026\/01\/FINO-Premium-Touch-plauku-kauke-230-g.jpg","datePublished":"2026-01-31T08:40:42+00:00","dateModified":"2026-04-07T21:31:43+00:00","description":"INO Premium Touch kauk\u0117 230 g. Dr\u0117kina, glotnina, suteikia spindesio. Su bi\u010di\u0173 pieneliu ir skvalanu.","breadcrumb":{"@id":"https:\/\/www.malinashop.lt\/lt_lt\/shop\/fino-premium-touch-plauku-kauke-230-g\/#breadcrumb"},"inLanguage":"en-GB","potentialAction":[{"@type":"ReadAction","target":["https:\/\/www.malinashop.lt\/lt_lt\/shop\/fino-premium-touch-plauku-kauke-230-g\/"]}]},{"@type":"ImageObject","inLanguage":"en-GB","@id":"https:\/\/www.malinashop.lt\/lt_lt\/shop\/fino-premium-touch-plauku-kauke-230-g\/#primaryimage","url":"https:\/\/www.malinashop.lt\/wp-content\/uploads\/2026\/01\/FINO-Premium-Touch-plauku-kauke-230-g.jpg","contentUrl":"https:\/\/www.malinashop.lt\/wp-content\/uploads\/2026\/01\/FINO-Premium-Touch-plauku-kauke-230-g.jpg","width":800,"height":800},{"@type":"BreadcrumbList","@id":"https:\/\/www.malinashop.lt\/lt_lt\/shop\/fino-premium-touch-plauku-kauke-230-g\/#breadcrumb","itemListElement":[{"@type":"ListItem","position":1,"name":"Pagrindinis","item":"https:\/\/www.malinashop.lt\/"},{"@type":"ListItem","position":2,"name":"Parduotuv\u0117","item":"https:\/\/www.malinashop.lt\/en\/parduotuve\/"},{"@type":"ListItem","position":3,"name":"FINO Premium Touch plauk\u0173 kauk\u0117 230 g"}]},{"@type":"WebSite","@id":"https:\/\/www.malinashop.lt\/#website","url":"https:\/\/www.malinashop.lt\/","name":"COM Group Ecommerce","description":"MalinaShop.lt - Gro\u017eio ir sveikatos produktai i\u0161 patikim\u0173 preki\u0173 \u017eenkl\u0173. Atraskite auk\u0161tos kokyb\u0117s kosmetik\u0105 u\u017e puiki\u0105 kain\u0105.","publisher":{"@id":"https:\/\/www.malinashop.lt\/#organization"},"potentialAction":[{"@type":"SearchAction","target":{"@type":"EntryPoint","urlTemplate":"https:\/\/www.malinashop.lt\/?s={search_term_string}"},"query-input":{"@type":"PropertyValueSpecification","valueRequired":true,"valueName":"search_term_string"}}],"inLanguage":"en-GB"},{"@type":"Organization","@id":"https:\/\/www.malinashop.lt\/#organization","name":"COM Group Ecommerce","url":"https:\/\/www.malinashop.lt\/","logo":{"@type":"ImageObject","inLanguage":"en-GB","@id":"https:\/\/www.malinashop.lt\/#\/schema\/logo\/image\/","url":"https:\/\/www.malinashop.lt\/wp-content\/uploads\/2024\/08\/462559670_3787732518133670_9795632669273463_n-e1731525914575.png","contentUrl":"https:\/\/www.malinashop.lt\/wp-content\/uploads\/2024\/08\/462559670_3787732518133670_9795632669273463_n-e1731525914575.png","width":180,"height":60,"caption":"COM Group Ecommerce"},"image":{"@id":"https:\/\/www.malinashop.lt\/#\/schema\/logo\/image\/"}}]}},"jetpack_sharing_enabled":true,"_links":{"self":[{"href":"https:\/\/www.malinashop.lt\/en\/wp-json\/wp\/v2\/product\/73499","targetHints":{"allow":["GET"]}}],"collection":[{"href":"https:\/\/www.malinashop.lt\/en\/wp-json\/wp\/v2\/product"}],"about":[{"href":"https:\/\/www.malinashop.lt\/en\/wp-json\/wp\/v2\/types\/product"}],"version-history":[{"count":1,"href":"https:\/\/www.malinashop.lt\/en\/wp-json\/wp\/v2\/product\/73499\/revisions"}],"predecessor-version":[{"id":73501,"href":"https:\/\/www.malinashop.lt\/en\/wp-json\/wp\/v2\/product\/73499\/revisions\/73501"}],"wp:featuredmedia":[{"embeddable":true,"href":"https:\/\/www.malinashop.lt\/en\/wp-json\/wp\/v2\/media\/73500"}],"wp:attachment":[{"href":"https:\/\/www.malinashop.lt\/en\/wp-json\/wp\/v2\/media?parent=73499"}],"wp:term":[{"taxonomy":"product_brand","embeddable":true,"href":"https:\/\/www.malinashop.lt\/en\/wp-json\/wp\/v2\/product_brand?post=73499"},{"taxonomy":"product_cat","embeddable":true,"href":"https:\/\/www.malinashop.lt\/en\/wp-json\/wp\/v2\/product_cat?post=73499"},{"taxonomy":"product_tag","embeddable":true,"href":"https:\/\/www.malinashop.lt\/en\/wp-json\/wp\/v2\/product_tag?post=73499"}],"curies":[{"name":"wp","href":"https:\/\/api.w.org\/{rel}","templated":true}]}}