{"id":73092,"date":"2026-01-09T00:55:34","date_gmt":"2026-01-08T21:55:34","guid":{"rendered":"https:\/\/malinashop.lt\/?post_type=product&#038;p=73092"},"modified":"2026-04-07T22:18:33","modified_gmt":"2026-04-07T19:18:33","slug":"bade-natural-pure-rosemary-water-stiprinamojo-plauku-toniko-papildymas-200-ml","status":"publish","type":"product","link":"https:\/\/www.malinashop.lt\/en\/shop\/bade-natural-pure-rosemary-water-stiprinamojo-plauku-toniko-papildymas-200-ml\/","title":{"rendered":"BADE NATURAL PURE ROSEMARY WATER stiprinamojo plauk\u0173 toniko papildymas, 200 ml"},"content":{"rendered":"<p data-start=\"436\" data-end=\"848\">BADE NATURAL <strong data-start=\"472\" data-end=\"546\">stiprinamojo plauk\u0173 toniko su rozmarinu papildymas PURE ROSEMARY WATER<\/strong> \u2013 tai nat\u016bralus rozmarin\u0173 vanduo, sukurtas intensyviai <strong data-start=\"602\" data-end=\"643\">susilpn\u0117jusios galvos odos prie\u017ei\u016brai<\/strong> ir tvaresniam kasdien\u0117s rutinos pasirinkimui. Priemon\u0117 <strong data-start=\"699\" data-end=\"721\">maitina ir dr\u0117kina<\/strong> galvos od\u0105, padeda ma\u017einti pleiskanas bei l\u0117tinti plauk\u0173 slinkim\u0105, o plaukams suteikia <strong data-start=\"809\" data-end=\"847\">\u017evilgesio, \u0161velnumo ir gyvybingumo<\/strong>.<\/p>\n<p data-start=\"850\" data-end=\"961\">Rozmarinas \u2013 tradicinis augalas, daugel\u012f met\u0173 naudojamas plauk\u0173 prie\u017ei\u016bros ritualuose. Jo nat\u016bralios savyb\u0117s:<\/p>\n<ul data-start=\"962\" data-end=\"1099\">\n<li data-start=\"962\" data-end=\"1007\">\n<p data-start=\"964\" data-end=\"1007\">padeda <strong data-start=\"971\" data-end=\"1004\">valyti ir gaivinti galvos od\u0105<\/strong>;<\/p>\n<\/li>\n<li data-start=\"1008\" data-end=\"1038\">\n<p data-start=\"1010\" data-end=\"1038\">stiprina plauk\u0173 folikulus;<\/p>\n<\/li>\n<li data-start=\"1039\" data-end=\"1099\">\n<p data-start=\"1041\" data-end=\"1099\">skatina <strong data-start=\"1049\" data-end=\"1096\">stipresn\u012f, sveikiau atrodant\u012f plauk\u0173 augim\u0105<\/strong>.<\/p>\n<\/li>\n<\/ul>\n<p data-start=\"1101\" data-end=\"1229\">Reguliariai naudojant, plaukai tampa <strong data-start=\"1138\" data-end=\"1182\">tvirtesni, vizualiai tankesni ir blizg\u016bs<\/strong>, o galvos oda \u2013 \u0161varesn\u0117 ir geriau sudr\u0117kinta.<\/p>\n<p data-start=\"1231\" data-end=\"1556\">\u0160i 200 ml <strong data-start=\"1241\" data-end=\"1262\">papildymo pakuot\u0117<\/strong> sukurta galvojant apie <strong data-start=\"1286\" data-end=\"1318\">tvarum\u0105 ir ma\u017eesnes atliekas<\/strong>. Viena pakuot\u0117 leid\u017eia <strong data-start=\"1342\" data-end=\"1365\">du kartus papildyti<\/strong> original\u0173 stiklin\u012f toniko buteliuk\u0105, taip prailginant jo naudojim\u0105 ir ma\u017einant plastiko suvartojim\u0105. Tai ne tik <strong data-start=\"1478\" data-end=\"1493\">ekonomi\u0161kas<\/strong>, bet ir s\u0105moningas pasirinkimas kasdien\u0117je plauk\u0173 prie\u017ei\u016broje.<\/p>\n<p data-start=\"1558\" data-end=\"1779\">BADE NATURAL gaminiai kuriami i\u0161 <strong data-start=\"1591\" data-end=\"1651\">100 % nat\u016brali\u0173 \u017ealiav\u0173 ir 100 % gryn\u0173j\u0173 eterini\u0173 aliej\u0173<\/strong>. Priemon\u0117s yra draugi\u0161kos aplinkai, \u0161velnios ir saugios odai, tod\u0117l tinka tiems, kurie vertina nat\u016brali\u0105, minimalistin\u0119 sud\u0117t\u012f.<\/p>\n<p data-start=\"1781\" data-end=\"1820\"><strong data-start=\"1781\" data-end=\"1818\">Kod\u0117l verta rinktis \u0161\u012f papildym\u0105?<\/strong><\/p>\n<ul data-start=\"1821\" data-end=\"2127\">\n<li data-start=\"1821\" data-end=\"1856\">\n<p data-start=\"1823\" data-end=\"1856\">100 % nat\u016brali ir gryna sud\u0117tis<\/p>\n<\/li>\n<li data-start=\"1857\" data-end=\"1909\">\n<p data-start=\"1859\" data-end=\"1909\">Maitina ir stiprina galvos od\u0105 bei plauk\u0173 \u0161aknis<\/p>\n<\/li>\n<li data-start=\"1910\" data-end=\"1958\">\n<p data-start=\"1912\" data-end=\"1958\">Padeda ma\u017einti pleiskanas ir plauk\u0173 slinkim\u0105<\/p>\n<\/li>\n<li data-start=\"1959\" data-end=\"2002\">\n<p data-start=\"1961\" data-end=\"2002\">Suteikia plaukams \u017evilgesio ir \u0161velnumo<\/p>\n<\/li>\n<li data-start=\"2003\" data-end=\"2045\">\n<p data-start=\"2005\" data-end=\"2045\">200 ml = <strong data-start=\"2014\" data-end=\"2043\">2 pilni toniko papildymai<\/strong><\/p>\n<\/li>\n<li data-start=\"2046\" data-end=\"2090\">\n<p data-start=\"2048\" data-end=\"2090\">Ma\u017eiau pakuot\u0117s atliek\u0173, daugiau tvarumo<\/p>\n<\/li>\n<li data-start=\"2091\" data-end=\"2127\">\n<p data-start=\"2093\" data-end=\"2127\">Draugi\u0161ka odai ir aplinkai formul\u0117<\/p>\n<\/li>\n<\/ul>\n<p data-start=\"2129\" data-end=\"2145\"><strong data-start=\"2129\" data-end=\"2143\">Naudojimas<\/strong><\/p>\n<ul data-start=\"2146\" data-end=\"2499\">\n<li data-start=\"2146\" data-end=\"2240\">\n<p data-start=\"2148\" data-end=\"2240\">Papildykite stiklin\u012f BADE NATURAL PURE ROSEMARY WATER toniko buteliuk\u0105 i\u0161 200 ml pakuot\u0117s.<\/p>\n<\/li>\n<li data-start=\"2241\" data-end=\"2348\">\n<p data-start=\"2243\" data-end=\"2348\">Pur\u0161kite tonik\u0105 <strong data-start=\"2259\" data-end=\"2294\">ant galvos odos ir plauk\u0173 \u0161akn\u0173<\/strong>, esant poreikiui \u2013 ir ant plauk\u0173 ilgio bei galiuk\u0173.<\/p>\n<\/li>\n<li data-start=\"2349\" data-end=\"2404\">\n<p data-start=\"2351\" data-end=\"2404\">\u0160velniai \u012fmasa\u017euokite \u012f galvos od\u0105, nenuskalaukite.<\/p>\n<\/li>\n<li data-start=\"2405\" data-end=\"2499\">\n<p data-start=\"2407\" data-end=\"2499\">Rekomenduojama naudoti reguliariai, kelis kartus per savait\u0119 ar da\u017eniau, pagal plauk\u0173 b\u016bkl\u0119.<\/p>\n<\/li>\n<\/ul>\n","protected":false},"excerpt":{"rendered":"<p>BADE NATURAL PURE ROSEMARY WATER papildymas \u2013 100 % nat\u016bralus rozmarin\u0173 vanduo, skirtas toniko buteliukui papildyti. Maitina ir stiprina galvos od\u0105, ma\u017eina slinkim\u0105 ir pleiskanas, suteikia plaukams \u017evilgesio bei \u0161velnumo, o 200 ml pakuot\u0117 u\u017etikrina du papildymus ir ma\u017eiau atliek\u0173.<\/p>\n","protected":false},"featured_media":73093,"template":"","meta":[],"product_brand":[1571],"product_cat":[711,518],"product_tag":[1592],"class_list":{"0":"post-73092","1":"product","2":"type-product","3":"status-publish","4":"has-post-thumbnail","6":"product_brand-bade-natural","7":"product_cat-plaukams","8":"product_cat-plauku-lakai-putos-vaskas-ir-kitos-priemones","9":"product_tag-bade-natural","11":"first","12":"outofstock","13":"sale","14":"taxable","15":"shipping-taxable","16":"purchasable","17":"product-type-simple"},"yoast_head":"<!-- This site is optimized with the Yoast SEO plugin v27.4 - https:\/\/yoast.com\/product\/yoast-seo-wordpress\/ -->\n<title>BADE NATURAL PURE ROSEMARY WATER stiprinamojo plauk\u0173 toniko papildymas, 200 ml - MalinaShop.lt J\u016bs\u0173 sveikatai ir gro\u017eiui.<\/title>\n<meta name=\"description\" content=\"BADE NATURAL PURE ROSEMARY WATER papildymas \u2013 200 ml nat\u016bralaus rozmarin\u0173 vandens, 2 kartus papildo tonik\u0105, stiprina \u0161aknis ir ma\u017eina plauk\u0173 slinkim\u0105.\" \/>\n<meta name=\"robots\" content=\"index, follow, max-snippet:-1, max-image-preview:large, max-video-preview:-1\" \/>\n<link rel=\"canonical\" href=\"https:\/\/www.malinashop.lt\/en\/shop\/bade-natural-pure-rosemary-water-stiprinamojo-plauku-toniko-papildymas-200-ml\/\" \/>\n<meta property=\"og:locale\" content=\"en_GB\" \/>\n<meta property=\"og:type\" content=\"article\" \/>\n<meta property=\"og:title\" content=\"BADE NATURAL PURE ROSEMARY WATER stiprinamojo plauk\u0173 toniko papildymas, 200 ml - MalinaShop.lt J\u016bs\u0173 sveikatai ir gro\u017eiui.\" \/>\n<meta property=\"og:description\" content=\"BADE NATURAL PURE ROSEMARY WATER papildymas \u2013 200 ml nat\u016bralaus rozmarin\u0173 vandens, 2 kartus papildo tonik\u0105, stiprina \u0161aknis ir ma\u017eina plauk\u0173 slinkim\u0105.\" \/>\n<meta property=\"og:url\" content=\"https:\/\/www.malinashop.lt\/en\/shop\/bade-natural-pure-rosemary-water-stiprinamojo-plauku-toniko-papildymas-200-ml\/\" \/>\n<meta property=\"og:site_name\" content=\"MalinaShop.lt J\u016bs\u0173 sveikatai ir gro\u017eiui.\" \/>\n<meta property=\"article:modified_time\" content=\"2026-04-07T19:18:33+00:00\" \/>\n<meta property=\"og:image\" content=\"https:\/\/www.malinashop.lt\/wp-content\/uploads\/2026\/01\/BADE-NATURAL-PURE-ROSEMARY-WATER-stiprinamojo-plauku-toniko-papildymas-200-ml.webp\" \/>\n\t<meta property=\"og:image:width\" content=\"768\" \/>\n\t<meta property=\"og:image:height\" content=\"768\" \/>\n\t<meta property=\"og:image:type\" content=\"image\/webp\" \/>\n<meta name=\"twitter:card\" content=\"summary_large_image\" \/>\n<script type=\"application\/ld+json\" class=\"yoast-schema-graph\">{\"@context\":\"https:\\\/\\\/schema.org\",\"@graph\":[{\"@type\":\"WebPage\",\"@id\":\"https:\\\/\\\/www.malinashop.lt\\\/lt_lt\\\/shop\\\/bade-natural-pure-rosemary-water-stiprinamojo-plauku-toniko-papildymas-200-ml\\\/\",\"url\":\"https:\\\/\\\/www.malinashop.lt\\\/lt_lt\\\/shop\\\/bade-natural-pure-rosemary-water-stiprinamojo-plauku-toniko-papildymas-200-ml\\\/\",\"name\":\"BADE NATURAL PURE ROSEMARY WATER stiprinamojo plauk\u0173 toniko papildymas, 200 ml - MalinaShop.lt J\u016bs\u0173 sveikatai ir gro\u017eiui.\",\"isPartOf\":{\"@id\":\"https:\\\/\\\/www.malinashop.lt\\\/#website\"},\"primaryImageOfPage\":{\"@id\":\"https:\\\/\\\/www.malinashop.lt\\\/lt_lt\\\/shop\\\/bade-natural-pure-rosemary-water-stiprinamojo-plauku-toniko-papildymas-200-ml\\\/#primaryimage\"},\"image\":{\"@id\":\"https:\\\/\\\/www.malinashop.lt\\\/lt_lt\\\/shop\\\/bade-natural-pure-rosemary-water-stiprinamojo-plauku-toniko-papildymas-200-ml\\\/#primaryimage\"},\"thumbnailUrl\":\"https:\\\/\\\/www.malinashop.lt\\\/wp-content\\\/uploads\\\/2026\\\/01\\\/BADE-NATURAL-PURE-ROSEMARY-WATER-stiprinamojo-plauku-toniko-papildymas-200-ml.webp\",\"datePublished\":\"2026-01-08T21:55:34+00:00\",\"dateModified\":\"2026-04-07T19:18:33+00:00\",\"description\":\"BADE NATURAL PURE ROSEMARY WATER papildymas \u2013 200 ml nat\u016bralaus rozmarin\u0173 vandens, 2 kartus papildo tonik\u0105, stiprina \u0161aknis ir ma\u017eina plauk\u0173 slinkim\u0105.\",\"breadcrumb\":{\"@id\":\"https:\\\/\\\/www.malinashop.lt\\\/lt_lt\\\/shop\\\/bade-natural-pure-rosemary-water-stiprinamojo-plauku-toniko-papildymas-200-ml\\\/#breadcrumb\"},\"inLanguage\":\"en-GB\",\"potentialAction\":[{\"@type\":\"ReadAction\",\"target\":[\"https:\\\/\\\/www.malinashop.lt\\\/lt_lt\\\/shop\\\/bade-natural-pure-rosemary-water-stiprinamojo-plauku-toniko-papildymas-200-ml\\\/\"]}]},{\"@type\":\"ImageObject\",\"inLanguage\":\"en-GB\",\"@id\":\"https:\\\/\\\/www.malinashop.lt\\\/lt_lt\\\/shop\\\/bade-natural-pure-rosemary-water-stiprinamojo-plauku-toniko-papildymas-200-ml\\\/#primaryimage\",\"url\":\"https:\\\/\\\/www.malinashop.lt\\\/wp-content\\\/uploads\\\/2026\\\/01\\\/BADE-NATURAL-PURE-ROSEMARY-WATER-stiprinamojo-plauku-toniko-papildymas-200-ml.webp\",\"contentUrl\":\"https:\\\/\\\/www.malinashop.lt\\\/wp-content\\\/uploads\\\/2026\\\/01\\\/BADE-NATURAL-PURE-ROSEMARY-WATER-stiprinamojo-plauku-toniko-papildymas-200-ml.webp\",\"width\":768,\"height\":768},{\"@type\":\"BreadcrumbList\",\"@id\":\"https:\\\/\\\/www.malinashop.lt\\\/lt_lt\\\/shop\\\/bade-natural-pure-rosemary-water-stiprinamojo-plauku-toniko-papildymas-200-ml\\\/#breadcrumb\",\"itemListElement\":[{\"@type\":\"ListItem\",\"position\":1,\"name\":\"Pagrindinis\",\"item\":\"https:\\\/\\\/www.malinashop.lt\\\/\"},{\"@type\":\"ListItem\",\"position\":2,\"name\":\"Parduotuv\u0117\",\"item\":\"https:\\\/\\\/www.malinashop.lt\\\/en\\\/parduotuve\\\/\"},{\"@type\":\"ListItem\",\"position\":3,\"name\":\"BADE NATURAL PURE ROSEMARY WATER stiprinamojo plauk\u0173 toniko papildymas, 200 ml\"}]},{\"@type\":\"WebSite\",\"@id\":\"https:\\\/\\\/www.malinashop.lt\\\/#website\",\"url\":\"https:\\\/\\\/www.malinashop.lt\\\/\",\"name\":\"COM Group Ecommerce\",\"description\":\"MalinaShop.lt - Gro\u017eio ir sveikatos produktai i\u0161 patikim\u0173 preki\u0173 \u017eenkl\u0173. Atraskite auk\u0161tos kokyb\u0117s kosmetik\u0105 u\u017e puiki\u0105 kain\u0105.\",\"publisher\":{\"@id\":\"https:\\\/\\\/www.malinashop.lt\\\/#organization\"},\"potentialAction\":[{\"@type\":\"SearchAction\",\"target\":{\"@type\":\"EntryPoint\",\"urlTemplate\":\"https:\\\/\\\/www.malinashop.lt\\\/?s={search_term_string}\"},\"query-input\":{\"@type\":\"PropertyValueSpecification\",\"valueRequired\":true,\"valueName\":\"search_term_string\"}}],\"inLanguage\":\"en-GB\"},{\"@type\":\"Organization\",\"@id\":\"https:\\\/\\\/www.malinashop.lt\\\/#organization\",\"name\":\"COM Group Ecommerce\",\"url\":\"https:\\\/\\\/www.malinashop.lt\\\/\",\"logo\":{\"@type\":\"ImageObject\",\"inLanguage\":\"en-GB\",\"@id\":\"https:\\\/\\\/www.malinashop.lt\\\/#\\\/schema\\\/logo\\\/image\\\/\",\"url\":\"https:\\\/\\\/www.malinashop.lt\\\/wp-content\\\/uploads\\\/2024\\\/08\\\/462559670_3787732518133670_9795632669273463_n-e1731525914575.png\",\"contentUrl\":\"https:\\\/\\\/www.malinashop.lt\\\/wp-content\\\/uploads\\\/2024\\\/08\\\/462559670_3787732518133670_9795632669273463_n-e1731525914575.png\",\"width\":180,\"height\":60,\"caption\":\"COM Group Ecommerce\"},\"image\":{\"@id\":\"https:\\\/\\\/www.malinashop.lt\\\/#\\\/schema\\\/logo\\\/image\\\/\"}}]}<\/script>\n<!-- \/ Yoast SEO plugin. -->","yoast_head_json":{"title":"BADE NATURAL PURE ROSEMARY WATER stiprinamojo plauk\u0173 toniko papildymas, 200 ml - MalinaShop.lt J\u016bs\u0173 sveikatai ir gro\u017eiui.","description":"BADE NATURAL PURE ROSEMARY WATER papildymas \u2013 200 ml nat\u016bralaus rozmarin\u0173 vandens, 2 kartus papildo tonik\u0105, stiprina \u0161aknis ir ma\u017eina plauk\u0173 slinkim\u0105.","robots":{"index":"index","follow":"follow","max-snippet":"max-snippet:-1","max-image-preview":"max-image-preview:large","max-video-preview":"max-video-preview:-1"},"canonical":"https:\/\/www.malinashop.lt\/en\/shop\/bade-natural-pure-rosemary-water-stiprinamojo-plauku-toniko-papildymas-200-ml\/","og_locale":"en_GB","og_type":"article","og_title":"BADE NATURAL PURE ROSEMARY WATER stiprinamojo plauk\u0173 toniko papildymas, 200 ml - MalinaShop.lt J\u016bs\u0173 sveikatai ir gro\u017eiui.","og_description":"BADE NATURAL PURE ROSEMARY WATER papildymas \u2013 200 ml nat\u016bralaus rozmarin\u0173 vandens, 2 kartus papildo tonik\u0105, stiprina \u0161aknis ir ma\u017eina plauk\u0173 slinkim\u0105.","og_url":"https:\/\/www.malinashop.lt\/en\/shop\/bade-natural-pure-rosemary-water-stiprinamojo-plauku-toniko-papildymas-200-ml\/","og_site_name":"MalinaShop.lt J\u016bs\u0173 sveikatai ir gro\u017eiui.","article_modified_time":"2026-04-07T19:18:33+00:00","og_image":[{"width":768,"height":768,"url":"https:\/\/www.malinashop.lt\/wp-content\/uploads\/2026\/01\/BADE-NATURAL-PURE-ROSEMARY-WATER-stiprinamojo-plauku-toniko-papildymas-200-ml.webp","type":"image\/webp"}],"twitter_card":"summary_large_image","schema":{"@context":"https:\/\/schema.org","@graph":[{"@type":"WebPage","@id":"https:\/\/www.malinashop.lt\/lt_lt\/shop\/bade-natural-pure-rosemary-water-stiprinamojo-plauku-toniko-papildymas-200-ml\/","url":"https:\/\/www.malinashop.lt\/lt_lt\/shop\/bade-natural-pure-rosemary-water-stiprinamojo-plauku-toniko-papildymas-200-ml\/","name":"BADE NATURAL PURE ROSEMARY WATER stiprinamojo plauk\u0173 toniko papildymas, 200 ml - MalinaShop.lt J\u016bs\u0173 sveikatai ir gro\u017eiui.","isPartOf":{"@id":"https:\/\/www.malinashop.lt\/#website"},"primaryImageOfPage":{"@id":"https:\/\/www.malinashop.lt\/lt_lt\/shop\/bade-natural-pure-rosemary-water-stiprinamojo-plauku-toniko-papildymas-200-ml\/#primaryimage"},"image":{"@id":"https:\/\/www.malinashop.lt\/lt_lt\/shop\/bade-natural-pure-rosemary-water-stiprinamojo-plauku-toniko-papildymas-200-ml\/#primaryimage"},"thumbnailUrl":"https:\/\/www.malinashop.lt\/wp-content\/uploads\/2026\/01\/BADE-NATURAL-PURE-ROSEMARY-WATER-stiprinamojo-plauku-toniko-papildymas-200-ml.webp","datePublished":"2026-01-08T21:55:34+00:00","dateModified":"2026-04-07T19:18:33+00:00","description":"BADE NATURAL PURE ROSEMARY WATER papildymas \u2013 200 ml nat\u016bralaus rozmarin\u0173 vandens, 2 kartus papildo tonik\u0105, stiprina \u0161aknis ir ma\u017eina plauk\u0173 slinkim\u0105.","breadcrumb":{"@id":"https:\/\/www.malinashop.lt\/lt_lt\/shop\/bade-natural-pure-rosemary-water-stiprinamojo-plauku-toniko-papildymas-200-ml\/#breadcrumb"},"inLanguage":"en-GB","potentialAction":[{"@type":"ReadAction","target":["https:\/\/www.malinashop.lt\/lt_lt\/shop\/bade-natural-pure-rosemary-water-stiprinamojo-plauku-toniko-papildymas-200-ml\/"]}]},{"@type":"ImageObject","inLanguage":"en-GB","@id":"https:\/\/www.malinashop.lt\/lt_lt\/shop\/bade-natural-pure-rosemary-water-stiprinamojo-plauku-toniko-papildymas-200-ml\/#primaryimage","url":"https:\/\/www.malinashop.lt\/wp-content\/uploads\/2026\/01\/BADE-NATURAL-PURE-ROSEMARY-WATER-stiprinamojo-plauku-toniko-papildymas-200-ml.webp","contentUrl":"https:\/\/www.malinashop.lt\/wp-content\/uploads\/2026\/01\/BADE-NATURAL-PURE-ROSEMARY-WATER-stiprinamojo-plauku-toniko-papildymas-200-ml.webp","width":768,"height":768},{"@type":"BreadcrumbList","@id":"https:\/\/www.malinashop.lt\/lt_lt\/shop\/bade-natural-pure-rosemary-water-stiprinamojo-plauku-toniko-papildymas-200-ml\/#breadcrumb","itemListElement":[{"@type":"ListItem","position":1,"name":"Pagrindinis","item":"https:\/\/www.malinashop.lt\/"},{"@type":"ListItem","position":2,"name":"Parduotuv\u0117","item":"https:\/\/www.malinashop.lt\/en\/parduotuve\/"},{"@type":"ListItem","position":3,"name":"BADE NATURAL PURE ROSEMARY WATER stiprinamojo plauk\u0173 toniko papildymas, 200 ml"}]},{"@type":"WebSite","@id":"https:\/\/www.malinashop.lt\/#website","url":"https:\/\/www.malinashop.lt\/","name":"COM Group Ecommerce","description":"MalinaShop.lt - Gro\u017eio ir sveikatos produktai i\u0161 patikim\u0173 preki\u0173 \u017eenkl\u0173. Atraskite auk\u0161tos kokyb\u0117s kosmetik\u0105 u\u017e puiki\u0105 kain\u0105.","publisher":{"@id":"https:\/\/www.malinashop.lt\/#organization"},"potentialAction":[{"@type":"SearchAction","target":{"@type":"EntryPoint","urlTemplate":"https:\/\/www.malinashop.lt\/?s={search_term_string}"},"query-input":{"@type":"PropertyValueSpecification","valueRequired":true,"valueName":"search_term_string"}}],"inLanguage":"en-GB"},{"@type":"Organization","@id":"https:\/\/www.malinashop.lt\/#organization","name":"COM Group Ecommerce","url":"https:\/\/www.malinashop.lt\/","logo":{"@type":"ImageObject","inLanguage":"en-GB","@id":"https:\/\/www.malinashop.lt\/#\/schema\/logo\/image\/","url":"https:\/\/www.malinashop.lt\/wp-content\/uploads\/2024\/08\/462559670_3787732518133670_9795632669273463_n-e1731525914575.png","contentUrl":"https:\/\/www.malinashop.lt\/wp-content\/uploads\/2024\/08\/462559670_3787732518133670_9795632669273463_n-e1731525914575.png","width":180,"height":60,"caption":"COM Group Ecommerce"},"image":{"@id":"https:\/\/www.malinashop.lt\/#\/schema\/logo\/image\/"}}]}},"jetpack_sharing_enabled":true,"_links":{"self":[{"href":"https:\/\/www.malinashop.lt\/en\/wp-json\/wp\/v2\/product\/73092","targetHints":{"allow":["GET"]}}],"collection":[{"href":"https:\/\/www.malinashop.lt\/en\/wp-json\/wp\/v2\/product"}],"about":[{"href":"https:\/\/www.malinashop.lt\/en\/wp-json\/wp\/v2\/types\/product"}],"version-history":[{"count":1,"href":"https:\/\/www.malinashop.lt\/en\/wp-json\/wp\/v2\/product\/73092\/revisions"}],"predecessor-version":[{"id":73094,"href":"https:\/\/www.malinashop.lt\/en\/wp-json\/wp\/v2\/product\/73092\/revisions\/73094"}],"wp:featuredmedia":[{"embeddable":true,"href":"https:\/\/www.malinashop.lt\/en\/wp-json\/wp\/v2\/media\/73093"}],"wp:attachment":[{"href":"https:\/\/www.malinashop.lt\/en\/wp-json\/wp\/v2\/media?parent=73092"}],"wp:term":[{"taxonomy":"product_brand","embeddable":true,"href":"https:\/\/www.malinashop.lt\/en\/wp-json\/wp\/v2\/product_brand?post=73092"},{"taxonomy":"product_cat","embeddable":true,"href":"https:\/\/www.malinashop.lt\/en\/wp-json\/wp\/v2\/product_cat?post=73092"},{"taxonomy":"product_tag","embeddable":true,"href":"https:\/\/www.malinashop.lt\/en\/wp-json\/wp\/v2\/product_tag?post=73092"}],"curies":[{"name":"wp","href":"https:\/\/api.w.org\/{rel}","templated":true}]}}