{"id":73089,"date":"2026-01-09T00:52:59","date_gmt":"2026-01-08T21:52:59","guid":{"rendered":"https:\/\/malinashop.lt\/?post_type=product&#038;p=73089"},"modified":"2026-04-07T22:18:33","modified_gmt":"2026-04-07T19:18:33","slug":"bade-natural-mens-garage-naturalus-rutulinis-dezodorantas-vyrams-50-ml","status":"publish","type":"product","link":"https:\/\/www.malinashop.lt\/en\/shop\/bade-natural-mens-garage-naturalus-rutulinis-dezodorantas-vyrams-50-ml\/","title":{"rendered":"BADE NATURAL MEN\u2019S GARAGE nat\u016bralus rutulinis dezodorantas vyrams, 50 ml"},"content":{"rendered":"<p data-start=\"350\" data-end=\"662\">BADE NATURAL <strong data-start=\"386\" data-end=\"432\">rutulinis dezodorantas vyrams MEN\u2019S GARAGE<\/strong> sukurtas vyrams, kurie vertina <strong data-start=\"464\" data-end=\"507\">nat\u016bralum\u0105, komfort\u0105 ir ilgalaik\u0119 gaiv\u0105<\/strong>. Formul\u0117 su <strong data-start=\"520\" data-end=\"555\">100 % nat\u016braliais ingredientais<\/strong> padeda patikimai neutralizuoti k\u016bno kvap\u0105, i\u0161laikant odos balans\u0105 ir nekraunant jos sintetiniais priedais.<\/p>\n<p data-start=\"664\" data-end=\"714\">\u0160is dezodorantas <strong data-start=\"681\" data-end=\"704\">be aliuminio drusk\u0173<\/strong>, tod\u0117l:<\/p>\n<ul data-start=\"715\" data-end=\"817\">\n<li data-start=\"715\" data-end=\"732\">\n<p data-start=\"717\" data-end=\"732\">nekem\u0161a por\u0173;<\/p>\n<\/li>\n<li data-start=\"733\" data-end=\"778\">\n<p data-start=\"735\" data-end=\"778\">netrikdo nat\u016bralaus prakaitavimo proceso;<\/p>\n<\/li>\n<li data-start=\"779\" data-end=\"817\">\n<p data-start=\"781\" data-end=\"817\">leid\u017eia odai <strong data-start=\"794\" data-end=\"814\">laisvai kv\u0117puoti<\/strong>.<\/p>\n<\/li>\n<\/ul>\n<p data-start=\"819\" data-end=\"1091\">Augaliniai ekstraktai ir mineralai u\u017etikrina <strong data-start=\"864\" data-end=\"893\">veiksming\u0105 kvapo kontrol\u0119<\/strong>, o <strong data-start=\"897\" data-end=\"929\">alavij\u0173 ir augal\u0173 kompleksas<\/strong> dr\u0117kina, ramina ir saugo <strong data-start=\"955\" data-end=\"978\">jautri\u0105 pa\u017east\u0173 od\u0105<\/strong> nuo sausumo ir diskomforto. Dezodorantas tinka kasdieniam naudojimui, net jeigu oda linkusi dirgti po skutimosi.<\/p>\n<p data-start=\"1093\" data-end=\"1200\">Kiekvien\u0105 naudojimo kart\u0105 jus lydi i\u0161rai\u0161kingas, vyri\u0161kas aromatas \u2013 <strong data-start=\"1162\" data-end=\"1197\">citrus\u0173 ir medienos kompozicija<\/strong>:<\/p>\n<ul data-start=\"1201\" data-end=\"1330\">\n<li data-start=\"1201\" data-end=\"1240\">\n<p data-start=\"1203\" data-end=\"1240\">vir\u0161utin\u0117s natos \u2013 gaiv\u016bs citrusai;<\/p>\n<\/li>\n<li data-start=\"1241\" data-end=\"1281\">\n<p data-start=\"1243\" data-end=\"1281\">vidurin\u0117s natos \u2013 \u0161ilti prieskoniai;<\/p>\n<\/li>\n<li data-start=\"1282\" data-end=\"1330\">\n<p data-start=\"1284\" data-end=\"1330\">pagrindin\u0117s natos \u2013 sodr\u016bs medienos akordai.<\/p>\n<\/li>\n<\/ul>\n<p data-start=\"1332\" data-end=\"1455\">Kvapas suteikia <strong data-start=\"1348\" data-end=\"1381\">\u0161varos, \u0161vie\u017eumo ir energijos<\/strong> poj\u016bt\u012f, i\u0161liekant\u012f visos dienos metu, bet n\u0117ra pernelyg aitrus ar sunkus.<\/p>\n<p data-start=\"1457\" data-end=\"1487\">Greitai \u012fsigerianti formul\u0117:<\/p>\n<ul data-start=\"1488\" data-end=\"1632\">\n<li data-start=\"1488\" data-end=\"1521\">\n<p data-start=\"1490\" data-end=\"1521\"><strong data-start=\"1490\" data-end=\"1518\">nepalieka lipnumo jausmo<\/strong>;<\/p>\n<\/li>\n<li data-start=\"1522\" data-end=\"1565\">\n<p data-start=\"1524\" data-end=\"1565\">nepalieka <strong data-start=\"1534\" data-end=\"1562\">balt\u0173 \u017eymi\u0173 ant drabu\u017ei\u0173<\/strong>;<\/p>\n<\/li>\n<li data-start=\"1566\" data-end=\"1632\">\n<p data-start=\"1568\" data-end=\"1632\">yra patogi kasdieniam, darbui ir sportui pritaikytam naudojimui.<\/p>\n<\/li>\n<\/ul>\n<p data-start=\"1634\" data-end=\"1663\"><strong data-start=\"1634\" data-end=\"1661\">Pagrindiniai privalumai<\/strong><\/p>\n<ul data-start=\"1664\" data-end=\"2034\">\n<li data-start=\"1664\" data-end=\"1690\">\n<p data-start=\"1666\" data-end=\"1690\">100 % nat\u016brali sud\u0117tis<\/p>\n<\/li>\n<li data-start=\"1691\" data-end=\"1737\">\n<p data-start=\"1693\" data-end=\"1737\">Be aliuminio drusk\u0173, leid\u017eia odai kv\u0117puoti<\/p>\n<\/li>\n<li data-start=\"1738\" data-end=\"1777\">\n<p data-start=\"1740\" data-end=\"1777\">Efektyviai neutralizuoja k\u016bno kvap\u0105<\/p>\n<\/li>\n<li data-start=\"1778\" data-end=\"1847\">\n<p data-start=\"1780\" data-end=\"1847\">Su alavijais ir augaliniais ingredientais \u2013 dr\u0117kina ir ramina od\u0105<\/p>\n<\/li>\n<li data-start=\"1848\" data-end=\"1895\">\n<p data-start=\"1850\" data-end=\"1895\">Nedirgina ir nesausina, tinka jautriai odai<\/p>\n<\/li>\n<li data-start=\"1896\" data-end=\"1947\">\n<p data-start=\"1898\" data-end=\"1947\">Vyri\u0161kas citrus\u0173, prieskoni\u0173 ir medienos kvapas<\/p>\n<\/li>\n<li data-start=\"1948\" data-end=\"2004\">\n<p data-start=\"1950\" data-end=\"2004\">Greitai \u012fsigeria, nepalieka balt\u0173 \u017eymi\u0173 ant drabu\u017ei\u0173<\/p>\n<\/li>\n<li data-start=\"2005\" data-end=\"2034\">\n<p data-start=\"2007\" data-end=\"2034\">Tinka kasdieniam naudojimui<\/p>\n<\/li>\n<\/ul>\n<p data-start=\"2036\" data-end=\"2220\"><strong data-start=\"2036\" data-end=\"2050\">Naudojimas<\/strong><br data-start=\"2050\" data-end=\"2053\" \/>Tepkite dezodorant\u0105 <strong data-start=\"2073\" data-end=\"2109\">ant sausos, \u0161varios pa\u017east\u0173 odos<\/strong>. Palaukite, kol priemon\u0117 \u012fsigers prie\u0161 apsirengdami. Esant poreikiui, dienos metu galite u\u017etepti pakartotinai.<\/p>\n","protected":false},"excerpt":{"rendered":"<p>BADE NATURAL MEN\u2019S GARAGE \u2013 nat\u016bralus rutulinis dezodorantas vyrams be aliuminio drusk\u0173. Efektyviai neutralizuoja k\u016bno kvap\u0105, nedirgina odos ir suteikia gaiv\u0173 citrus\u0173 bei medienos aromat\u0105 visai dienai.<\/p>\n","protected":false},"featured_media":73090,"template":"","meta":[],"product_brand":[1571],"product_cat":[543,731],"product_tag":[1592],"class_list":{"0":"post-73089","1":"product","2":"type-product","3":"status-publish","4":"has-post-thumbnail","6":"product_brand-bade-natural","7":"product_cat-dezodorantai","8":"product_cat-kunui","9":"product_tag-bade-natural","11":"first","12":"instock","13":"sale","14":"taxable","15":"shipping-taxable","16":"purchasable","17":"product-type-simple"},"yoast_head":"<!-- This site is optimized with the Yoast SEO plugin v27.4 - https:\/\/yoast.com\/product\/yoast-seo-wordpress\/ -->\n<title>BADE NATURAL MEN\u2019S GARAGE nat\u016bralus rutulinis dezodorantas vyrams, 50 ml - MalinaShop.lt J\u016bs\u0173 sveikatai ir gro\u017eiui.<\/title>\n<meta name=\"description\" content=\"BADE NATURAL MEN\u2019S GARAGE \u2013 nat\u016bralus rutulinis dezodorantas vyrams be aliuminio. Saugo nuo kvapo, dr\u0117kina od\u0105 ir suteikia gaiv\u0173 citrus\u0173\u2013medienos aromat\u0105.\" \/>\n<meta name=\"robots\" content=\"index, follow, max-snippet:-1, max-image-preview:large, max-video-preview:-1\" \/>\n<link rel=\"canonical\" href=\"https:\/\/www.malinashop.lt\/en\/shop\/bade-natural-mens-garage-naturalus-rutulinis-dezodorantas-vyrams-50-ml\/\" \/>\n<meta property=\"og:locale\" content=\"en_GB\" \/>\n<meta property=\"og:type\" content=\"article\" \/>\n<meta property=\"og:title\" content=\"BADE NATURAL MEN\u2019S GARAGE nat\u016bralus rutulinis dezodorantas vyrams, 50 ml - MalinaShop.lt J\u016bs\u0173 sveikatai ir gro\u017eiui.\" \/>\n<meta property=\"og:description\" content=\"BADE NATURAL MEN\u2019S GARAGE \u2013 nat\u016bralus rutulinis dezodorantas vyrams be aliuminio. Saugo nuo kvapo, dr\u0117kina od\u0105 ir suteikia gaiv\u0173 citrus\u0173\u2013medienos aromat\u0105.\" \/>\n<meta property=\"og:url\" content=\"https:\/\/www.malinashop.lt\/en\/shop\/bade-natural-mens-garage-naturalus-rutulinis-dezodorantas-vyrams-50-ml\/\" \/>\n<meta property=\"og:site_name\" content=\"MalinaShop.lt J\u016bs\u0173 sveikatai ir gro\u017eiui.\" \/>\n<meta property=\"article:modified_time\" content=\"2026-04-07T19:18:33+00:00\" \/>\n<meta property=\"og:image\" content=\"https:\/\/www.malinashop.lt\/wp-content\/uploads\/2026\/01\/BADE-NATURAL-MENS-GARAGE-naturalus-rutulinis-dezodorantas-vyrams-50-ml.webp\" \/>\n\t<meta property=\"og:image:width\" content=\"768\" \/>\n\t<meta property=\"og:image:height\" content=\"768\" \/>\n\t<meta property=\"og:image:type\" content=\"image\/webp\" \/>\n<meta name=\"twitter:card\" content=\"summary_large_image\" \/>\n<script type=\"application\/ld+json\" class=\"yoast-schema-graph\">{\"@context\":\"https:\\\/\\\/schema.org\",\"@graph\":[{\"@type\":\"WebPage\",\"@id\":\"https:\\\/\\\/www.malinashop.lt\\\/en\\\/shop\\\/bade-natural-mens-garage-naturalus-rutulinis-dezodorantas-vyrams-50-ml\\\/\",\"url\":\"https:\\\/\\\/www.malinashop.lt\\\/en\\\/shop\\\/bade-natural-mens-garage-naturalus-rutulinis-dezodorantas-vyrams-50-ml\\\/\",\"name\":\"BADE NATURAL MEN\u2019S GARAGE nat\u016bralus rutulinis dezodorantas vyrams, 50 ml - MalinaShop.lt J\u016bs\u0173 sveikatai ir gro\u017eiui.\",\"isPartOf\":{\"@id\":\"https:\\\/\\\/www.malinashop.lt\\\/en\\\/#website\"},\"primaryImageOfPage\":{\"@id\":\"https:\\\/\\\/www.malinashop.lt\\\/en\\\/shop\\\/bade-natural-mens-garage-naturalus-rutulinis-dezodorantas-vyrams-50-ml\\\/#primaryimage\"},\"image\":{\"@id\":\"https:\\\/\\\/www.malinashop.lt\\\/en\\\/shop\\\/bade-natural-mens-garage-naturalus-rutulinis-dezodorantas-vyrams-50-ml\\\/#primaryimage\"},\"thumbnailUrl\":\"https:\\\/\\\/www.malinashop.lt\\\/wp-content\\\/uploads\\\/2026\\\/01\\\/BADE-NATURAL-MENS-GARAGE-naturalus-rutulinis-dezodorantas-vyrams-50-ml.webp\",\"datePublished\":\"2026-01-08T21:52:59+00:00\",\"dateModified\":\"2026-04-07T19:18:33+00:00\",\"description\":\"BADE NATURAL MEN\u2019S GARAGE \u2013 nat\u016bralus rutulinis dezodorantas vyrams be aliuminio. Saugo nuo kvapo, dr\u0117kina od\u0105 ir suteikia gaiv\u0173 citrus\u0173\u2013medienos aromat\u0105.\",\"breadcrumb\":{\"@id\":\"https:\\\/\\\/www.malinashop.lt\\\/en\\\/shop\\\/bade-natural-mens-garage-naturalus-rutulinis-dezodorantas-vyrams-50-ml\\\/#breadcrumb\"},\"inLanguage\":\"en-GB\",\"potentialAction\":[{\"@type\":\"ReadAction\",\"target\":[\"https:\\\/\\\/www.malinashop.lt\\\/en\\\/shop\\\/bade-natural-mens-garage-naturalus-rutulinis-dezodorantas-vyrams-50-ml\\\/\"]}]},{\"@type\":\"ImageObject\",\"inLanguage\":\"en-GB\",\"@id\":\"https:\\\/\\\/www.malinashop.lt\\\/en\\\/shop\\\/bade-natural-mens-garage-naturalus-rutulinis-dezodorantas-vyrams-50-ml\\\/#primaryimage\",\"url\":\"https:\\\/\\\/www.malinashop.lt\\\/wp-content\\\/uploads\\\/2026\\\/01\\\/BADE-NATURAL-MENS-GARAGE-naturalus-rutulinis-dezodorantas-vyrams-50-ml.webp\",\"contentUrl\":\"https:\\\/\\\/www.malinashop.lt\\\/wp-content\\\/uploads\\\/2026\\\/01\\\/BADE-NATURAL-MENS-GARAGE-naturalus-rutulinis-dezodorantas-vyrams-50-ml.webp\",\"width\":768,\"height\":768},{\"@type\":\"BreadcrumbList\",\"@id\":\"https:\\\/\\\/www.malinashop.lt\\\/en\\\/shop\\\/bade-natural-mens-garage-naturalus-rutulinis-dezodorantas-vyrams-50-ml\\\/#breadcrumb\",\"itemListElement\":[{\"@type\":\"ListItem\",\"position\":1,\"name\":\"Home\",\"item\":\"https:\\\/\\\/www.malinashop.lt\\\/en\\\/\"},{\"@type\":\"ListItem\",\"position\":2,\"name\":\"Parduotuv\u0117\",\"item\":\"https:\\\/\\\/www.malinashop.lt\\\/en\\\/parduotuve\\\/\"},{\"@type\":\"ListItem\",\"position\":3,\"name\":\"BADE NATURAL MEN\u2019S GARAGE nat\u016bralus rutulinis dezodorantas vyrams, 50 ml\"}]},{\"@type\":\"WebSite\",\"@id\":\"https:\\\/\\\/www.malinashop.lt\\\/en\\\/#website\",\"url\":\"https:\\\/\\\/www.malinashop.lt\\\/en\\\/\",\"name\":\"COM Group Ecommerce\",\"description\":\"MalinaShop.lt - Gro\u017eio ir sveikatos produktai i\u0161 patikim\u0173 preki\u0173 \u017eenkl\u0173. Atraskite auk\u0161tos kokyb\u0117s kosmetik\u0105 u\u017e puiki\u0105 kain\u0105.\",\"publisher\":{\"@id\":\"https:\\\/\\\/www.malinashop.lt\\\/en\\\/#organization\"},\"potentialAction\":[{\"@type\":\"SearchAction\",\"target\":{\"@type\":\"EntryPoint\",\"urlTemplate\":\"https:\\\/\\\/www.malinashop.lt\\\/en\\\/?s={search_term_string}\"},\"query-input\":{\"@type\":\"PropertyValueSpecification\",\"valueRequired\":true,\"valueName\":\"search_term_string\"}}],\"inLanguage\":\"en-GB\"},{\"@type\":\"Organization\",\"@id\":\"https:\\\/\\\/www.malinashop.lt\\\/en\\\/#organization\",\"name\":\"COM Group Ecommerce\",\"url\":\"https:\\\/\\\/www.malinashop.lt\\\/en\\\/\",\"logo\":{\"@type\":\"ImageObject\",\"inLanguage\":\"en-GB\",\"@id\":\"https:\\\/\\\/www.malinashop.lt\\\/en\\\/#\\\/schema\\\/logo\\\/image\\\/\",\"url\":\"https:\\\/\\\/www.malinashop.lt\\\/wp-content\\\/uploads\\\/2024\\\/08\\\/462559670_3787732518133670_9795632669273463_n-e1731525914575.png\",\"contentUrl\":\"https:\\\/\\\/www.malinashop.lt\\\/wp-content\\\/uploads\\\/2024\\\/08\\\/462559670_3787732518133670_9795632669273463_n-e1731525914575.png\",\"width\":180,\"height\":60,\"caption\":\"COM Group Ecommerce\"},\"image\":{\"@id\":\"https:\\\/\\\/www.malinashop.lt\\\/en\\\/#\\\/schema\\\/logo\\\/image\\\/\"}}]}<\/script>\n<!-- \/ Yoast SEO plugin. -->","yoast_head_json":{"title":"BADE NATURAL MEN\u2019S GARAGE nat\u016bralus rutulinis dezodorantas vyrams, 50 ml - MalinaShop.lt J\u016bs\u0173 sveikatai ir gro\u017eiui.","description":"BADE NATURAL MEN\u2019S GARAGE \u2013 nat\u016bralus rutulinis dezodorantas vyrams be aliuminio. Saugo nuo kvapo, dr\u0117kina od\u0105 ir suteikia gaiv\u0173 citrus\u0173\u2013medienos aromat\u0105.","robots":{"index":"index","follow":"follow","max-snippet":"max-snippet:-1","max-image-preview":"max-image-preview:large","max-video-preview":"max-video-preview:-1"},"canonical":"https:\/\/www.malinashop.lt\/en\/shop\/bade-natural-mens-garage-naturalus-rutulinis-dezodorantas-vyrams-50-ml\/","og_locale":"en_GB","og_type":"article","og_title":"BADE NATURAL MEN\u2019S GARAGE nat\u016bralus rutulinis dezodorantas vyrams, 50 ml - MalinaShop.lt J\u016bs\u0173 sveikatai ir gro\u017eiui.","og_description":"BADE NATURAL MEN\u2019S GARAGE \u2013 nat\u016bralus rutulinis dezodorantas vyrams be aliuminio. Saugo nuo kvapo, dr\u0117kina od\u0105 ir suteikia gaiv\u0173 citrus\u0173\u2013medienos aromat\u0105.","og_url":"https:\/\/www.malinashop.lt\/en\/shop\/bade-natural-mens-garage-naturalus-rutulinis-dezodorantas-vyrams-50-ml\/","og_site_name":"MalinaShop.lt J\u016bs\u0173 sveikatai ir gro\u017eiui.","article_modified_time":"2026-04-07T19:18:33+00:00","og_image":[{"width":768,"height":768,"url":"https:\/\/www.malinashop.lt\/wp-content\/uploads\/2026\/01\/BADE-NATURAL-MENS-GARAGE-naturalus-rutulinis-dezodorantas-vyrams-50-ml.webp","type":"image\/webp"}],"twitter_card":"summary_large_image","schema":{"@context":"https:\/\/schema.org","@graph":[{"@type":"WebPage","@id":"https:\/\/www.malinashop.lt\/en\/shop\/bade-natural-mens-garage-naturalus-rutulinis-dezodorantas-vyrams-50-ml\/","url":"https:\/\/www.malinashop.lt\/en\/shop\/bade-natural-mens-garage-naturalus-rutulinis-dezodorantas-vyrams-50-ml\/","name":"BADE NATURAL MEN\u2019S GARAGE nat\u016bralus rutulinis dezodorantas vyrams, 50 ml - MalinaShop.lt J\u016bs\u0173 sveikatai ir gro\u017eiui.","isPartOf":{"@id":"https:\/\/www.malinashop.lt\/en\/#website"},"primaryImageOfPage":{"@id":"https:\/\/www.malinashop.lt\/en\/shop\/bade-natural-mens-garage-naturalus-rutulinis-dezodorantas-vyrams-50-ml\/#primaryimage"},"image":{"@id":"https:\/\/www.malinashop.lt\/en\/shop\/bade-natural-mens-garage-naturalus-rutulinis-dezodorantas-vyrams-50-ml\/#primaryimage"},"thumbnailUrl":"https:\/\/www.malinashop.lt\/wp-content\/uploads\/2026\/01\/BADE-NATURAL-MENS-GARAGE-naturalus-rutulinis-dezodorantas-vyrams-50-ml.webp","datePublished":"2026-01-08T21:52:59+00:00","dateModified":"2026-04-07T19:18:33+00:00","description":"BADE NATURAL MEN\u2019S GARAGE \u2013 nat\u016bralus rutulinis dezodorantas vyrams be aliuminio. Saugo nuo kvapo, dr\u0117kina od\u0105 ir suteikia gaiv\u0173 citrus\u0173\u2013medienos aromat\u0105.","breadcrumb":{"@id":"https:\/\/www.malinashop.lt\/en\/shop\/bade-natural-mens-garage-naturalus-rutulinis-dezodorantas-vyrams-50-ml\/#breadcrumb"},"inLanguage":"en-GB","potentialAction":[{"@type":"ReadAction","target":["https:\/\/www.malinashop.lt\/en\/shop\/bade-natural-mens-garage-naturalus-rutulinis-dezodorantas-vyrams-50-ml\/"]}]},{"@type":"ImageObject","inLanguage":"en-GB","@id":"https:\/\/www.malinashop.lt\/en\/shop\/bade-natural-mens-garage-naturalus-rutulinis-dezodorantas-vyrams-50-ml\/#primaryimage","url":"https:\/\/www.malinashop.lt\/wp-content\/uploads\/2026\/01\/BADE-NATURAL-MENS-GARAGE-naturalus-rutulinis-dezodorantas-vyrams-50-ml.webp","contentUrl":"https:\/\/www.malinashop.lt\/wp-content\/uploads\/2026\/01\/BADE-NATURAL-MENS-GARAGE-naturalus-rutulinis-dezodorantas-vyrams-50-ml.webp","width":768,"height":768},{"@type":"BreadcrumbList","@id":"https:\/\/www.malinashop.lt\/en\/shop\/bade-natural-mens-garage-naturalus-rutulinis-dezodorantas-vyrams-50-ml\/#breadcrumb","itemListElement":[{"@type":"ListItem","position":1,"name":"Home","item":"https:\/\/www.malinashop.lt\/en\/"},{"@type":"ListItem","position":2,"name":"Parduotuv\u0117","item":"https:\/\/www.malinashop.lt\/en\/parduotuve\/"},{"@type":"ListItem","position":3,"name":"BADE NATURAL MEN\u2019S GARAGE nat\u016bralus rutulinis dezodorantas vyrams, 50 ml"}]},{"@type":"WebSite","@id":"https:\/\/www.malinashop.lt\/en\/#website","url":"https:\/\/www.malinashop.lt\/en\/","name":"COM Group Ecommerce","description":"MalinaShop.lt - Gro\u017eio ir sveikatos produktai i\u0161 patikim\u0173 preki\u0173 \u017eenkl\u0173. Atraskite auk\u0161tos kokyb\u0117s kosmetik\u0105 u\u017e puiki\u0105 kain\u0105.","publisher":{"@id":"https:\/\/www.malinashop.lt\/en\/#organization"},"potentialAction":[{"@type":"SearchAction","target":{"@type":"EntryPoint","urlTemplate":"https:\/\/www.malinashop.lt\/en\/?s={search_term_string}"},"query-input":{"@type":"PropertyValueSpecification","valueRequired":true,"valueName":"search_term_string"}}],"inLanguage":"en-GB"},{"@type":"Organization","@id":"https:\/\/www.malinashop.lt\/en\/#organization","name":"COM Group Ecommerce","url":"https:\/\/www.malinashop.lt\/en\/","logo":{"@type":"ImageObject","inLanguage":"en-GB","@id":"https:\/\/www.malinashop.lt\/en\/#\/schema\/logo\/image\/","url":"https:\/\/www.malinashop.lt\/wp-content\/uploads\/2024\/08\/462559670_3787732518133670_9795632669273463_n-e1731525914575.png","contentUrl":"https:\/\/www.malinashop.lt\/wp-content\/uploads\/2024\/08\/462559670_3787732518133670_9795632669273463_n-e1731525914575.png","width":180,"height":60,"caption":"COM Group Ecommerce"},"image":{"@id":"https:\/\/www.malinashop.lt\/en\/#\/schema\/logo\/image\/"}}]}},"jetpack_sharing_enabled":true,"_links":{"self":[{"href":"https:\/\/www.malinashop.lt\/en\/wp-json\/wp\/v2\/product\/73089","targetHints":{"allow":["GET"]}}],"collection":[{"href":"https:\/\/www.malinashop.lt\/en\/wp-json\/wp\/v2\/product"}],"about":[{"href":"https:\/\/www.malinashop.lt\/en\/wp-json\/wp\/v2\/types\/product"}],"version-history":[{"count":1,"href":"https:\/\/www.malinashop.lt\/en\/wp-json\/wp\/v2\/product\/73089\/revisions"}],"predecessor-version":[{"id":73091,"href":"https:\/\/www.malinashop.lt\/en\/wp-json\/wp\/v2\/product\/73089\/revisions\/73091"}],"wp:featuredmedia":[{"embeddable":true,"href":"https:\/\/www.malinashop.lt\/en\/wp-json\/wp\/v2\/media\/73090"}],"wp:attachment":[{"href":"https:\/\/www.malinashop.lt\/en\/wp-json\/wp\/v2\/media?parent=73089"}],"wp:term":[{"taxonomy":"product_brand","embeddable":true,"href":"https:\/\/www.malinashop.lt\/en\/wp-json\/wp\/v2\/product_brand?post=73089"},{"taxonomy":"product_cat","embeddable":true,"href":"https:\/\/www.malinashop.lt\/en\/wp-json\/wp\/v2\/product_cat?post=73089"},{"taxonomy":"product_tag","embeddable":true,"href":"https:\/\/www.malinashop.lt\/en\/wp-json\/wp\/v2\/product_tag?post=73089"}],"curies":[{"name":"wp","href":"https:\/\/api.w.org\/{rel}","templated":true}]}}