{"id":73083,"date":"2026-01-09T00:48:25","date_gmt":"2026-01-08T21:48:25","guid":{"rendered":"https:\/\/malinashop.lt\/?post_type=product&#038;p=73083"},"modified":"2026-04-07T22:18:34","modified_gmt":"2026-04-07T19:18:34","slug":"bade-natural-balinamasis-rutulinis-dezodorantas-whitening-roll-on-50-ml","status":"publish","type":"product","link":"https:\/\/www.malinashop.lt\/en\/shop\/bade-natural-balinamasis-rutulinis-dezodorantas-whitening-roll-on-50-ml\/","title":{"rendered":"BADE NATURAL balinamasis rutulinis dezodorantas WHITENING ROLL-ON, 50 ml"},"content":{"rendered":"<p data-start=\"413\" data-end=\"812\">BADE NATURAL <strong data-start=\"449\" data-end=\"505\">balinamasis rutulinis dezodorantas WHITENING ROLL-ON<\/strong> sukurtas kasdienei pa\u017east\u0173 odos prie\u017ei\u016brai, kai norisi ne tik apsaugos nuo nemalonaus kvapo, bet ir <strong data-start=\"606\" data-end=\"647\">tolygesn\u0117s, \u0161viesesn\u0117s odos i\u0161vaizdos<\/strong>. Alkoholio neturinti formul\u0117 su <strong data-start=\"680\" data-end=\"715\">100 % nat\u016braliais ingredientais<\/strong> \u0161velniai pri\u017ei\u016bri od\u0105, jos nedirgina, nekem\u0161a por\u0173 ir nepa\u017eeid\u017eia nat\u016bralaus apsauginio barjero.<\/p>\n<p data-start=\"814\" data-end=\"893\"><strong data-start=\"814\" data-end=\"859\">Kvapo kontrol\u0117 ir antibakterinis poveikis<\/strong><br data-start=\"859\" data-end=\"862\" \/>Dezodoranto sud\u0117tyje esantys:<\/p>\n<ul data-start=\"894\" data-end=\"996\">\n<li data-start=\"894\" data-end=\"923\">\n<p data-start=\"896\" data-end=\"923\"><strong data-start=\"896\" data-end=\"920\">persimon\u0173 ekstraktas<\/strong>,<\/p>\n<\/li>\n<li data-start=\"924\" data-end=\"956\">\n<p data-start=\"926\" data-end=\"956\"><strong data-start=\"926\" data-end=\"953\">miros dervos ekstraktas<\/strong>,<\/p>\n<\/li>\n<li data-start=\"957\" data-end=\"996\">\n<p data-start=\"959\" data-end=\"996\"><strong data-start=\"959\" data-end=\"994\">Usnea Barbata kerp\u0117s ekstraktas<\/strong><\/p>\n<\/li>\n<\/ul>\n<p data-start=\"998\" data-end=\"1190\">padeda nat\u016braliai <strong data-start=\"1016\" data-end=\"1043\">slopinti nemalon\u0173 kvap\u0105<\/strong>, pasi\u017eymi <strong data-start=\"1054\" data-end=\"1081\">antibakteriniu poveikiu<\/strong> ir palaiko <strong data-start=\"1093\" data-end=\"1119\">sveik\u0105 odos mikrobiom\u0105<\/strong>, tod\u0117l pa\u017east\u0173 sritis i\u0161lieka gaivi ir pri\u017ei\u016br\u0117ta visos dienos eigoje.<\/p>\n<p data-start=\"1192\" data-end=\"1342\"><strong data-start=\"1192\" data-end=\"1233\">\u0160viesinantis ir atkuriamasis poveikis<\/strong><br data-start=\"1233\" data-end=\"1236\" \/>Dezodorantas neapsiriboja kvapo kontrole \u2013 jis veikia ir kaip <strong data-start=\"1298\" data-end=\"1339\">\u0161velni balinamoji prie\u017ei\u016bros priemon\u0117<\/strong>:<\/p>\n<ul data-start=\"1343\" data-end=\"1759\">\n<li data-start=\"1343\" data-end=\"1471\">\n<p data-start=\"1345\" data-end=\"1471\"><strong data-start=\"1345\" data-end=\"1358\">Aloe vera<\/strong> intensyviai dr\u0117kina, ramina ir padeda atkurti jautri\u0105, da\u017enai skutimosi ar depiliacijos dirginam\u0105 pa\u017east\u0173 od\u0105;<\/p>\n<\/li>\n<li data-start=\"1472\" data-end=\"1759\">\n<p data-start=\"1474\" data-end=\"1759\"><strong data-start=\"1474\" data-end=\"1503\">ridik\u0117li\u0173 \u0161akn\u0173 fermentas<\/strong> ir <strong data-start=\"1507\" data-end=\"1541\">saldymed\u017eio \u0161aknies ekstraktas<\/strong> \u2013 nat\u016bral\u016bs vitamin\u0173 A ir C \u0161altiniai, turintys <strong data-start=\"1590\" data-end=\"1623\">stipr\u0173 antioksidacin\u012f poveik\u012f<\/strong>. Jie padeda ma\u017einti <strong data-start=\"1644\" data-end=\"1660\">patams\u0117jimus<\/strong>, palaikyti <strong data-start=\"1672\" data-end=\"1695\">tolygi\u0105 odos spalv\u0105<\/strong> ir \u0161velniai balinti pa\u017east\u0173 srit\u012f, neagresyviai veikiant od\u0105.<\/p>\n<\/li>\n<\/ul>\n<p data-start=\"1761\" data-end=\"1841\">Reguliariai naudojant oda tampa <strong data-start=\"1793\" data-end=\"1840\">\u0161velnesn\u0117, tolygesn\u0117 ir vizualiai \u0161viesesn\u0117<\/strong>.<\/p>\n<p data-start=\"1843\" data-end=\"2073\"><strong data-start=\"1843\" data-end=\"1885\">Nat\u016bralus kvapas be sintetini\u0173 aromat\u0173<\/strong><br data-start=\"1885\" data-end=\"1888\" \/>Formul\u0117je esantys <strong data-start=\"1906\" data-end=\"1951\">pipirm\u0117\u010di\u0173 ir geranium\u0173 eteriniai aliejai<\/strong> suteikia lengv\u0105, gaiv\u0173, nat\u016bral\u0173 kvap\u0105 \u2013 be sintetini\u0173 kvapikli\u0173. Kvapas subtilus, ne\u012fkyrus, puikiai tinkantis kasdienai.<\/p>\n<p data-start=\"2075\" data-end=\"2090\">Dezodorantas:<\/p>\n<ul data-start=\"2091\" data-end=\"2230\">\n<li data-start=\"2091\" data-end=\"2140\">\n<p data-start=\"2093\" data-end=\"2140\"><strong data-start=\"2093\" data-end=\"2137\">netrikdo nat\u016bralaus prakaitavimo proceso<\/strong>,<\/p>\n<\/li>\n<li data-start=\"2141\" data-end=\"2161\">\n<p data-start=\"2143\" data-end=\"2161\">neblokuoja por\u0173,<\/p>\n<\/li>\n<li data-start=\"2162\" data-end=\"2191\">\n<p data-start=\"2164\" data-end=\"2191\">nepa\u017eeid\u017eia odos barjero,<\/p>\n<\/li>\n<li data-start=\"2192\" data-end=\"2230\">\n<p data-start=\"2194\" data-end=\"2230\">tinka net <strong data-start=\"2204\" data-end=\"2229\">jautriai pa\u017east\u0173 odai<\/strong>.<\/p>\n<\/li>\n<\/ul>\n<p data-start=\"2232\" data-end=\"2364\">Tai priemon\u0117, kuri kiekvien\u0105 dien\u0105 atlieka ne tik <strong data-start=\"2282\" data-end=\"2306\">dezodoranto funkcij\u0105<\/strong>, bet ir <strong data-start=\"2315\" data-end=\"2363\">\u0161veln\u0173, atkuriam\u0105j\u012f odos puosel\u0117jimo ritual\u0105<\/strong>.<\/p>\n<p data-start=\"2366\" data-end=\"2395\"><strong data-start=\"2366\" data-end=\"2393\">Pagrindiniai privalumai<\/strong><\/p>\n<ul data-start=\"2396\" data-end=\"2853\">\n<li data-start=\"2396\" data-end=\"2436\">\n<p data-start=\"2398\" data-end=\"2436\">100 % nat\u016brali, be alkoholio formul\u0117<\/p>\n<\/li>\n<li data-start=\"2437\" data-end=\"2511\">\n<p data-start=\"2439\" data-end=\"2511\">\u0160velniai <strong data-start=\"2448\" data-end=\"2479\">ma\u017eina pa\u017east\u0173 patams\u0117jimus<\/strong>, padeda tolyginti odos spalv\u0105<\/p>\n<\/li>\n<li data-start=\"2512\" data-end=\"2566\">\n<p data-start=\"2514\" data-end=\"2566\">Slopina nemalon\u0173 kvap\u0105, turi antibakterin\u012f poveik\u012f<\/p>\n<\/li>\n<li data-start=\"2567\" data-end=\"2624\">\n<p data-start=\"2569\" data-end=\"2624\">Dr\u0117kina, ramina ir padeda atkurti jautri\u0105 pa\u017east\u0173 od\u0105<\/p>\n<\/li>\n<li data-start=\"2625\" data-end=\"2692\">\n<p data-start=\"2627\" data-end=\"2692\">Su aloe vera, ridik\u0117li\u0173 \u0161akn\u0173 fermentu ir saldymed\u017eio ekstraktu<\/p>\n<\/li>\n<li data-start=\"2693\" data-end=\"2755\">\n<p data-start=\"2695\" data-end=\"2755\">Su nat\u016braliais pipirm\u0117\u010di\u0173 ir geranium\u0173 eteriniais aliejais<\/p>\n<\/li>\n<li data-start=\"2756\" data-end=\"2806\">\n<p data-start=\"2758\" data-end=\"2806\">Nekem\u0161a por\u0173, netrikdo nat\u016bralaus prakaitavimo<\/p>\n<\/li>\n<li data-start=\"2807\" data-end=\"2853\">\n<p data-start=\"2809\" data-end=\"2853\">Tinka kasdieniam naudojimui ir jautriai odai<\/p>\n<\/li>\n<\/ul>\n<p data-start=\"2855\" data-end=\"3061\"><strong data-start=\"2855\" data-end=\"2869\">Naudojimas<\/strong><br data-start=\"2869\" data-end=\"2872\" \/>Tepkite dezodorant\u0105 <strong data-start=\"2892\" data-end=\"2928\">ant \u0161varios, sausos pa\u017east\u0173 odos<\/strong>. Palaukite, kol priemon\u0117 visi\u0161kai \u012fsigers prie\u0161 apsirengdami. Jei reikia, pakartotinai u\u017etepkite dienos metu. Tinka naudoti kasdien.<\/p>\n","protected":false},"excerpt":{"rendered":"<p>BADE NATURAL WHITENING ROLL-ON \u2013 balinamasis rutulinis dezodorantas su 100 % nat\u016braliais ingredientais. \u0160velniai ma\u017eina pa\u017east\u0173 patams\u0117jimus, dr\u0117kina, ramina od\u0105 ir suteikia veiksming\u0105, bet \u0161velni\u0105 apsaug\u0105 nuo nemalonaus kvapo be alkoholio ir sintetini\u0173 kvapikli\u0173.<\/p>\n","protected":false},"featured_media":73084,"template":"","meta":[],"product_brand":[1571],"product_cat":[543,731],"product_tag":[1592],"class_list":{"0":"post-73083","1":"product","2":"type-product","3":"status-publish","4":"has-post-thumbnail","6":"product_brand-bade-natural","7":"product_cat-dezodorantai","8":"product_cat-kunui","9":"product_tag-bade-natural","11":"first","12":"instock","13":"sale","14":"taxable","15":"shipping-taxable","16":"purchasable","17":"product-type-simple"},"yoast_head":"<!-- This site is optimized with the Yoast SEO plugin v27.4 - https:\/\/yoast.com\/product\/yoast-seo-wordpress\/ -->\n<title>BADE NATURAL balinamasis rutulinis dezodorantas WHITENING ROLL-ON, 50 ml - MalinaShop.lt J\u016bs\u0173 sveikatai ir gro\u017eiui.<\/title>\n<meta name=\"description\" content=\"BADE NATURAL WHITENING ROLL-ON \u2013 nat\u016bralus balinamasis rutulinis dezodorantas be alkoholio. Ma\u017eina pa\u017east\u0173 patams\u0117jimus, ramina od\u0105 ir saugo nuo nemalonaus kvapo.\" \/>\n<meta name=\"robots\" content=\"index, follow, max-snippet:-1, max-image-preview:large, max-video-preview:-1\" \/>\n<link rel=\"canonical\" href=\"https:\/\/www.malinashop.lt\/en\/shop\/bade-natural-balinamasis-rutulinis-dezodorantas-whitening-roll-on-50-ml\/\" \/>\n<meta property=\"og:locale\" content=\"en_GB\" \/>\n<meta property=\"og:type\" content=\"article\" \/>\n<meta property=\"og:title\" content=\"BADE NATURAL balinamasis rutulinis dezodorantas WHITENING ROLL-ON, 50 ml - MalinaShop.lt J\u016bs\u0173 sveikatai ir gro\u017eiui.\" \/>\n<meta property=\"og:description\" content=\"BADE NATURAL WHITENING ROLL-ON \u2013 nat\u016bralus balinamasis rutulinis dezodorantas be alkoholio. Ma\u017eina pa\u017east\u0173 patams\u0117jimus, ramina od\u0105 ir saugo nuo nemalonaus kvapo.\" \/>\n<meta property=\"og:url\" content=\"https:\/\/www.malinashop.lt\/en\/shop\/bade-natural-balinamasis-rutulinis-dezodorantas-whitening-roll-on-50-ml\/\" \/>\n<meta property=\"og:site_name\" content=\"MalinaShop.lt J\u016bs\u0173 sveikatai ir gro\u017eiui.\" \/>\n<meta property=\"article:modified_time\" content=\"2026-04-07T19:18:34+00:00\" \/>\n<meta property=\"og:image\" content=\"https:\/\/www.malinashop.lt\/wp-content\/uploads\/2026\/01\/BADE-NATURAL-balinamasis-rutulinis-dezodorantas-WHITENING-ROLL-ON-50-ml.webp\" \/>\n\t<meta property=\"og:image:width\" content=\"768\" \/>\n\t<meta property=\"og:image:height\" content=\"768\" \/>\n\t<meta property=\"og:image:type\" content=\"image\/webp\" \/>\n<meta name=\"twitter:card\" content=\"summary_large_image\" \/>\n<script type=\"application\/ld+json\" class=\"yoast-schema-graph\">{\"@context\":\"https:\\\/\\\/schema.org\",\"@graph\":[{\"@type\":\"WebPage\",\"@id\":\"https:\\\/\\\/www.malinashop.lt\\\/lt_lt\\\/shop\\\/bade-natural-balinamasis-rutulinis-dezodorantas-whitening-roll-on-50-ml\\\/\",\"url\":\"https:\\\/\\\/www.malinashop.lt\\\/lt_lt\\\/shop\\\/bade-natural-balinamasis-rutulinis-dezodorantas-whitening-roll-on-50-ml\\\/\",\"name\":\"BADE NATURAL balinamasis rutulinis dezodorantas WHITENING ROLL-ON, 50 ml - MalinaShop.lt J\u016bs\u0173 sveikatai ir gro\u017eiui.\",\"isPartOf\":{\"@id\":\"https:\\\/\\\/www.malinashop.lt\\\/#website\"},\"primaryImageOfPage\":{\"@id\":\"https:\\\/\\\/www.malinashop.lt\\\/lt_lt\\\/shop\\\/bade-natural-balinamasis-rutulinis-dezodorantas-whitening-roll-on-50-ml\\\/#primaryimage\"},\"image\":{\"@id\":\"https:\\\/\\\/www.malinashop.lt\\\/lt_lt\\\/shop\\\/bade-natural-balinamasis-rutulinis-dezodorantas-whitening-roll-on-50-ml\\\/#primaryimage\"},\"thumbnailUrl\":\"https:\\\/\\\/www.malinashop.lt\\\/wp-content\\\/uploads\\\/2026\\\/01\\\/BADE-NATURAL-balinamasis-rutulinis-dezodorantas-WHITENING-ROLL-ON-50-ml.webp\",\"datePublished\":\"2026-01-08T21:48:25+00:00\",\"dateModified\":\"2026-04-07T19:18:34+00:00\",\"description\":\"BADE NATURAL WHITENING ROLL-ON \u2013 nat\u016bralus balinamasis rutulinis dezodorantas be alkoholio. Ma\u017eina pa\u017east\u0173 patams\u0117jimus, ramina od\u0105 ir saugo nuo nemalonaus kvapo.\",\"breadcrumb\":{\"@id\":\"https:\\\/\\\/www.malinashop.lt\\\/lt_lt\\\/shop\\\/bade-natural-balinamasis-rutulinis-dezodorantas-whitening-roll-on-50-ml\\\/#breadcrumb\"},\"inLanguage\":\"en-GB\",\"potentialAction\":[{\"@type\":\"ReadAction\",\"target\":[\"https:\\\/\\\/www.malinashop.lt\\\/lt_lt\\\/shop\\\/bade-natural-balinamasis-rutulinis-dezodorantas-whitening-roll-on-50-ml\\\/\"]}]},{\"@type\":\"ImageObject\",\"inLanguage\":\"en-GB\",\"@id\":\"https:\\\/\\\/www.malinashop.lt\\\/lt_lt\\\/shop\\\/bade-natural-balinamasis-rutulinis-dezodorantas-whitening-roll-on-50-ml\\\/#primaryimage\",\"url\":\"https:\\\/\\\/www.malinashop.lt\\\/wp-content\\\/uploads\\\/2026\\\/01\\\/BADE-NATURAL-balinamasis-rutulinis-dezodorantas-WHITENING-ROLL-ON-50-ml.webp\",\"contentUrl\":\"https:\\\/\\\/www.malinashop.lt\\\/wp-content\\\/uploads\\\/2026\\\/01\\\/BADE-NATURAL-balinamasis-rutulinis-dezodorantas-WHITENING-ROLL-ON-50-ml.webp\",\"width\":768,\"height\":768},{\"@type\":\"BreadcrumbList\",\"@id\":\"https:\\\/\\\/www.malinashop.lt\\\/lt_lt\\\/shop\\\/bade-natural-balinamasis-rutulinis-dezodorantas-whitening-roll-on-50-ml\\\/#breadcrumb\",\"itemListElement\":[{\"@type\":\"ListItem\",\"position\":1,\"name\":\"Pagrindinis\",\"item\":\"https:\\\/\\\/www.malinashop.lt\\\/\"},{\"@type\":\"ListItem\",\"position\":2,\"name\":\"Parduotuv\u0117\",\"item\":\"https:\\\/\\\/www.malinashop.lt\\\/en\\\/parduotuve\\\/\"},{\"@type\":\"ListItem\",\"position\":3,\"name\":\"BADE NATURAL balinamasis rutulinis dezodorantas WHITENING ROLL-ON, 50 ml\"}]},{\"@type\":\"WebSite\",\"@id\":\"https:\\\/\\\/www.malinashop.lt\\\/#website\",\"url\":\"https:\\\/\\\/www.malinashop.lt\\\/\",\"name\":\"COM Group Ecommerce\",\"description\":\"MalinaShop.lt - Gro\u017eio ir sveikatos produktai i\u0161 patikim\u0173 preki\u0173 \u017eenkl\u0173. Atraskite auk\u0161tos kokyb\u0117s kosmetik\u0105 u\u017e puiki\u0105 kain\u0105.\",\"publisher\":{\"@id\":\"https:\\\/\\\/www.malinashop.lt\\\/#organization\"},\"potentialAction\":[{\"@type\":\"SearchAction\",\"target\":{\"@type\":\"EntryPoint\",\"urlTemplate\":\"https:\\\/\\\/www.malinashop.lt\\\/?s={search_term_string}\"},\"query-input\":{\"@type\":\"PropertyValueSpecification\",\"valueRequired\":true,\"valueName\":\"search_term_string\"}}],\"inLanguage\":\"en-GB\"},{\"@type\":\"Organization\",\"@id\":\"https:\\\/\\\/www.malinashop.lt\\\/#organization\",\"name\":\"COM Group Ecommerce\",\"url\":\"https:\\\/\\\/www.malinashop.lt\\\/\",\"logo\":{\"@type\":\"ImageObject\",\"inLanguage\":\"en-GB\",\"@id\":\"https:\\\/\\\/www.malinashop.lt\\\/#\\\/schema\\\/logo\\\/image\\\/\",\"url\":\"https:\\\/\\\/www.malinashop.lt\\\/wp-content\\\/uploads\\\/2024\\\/08\\\/462559670_3787732518133670_9795632669273463_n-e1731525914575.png\",\"contentUrl\":\"https:\\\/\\\/www.malinashop.lt\\\/wp-content\\\/uploads\\\/2024\\\/08\\\/462559670_3787732518133670_9795632669273463_n-e1731525914575.png\",\"width\":180,\"height\":60,\"caption\":\"COM Group Ecommerce\"},\"image\":{\"@id\":\"https:\\\/\\\/www.malinashop.lt\\\/#\\\/schema\\\/logo\\\/image\\\/\"}}]}<\/script>\n<!-- \/ Yoast SEO plugin. -->","yoast_head_json":{"title":"BADE NATURAL balinamasis rutulinis dezodorantas WHITENING ROLL-ON, 50 ml - MalinaShop.lt J\u016bs\u0173 sveikatai ir gro\u017eiui.","description":"BADE NATURAL WHITENING ROLL-ON \u2013 nat\u016bralus balinamasis rutulinis dezodorantas be alkoholio. Ma\u017eina pa\u017east\u0173 patams\u0117jimus, ramina od\u0105 ir saugo nuo nemalonaus kvapo.","robots":{"index":"index","follow":"follow","max-snippet":"max-snippet:-1","max-image-preview":"max-image-preview:large","max-video-preview":"max-video-preview:-1"},"canonical":"https:\/\/www.malinashop.lt\/en\/shop\/bade-natural-balinamasis-rutulinis-dezodorantas-whitening-roll-on-50-ml\/","og_locale":"en_GB","og_type":"article","og_title":"BADE NATURAL balinamasis rutulinis dezodorantas WHITENING ROLL-ON, 50 ml - MalinaShop.lt J\u016bs\u0173 sveikatai ir gro\u017eiui.","og_description":"BADE NATURAL WHITENING ROLL-ON \u2013 nat\u016bralus balinamasis rutulinis dezodorantas be alkoholio. Ma\u017eina pa\u017east\u0173 patams\u0117jimus, ramina od\u0105 ir saugo nuo nemalonaus kvapo.","og_url":"https:\/\/www.malinashop.lt\/en\/shop\/bade-natural-balinamasis-rutulinis-dezodorantas-whitening-roll-on-50-ml\/","og_site_name":"MalinaShop.lt J\u016bs\u0173 sveikatai ir gro\u017eiui.","article_modified_time":"2026-04-07T19:18:34+00:00","og_image":[{"width":768,"height":768,"url":"https:\/\/www.malinashop.lt\/wp-content\/uploads\/2026\/01\/BADE-NATURAL-balinamasis-rutulinis-dezodorantas-WHITENING-ROLL-ON-50-ml.webp","type":"image\/webp"}],"twitter_card":"summary_large_image","schema":{"@context":"https:\/\/schema.org","@graph":[{"@type":"WebPage","@id":"https:\/\/www.malinashop.lt\/lt_lt\/shop\/bade-natural-balinamasis-rutulinis-dezodorantas-whitening-roll-on-50-ml\/","url":"https:\/\/www.malinashop.lt\/lt_lt\/shop\/bade-natural-balinamasis-rutulinis-dezodorantas-whitening-roll-on-50-ml\/","name":"BADE NATURAL balinamasis rutulinis dezodorantas WHITENING ROLL-ON, 50 ml - MalinaShop.lt J\u016bs\u0173 sveikatai ir gro\u017eiui.","isPartOf":{"@id":"https:\/\/www.malinashop.lt\/#website"},"primaryImageOfPage":{"@id":"https:\/\/www.malinashop.lt\/lt_lt\/shop\/bade-natural-balinamasis-rutulinis-dezodorantas-whitening-roll-on-50-ml\/#primaryimage"},"image":{"@id":"https:\/\/www.malinashop.lt\/lt_lt\/shop\/bade-natural-balinamasis-rutulinis-dezodorantas-whitening-roll-on-50-ml\/#primaryimage"},"thumbnailUrl":"https:\/\/www.malinashop.lt\/wp-content\/uploads\/2026\/01\/BADE-NATURAL-balinamasis-rutulinis-dezodorantas-WHITENING-ROLL-ON-50-ml.webp","datePublished":"2026-01-08T21:48:25+00:00","dateModified":"2026-04-07T19:18:34+00:00","description":"BADE NATURAL WHITENING ROLL-ON \u2013 nat\u016bralus balinamasis rutulinis dezodorantas be alkoholio. Ma\u017eina pa\u017east\u0173 patams\u0117jimus, ramina od\u0105 ir saugo nuo nemalonaus kvapo.","breadcrumb":{"@id":"https:\/\/www.malinashop.lt\/lt_lt\/shop\/bade-natural-balinamasis-rutulinis-dezodorantas-whitening-roll-on-50-ml\/#breadcrumb"},"inLanguage":"en-GB","potentialAction":[{"@type":"ReadAction","target":["https:\/\/www.malinashop.lt\/lt_lt\/shop\/bade-natural-balinamasis-rutulinis-dezodorantas-whitening-roll-on-50-ml\/"]}]},{"@type":"ImageObject","inLanguage":"en-GB","@id":"https:\/\/www.malinashop.lt\/lt_lt\/shop\/bade-natural-balinamasis-rutulinis-dezodorantas-whitening-roll-on-50-ml\/#primaryimage","url":"https:\/\/www.malinashop.lt\/wp-content\/uploads\/2026\/01\/BADE-NATURAL-balinamasis-rutulinis-dezodorantas-WHITENING-ROLL-ON-50-ml.webp","contentUrl":"https:\/\/www.malinashop.lt\/wp-content\/uploads\/2026\/01\/BADE-NATURAL-balinamasis-rutulinis-dezodorantas-WHITENING-ROLL-ON-50-ml.webp","width":768,"height":768},{"@type":"BreadcrumbList","@id":"https:\/\/www.malinashop.lt\/lt_lt\/shop\/bade-natural-balinamasis-rutulinis-dezodorantas-whitening-roll-on-50-ml\/#breadcrumb","itemListElement":[{"@type":"ListItem","position":1,"name":"Pagrindinis","item":"https:\/\/www.malinashop.lt\/"},{"@type":"ListItem","position":2,"name":"Parduotuv\u0117","item":"https:\/\/www.malinashop.lt\/en\/parduotuve\/"},{"@type":"ListItem","position":3,"name":"BADE NATURAL balinamasis rutulinis dezodorantas WHITENING ROLL-ON, 50 ml"}]},{"@type":"WebSite","@id":"https:\/\/www.malinashop.lt\/#website","url":"https:\/\/www.malinashop.lt\/","name":"COM Group Ecommerce","description":"MalinaShop.lt - Gro\u017eio ir sveikatos produktai i\u0161 patikim\u0173 preki\u0173 \u017eenkl\u0173. Atraskite auk\u0161tos kokyb\u0117s kosmetik\u0105 u\u017e puiki\u0105 kain\u0105.","publisher":{"@id":"https:\/\/www.malinashop.lt\/#organization"},"potentialAction":[{"@type":"SearchAction","target":{"@type":"EntryPoint","urlTemplate":"https:\/\/www.malinashop.lt\/?s={search_term_string}"},"query-input":{"@type":"PropertyValueSpecification","valueRequired":true,"valueName":"search_term_string"}}],"inLanguage":"en-GB"},{"@type":"Organization","@id":"https:\/\/www.malinashop.lt\/#organization","name":"COM Group Ecommerce","url":"https:\/\/www.malinashop.lt\/","logo":{"@type":"ImageObject","inLanguage":"en-GB","@id":"https:\/\/www.malinashop.lt\/#\/schema\/logo\/image\/","url":"https:\/\/www.malinashop.lt\/wp-content\/uploads\/2024\/08\/462559670_3787732518133670_9795632669273463_n-e1731525914575.png","contentUrl":"https:\/\/www.malinashop.lt\/wp-content\/uploads\/2024\/08\/462559670_3787732518133670_9795632669273463_n-e1731525914575.png","width":180,"height":60,"caption":"COM Group Ecommerce"},"image":{"@id":"https:\/\/www.malinashop.lt\/#\/schema\/logo\/image\/"}}]}},"jetpack_sharing_enabled":true,"_links":{"self":[{"href":"https:\/\/www.malinashop.lt\/en\/wp-json\/wp\/v2\/product\/73083","targetHints":{"allow":["GET"]}}],"collection":[{"href":"https:\/\/www.malinashop.lt\/en\/wp-json\/wp\/v2\/product"}],"about":[{"href":"https:\/\/www.malinashop.lt\/en\/wp-json\/wp\/v2\/types\/product"}],"version-history":[{"count":1,"href":"https:\/\/www.malinashop.lt\/en\/wp-json\/wp\/v2\/product\/73083\/revisions"}],"predecessor-version":[{"id":73085,"href":"https:\/\/www.malinashop.lt\/en\/wp-json\/wp\/v2\/product\/73083\/revisions\/73085"}],"wp:featuredmedia":[{"embeddable":true,"href":"https:\/\/www.malinashop.lt\/en\/wp-json\/wp\/v2\/media\/73084"}],"wp:attachment":[{"href":"https:\/\/www.malinashop.lt\/en\/wp-json\/wp\/v2\/media?parent=73083"}],"wp:term":[{"taxonomy":"product_brand","embeddable":true,"href":"https:\/\/www.malinashop.lt\/en\/wp-json\/wp\/v2\/product_brand?post=73083"},{"taxonomy":"product_cat","embeddable":true,"href":"https:\/\/www.malinashop.lt\/en\/wp-json\/wp\/v2\/product_cat?post=73083"},{"taxonomy":"product_tag","embeddable":true,"href":"https:\/\/www.malinashop.lt\/en\/wp-json\/wp\/v2\/product_tag?post=73083"}],"curies":[{"name":"wp","href":"https:\/\/api.w.org\/{rel}","templated":true}]}}